{"id":582,"date":"2024-02-22T10:02:11","date_gmt":"2024-02-22T09:02:11","guid":{"rendered":"https:\/\/pablogarrigos.com\/index.php\/product\/estuche-regalo-delicatessen-personalizado\/"},"modified":"2025-12-18T09:53:45","modified_gmt":"2025-12-18T08:53:45","slug":"panettone-de-turron","status":"publish","type":"product","link":"https:\/\/pablogarrigos.com\/it\/turrones\/premium\/panettone-de-turron\/","title":{"rendered":"Panettone de turr\u00f3n de Jijona"},"content":{"rendered":"<p>Farina <strong>grano<\/strong>, <strong>burro<\/strong>acqua, acqua, tuorlo d'uovo <strong>uovo<\/strong>, masa madre (harina y agua), az\u00facar, turr\u00f3n de Jijona (17,3%) (<strong>mandorla<\/strong> marcona tostata e selezionata 74%, miele di fiori d'arancio 17%, zucchero, zucchero bianco, fiori d'arancio bianchi <strong>uovo<\/strong>), cioccolato bianco (burro di cacao, zucchero, <strong>latte<\/strong> polvere e lecitina <strong>soia<\/strong>), olio extravergine di oliva, miele e sale. Ingredienti per la glassa: zucchero, albumi, miele e sale. <strong>uovo<\/strong>amido, amido di <strong>grano<\/strong>, <strong>mandorla<\/strong> e cacao.<\/p>\n<p><strong>Conservar en un lugar fresco y seco. 18\u00ba-25\u00baC.<\/strong><\/p>","protected":false},"excerpt":{"rendered":"<p>Il nuovo Panettone de Turr\u00f3n di Pablo Garrig\u00f3s \u00e8 una straordinaria sorpresa natalizia che vi porter\u00e0 in un viaggio dalla vecchia Italia al cuore di Jijona.<\/p>\n<p>Realizzato con lievito madre da agricoltura biologica, ingredienti naturali 100\u00d7100 e un processo puramente artigianale, questo panettone al torrone diventer\u00e0 il fulcro della vostra tavola natalizia.<\/p>","protected":false},"featured_media":588,"template":"","meta":{"_acf_changed":false,"inline_featured_image":false},"product_brand":[],"product_cat":[21,16,23,17,19,18],"product_tag":[],"class_list":{"0":"post-582","1":"product","2":"type-product","3":"status-publish","4":"has-post-thumbnail","6":"product_cat-delicatessen","7":"product_cat-pasteleria","8":"product_cat-pasteleria-delicatessen","9":"product_cat-pasteleria-premium","10":"product_cat-premium","11":"product_cat-turrones","13":"first","14":"outofstock","15":"taxable","16":"shipping-taxable","17":"purchasable","18":"product-type-simple"},"acf":[],"yoast_head":"<!-- This site is optimized with the Yoast SEO plugin v27.4 - https:\/\/yoast.com\/product\/yoast-seo-wordpress\/ -->\n<title>Panettone de turr\u00f3n de Jijona | Pablo Garrig\u00f3s Iba\u00f1ez<\/title>\n<meta name=\"description\" content=\"El Panettone de Turr\u00f3n Pablo Garrig\u00f3s Ib\u00e1\u00f1ez es una extraordinaria sorpresa gastron\u00f3mica que te llevar\u00e1 de viaje desde Jijona al coraz\u00f3n de la vieja Italia\" \/>\n<meta name=\"robots\" content=\"index, follow, max-snippet:-1, max-image-preview:large, max-video-preview:-1\" \/>\n<link rel=\"canonical\" href=\"https:\/\/pablogarrigos.com\/it\/pasteleria\/pasteleria-delicatessen\/panettone-de-turron\/\" \/>\n<meta property=\"og:locale\" content=\"it_IT\" \/>\n<meta property=\"og:type\" content=\"article\" \/>\n<meta property=\"og:title\" content=\"Panettone de turr\u00f3n de Jijona | Pablo Garrig\u00f3s Iba\u00f1ez\" \/>\n<meta property=\"og:description\" content=\"El Panettone de Turr\u00f3n Pablo Garrig\u00f3s Ib\u00e1\u00f1ez es una extraordinaria sorpresa gastron\u00f3mica que te llevar\u00e1 de viaje desde Jijona al coraz\u00f3n de la vieja Italia\" \/>\n<meta property=\"og:url\" content=\"https:\/\/pablogarrigos.com\/it\/pasteleria\/pasteleria-delicatessen\/panettone-de-turron\/\" \/>\n<meta property=\"og:site_name\" content=\"Pablo Garrig\u00f3s Iba\u00f1ez\" \/>\n<meta property=\"article:modified_time\" content=\"2025-12-18T08:53:45+00:00\" \/>\n<meta property=\"og:image\" content=\"https:\/\/pablogarrigos.com\/wp-content\/uploads\/2024\/02\/pan-1-WEB-1.jpg\" \/>\n\t<meta property=\"og:image:width\" content=\"600\" \/>\n\t<meta property=\"og:image:height\" content=\"600\" \/>\n\t<meta property=\"og:image:type\" content=\"image\/jpeg\" \/>\n<meta name=\"twitter:card\" content=\"summary_large_image\" \/>\n<meta name=\"twitter:label1\" content=\"Tempo di lettura stimato\" \/>\n\t<meta name=\"twitter:data1\" content=\"1 minuto\" \/>\n<script type=\"application\/ld+json\" class=\"yoast-schema-graph\">{\"@context\":\"https:\\\/\\\/schema.org\",\"@graph\":[{\"@type\":\"WebPage\",\"@id\":\"https:\\\/\\\/pablogarrigos.com\\\/pasteleria\\\/pasteleria-delicatessen\\\/panettone-de-turron\\\/\",\"url\":\"https:\\\/\\\/pablogarrigos.com\\\/pasteleria\\\/pasteleria-delicatessen\\\/panettone-de-turron\\\/\",\"name\":\"Panettone de turr\u00f3n de Jijona | Pablo Garrig\u00f3s Iba\u00f1ez\",\"isPartOf\":{\"@id\":\"https:\\\/\\\/pablogarrigos.com\\\/#website\"},\"primaryImageOfPage\":{\"@id\":\"https:\\\/\\\/pablogarrigos.com\\\/pasteleria\\\/pasteleria-delicatessen\\\/panettone-de-turron\\\/#primaryimage\"},\"image\":{\"@id\":\"https:\\\/\\\/pablogarrigos.com\\\/pasteleria\\\/pasteleria-delicatessen\\\/panettone-de-turron\\\/#primaryimage\"},\"thumbnailUrl\":\"https:\\\/\\\/pablogarrigos.com\\\/wp-content\\\/uploads\\\/2024\\\/02\\\/pan-1-WEB-1.jpg\",\"datePublished\":\"2024-02-22T09:02:11+00:00\",\"dateModified\":\"2025-12-18T08:53:45+00:00\",\"description\":\"El Panettone de Turr\u00f3n Pablo Garrig\u00f3s Ib\u00e1\u00f1ez es una extraordinaria sorpresa gastron\u00f3mica que te llevar\u00e1 de viaje desde Jijona al coraz\u00f3n de la vieja Italia\",\"breadcrumb\":{\"@id\":\"https:\\\/\\\/pablogarrigos.com\\\/pasteleria\\\/pasteleria-delicatessen\\\/panettone-de-turron\\\/#breadcrumb\"},\"inLanguage\":\"it-IT\",\"potentialAction\":[{\"@type\":\"ReadAction\",\"target\":[\"https:\\\/\\\/pablogarrigos.com\\\/pasteleria\\\/pasteleria-delicatessen\\\/panettone-de-turron\\\/\"]}]},{\"@type\":\"ImageObject\",\"inLanguage\":\"it-IT\",\"@id\":\"https:\\\/\\\/pablogarrigos.com\\\/pasteleria\\\/pasteleria-delicatessen\\\/panettone-de-turron\\\/#primaryimage\",\"url\":\"https:\\\/\\\/pablogarrigos.com\\\/wp-content\\\/uploads\\\/2024\\\/02\\\/pan-1-WEB-1.jpg\",\"contentUrl\":\"https:\\\/\\\/pablogarrigos.com\\\/wp-content\\\/uploads\\\/2024\\\/02\\\/pan-1-WEB-1.jpg\",\"width\":600,\"height\":600},{\"@type\":\"BreadcrumbList\",\"@id\":\"https:\\\/\\\/pablogarrigos.com\\\/pasteleria\\\/pasteleria-delicatessen\\\/panettone-de-turron\\\/#breadcrumb\",\"itemListElement\":[{\"@type\":\"ListItem\",\"position\":1,\"name\":\"Home\",\"item\":\"https:\\\/\\\/pablogarrigos.com\\\/en\\\/\"},{\"@type\":\"ListItem\",\"position\":2,\"name\":\"Tienda\",\"item\":\"https:\\\/\\\/pablogarrigos.com\\\/en\\\/tienda\\\/\"},{\"@type\":\"ListItem\",\"position\":3,\"name\":\"Panettone de turr\u00f3n de Jijona\"}]},{\"@type\":\"WebSite\",\"@id\":\"https:\\\/\\\/pablogarrigos.com\\\/#website\",\"url\":\"https:\\\/\\\/pablogarrigos.com\\\/\",\"name\":\"Pablo Garrig\u00f3s Iba\u00f1ez\",\"description\":\"El Sentido del Gusto\",\"publisher\":{\"@id\":\"https:\\\/\\\/pablogarrigos.com\\\/#organization\"},\"potentialAction\":[{\"@type\":\"SearchAction\",\"target\":{\"@type\":\"EntryPoint\",\"urlTemplate\":\"https:\\\/\\\/pablogarrigos.com\\\/?s={search_term_string}\"},\"query-input\":{\"@type\":\"PropertyValueSpecification\",\"valueRequired\":true,\"valueName\":\"search_term_string\"}}],\"inLanguage\":\"it-IT\"},{\"@type\":\"Organization\",\"@id\":\"https:\\\/\\\/pablogarrigos.com\\\/#organization\",\"name\":\"Pablo Garrig\u00f3s Iba\u00f1ez\",\"url\":\"https:\\\/\\\/pablogarrigos.com\\\/\",\"logo\":{\"@type\":\"ImageObject\",\"inLanguage\":\"it-IT\",\"@id\":\"https:\\\/\\\/pablogarrigos.com\\\/#\\\/schema\\\/logo\\\/image\\\/\",\"url\":\"https:\\\/\\\/pablogarrigos.com\\\/wp-content\\\/uploads\\\/2024\\\/02\\\/logo-pablogarrigos.png\",\"contentUrl\":\"https:\\\/\\\/pablogarrigos.com\\\/wp-content\\\/uploads\\\/2024\\\/02\\\/logo-pablogarrigos.png\",\"width\":1247,\"height\":480,\"caption\":\"Pablo Garrig\u00f3s Iba\u00f1ez\"},\"image\":{\"@id\":\"https:\\\/\\\/pablogarrigos.com\\\/#\\\/schema\\\/logo\\\/image\\\/\"}}]}<\/script>\n<!-- \/ Yoast SEO plugin. -->","yoast_head_json":{"title":"Panettone de turr\u00f3n de Jijona | Pablo Garrig\u00f3s Iba\u00f1ez","description":"Il panettone al torrone Pablo Garrig\u00f3s Ib\u00e1\u00f1ez \u00e8 una straordinaria sorpresa gastronomica che vi porter\u00e0 in un viaggio da Jijona al cuore dell'Italia antica.","robots":{"index":"index","follow":"follow","max-snippet":"max-snippet:-1","max-image-preview":"max-image-preview:large","max-video-preview":"max-video-preview:-1"},"canonical":"https:\/\/pablogarrigos.com\/it\/pasteleria\/pasteleria-delicatessen\/panettone-de-turron\/","og_locale":"it_IT","og_type":"article","og_title":"Panettone de turr\u00f3n de Jijona | Pablo Garrig\u00f3s Iba\u00f1ez","og_description":"El Panettone de Turr\u00f3n Pablo Garrig\u00f3s Ib\u00e1\u00f1ez es una extraordinaria sorpresa gastron\u00f3mica que te llevar\u00e1 de viaje desde Jijona al coraz\u00f3n de la vieja Italia","og_url":"https:\/\/pablogarrigos.com\/it\/pasteleria\/pasteleria-delicatessen\/panettone-de-turron\/","og_site_name":"Pablo Garrig\u00f3s Iba\u00f1ez","article_modified_time":"2025-12-18T08:53:45+00:00","og_image":[{"width":600,"height":600,"url":"https:\/\/pablogarrigos.com\/wp-content\/uploads\/2024\/02\/pan-1-WEB-1.jpg","type":"image\/jpeg"}],"twitter_card":"summary_large_image","twitter_misc":{"Tempo di lettura stimato":"1 minuto"},"schema":{"@context":"https:\/\/schema.org","@graph":[{"@type":"WebPage","@id":"https:\/\/pablogarrigos.com\/pasteleria\/pasteleria-delicatessen\/panettone-de-turron\/","url":"https:\/\/pablogarrigos.com\/pasteleria\/pasteleria-delicatessen\/panettone-de-turron\/","name":"Panettone de turr\u00f3n de Jijona | Pablo Garrig\u00f3s Iba\u00f1ez","isPartOf":{"@id":"https:\/\/pablogarrigos.com\/#website"},"primaryImageOfPage":{"@id":"https:\/\/pablogarrigos.com\/pasteleria\/pasteleria-delicatessen\/panettone-de-turron\/#primaryimage"},"image":{"@id":"https:\/\/pablogarrigos.com\/pasteleria\/pasteleria-delicatessen\/panettone-de-turron\/#primaryimage"},"thumbnailUrl":"https:\/\/pablogarrigos.com\/wp-content\/uploads\/2024\/02\/pan-1-WEB-1.jpg","datePublished":"2024-02-22T09:02:11+00:00","dateModified":"2025-12-18T08:53:45+00:00","description":"Il panettone al torrone Pablo Garrig\u00f3s Ib\u00e1\u00f1ez \u00e8 una straordinaria sorpresa gastronomica che vi porter\u00e0 in un viaggio da Jijona al cuore dell'Italia antica.","breadcrumb":{"@id":"https:\/\/pablogarrigos.com\/pasteleria\/pasteleria-delicatessen\/panettone-de-turron\/#breadcrumb"},"inLanguage":"it-IT","potentialAction":[{"@type":"ReadAction","target":["https:\/\/pablogarrigos.com\/pasteleria\/pasteleria-delicatessen\/panettone-de-turron\/"]}]},{"@type":"ImageObject","inLanguage":"it-IT","@id":"https:\/\/pablogarrigos.com\/pasteleria\/pasteleria-delicatessen\/panettone-de-turron\/#primaryimage","url":"https:\/\/pablogarrigos.com\/wp-content\/uploads\/2024\/02\/pan-1-WEB-1.jpg","contentUrl":"https:\/\/pablogarrigos.com\/wp-content\/uploads\/2024\/02\/pan-1-WEB-1.jpg","width":600,"height":600},{"@type":"BreadcrumbList","@id":"https:\/\/pablogarrigos.com\/pasteleria\/pasteleria-delicatessen\/panettone-de-turron\/#breadcrumb","itemListElement":[{"@type":"ListItem","position":1,"name":"Home","item":"https:\/\/pablogarrigos.com\/en\/"},{"@type":"ListItem","position":2,"name":"Tienda","item":"https:\/\/pablogarrigos.com\/en\/tienda\/"},{"@type":"ListItem","position":3,"name":"Panettone de turr\u00f3n de Jijona"}]},{"@type":"WebSite","@id":"https:\/\/pablogarrigos.com\/#website","url":"https:\/\/pablogarrigos.com\/","name":"Pablo Garrig\u00f3s Iba\u00f1ez","description":"Il senso del gusto","publisher":{"@id":"https:\/\/pablogarrigos.com\/#organization"},"potentialAction":[{"@type":"SearchAction","target":{"@type":"EntryPoint","urlTemplate":"https:\/\/pablogarrigos.com\/?s={search_term_string}"},"query-input":{"@type":"PropertyValueSpecification","valueRequired":true,"valueName":"search_term_string"}}],"inLanguage":"it-IT"},{"@type":"Organization","@id":"https:\/\/pablogarrigos.com\/#organization","name":"Pablo Garrig\u00f3s Iba\u00f1ez","url":"https:\/\/pablogarrigos.com\/","logo":{"@type":"ImageObject","inLanguage":"it-IT","@id":"https:\/\/pablogarrigos.com\/#\/schema\/logo\/image\/","url":"https:\/\/pablogarrigos.com\/wp-content\/uploads\/2024\/02\/logo-pablogarrigos.png","contentUrl":"https:\/\/pablogarrigos.com\/wp-content\/uploads\/2024\/02\/logo-pablogarrigos.png","width":1247,"height":480,"caption":"Pablo Garrig\u00f3s Iba\u00f1ez"},"image":{"@id":"https:\/\/pablogarrigos.com\/#\/schema\/logo\/image\/"}}]}},"_links":{"self":[{"href":"https:\/\/pablogarrigos.com\/it\/wp-json\/wp\/v2\/product\/582","targetHints":{"allow":["GET"]}}],"collection":[{"href":"https:\/\/pablogarrigos.com\/it\/wp-json\/wp\/v2\/product"}],"about":[{"href":"https:\/\/pablogarrigos.com\/it\/wp-json\/wp\/v2\/types\/product"}],"wp:featuredmedia":[{"embeddable":true,"href":"https:\/\/pablogarrigos.com\/it\/wp-json\/wp\/v2\/media\/588"}],"wp:attachment":[{"href":"https:\/\/pablogarrigos.com\/it\/wp-json\/wp\/v2\/media?parent=582"}],"wp:term":[{"taxonomy":"product_brand","embeddable":true,"href":"https:\/\/pablogarrigos.com\/it\/wp-json\/wp\/v2\/product_brand?post=582"},{"taxonomy":"product_cat","embeddable":true,"href":"https:\/\/pablogarrigos.com\/it\/wp-json\/wp\/v2\/product_cat?post=582"},{"taxonomy":"product_tag","embeddable":true,"href":"https:\/\/pablogarrigos.com\/it\/wp-json\/wp\/v2\/product_tag?post=582"}],"curies":[{"name":"wp","href":"https:\/\/api.w.org\/{rel}","templated":true}]}}