{"id":579,"date":"2024-02-20T20:27:11","date_gmt":"2024-02-20T19:27:11","guid":{"rendered":"https:\/\/pablogarrigos.com\/index.php\/product\/lemon-caramel-chocolate-vintage-125-gr\/"},"modified":"2026-01-21T08:24:39","modified_gmt":"2026-01-21T07:24:39","slug":"lemon-caramel-chocolate-vintage-125-gr","status":"publish","type":"product","link":"https:\/\/pablogarrigos.com\/it\/chocolates-y-fruites\/chocolate-vintage\/lemon-caramel-chocolate-vintage-125-gr\/","title":{"rendered":"Cioccolato al limone e caramello Vintage 125gr"},"content":{"rendered":"<p>Cioccolato bianco con caramello e limone 84% (zucchero, burro di cacao, <strong>latte<\/strong> polvere, caramello in polvere con grasso di <strong>latte<\/strong> 10.5% (<strong>latte<\/strong> polvere scremata, <strong>siero di latte<\/strong> polvere, zucchero, grassi <strong>caseificio<\/strong>(glucosio, zucchero, aromi, conservanti (sorbato di potassio e benzoato di sodio), aroma naturale di vaniglia), pasta di limone 4% (glucosio, zucchero, aromi, conservanti (sorbato di potassio e benzoato di sodio),<strong>latte<\/strong> latte scremato in polvere, zucchero caramellato 1,5%, emulsionante (lecitina di girasole), pasta di cacao e sale)), limone candito 15% (scorza di limone, sciroppo di glucosio e fruttosio, zucchero, conservante (disolfito di sodio) e correttore di acidit\u00e0 (acido citrico)) e agenti di rivestimento (gommalacca, gomma arabica, sciroppo di glucosio, zucchero e olio di palma vegetale). Cacao nel cioccolato: 29% minimo. <strong>Contiene solfiti. Pu\u00f2 contenere tracce di uova, arachidi e altra frutta a guscio.<\/strong><\/p>\n<p><strong>Conservar en un lugar fresco y seco. 12\u00ba-17\u00baC.<\/strong><\/p>","protected":false},"excerpt":{"rendered":"<p>Il Lemon &amp; Caramel Chocolate Vintage di Pablo Garrig\u00f3s Ib\u00e1\u00f1ez \u00e8 un bonbon realizzato con vera scorza di limone candita e copertura di cioccolato al caramello.<\/p>","protected":false},"featured_media":580,"template":"","meta":{"_acf_changed":false,"inline_featured_image":false},"product_brand":[],"product_cat":[26,20,25],"product_tag":[],"class_list":{"0":"post-579","1":"product","2":"type-product","3":"status-publish","4":"has-post-thumbnail","6":"product_cat-chocolate-vintage","7":"product_cat-chocolates-y-fruites","8":"product_cat-fruit-chocolates","10":"first","11":"instock","12":"taxable","13":"shipping-taxable","14":"purchasable","15":"product-type-simple"},"acf":[],"yoast_head":"<!-- This site is optimized with the Yoast SEO plugin v26.5 - https:\/\/yoast.com\/wordpress\/plugins\/seo\/ -->\n<title>Bombones Lim\u00f3n Caramelo Chocolate Vintage | Pablo Garrig\u00f3s Ib\u00e1\u00f1ez<\/title>\n<meta name=\"description\" content=\"Saborea la explosi\u00f3n de sabor del lim\u00f3n confitado con la cremosidad del caramelo en los Bombones Lemon &amp; Caramel Chocolate Vintage. Un viaje sensorial \u00fanico.\" \/>\n<meta name=\"robots\" content=\"index, follow, max-snippet:-1, max-image-preview:large, max-video-preview:-1\" \/>\n<link rel=\"canonical\" href=\"https:\/\/pablogarrigos.com\/it\/chocolates-y-fruites\/chocolate-vintage\/lemon-caramel-chocolate-vintage-125-gr\/\" \/>\n<meta property=\"og:locale\" content=\"it_IT\" \/>\n<meta property=\"og:type\" content=\"article\" \/>\n<meta property=\"og:title\" content=\"Bombones Lim\u00f3n Caramelo Chocolate Vintage | Pablo Garrig\u00f3s Ib\u00e1\u00f1ez\" \/>\n<meta property=\"og:description\" content=\"Saborea la explosi\u00f3n de sabor del lim\u00f3n confitado con la cremosidad del caramelo en los Bombones Lemon &amp; Caramel Chocolate Vintage. Un viaje sensorial \u00fanico.\" \/>\n<meta property=\"og:url\" content=\"https:\/\/pablogarrigos.com\/it\/chocolates-y-fruites\/chocolate-vintage\/lemon-caramel-chocolate-vintage-125-gr\/\" \/>\n<meta property=\"og:site_name\" content=\"Pablo Garrig\u00f3s Iba\u00f1ez\" \/>\n<meta property=\"article:modified_time\" content=\"2026-01-21T07:24:39+00:00\" \/>\n<meta property=\"og:image\" content=\"https:\/\/pablogarrigos.com\/wp-content\/uploads\/2024\/02\/Lemon-Caramel-Chocolate-scaled-1.jpg\" \/>\n\t<meta property=\"og:image:width\" content=\"2560\" \/>\n\t<meta property=\"og:image:height\" content=\"1707\" \/>\n\t<meta property=\"og:image:type\" content=\"image\/jpeg\" \/>\n<meta name=\"twitter:card\" content=\"summary_large_image\" \/>\n<meta name=\"twitter:label1\" content=\"Tempo di lettura stimato\" \/>\n\t<meta name=\"twitter:data1\" content=\"1 minuto\" \/>\n<script type=\"application\/ld+json\" class=\"yoast-schema-graph\">{\"@context\":\"https:\/\/schema.org\",\"@graph\":[{\"@type\":\"WebPage\",\"@id\":\"https:\/\/pablogarrigos.com\/chocolates-y-fruites\/chocolate-vintage\/lemon-caramel-chocolate-vintage-125-gr\/\",\"url\":\"https:\/\/pablogarrigos.com\/chocolates-y-fruites\/chocolate-vintage\/lemon-caramel-chocolate-vintage-125-gr\/\",\"name\":\"Bombones Lim\u00f3n Caramelo Chocolate Vintage | Pablo Garrig\u00f3s Ib\u00e1\u00f1ez\",\"isPartOf\":{\"@id\":\"https:\/\/pablogarrigos.com\/#website\"},\"primaryImageOfPage\":{\"@id\":\"https:\/\/pablogarrigos.com\/chocolates-y-fruites\/chocolate-vintage\/lemon-caramel-chocolate-vintage-125-gr\/#primaryimage\"},\"image\":{\"@id\":\"https:\/\/pablogarrigos.com\/chocolates-y-fruites\/chocolate-vintage\/lemon-caramel-chocolate-vintage-125-gr\/#primaryimage\"},\"thumbnailUrl\":\"https:\/\/pablogarrigos.com\/wp-content\/uploads\/2024\/02\/Lemon-Caramel-Chocolate-scaled-1.jpg\",\"datePublished\":\"2024-02-20T19:27:11+00:00\",\"dateModified\":\"2026-01-21T07:24:39+00:00\",\"description\":\"Saborea la explosi\u00f3n de sabor del lim\u00f3n confitado con la cremosidad del caramelo en los Bombones Lemon & Caramel Chocolate Vintage. Un viaje sensorial \u00fanico.\",\"breadcrumb\":{\"@id\":\"https:\/\/pablogarrigos.com\/chocolates-y-fruites\/chocolate-vintage\/lemon-caramel-chocolate-vintage-125-gr\/#breadcrumb\"},\"inLanguage\":\"it-IT\",\"potentialAction\":[{\"@type\":\"ReadAction\",\"target\":[\"https:\/\/pablogarrigos.com\/chocolates-y-fruites\/chocolate-vintage\/lemon-caramel-chocolate-vintage-125-gr\/\"]}]},{\"@type\":\"ImageObject\",\"inLanguage\":\"it-IT\",\"@id\":\"https:\/\/pablogarrigos.com\/chocolates-y-fruites\/chocolate-vintage\/lemon-caramel-chocolate-vintage-125-gr\/#primaryimage\",\"url\":\"https:\/\/pablogarrigos.com\/wp-content\/uploads\/2024\/02\/Lemon-Caramel-Chocolate-scaled-1.jpg\",\"contentUrl\":\"https:\/\/pablogarrigos.com\/wp-content\/uploads\/2024\/02\/Lemon-Caramel-Chocolate-scaled-1.jpg\",\"width\":2560,\"height\":1707,\"caption\":\"bombones lemon and caramel chocolate vintage\"},{\"@type\":\"BreadcrumbList\",\"@id\":\"https:\/\/pablogarrigos.com\/chocolates-y-fruites\/chocolate-vintage\/lemon-caramel-chocolate-vintage-125-gr\/#breadcrumb\",\"itemListElement\":[{\"@type\":\"ListItem\",\"position\":1,\"name\":\"Home\",\"item\":\"https:\/\/pablogarrigos.com\/en\/\"},{\"@type\":\"ListItem\",\"position\":2,\"name\":\"Tienda\",\"item\":\"https:\/\/pablogarrigos.com\/en\/tienda\/\"},{\"@type\":\"ListItem\",\"position\":3,\"name\":\"Lemon &amp; Caramel Chocolate Vintage 125gr\"}]},{\"@type\":\"WebSite\",\"@id\":\"https:\/\/pablogarrigos.com\/#website\",\"url\":\"https:\/\/pablogarrigos.com\/\",\"name\":\"Pablo Garrig\u00f3s Iba\u00f1ez\",\"description\":\"El Sentido del Gusto\",\"publisher\":{\"@id\":\"https:\/\/pablogarrigos.com\/#organization\"},\"potentialAction\":[{\"@type\":\"SearchAction\",\"target\":{\"@type\":\"EntryPoint\",\"urlTemplate\":\"https:\/\/pablogarrigos.com\/?s={search_term_string}\"},\"query-input\":{\"@type\":\"PropertyValueSpecification\",\"valueRequired\":true,\"valueName\":\"search_term_string\"}}],\"inLanguage\":\"it-IT\"},{\"@type\":\"Organization\",\"@id\":\"https:\/\/pablogarrigos.com\/#organization\",\"name\":\"Pablo Garrig\u00f3s Iba\u00f1ez\",\"url\":\"https:\/\/pablogarrigos.com\/\",\"logo\":{\"@type\":\"ImageObject\",\"inLanguage\":\"it-IT\",\"@id\":\"https:\/\/pablogarrigos.com\/#\/schema\/logo\/image\/\",\"url\":\"https:\/\/pablogarrigos.com\/wp-content\/uploads\/2024\/02\/logo-pablogarrigos.png\",\"contentUrl\":\"https:\/\/pablogarrigos.com\/wp-content\/uploads\/2024\/02\/logo-pablogarrigos.png\",\"width\":1247,\"height\":480,\"caption\":\"Pablo Garrig\u00f3s Iba\u00f1ez\"},\"image\":{\"@id\":\"https:\/\/pablogarrigos.com\/#\/schema\/logo\/image\/\"}}]}<\/script>\n<!-- \/ Yoast SEO plugin. -->","yoast_head_json":{"title":"Cioccolato al caramello Lim\u00f3n Cioccolatini d'epoca | Pablo Garrig\u00f3s Ib\u00e1\u00f1ez","description":"Assaporate l'esplosione di sapore del limone candito e la cremosit\u00e0 del caramello nei cioccolatini vintage Lemon &amp; Caramel. Un viaggio sensoriale unico.","robots":{"index":"index","follow":"follow","max-snippet":"max-snippet:-1","max-image-preview":"max-image-preview:large","max-video-preview":"max-video-preview:-1"},"canonical":"https:\/\/pablogarrigos.com\/it\/chocolates-y-fruites\/chocolate-vintage\/lemon-caramel-chocolate-vintage-125-gr\/","og_locale":"it_IT","og_type":"article","og_title":"Bombones Lim\u00f3n Caramelo Chocolate Vintage | Pablo Garrig\u00f3s Ib\u00e1\u00f1ez","og_description":"Saborea la explosi\u00f3n de sabor del lim\u00f3n confitado con la cremosidad del caramelo en los Bombones Lemon & Caramel Chocolate Vintage. Un viaje sensorial \u00fanico.","og_url":"https:\/\/pablogarrigos.com\/it\/chocolates-y-fruites\/chocolate-vintage\/lemon-caramel-chocolate-vintage-125-gr\/","og_site_name":"Pablo Garrig\u00f3s Iba\u00f1ez","article_modified_time":"2026-01-21T07:24:39+00:00","og_image":[{"width":2560,"height":1707,"url":"https:\/\/pablogarrigos.com\/wp-content\/uploads\/2024\/02\/Lemon-Caramel-Chocolate-scaled-1.jpg","type":"image\/jpeg"}],"twitter_card":"summary_large_image","twitter_misc":{"Tempo di lettura stimato":"1 minuto"},"schema":{"@context":"https:\/\/schema.org","@graph":[{"@type":"WebPage","@id":"https:\/\/pablogarrigos.com\/chocolates-y-fruites\/chocolate-vintage\/lemon-caramel-chocolate-vintage-125-gr\/","url":"https:\/\/pablogarrigos.com\/chocolates-y-fruites\/chocolate-vintage\/lemon-caramel-chocolate-vintage-125-gr\/","name":"Cioccolato al caramello Lim\u00f3n Cioccolatini d'epoca | Pablo Garrig\u00f3s Ib\u00e1\u00f1ez","isPartOf":{"@id":"https:\/\/pablogarrigos.com\/#website"},"primaryImageOfPage":{"@id":"https:\/\/pablogarrigos.com\/chocolates-y-fruites\/chocolate-vintage\/lemon-caramel-chocolate-vintage-125-gr\/#primaryimage"},"image":{"@id":"https:\/\/pablogarrigos.com\/chocolates-y-fruites\/chocolate-vintage\/lemon-caramel-chocolate-vintage-125-gr\/#primaryimage"},"thumbnailUrl":"https:\/\/pablogarrigos.com\/wp-content\/uploads\/2024\/02\/Lemon-Caramel-Chocolate-scaled-1.jpg","datePublished":"2024-02-20T19:27:11+00:00","dateModified":"2026-01-21T07:24:39+00:00","description":"Assaporate l'esplosione di sapore del limone candito e la cremosit\u00e0 del caramello nei cioccolatini vintage Lemon &amp; Caramel. Un viaggio sensoriale unico.","breadcrumb":{"@id":"https:\/\/pablogarrigos.com\/chocolates-y-fruites\/chocolate-vintage\/lemon-caramel-chocolate-vintage-125-gr\/#breadcrumb"},"inLanguage":"it-IT","potentialAction":[{"@type":"ReadAction","target":["https:\/\/pablogarrigos.com\/chocolates-y-fruites\/chocolate-vintage\/lemon-caramel-chocolate-vintage-125-gr\/"]}]},{"@type":"ImageObject","inLanguage":"it-IT","@id":"https:\/\/pablogarrigos.com\/chocolates-y-fruites\/chocolate-vintage\/lemon-caramel-chocolate-vintage-125-gr\/#primaryimage","url":"https:\/\/pablogarrigos.com\/wp-content\/uploads\/2024\/02\/Lemon-Caramel-Chocolate-scaled-1.jpg","contentUrl":"https:\/\/pablogarrigos.com\/wp-content\/uploads\/2024\/02\/Lemon-Caramel-Chocolate-scaled-1.jpg","width":2560,"height":1707,"caption":"bombones lemon and caramel chocolate vintage"},{"@type":"BreadcrumbList","@id":"https:\/\/pablogarrigos.com\/chocolates-y-fruites\/chocolate-vintage\/lemon-caramel-chocolate-vintage-125-gr\/#breadcrumb","itemListElement":[{"@type":"ListItem","position":1,"name":"Home","item":"https:\/\/pablogarrigos.com\/en\/"},{"@type":"ListItem","position":2,"name":"Tienda","item":"https:\/\/pablogarrigos.com\/en\/tienda\/"},{"@type":"ListItem","position":3,"name":"Lemon &amp; Caramel Chocolate Vintage 125gr"}]},{"@type":"WebSite","@id":"https:\/\/pablogarrigos.com\/#website","url":"https:\/\/pablogarrigos.com\/","name":"Pablo Garrig\u00f3s Iba\u00f1ez","description":"Il senso del gusto","publisher":{"@id":"https:\/\/pablogarrigos.com\/#organization"},"potentialAction":[{"@type":"SearchAction","target":{"@type":"EntryPoint","urlTemplate":"https:\/\/pablogarrigos.com\/?s={search_term_string}"},"query-input":{"@type":"PropertyValueSpecification","valueRequired":true,"valueName":"search_term_string"}}],"inLanguage":"it-IT"},{"@type":"Organization","@id":"https:\/\/pablogarrigos.com\/#organization","name":"Pablo Garrig\u00f3s Iba\u00f1ez","url":"https:\/\/pablogarrigos.com\/","logo":{"@type":"ImageObject","inLanguage":"it-IT","@id":"https:\/\/pablogarrigos.com\/#\/schema\/logo\/image\/","url":"https:\/\/pablogarrigos.com\/wp-content\/uploads\/2024\/02\/logo-pablogarrigos.png","contentUrl":"https:\/\/pablogarrigos.com\/wp-content\/uploads\/2024\/02\/logo-pablogarrigos.png","width":1247,"height":480,"caption":"Pablo Garrig\u00f3s Iba\u00f1ez"},"image":{"@id":"https:\/\/pablogarrigos.com\/#\/schema\/logo\/image\/"}}]}},"_links":{"self":[{"href":"https:\/\/pablogarrigos.com\/it\/wp-json\/wp\/v2\/product\/579","targetHints":{"allow":["GET"]}}],"collection":[{"href":"https:\/\/pablogarrigos.com\/it\/wp-json\/wp\/v2\/product"}],"about":[{"href":"https:\/\/pablogarrigos.com\/it\/wp-json\/wp\/v2\/types\/product"}],"wp:featuredmedia":[{"embeddable":true,"href":"https:\/\/pablogarrigos.com\/it\/wp-json\/wp\/v2\/media\/580"}],"wp:attachment":[{"href":"https:\/\/pablogarrigos.com\/it\/wp-json\/wp\/v2\/media?parent=579"}],"wp:term":[{"taxonomy":"product_brand","embeddable":true,"href":"https:\/\/pablogarrigos.com\/it\/wp-json\/wp\/v2\/product_brand?post=579"},{"taxonomy":"product_cat","embeddable":true,"href":"https:\/\/pablogarrigos.com\/it\/wp-json\/wp\/v2\/product_cat?post=579"},{"taxonomy":"product_tag","embeddable":true,"href":"https:\/\/pablogarrigos.com\/it\/wp-json\/wp\/v2\/product_tag?post=579"}],"curies":[{"name":"wp","href":"https:\/\/api.w.org\/{rel}","templated":true}]}}