{"id":559,"date":"2024-02-20T20:13:20","date_gmt":"2024-02-20T19:13:20","guid":{"rendered":"https:\/\/pablogarrigos.com\/index.php\/product\/bombones-marmolate-con-turron-de-jijona-chocolate-vintage-120-g\/"},"modified":"2025-11-13T12:24:12","modified_gmt":"2025-11-13T11:24:12","slug":"bombones-marmolate-con-turron-de-jijona-chocolate-vintage-120-g","status":"publish","type":"product","link":"https:\/\/pablogarrigos.com\/it\/chocolates-y-fruites\/chocolate-vintage\/bombones-marmolate-con-turron-de-jijona-chocolate-vintage-120-g\/","title":{"rendered":"Cioccolatini Marmolate con Turr\u00f3n de Jijona Vintage 120g"},"content":{"rendered":"<p><strong>Mandorla<\/strong> Marcona, zucchero, burro di cacao, <strong>latte<\/strong> cacao intero in polvere, pasta di cacao, cacao sgrassato in polvere, emulsionante (lecitina di cacao, burro di cacao, pasta di cacao), cacao in polvere, emulsionante (lecitina di burro di cacao). <strong>soia<\/strong>), aroma de vainilla, turr\u00f3n de Jijona (10%) (<strong>mandorla<\/strong> pane tostato, miele di fiori d'arancio, zucchero e albume d'uovo. <strong>uovo<\/strong>), rivestimento (maltodestrina, olio di cocco, olio di colza), addensante (gomma di xantano), conservante (sorbato di potassio), sciroppo di glucosio e aroma di torrone. <strong>Contiene soia, uova, latte in polvere, mandorle. Pu\u00f2 contenere arachidi e derivati.<\/strong><\/p>\n<p><strong>Conservar en un lugar fresco y seco. 12\u00ba-17\u00baC.<\/strong><\/p>","protected":false},"excerpt":{"rendered":"<p>Deliziosi cioccolatini alla mandorla marmorizzata con torrone Jijona, della collezione Chocolate Vintage. Confezione da 120 grammi.<\/p>","protected":false},"featured_media":560,"template":"","meta":{"_acf_changed":false,"inline_featured_image":false},"product_brand":[],"product_cat":[24,26,20],"product_tag":[],"class_list":{"0":"post-559","1":"product","2":"type-product","3":"status-publish","4":"has-post-thumbnail","6":"product_cat-bombones-de-almendra","7":"product_cat-chocolate-vintage","8":"product_cat-chocolates-y-fruites","10":"first","11":"instock","12":"taxable","13":"shipping-taxable","14":"purchasable","15":"product-type-simple"},"acf":[],"yoast_head":"<!-- This site is optimized with the Yoast SEO plugin v26.5 - https:\/\/yoast.com\/wordpress\/plugins\/seo\/ -->\n<title>Bombones Marmolate Turr\u00f3n Jijona Vintage | Pablo Garrig\u00f3s Ib\u00e1\u00f1ez<\/title>\n<meta name=\"description\" content=\"Saborea la exquisitez de los Bombones Marmolate con Turr\u00f3n de Jijona de la colecci\u00f3n Chocolate Vintage. Un viaje sensorial en cada bocado. Caja de 120 gramos.\" \/>\n<meta name=\"robots\" content=\"index, follow, max-snippet:-1, max-image-preview:large, max-video-preview:-1\" \/>\n<link rel=\"canonical\" href=\"https:\/\/pablogarrigos.com\/it\/chocolates-y-fruites\/chocolate-vintage\/bombones-marmolate-con-turron-de-jijona-chocolate-vintage-120-g\/\" \/>\n<meta property=\"og:locale\" content=\"it_IT\" \/>\n<meta property=\"og:type\" content=\"article\" \/>\n<meta property=\"og:title\" content=\"Bombones Marmolate Turr\u00f3n Jijona Vintage | Pablo Garrig\u00f3s Ib\u00e1\u00f1ez\" \/>\n<meta property=\"og:description\" content=\"Saborea la exquisitez de los Bombones Marmolate con Turr\u00f3n de Jijona de la colecci\u00f3n Chocolate Vintage. Un viaje sensorial en cada bocado. Caja de 120 gramos.\" \/>\n<meta property=\"og:url\" content=\"https:\/\/pablogarrigos.com\/it\/chocolates-y-fruites\/chocolate-vintage\/bombones-marmolate-con-turron-de-jijona-chocolate-vintage-120-g\/\" \/>\n<meta property=\"og:site_name\" content=\"Pablo Garrig\u00f3s Iba\u00f1ez\" \/>\n<meta property=\"article:modified_time\" content=\"2025-11-13T11:24:12+00:00\" \/>\n<meta property=\"og:image\" content=\"https:\/\/pablogarrigos.com\/wp-content\/uploads\/2024\/02\/bombones-marmolate-turron-jijona-chocolate-vintage-120.jpg\" \/>\n\t<meta property=\"og:image:width\" content=\"600\" \/>\n\t<meta property=\"og:image:height\" content=\"600\" \/>\n\t<meta property=\"og:image:type\" content=\"image\/jpeg\" \/>\n<meta name=\"twitter:card\" content=\"summary_large_image\" \/>\n<meta name=\"twitter:label1\" content=\"Tempo di lettura stimato\" \/>\n\t<meta name=\"twitter:data1\" content=\"1 minuto\" \/>\n<script type=\"application\/ld+json\" class=\"yoast-schema-graph\">{\"@context\":\"https:\/\/schema.org\",\"@graph\":[{\"@type\":\"WebPage\",\"@id\":\"https:\/\/pablogarrigos.com\/chocolates-y-fruites\/chocolate-vintage\/bombones-marmolate-con-turron-de-jijona-chocolate-vintage-120-g\/\",\"url\":\"https:\/\/pablogarrigos.com\/chocolates-y-fruites\/chocolate-vintage\/bombones-marmolate-con-turron-de-jijona-chocolate-vintage-120-g\/\",\"name\":\"Bombones Marmolate Turr\u00f3n Jijona Vintage | Pablo Garrig\u00f3s Ib\u00e1\u00f1ez\",\"isPartOf\":{\"@id\":\"https:\/\/pablogarrigos.com\/#website\"},\"primaryImageOfPage\":{\"@id\":\"https:\/\/pablogarrigos.com\/chocolates-y-fruites\/chocolate-vintage\/bombones-marmolate-con-turron-de-jijona-chocolate-vintage-120-g\/#primaryimage\"},\"image\":{\"@id\":\"https:\/\/pablogarrigos.com\/chocolates-y-fruites\/chocolate-vintage\/bombones-marmolate-con-turron-de-jijona-chocolate-vintage-120-g\/#primaryimage\"},\"thumbnailUrl\":\"https:\/\/pablogarrigos.com\/wp-content\/uploads\/2024\/02\/bombones-marmolate-turron-jijona-chocolate-vintage-120.jpg\",\"datePublished\":\"2024-02-20T19:13:20+00:00\",\"dateModified\":\"2025-11-13T11:24:12+00:00\",\"description\":\"Saborea la exquisitez de los Bombones Marmolate con Turr\u00f3n de Jijona de la colecci\u00f3n Chocolate Vintage. Un viaje sensorial en cada bocado. Caja de 120 gramos.\",\"breadcrumb\":{\"@id\":\"https:\/\/pablogarrigos.com\/chocolates-y-fruites\/chocolate-vintage\/bombones-marmolate-con-turron-de-jijona-chocolate-vintage-120-g\/#breadcrumb\"},\"inLanguage\":\"it-IT\",\"potentialAction\":[{\"@type\":\"ReadAction\",\"target\":[\"https:\/\/pablogarrigos.com\/chocolates-y-fruites\/chocolate-vintage\/bombones-marmolate-con-turron-de-jijona-chocolate-vintage-120-g\/\"]}]},{\"@type\":\"ImageObject\",\"inLanguage\":\"it-IT\",\"@id\":\"https:\/\/pablogarrigos.com\/chocolates-y-fruites\/chocolate-vintage\/bombones-marmolate-con-turron-de-jijona-chocolate-vintage-120-g\/#primaryimage\",\"url\":\"https:\/\/pablogarrigos.com\/wp-content\/uploads\/2024\/02\/bombones-marmolate-turron-jijona-chocolate-vintage-120.jpg\",\"contentUrl\":\"https:\/\/pablogarrigos.com\/wp-content\/uploads\/2024\/02\/bombones-marmolate-turron-jijona-chocolate-vintage-120.jpg\",\"width\":600,\"height\":600},{\"@type\":\"BreadcrumbList\",\"@id\":\"https:\/\/pablogarrigos.com\/chocolates-y-fruites\/chocolate-vintage\/bombones-marmolate-con-turron-de-jijona-chocolate-vintage-120-g\/#breadcrumb\",\"itemListElement\":[{\"@type\":\"ListItem\",\"position\":1,\"name\":\"Home\",\"item\":\"https:\/\/pablogarrigos.com\/en\/\"},{\"@type\":\"ListItem\",\"position\":2,\"name\":\"Tienda\",\"item\":\"https:\/\/pablogarrigos.com\/en\/tienda\/\"},{\"@type\":\"ListItem\",\"position\":3,\"name\":\"Bombones Marmolate con Turr\u00f3n de Jijona Chocolate Vintage 120g\"}]},{\"@type\":\"WebSite\",\"@id\":\"https:\/\/pablogarrigos.com\/#website\",\"url\":\"https:\/\/pablogarrigos.com\/\",\"name\":\"Pablo Garrig\u00f3s Iba\u00f1ez\",\"description\":\"El Sentido del Gusto\",\"publisher\":{\"@id\":\"https:\/\/pablogarrigos.com\/#organization\"},\"potentialAction\":[{\"@type\":\"SearchAction\",\"target\":{\"@type\":\"EntryPoint\",\"urlTemplate\":\"https:\/\/pablogarrigos.com\/?s={search_term_string}\"},\"query-input\":{\"@type\":\"PropertyValueSpecification\",\"valueRequired\":true,\"valueName\":\"search_term_string\"}}],\"inLanguage\":\"it-IT\"},{\"@type\":\"Organization\",\"@id\":\"https:\/\/pablogarrigos.com\/#organization\",\"name\":\"Pablo Garrig\u00f3s Iba\u00f1ez\",\"url\":\"https:\/\/pablogarrigos.com\/\",\"logo\":{\"@type\":\"ImageObject\",\"inLanguage\":\"it-IT\",\"@id\":\"https:\/\/pablogarrigos.com\/#\/schema\/logo\/image\/\",\"url\":\"https:\/\/pablogarrigos.com\/wp-content\/uploads\/2024\/02\/logo-pablogarrigos.png\",\"contentUrl\":\"https:\/\/pablogarrigos.com\/wp-content\/uploads\/2024\/02\/logo-pablogarrigos.png\",\"width\":1247,\"height\":480,\"caption\":\"Pablo Garrig\u00f3s Iba\u00f1ez\"},\"image\":{\"@id\":\"https:\/\/pablogarrigos.com\/#\/schema\/logo\/image\/\"}}]}<\/script>\n<!-- \/ Yoast SEO plugin. -->","yoast_head_json":{"title":"Marmolate Turr\u00f3n Jijona Cioccolatini d'epoca | Pablo Garrig\u00f3s Ib\u00e1\u00f1ez","description":"Assaporate la squisitezza dei cioccolatini Marmolate con Turr\u00f3n de Jijona della collezione Chocolate Vintage. Un viaggio sensoriale in ogni morso. Confezione da 120 grammi.","robots":{"index":"index","follow":"follow","max-snippet":"max-snippet:-1","max-image-preview":"max-image-preview:large","max-video-preview":"max-video-preview:-1"},"canonical":"https:\/\/pablogarrigos.com\/it\/chocolates-y-fruites\/chocolate-vintage\/bombones-marmolate-con-turron-de-jijona-chocolate-vintage-120-g\/","og_locale":"it_IT","og_type":"article","og_title":"Bombones Marmolate Turr\u00f3n Jijona Vintage | Pablo Garrig\u00f3s Ib\u00e1\u00f1ez","og_description":"Saborea la exquisitez de los Bombones Marmolate con Turr\u00f3n de Jijona de la colecci\u00f3n Chocolate Vintage. Un viaje sensorial en cada bocado. Caja de 120 gramos.","og_url":"https:\/\/pablogarrigos.com\/it\/chocolates-y-fruites\/chocolate-vintage\/bombones-marmolate-con-turron-de-jijona-chocolate-vintage-120-g\/","og_site_name":"Pablo Garrig\u00f3s Iba\u00f1ez","article_modified_time":"2025-11-13T11:24:12+00:00","og_image":[{"width":600,"height":600,"url":"https:\/\/pablogarrigos.com\/wp-content\/uploads\/2024\/02\/bombones-marmolate-turron-jijona-chocolate-vintage-120.jpg","type":"image\/jpeg"}],"twitter_card":"summary_large_image","twitter_misc":{"Tempo di lettura stimato":"1 minuto"},"schema":{"@context":"https:\/\/schema.org","@graph":[{"@type":"WebPage","@id":"https:\/\/pablogarrigos.com\/chocolates-y-fruites\/chocolate-vintage\/bombones-marmolate-con-turron-de-jijona-chocolate-vintage-120-g\/","url":"https:\/\/pablogarrigos.com\/chocolates-y-fruites\/chocolate-vintage\/bombones-marmolate-con-turron-de-jijona-chocolate-vintage-120-g\/","name":"Marmolate Turr\u00f3n Jijona Cioccolatini d'epoca | Pablo Garrig\u00f3s Ib\u00e1\u00f1ez","isPartOf":{"@id":"https:\/\/pablogarrigos.com\/#website"},"primaryImageOfPage":{"@id":"https:\/\/pablogarrigos.com\/chocolates-y-fruites\/chocolate-vintage\/bombones-marmolate-con-turron-de-jijona-chocolate-vintage-120-g\/#primaryimage"},"image":{"@id":"https:\/\/pablogarrigos.com\/chocolates-y-fruites\/chocolate-vintage\/bombones-marmolate-con-turron-de-jijona-chocolate-vintage-120-g\/#primaryimage"},"thumbnailUrl":"https:\/\/pablogarrigos.com\/wp-content\/uploads\/2024\/02\/bombones-marmolate-turron-jijona-chocolate-vintage-120.jpg","datePublished":"2024-02-20T19:13:20+00:00","dateModified":"2025-11-13T11:24:12+00:00","description":"Assaporate la squisitezza dei cioccolatini Marmolate con Turr\u00f3n de Jijona della collezione Chocolate Vintage. Un viaggio sensoriale in ogni morso. Confezione da 120 grammi.","breadcrumb":{"@id":"https:\/\/pablogarrigos.com\/chocolates-y-fruites\/chocolate-vintage\/bombones-marmolate-con-turron-de-jijona-chocolate-vintage-120-g\/#breadcrumb"},"inLanguage":"it-IT","potentialAction":[{"@type":"ReadAction","target":["https:\/\/pablogarrigos.com\/chocolates-y-fruites\/chocolate-vintage\/bombones-marmolate-con-turron-de-jijona-chocolate-vintage-120-g\/"]}]},{"@type":"ImageObject","inLanguage":"it-IT","@id":"https:\/\/pablogarrigos.com\/chocolates-y-fruites\/chocolate-vintage\/bombones-marmolate-con-turron-de-jijona-chocolate-vintage-120-g\/#primaryimage","url":"https:\/\/pablogarrigos.com\/wp-content\/uploads\/2024\/02\/bombones-marmolate-turron-jijona-chocolate-vintage-120.jpg","contentUrl":"https:\/\/pablogarrigos.com\/wp-content\/uploads\/2024\/02\/bombones-marmolate-turron-jijona-chocolate-vintage-120.jpg","width":600,"height":600},{"@type":"BreadcrumbList","@id":"https:\/\/pablogarrigos.com\/chocolates-y-fruites\/chocolate-vintage\/bombones-marmolate-con-turron-de-jijona-chocolate-vintage-120-g\/#breadcrumb","itemListElement":[{"@type":"ListItem","position":1,"name":"Home","item":"https:\/\/pablogarrigos.com\/en\/"},{"@type":"ListItem","position":2,"name":"Tienda","item":"https:\/\/pablogarrigos.com\/en\/tienda\/"},{"@type":"ListItem","position":3,"name":"Bombones Marmolate con Turr\u00f3n de Jijona Chocolate Vintage 120g"}]},{"@type":"WebSite","@id":"https:\/\/pablogarrigos.com\/#website","url":"https:\/\/pablogarrigos.com\/","name":"Pablo Garrig\u00f3s Iba\u00f1ez","description":"Il senso del gusto","publisher":{"@id":"https:\/\/pablogarrigos.com\/#organization"},"potentialAction":[{"@type":"SearchAction","target":{"@type":"EntryPoint","urlTemplate":"https:\/\/pablogarrigos.com\/?s={search_term_string}"},"query-input":{"@type":"PropertyValueSpecification","valueRequired":true,"valueName":"search_term_string"}}],"inLanguage":"it-IT"},{"@type":"Organization","@id":"https:\/\/pablogarrigos.com\/#organization","name":"Pablo Garrig\u00f3s Iba\u00f1ez","url":"https:\/\/pablogarrigos.com\/","logo":{"@type":"ImageObject","inLanguage":"it-IT","@id":"https:\/\/pablogarrigos.com\/#\/schema\/logo\/image\/","url":"https:\/\/pablogarrigos.com\/wp-content\/uploads\/2024\/02\/logo-pablogarrigos.png","contentUrl":"https:\/\/pablogarrigos.com\/wp-content\/uploads\/2024\/02\/logo-pablogarrigos.png","width":1247,"height":480,"caption":"Pablo Garrig\u00f3s Iba\u00f1ez"},"image":{"@id":"https:\/\/pablogarrigos.com\/#\/schema\/logo\/image\/"}}]}},"_links":{"self":[{"href":"https:\/\/pablogarrigos.com\/it\/wp-json\/wp\/v2\/product\/559","targetHints":{"allow":["GET"]}}],"collection":[{"href":"https:\/\/pablogarrigos.com\/it\/wp-json\/wp\/v2\/product"}],"about":[{"href":"https:\/\/pablogarrigos.com\/it\/wp-json\/wp\/v2\/types\/product"}],"wp:featuredmedia":[{"embeddable":true,"href":"https:\/\/pablogarrigos.com\/it\/wp-json\/wp\/v2\/media\/560"}],"wp:attachment":[{"href":"https:\/\/pablogarrigos.com\/it\/wp-json\/wp\/v2\/media?parent=559"}],"wp:term":[{"taxonomy":"product_brand","embeddable":true,"href":"https:\/\/pablogarrigos.com\/it\/wp-json\/wp\/v2\/product_brand?post=559"},{"taxonomy":"product_cat","embeddable":true,"href":"https:\/\/pablogarrigos.com\/it\/wp-json\/wp\/v2\/product_cat?post=559"},{"taxonomy":"product_tag","embeddable":true,"href":"https:\/\/pablogarrigos.com\/it\/wp-json\/wp\/v2\/product_tag?post=559"}],"curies":[{"name":"wp","href":"https:\/\/api.w.org\/{rel}","templated":true}]}}