{"id":537,"date":"2024-02-20T15:10:20","date_gmt":"2024-02-20T14:10:20","guid":{"rendered":"https:\/\/pablogarrigos.com\/index.php\/product\/estuche-10-porciones-variadas-premium-170-g\/"},"modified":"2025-09-03T14:53:26","modified_gmt":"2025-09-03T12:53:26","slug":"estuche-10-porciones-variadas-premium-170-g","status":"publish","type":"product","link":"https:\/\/pablogarrigos.com\/it\/chocolates-y-fruites\/estuche-10-porciones-variadas-premium-170-g\/","title":{"rendered":"Astuccio di 10 porzioni assortite Premium 170g"},"content":{"rendered":"<p>TURR\u00d3N DE ALICANTE: <strong>Mandorla<\/strong> selezionato Tostada (Spagna) 68 %, Miele di rosmarino 16 %, Zucchero, Sciroppo di glucosio, Zucchero bianco <strong>uovo<\/strong>, Cialda di superficie (fecola di patate e olio di girasole). <strong>Pu\u00f2 contenere tracce di sesamo e nocciole. <\/strong>TORRONE DI TORRONE CON SEMI DI SESAMO: <strong>Mandorla<\/strong> selezionati tostati con la buccia (Spagna) 64 %, miele di rosmarino (Spagna) 15%, zucchero, <strong>Sesamo<\/strong>, sciroppo di glucosio, superficie dei wafer (fecola di patate e olio di girasole). \u00a0<strong>Pu\u00f2 contenere tracce di albume e nocciole. <\/strong>TORRONE AL CIOCCOLATO AL LATTE CON LATTE E MANDORLE: <strong>Mandorla<\/strong> Marcona selezionati e tostati 40 %, zucchero, burro di cacao, <strong>Latte<\/strong> cacao intero in polvere 11 %, Massa di cacao <strong>Siero di latte<\/strong> in polvere Emulsionante (lecitina di <strong>La soia<\/strong>), aroma naturale di vaniglia, cacao min. 30%. <strong>Pu\u00f2 contenere tracce di altra frutta a guscio. <\/strong>TORRONE FONDENTE AL CIOCCOLATO CON MANDORLE: <strong>Mandorla<\/strong> Marcona tostata selezionata (origine: Spagna) 40 % , pasta di cacao, burro di cacao, zucchero, emulsionante (lecitina di cacao), cacao in polvere, burro di cacao (origine: Spagna) 40 % , pasta di cacao, burro di cacao, zucchero, emulsionante (lecitina di burro di cacao), cacao in polvere, cacao in polvere <strong>soia<\/strong>), aroma naturale di vaniglia, cacao min. 52 %. <strong>Pu\u00f2 contenere tracce di latte e altra frutta a guscio. <\/strong>TURR\u00d3N DI NOCCIOLE MACADAMIA E CIOCCOLATO AL LATTE: Rivestimento di cioccolato 70 %, <strong>Noci di macadamia<\/strong> (Origine: Australia) 30 %, Zucchero, Burro di cacao, <strong>Latte<\/strong> cacao intero in polvere 13%, pasta di cacao, <strong>Siero di latte<\/strong> polvere, emulsionante (lecitina di <strong>La soia<\/strong>), aroma naturale di vaniglia, cacao min. 30 %. <strong>Pu\u00f2 contenere tracce di altra frutta a guscio.<\/strong><\/p>","protected":false},"excerpt":{"rendered":"<p>Astuccio da 10 porzioni assortite di torroni Premium Pablo Garrig\u00f3s Ib\u00e1\u00f1ez<\/p>","protected":false},"featured_media":538,"template":"","meta":{"_acf_changed":false,"inline_featured_image":false},"product_brand":[],"product_cat":[20,19,18],"product_tag":[],"class_list":{"0":"post-537","1":"product","2":"type-product","3":"status-publish","4":"has-post-thumbnail","6":"product_cat-chocolates-y-fruites","7":"product_cat-premium","8":"product_cat-turrones","10":"first","11":"instock","12":"taxable","13":"shipping-taxable","14":"purchasable","15":"product-type-simple"},"acf":[],"yoast_head":"<!-- This site is optimized with the Yoast SEO plugin v26.5 - https:\/\/yoast.com\/wordpress\/plugins\/seo\/ -->\n<title>Estuche 10 Porciones Variadas Premium | Turrones Pablo Garrig\u00f3s Ib\u00e1\u00f1ez<\/title>\n<meta name=\"description\" content=\"Disfruta de un viaje sensorial con nuestro Estuche 10 Porciones Variadas Premium. Una selecci\u00f3n de 5 de nuestros mejores turrones: Alicante, guirlache con ajonjol\u00ed, chocolate con leche y almendras, chocolate fondant con almendras y chocolate con leche y nueces de macadamia. \u00a1Un regalo perfecto para los amantes del buen turr\u00f3n!\" \/>\n<meta name=\"robots\" content=\"index, follow, max-snippet:-1, max-image-preview:large, max-video-preview:-1\" \/>\n<link rel=\"canonical\" href=\"https:\/\/pablogarrigos.com\/it\/chocolates-y-fruites\/estuche-10-porciones-variadas-premium-170-g\/\" \/>\n<meta property=\"og:locale\" content=\"it_IT\" \/>\n<meta property=\"og:type\" content=\"article\" \/>\n<meta property=\"og:title\" content=\"Estuche 10 Porciones Variadas Premium | Turrones Pablo Garrig\u00f3s Ib\u00e1\u00f1ez\" \/>\n<meta property=\"og:description\" content=\"Disfruta de un viaje sensorial con nuestro Estuche 10 Porciones Variadas Premium. Una selecci\u00f3n de 5 de nuestros mejores turrones: Alicante, guirlache con ajonjol\u00ed, chocolate con leche y almendras, chocolate fondant con almendras y chocolate con leche y nueces de macadamia. \u00a1Un regalo perfecto para los amantes del buen turr\u00f3n!\" \/>\n<meta property=\"og:url\" content=\"https:\/\/pablogarrigos.com\/it\/chocolates-y-fruites\/estuche-10-porciones-variadas-premium-170-g\/\" \/>\n<meta property=\"og:site_name\" content=\"Pablo Garrig\u00f3s Iba\u00f1ez\" \/>\n<meta property=\"article:modified_time\" content=\"2025-09-03T12:53:26+00:00\" \/>\n<meta property=\"og:image\" content=\"https:\/\/pablogarrigos.com\/wp-content\/uploads\/2024\/02\/10-porciones-variadas-Premium-800x800-1.jpg\" \/>\n\t<meta property=\"og:image:width\" content=\"800\" \/>\n\t<meta property=\"og:image:height\" content=\"800\" \/>\n\t<meta property=\"og:image:type\" content=\"image\/jpeg\" \/>\n<meta name=\"twitter:card\" content=\"summary_large_image\" \/>\n<meta name=\"twitter:label1\" content=\"Tempo di lettura stimato\" \/>\n\t<meta name=\"twitter:data1\" content=\"2 minuti\" \/>\n<script type=\"application\/ld+json\" class=\"yoast-schema-graph\">{\"@context\":\"https:\/\/schema.org\",\"@graph\":[{\"@type\":\"WebPage\",\"@id\":\"https:\/\/pablogarrigos.com\/chocolates-y-fruites\/estuche-10-porciones-variadas-premium-170-g\/\",\"url\":\"https:\/\/pablogarrigos.com\/chocolates-y-fruites\/estuche-10-porciones-variadas-premium-170-g\/\",\"name\":\"Estuche 10 Porciones Variadas Premium | Turrones Pablo Garrig\u00f3s Ib\u00e1\u00f1ez\",\"isPartOf\":{\"@id\":\"https:\/\/pablogarrigos.com\/#website\"},\"primaryImageOfPage\":{\"@id\":\"https:\/\/pablogarrigos.com\/chocolates-y-fruites\/estuche-10-porciones-variadas-premium-170-g\/#primaryimage\"},\"image\":{\"@id\":\"https:\/\/pablogarrigos.com\/chocolates-y-fruites\/estuche-10-porciones-variadas-premium-170-g\/#primaryimage\"},\"thumbnailUrl\":\"https:\/\/pablogarrigos.com\/wp-content\/uploads\/2024\/02\/10-porciones-variadas-Premium-800x800-1.jpg\",\"datePublished\":\"2024-02-20T14:10:20+00:00\",\"dateModified\":\"2025-09-03T12:53:26+00:00\",\"description\":\"Disfruta de un viaje sensorial con nuestro Estuche 10 Porciones Variadas Premium. Una selecci\u00f3n de 5 de nuestros mejores turrones: Alicante, guirlache con ajonjol\u00ed, chocolate con leche y almendras, chocolate fondant con almendras y chocolate con leche y nueces de macadamia. \u00a1Un regalo perfecto para los amantes del buen turr\u00f3n!\",\"breadcrumb\":{\"@id\":\"https:\/\/pablogarrigos.com\/chocolates-y-fruites\/estuche-10-porciones-variadas-premium-170-g\/#breadcrumb\"},\"inLanguage\":\"it-IT\",\"potentialAction\":[{\"@type\":\"ReadAction\",\"target\":[\"https:\/\/pablogarrigos.com\/chocolates-y-fruites\/estuche-10-porciones-variadas-premium-170-g\/\"]}]},{\"@type\":\"ImageObject\",\"inLanguage\":\"it-IT\",\"@id\":\"https:\/\/pablogarrigos.com\/chocolates-y-fruites\/estuche-10-porciones-variadas-premium-170-g\/#primaryimage\",\"url\":\"https:\/\/pablogarrigos.com\/wp-content\/uploads\/2024\/02\/10-porciones-variadas-Premium-800x800-1.jpg\",\"contentUrl\":\"https:\/\/pablogarrigos.com\/wp-content\/uploads\/2024\/02\/10-porciones-variadas-Premium-800x800-1.jpg\",\"width\":800,\"height\":800,\"caption\":\"10 porciones variadas Premium\"},{\"@type\":\"BreadcrumbList\",\"@id\":\"https:\/\/pablogarrigos.com\/chocolates-y-fruites\/estuche-10-porciones-variadas-premium-170-g\/#breadcrumb\",\"itemListElement\":[{\"@type\":\"ListItem\",\"position\":1,\"name\":\"Home\",\"item\":\"https:\/\/pablogarrigos.com\/en\/\"},{\"@type\":\"ListItem\",\"position\":2,\"name\":\"Tienda\",\"item\":\"https:\/\/pablogarrigos.com\/en\/tienda\/\"},{\"@type\":\"ListItem\",\"position\":3,\"name\":\"Estuche 10 Porciones variadas Premium 170g\"}]},{\"@type\":\"WebSite\",\"@id\":\"https:\/\/pablogarrigos.com\/#website\",\"url\":\"https:\/\/pablogarrigos.com\/\",\"name\":\"Pablo Garrig\u00f3s Iba\u00f1ez\",\"description\":\"El Sentido del Gusto\",\"publisher\":{\"@id\":\"https:\/\/pablogarrigos.com\/#organization\"},\"potentialAction\":[{\"@type\":\"SearchAction\",\"target\":{\"@type\":\"EntryPoint\",\"urlTemplate\":\"https:\/\/pablogarrigos.com\/?s={search_term_string}\"},\"query-input\":{\"@type\":\"PropertyValueSpecification\",\"valueRequired\":true,\"valueName\":\"search_term_string\"}}],\"inLanguage\":\"it-IT\"},{\"@type\":\"Organization\",\"@id\":\"https:\/\/pablogarrigos.com\/#organization\",\"name\":\"Pablo Garrig\u00f3s Iba\u00f1ez\",\"url\":\"https:\/\/pablogarrigos.com\/\",\"logo\":{\"@type\":\"ImageObject\",\"inLanguage\":\"it-IT\",\"@id\":\"https:\/\/pablogarrigos.com\/#\/schema\/logo\/image\/\",\"url\":\"https:\/\/pablogarrigos.com\/wp-content\/uploads\/2024\/02\/logo-pablogarrigos.png\",\"contentUrl\":\"https:\/\/pablogarrigos.com\/wp-content\/uploads\/2024\/02\/logo-pablogarrigos.png\",\"width\":1247,\"height\":480,\"caption\":\"Pablo Garrig\u00f3s Iba\u00f1ez\"},\"image\":{\"@id\":\"https:\/\/pablogarrigos.com\/#\/schema\/logo\/image\/\"}}]}<\/script>\n<!-- \/ Yoast SEO plugin. -->","yoast_head_json":{"title":"Cassa di 10 porzioni assortite Premium | Turrones Pablo Garrig\u00f3s Ib\u00e1\u00f1ez","description":"Godetevi un viaggio sensoriale con la nostra scatola da 10 porzioni assortite Premium. Una selezione di 5 dei nostri migliori torroni: Alicante, guirlache con semi di sesamo, cioccolato al latte con mandorle, cioccolato fondente con mandorle e cioccolato al latte con noci di macadamia. Un regalo perfetto per gli amanti del buon torrone!","robots":{"index":"index","follow":"follow","max-snippet":"max-snippet:-1","max-image-preview":"max-image-preview:large","max-video-preview":"max-video-preview:-1"},"canonical":"https:\/\/pablogarrigos.com\/it\/chocolates-y-fruites\/estuche-10-porciones-variadas-premium-170-g\/","og_locale":"it_IT","og_type":"article","og_title":"Estuche 10 Porciones Variadas Premium | Turrones Pablo Garrig\u00f3s Ib\u00e1\u00f1ez","og_description":"Disfruta de un viaje sensorial con nuestro Estuche 10 Porciones Variadas Premium. Una selecci\u00f3n de 5 de nuestros mejores turrones: Alicante, guirlache con ajonjol\u00ed, chocolate con leche y almendras, chocolate fondant con almendras y chocolate con leche y nueces de macadamia. \u00a1Un regalo perfecto para los amantes del buen turr\u00f3n!","og_url":"https:\/\/pablogarrigos.com\/it\/chocolates-y-fruites\/estuche-10-porciones-variadas-premium-170-g\/","og_site_name":"Pablo Garrig\u00f3s Iba\u00f1ez","article_modified_time":"2025-09-03T12:53:26+00:00","og_image":[{"width":800,"height":800,"url":"https:\/\/pablogarrigos.com\/wp-content\/uploads\/2024\/02\/10-porciones-variadas-Premium-800x800-1.jpg","type":"image\/jpeg"}],"twitter_card":"summary_large_image","twitter_misc":{"Tempo di lettura stimato":"2 minuti"},"schema":{"@context":"https:\/\/schema.org","@graph":[{"@type":"WebPage","@id":"https:\/\/pablogarrigos.com\/chocolates-y-fruites\/estuche-10-porciones-variadas-premium-170-g\/","url":"https:\/\/pablogarrigos.com\/chocolates-y-fruites\/estuche-10-porciones-variadas-premium-170-g\/","name":"Cassa di 10 porzioni assortite Premium | Turrones Pablo Garrig\u00f3s Ib\u00e1\u00f1ez","isPartOf":{"@id":"https:\/\/pablogarrigos.com\/#website"},"primaryImageOfPage":{"@id":"https:\/\/pablogarrigos.com\/chocolates-y-fruites\/estuche-10-porciones-variadas-premium-170-g\/#primaryimage"},"image":{"@id":"https:\/\/pablogarrigos.com\/chocolates-y-fruites\/estuche-10-porciones-variadas-premium-170-g\/#primaryimage"},"thumbnailUrl":"https:\/\/pablogarrigos.com\/wp-content\/uploads\/2024\/02\/10-porciones-variadas-Premium-800x800-1.jpg","datePublished":"2024-02-20T14:10:20+00:00","dateModified":"2025-09-03T12:53:26+00:00","description":"Godetevi un viaggio sensoriale con la nostra scatola da 10 porzioni assortite Premium. Una selezione di 5 dei nostri migliori torroni: Alicante, guirlache con semi di sesamo, cioccolato al latte con mandorle, cioccolato fondente con mandorle e cioccolato al latte con noci di macadamia. Un regalo perfetto per gli amanti del buon torrone!","breadcrumb":{"@id":"https:\/\/pablogarrigos.com\/chocolates-y-fruites\/estuche-10-porciones-variadas-premium-170-g\/#breadcrumb"},"inLanguage":"it-IT","potentialAction":[{"@type":"ReadAction","target":["https:\/\/pablogarrigos.com\/chocolates-y-fruites\/estuche-10-porciones-variadas-premium-170-g\/"]}]},{"@type":"ImageObject","inLanguage":"it-IT","@id":"https:\/\/pablogarrigos.com\/chocolates-y-fruites\/estuche-10-porciones-variadas-premium-170-g\/#primaryimage","url":"https:\/\/pablogarrigos.com\/wp-content\/uploads\/2024\/02\/10-porciones-variadas-Premium-800x800-1.jpg","contentUrl":"https:\/\/pablogarrigos.com\/wp-content\/uploads\/2024\/02\/10-porciones-variadas-Premium-800x800-1.jpg","width":800,"height":800,"caption":"10 porciones variadas Premium"},{"@type":"BreadcrumbList","@id":"https:\/\/pablogarrigos.com\/chocolates-y-fruites\/estuche-10-porciones-variadas-premium-170-g\/#breadcrumb","itemListElement":[{"@type":"ListItem","position":1,"name":"Home","item":"https:\/\/pablogarrigos.com\/en\/"},{"@type":"ListItem","position":2,"name":"Tienda","item":"https:\/\/pablogarrigos.com\/en\/tienda\/"},{"@type":"ListItem","position":3,"name":"Estuche 10 Porciones variadas Premium 170g"}]},{"@type":"WebSite","@id":"https:\/\/pablogarrigos.com\/#website","url":"https:\/\/pablogarrigos.com\/","name":"Pablo Garrig\u00f3s Iba\u00f1ez","description":"Il senso del gusto","publisher":{"@id":"https:\/\/pablogarrigos.com\/#organization"},"potentialAction":[{"@type":"SearchAction","target":{"@type":"EntryPoint","urlTemplate":"https:\/\/pablogarrigos.com\/?s={search_term_string}"},"query-input":{"@type":"PropertyValueSpecification","valueRequired":true,"valueName":"search_term_string"}}],"inLanguage":"it-IT"},{"@type":"Organization","@id":"https:\/\/pablogarrigos.com\/#organization","name":"Pablo Garrig\u00f3s Iba\u00f1ez","url":"https:\/\/pablogarrigos.com\/","logo":{"@type":"ImageObject","inLanguage":"it-IT","@id":"https:\/\/pablogarrigos.com\/#\/schema\/logo\/image\/","url":"https:\/\/pablogarrigos.com\/wp-content\/uploads\/2024\/02\/logo-pablogarrigos.png","contentUrl":"https:\/\/pablogarrigos.com\/wp-content\/uploads\/2024\/02\/logo-pablogarrigos.png","width":1247,"height":480,"caption":"Pablo Garrig\u00f3s Iba\u00f1ez"},"image":{"@id":"https:\/\/pablogarrigos.com\/#\/schema\/logo\/image\/"}}]}},"_links":{"self":[{"href":"https:\/\/pablogarrigos.com\/it\/wp-json\/wp\/v2\/product\/537","targetHints":{"allow":["GET"]}}],"collection":[{"href":"https:\/\/pablogarrigos.com\/it\/wp-json\/wp\/v2\/product"}],"about":[{"href":"https:\/\/pablogarrigos.com\/it\/wp-json\/wp\/v2\/types\/product"}],"wp:featuredmedia":[{"embeddable":true,"href":"https:\/\/pablogarrigos.com\/it\/wp-json\/wp\/v2\/media\/538"}],"wp:attachment":[{"href":"https:\/\/pablogarrigos.com\/it\/wp-json\/wp\/v2\/media?parent=537"}],"wp:term":[{"taxonomy":"product_brand","embeddable":true,"href":"https:\/\/pablogarrigos.com\/it\/wp-json\/wp\/v2\/product_brand?post=537"},{"taxonomy":"product_cat","embeddable":true,"href":"https:\/\/pablogarrigos.com\/it\/wp-json\/wp\/v2\/product_cat?post=537"},{"taxonomy":"product_tag","embeddable":true,"href":"https:\/\/pablogarrigos.com\/it\/wp-json\/wp\/v2\/product_tag?post=537"}],"curies":[{"name":"wp","href":"https:\/\/api.w.org\/{rel}","templated":true}]}}