{"id":5285,"date":"2025-11-13T11:08:50","date_gmt":"2025-11-13T10:08:50","guid":{"rendered":"https:\/\/pablogarrigos.com\/?post_type=product&#038;p=5285"},"modified":"2026-01-21T08:24:19","modified_gmt":"2026-01-21T07:24:19","slug":"turron-de-almendra-marcona-avellana-y-pistacho-cristal-rilsan-delicatessen-250g","status":"publish","type":"product","link":"https:\/\/pablogarrigos.com\/it\/turrones\/turron-de-almendra-marcona-avellana-y-pistacho-cristal-rilsan-delicatessen-250g\/","title":{"rendered":"Turr\u00f3n de Almendra Marcona, Avellana y Pistacho Cristal Rilsan Delicatessen 250g"},"content":{"rendered":"<p><strong>Mandorla<\/strong> Marcona selezionati e tostati 36%, <strong>nocciola<\/strong> selezionati e tostati 23%, miele di rosmarino 16%, zucchero, <strong>pistacchio<\/strong> 9%, sciroppo di glucosio e superficie della cialda (fecola di patate e olio di girasole). <strong>Pu\u00f2 contenere tracce di sesamo, uova e altra frutta a guscio.<\/strong><\/p>\n<p><strong>Conservar en un lugar fresco y seco. 18\u00ba-22\u00baC.<\/strong><\/p>","protected":false},"excerpt":{"rendered":"<div class=\"woocommerce-product-details__short-description vu_p-desc\">\n<p>Nuova tavoletta di torrone alla mandorla Marcona, nocciola e pistacchio in formato da 250 grammi.<\/p>\n<\/div>","protected":false},"featured_media":5286,"template":"","meta":{"_acf_changed":false,"inline_featured_image":false},"product_brand":[],"product_cat":[21,18],"product_tag":[],"class_list":{"0":"post-5285","1":"product","2":"type-product","3":"status-publish","4":"has-post-thumbnail","6":"product_cat-delicatessen","7":"product_cat-turrones","9":"first","10":"instock","11":"taxable","12":"shipping-taxable","13":"purchasable","14":"product-type-simple"},"acf":[],"yoast_head":"<!-- This site is optimized with the Yoast SEO plugin v26.5 - https:\/\/yoast.com\/wordpress\/plugins\/seo\/ -->\n<title>Turr\u00f3n Almendra Marcona Avellana Pistacho Cristal Delicatessen | Pablo Garrig\u00f3s Ib\u00e1\u00f1ez<\/title>\n<meta name=\"description\" content=\"Saborea la tradici\u00f3n alicantina con el Turr\u00f3n de Almendra Marcona, Avellana y Pistacho Cristal Delicatessen. Un fest\u00edn de sabores y texturas.\" \/>\n<meta name=\"robots\" content=\"index, follow, max-snippet:-1, max-image-preview:large, max-video-preview:-1\" \/>\n<link rel=\"canonical\" href=\"https:\/\/pablogarrigos.com\/it\/turrones\/turron-de-almendra-marcona-avellana-y-pistacho-cristal-rilsan-delicatessen-250g\/\" \/>\n<meta property=\"og:locale\" content=\"it_IT\" \/>\n<meta property=\"og:type\" content=\"article\" \/>\n<meta property=\"og:title\" content=\"Turr\u00f3n Almendra Marcona Avellana Pistacho Cristal Delicatessen | Pablo Garrig\u00f3s Ib\u00e1\u00f1ez\" \/>\n<meta property=\"og:description\" content=\"Saborea la tradici\u00f3n alicantina con el Turr\u00f3n de Almendra Marcona, Avellana y Pistacho Cristal Delicatessen. Un fest\u00edn de sabores y texturas.\" \/>\n<meta property=\"og:url\" content=\"https:\/\/pablogarrigos.com\/it\/turrones\/turron-de-almendra-marcona-avellana-y-pistacho-cristal-rilsan-delicatessen-250g\/\" \/>\n<meta property=\"og:site_name\" content=\"Pablo Garrig\u00f3s Iba\u00f1ez\" \/>\n<meta property=\"article:modified_time\" content=\"2026-01-21T07:24:19+00:00\" \/>\n<meta property=\"og:image\" content=\"https:\/\/pablogarrigos.com\/wp-content\/uploads\/2025\/11\/1.png\" \/>\n\t<meta property=\"og:image:width\" content=\"625\" \/>\n\t<meta property=\"og:image:height\" content=\"625\" \/>\n\t<meta property=\"og:image:type\" content=\"image\/png\" \/>\n<meta name=\"twitter:card\" content=\"summary_large_image\" \/>\n<meta name=\"twitter:label1\" content=\"Tempo di lettura stimato\" \/>\n\t<meta name=\"twitter:data1\" content=\"1 minuto\" \/>\n<script type=\"application\/ld+json\" class=\"yoast-schema-graph\">{\"@context\":\"https:\/\/schema.org\",\"@graph\":[{\"@type\":\"WebPage\",\"@id\":\"https:\/\/pablogarrigos.com\/turrones\/turron-de-almendra-marcona-avellana-y-pistacho-cristal-rilsan-delicatessen-250g\/\",\"url\":\"https:\/\/pablogarrigos.com\/turrones\/turron-de-almendra-marcona-avellana-y-pistacho-cristal-rilsan-delicatessen-250g\/\",\"name\":\"Turr\u00f3n Almendra Marcona Avellana Pistacho Cristal Delicatessen | Pablo Garrig\u00f3s Ib\u00e1\u00f1ez\",\"isPartOf\":{\"@id\":\"https:\/\/pablogarrigos.com\/#website\"},\"primaryImageOfPage\":{\"@id\":\"https:\/\/pablogarrigos.com\/turrones\/turron-de-almendra-marcona-avellana-y-pistacho-cristal-rilsan-delicatessen-250g\/#primaryimage\"},\"image\":{\"@id\":\"https:\/\/pablogarrigos.com\/turrones\/turron-de-almendra-marcona-avellana-y-pistacho-cristal-rilsan-delicatessen-250g\/#primaryimage\"},\"thumbnailUrl\":\"https:\/\/pablogarrigos.com\/wp-content\/uploads\/2025\/11\/1.png\",\"datePublished\":\"2025-11-13T10:08:50+00:00\",\"dateModified\":\"2026-01-21T07:24:19+00:00\",\"description\":\"Saborea la tradici\u00f3n alicantina con el Turr\u00f3n de Almendra Marcona, Avellana y Pistacho Cristal Delicatessen. Un fest\u00edn de sabores y texturas.\",\"breadcrumb\":{\"@id\":\"https:\/\/pablogarrigos.com\/turrones\/turron-de-almendra-marcona-avellana-y-pistacho-cristal-rilsan-delicatessen-250g\/#breadcrumb\"},\"inLanguage\":\"it-IT\",\"potentialAction\":[{\"@type\":\"ReadAction\",\"target\":[\"https:\/\/pablogarrigos.com\/turrones\/turron-de-almendra-marcona-avellana-y-pistacho-cristal-rilsan-delicatessen-250g\/\"]}]},{\"@type\":\"ImageObject\",\"inLanguage\":\"it-IT\",\"@id\":\"https:\/\/pablogarrigos.com\/turrones\/turron-de-almendra-marcona-avellana-y-pistacho-cristal-rilsan-delicatessen-250g\/#primaryimage\",\"url\":\"https:\/\/pablogarrigos.com\/wp-content\/uploads\/2025\/11\/1.png\",\"contentUrl\":\"https:\/\/pablogarrigos.com\/wp-content\/uploads\/2025\/11\/1.png\",\"width\":625,\"height\":625},{\"@type\":\"BreadcrumbList\",\"@id\":\"https:\/\/pablogarrigos.com\/turrones\/turron-de-almendra-marcona-avellana-y-pistacho-cristal-rilsan-delicatessen-250g\/#breadcrumb\",\"itemListElement\":[{\"@type\":\"ListItem\",\"position\":1,\"name\":\"Home\",\"item\":\"https:\/\/pablogarrigos.com\/en\/\"},{\"@type\":\"ListItem\",\"position\":2,\"name\":\"Tienda\",\"item\":\"https:\/\/pablogarrigos.com\/en\/tienda\/\"},{\"@type\":\"ListItem\",\"position\":3,\"name\":\"Turr\u00f3n de Almendra Marcona, Avellana y Pistacho Cristal Rilsan Delicatessen 250g\"}]},{\"@type\":\"WebSite\",\"@id\":\"https:\/\/pablogarrigos.com\/#website\",\"url\":\"https:\/\/pablogarrigos.com\/\",\"name\":\"Pablo Garrig\u00f3s Iba\u00f1ez\",\"description\":\"El Sentido del Gusto\",\"publisher\":{\"@id\":\"https:\/\/pablogarrigos.com\/#organization\"},\"potentialAction\":[{\"@type\":\"SearchAction\",\"target\":{\"@type\":\"EntryPoint\",\"urlTemplate\":\"https:\/\/pablogarrigos.com\/?s={search_term_string}\"},\"query-input\":{\"@type\":\"PropertyValueSpecification\",\"valueRequired\":true,\"valueName\":\"search_term_string\"}}],\"inLanguage\":\"it-IT\"},{\"@type\":\"Organization\",\"@id\":\"https:\/\/pablogarrigos.com\/#organization\",\"name\":\"Pablo Garrig\u00f3s Iba\u00f1ez\",\"url\":\"https:\/\/pablogarrigos.com\/\",\"logo\":{\"@type\":\"ImageObject\",\"inLanguage\":\"it-IT\",\"@id\":\"https:\/\/pablogarrigos.com\/#\/schema\/logo\/image\/\",\"url\":\"https:\/\/pablogarrigos.com\/wp-content\/uploads\/2024\/02\/logo-pablogarrigos.png\",\"contentUrl\":\"https:\/\/pablogarrigos.com\/wp-content\/uploads\/2024\/02\/logo-pablogarrigos.png\",\"width\":1247,\"height\":480,\"caption\":\"Pablo Garrig\u00f3s Iba\u00f1ez\"},\"image\":{\"@id\":\"https:\/\/pablogarrigos.com\/#\/schema\/logo\/image\/\"}}]}<\/script>\n<!-- \/ Yoast SEO plugin. -->","yoast_head_json":{"title":"Torrone Mandorla Marcona Nocciola Pistacchio Cristal Delicatessen | Pablo Garrig\u00f3s Ib\u00e1\u00f1ez","description":"Assaporate la tradizione di Alicante con il Torrone Cristal Delicatessen alla mandorla Marcona, nocciola e pistacchio. Una festa di sapori e consistenze.","robots":{"index":"index","follow":"follow","max-snippet":"max-snippet:-1","max-image-preview":"max-image-preview:large","max-video-preview":"max-video-preview:-1"},"canonical":"https:\/\/pablogarrigos.com\/it\/turrones\/turron-de-almendra-marcona-avellana-y-pistacho-cristal-rilsan-delicatessen-250g\/","og_locale":"it_IT","og_type":"article","og_title":"Turr\u00f3n Almendra Marcona Avellana Pistacho Cristal Delicatessen | Pablo Garrig\u00f3s Ib\u00e1\u00f1ez","og_description":"Saborea la tradici\u00f3n alicantina con el Turr\u00f3n de Almendra Marcona, Avellana y Pistacho Cristal Delicatessen. Un fest\u00edn de sabores y texturas.","og_url":"https:\/\/pablogarrigos.com\/it\/turrones\/turron-de-almendra-marcona-avellana-y-pistacho-cristal-rilsan-delicatessen-250g\/","og_site_name":"Pablo Garrig\u00f3s Iba\u00f1ez","article_modified_time":"2026-01-21T07:24:19+00:00","og_image":[{"width":625,"height":625,"url":"https:\/\/pablogarrigos.com\/wp-content\/uploads\/2025\/11\/1.png","type":"image\/png"}],"twitter_card":"summary_large_image","twitter_misc":{"Tempo di lettura stimato":"1 minuto"},"schema":{"@context":"https:\/\/schema.org","@graph":[{"@type":"WebPage","@id":"https:\/\/pablogarrigos.com\/turrones\/turron-de-almendra-marcona-avellana-y-pistacho-cristal-rilsan-delicatessen-250g\/","url":"https:\/\/pablogarrigos.com\/turrones\/turron-de-almendra-marcona-avellana-y-pistacho-cristal-rilsan-delicatessen-250g\/","name":"Torrone Mandorla Marcona Nocciola Pistacchio Cristal Delicatessen | Pablo Garrig\u00f3s Ib\u00e1\u00f1ez","isPartOf":{"@id":"https:\/\/pablogarrigos.com\/#website"},"primaryImageOfPage":{"@id":"https:\/\/pablogarrigos.com\/turrones\/turron-de-almendra-marcona-avellana-y-pistacho-cristal-rilsan-delicatessen-250g\/#primaryimage"},"image":{"@id":"https:\/\/pablogarrigos.com\/turrones\/turron-de-almendra-marcona-avellana-y-pistacho-cristal-rilsan-delicatessen-250g\/#primaryimage"},"thumbnailUrl":"https:\/\/pablogarrigos.com\/wp-content\/uploads\/2025\/11\/1.png","datePublished":"2025-11-13T10:08:50+00:00","dateModified":"2026-01-21T07:24:19+00:00","description":"Assaporate la tradizione di Alicante con il Torrone Cristal Delicatessen alla mandorla Marcona, nocciola e pistacchio. Una festa di sapori e consistenze.","breadcrumb":{"@id":"https:\/\/pablogarrigos.com\/turrones\/turron-de-almendra-marcona-avellana-y-pistacho-cristal-rilsan-delicatessen-250g\/#breadcrumb"},"inLanguage":"it-IT","potentialAction":[{"@type":"ReadAction","target":["https:\/\/pablogarrigos.com\/turrones\/turron-de-almendra-marcona-avellana-y-pistacho-cristal-rilsan-delicatessen-250g\/"]}]},{"@type":"ImageObject","inLanguage":"it-IT","@id":"https:\/\/pablogarrigos.com\/turrones\/turron-de-almendra-marcona-avellana-y-pistacho-cristal-rilsan-delicatessen-250g\/#primaryimage","url":"https:\/\/pablogarrigos.com\/wp-content\/uploads\/2025\/11\/1.png","contentUrl":"https:\/\/pablogarrigos.com\/wp-content\/uploads\/2025\/11\/1.png","width":625,"height":625},{"@type":"BreadcrumbList","@id":"https:\/\/pablogarrigos.com\/turrones\/turron-de-almendra-marcona-avellana-y-pistacho-cristal-rilsan-delicatessen-250g\/#breadcrumb","itemListElement":[{"@type":"ListItem","position":1,"name":"Home","item":"https:\/\/pablogarrigos.com\/en\/"},{"@type":"ListItem","position":2,"name":"Tienda","item":"https:\/\/pablogarrigos.com\/en\/tienda\/"},{"@type":"ListItem","position":3,"name":"Turr\u00f3n de Almendra Marcona, Avellana y Pistacho Cristal Rilsan Delicatessen 250g"}]},{"@type":"WebSite","@id":"https:\/\/pablogarrigos.com\/#website","url":"https:\/\/pablogarrigos.com\/","name":"Pablo Garrig\u00f3s Iba\u00f1ez","description":"Il senso del gusto","publisher":{"@id":"https:\/\/pablogarrigos.com\/#organization"},"potentialAction":[{"@type":"SearchAction","target":{"@type":"EntryPoint","urlTemplate":"https:\/\/pablogarrigos.com\/?s={search_term_string}"},"query-input":{"@type":"PropertyValueSpecification","valueRequired":true,"valueName":"search_term_string"}}],"inLanguage":"it-IT"},{"@type":"Organization","@id":"https:\/\/pablogarrigos.com\/#organization","name":"Pablo Garrig\u00f3s Iba\u00f1ez","url":"https:\/\/pablogarrigos.com\/","logo":{"@type":"ImageObject","inLanguage":"it-IT","@id":"https:\/\/pablogarrigos.com\/#\/schema\/logo\/image\/","url":"https:\/\/pablogarrigos.com\/wp-content\/uploads\/2024\/02\/logo-pablogarrigos.png","contentUrl":"https:\/\/pablogarrigos.com\/wp-content\/uploads\/2024\/02\/logo-pablogarrigos.png","width":1247,"height":480,"caption":"Pablo Garrig\u00f3s Iba\u00f1ez"},"image":{"@id":"https:\/\/pablogarrigos.com\/#\/schema\/logo\/image\/"}}]}},"_links":{"self":[{"href":"https:\/\/pablogarrigos.com\/it\/wp-json\/wp\/v2\/product\/5285","targetHints":{"allow":["GET"]}}],"collection":[{"href":"https:\/\/pablogarrigos.com\/it\/wp-json\/wp\/v2\/product"}],"about":[{"href":"https:\/\/pablogarrigos.com\/it\/wp-json\/wp\/v2\/types\/product"}],"wp:featuredmedia":[{"embeddable":true,"href":"https:\/\/pablogarrigos.com\/it\/wp-json\/wp\/v2\/media\/5286"}],"wp:attachment":[{"href":"https:\/\/pablogarrigos.com\/it\/wp-json\/wp\/v2\/media?parent=5285"}],"wp:term":[{"taxonomy":"product_brand","embeddable":true,"href":"https:\/\/pablogarrigos.com\/it\/wp-json\/wp\/v2\/product_brand?post=5285"},{"taxonomy":"product_cat","embeddable":true,"href":"https:\/\/pablogarrigos.com\/it\/wp-json\/wp\/v2\/product_cat?post=5285"},{"taxonomy":"product_tag","embeddable":true,"href":"https:\/\/pablogarrigos.com\/it\/wp-json\/wp\/v2\/product_tag?post=5285"}],"curies":[{"name":"wp","href":"https:\/\/api.w.org\/{rel}","templated":true}]}}