{"id":524,"date":"2024-02-20T16:04:20","date_gmt":"2024-02-20T15:04:20","guid":{"rendered":"https:\/\/pablogarrigos.com\/index.php\/product\/baul-surtido-especial-delicatessen\/"},"modified":"2025-11-19T16:35:39","modified_gmt":"2025-11-19T15:35:39","slug":"baul-surtido-especial-delicatessen","status":"publish","type":"product","link":"https:\/\/pablogarrigos.com\/it\/estuches-de-regalo\/baul-surtido-especial-delicatessen\/","title":{"rendered":"Cassetta di assortimento di specialit\u00e0 gastronomiche speciali"},"content":{"rendered":"<p>TURR\u00d3N DE JIJONA: <strong>Mandorla<\/strong> 74%, miele di fiori d'arancio 17%, zucchero e albume d'uovo 74%, miele di fiori d'arancio 17%, zucchero e albume d'uovo 74% <strong>Uovo. Pu\u00f2 contenere tracce di sesamo e nocciole.<\/strong><\/p>\n<p>TURR\u00d3N DE ALICANTE: <strong>Mandorla<\/strong> 68%, miele di rosmarino 16%, zucchero, sciroppo di glucosio, superficie di wafer (fecola di patate e olio di girasole) e albume d'uovo 68%, zucchero, sciroppo di glucosio, superficie di wafer di fecola di patate (fecola di patate e olio di girasole) e albume d'uovo <strong>Uovo. Pu\u00f2 contenere tracce di sesamo e nocciole.<\/strong><\/p>\n<p>TORRONE DI TUORLO D'UOVO ARROSTITO: <strong>Mandorla<\/strong> selezionato, tuorlo d'uovo <strong>uovo<\/strong> candito 36% (tuorlo d'uovo candito) <strong>uovo<\/strong> 50%, zucchero, sciroppo di glucosio e conservante (E-200)), <strong>crema di latte<\/strong> e aroma di vaniglia. <strong>Pu\u00f2 contenere tracce di frutta a guscio.<\/strong><\/p>\n<p>TORRONE AL CIOCCOLATO AL LATTE CON LATTE E MANDORLE: <strong>Mandorla<\/strong> marcona, 40% selezionati e tostati, zucchero, burro di cacao, <strong>latte<\/strong> cacao intero in polvere 11%, massa di cacao, <strong>siero di latte<\/strong> in polvere, emulsionante (lecitina di olio vegetale), emulsionante (lecitina di olio vegetale), emulsionante (lecitina di olio vegetale) e <strong>soia<\/strong>) e aroma naturale di vaniglia. Cacao min. 18%. <strong>Pu\u00f2 contenere tracce di altra frutta a guscio.<\/strong><\/p>\n<p>TORRONE DI TORRONE CON SEMI DI SESAMO: <strong>Mandorla<\/strong> marcona con buccia tostata selezionata 64%, miele di rosmarino 15%, zucchero, sciroppo di glucosio, <strong>sesamo<\/strong> e wafer (fecola di patate e olio di girasole). <strong>Pu\u00f2 contenere tracce di albume e nocciole.<\/strong><\/p>\n<p>TORRONE COTTO SU PIETRA: <strong>Mandorla<\/strong> 60%, zucchero e scorza di limone e cannella. <strong>Pu\u00f2 contenere farina di frumento, noci e sesamo.<\/strong><\/p>\n<p>TORTA DE TURR\u00d3N DE CHOCOLATE FONDANT: pasta di cacao, <strong>mandorla<\/strong> 30%, zucchero, burro di cacao, emulsionante (lecitina di burro di cacao, burro di cacao), burro di marcona, zucchero, burro di cacao, burro di cacao, burro di cacao. <strong>soia<\/strong>) e aroma naturale di vaniglia. <strong>Pu\u00f2 contenere tracce di latte e altra frutta a guscio.<\/strong><\/p>\n<p>POLVORONES ALLE MANDORLE: <strong>Mandorla<\/strong> marcona, selezionati e tostati 38%, farina di <strong>grano<\/strong>zucchero, strutto, cannella e scorza di limone. <strong>Contiene cereali contenenti glutine.<\/strong><\/p>\n<p>GALLETTA DI CIOCCOLATO AL LATTE E MANDORLE SPECULOSE: 81% cioccolato al latte di copertura (zucchero, burro di cacao, burro di cacao), <strong>latte<\/strong> cacao intero in polvere, massa di cacao, <strong>siero di latte<\/strong> in polvere, emulsionante (lecitina di olio vegetale), emulsionante (lecitina di olio vegetale), emulsionante (lecitina di olio vegetale) e <strong>soia<\/strong>) e aroma naturale di vaniglia). Biscotto Speculoo 15% (farina, farina, zucchero). <strong>grano<\/strong>zucchero, olio e grassi vegetali (palma, colza), sciroppo di zucchero di canna, farina vegetale (palma, colza), zucchero, olio e grassi vegetali (palma, colza), sciroppo di zucchero di canna, farina vegetale <strong>soia<\/strong>(maltodestrina, sale e cannella) e lampone liofilizzato 4% (maltodestrina e lampone). <strong>Pu\u00f2 contenere glutine, sesamo e altra frutta a guscio.<\/strong><\/p>\n<p>CIOCCOLATO AL CARAMELLO CON ARANCIA, MANDORLE DI MARCONA E PISTACHO: cioccolato bianco al caramello 70% (burro di cacao, zucchero, burro di cacao), <strong>latte<\/strong> polvere, <strong>latte<\/strong> polvere scremata, <strong>siero di latte<\/strong>burro, burro <strong>latte<\/strong>emulsionante (lecitina di olio vegetale), emulsionante (lecitina di olio vegetale), emulsionante (lecitina di olio vegetale) <strong>soia<\/strong>), estratto naturale di vaniglia), arancia candita 15% (arancia, sciroppo di glucosio, zucchero e conservanti (E202 e E223)), <strong>mandorla<\/strong> marcona 10% e <strong>pistacchio<\/strong> 5%. <strong>Contiene solfiti. Pu\u00f2 contenere glutine, tracce di uova e altra frutta a guscio.<\/strong><\/p>\n<p>FONDENTE AL CIOCCOLATO DI FRUMENTO E CIOCCOLATO: Zucchero, burro di cacao, <strong>latte<\/strong> polvere parzialmente scremata 12%, pasta di cacao, lampone liofilizzato 5%, cacao in polvere, emulsionante (lecitina di cacao, burro di cacao, burro di cacao, burro di cacao, burro di cacao, burro di cacao, burro di cacao, polvere di cacao, emulsionante (lecitina di burro di cacao, burro di cacao). <strong>soia<\/strong>), aroma di vaniglia e copertura (acqua, maltodestrina, olio vegetale di palma, addensante (gomma di xantano), correttore di acidit\u00e0 (acido citrico) e conservante (sorbato di potassio)). Copertura minima di cioccolato fondente 62%. Copertura minima di cioccolato bianco al cacao 29,5%. <strong>Pu\u00f2 contenere tracce di uova, arachidi e altra frutta a guscio.<\/strong><\/p>\n<p>FRUIT\u00c9S 8 VARIETADES: Zucchero, polpa di frutta 35% (mela, albicocca), sciroppo di glucosio, acqua, gelificante (pectina), acqua, correttore di acidit\u00e0 (acido citrico), aromi (fragola, mandarino, ananas, uva, albicocca, lampone, prugna e mela), coloranti (riboflavina, acido carminico, clorofilla, luteina, rosso di barbabietola e ibisco). <strong>Pu\u00f2 contenere tracce di latte, uova, soia e solfiti.<\/strong><\/p>\n<p>FONDENTE AL CIOCCOLATO ALL'ARANCIA: Zucchero, pasta di cacao, scorza d'arancia, burro di cacao, sciroppo di glucosio e fruttosio, emulsionante (lecitina di cacao), burro di cacao, burro di cacao, pasta di cacao, burro di cacao, burro di cacao. <strong>soia<\/strong>), aroma naturale di vaniglia, correttore di acidit\u00e0 (acido citrico) e conservanti (sorbato di potassio e bisolfito di sodio). Cacao minimo: 52%. <strong>Contiene solfiti. Pu\u00f2 contenere tracce di: latte e nocciole.<\/strong><\/p>","protected":false},"excerpt":{"rendered":"<p>Stivale con un grande e delizioso assortimento speciale della gamma Delicatessen<\/p>","protected":false},"featured_media":5421,"template":"","meta":{"_acf_changed":false,"inline_featured_image":false},"product_brand":[],"product_cat":[20,22,16,19,18],"product_tag":[],"class_list":{"0":"post-524","1":"product","2":"type-product","3":"status-publish","4":"has-post-thumbnail","6":"product_cat-chocolates-y-fruites","7":"product_cat-estuches-de-regalo","8":"product_cat-pasteleria","9":"product_cat-premium","10":"product_cat-turrones","12":"first","13":"instock","14":"taxable","15":"shipping-taxable","16":"purchasable","17":"product-type-simple"},"acf":[],"yoast_head":"<!-- This site is optimized with the Yoast SEO plugin v26.5 - https:\/\/yoast.com\/wordpress\/plugins\/seo\/ -->\n<title>Ba\u00fal Surtido Especial Delicatessen | Pablo Garrig\u00f3s Ib\u00e1\u00f1ez<\/title>\n<meta name=\"description\" content=\"Descubre un universo de sabores con nuestro Ba\u00fal Surtido Especial Delicatessen. 12 dulces navide\u00f1os gourmet para disfrutar en familia.\" \/>\n<meta name=\"robots\" content=\"index, follow, max-snippet:-1, max-image-preview:large, max-video-preview:-1\" \/>\n<link rel=\"canonical\" href=\"https:\/\/pablogarrigos.com\/it\/estuches-de-regalo\/baul-surtido-especial-delicatessen\/\" \/>\n<meta property=\"og:locale\" content=\"it_IT\" \/>\n<meta property=\"og:type\" content=\"article\" \/>\n<meta property=\"og:title\" content=\"Ba\u00fal Surtido Especial Delicatessen | Pablo Garrig\u00f3s Ib\u00e1\u00f1ez\" \/>\n<meta property=\"og:description\" content=\"Descubre un universo de sabores con nuestro Ba\u00fal Surtido Especial Delicatessen. 12 dulces navide\u00f1os gourmet para disfrutar en familia.\" \/>\n<meta property=\"og:url\" content=\"https:\/\/pablogarrigos.com\/it\/estuches-de-regalo\/baul-surtido-especial-delicatessen\/\" \/>\n<meta property=\"og:site_name\" content=\"Pablo Garrig\u00f3s Iba\u00f1ez\" \/>\n<meta property=\"article:modified_time\" content=\"2025-11-19T15:35:39+00:00\" \/>\n<meta property=\"og:image\" content=\"https:\/\/pablogarrigos.com\/wp-content\/uploads\/2024\/02\/delo04-baul-surtido-especial-delicatessen-contenido.jpg\" \/>\n\t<meta property=\"og:image:width\" content=\"2048\" \/>\n\t<meta property=\"og:image:height\" content=\"1227\" \/>\n\t<meta property=\"og:image:type\" content=\"image\/jpeg\" \/>\n<meta name=\"twitter:card\" content=\"summary_large_image\" \/>\n<meta name=\"twitter:label1\" content=\"Tempo di lettura stimato\" \/>\n\t<meta name=\"twitter:data1\" content=\"3 minuti\" \/>\n<script type=\"application\/ld+json\" class=\"yoast-schema-graph\">{\"@context\":\"https:\/\/schema.org\",\"@graph\":[{\"@type\":\"WebPage\",\"@id\":\"https:\/\/pablogarrigos.com\/estuches-de-regalo\/baul-surtido-especial-delicatessen\/\",\"url\":\"https:\/\/pablogarrigos.com\/estuches-de-regalo\/baul-surtido-especial-delicatessen\/\",\"name\":\"Ba\u00fal Surtido Especial Delicatessen | Pablo Garrig\u00f3s Ib\u00e1\u00f1ez\",\"isPartOf\":{\"@id\":\"https:\/\/pablogarrigos.com\/#website\"},\"primaryImageOfPage\":{\"@id\":\"https:\/\/pablogarrigos.com\/estuches-de-regalo\/baul-surtido-especial-delicatessen\/#primaryimage\"},\"image\":{\"@id\":\"https:\/\/pablogarrigos.com\/estuches-de-regalo\/baul-surtido-especial-delicatessen\/#primaryimage\"},\"thumbnailUrl\":\"https:\/\/pablogarrigos.com\/wp-content\/uploads\/2024\/02\/delo04-baul-surtido-especial-delicatessen-contenido.jpg\",\"datePublished\":\"2024-02-20T15:04:20+00:00\",\"dateModified\":\"2025-11-19T15:35:39+00:00\",\"description\":\"Descubre un universo de sabores con nuestro Ba\u00fal Surtido Especial Delicatessen. 12 dulces navide\u00f1os gourmet para disfrutar en familia.\",\"breadcrumb\":{\"@id\":\"https:\/\/pablogarrigos.com\/estuches-de-regalo\/baul-surtido-especial-delicatessen\/#breadcrumb\"},\"inLanguage\":\"it-IT\",\"potentialAction\":[{\"@type\":\"ReadAction\",\"target\":[\"https:\/\/pablogarrigos.com\/estuches-de-regalo\/baul-surtido-especial-delicatessen\/\"]}]},{\"@type\":\"ImageObject\",\"inLanguage\":\"it-IT\",\"@id\":\"https:\/\/pablogarrigos.com\/estuches-de-regalo\/baul-surtido-especial-delicatessen\/#primaryimage\",\"url\":\"https:\/\/pablogarrigos.com\/wp-content\/uploads\/2024\/02\/delo04-baul-surtido-especial-delicatessen-contenido.jpg\",\"contentUrl\":\"https:\/\/pablogarrigos.com\/wp-content\/uploads\/2024\/02\/delo04-baul-surtido-especial-delicatessen-contenido.jpg\",\"width\":2048,\"height\":1227},{\"@type\":\"BreadcrumbList\",\"@id\":\"https:\/\/pablogarrigos.com\/estuches-de-regalo\/baul-surtido-especial-delicatessen\/#breadcrumb\",\"itemListElement\":[{\"@type\":\"ListItem\",\"position\":1,\"name\":\"Home\",\"item\":\"https:\/\/pablogarrigos.com\/en\/\"},{\"@type\":\"ListItem\",\"position\":2,\"name\":\"Tienda\",\"item\":\"https:\/\/pablogarrigos.com\/en\/tienda\/\"},{\"@type\":\"ListItem\",\"position\":3,\"name\":\"Ba\u00fal Surtido Especial Delicatessen\"}]},{\"@type\":\"WebSite\",\"@id\":\"https:\/\/pablogarrigos.com\/#website\",\"url\":\"https:\/\/pablogarrigos.com\/\",\"name\":\"Pablo Garrig\u00f3s Iba\u00f1ez\",\"description\":\"El Sentido del Gusto\",\"publisher\":{\"@id\":\"https:\/\/pablogarrigos.com\/#organization\"},\"potentialAction\":[{\"@type\":\"SearchAction\",\"target\":{\"@type\":\"EntryPoint\",\"urlTemplate\":\"https:\/\/pablogarrigos.com\/?s={search_term_string}\"},\"query-input\":{\"@type\":\"PropertyValueSpecification\",\"valueRequired\":true,\"valueName\":\"search_term_string\"}}],\"inLanguage\":\"it-IT\"},{\"@type\":\"Organization\",\"@id\":\"https:\/\/pablogarrigos.com\/#organization\",\"name\":\"Pablo Garrig\u00f3s Iba\u00f1ez\",\"url\":\"https:\/\/pablogarrigos.com\/\",\"logo\":{\"@type\":\"ImageObject\",\"inLanguage\":\"it-IT\",\"@id\":\"https:\/\/pablogarrigos.com\/#\/schema\/logo\/image\/\",\"url\":\"https:\/\/pablogarrigos.com\/wp-content\/uploads\/2024\/02\/logo-pablogarrigos.png\",\"contentUrl\":\"https:\/\/pablogarrigos.com\/wp-content\/uploads\/2024\/02\/logo-pablogarrigos.png\",\"width\":1247,\"height\":480,\"caption\":\"Pablo Garrig\u00f3s Iba\u00f1ez\"},\"image\":{\"@id\":\"https:\/\/pablogarrigos.com\/#\/schema\/logo\/image\/\"}}]}<\/script>\n<!-- \/ Yoast SEO plugin. -->","yoast_head_json":{"title":"Assortimento speciale di specialit\u00e0 gastronomiche - Pablo Garrig\u00f3s Ib\u00e1\u00f1ez","description":"Scoprite un universo di sapori con il nostro Baule Assortimento Speciale Delicatessen. 12 dolci natalizi da gustare in famiglia.","robots":{"index":"index","follow":"follow","max-snippet":"max-snippet:-1","max-image-preview":"max-image-preview:large","max-video-preview":"max-video-preview:-1"},"canonical":"https:\/\/pablogarrigos.com\/it\/estuches-de-regalo\/baul-surtido-especial-delicatessen\/","og_locale":"it_IT","og_type":"article","og_title":"Ba\u00fal Surtido Especial Delicatessen | Pablo Garrig\u00f3s Ib\u00e1\u00f1ez","og_description":"Descubre un universo de sabores con nuestro Ba\u00fal Surtido Especial Delicatessen. 12 dulces navide\u00f1os gourmet para disfrutar en familia.","og_url":"https:\/\/pablogarrigos.com\/it\/estuches-de-regalo\/baul-surtido-especial-delicatessen\/","og_site_name":"Pablo Garrig\u00f3s Iba\u00f1ez","article_modified_time":"2025-11-19T15:35:39+00:00","og_image":[{"width":2048,"height":1227,"url":"https:\/\/pablogarrigos.com\/wp-content\/uploads\/2024\/02\/delo04-baul-surtido-especial-delicatessen-contenido.jpg","type":"image\/jpeg"}],"twitter_card":"summary_large_image","twitter_misc":{"Tempo di lettura stimato":"3 minuti"},"schema":{"@context":"https:\/\/schema.org","@graph":[{"@type":"WebPage","@id":"https:\/\/pablogarrigos.com\/estuches-de-regalo\/baul-surtido-especial-delicatessen\/","url":"https:\/\/pablogarrigos.com\/estuches-de-regalo\/baul-surtido-especial-delicatessen\/","name":"Assortimento speciale di specialit\u00e0 gastronomiche - Pablo Garrig\u00f3s Ib\u00e1\u00f1ez","isPartOf":{"@id":"https:\/\/pablogarrigos.com\/#website"},"primaryImageOfPage":{"@id":"https:\/\/pablogarrigos.com\/estuches-de-regalo\/baul-surtido-especial-delicatessen\/#primaryimage"},"image":{"@id":"https:\/\/pablogarrigos.com\/estuches-de-regalo\/baul-surtido-especial-delicatessen\/#primaryimage"},"thumbnailUrl":"https:\/\/pablogarrigos.com\/wp-content\/uploads\/2024\/02\/delo04-baul-surtido-especial-delicatessen-contenido.jpg","datePublished":"2024-02-20T15:04:20+00:00","dateModified":"2025-11-19T15:35:39+00:00","description":"Scoprite un universo di sapori con il nostro Baule Assortimento Speciale Delicatessen. 12 dolci natalizi da gustare in famiglia.","breadcrumb":{"@id":"https:\/\/pablogarrigos.com\/estuches-de-regalo\/baul-surtido-especial-delicatessen\/#breadcrumb"},"inLanguage":"it-IT","potentialAction":[{"@type":"ReadAction","target":["https:\/\/pablogarrigos.com\/estuches-de-regalo\/baul-surtido-especial-delicatessen\/"]}]},{"@type":"ImageObject","inLanguage":"it-IT","@id":"https:\/\/pablogarrigos.com\/estuches-de-regalo\/baul-surtido-especial-delicatessen\/#primaryimage","url":"https:\/\/pablogarrigos.com\/wp-content\/uploads\/2024\/02\/delo04-baul-surtido-especial-delicatessen-contenido.jpg","contentUrl":"https:\/\/pablogarrigos.com\/wp-content\/uploads\/2024\/02\/delo04-baul-surtido-especial-delicatessen-contenido.jpg","width":2048,"height":1227},{"@type":"BreadcrumbList","@id":"https:\/\/pablogarrigos.com\/estuches-de-regalo\/baul-surtido-especial-delicatessen\/#breadcrumb","itemListElement":[{"@type":"ListItem","position":1,"name":"Home","item":"https:\/\/pablogarrigos.com\/en\/"},{"@type":"ListItem","position":2,"name":"Tienda","item":"https:\/\/pablogarrigos.com\/en\/tienda\/"},{"@type":"ListItem","position":3,"name":"Ba\u00fal Surtido Especial Delicatessen"}]},{"@type":"WebSite","@id":"https:\/\/pablogarrigos.com\/#website","url":"https:\/\/pablogarrigos.com\/","name":"Pablo Garrig\u00f3s Iba\u00f1ez","description":"Il senso del gusto","publisher":{"@id":"https:\/\/pablogarrigos.com\/#organization"},"potentialAction":[{"@type":"SearchAction","target":{"@type":"EntryPoint","urlTemplate":"https:\/\/pablogarrigos.com\/?s={search_term_string}"},"query-input":{"@type":"PropertyValueSpecification","valueRequired":true,"valueName":"search_term_string"}}],"inLanguage":"it-IT"},{"@type":"Organization","@id":"https:\/\/pablogarrigos.com\/#organization","name":"Pablo Garrig\u00f3s Iba\u00f1ez","url":"https:\/\/pablogarrigos.com\/","logo":{"@type":"ImageObject","inLanguage":"it-IT","@id":"https:\/\/pablogarrigos.com\/#\/schema\/logo\/image\/","url":"https:\/\/pablogarrigos.com\/wp-content\/uploads\/2024\/02\/logo-pablogarrigos.png","contentUrl":"https:\/\/pablogarrigos.com\/wp-content\/uploads\/2024\/02\/logo-pablogarrigos.png","width":1247,"height":480,"caption":"Pablo Garrig\u00f3s Iba\u00f1ez"},"image":{"@id":"https:\/\/pablogarrigos.com\/#\/schema\/logo\/image\/"}}]}},"_links":{"self":[{"href":"https:\/\/pablogarrigos.com\/it\/wp-json\/wp\/v2\/product\/524","targetHints":{"allow":["GET"]}}],"collection":[{"href":"https:\/\/pablogarrigos.com\/it\/wp-json\/wp\/v2\/product"}],"about":[{"href":"https:\/\/pablogarrigos.com\/it\/wp-json\/wp\/v2\/types\/product"}],"wp:featuredmedia":[{"embeddable":true,"href":"https:\/\/pablogarrigos.com\/it\/wp-json\/wp\/v2\/media\/5421"}],"wp:attachment":[{"href":"https:\/\/pablogarrigos.com\/it\/wp-json\/wp\/v2\/media?parent=524"}],"wp:term":[{"taxonomy":"product_brand","embeddable":true,"href":"https:\/\/pablogarrigos.com\/it\/wp-json\/wp\/v2\/product_brand?post=524"},{"taxonomy":"product_cat","embeddable":true,"href":"https:\/\/pablogarrigos.com\/it\/wp-json\/wp\/v2\/product_cat?post=524"},{"taxonomy":"product_tag","embeddable":true,"href":"https:\/\/pablogarrigos.com\/it\/wp-json\/wp\/v2\/product_tag?post=524"}],"curies":[{"name":"wp","href":"https:\/\/api.w.org\/{rel}","templated":true}]}}