{"id":487,"date":"2024-02-20T20:20:46","date_gmt":"2024-02-20T19:20:46","guid":{"rendered":"https:\/\/pablogarrigos.com\/index.php\/product\/frambuesa-chocolate-blanco-y-fondant-chocolate-vintage-100g\/"},"modified":"2025-11-13T12:22:36","modified_gmt":"2025-11-13T11:22:36","slug":"frambuesa-chocolate-blanco-y-fondant-chocolate-vintage-100g","status":"publish","type":"product","link":"https:\/\/pablogarrigos.com\/it\/chocolates-y-fruites\/chocolate-vintage\/frambuesa-chocolate-blanco-y-fondant-chocolate-vintage-100g\/","title":{"rendered":"Cioccolato alla frutta, lamponi, cioccolato bianco e fondente 100g"},"content":{"rendered":"<p>Zucchero, burro di cacao, <strong>latte<\/strong> polvere parzialmente scremata 12 %, pasta di cacao, lampone liofilizzato 5%, cacao in polvere, emulsionante (lecitina di cacao), cacao in polvere, burro di cacao, burro di cacao, burro di cacao, burro di cacao, burro di cacao, pasta di cacao. <strong>soia<\/strong>), aroma di vaniglia e rivestimento (maltodestrina, sciroppo di glucosio, olio di cocco, olio di colza). Copertura minima di cacao del cioccolato fondente 62 %. Copertura minima di cioccolato bianco al cacao 29,5%. <strong>Pu\u00f2 contenere tracce di uova, arachidi e altra frutta a guscio.<\/strong><\/p>\n<p><strong>Conservar en un lugar fresco y seco. 12\u00ba-17\u00baC.<\/strong><\/p>","protected":false},"excerpt":{"rendered":"<div class=\"woocommerce-product-details__short-description vu_p-desc\">\n<p>Sorprendenti e deliziosi bocconcini di cioccolato al lampone, al cioccolato bianco e al fondente Vintage di Pablo Garrig\u00f3s Ib\u00e1\u00f1ez in formato da 100 grammi.<\/p>\n<\/div>","protected":false},"featured_media":488,"template":"","meta":{"_acf_changed":false,"inline_featured_image":false},"product_brand":[],"product_cat":[26,20,25],"product_tag":[],"class_list":{"0":"post-487","1":"product","2":"type-product","3":"status-publish","4":"has-post-thumbnail","6":"product_cat-chocolate-vintage","7":"product_cat-chocolates-y-fruites","8":"product_cat-fruit-chocolates","10":"first","11":"instock","12":"taxable","13":"shipping-taxable","14":"purchasable","15":"product-type-simple"},"acf":[],"yoast_head":"<!-- This site is optimized with the Yoast SEO plugin v26.5 - https:\/\/yoast.com\/wordpress\/plugins\/seo\/ -->\n<title>Fruit Chocolate Frambuesa &amp; Chocolate Blanco y Fondant | Pablo Garrig\u00f3s Ib\u00e1\u00f1ez<\/title>\n<meta name=\"description\" content=\"Descubre el encanto de los bocados de frambuesa envueltos en chocolate blanco y fondant. Cada pieza de 100 gramos te transporta a un viaje de sabores intensos y texturas sorprendentes, cortes\u00eda de Pablo Garrig\u00f3s Ib\u00e1\u00f1ez.\" \/>\n<meta name=\"robots\" content=\"index, follow, max-snippet:-1, max-image-preview:large, max-video-preview:-1\" \/>\n<link rel=\"canonical\" href=\"https:\/\/pablogarrigos.com\/it\/chocolates-y-fruites\/chocolate-vintage\/frambuesa-chocolate-blanco-y-fondant-chocolate-vintage-100g\/\" \/>\n<meta property=\"og:locale\" content=\"it_IT\" \/>\n<meta property=\"og:type\" content=\"article\" \/>\n<meta property=\"og:title\" content=\"Fruit Chocolate Frambuesa &amp; Chocolate Blanco y Fondant | Pablo Garrig\u00f3s Ib\u00e1\u00f1ez\" \/>\n<meta property=\"og:description\" content=\"Descubre el encanto de los bocados de frambuesa envueltos en chocolate blanco y fondant. Cada pieza de 100 gramos te transporta a un viaje de sabores intensos y texturas sorprendentes, cortes\u00eda de Pablo Garrig\u00f3s Ib\u00e1\u00f1ez.\" \/>\n<meta property=\"og:url\" content=\"https:\/\/pablogarrigos.com\/it\/chocolates-y-fruites\/chocolate-vintage\/frambuesa-chocolate-blanco-y-fondant-chocolate-vintage-100g\/\" \/>\n<meta property=\"og:site_name\" content=\"Pablo Garrig\u00f3s Iba\u00f1ez\" \/>\n<meta property=\"article:modified_time\" content=\"2025-11-13T11:22:36+00:00\" \/>\n<meta property=\"og:image\" content=\"https:\/\/pablogarrigos.com\/wp-content\/uploads\/2024\/02\/Fruit-Chocolate-Frambuesa-m.jpg\" \/>\n\t<meta property=\"og:image:width\" content=\"600\" \/>\n\t<meta property=\"og:image:height\" content=\"600\" \/>\n\t<meta property=\"og:image:type\" content=\"image\/jpeg\" \/>\n<meta name=\"twitter:card\" content=\"summary_large_image\" \/>\n<meta name=\"twitter:label1\" content=\"Tempo di lettura stimato\" \/>\n\t<meta name=\"twitter:data1\" content=\"1 minuto\" \/>\n<script type=\"application\/ld+json\" class=\"yoast-schema-graph\">{\"@context\":\"https:\/\/schema.org\",\"@graph\":[{\"@type\":\"WebPage\",\"@id\":\"https:\/\/pablogarrigos.com\/chocolates-y-fruites\/chocolate-vintage\/frambuesa-chocolate-blanco-y-fondant-chocolate-vintage-100g\/\",\"url\":\"https:\/\/pablogarrigos.com\/chocolates-y-fruites\/chocolate-vintage\/frambuesa-chocolate-blanco-y-fondant-chocolate-vintage-100g\/\",\"name\":\"Fruit Chocolate Frambuesa & Chocolate Blanco y Fondant | Pablo Garrig\u00f3s Ib\u00e1\u00f1ez\",\"isPartOf\":{\"@id\":\"https:\/\/pablogarrigos.com\/#website\"},\"primaryImageOfPage\":{\"@id\":\"https:\/\/pablogarrigos.com\/chocolates-y-fruites\/chocolate-vintage\/frambuesa-chocolate-blanco-y-fondant-chocolate-vintage-100g\/#primaryimage\"},\"image\":{\"@id\":\"https:\/\/pablogarrigos.com\/chocolates-y-fruites\/chocolate-vintage\/frambuesa-chocolate-blanco-y-fondant-chocolate-vintage-100g\/#primaryimage\"},\"thumbnailUrl\":\"https:\/\/pablogarrigos.com\/wp-content\/uploads\/2024\/02\/Fruit-Chocolate-Frambuesa-m.jpg\",\"datePublished\":\"2024-02-20T19:20:46+00:00\",\"dateModified\":\"2025-11-13T11:22:36+00:00\",\"description\":\"Descubre el encanto de los bocados de frambuesa envueltos en chocolate blanco y fondant. Cada pieza de 100 gramos te transporta a un viaje de sabores intensos y texturas sorprendentes, cortes\u00eda de Pablo Garrig\u00f3s Ib\u00e1\u00f1ez.\",\"breadcrumb\":{\"@id\":\"https:\/\/pablogarrigos.com\/chocolates-y-fruites\/chocolate-vintage\/frambuesa-chocolate-blanco-y-fondant-chocolate-vintage-100g\/#breadcrumb\"},\"inLanguage\":\"it-IT\",\"potentialAction\":[{\"@type\":\"ReadAction\",\"target\":[\"https:\/\/pablogarrigos.com\/chocolates-y-fruites\/chocolate-vintage\/frambuesa-chocolate-blanco-y-fondant-chocolate-vintage-100g\/\"]}]},{\"@type\":\"ImageObject\",\"inLanguage\":\"it-IT\",\"@id\":\"https:\/\/pablogarrigos.com\/chocolates-y-fruites\/chocolate-vintage\/frambuesa-chocolate-blanco-y-fondant-chocolate-vintage-100g\/#primaryimage\",\"url\":\"https:\/\/pablogarrigos.com\/wp-content\/uploads\/2024\/02\/Fruit-Chocolate-Frambuesa-m.jpg\",\"contentUrl\":\"https:\/\/pablogarrigos.com\/wp-content\/uploads\/2024\/02\/Fruit-Chocolate-Frambuesa-m.jpg\",\"width\":600,\"height\":600},{\"@type\":\"BreadcrumbList\",\"@id\":\"https:\/\/pablogarrigos.com\/chocolates-y-fruites\/chocolate-vintage\/frambuesa-chocolate-blanco-y-fondant-chocolate-vintage-100g\/#breadcrumb\",\"itemListElement\":[{\"@type\":\"ListItem\",\"position\":1,\"name\":\"Home\",\"item\":\"https:\/\/pablogarrigos.com\/en\/\"},{\"@type\":\"ListItem\",\"position\":2,\"name\":\"Tienda\",\"item\":\"https:\/\/pablogarrigos.com\/en\/tienda\/\"},{\"@type\":\"ListItem\",\"position\":3,\"name\":\"Fruit chocolate frambuesa &amp; chocolate blanco y fondant 100g\"}]},{\"@type\":\"WebSite\",\"@id\":\"https:\/\/pablogarrigos.com\/#website\",\"url\":\"https:\/\/pablogarrigos.com\/\",\"name\":\"Pablo Garrig\u00f3s Iba\u00f1ez\",\"description\":\"El Sentido del Gusto\",\"publisher\":{\"@id\":\"https:\/\/pablogarrigos.com\/#organization\"},\"potentialAction\":[{\"@type\":\"SearchAction\",\"target\":{\"@type\":\"EntryPoint\",\"urlTemplate\":\"https:\/\/pablogarrigos.com\/?s={search_term_string}\"},\"query-input\":{\"@type\":\"PropertyValueSpecification\",\"valueRequired\":true,\"valueName\":\"search_term_string\"}}],\"inLanguage\":\"it-IT\"},{\"@type\":\"Organization\",\"@id\":\"https:\/\/pablogarrigos.com\/#organization\",\"name\":\"Pablo Garrig\u00f3s Iba\u00f1ez\",\"url\":\"https:\/\/pablogarrigos.com\/\",\"logo\":{\"@type\":\"ImageObject\",\"inLanguage\":\"it-IT\",\"@id\":\"https:\/\/pablogarrigos.com\/#\/schema\/logo\/image\/\",\"url\":\"https:\/\/pablogarrigos.com\/wp-content\/uploads\/2024\/02\/logo-pablogarrigos.png\",\"contentUrl\":\"https:\/\/pablogarrigos.com\/wp-content\/uploads\/2024\/02\/logo-pablogarrigos.png\",\"width\":1247,\"height\":480,\"caption\":\"Pablo Garrig\u00f3s Iba\u00f1ez\"},\"image\":{\"@id\":\"https:\/\/pablogarrigos.com\/#\/schema\/logo\/image\/\"}}]}<\/script>\n<!-- \/ Yoast SEO plugin. -->","yoast_head_json":{"title":"Cioccolato alla frutta Lamponi, cioccolato bianco e fondente | Pablo Garrig\u00f3s Ib\u00e1\u00f1ez","description":"Scoprite il fascino dei bocconcini di lampone avvolti in cioccolato bianco e fondente. Ogni pezzo da 100 grammi vi porter\u00e0 in un viaggio di sapori intensi e consistenze sorprendenti, per gentile concessione di Pablo Garrig\u00f3s Ib\u00e1\u00f1ez.","robots":{"index":"index","follow":"follow","max-snippet":"max-snippet:-1","max-image-preview":"max-image-preview:large","max-video-preview":"max-video-preview:-1"},"canonical":"https:\/\/pablogarrigos.com\/it\/chocolates-y-fruites\/chocolate-vintage\/frambuesa-chocolate-blanco-y-fondant-chocolate-vintage-100g\/","og_locale":"it_IT","og_type":"article","og_title":"Fruit Chocolate Frambuesa & Chocolate Blanco y Fondant | Pablo Garrig\u00f3s Ib\u00e1\u00f1ez","og_description":"Descubre el encanto de los bocados de frambuesa envueltos en chocolate blanco y fondant. Cada pieza de 100 gramos te transporta a un viaje de sabores intensos y texturas sorprendentes, cortes\u00eda de Pablo Garrig\u00f3s Ib\u00e1\u00f1ez.","og_url":"https:\/\/pablogarrigos.com\/it\/chocolates-y-fruites\/chocolate-vintage\/frambuesa-chocolate-blanco-y-fondant-chocolate-vintage-100g\/","og_site_name":"Pablo Garrig\u00f3s Iba\u00f1ez","article_modified_time":"2025-11-13T11:22:36+00:00","og_image":[{"width":600,"height":600,"url":"https:\/\/pablogarrigos.com\/wp-content\/uploads\/2024\/02\/Fruit-Chocolate-Frambuesa-m.jpg","type":"image\/jpeg"}],"twitter_card":"summary_large_image","twitter_misc":{"Tempo di lettura stimato":"1 minuto"},"schema":{"@context":"https:\/\/schema.org","@graph":[{"@type":"WebPage","@id":"https:\/\/pablogarrigos.com\/chocolates-y-fruites\/chocolate-vintage\/frambuesa-chocolate-blanco-y-fondant-chocolate-vintage-100g\/","url":"https:\/\/pablogarrigos.com\/chocolates-y-fruites\/chocolate-vintage\/frambuesa-chocolate-blanco-y-fondant-chocolate-vintage-100g\/","name":"Cioccolato alla frutta Lamponi, cioccolato bianco e fondente | Pablo Garrig\u00f3s Ib\u00e1\u00f1ez","isPartOf":{"@id":"https:\/\/pablogarrigos.com\/#website"},"primaryImageOfPage":{"@id":"https:\/\/pablogarrigos.com\/chocolates-y-fruites\/chocolate-vintage\/frambuesa-chocolate-blanco-y-fondant-chocolate-vintage-100g\/#primaryimage"},"image":{"@id":"https:\/\/pablogarrigos.com\/chocolates-y-fruites\/chocolate-vintage\/frambuesa-chocolate-blanco-y-fondant-chocolate-vintage-100g\/#primaryimage"},"thumbnailUrl":"https:\/\/pablogarrigos.com\/wp-content\/uploads\/2024\/02\/Fruit-Chocolate-Frambuesa-m.jpg","datePublished":"2024-02-20T19:20:46+00:00","dateModified":"2025-11-13T11:22:36+00:00","description":"Scoprite il fascino dei bocconcini di lampone avvolti in cioccolato bianco e fondente. Ogni pezzo da 100 grammi vi porter\u00e0 in un viaggio di sapori intensi e consistenze sorprendenti, per gentile concessione di Pablo Garrig\u00f3s Ib\u00e1\u00f1ez.","breadcrumb":{"@id":"https:\/\/pablogarrigos.com\/chocolates-y-fruites\/chocolate-vintage\/frambuesa-chocolate-blanco-y-fondant-chocolate-vintage-100g\/#breadcrumb"},"inLanguage":"it-IT","potentialAction":[{"@type":"ReadAction","target":["https:\/\/pablogarrigos.com\/chocolates-y-fruites\/chocolate-vintage\/frambuesa-chocolate-blanco-y-fondant-chocolate-vintage-100g\/"]}]},{"@type":"ImageObject","inLanguage":"it-IT","@id":"https:\/\/pablogarrigos.com\/chocolates-y-fruites\/chocolate-vintage\/frambuesa-chocolate-blanco-y-fondant-chocolate-vintage-100g\/#primaryimage","url":"https:\/\/pablogarrigos.com\/wp-content\/uploads\/2024\/02\/Fruit-Chocolate-Frambuesa-m.jpg","contentUrl":"https:\/\/pablogarrigos.com\/wp-content\/uploads\/2024\/02\/Fruit-Chocolate-Frambuesa-m.jpg","width":600,"height":600},{"@type":"BreadcrumbList","@id":"https:\/\/pablogarrigos.com\/chocolates-y-fruites\/chocolate-vintage\/frambuesa-chocolate-blanco-y-fondant-chocolate-vintage-100g\/#breadcrumb","itemListElement":[{"@type":"ListItem","position":1,"name":"Home","item":"https:\/\/pablogarrigos.com\/en\/"},{"@type":"ListItem","position":2,"name":"Tienda","item":"https:\/\/pablogarrigos.com\/en\/tienda\/"},{"@type":"ListItem","position":3,"name":"Fruit chocolate frambuesa &amp; chocolate blanco y fondant 100g"}]},{"@type":"WebSite","@id":"https:\/\/pablogarrigos.com\/#website","url":"https:\/\/pablogarrigos.com\/","name":"Pablo Garrig\u00f3s Iba\u00f1ez","description":"Il senso del gusto","publisher":{"@id":"https:\/\/pablogarrigos.com\/#organization"},"potentialAction":[{"@type":"SearchAction","target":{"@type":"EntryPoint","urlTemplate":"https:\/\/pablogarrigos.com\/?s={search_term_string}"},"query-input":{"@type":"PropertyValueSpecification","valueRequired":true,"valueName":"search_term_string"}}],"inLanguage":"it-IT"},{"@type":"Organization","@id":"https:\/\/pablogarrigos.com\/#organization","name":"Pablo Garrig\u00f3s Iba\u00f1ez","url":"https:\/\/pablogarrigos.com\/","logo":{"@type":"ImageObject","inLanguage":"it-IT","@id":"https:\/\/pablogarrigos.com\/#\/schema\/logo\/image\/","url":"https:\/\/pablogarrigos.com\/wp-content\/uploads\/2024\/02\/logo-pablogarrigos.png","contentUrl":"https:\/\/pablogarrigos.com\/wp-content\/uploads\/2024\/02\/logo-pablogarrigos.png","width":1247,"height":480,"caption":"Pablo Garrig\u00f3s Iba\u00f1ez"},"image":{"@id":"https:\/\/pablogarrigos.com\/#\/schema\/logo\/image\/"}}]}},"_links":{"self":[{"href":"https:\/\/pablogarrigos.com\/it\/wp-json\/wp\/v2\/product\/487","targetHints":{"allow":["GET"]}}],"collection":[{"href":"https:\/\/pablogarrigos.com\/it\/wp-json\/wp\/v2\/product"}],"about":[{"href":"https:\/\/pablogarrigos.com\/it\/wp-json\/wp\/v2\/types\/product"}],"wp:featuredmedia":[{"embeddable":true,"href":"https:\/\/pablogarrigos.com\/it\/wp-json\/wp\/v2\/media\/488"}],"wp:attachment":[{"href":"https:\/\/pablogarrigos.com\/it\/wp-json\/wp\/v2\/media?parent=487"}],"wp:term":[{"taxonomy":"product_brand","embeddable":true,"href":"https:\/\/pablogarrigos.com\/it\/wp-json\/wp\/v2\/product_brand?post=487"},{"taxonomy":"product_cat","embeddable":true,"href":"https:\/\/pablogarrigos.com\/it\/wp-json\/wp\/v2\/product_cat?post=487"},{"taxonomy":"product_tag","embeddable":true,"href":"https:\/\/pablogarrigos.com\/it\/wp-json\/wp\/v2\/product_tag?post=487"}],"curies":[{"name":"wp","href":"https:\/\/api.w.org\/{rel}","templated":true}]}}