{"id":472,"date":"2024-02-20T12:04:46","date_gmt":"2024-02-20T11:04:46","guid":{"rendered":"https:\/\/pablogarrigos.com\/index.php\/product\/turron-de-chocolate-con-leche-y-almendras-delicatessen-rilsan-300-g\/"},"modified":"2025-11-13T11:44:53","modified_gmt":"2025-11-13T10:44:53","slug":"turron-de-chocolate-con-leche-y-almendras-delicatessen-rilsan-300-g","status":"publish","type":"product","link":"https:\/\/pablogarrigos.com\/it\/turrones\/delicatessen\/turron-de-chocolate-con-leche-y-almendras-delicatessen-rilsan-300-g\/","title":{"rendered":"Torrone di cioccolato al latte e mandorle Delicatessen Rilsan 300g"},"content":{"rendered":"<p><strong>Mandorla<\/strong> Marcona 40% tostata selezionata, zucchero, burro di cacao, <strong>latte<\/strong> 11%, pasta di cacao, siero di latte in polvere, emulsionante (lecitina di cacao, pasta di cacao, siero di latte in polvere, emulsionante (burro di cacao, burro di cacao, burro di cacao, burro di cacao, burro di cacao, burro di cacao, burro di cacao). <strong>soia<\/strong>) e aroma naturale di vaniglia. Cacao min. 30%. <strong>Pu\u00f2 contenere tracce di altra frutta a guscio.<\/p>\n<p>Conservar en un lugar fresco y seco. 18\u00ba-22\u00baC.<br \/>\n<\/strong><\/p>","protected":false},"excerpt":{"rendered":"<div class=\"woocommerce-product-details__short-description vu_p-desc\">\n<p>Deliziosa tavoletta del miglior cioccolato fondente con mandorle in formato 300 grammi e confezione Rilsan con la garanzia di qualit\u00e0 Pablo Garrig\u00f3s Ib\u00e1\u00f1ez.<\/p>\n<\/div>\n<div class=\"quantity clearfix\"><\/div>","protected":false},"featured_media":4782,"template":"","meta":{"_acf_changed":false,"inline_featured_image":false},"product_brand":[],"product_cat":[20,21,18],"product_tag":[],"class_list":{"0":"post-472","1":"product","2":"type-product","3":"status-publish","4":"has-post-thumbnail","6":"product_cat-chocolates-y-fruites","7":"product_cat-delicatessen","8":"product_cat-turrones","10":"first","11":"instock","12":"taxable","13":"shipping-taxable","14":"purchasable","15":"product-type-simple"},"acf":[],"yoast_head":"<!-- This site is optimized with the Yoast SEO plugin v26.5 - https:\/\/yoast.com\/wordpress\/plugins\/seo\/ -->\n<title>Turr\u00f3n de Chocolate con Leche y Almendras Delicatessen Rilsan | Pablo Garrig\u00f3s Ib\u00e1\u00f1ez<\/title>\n<meta name=\"description\" content=\"Sum\u00e9rgete en el placer del chocolate con leche y almendras de alta calidad con la firma de Pablo Garrig\u00f3s Ib\u00e1\u00f1ez. Presentado en un formato de 300 gramos y protegido con envasado Rilsan, este turr\u00f3n Delicatessen es un homenaje al buen gusto.\" \/>\n<meta name=\"robots\" content=\"index, follow, max-snippet:-1, max-image-preview:large, max-video-preview:-1\" \/>\n<link rel=\"canonical\" href=\"https:\/\/pablogarrigos.com\/it\/turrones\/delicatessen\/turron-de-chocolate-con-leche-y-almendras-delicatessen-rilsan-300-g\/\" \/>\n<meta property=\"og:locale\" content=\"it_IT\" \/>\n<meta property=\"og:type\" content=\"article\" \/>\n<meta property=\"og:title\" content=\"Turr\u00f3n de Chocolate con Leche y Almendras Delicatessen Rilsan | Pablo Garrig\u00f3s Ib\u00e1\u00f1ez\" \/>\n<meta property=\"og:description\" content=\"Sum\u00e9rgete en el placer del chocolate con leche y almendras de alta calidad con la firma de Pablo Garrig\u00f3s Ib\u00e1\u00f1ez. Presentado en un formato de 300 gramos y protegido con envasado Rilsan, este turr\u00f3n Delicatessen es un homenaje al buen gusto.\" \/>\n<meta property=\"og:url\" content=\"https:\/\/pablogarrigos.com\/it\/turrones\/delicatessen\/turron-de-chocolate-con-leche-y-almendras-delicatessen-rilsan-300-g\/\" \/>\n<meta property=\"og:site_name\" content=\"Pablo Garrig\u00f3s Iba\u00f1ez\" \/>\n<meta property=\"article:modified_time\" content=\"2025-11-13T10:44:53+00:00\" \/>\n<meta property=\"og:image\" content=\"https:\/\/pablogarrigos.com\/wp-content\/uploads\/2024\/02\/El-Abuelo-4.jpg\" \/>\n\t<meta property=\"og:image:width\" content=\"1080\" \/>\n\t<meta property=\"og:image:height\" content=\"1080\" \/>\n\t<meta property=\"og:image:type\" content=\"image\/jpeg\" \/>\n<meta name=\"twitter:card\" content=\"summary_large_image\" \/>\n<meta name=\"twitter:label1\" content=\"Tempo di lettura stimato\" \/>\n\t<meta name=\"twitter:data1\" content=\"1 minuto\" \/>\n<script type=\"application\/ld+json\" class=\"yoast-schema-graph\">{\"@context\":\"https:\/\/schema.org\",\"@graph\":[{\"@type\":\"WebPage\",\"@id\":\"https:\/\/pablogarrigos.com\/turrones\/delicatessen\/turron-de-chocolate-con-leche-y-almendras-delicatessen-rilsan-300-g\/\",\"url\":\"https:\/\/pablogarrigos.com\/turrones\/delicatessen\/turron-de-chocolate-con-leche-y-almendras-delicatessen-rilsan-300-g\/\",\"name\":\"Turr\u00f3n de Chocolate con Leche y Almendras Delicatessen Rilsan | Pablo Garrig\u00f3s Ib\u00e1\u00f1ez\",\"isPartOf\":{\"@id\":\"https:\/\/pablogarrigos.com\/#website\"},\"primaryImageOfPage\":{\"@id\":\"https:\/\/pablogarrigos.com\/turrones\/delicatessen\/turron-de-chocolate-con-leche-y-almendras-delicatessen-rilsan-300-g\/#primaryimage\"},\"image\":{\"@id\":\"https:\/\/pablogarrigos.com\/turrones\/delicatessen\/turron-de-chocolate-con-leche-y-almendras-delicatessen-rilsan-300-g\/#primaryimage\"},\"thumbnailUrl\":\"https:\/\/pablogarrigos.com\/wp-content\/uploads\/2024\/02\/El-Abuelo-4.jpg\",\"datePublished\":\"2024-02-20T11:04:46+00:00\",\"dateModified\":\"2025-11-13T10:44:53+00:00\",\"description\":\"Sum\u00e9rgete en el placer del chocolate con leche y almendras de alta calidad con la firma de Pablo Garrig\u00f3s Ib\u00e1\u00f1ez. Presentado en un formato de 300 gramos y protegido con envasado Rilsan, este turr\u00f3n Delicatessen es un homenaje al buen gusto.\",\"breadcrumb\":{\"@id\":\"https:\/\/pablogarrigos.com\/turrones\/delicatessen\/turron-de-chocolate-con-leche-y-almendras-delicatessen-rilsan-300-g\/#breadcrumb\"},\"inLanguage\":\"it-IT\",\"potentialAction\":[{\"@type\":\"ReadAction\",\"target\":[\"https:\/\/pablogarrigos.com\/turrones\/delicatessen\/turron-de-chocolate-con-leche-y-almendras-delicatessen-rilsan-300-g\/\"]}]},{\"@type\":\"ImageObject\",\"inLanguage\":\"it-IT\",\"@id\":\"https:\/\/pablogarrigos.com\/turrones\/delicatessen\/turron-de-chocolate-con-leche-y-almendras-delicatessen-rilsan-300-g\/#primaryimage\",\"url\":\"https:\/\/pablogarrigos.com\/wp-content\/uploads\/2024\/02\/El-Abuelo-4.jpg\",\"contentUrl\":\"https:\/\/pablogarrigos.com\/wp-content\/uploads\/2024\/02\/El-Abuelo-4.jpg\",\"width\":1080,\"height\":1080},{\"@type\":\"BreadcrumbList\",\"@id\":\"https:\/\/pablogarrigos.com\/turrones\/delicatessen\/turron-de-chocolate-con-leche-y-almendras-delicatessen-rilsan-300-g\/#breadcrumb\",\"itemListElement\":[{\"@type\":\"ListItem\",\"position\":1,\"name\":\"Home\",\"item\":\"https:\/\/pablogarrigos.com\/en\/\"},{\"@type\":\"ListItem\",\"position\":2,\"name\":\"Tienda\",\"item\":\"https:\/\/pablogarrigos.com\/en\/tienda\/\"},{\"@type\":\"ListItem\",\"position\":3,\"name\":\"Turr\u00f3n de Chocolate con Leche y Almendras Delicatessen Rilsan 300g\"}]},{\"@type\":\"WebSite\",\"@id\":\"https:\/\/pablogarrigos.com\/#website\",\"url\":\"https:\/\/pablogarrigos.com\/\",\"name\":\"Pablo Garrig\u00f3s Iba\u00f1ez\",\"description\":\"El Sentido del Gusto\",\"publisher\":{\"@id\":\"https:\/\/pablogarrigos.com\/#organization\"},\"potentialAction\":[{\"@type\":\"SearchAction\",\"target\":{\"@type\":\"EntryPoint\",\"urlTemplate\":\"https:\/\/pablogarrigos.com\/?s={search_term_string}\"},\"query-input\":{\"@type\":\"PropertyValueSpecification\",\"valueRequired\":true,\"valueName\":\"search_term_string\"}}],\"inLanguage\":\"it-IT\"},{\"@type\":\"Organization\",\"@id\":\"https:\/\/pablogarrigos.com\/#organization\",\"name\":\"Pablo Garrig\u00f3s Iba\u00f1ez\",\"url\":\"https:\/\/pablogarrigos.com\/\",\"logo\":{\"@type\":\"ImageObject\",\"inLanguage\":\"it-IT\",\"@id\":\"https:\/\/pablogarrigos.com\/#\/schema\/logo\/image\/\",\"url\":\"https:\/\/pablogarrigos.com\/wp-content\/uploads\/2024\/02\/logo-pablogarrigos.png\",\"contentUrl\":\"https:\/\/pablogarrigos.com\/wp-content\/uploads\/2024\/02\/logo-pablogarrigos.png\",\"width\":1247,\"height\":480,\"caption\":\"Pablo Garrig\u00f3s Iba\u00f1ez\"},\"image\":{\"@id\":\"https:\/\/pablogarrigos.com\/#\/schema\/logo\/image\/\"}}]}<\/script>\n<!-- \/ Yoast SEO plugin. -->","yoast_head_json":{"title":"Torrone al cioccolato con latte e mandorle Delicatessen Rilsan | Pablo Garrig\u00f3s Ib\u00e1\u00f1ez","description":"Immergetevi nel piacere del cioccolato al latte di alta qualit\u00e0 e delle mandorle con la firma di Pablo Garrig\u00f3s Ib\u00e1\u00f1ez. Presentato in un formato da 300 grammi e protetto dalla confezione Rilsan, questo torrone Delicatessen \u00e8 un omaggio al buon gusto.","robots":{"index":"index","follow":"follow","max-snippet":"max-snippet:-1","max-image-preview":"max-image-preview:large","max-video-preview":"max-video-preview:-1"},"canonical":"https:\/\/pablogarrigos.com\/it\/turrones\/delicatessen\/turron-de-chocolate-con-leche-y-almendras-delicatessen-rilsan-300-g\/","og_locale":"it_IT","og_type":"article","og_title":"Turr\u00f3n de Chocolate con Leche y Almendras Delicatessen Rilsan | Pablo Garrig\u00f3s Ib\u00e1\u00f1ez","og_description":"Sum\u00e9rgete en el placer del chocolate con leche y almendras de alta calidad con la firma de Pablo Garrig\u00f3s Ib\u00e1\u00f1ez. Presentado en un formato de 300 gramos y protegido con envasado Rilsan, este turr\u00f3n Delicatessen es un homenaje al buen gusto.","og_url":"https:\/\/pablogarrigos.com\/it\/turrones\/delicatessen\/turron-de-chocolate-con-leche-y-almendras-delicatessen-rilsan-300-g\/","og_site_name":"Pablo Garrig\u00f3s Iba\u00f1ez","article_modified_time":"2025-11-13T10:44:53+00:00","og_image":[{"width":1080,"height":1080,"url":"https:\/\/pablogarrigos.com\/wp-content\/uploads\/2024\/02\/El-Abuelo-4.jpg","type":"image\/jpeg"}],"twitter_card":"summary_large_image","twitter_misc":{"Tempo di lettura stimato":"1 minuto"},"schema":{"@context":"https:\/\/schema.org","@graph":[{"@type":"WebPage","@id":"https:\/\/pablogarrigos.com\/turrones\/delicatessen\/turron-de-chocolate-con-leche-y-almendras-delicatessen-rilsan-300-g\/","url":"https:\/\/pablogarrigos.com\/turrones\/delicatessen\/turron-de-chocolate-con-leche-y-almendras-delicatessen-rilsan-300-g\/","name":"Torrone al cioccolato con latte e mandorle Delicatessen Rilsan | Pablo Garrig\u00f3s Ib\u00e1\u00f1ez","isPartOf":{"@id":"https:\/\/pablogarrigos.com\/#website"},"primaryImageOfPage":{"@id":"https:\/\/pablogarrigos.com\/turrones\/delicatessen\/turron-de-chocolate-con-leche-y-almendras-delicatessen-rilsan-300-g\/#primaryimage"},"image":{"@id":"https:\/\/pablogarrigos.com\/turrones\/delicatessen\/turron-de-chocolate-con-leche-y-almendras-delicatessen-rilsan-300-g\/#primaryimage"},"thumbnailUrl":"https:\/\/pablogarrigos.com\/wp-content\/uploads\/2024\/02\/El-Abuelo-4.jpg","datePublished":"2024-02-20T11:04:46+00:00","dateModified":"2025-11-13T10:44:53+00:00","description":"Immergetevi nel piacere del cioccolato al latte di alta qualit\u00e0 e delle mandorle con la firma di Pablo Garrig\u00f3s Ib\u00e1\u00f1ez. Presentato in un formato da 300 grammi e protetto dalla confezione Rilsan, questo torrone Delicatessen \u00e8 un omaggio al buon gusto.","breadcrumb":{"@id":"https:\/\/pablogarrigos.com\/turrones\/delicatessen\/turron-de-chocolate-con-leche-y-almendras-delicatessen-rilsan-300-g\/#breadcrumb"},"inLanguage":"it-IT","potentialAction":[{"@type":"ReadAction","target":["https:\/\/pablogarrigos.com\/turrones\/delicatessen\/turron-de-chocolate-con-leche-y-almendras-delicatessen-rilsan-300-g\/"]}]},{"@type":"ImageObject","inLanguage":"it-IT","@id":"https:\/\/pablogarrigos.com\/turrones\/delicatessen\/turron-de-chocolate-con-leche-y-almendras-delicatessen-rilsan-300-g\/#primaryimage","url":"https:\/\/pablogarrigos.com\/wp-content\/uploads\/2024\/02\/El-Abuelo-4.jpg","contentUrl":"https:\/\/pablogarrigos.com\/wp-content\/uploads\/2024\/02\/El-Abuelo-4.jpg","width":1080,"height":1080},{"@type":"BreadcrumbList","@id":"https:\/\/pablogarrigos.com\/turrones\/delicatessen\/turron-de-chocolate-con-leche-y-almendras-delicatessen-rilsan-300-g\/#breadcrumb","itemListElement":[{"@type":"ListItem","position":1,"name":"Home","item":"https:\/\/pablogarrigos.com\/en\/"},{"@type":"ListItem","position":2,"name":"Tienda","item":"https:\/\/pablogarrigos.com\/en\/tienda\/"},{"@type":"ListItem","position":3,"name":"Turr\u00f3n de Chocolate con Leche y Almendras Delicatessen Rilsan 300g"}]},{"@type":"WebSite","@id":"https:\/\/pablogarrigos.com\/#website","url":"https:\/\/pablogarrigos.com\/","name":"Pablo Garrig\u00f3s Iba\u00f1ez","description":"Il senso del gusto","publisher":{"@id":"https:\/\/pablogarrigos.com\/#organization"},"potentialAction":[{"@type":"SearchAction","target":{"@type":"EntryPoint","urlTemplate":"https:\/\/pablogarrigos.com\/?s={search_term_string}"},"query-input":{"@type":"PropertyValueSpecification","valueRequired":true,"valueName":"search_term_string"}}],"inLanguage":"it-IT"},{"@type":"Organization","@id":"https:\/\/pablogarrigos.com\/#organization","name":"Pablo Garrig\u00f3s Iba\u00f1ez","url":"https:\/\/pablogarrigos.com\/","logo":{"@type":"ImageObject","inLanguage":"it-IT","@id":"https:\/\/pablogarrigos.com\/#\/schema\/logo\/image\/","url":"https:\/\/pablogarrigos.com\/wp-content\/uploads\/2024\/02\/logo-pablogarrigos.png","contentUrl":"https:\/\/pablogarrigos.com\/wp-content\/uploads\/2024\/02\/logo-pablogarrigos.png","width":1247,"height":480,"caption":"Pablo Garrig\u00f3s Iba\u00f1ez"},"image":{"@id":"https:\/\/pablogarrigos.com\/#\/schema\/logo\/image\/"}}]}},"_links":{"self":[{"href":"https:\/\/pablogarrigos.com\/it\/wp-json\/wp\/v2\/product\/472","targetHints":{"allow":["GET"]}}],"collection":[{"href":"https:\/\/pablogarrigos.com\/it\/wp-json\/wp\/v2\/product"}],"about":[{"href":"https:\/\/pablogarrigos.com\/it\/wp-json\/wp\/v2\/types\/product"}],"wp:featuredmedia":[{"embeddable":true,"href":"https:\/\/pablogarrigos.com\/it\/wp-json\/wp\/v2\/media\/4782"}],"wp:attachment":[{"href":"https:\/\/pablogarrigos.com\/it\/wp-json\/wp\/v2\/media?parent=472"}],"wp:term":[{"taxonomy":"product_brand","embeddable":true,"href":"https:\/\/pablogarrigos.com\/it\/wp-json\/wp\/v2\/product_brand?post=472"},{"taxonomy":"product_cat","embeddable":true,"href":"https:\/\/pablogarrigos.com\/it\/wp-json\/wp\/v2\/product_cat?post=472"},{"taxonomy":"product_tag","embeddable":true,"href":"https:\/\/pablogarrigos.com\/it\/wp-json\/wp\/v2\/product_tag?post=472"}],"curies":[{"name":"wp","href":"https:\/\/api.w.org\/{rel}","templated":true}]}}