{"id":454,"date":"2024-02-20T16:02:46","date_gmt":"2024-02-20T15:02:46","guid":{"rendered":"https:\/\/pablogarrigos.com\/index.php\/product\/estuche-especial-delicatessen-by-henedina\/"},"modified":"2025-11-19T16:06:13","modified_gmt":"2025-11-19T15:06:13","slug":"estuche-especial-delicatessen-by-henedina","status":"publish","type":"product","link":"https:\/\/pablogarrigos.com\/it\/chocolates-y-fruites\/fruit-chocolates\/estuche-especial-delicatessen-by-henedina\/","title":{"rendered":"Scatola speciale Delicatessen di Henedina"},"content":{"rendered":"<p>TURR\u00d3N DE JIJONA: <strong>Mandorla<\/strong> 74%, miele di fiori d'arancio 17%, zucchero e albume d'uovo 74%, miele di fiori d'arancio 17%, zucchero e albume d'uovo 74% <strong>uovo<\/strong>. <strong>Pu\u00f2 contenere tracce di sesamo e nocciole.<\/strong><\/p>\n<p>TURR\u00d3N DE ALICANTE: <strong>Mandorla<\/strong> 68%, miele di rosmarino 16%, zucchero, sciroppo di glucosio, superficie di wafer (fecola di patate e olio di girasole) e albume d'uovo 68%, zucchero, sciroppo di glucosio, superficie di wafer di fecola di patate (fecola di patate e olio di girasole) e albume d'uovo <strong>uovo<\/strong>. <strong>Pu\u00f2 contenere tracce di sesamo e nocciole.<\/strong><\/p>\n<p>TURR\u00d3N DE CHOCOLATE FONDANT CON MANDORLE: Pasta di cacao, <strong>mandorla<\/strong> 30%, zucchero, burro di cacao, emulsionante (lecitina di cacao, burro di cacao, burro di cacao), zucchero, burro di cacao, burro di cacao, burro di cacao, burro di cacao, burro di cacao, burro di cacao. <strong>soia<\/strong>) e aroma di vaniglia. Cacao minimo 52%. <strong>Pu\u00f2 contenere tracce di sesamo, uova e altra frutta a guscio.<\/strong><\/p>\n<p>ESCTUCHE AL CIOCCOLATO 6 VARIET\u00c0: Fondente alla fragola e al cioccolato: fragola disidratata 40 %, zucchero, pasta di cacao, burro di cacao, cacao in polvere, emulsionante (lecitina di cacao), cacao in polvere, burro di cacao, burro di cacao, emulsionante (burro di cacao), cacao in polvere, burro di cacao, cacao in polvere, burro di cacao, cacao in polvere. <strong>soia<\/strong>), aroma natural de vainilla, colorante natural (remolacha), aroma natural de fresa , recubrimiento (maltodextrina, aceite de coco y aceite de colza), espesante (goma xantana), regulador de acidez (\u00e1cido c\u00edtrico) y conservador ( sorbato de potasio ).Cacao m\u00ednimo cobertura chocolate negro 70 %. Pi\u00f1a &amp; chocolate con leche: az\u00facar, pi\u00f1a deshidratada 31 %, manteca de cacao, <strong>latte<\/strong> polvere parzialmente scremata 8 %, massa di cacao, emulsionante (lecitina di cacao, burro di cacao, burro di cacao, massa di cacao, emulsionante (lecitina di burro di cacao, burro di cacao, burro di cacao, burro di cacao) <strong>soia<\/strong>), aroma naturale di vaniglia, rivestimento (maltodestrina, olio di cocco e olio di colza), addensante (gomma di xantano), regolatore di acidit\u00e0 (acido citrico) e conservante (sorbato di potassio). Copertura minima di cacao del cioccolato al latte 34 %. Fondente al mirtillo e cioccolato: zucchero, pasta di cacao, mirtillo disidratato (19 %), burro di cacao, emulsionante (lecitina di cacao) e conservante (sorbato di potassio). <strong>soia<\/strong>), olio di girasole, aroma naturale di vaniglia, copertura (maltodestrina, olio di cocco e olio di colza), addensante (gomma di xantano), correttore di acidit\u00e0 (acido citrico) e conservanti (sorbato di potassio). Copertura minima di cioccolato fondente al cacao 70 %. Fondente all'arancia e cioccolato: zucchero, pasta di cacao, arancia 17 %, burro di cacao, sciroppo di glucosio e fruttosio, emulsionante (lecitina di cacao), burro di cacao, sciroppo di glucosio e fruttosio, emulsionante (burro di cacao). <strong>soia<\/strong>), aroma naturale di vaniglia, rivestimento<\/p>\n<p>(maltodestrina, olio di cocco e olio di colza), addensante (gomma di xantano), regolatore di acidit\u00e0 (acido citrico) e conservanti (sorbato di potassio e metasolfito di sodio). Copertura minima di cacao del cioccolato fondente 70 %. Contiene solfiti.<\/p>\n<p>Lampone e cioccolato bianco immersi nel cioccolato fondente: zucchero, burro di cacao, <strong>latte<\/strong> polvere parzialmente scremata 12 %, pasta di cacao, lampone liofilizzato 5%, cacao in polvere, emulsionante (lecitina di cacao), cacao in polvere, burro di cacao, burro di cacao, burro di cacao, burro di cacao, burro di cacao, pasta di cacao. <strong>soia<\/strong>), aroma naturale di vaniglia e rivestimento (maltodestrina, olio di cocco e olio di colza), addensante (gomma di xantano) e conservante (sorbato di potassio). Copertura minima di cioccolato fondente al cacao 62 %. Copertura minima di cioccolato bianco al cacao 29,5%.<\/p>\n<p>Fondente di fichi e cioccolato: zucchero, fico 22%, pasta di cacao, cacao in polvere, burro di cacao, emulsionante (lecitina di cacao), burro di cacao, pasta di cacao, cacao in polvere, burro di cacao, emulsionante (burro di cacao). <strong>soia<\/strong>), aroma naturale di vaniglia, rivestimento (maltodestrina, olio di cocco e olio di colza), addensante (gomma xantana), regolatore di acidit\u00e0 (acido citrico) e conservante (sorbato di potassio). Copertura minima di cacao del cioccolato fondente 70 %. <strong>Pu\u00f2 contenere tracce di sesamo, latte, uova e altra frutta a guscio.<\/strong><\/p>","protected":false},"excerpt":{"rendered":"<p>Una scatola speciale della linea Delicatessen by Henedina contenente: torrone Jijona, torrone Alicante, torrone fondente al cioccolato con mandorle, scatola di cioccolato alla frutta con 6 variet\u00e0.<\/p>","protected":false},"featured_media":455,"template":"","meta":{"_acf_changed":false,"inline_featured_image":false},"product_brand":[],"product_cat":[20,21,22,25,18],"product_tag":[],"class_list":{"0":"post-454","1":"product","2":"type-product","3":"status-publish","4":"has-post-thumbnail","6":"product_cat-chocolates-y-fruites","7":"product_cat-delicatessen","8":"product_cat-estuches-de-regalo","9":"product_cat-fruit-chocolates","10":"product_cat-turrones","12":"first","13":"instock","14":"taxable","15":"shipping-taxable","16":"purchasable","17":"product-type-simple"},"acf":[],"yoast_head":"<!-- This site is optimized with the Yoast SEO plugin v26.5 - https:\/\/yoast.com\/wordpress\/plugins\/seo\/ -->\n<title>Estuche Especial Delicatessen by Henedina | Pablo Garrig\u00f3s Ib\u00e1\u00f1ez<\/title>\n<meta name=\"description\" content=\"Descubre la exquisitez con el Estuche Especial Delicatessen by Henedina. Incluye turr\u00f3n de Jijona, turr\u00f3n de Alicante, turr\u00f3n de chocolate fondant con almendras y un estuche de Fruit Chocolate de 6 variedades. Una selecci\u00f3n premium para deleitar los paladares m\u00e1s exigentes.\" \/>\n<meta name=\"robots\" content=\"index, follow, max-snippet:-1, max-image-preview:large, max-video-preview:-1\" \/>\n<link rel=\"canonical\" href=\"https:\/\/pablogarrigos.com\/it\/chocolates-y-fruites\/fruit-chocolates\/estuche-especial-delicatessen-by-henedina\/\" \/>\n<meta property=\"og:locale\" content=\"it_IT\" \/>\n<meta property=\"og:type\" content=\"article\" \/>\n<meta property=\"og:title\" content=\"Estuche Especial Delicatessen by Henedina | Pablo Garrig\u00f3s Ib\u00e1\u00f1ez\" \/>\n<meta property=\"og:description\" content=\"Descubre la exquisitez con el Estuche Especial Delicatessen by Henedina. Incluye turr\u00f3n de Jijona, turr\u00f3n de Alicante, turr\u00f3n de chocolate fondant con almendras y un estuche de Fruit Chocolate de 6 variedades. Una selecci\u00f3n premium para deleitar los paladares m\u00e1s exigentes.\" \/>\n<meta property=\"og:url\" content=\"https:\/\/pablogarrigos.com\/it\/chocolates-y-fruites\/fruit-chocolates\/estuche-especial-delicatessen-by-henedina\/\" \/>\n<meta property=\"og:site_name\" content=\"Pablo Garrig\u00f3s Iba\u00f1ez\" \/>\n<meta property=\"article:modified_time\" content=\"2025-11-19T15:06:13+00:00\" \/>\n<meta property=\"og:image\" content=\"https:\/\/pablogarrigos.com\/wp-content\/uploads\/2024\/02\/Estuche-Henedina-1.jpg\" \/>\n\t<meta property=\"og:image:width\" content=\"600\" \/>\n\t<meta property=\"og:image:height\" content=\"600\" \/>\n\t<meta property=\"og:image:type\" content=\"image\/jpeg\" \/>\n<meta name=\"twitter:card\" content=\"summary_large_image\" \/>\n<meta name=\"twitter:label1\" content=\"Tempo di lettura stimato\" \/>\n\t<meta name=\"twitter:data1\" content=\"3 minuti\" \/>\n<script type=\"application\/ld+json\" class=\"yoast-schema-graph\">{\"@context\":\"https:\/\/schema.org\",\"@graph\":[{\"@type\":\"WebPage\",\"@id\":\"https:\/\/pablogarrigos.com\/chocolates-y-fruites\/fruit-chocolates\/estuche-especial-delicatessen-by-henedina\/\",\"url\":\"https:\/\/pablogarrigos.com\/chocolates-y-fruites\/fruit-chocolates\/estuche-especial-delicatessen-by-henedina\/\",\"name\":\"Estuche Especial Delicatessen by Henedina | Pablo Garrig\u00f3s Ib\u00e1\u00f1ez\",\"isPartOf\":{\"@id\":\"https:\/\/pablogarrigos.com\/#website\"},\"primaryImageOfPage\":{\"@id\":\"https:\/\/pablogarrigos.com\/chocolates-y-fruites\/fruit-chocolates\/estuche-especial-delicatessen-by-henedina\/#primaryimage\"},\"image\":{\"@id\":\"https:\/\/pablogarrigos.com\/chocolates-y-fruites\/fruit-chocolates\/estuche-especial-delicatessen-by-henedina\/#primaryimage\"},\"thumbnailUrl\":\"https:\/\/pablogarrigos.com\/wp-content\/uploads\/2024\/02\/Estuche-Henedina-1.jpg\",\"datePublished\":\"2024-02-20T15:02:46+00:00\",\"dateModified\":\"2025-11-19T15:06:13+00:00\",\"description\":\"Descubre la exquisitez con el Estuche Especial Delicatessen by Henedina. Incluye turr\u00f3n de Jijona, turr\u00f3n de Alicante, turr\u00f3n de chocolate fondant con almendras y un estuche de Fruit Chocolate de 6 variedades. Una selecci\u00f3n premium para deleitar los paladares m\u00e1s exigentes.\",\"breadcrumb\":{\"@id\":\"https:\/\/pablogarrigos.com\/chocolates-y-fruites\/fruit-chocolates\/estuche-especial-delicatessen-by-henedina\/#breadcrumb\"},\"inLanguage\":\"it-IT\",\"potentialAction\":[{\"@type\":\"ReadAction\",\"target\":[\"https:\/\/pablogarrigos.com\/chocolates-y-fruites\/fruit-chocolates\/estuche-especial-delicatessen-by-henedina\/\"]}]},{\"@type\":\"ImageObject\",\"inLanguage\":\"it-IT\",\"@id\":\"https:\/\/pablogarrigos.com\/chocolates-y-fruites\/fruit-chocolates\/estuche-especial-delicatessen-by-henedina\/#primaryimage\",\"url\":\"https:\/\/pablogarrigos.com\/wp-content\/uploads\/2024\/02\/Estuche-Henedina-1.jpg\",\"contentUrl\":\"https:\/\/pablogarrigos.com\/wp-content\/uploads\/2024\/02\/Estuche-Henedina-1.jpg\",\"width\":600,\"height\":600},{\"@type\":\"BreadcrumbList\",\"@id\":\"https:\/\/pablogarrigos.com\/chocolates-y-fruites\/fruit-chocolates\/estuche-especial-delicatessen-by-henedina\/#breadcrumb\",\"itemListElement\":[{\"@type\":\"ListItem\",\"position\":1,\"name\":\"Home\",\"item\":\"https:\/\/pablogarrigos.com\/en\/\"},{\"@type\":\"ListItem\",\"position\":2,\"name\":\"Tienda\",\"item\":\"https:\/\/pablogarrigos.com\/en\/tienda\/\"},{\"@type\":\"ListItem\",\"position\":3,\"name\":\"Estuche Especial Delicatessen by Henedina\"}]},{\"@type\":\"WebSite\",\"@id\":\"https:\/\/pablogarrigos.com\/#website\",\"url\":\"https:\/\/pablogarrigos.com\/\",\"name\":\"Pablo Garrig\u00f3s Iba\u00f1ez\",\"description\":\"El Sentido del Gusto\",\"publisher\":{\"@id\":\"https:\/\/pablogarrigos.com\/#organization\"},\"potentialAction\":[{\"@type\":\"SearchAction\",\"target\":{\"@type\":\"EntryPoint\",\"urlTemplate\":\"https:\/\/pablogarrigos.com\/?s={search_term_string}\"},\"query-input\":{\"@type\":\"PropertyValueSpecification\",\"valueRequired\":true,\"valueName\":\"search_term_string\"}}],\"inLanguage\":\"it-IT\"},{\"@type\":\"Organization\",\"@id\":\"https:\/\/pablogarrigos.com\/#organization\",\"name\":\"Pablo Garrig\u00f3s Iba\u00f1ez\",\"url\":\"https:\/\/pablogarrigos.com\/\",\"logo\":{\"@type\":\"ImageObject\",\"inLanguage\":\"it-IT\",\"@id\":\"https:\/\/pablogarrigos.com\/#\/schema\/logo\/image\/\",\"url\":\"https:\/\/pablogarrigos.com\/wp-content\/uploads\/2024\/02\/logo-pablogarrigos.png\",\"contentUrl\":\"https:\/\/pablogarrigos.com\/wp-content\/uploads\/2024\/02\/logo-pablogarrigos.png\",\"width\":1247,\"height\":480,\"caption\":\"Pablo Garrig\u00f3s Iba\u00f1ez\"},\"image\":{\"@id\":\"https:\/\/pablogarrigos.com\/#\/schema\/logo\/image\/\"}}]}<\/script>\n<!-- \/ Yoast SEO plugin. -->","yoast_head_json":{"title":"Scatola speciale per gastronomia di Henedina | Pablo Garrig\u00f3s Ib\u00e1\u00f1ez","description":"Scoprite la squisitezza con la Special Delicatessen Box di Henedina. Include torrone di Jijona, torrone di Alicante, torrone fondente al cioccolato con mandorle e una scatola di cioccolato alla frutta con 6 variet\u00e0. Una selezione premium per deliziare i palati pi\u00f9 esigenti.","robots":{"index":"index","follow":"follow","max-snippet":"max-snippet:-1","max-image-preview":"max-image-preview:large","max-video-preview":"max-video-preview:-1"},"canonical":"https:\/\/pablogarrigos.com\/it\/chocolates-y-fruites\/fruit-chocolates\/estuche-especial-delicatessen-by-henedina\/","og_locale":"it_IT","og_type":"article","og_title":"Estuche Especial Delicatessen by Henedina | Pablo Garrig\u00f3s Ib\u00e1\u00f1ez","og_description":"Descubre la exquisitez con el Estuche Especial Delicatessen by Henedina. Incluye turr\u00f3n de Jijona, turr\u00f3n de Alicante, turr\u00f3n de chocolate fondant con almendras y un estuche de Fruit Chocolate de 6 variedades. Una selecci\u00f3n premium para deleitar los paladares m\u00e1s exigentes.","og_url":"https:\/\/pablogarrigos.com\/it\/chocolates-y-fruites\/fruit-chocolates\/estuche-especial-delicatessen-by-henedina\/","og_site_name":"Pablo Garrig\u00f3s Iba\u00f1ez","article_modified_time":"2025-11-19T15:06:13+00:00","og_image":[{"width":600,"height":600,"url":"https:\/\/pablogarrigos.com\/wp-content\/uploads\/2024\/02\/Estuche-Henedina-1.jpg","type":"image\/jpeg"}],"twitter_card":"summary_large_image","twitter_misc":{"Tempo di lettura stimato":"3 minuti"},"schema":{"@context":"https:\/\/schema.org","@graph":[{"@type":"WebPage","@id":"https:\/\/pablogarrigos.com\/chocolates-y-fruites\/fruit-chocolates\/estuche-especial-delicatessen-by-henedina\/","url":"https:\/\/pablogarrigos.com\/chocolates-y-fruites\/fruit-chocolates\/estuche-especial-delicatessen-by-henedina\/","name":"Scatola speciale per gastronomia di Henedina | Pablo Garrig\u00f3s Ib\u00e1\u00f1ez","isPartOf":{"@id":"https:\/\/pablogarrigos.com\/#website"},"primaryImageOfPage":{"@id":"https:\/\/pablogarrigos.com\/chocolates-y-fruites\/fruit-chocolates\/estuche-especial-delicatessen-by-henedina\/#primaryimage"},"image":{"@id":"https:\/\/pablogarrigos.com\/chocolates-y-fruites\/fruit-chocolates\/estuche-especial-delicatessen-by-henedina\/#primaryimage"},"thumbnailUrl":"https:\/\/pablogarrigos.com\/wp-content\/uploads\/2024\/02\/Estuche-Henedina-1.jpg","datePublished":"2024-02-20T15:02:46+00:00","dateModified":"2025-11-19T15:06:13+00:00","description":"Scoprite la squisitezza con la Special Delicatessen Box di Henedina. Include torrone di Jijona, torrone di Alicante, torrone fondente al cioccolato con mandorle e una scatola di cioccolato alla frutta con 6 variet\u00e0. Una selezione premium per deliziare i palati pi\u00f9 esigenti.","breadcrumb":{"@id":"https:\/\/pablogarrigos.com\/chocolates-y-fruites\/fruit-chocolates\/estuche-especial-delicatessen-by-henedina\/#breadcrumb"},"inLanguage":"it-IT","potentialAction":[{"@type":"ReadAction","target":["https:\/\/pablogarrigos.com\/chocolates-y-fruites\/fruit-chocolates\/estuche-especial-delicatessen-by-henedina\/"]}]},{"@type":"ImageObject","inLanguage":"it-IT","@id":"https:\/\/pablogarrigos.com\/chocolates-y-fruites\/fruit-chocolates\/estuche-especial-delicatessen-by-henedina\/#primaryimage","url":"https:\/\/pablogarrigos.com\/wp-content\/uploads\/2024\/02\/Estuche-Henedina-1.jpg","contentUrl":"https:\/\/pablogarrigos.com\/wp-content\/uploads\/2024\/02\/Estuche-Henedina-1.jpg","width":600,"height":600},{"@type":"BreadcrumbList","@id":"https:\/\/pablogarrigos.com\/chocolates-y-fruites\/fruit-chocolates\/estuche-especial-delicatessen-by-henedina\/#breadcrumb","itemListElement":[{"@type":"ListItem","position":1,"name":"Home","item":"https:\/\/pablogarrigos.com\/en\/"},{"@type":"ListItem","position":2,"name":"Tienda","item":"https:\/\/pablogarrigos.com\/en\/tienda\/"},{"@type":"ListItem","position":3,"name":"Estuche Especial Delicatessen by Henedina"}]},{"@type":"WebSite","@id":"https:\/\/pablogarrigos.com\/#website","url":"https:\/\/pablogarrigos.com\/","name":"Pablo Garrig\u00f3s Iba\u00f1ez","description":"Il senso del gusto","publisher":{"@id":"https:\/\/pablogarrigos.com\/#organization"},"potentialAction":[{"@type":"SearchAction","target":{"@type":"EntryPoint","urlTemplate":"https:\/\/pablogarrigos.com\/?s={search_term_string}"},"query-input":{"@type":"PropertyValueSpecification","valueRequired":true,"valueName":"search_term_string"}}],"inLanguage":"it-IT"},{"@type":"Organization","@id":"https:\/\/pablogarrigos.com\/#organization","name":"Pablo Garrig\u00f3s Iba\u00f1ez","url":"https:\/\/pablogarrigos.com\/","logo":{"@type":"ImageObject","inLanguage":"it-IT","@id":"https:\/\/pablogarrigos.com\/#\/schema\/logo\/image\/","url":"https:\/\/pablogarrigos.com\/wp-content\/uploads\/2024\/02\/logo-pablogarrigos.png","contentUrl":"https:\/\/pablogarrigos.com\/wp-content\/uploads\/2024\/02\/logo-pablogarrigos.png","width":1247,"height":480,"caption":"Pablo Garrig\u00f3s Iba\u00f1ez"},"image":{"@id":"https:\/\/pablogarrigos.com\/#\/schema\/logo\/image\/"}}]}},"_links":{"self":[{"href":"https:\/\/pablogarrigos.com\/it\/wp-json\/wp\/v2\/product\/454","targetHints":{"allow":["GET"]}}],"collection":[{"href":"https:\/\/pablogarrigos.com\/it\/wp-json\/wp\/v2\/product"}],"about":[{"href":"https:\/\/pablogarrigos.com\/it\/wp-json\/wp\/v2\/types\/product"}],"wp:featuredmedia":[{"embeddable":true,"href":"https:\/\/pablogarrigos.com\/it\/wp-json\/wp\/v2\/media\/455"}],"wp:attachment":[{"href":"https:\/\/pablogarrigos.com\/it\/wp-json\/wp\/v2\/media?parent=454"}],"wp:term":[{"taxonomy":"product_brand","embeddable":true,"href":"https:\/\/pablogarrigos.com\/it\/wp-json\/wp\/v2\/product_brand?post=454"},{"taxonomy":"product_cat","embeddable":true,"href":"https:\/\/pablogarrigos.com\/it\/wp-json\/wp\/v2\/product_cat?post=454"},{"taxonomy":"product_tag","embeddable":true,"href":"https:\/\/pablogarrigos.com\/it\/wp-json\/wp\/v2\/product_tag?post=454"}],"curies":[{"name":"wp","href":"https:\/\/api.w.org\/{rel}","templated":true}]}}