{"id":435,"date":"2024-02-20T20:10:57","date_gmt":"2024-02-20T19:10:57","guid":{"rendered":"https:\/\/pablogarrigos.com\/index.php\/product\/fruit-chocolate-6-variedades-250-g\/"},"modified":"2025-11-13T12:24:46","modified_gmt":"2025-11-13T11:24:46","slug":"fruit-chocolate-6-variedades-250-g","status":"publish","type":"product","link":"https:\/\/pablogarrigos.com\/it\/chocolates-y-fruites\/fruit-chocolates\/fruit-chocolate-6-variedades-250-g\/","title":{"rendered":"Cioccolato alla frutta 6 variet\u00e0 250g"},"content":{"rendered":"<p>FONDENTE ALLE FRAGOLE E CIOCCOLATO 440 g: fragole disidratate 40 %, zucchero, pasta di cacao, burro di cacao, cacao in polvere, emulsionante (lecitina di cacao), burro di cacao, pasta di cacao, burro di cacao, emulsionante (burro di cacao, burro di cacao, cacao in polvere), zucchero, burro di cacao. <strong>soia<\/strong>), aroma natural de vainilla, colorante natural (remolacha), aroma natural de fresa , recubrimiento (maltodextrina, aceite de coco y aceite de colza), espesante (goma xantana), regulador de acidez (\u00e1cido c\u00edtrico) y conservador ( sorbato de potasio ). Cacao m\u00ednimo cobertura chocolate negro 70 %. <strong>Pu\u00f2 contenere tracce di: uova, arachidi, latte e altra frutta a guscio.<\/strong><\/p>\n<p>ANANAS E CIOCCOLATO CON LATTE: zucchero, ananas disidratato 31 %, burro di cacao, <strong>latte<\/strong> polvere parzialmente scremata 8 %, massa di cacao, emulsionante (lecitina di cacao, burro di cacao, burro di cacao, massa di cacao, emulsionante (lecitina di burro di cacao, burro di cacao, burro di cacao, burro di cacao) <strong>soia<\/strong>), aroma naturale di vaniglia, rivestimento (maltodestrina, olio di cocco e olio di colza), addensante (gomma di xantano), regolatore di acidit\u00e0 (acido citrico) e conservante (sorbato di potassio). Copertura minima di cacao del cioccolato al latte 34 %. <strong>Pu\u00f2 contenere tracce di: uova, arachidi, latte e altra frutta a guscio.<\/strong><\/p>\n<p>FONDENTE AL BLUEBERRY E CIOCCOLATO: zucchero, pasta di cacao, mirtillo disidratato (19 %), burro di cacao, emulsionante (lecitina di cacao), burro di cacao, burro di cacao, burro di cacao, burro di cacao. <strong>soia<\/strong>), olio di girasole, aroma naturale di vaniglia, rivestimento (maltodestrina, olio di cocco e olio di colza), addensante (gomma di xantano), correttore di acidit\u00e0 (acido citrico) e conservanti (sorbato di potassio).Copertura minima di cacao cioccolato fondente 70 %. <strong>Pu\u00f2 contenere tracce di: latte, sesamo, arachidi, mandorle e nocciole.<\/strong><\/p>\n<p>FONDENTE ALL'ARANCIA E CIOCCOLATO: zucchero, pasta di cacao, arancia 17 %, burro di cacao, sciroppo di glucosio e fruttosio, emulsionante (lecitina di burro di cacao, burro di cacao, sciroppo di glucosio e fruttosio), burro di cacao, emulsionante (lecitina di burro di cacao), burro di cacao, burro di cacao, burro di cacao, burro di cacao. <strong>soia<\/strong>), aroma naturale di vaniglia, rivestimento<\/p>\n<p>(maltodestrina, olio di cocco e olio di colza), addensante (gomma di xantano), regolatore di acidit\u00e0 (acido citrico) e conservanti (sorbato di potassio e metasolfito di sodio). Copertura minima di cacao del cioccolato fondente 70 %. <strong>Pu\u00f2 contenere tracce di: latte, sesamo, arachidi, mandorle e nocciole.<\/strong><\/p>\n<p>CIOCCOLATO BIANCO E FRAGOLA RIVESTITO IN FONDENTE DI CIOCCOLATO: zucchero, burro di cacao, <strong>latte<\/strong> polvere parzialmente scremata 12 %, pasta di cacao, lampone liofilizzato 5%, cacao in polvere, emulsionante (lecitina di cacao), cacao in polvere, burro di cacao, burro di cacao, burro di cacao, burro di cacao, burro di cacao, pasta di cacao. <strong>soia<\/strong>), aroma naturale di vaniglia e rivestimento (maltodestrina, olio di cocco e olio di colza), addensante (gomma di xantano) e conservante (sorbato di potassio). Copertura minima di cioccolato fondente al cacao 62 %. Copertura minima di cioccolato bianco al cacao 29,5%. <strong>Pu\u00f2 contenere tracce di: uova, arachidi e altra frutta a guscio.<\/strong><\/p>\n<p>FONDENTE DI FICHI E CIOCCOLATO Zucchero, fichi 22%, pasta di cacao, cacao in polvere, burro di cacao, emulsionante (lecitina di cacao), burro di cacao, pasta di cacao, cacao in polvere, emulsionante (burro di cacao). <strong>soia<\/strong>), aroma naturale di vaniglia, rivestimento (maltodestrina, olio di cocco e olio di colza), addensante (gomma xantana), correttore di acidit\u00e0 (acido citrico) e conservante (sorbato di potassio). Copertura minima di cacao del cioccolato fondente 70 %. <strong>Pu\u00f2 contenere tracce di: uova, arachidi, latte e altra frutta a guscio.<\/strong><\/p>\n<p><strong>Conservar en un lugar fresco y seco. 12\u00ba-17\u00baC.<\/strong><\/p>","protected":false},"excerpt":{"rendered":"<p>Soddisfate i vostri sensi con squisite combinazioni di frutta naturale e cioccolato: fragola, ananas, mirtillo, arancia, lampone e fico.<\/p>","protected":false},"featured_media":436,"template":"","meta":{"_acf_changed":false,"inline_featured_image":false},"product_brand":[],"product_cat":[20,25],"product_tag":[],"class_list":{"0":"post-435","1":"product","2":"type-product","3":"status-publish","4":"has-post-thumbnail","6":"product_cat-chocolates-y-fruites","7":"product_cat-fruit-chocolates","9":"first","10":"instock","11":"taxable","12":"shipping-taxable","13":"purchasable","14":"product-type-simple"},"acf":[],"yoast_head":"<!-- This site is optimized with the Yoast SEO plugin v26.5 - https:\/\/yoast.com\/wordpress\/plugins\/seo\/ -->\n<title>Fruit Chocolate 6 Variedades | Pablo Garrig\u00f3s Ib\u00e1\u00f1ez<\/title>\n<meta name=\"description\" content=\"Descubre las Fruit Chocolate 6 variedades. Deliciosos bombones rellenos de fruta y cubiertos con el m\u00e1s delicioso chocolate fondant.\" \/>\n<meta name=\"robots\" content=\"index, follow, max-snippet:-1, max-image-preview:large, max-video-preview:-1\" \/>\n<link rel=\"canonical\" href=\"https:\/\/pablogarrigos.com\/it\/chocolates-y-fruites\/fruit-chocolates\/fruit-chocolate-6-variedades-250-g\/\" \/>\n<meta property=\"og:locale\" content=\"it_IT\" \/>\n<meta property=\"og:type\" content=\"article\" \/>\n<meta property=\"og:title\" content=\"Fruit Chocolate 6 Variedades | Pablo Garrig\u00f3s Ib\u00e1\u00f1ez\" \/>\n<meta property=\"og:description\" content=\"Descubre las Fruit Chocolate 6 variedades. Deliciosos bombones rellenos de fruta y cubiertos con el m\u00e1s delicioso chocolate fondant.\" \/>\n<meta property=\"og:url\" content=\"https:\/\/pablogarrigos.com\/it\/chocolates-y-fruites\/fruit-chocolates\/fruit-chocolate-6-variedades-250-g\/\" \/>\n<meta property=\"og:site_name\" content=\"Pablo Garrig\u00f3s Iba\u00f1ez\" \/>\n<meta property=\"article:modified_time\" content=\"2025-11-13T11:24:46+00:00\" \/>\n<meta property=\"og:image\" content=\"https:\/\/pablogarrigos.com\/wp-content\/uploads\/2024\/02\/fruit-chocolate-6-variedades-250-g.jpg\" \/>\n\t<meta property=\"og:image:width\" content=\"600\" \/>\n\t<meta property=\"og:image:height\" content=\"600\" \/>\n\t<meta property=\"og:image:type\" content=\"image\/jpeg\" \/>\n<meta name=\"twitter:card\" content=\"summary_large_image\" \/>\n<meta name=\"twitter:label1\" content=\"Tempo di lettura stimato\" \/>\n\t<meta name=\"twitter:data1\" content=\"3 minuti\" \/>\n<script type=\"application\/ld+json\" class=\"yoast-schema-graph\">{\"@context\":\"https:\/\/schema.org\",\"@graph\":[{\"@type\":\"WebPage\",\"@id\":\"https:\/\/pablogarrigos.com\/chocolates-y-fruites\/fruit-chocolates\/fruit-chocolate-6-variedades-250-g\/\",\"url\":\"https:\/\/pablogarrigos.com\/chocolates-y-fruites\/fruit-chocolates\/fruit-chocolate-6-variedades-250-g\/\",\"name\":\"Fruit Chocolate 6 Variedades | Pablo Garrig\u00f3s Ib\u00e1\u00f1ez\",\"isPartOf\":{\"@id\":\"https:\/\/pablogarrigos.com\/#website\"},\"primaryImageOfPage\":{\"@id\":\"https:\/\/pablogarrigos.com\/chocolates-y-fruites\/fruit-chocolates\/fruit-chocolate-6-variedades-250-g\/#primaryimage\"},\"image\":{\"@id\":\"https:\/\/pablogarrigos.com\/chocolates-y-fruites\/fruit-chocolates\/fruit-chocolate-6-variedades-250-g\/#primaryimage\"},\"thumbnailUrl\":\"https:\/\/pablogarrigos.com\/wp-content\/uploads\/2024\/02\/fruit-chocolate-6-variedades-250-g.jpg\",\"datePublished\":\"2024-02-20T19:10:57+00:00\",\"dateModified\":\"2025-11-13T11:24:46+00:00\",\"description\":\"Descubre las Fruit Chocolate 6 variedades. Deliciosos bombones rellenos de fruta y cubiertos con el m\u00e1s delicioso chocolate fondant.\",\"breadcrumb\":{\"@id\":\"https:\/\/pablogarrigos.com\/chocolates-y-fruites\/fruit-chocolates\/fruit-chocolate-6-variedades-250-g\/#breadcrumb\"},\"inLanguage\":\"it-IT\",\"potentialAction\":[{\"@type\":\"ReadAction\",\"target\":[\"https:\/\/pablogarrigos.com\/chocolates-y-fruites\/fruit-chocolates\/fruit-chocolate-6-variedades-250-g\/\"]}]},{\"@type\":\"ImageObject\",\"inLanguage\":\"it-IT\",\"@id\":\"https:\/\/pablogarrigos.com\/chocolates-y-fruites\/fruit-chocolates\/fruit-chocolate-6-variedades-250-g\/#primaryimage\",\"url\":\"https:\/\/pablogarrigos.com\/wp-content\/uploads\/2024\/02\/fruit-chocolate-6-variedades-250-g.jpg\",\"contentUrl\":\"https:\/\/pablogarrigos.com\/wp-content\/uploads\/2024\/02\/fruit-chocolate-6-variedades-250-g.jpg\",\"width\":600,\"height\":600},{\"@type\":\"BreadcrumbList\",\"@id\":\"https:\/\/pablogarrigos.com\/chocolates-y-fruites\/fruit-chocolates\/fruit-chocolate-6-variedades-250-g\/#breadcrumb\",\"itemListElement\":[{\"@type\":\"ListItem\",\"position\":1,\"name\":\"Home\",\"item\":\"https:\/\/pablogarrigos.com\/en\/\"},{\"@type\":\"ListItem\",\"position\":2,\"name\":\"Tienda\",\"item\":\"https:\/\/pablogarrigos.com\/en\/tienda\/\"},{\"@type\":\"ListItem\",\"position\":3,\"name\":\"Fruit Chocolate 6 variedades 250g\"}]},{\"@type\":\"WebSite\",\"@id\":\"https:\/\/pablogarrigos.com\/#website\",\"url\":\"https:\/\/pablogarrigos.com\/\",\"name\":\"Pablo Garrig\u00f3s Iba\u00f1ez\",\"description\":\"El Sentido del Gusto\",\"publisher\":{\"@id\":\"https:\/\/pablogarrigos.com\/#organization\"},\"potentialAction\":[{\"@type\":\"SearchAction\",\"target\":{\"@type\":\"EntryPoint\",\"urlTemplate\":\"https:\/\/pablogarrigos.com\/?s={search_term_string}\"},\"query-input\":{\"@type\":\"PropertyValueSpecification\",\"valueRequired\":true,\"valueName\":\"search_term_string\"}}],\"inLanguage\":\"it-IT\"},{\"@type\":\"Organization\",\"@id\":\"https:\/\/pablogarrigos.com\/#organization\",\"name\":\"Pablo Garrig\u00f3s Iba\u00f1ez\",\"url\":\"https:\/\/pablogarrigos.com\/\",\"logo\":{\"@type\":\"ImageObject\",\"inLanguage\":\"it-IT\",\"@id\":\"https:\/\/pablogarrigos.com\/#\/schema\/logo\/image\/\",\"url\":\"https:\/\/pablogarrigos.com\/wp-content\/uploads\/2024\/02\/logo-pablogarrigos.png\",\"contentUrl\":\"https:\/\/pablogarrigos.com\/wp-content\/uploads\/2024\/02\/logo-pablogarrigos.png\",\"width\":1247,\"height\":480,\"caption\":\"Pablo Garrig\u00f3s Iba\u00f1ez\"},\"image\":{\"@id\":\"https:\/\/pablogarrigos.com\/#\/schema\/logo\/image\/\"}}]}<\/script>\n<!-- \/ Yoast SEO plugin. -->","yoast_head_json":{"title":"Cioccolato alla frutta 6 variet\u00e0 | Pablo Garrig\u00f3s Ib\u00e1\u00f1ez","description":"Scoprite il cioccolato alla frutta in 6 variet\u00e0. Deliziosi cioccolatini ripieni di frutta e ricoperti dal pi\u00f9 delizioso cioccolato fondente.","robots":{"index":"index","follow":"follow","max-snippet":"max-snippet:-1","max-image-preview":"max-image-preview:large","max-video-preview":"max-video-preview:-1"},"canonical":"https:\/\/pablogarrigos.com\/it\/chocolates-y-fruites\/fruit-chocolates\/fruit-chocolate-6-variedades-250-g\/","og_locale":"it_IT","og_type":"article","og_title":"Fruit Chocolate 6 Variedades | Pablo Garrig\u00f3s Ib\u00e1\u00f1ez","og_description":"Descubre las Fruit Chocolate 6 variedades. Deliciosos bombones rellenos de fruta y cubiertos con el m\u00e1s delicioso chocolate fondant.","og_url":"https:\/\/pablogarrigos.com\/it\/chocolates-y-fruites\/fruit-chocolates\/fruit-chocolate-6-variedades-250-g\/","og_site_name":"Pablo Garrig\u00f3s Iba\u00f1ez","article_modified_time":"2025-11-13T11:24:46+00:00","og_image":[{"width":600,"height":600,"url":"https:\/\/pablogarrigos.com\/wp-content\/uploads\/2024\/02\/fruit-chocolate-6-variedades-250-g.jpg","type":"image\/jpeg"}],"twitter_card":"summary_large_image","twitter_misc":{"Tempo di lettura stimato":"3 minuti"},"schema":{"@context":"https:\/\/schema.org","@graph":[{"@type":"WebPage","@id":"https:\/\/pablogarrigos.com\/chocolates-y-fruites\/fruit-chocolates\/fruit-chocolate-6-variedades-250-g\/","url":"https:\/\/pablogarrigos.com\/chocolates-y-fruites\/fruit-chocolates\/fruit-chocolate-6-variedades-250-g\/","name":"Cioccolato alla frutta 6 variet\u00e0 | Pablo Garrig\u00f3s Ib\u00e1\u00f1ez","isPartOf":{"@id":"https:\/\/pablogarrigos.com\/#website"},"primaryImageOfPage":{"@id":"https:\/\/pablogarrigos.com\/chocolates-y-fruites\/fruit-chocolates\/fruit-chocolate-6-variedades-250-g\/#primaryimage"},"image":{"@id":"https:\/\/pablogarrigos.com\/chocolates-y-fruites\/fruit-chocolates\/fruit-chocolate-6-variedades-250-g\/#primaryimage"},"thumbnailUrl":"https:\/\/pablogarrigos.com\/wp-content\/uploads\/2024\/02\/fruit-chocolate-6-variedades-250-g.jpg","datePublished":"2024-02-20T19:10:57+00:00","dateModified":"2025-11-13T11:24:46+00:00","description":"Scoprite il cioccolato alla frutta in 6 variet\u00e0. Deliziosi cioccolatini ripieni di frutta e ricoperti dal pi\u00f9 delizioso cioccolato fondente.","breadcrumb":{"@id":"https:\/\/pablogarrigos.com\/chocolates-y-fruites\/fruit-chocolates\/fruit-chocolate-6-variedades-250-g\/#breadcrumb"},"inLanguage":"it-IT","potentialAction":[{"@type":"ReadAction","target":["https:\/\/pablogarrigos.com\/chocolates-y-fruites\/fruit-chocolates\/fruit-chocolate-6-variedades-250-g\/"]}]},{"@type":"ImageObject","inLanguage":"it-IT","@id":"https:\/\/pablogarrigos.com\/chocolates-y-fruites\/fruit-chocolates\/fruit-chocolate-6-variedades-250-g\/#primaryimage","url":"https:\/\/pablogarrigos.com\/wp-content\/uploads\/2024\/02\/fruit-chocolate-6-variedades-250-g.jpg","contentUrl":"https:\/\/pablogarrigos.com\/wp-content\/uploads\/2024\/02\/fruit-chocolate-6-variedades-250-g.jpg","width":600,"height":600},{"@type":"BreadcrumbList","@id":"https:\/\/pablogarrigos.com\/chocolates-y-fruites\/fruit-chocolates\/fruit-chocolate-6-variedades-250-g\/#breadcrumb","itemListElement":[{"@type":"ListItem","position":1,"name":"Home","item":"https:\/\/pablogarrigos.com\/en\/"},{"@type":"ListItem","position":2,"name":"Tienda","item":"https:\/\/pablogarrigos.com\/en\/tienda\/"},{"@type":"ListItem","position":3,"name":"Fruit Chocolate 6 variedades 250g"}]},{"@type":"WebSite","@id":"https:\/\/pablogarrigos.com\/#website","url":"https:\/\/pablogarrigos.com\/","name":"Pablo Garrig\u00f3s Iba\u00f1ez","description":"Il senso del gusto","publisher":{"@id":"https:\/\/pablogarrigos.com\/#organization"},"potentialAction":[{"@type":"SearchAction","target":{"@type":"EntryPoint","urlTemplate":"https:\/\/pablogarrigos.com\/?s={search_term_string}"},"query-input":{"@type":"PropertyValueSpecification","valueRequired":true,"valueName":"search_term_string"}}],"inLanguage":"it-IT"},{"@type":"Organization","@id":"https:\/\/pablogarrigos.com\/#organization","name":"Pablo Garrig\u00f3s Iba\u00f1ez","url":"https:\/\/pablogarrigos.com\/","logo":{"@type":"ImageObject","inLanguage":"it-IT","@id":"https:\/\/pablogarrigos.com\/#\/schema\/logo\/image\/","url":"https:\/\/pablogarrigos.com\/wp-content\/uploads\/2024\/02\/logo-pablogarrigos.png","contentUrl":"https:\/\/pablogarrigos.com\/wp-content\/uploads\/2024\/02\/logo-pablogarrigos.png","width":1247,"height":480,"caption":"Pablo Garrig\u00f3s Iba\u00f1ez"},"image":{"@id":"https:\/\/pablogarrigos.com\/#\/schema\/logo\/image\/"}}]}},"_links":{"self":[{"href":"https:\/\/pablogarrigos.com\/it\/wp-json\/wp\/v2\/product\/435","targetHints":{"allow":["GET"]}}],"collection":[{"href":"https:\/\/pablogarrigos.com\/it\/wp-json\/wp\/v2\/product"}],"about":[{"href":"https:\/\/pablogarrigos.com\/it\/wp-json\/wp\/v2\/types\/product"}],"wp:featuredmedia":[{"embeddable":true,"href":"https:\/\/pablogarrigos.com\/it\/wp-json\/wp\/v2\/media\/436"}],"wp:attachment":[{"href":"https:\/\/pablogarrigos.com\/it\/wp-json\/wp\/v2\/media?parent=435"}],"wp:term":[{"taxonomy":"product_brand","embeddable":true,"href":"https:\/\/pablogarrigos.com\/it\/wp-json\/wp\/v2\/product_brand?post=435"},{"taxonomy":"product_cat","embeddable":true,"href":"https:\/\/pablogarrigos.com\/it\/wp-json\/wp\/v2\/product_cat?post=435"},{"taxonomy":"product_tag","embeddable":true,"href":"https:\/\/pablogarrigos.com\/it\/wp-json\/wp\/v2\/product_tag?post=435"}],"curies":[{"name":"wp","href":"https:\/\/api.w.org\/{rel}","templated":true}]}}