{"id":428,"date":"2024-02-20T20:02:57","date_gmt":"2024-02-20T19:02:57","guid":{"rendered":"https:\/\/pablogarrigos.com\/index.php\/product\/bombones-de-almendra-4-variedades-100-g\/"},"modified":"2025-11-13T12:25:46","modified_gmt":"2025-11-13T11:25:46","slug":"bombones-de-almendra-4-variedades-100-g","status":"publish","type":"product","link":"https:\/\/pablogarrigos.com\/it\/chocolates-y-fruites\/bombones-de-almendra\/bombones-de-almendra-4-variedades-100-g\/","title":{"rendered":"Cioccolatini alle mandorle 4 variet\u00e0 100g"},"content":{"rendered":"<p>Cocco: Zucchero, <strong>Mandorla<\/strong> Marcona 22%, burro di cacao, <strong>latte<\/strong> 10%, pasta di cocco (cocco, zucchero, latte di cocco disidratato, olio di girasole, grasso di cocco, aroma naturale di cocco, maltodestrina, <strong>caseinato<\/strong> sciroppo di sodio, , cocco grattugiato, sciroppo di glucosio, emulsionante (lecitina di sodio, lecitina di sodio) <strong>soia<\/strong>) e l'aroma di vaniglia. <strong>Pu\u00f2 contenere tracce di: altra frutta a guscio, arachidi e uova.<\/strong><\/p>\n<p>Cioccolato bianco: cacao 30% minimo. Arancia: zucchero, <strong>Mandorla<\/strong> Marcona 22%, burro di cacao, <strong>latte<\/strong> cacao intero in polvere (10%), cacao in polvere, <strong>mandorle<\/strong>aroma di fiori d'arancio, aroma di nettare, sciroppo di glucosio, emulsionante (lecitina di sciroppo di mais), sciroppo, emulsionante (lecitina di sciroppo di mais), aroma di nettare, sciroppo di glucosio <strong>soia<\/strong>) e l'aroma di vaniglia. <strong>Pu\u00f2 contenere tracce di: altra frutta a guscio, arachidi e uova.<\/strong><\/p>\n<p>Mango e cannella: zucchero, <strong>Mandorla<\/strong> Marcona 22%, burro di cacao, <strong>latte<\/strong> cacao intero in polvere 12%, cacao in polvere, <strong>nocciola<\/strong>, pasta de mango (mango, extracto de frutas, regulador de acidez (\u00e1cido c\u00edtrico), az\u00facar, espesante (pectina de manzana), colorantes (betacaroteno, curcumina), aromas, inulina, conservadores (sorbato pot\u00e1sico, difosfato dis\u00f3dico, fosfato tric\u00e1lcico)), aroma de mango, aroma de canela, emulgente (lecitina de <strong>La soia<\/strong>) e aroma naturale di vaniglia. <strong>Pu\u00f2 contenere tracce di: altra frutta a guscio, arachidi e uova.<\/strong><\/p>\n<p>Tiramis\u00f9: zucchero, burro di cacao, <strong>Mandorla<\/strong> Marcona 22%, <strong>Latte<\/strong> semidesnatada en polvo 10%, cacao en polvo, pasta de tiramis\u00fa (jarabe de glucosa, aroma, colorantes (caramelo, tartracina*, amarillo anaranjado s*, rojo cochinilla A*), regulador de acidez ( \u00e1cido c\u00edtrico), conservador (sorbato de potasio)), mascarpone en polvo (2%) (mascarpone en polvo, <strong>latte<\/strong> polvere scremata, proteine <strong>lattico<\/strong>, antioxidante (lactobianato de calcio)), jarabe de glucosa, caf\u00e9 en polvo (1%), emulgente (lecitina de <strong>soia<\/strong>) e aroma naturale di vaniglia. pu\u00f2 avere effetti negativi sull'attivit\u00e0 e l'attenzione dei bambini. Cioccolato fondente: Cacao 70% min. <strong>Pu\u00f2 contenere tracce di: altra frutta a guscio, arachidi e uova.<\/strong><\/p>\n<p><strong>Conservar en un lugar fresco y seco. 12\u00ba-17\u00baC.<\/strong><\/p>","protected":false},"excerpt":{"rendered":"<p>Deliziosi e sorprendenti cioccolatini alle mandorle di 4 diverse variet\u00e0 di Pablo Garrig\u00f3s Ib\u00e1\u00f1ez in formato da 100 grammi.<\/p>","protected":false},"featured_media":4875,"template":"","meta":{"_acf_changed":false,"inline_featured_image":false},"product_brand":[],"product_cat":[24,20],"product_tag":[],"class_list":{"0":"post-428","1":"product","2":"type-product","3":"status-publish","4":"has-post-thumbnail","6":"product_cat-bombones-de-almendra","7":"product_cat-chocolates-y-fruites","9":"first","10":"instock","11":"taxable","12":"shipping-taxable","13":"purchasable","14":"product-type-simple"},"acf":[],"yoast_head":"<!-- This site is optimized with the Yoast SEO plugin v26.5 - https:\/\/yoast.com\/wordpress\/plugins\/seo\/ -->\n<title>Bombones de Almendra 4 Variedades | Pablo Garrig\u00f3s Ib\u00e1\u00f1ez<\/title>\n<meta name=\"description\" content=\"Descubre las 4 variedades \u00fanicas de Bombones de Almendra de Pablo Garrig\u00f3s Ib\u00e1\u00f1ez, incluyendo Coco, Naranja, Mango &amp; Canela, y Tiramis\u00fa. Cada bocado combina ingredientes selectos con la tradici\u00f3n chocolatera, en un equilibrio perfecto de sabores y texturas.\" \/>\n<meta name=\"robots\" content=\"index, follow, max-snippet:-1, max-image-preview:large, max-video-preview:-1\" \/>\n<link rel=\"canonical\" href=\"https:\/\/pablogarrigos.com\/it\/chocolates-y-fruites\/bombones-de-almendra\/bombones-de-almendra-4-variedades-100-g\/\" \/>\n<meta property=\"og:locale\" content=\"it_IT\" \/>\n<meta property=\"og:type\" content=\"article\" \/>\n<meta property=\"og:title\" content=\"Bombones de Almendra 4 Variedades | Pablo Garrig\u00f3s Ib\u00e1\u00f1ez\" \/>\n<meta property=\"og:description\" content=\"Descubre las 4 variedades \u00fanicas de Bombones de Almendra de Pablo Garrig\u00f3s Ib\u00e1\u00f1ez, incluyendo Coco, Naranja, Mango &amp; Canela, y Tiramis\u00fa. Cada bocado combina ingredientes selectos con la tradici\u00f3n chocolatera, en un equilibrio perfecto de sabores y texturas.\" \/>\n<meta property=\"og:url\" content=\"https:\/\/pablogarrigos.com\/it\/chocolates-y-fruites\/bombones-de-almendra\/bombones-de-almendra-4-variedades-100-g\/\" \/>\n<meta property=\"og:site_name\" content=\"Pablo Garrig\u00f3s Iba\u00f1ez\" \/>\n<meta property=\"article:modified_time\" content=\"2025-11-13T11:25:46+00:00\" \/>\n<meta property=\"og:image\" content=\"https:\/\/pablogarrigos.com\/wp-content\/uploads\/2025\/05\/Bombones-de-almendra-5-scaled.jpg\" \/>\n\t<meta property=\"og:image:width\" content=\"2560\" \/>\n\t<meta property=\"og:image:height\" content=\"1708\" \/>\n\t<meta property=\"og:image:type\" content=\"image\/jpeg\" \/>\n<meta name=\"twitter:card\" content=\"summary_large_image\" \/>\n<meta name=\"twitter:label1\" content=\"Tempo di lettura stimato\" \/>\n\t<meta name=\"twitter:data1\" content=\"2 minuti\" \/>\n<script type=\"application\/ld+json\" class=\"yoast-schema-graph\">{\"@context\":\"https:\/\/schema.org\",\"@graph\":[{\"@type\":\"WebPage\",\"@id\":\"https:\/\/pablogarrigos.com\/chocolates-y-fruites\/bombones-de-almendra\/bombones-de-almendra-4-variedades-100-g\/\",\"url\":\"https:\/\/pablogarrigos.com\/chocolates-y-fruites\/bombones-de-almendra\/bombones-de-almendra-4-variedades-100-g\/\",\"name\":\"Bombones de Almendra 4 Variedades | Pablo Garrig\u00f3s Ib\u00e1\u00f1ez\",\"isPartOf\":{\"@id\":\"https:\/\/pablogarrigos.com\/#website\"},\"primaryImageOfPage\":{\"@id\":\"https:\/\/pablogarrigos.com\/chocolates-y-fruites\/bombones-de-almendra\/bombones-de-almendra-4-variedades-100-g\/#primaryimage\"},\"image\":{\"@id\":\"https:\/\/pablogarrigos.com\/chocolates-y-fruites\/bombones-de-almendra\/bombones-de-almendra-4-variedades-100-g\/#primaryimage\"},\"thumbnailUrl\":\"https:\/\/pablogarrigos.com\/wp-content\/uploads\/2025\/05\/Bombones-de-almendra-5-scaled.jpg\",\"datePublished\":\"2024-02-20T19:02:57+00:00\",\"dateModified\":\"2025-11-13T11:25:46+00:00\",\"description\":\"Descubre las 4 variedades \u00fanicas de Bombones de Almendra de Pablo Garrig\u00f3s Ib\u00e1\u00f1ez, incluyendo Coco, Naranja, Mango & Canela, y Tiramis\u00fa. Cada bocado combina ingredientes selectos con la tradici\u00f3n chocolatera, en un equilibrio perfecto de sabores y texturas.\",\"breadcrumb\":{\"@id\":\"https:\/\/pablogarrigos.com\/chocolates-y-fruites\/bombones-de-almendra\/bombones-de-almendra-4-variedades-100-g\/#breadcrumb\"},\"inLanguage\":\"it-IT\",\"potentialAction\":[{\"@type\":\"ReadAction\",\"target\":[\"https:\/\/pablogarrigos.com\/chocolates-y-fruites\/bombones-de-almendra\/bombones-de-almendra-4-variedades-100-g\/\"]}]},{\"@type\":\"ImageObject\",\"inLanguage\":\"it-IT\",\"@id\":\"https:\/\/pablogarrigos.com\/chocolates-y-fruites\/bombones-de-almendra\/bombones-de-almendra-4-variedades-100-g\/#primaryimage\",\"url\":\"https:\/\/pablogarrigos.com\/wp-content\/uploads\/2025\/05\/Bombones-de-almendra-5-scaled.jpg\",\"contentUrl\":\"https:\/\/pablogarrigos.com\/wp-content\/uploads\/2025\/05\/Bombones-de-almendra-5-scaled.jpg\",\"width\":2560,\"height\":1708},{\"@type\":\"BreadcrumbList\",\"@id\":\"https:\/\/pablogarrigos.com\/chocolates-y-fruites\/bombones-de-almendra\/bombones-de-almendra-4-variedades-100-g\/#breadcrumb\",\"itemListElement\":[{\"@type\":\"ListItem\",\"position\":1,\"name\":\"Home\",\"item\":\"https:\/\/pablogarrigos.com\/en\/\"},{\"@type\":\"ListItem\",\"position\":2,\"name\":\"Tienda\",\"item\":\"https:\/\/pablogarrigos.com\/en\/tienda\/\"},{\"@type\":\"ListItem\",\"position\":3,\"name\":\"Bombones de Almendra 4 variedades 100g\"}]},{\"@type\":\"WebSite\",\"@id\":\"https:\/\/pablogarrigos.com\/#website\",\"url\":\"https:\/\/pablogarrigos.com\/\",\"name\":\"Pablo Garrig\u00f3s Iba\u00f1ez\",\"description\":\"El Sentido del Gusto\",\"publisher\":{\"@id\":\"https:\/\/pablogarrigos.com\/#organization\"},\"potentialAction\":[{\"@type\":\"SearchAction\",\"target\":{\"@type\":\"EntryPoint\",\"urlTemplate\":\"https:\/\/pablogarrigos.com\/?s={search_term_string}\"},\"query-input\":{\"@type\":\"PropertyValueSpecification\",\"valueRequired\":true,\"valueName\":\"search_term_string\"}}],\"inLanguage\":\"it-IT\"},{\"@type\":\"Organization\",\"@id\":\"https:\/\/pablogarrigos.com\/#organization\",\"name\":\"Pablo Garrig\u00f3s Iba\u00f1ez\",\"url\":\"https:\/\/pablogarrigos.com\/\",\"logo\":{\"@type\":\"ImageObject\",\"inLanguage\":\"it-IT\",\"@id\":\"https:\/\/pablogarrigos.com\/#\/schema\/logo\/image\/\",\"url\":\"https:\/\/pablogarrigos.com\/wp-content\/uploads\/2024\/02\/logo-pablogarrigos.png\",\"contentUrl\":\"https:\/\/pablogarrigos.com\/wp-content\/uploads\/2024\/02\/logo-pablogarrigos.png\",\"width\":1247,\"height\":480,\"caption\":\"Pablo Garrig\u00f3s Iba\u00f1ez\"},\"image\":{\"@id\":\"https:\/\/pablogarrigos.com\/#\/schema\/logo\/image\/\"}}]}<\/script>\n<!-- \/ Yoast SEO plugin. -->","yoast_head_json":{"title":"Bonbon alle mandorle 4 variet\u00e0 | Pablo Garrig\u00f3s Ib\u00e1\u00f1ez","description":"Scoprite le 4 variet\u00e0 uniche dei Bonbon alle mandorle Pablo Garrig\u00f3s Ib\u00e1\u00f1ez, tra cui Cocco, Arancia, Mango e Cannella e Tiramis\u00f9. Ogni boccone combina ingredienti selezionati con la tradizione del cioccolato, in un perfetto equilibrio di sapori e consistenze.","robots":{"index":"index","follow":"follow","max-snippet":"max-snippet:-1","max-image-preview":"max-image-preview:large","max-video-preview":"max-video-preview:-1"},"canonical":"https:\/\/pablogarrigos.com\/it\/chocolates-y-fruites\/bombones-de-almendra\/bombones-de-almendra-4-variedades-100-g\/","og_locale":"it_IT","og_type":"article","og_title":"Bombones de Almendra 4 Variedades | Pablo Garrig\u00f3s Ib\u00e1\u00f1ez","og_description":"Descubre las 4 variedades \u00fanicas de Bombones de Almendra de Pablo Garrig\u00f3s Ib\u00e1\u00f1ez, incluyendo Coco, Naranja, Mango & Canela, y Tiramis\u00fa. Cada bocado combina ingredientes selectos con la tradici\u00f3n chocolatera, en un equilibrio perfecto de sabores y texturas.","og_url":"https:\/\/pablogarrigos.com\/it\/chocolates-y-fruites\/bombones-de-almendra\/bombones-de-almendra-4-variedades-100-g\/","og_site_name":"Pablo Garrig\u00f3s Iba\u00f1ez","article_modified_time":"2025-11-13T11:25:46+00:00","og_image":[{"width":2560,"height":1708,"url":"https:\/\/pablogarrigos.com\/wp-content\/uploads\/2025\/05\/Bombones-de-almendra-5-scaled.jpg","type":"image\/jpeg"}],"twitter_card":"summary_large_image","twitter_misc":{"Tempo di lettura stimato":"2 minuti"},"schema":{"@context":"https:\/\/schema.org","@graph":[{"@type":"WebPage","@id":"https:\/\/pablogarrigos.com\/chocolates-y-fruites\/bombones-de-almendra\/bombones-de-almendra-4-variedades-100-g\/","url":"https:\/\/pablogarrigos.com\/chocolates-y-fruites\/bombones-de-almendra\/bombones-de-almendra-4-variedades-100-g\/","name":"Bonbon alle mandorle 4 variet\u00e0 | Pablo Garrig\u00f3s Ib\u00e1\u00f1ez","isPartOf":{"@id":"https:\/\/pablogarrigos.com\/#website"},"primaryImageOfPage":{"@id":"https:\/\/pablogarrigos.com\/chocolates-y-fruites\/bombones-de-almendra\/bombones-de-almendra-4-variedades-100-g\/#primaryimage"},"image":{"@id":"https:\/\/pablogarrigos.com\/chocolates-y-fruites\/bombones-de-almendra\/bombones-de-almendra-4-variedades-100-g\/#primaryimage"},"thumbnailUrl":"https:\/\/pablogarrigos.com\/wp-content\/uploads\/2025\/05\/Bombones-de-almendra-5-scaled.jpg","datePublished":"2024-02-20T19:02:57+00:00","dateModified":"2025-11-13T11:25:46+00:00","description":"Scoprite le 4 variet\u00e0 uniche dei Bonbon alle mandorle Pablo Garrig\u00f3s Ib\u00e1\u00f1ez, tra cui Cocco, Arancia, Mango e Cannella e Tiramis\u00f9. Ogni boccone combina ingredienti selezionati con la tradizione del cioccolato, in un perfetto equilibrio di sapori e consistenze.","breadcrumb":{"@id":"https:\/\/pablogarrigos.com\/chocolates-y-fruites\/bombones-de-almendra\/bombones-de-almendra-4-variedades-100-g\/#breadcrumb"},"inLanguage":"it-IT","potentialAction":[{"@type":"ReadAction","target":["https:\/\/pablogarrigos.com\/chocolates-y-fruites\/bombones-de-almendra\/bombones-de-almendra-4-variedades-100-g\/"]}]},{"@type":"ImageObject","inLanguage":"it-IT","@id":"https:\/\/pablogarrigos.com\/chocolates-y-fruites\/bombones-de-almendra\/bombones-de-almendra-4-variedades-100-g\/#primaryimage","url":"https:\/\/pablogarrigos.com\/wp-content\/uploads\/2025\/05\/Bombones-de-almendra-5-scaled.jpg","contentUrl":"https:\/\/pablogarrigos.com\/wp-content\/uploads\/2025\/05\/Bombones-de-almendra-5-scaled.jpg","width":2560,"height":1708},{"@type":"BreadcrumbList","@id":"https:\/\/pablogarrigos.com\/chocolates-y-fruites\/bombones-de-almendra\/bombones-de-almendra-4-variedades-100-g\/#breadcrumb","itemListElement":[{"@type":"ListItem","position":1,"name":"Home","item":"https:\/\/pablogarrigos.com\/en\/"},{"@type":"ListItem","position":2,"name":"Tienda","item":"https:\/\/pablogarrigos.com\/en\/tienda\/"},{"@type":"ListItem","position":3,"name":"Bombones de Almendra 4 variedades 100g"}]},{"@type":"WebSite","@id":"https:\/\/pablogarrigos.com\/#website","url":"https:\/\/pablogarrigos.com\/","name":"Pablo Garrig\u00f3s Iba\u00f1ez","description":"Il senso del gusto","publisher":{"@id":"https:\/\/pablogarrigos.com\/#organization"},"potentialAction":[{"@type":"SearchAction","target":{"@type":"EntryPoint","urlTemplate":"https:\/\/pablogarrigos.com\/?s={search_term_string}"},"query-input":{"@type":"PropertyValueSpecification","valueRequired":true,"valueName":"search_term_string"}}],"inLanguage":"it-IT"},{"@type":"Organization","@id":"https:\/\/pablogarrigos.com\/#organization","name":"Pablo Garrig\u00f3s Iba\u00f1ez","url":"https:\/\/pablogarrigos.com\/","logo":{"@type":"ImageObject","inLanguage":"it-IT","@id":"https:\/\/pablogarrigos.com\/#\/schema\/logo\/image\/","url":"https:\/\/pablogarrigos.com\/wp-content\/uploads\/2024\/02\/logo-pablogarrigos.png","contentUrl":"https:\/\/pablogarrigos.com\/wp-content\/uploads\/2024\/02\/logo-pablogarrigos.png","width":1247,"height":480,"caption":"Pablo Garrig\u00f3s Iba\u00f1ez"},"image":{"@id":"https:\/\/pablogarrigos.com\/#\/schema\/logo\/image\/"}}]}},"_links":{"self":[{"href":"https:\/\/pablogarrigos.com\/it\/wp-json\/wp\/v2\/product\/428","targetHints":{"allow":["GET"]}}],"collection":[{"href":"https:\/\/pablogarrigos.com\/it\/wp-json\/wp\/v2\/product"}],"about":[{"href":"https:\/\/pablogarrigos.com\/it\/wp-json\/wp\/v2\/types\/product"}],"wp:featuredmedia":[{"embeddable":true,"href":"https:\/\/pablogarrigos.com\/it\/wp-json\/wp\/v2\/media\/4875"}],"wp:attachment":[{"href":"https:\/\/pablogarrigos.com\/it\/wp-json\/wp\/v2\/media?parent=428"}],"wp:term":[{"taxonomy":"product_brand","embeddable":true,"href":"https:\/\/pablogarrigos.com\/it\/wp-json\/wp\/v2\/product_brand?post=428"},{"taxonomy":"product_cat","embeddable":true,"href":"https:\/\/pablogarrigos.com\/it\/wp-json\/wp\/v2\/product_cat?post=428"},{"taxonomy":"product_tag","embeddable":true,"href":"https:\/\/pablogarrigos.com\/it\/wp-json\/wp\/v2\/product_tag?post=428"}],"curies":[{"name":"wp","href":"https:\/\/api.w.org\/{rel}","templated":true}]}}