{"id":395,"date":"2024-02-20T16:03:57","date_gmt":"2024-02-20T15:03:57","guid":{"rendered":"https:\/\/pablogarrigos.com\/index.php\/product\/estuche-especial-delicatessen-by-debora\/"},"modified":"2025-11-19T16:21:18","modified_gmt":"2025-11-19T15:21:18","slug":"estuche-especial-delicatessen-by-debora","status":"publish","type":"product","link":"https:\/\/pablogarrigos.com\/it\/turrones\/estuche-especial-delicatessen-by-debora\/","title":{"rendered":"Scatola speciale Delicatessen di D\u00e9bora"},"content":{"rendered":"<p>TURR\u00d3N DE JIJONA: <strong>Mandorla<\/strong> 74%, miele di fiori d'arancio 17%, zucchero e albume d'uovo 74%, miele di fiori d'arancio 17%, zucchero e albume d'uovo 74% <strong>Uovo. Pu\u00f2 contenere tracce di sesamo e nocciole.<\/strong><\/p>\n<p>TURR\u00d3N DE ALICANTE: <strong>Mandorla<\/strong> 68%, miele di rosmarino 16%, zucchero, sciroppo di glucosio, superficie di wafer (fecola di patate e olio di girasole) e albume d'uovo 68%, zucchero, sciroppo di glucosio, superficie di wafer di fecola di patate (fecola di patate e olio di girasole) e albume d'uovo <strong>Uovo. Pu\u00f2 contenere tracce di sesamo e nocciole.<\/strong><\/p>\n<p>TORRONE AL CIOCCOLATO AL LATTE CON LATTE E MANDORLE: <strong>Mandorla<\/strong> marcona, 40% selezionati e tostati, zucchero, burro di cacao, <strong>latte<\/strong> cacao intero in polvere 11%, massa di cacao, <strong>siero di latte<\/strong> in polvere, emulsionante (lecitina di olio vegetale), emulsionante (lecitina di olio vegetale), emulsionante (lecitina di olio vegetale) e <strong>soia<\/strong>) e aroma naturale di vaniglia. Cacao min. 18%. <strong>Pu\u00f2 contenere tracce di altra frutta a guscio.<\/strong><\/p>\n<p>FONDENTE AL CIOCCOLATO ALL'ARANCIA: Zucchero, pasta di cacao, scorza d'arancia, burro di cacao, sciroppo di glucosio e fruttosio, emulsionante (lecitina di cacao), burro di cacao, burro di cacao, pasta di cacao, burro di cacao, burro di cacao. <strong>soia<\/strong>), aroma naturale di vaniglia, regolatore di acidit\u00e0 (acido citrico), conservanti (sorbato di potassio e bisolfito di sodio). Cacao minimo 52%. <strong>Pu\u00f2 contenere uova e frutta a guscio.<\/strong><\/p>\n<p>4 VARIET\u00c0: Cocco: Zucchero, <strong>Mandorla<\/strong> Marcona 22%, burro di cacao, <strong>latte<\/strong> 10%, pasta di cocco (cocco, zucchero, <strong>latte<\/strong> cocco disidratato, olio di girasole, grasso di cocco, aroma naturale di cocco, maltodestrina, <strong>caseinato<\/strong> sciroppo di sodio, , cocco grattugiato, sciroppo di glucosio, emulsionante (lecitina di sodio, lecitina di sodio) <strong>soia<\/strong>) e aroma di vaniglia. Cioccolato bianco: cacao 30% minimo. Arancia: zucchero, <strong>Mandorla<\/strong> Marcona 22%, burro di cacao, <strong>latte<\/strong> cacao intero in polvere (10%), cacao in polvere, <strong>mandorle<\/strong>aroma di fiori d'arancio, aroma di nettare, sciroppo di glucosio, emulsionante (lecitina di sciroppo di mais), sciroppo, idrossido di sodio, sciroppo, emulsionante (lecitina di sciroppo di mais). <strong>soia<\/strong>) e aroma di vaniglia. Cioccolato bianco: cacao 30% minimo. Mango e cannella: zucchero, <strong>Mandorla<\/strong> Marcona 22%, burro di cacao, <strong>latte<\/strong> cacao intero in polvere 12%, cacao in polvere, <strong>nocciola<\/strong>, pasta de mango (mango, extracto de frutas, regulador de acidez (\u00e1cido c\u00edtrico), az\u00facar, espesante (pectina de manzana), colorantes (betacaroteno, curcumina), aromas, inulina, conservadores (sorbato pot\u00e1sico, difosfato dis\u00f3dico, fosfato tric\u00e1lcico)), aroma de mango, aroma de canela, emulgente (lecitina de <strong>La soia<\/strong>) e aroma naturale di vaniglia. Cioccolato bianco: cacao 30% minimo. Tiramis\u00f9: zucchero, burro di cacao, <strong>Mandorla<\/strong> Marcona 22%, <strong>Latte<\/strong> semidesnatada en polvo 10%, cacao en polvo, pasta de tiramis\u00fa (jarabe de glucosa, aroma, colorantes (caramelo, tartracina*, amarillo anaranjado s*, rojo cochinilla A*), regulador de acidez ( \u00e1cido c\u00edtrico), conservador (sorbato de potasio)), mascarpone en polvo (2%) (mascarpone en polvo, <strong>latte<\/strong> polvere scremata, proteine <strong>lattico<\/strong>, antioxidante (lactobianato de calcio)), jarabe de glucosa, caf\u00e9 en polvo (1%), emulgente (lecitina de <strong>soia<\/strong>) e aroma naturale di vaniglia. pu\u00f2 avere effetti negativi sull'attivit\u00e0 e l'attenzione dei bambini. Cioccolato bianco: cacao 30% min. Cioccolato fondente: cacao 70% min. <strong>Pu\u00f2 contenere tracce di sesamo, uova e altra frutta a guscio. Adatto ai celiaci.<\/strong><\/p>","protected":false},"excerpt":{"rendered":"<p>Una scatola speciale della linea Delicatessen by D\u00e9bora contenente: torrone di Jijona, torrone di Alicante, torrone al latte e alle mandorle, orangette al cioccolato fondente e 4 variet\u00e0 di cioccolatini alle mandorle.<\/p>","protected":false},"featured_media":1923,"template":"","meta":{"_acf_changed":false,"inline_featured_image":false},"product_brand":[],"product_cat":[21,22,18],"product_tag":[],"class_list":{"0":"post-395","1":"product","2":"type-product","3":"status-publish","4":"has-post-thumbnail","6":"product_cat-delicatessen","7":"product_cat-estuches-de-regalo","8":"product_cat-turrones","10":"first","11":"instock","12":"taxable","13":"shipping-taxable","14":"purchasable","15":"product-type-simple"},"acf":[],"yoast_head":"<!-- This site is optimized with the Yoast SEO plugin v26.5 - https:\/\/yoast.com\/wordpress\/plugins\/seo\/ -->\n<title>Estuche Especial Delicatessen by D\u00e9bora | Pablo Garrig\u00f3s Ib\u00e1\u00f1ez<\/title>\n<meta name=\"description\" content=\"Disfruta del Estuche Especial Delicatessen by D\u00e9bora, una selecci\u00f3n exclusiva con turr\u00f3n de Jijona, Alicante, chocolate con leche y almendras, orangettes de chocolate fondant y bombones de almendra en 4 variedades. Ideal para los amantes del chocolate y turr\u00f3n.\" \/>\n<meta name=\"robots\" content=\"index, follow, max-snippet:-1, max-image-preview:large, max-video-preview:-1\" \/>\n<link rel=\"canonical\" href=\"https:\/\/pablogarrigos.com\/it\/turrones\/estuche-especial-delicatessen-by-debora\/\" \/>\n<meta property=\"og:locale\" content=\"it_IT\" \/>\n<meta property=\"og:type\" content=\"article\" \/>\n<meta property=\"og:title\" content=\"Estuche Especial Delicatessen by D\u00e9bora | Pablo Garrig\u00f3s Ib\u00e1\u00f1ez\" \/>\n<meta property=\"og:description\" content=\"Disfruta del Estuche Especial Delicatessen by D\u00e9bora, una selecci\u00f3n exclusiva con turr\u00f3n de Jijona, Alicante, chocolate con leche y almendras, orangettes de chocolate fondant y bombones de almendra en 4 variedades. Ideal para los amantes del chocolate y turr\u00f3n.\" \/>\n<meta property=\"og:url\" content=\"https:\/\/pablogarrigos.com\/it\/turrones\/estuche-especial-delicatessen-by-debora\/\" \/>\n<meta property=\"og:site_name\" content=\"Pablo Garrig\u00f3s Iba\u00f1ez\" \/>\n<meta property=\"article:modified_time\" content=\"2025-11-19T15:21:18+00:00\" \/>\n<meta property=\"og:image\" content=\"https:\/\/pablogarrigos.com\/wp-content\/uploads\/2024\/02\/DELO03-Seleccion-Especial-Delicatessen-by-DEBORA-1-600-1.jpg\" \/>\n\t<meta property=\"og:image:width\" content=\"600\" \/>\n\t<meta property=\"og:image:height\" content=\"600\" \/>\n\t<meta property=\"og:image:type\" content=\"image\/jpeg\" \/>\n<meta name=\"twitter:card\" content=\"summary_large_image\" \/>\n<meta name=\"twitter:label1\" content=\"Tempo di lettura stimato\" \/>\n\t<meta name=\"twitter:data1\" content=\"3 minuti\" \/>\n<script type=\"application\/ld+json\" class=\"yoast-schema-graph\">{\"@context\":\"https:\/\/schema.org\",\"@graph\":[{\"@type\":\"WebPage\",\"@id\":\"https:\/\/pablogarrigos.com\/turrones\/estuche-especial-delicatessen-by-debora\/\",\"url\":\"https:\/\/pablogarrigos.com\/turrones\/estuche-especial-delicatessen-by-debora\/\",\"name\":\"Estuche Especial Delicatessen by D\u00e9bora | Pablo Garrig\u00f3s Ib\u00e1\u00f1ez\",\"isPartOf\":{\"@id\":\"https:\/\/pablogarrigos.com\/#website\"},\"primaryImageOfPage\":{\"@id\":\"https:\/\/pablogarrigos.com\/turrones\/estuche-especial-delicatessen-by-debora\/#primaryimage\"},\"image\":{\"@id\":\"https:\/\/pablogarrigos.com\/turrones\/estuche-especial-delicatessen-by-debora\/#primaryimage\"},\"thumbnailUrl\":\"https:\/\/pablogarrigos.com\/wp-content\/uploads\/2024\/02\/DELO03-Seleccion-Especial-Delicatessen-by-DEBORA-1-600-1.jpg\",\"datePublished\":\"2024-02-20T15:03:57+00:00\",\"dateModified\":\"2025-11-19T15:21:18+00:00\",\"description\":\"Disfruta del Estuche Especial Delicatessen by D\u00e9bora, una selecci\u00f3n exclusiva con turr\u00f3n de Jijona, Alicante, chocolate con leche y almendras, orangettes de chocolate fondant y bombones de almendra en 4 variedades. Ideal para los amantes del chocolate y turr\u00f3n.\",\"breadcrumb\":{\"@id\":\"https:\/\/pablogarrigos.com\/turrones\/estuche-especial-delicatessen-by-debora\/#breadcrumb\"},\"inLanguage\":\"it-IT\",\"potentialAction\":[{\"@type\":\"ReadAction\",\"target\":[\"https:\/\/pablogarrigos.com\/turrones\/estuche-especial-delicatessen-by-debora\/\"]}]},{\"@type\":\"ImageObject\",\"inLanguage\":\"it-IT\",\"@id\":\"https:\/\/pablogarrigos.com\/turrones\/estuche-especial-delicatessen-by-debora\/#primaryimage\",\"url\":\"https:\/\/pablogarrigos.com\/wp-content\/uploads\/2024\/02\/DELO03-Seleccion-Especial-Delicatessen-by-DEBORA-1-600-1.jpg\",\"contentUrl\":\"https:\/\/pablogarrigos.com\/wp-content\/uploads\/2024\/02\/DELO03-Seleccion-Especial-Delicatessen-by-DEBORA-1-600-1.jpg\",\"width\":600,\"height\":600},{\"@type\":\"BreadcrumbList\",\"@id\":\"https:\/\/pablogarrigos.com\/turrones\/estuche-especial-delicatessen-by-debora\/#breadcrumb\",\"itemListElement\":[{\"@type\":\"ListItem\",\"position\":1,\"name\":\"Home\",\"item\":\"https:\/\/pablogarrigos.com\/en\/\"},{\"@type\":\"ListItem\",\"position\":2,\"name\":\"Tienda\",\"item\":\"https:\/\/pablogarrigos.com\/en\/tienda\/\"},{\"@type\":\"ListItem\",\"position\":3,\"name\":\"Estuche Especial Delicatessen by D\u00e9bora\"}]},{\"@type\":\"WebSite\",\"@id\":\"https:\/\/pablogarrigos.com\/#website\",\"url\":\"https:\/\/pablogarrigos.com\/\",\"name\":\"Pablo Garrig\u00f3s Iba\u00f1ez\",\"description\":\"El Sentido del Gusto\",\"publisher\":{\"@id\":\"https:\/\/pablogarrigos.com\/#organization\"},\"potentialAction\":[{\"@type\":\"SearchAction\",\"target\":{\"@type\":\"EntryPoint\",\"urlTemplate\":\"https:\/\/pablogarrigos.com\/?s={search_term_string}\"},\"query-input\":{\"@type\":\"PropertyValueSpecification\",\"valueRequired\":true,\"valueName\":\"search_term_string\"}}],\"inLanguage\":\"it-IT\"},{\"@type\":\"Organization\",\"@id\":\"https:\/\/pablogarrigos.com\/#organization\",\"name\":\"Pablo Garrig\u00f3s Iba\u00f1ez\",\"url\":\"https:\/\/pablogarrigos.com\/\",\"logo\":{\"@type\":\"ImageObject\",\"inLanguage\":\"it-IT\",\"@id\":\"https:\/\/pablogarrigos.com\/#\/schema\/logo\/image\/\",\"url\":\"https:\/\/pablogarrigos.com\/wp-content\/uploads\/2024\/02\/logo-pablogarrigos.png\",\"contentUrl\":\"https:\/\/pablogarrigos.com\/wp-content\/uploads\/2024\/02\/logo-pablogarrigos.png\",\"width\":1247,\"height\":480,\"caption\":\"Pablo Garrig\u00f3s Iba\u00f1ez\"},\"image\":{\"@id\":\"https:\/\/pablogarrigos.com\/#\/schema\/logo\/image\/\"}}]}<\/script>\n<!-- \/ Yoast SEO plugin. -->","yoast_head_json":{"title":"Scatola speciale di Delicatessen di D\u00e9bora Pablo Garrig\u00f3s Iba\u00f1ez","description":"Godetevi la Special Delicatessen Box di D\u00e9bora, una selezione esclusiva con torrone di Jijona, Alicante, cioccolato al latte e mandorle, orangette di cioccolato fondente e cioccolatini alle mandorle in 4 variet\u00e0. Ideale per gli amanti del cioccolato e del torrone.","robots":{"index":"index","follow":"follow","max-snippet":"max-snippet:-1","max-image-preview":"max-image-preview:large","max-video-preview":"max-video-preview:-1"},"canonical":"https:\/\/pablogarrigos.com\/it\/turrones\/estuche-especial-delicatessen-by-debora\/","og_locale":"it_IT","og_type":"article","og_title":"Estuche Especial Delicatessen by D\u00e9bora | Pablo Garrig\u00f3s Ib\u00e1\u00f1ez","og_description":"Disfruta del Estuche Especial Delicatessen by D\u00e9bora, una selecci\u00f3n exclusiva con turr\u00f3n de Jijona, Alicante, chocolate con leche y almendras, orangettes de chocolate fondant y bombones de almendra en 4 variedades. Ideal para los amantes del chocolate y turr\u00f3n.","og_url":"https:\/\/pablogarrigos.com\/it\/turrones\/estuche-especial-delicatessen-by-debora\/","og_site_name":"Pablo Garrig\u00f3s Iba\u00f1ez","article_modified_time":"2025-11-19T15:21:18+00:00","og_image":[{"width":600,"height":600,"url":"https:\/\/pablogarrigos.com\/wp-content\/uploads\/2024\/02\/DELO03-Seleccion-Especial-Delicatessen-by-DEBORA-1-600-1.jpg","type":"image\/jpeg"}],"twitter_card":"summary_large_image","twitter_misc":{"Tempo di lettura stimato":"3 minuti"},"schema":{"@context":"https:\/\/schema.org","@graph":[{"@type":"WebPage","@id":"https:\/\/pablogarrigos.com\/turrones\/estuche-especial-delicatessen-by-debora\/","url":"https:\/\/pablogarrigos.com\/turrones\/estuche-especial-delicatessen-by-debora\/","name":"Scatola speciale di Delicatessen di D\u00e9bora Pablo Garrig\u00f3s Iba\u00f1ez","isPartOf":{"@id":"https:\/\/pablogarrigos.com\/#website"},"primaryImageOfPage":{"@id":"https:\/\/pablogarrigos.com\/turrones\/estuche-especial-delicatessen-by-debora\/#primaryimage"},"image":{"@id":"https:\/\/pablogarrigos.com\/turrones\/estuche-especial-delicatessen-by-debora\/#primaryimage"},"thumbnailUrl":"https:\/\/pablogarrigos.com\/wp-content\/uploads\/2024\/02\/DELO03-Seleccion-Especial-Delicatessen-by-DEBORA-1-600-1.jpg","datePublished":"2024-02-20T15:03:57+00:00","dateModified":"2025-11-19T15:21:18+00:00","description":"Godetevi la Special Delicatessen Box di D\u00e9bora, una selezione esclusiva con torrone di Jijona, Alicante, cioccolato al latte e mandorle, orangette di cioccolato fondente e cioccolatini alle mandorle in 4 variet\u00e0. Ideale per gli amanti del cioccolato e del torrone.","breadcrumb":{"@id":"https:\/\/pablogarrigos.com\/turrones\/estuche-especial-delicatessen-by-debora\/#breadcrumb"},"inLanguage":"it-IT","potentialAction":[{"@type":"ReadAction","target":["https:\/\/pablogarrigos.com\/turrones\/estuche-especial-delicatessen-by-debora\/"]}]},{"@type":"ImageObject","inLanguage":"it-IT","@id":"https:\/\/pablogarrigos.com\/turrones\/estuche-especial-delicatessen-by-debora\/#primaryimage","url":"https:\/\/pablogarrigos.com\/wp-content\/uploads\/2024\/02\/DELO03-Seleccion-Especial-Delicatessen-by-DEBORA-1-600-1.jpg","contentUrl":"https:\/\/pablogarrigos.com\/wp-content\/uploads\/2024\/02\/DELO03-Seleccion-Especial-Delicatessen-by-DEBORA-1-600-1.jpg","width":600,"height":600},{"@type":"BreadcrumbList","@id":"https:\/\/pablogarrigos.com\/turrones\/estuche-especial-delicatessen-by-debora\/#breadcrumb","itemListElement":[{"@type":"ListItem","position":1,"name":"Home","item":"https:\/\/pablogarrigos.com\/en\/"},{"@type":"ListItem","position":2,"name":"Tienda","item":"https:\/\/pablogarrigos.com\/en\/tienda\/"},{"@type":"ListItem","position":3,"name":"Estuche Especial Delicatessen by D\u00e9bora"}]},{"@type":"WebSite","@id":"https:\/\/pablogarrigos.com\/#website","url":"https:\/\/pablogarrigos.com\/","name":"Pablo Garrig\u00f3s Iba\u00f1ez","description":"Il senso del gusto","publisher":{"@id":"https:\/\/pablogarrigos.com\/#organization"},"potentialAction":[{"@type":"SearchAction","target":{"@type":"EntryPoint","urlTemplate":"https:\/\/pablogarrigos.com\/?s={search_term_string}"},"query-input":{"@type":"PropertyValueSpecification","valueRequired":true,"valueName":"search_term_string"}}],"inLanguage":"it-IT"},{"@type":"Organization","@id":"https:\/\/pablogarrigos.com\/#organization","name":"Pablo Garrig\u00f3s Iba\u00f1ez","url":"https:\/\/pablogarrigos.com\/","logo":{"@type":"ImageObject","inLanguage":"it-IT","@id":"https:\/\/pablogarrigos.com\/#\/schema\/logo\/image\/","url":"https:\/\/pablogarrigos.com\/wp-content\/uploads\/2024\/02\/logo-pablogarrigos.png","contentUrl":"https:\/\/pablogarrigos.com\/wp-content\/uploads\/2024\/02\/logo-pablogarrigos.png","width":1247,"height":480,"caption":"Pablo Garrig\u00f3s Iba\u00f1ez"},"image":{"@id":"https:\/\/pablogarrigos.com\/#\/schema\/logo\/image\/"}}]}},"_links":{"self":[{"href":"https:\/\/pablogarrigos.com\/it\/wp-json\/wp\/v2\/product\/395","targetHints":{"allow":["GET"]}}],"collection":[{"href":"https:\/\/pablogarrigos.com\/it\/wp-json\/wp\/v2\/product"}],"about":[{"href":"https:\/\/pablogarrigos.com\/it\/wp-json\/wp\/v2\/types\/product"}],"wp:featuredmedia":[{"embeddable":true,"href":"https:\/\/pablogarrigos.com\/it\/wp-json\/wp\/v2\/media\/1923"}],"wp:attachment":[{"href":"https:\/\/pablogarrigos.com\/it\/wp-json\/wp\/v2\/media?parent=395"}],"wp:term":[{"taxonomy":"product_brand","embeddable":true,"href":"https:\/\/pablogarrigos.com\/it\/wp-json\/wp\/v2\/product_brand?post=395"},{"taxonomy":"product_cat","embeddable":true,"href":"https:\/\/pablogarrigos.com\/it\/wp-json\/wp\/v2\/product_cat?post=395"},{"taxonomy":"product_tag","embeddable":true,"href":"https:\/\/pablogarrigos.com\/it\/wp-json\/wp\/v2\/product_tag?post=395"}],"curies":[{"name":"wp","href":"https:\/\/api.w.org\/{rel}","templated":true}]}}