{"id":393,"date":"2024-02-20T16:01:57","date_gmt":"2024-02-20T15:01:57","guid":{"rendered":"https:\/\/pablogarrigos.com\/index.php\/product\/seleccion-especial-delicatessen\/"},"modified":"2025-11-25T20:22:14","modified_gmt":"2025-11-25T19:22:14","slug":"seleccion-especial-delicatessen","status":"publish","type":"product","link":"https:\/\/pablogarrigos.com\/it\/estuches-de-regalo\/seleccion-especial-delicatessen\/","title":{"rendered":"Selezione speciale di specialit\u00e0 gastronomiche"},"content":{"rendered":"<p>TURR\u00d3N DE JIJONA: <strong>Mandorla<\/strong> 74%, miele di fiori d'arancio 17%, zucchero e albume d'uovo 74%, miele di fiori d'arancio 17%, zucchero e albume d'uovo 74% <strong>uovo<\/strong>. <strong>Pu\u00f2 contenere tracce di sesamo e nocciole. <\/strong> TURR\u00d3N DE ALICANTE: <strong>Mandorla<\/strong> 68%, miele di rosmarino 16%, zucchero, sciroppo di glucosio, superficie di wafer (fecola di patate e olio di girasole) e albume d'uovo 68%, zucchero, sciroppo di glucosio, superficie di wafer di fecola di patate (fecola di patate e olio di girasole) e albume d'uovo <strong>uovo<\/strong>. <strong>Pu\u00f2 contenere tracce di sesamo e nocciole. <\/strong>TORRONE FONDENTE AL CIOCCOLATO CON MANDORLE: <strong>Mandorla<\/strong> Marcona 40 % tostato selezionato, pasta di cacao, zucchero, burro di cacao, lecitina di cacao, pasta di cacao, burro di cacao, burro di cacao, pasta di cacao, burro di cacao, burro di cacao, burro di cacao, burro di cacao, burro di cacao, burro di cacao, burro di cacao, burro di cacao. <strong>soia<\/strong>aroma naturale di vaniglia. <strong>Pu\u00f2 contenere soia, latte, frutta a guscio, sesamo e solfiti.<\/strong> BONBON DI MANDORLE MARMOLATE CON TORRONE DI JIJONA: <strong>Mandorla<\/strong> Marcona, zucchero, burro di cacao, <strong>latte<\/strong> cacao intero in polvere, pasta di cacao, cacao sgrassato in polvere, emulsionante (lecitina di cacao, burro di cacao, pasta di cacao), cacao in polvere, emulsionante (lecitina di burro di cacao). <strong>soia<\/strong>), aroma de vainilla, turr\u00f3n de Jijona (10%) (<strong>mandorla<\/strong> pane tostato, miele di fiori d'arancio, zucchero e albume d'uovo. <strong>uovo<\/strong>), rivestimento (maltodestrina, olio di cocco, olio di colza), addensante (gomma di xantano), conservante (sorbato di potassio), sciroppo di glucosio e aroma di torrone. <strong>Pu\u00f2 contenere latte, soia e uova.<\/strong> FONDENTE AL CIOCCOLATO DI FRUMENTO E CIOCCOLATO: Zucchero, cocco 22%, pasta di cacao, cacao in polvere, burro di cacao, cocco in polvere (solidi di cacao), burro di cacao, pasta di cacao, burro di cacao, cacao in polvere (solidi di cacao). <strong>latte<\/strong> cocco, maltodestrina e <strong>caseinato<\/strong> lecitina di sodio), noce di cocco sminuzzata, emulsionante (lecitina di sodio) <strong>soia<\/strong>), aroma naturale di vaniglia. Copertura minima di cacao cioccolato fondente 70%. <strong>Pu\u00f2 contenere tracce di uova, arachidi, latte e altra frutta a guscio. <\/strong>FICHI E CIOCCOLATO ALLA FRUTTA: Zucchero, fichi 22%, pasta di cacao, cacao in polvere, burro di cacao, emulsionante (lecitina di cacao), burro di cacao, burro di cacao, pasta di cacao, cacao in polvere, burro di cacao. <strong>soia<\/strong>), aroma naturale di vaniglia e copertura (maltodestrina, sciroppo di glucosio, olio di cocco, olio di colza). Copertura minima di cacao cioccolato fondente 70%. <strong>Pu\u00f2 contenere tracce di uova, arachidi, latte e altra frutta a guscio. <\/strong>FRUIT\u00c9S 8 VARIETADES: Zucchero, polpa di frutta 35% (mela, albicocca), sciroppo di glucosio, acqua, gelificante (pectina), acqua, correttore di acidit\u00e0 (acido citrico), aromi (fragola, mandarino, ananas, uva, albicocca, lampone, prugna e mela), coloranti (riboflavina, acido carminico, clorofilla, luteina, rosso di barbabietola e ibisco). <strong>Pu\u00f2 contenere tracce di latte, uova, soia e solfiti.<\/strong><\/p>","protected":false},"excerpt":{"rendered":"<p>Selezione speciale di specialit\u00e0 gastronomiche<\/p>","protected":false},"featured_media":394,"template":"","meta":{"_acf_changed":false,"inline_featured_image":false},"product_brand":[],"product_cat":[21,22,18],"product_tag":[],"class_list":{"0":"post-393","1":"product","2":"type-product","3":"status-publish","4":"has-post-thumbnail","6":"product_cat-delicatessen","7":"product_cat-estuches-de-regalo","8":"product_cat-turrones","10":"first","11":"outofstock","12":"taxable","13":"shipping-taxable","14":"purchasable","15":"product-type-simple"},"acf":[],"yoast_head":"<!-- This site is optimized with the Yoast SEO plugin v26.5 - https:\/\/yoast.com\/wordpress\/plugins\/seo\/ -->\n<title>Selecci\u00f3n Especial Delicatessen | Pablo Garrig\u00f3s Ib\u00e1\u00f1ez<\/title>\n<meta name=\"description\" content=\"Descubre la Selecci\u00f3n Especial Delicatessen de Pablo Garrig\u00f3s Ib\u00e1\u00f1ez, incluyendo Turrones de Jijona, Alicante, Chocolate Fondant, Bombones de Almendra, Fruit Chocolate y Fruit\u00e9 8 Variedades. Una experiencia gourmet \u00fanica.\" \/>\n<meta name=\"robots\" content=\"index, follow, max-snippet:-1, max-image-preview:large, max-video-preview:-1\" \/>\n<link rel=\"canonical\" href=\"https:\/\/pablogarrigos.com\/it\/estuches-de-regalo\/seleccion-especial-delicatessen\/\" \/>\n<meta property=\"og:locale\" content=\"it_IT\" \/>\n<meta property=\"og:type\" content=\"article\" \/>\n<meta property=\"og:title\" content=\"Selecci\u00f3n Especial Delicatessen | Pablo Garrig\u00f3s Ib\u00e1\u00f1ez\" \/>\n<meta property=\"og:description\" content=\"Descubre la Selecci\u00f3n Especial Delicatessen de Pablo Garrig\u00f3s Ib\u00e1\u00f1ez, incluyendo Turrones de Jijona, Alicante, Chocolate Fondant, Bombones de Almendra, Fruit Chocolate y Fruit\u00e9 8 Variedades. Una experiencia gourmet \u00fanica.\" \/>\n<meta property=\"og:url\" content=\"https:\/\/pablogarrigos.com\/it\/estuches-de-regalo\/seleccion-especial-delicatessen\/\" \/>\n<meta property=\"og:site_name\" content=\"Pablo Garrig\u00f3s Iba\u00f1ez\" \/>\n<meta property=\"article:modified_time\" content=\"2025-11-25T19:22:14+00:00\" \/>\n<meta property=\"og:image\" content=\"https:\/\/pablogarrigos.com\/wp-content\/uploads\/2024\/02\/Estuche-delicatessen_.jpg\" \/>\n\t<meta property=\"og:image:width\" content=\"600\" \/>\n\t<meta property=\"og:image:height\" content=\"600\" \/>\n\t<meta property=\"og:image:type\" content=\"image\/jpeg\" \/>\n<meta name=\"twitter:card\" content=\"summary_large_image\" \/>\n<meta name=\"twitter:label1\" content=\"Tempo di lettura stimato\" \/>\n\t<meta name=\"twitter:data1\" content=\"2 minuti\" \/>\n<script type=\"application\/ld+json\" class=\"yoast-schema-graph\">{\"@context\":\"https:\/\/schema.org\",\"@graph\":[{\"@type\":\"WebPage\",\"@id\":\"https:\/\/pablogarrigos.com\/estuches-de-regalo\/seleccion-especial-delicatessen\/\",\"url\":\"https:\/\/pablogarrigos.com\/estuches-de-regalo\/seleccion-especial-delicatessen\/\",\"name\":\"Selecci\u00f3n Especial Delicatessen | Pablo Garrig\u00f3s Ib\u00e1\u00f1ez\",\"isPartOf\":{\"@id\":\"https:\/\/pablogarrigos.com\/#website\"},\"primaryImageOfPage\":{\"@id\":\"https:\/\/pablogarrigos.com\/estuches-de-regalo\/seleccion-especial-delicatessen\/#primaryimage\"},\"image\":{\"@id\":\"https:\/\/pablogarrigos.com\/estuches-de-regalo\/seleccion-especial-delicatessen\/#primaryimage\"},\"thumbnailUrl\":\"https:\/\/pablogarrigos.com\/wp-content\/uploads\/2024\/02\/Estuche-delicatessen_.jpg\",\"datePublished\":\"2024-02-20T15:01:57+00:00\",\"dateModified\":\"2025-11-25T19:22:14+00:00\",\"description\":\"Descubre la Selecci\u00f3n Especial Delicatessen de Pablo Garrig\u00f3s Ib\u00e1\u00f1ez, incluyendo Turrones de Jijona, Alicante, Chocolate Fondant, Bombones de Almendra, Fruit Chocolate y Fruit\u00e9 8 Variedades. Una experiencia gourmet \u00fanica.\",\"breadcrumb\":{\"@id\":\"https:\/\/pablogarrigos.com\/estuches-de-regalo\/seleccion-especial-delicatessen\/#breadcrumb\"},\"inLanguage\":\"it-IT\",\"potentialAction\":[{\"@type\":\"ReadAction\",\"target\":[\"https:\/\/pablogarrigos.com\/estuches-de-regalo\/seleccion-especial-delicatessen\/\"]}]},{\"@type\":\"ImageObject\",\"inLanguage\":\"it-IT\",\"@id\":\"https:\/\/pablogarrigos.com\/estuches-de-regalo\/seleccion-especial-delicatessen\/#primaryimage\",\"url\":\"https:\/\/pablogarrigos.com\/wp-content\/uploads\/2024\/02\/Estuche-delicatessen_.jpg\",\"contentUrl\":\"https:\/\/pablogarrigos.com\/wp-content\/uploads\/2024\/02\/Estuche-delicatessen_.jpg\",\"width\":600,\"height\":600},{\"@type\":\"BreadcrumbList\",\"@id\":\"https:\/\/pablogarrigos.com\/estuches-de-regalo\/seleccion-especial-delicatessen\/#breadcrumb\",\"itemListElement\":[{\"@type\":\"ListItem\",\"position\":1,\"name\":\"Home\",\"item\":\"https:\/\/pablogarrigos.com\/en\/\"},{\"@type\":\"ListItem\",\"position\":2,\"name\":\"Tienda\",\"item\":\"https:\/\/pablogarrigos.com\/en\/tienda\/\"},{\"@type\":\"ListItem\",\"position\":3,\"name\":\"Selecci\u00f3n Especial Delicatessen\"}]},{\"@type\":\"WebSite\",\"@id\":\"https:\/\/pablogarrigos.com\/#website\",\"url\":\"https:\/\/pablogarrigos.com\/\",\"name\":\"Pablo Garrig\u00f3s Iba\u00f1ez\",\"description\":\"El Sentido del Gusto\",\"publisher\":{\"@id\":\"https:\/\/pablogarrigos.com\/#organization\"},\"potentialAction\":[{\"@type\":\"SearchAction\",\"target\":{\"@type\":\"EntryPoint\",\"urlTemplate\":\"https:\/\/pablogarrigos.com\/?s={search_term_string}\"},\"query-input\":{\"@type\":\"PropertyValueSpecification\",\"valueRequired\":true,\"valueName\":\"search_term_string\"}}],\"inLanguage\":\"it-IT\"},{\"@type\":\"Organization\",\"@id\":\"https:\/\/pablogarrigos.com\/#organization\",\"name\":\"Pablo Garrig\u00f3s Iba\u00f1ez\",\"url\":\"https:\/\/pablogarrigos.com\/\",\"logo\":{\"@type\":\"ImageObject\",\"inLanguage\":\"it-IT\",\"@id\":\"https:\/\/pablogarrigos.com\/#\/schema\/logo\/image\/\",\"url\":\"https:\/\/pablogarrigos.com\/wp-content\/uploads\/2024\/02\/logo-pablogarrigos.png\",\"contentUrl\":\"https:\/\/pablogarrigos.com\/wp-content\/uploads\/2024\/02\/logo-pablogarrigos.png\",\"width\":1247,\"height\":480,\"caption\":\"Pablo Garrig\u00f3s Iba\u00f1ez\"},\"image\":{\"@id\":\"https:\/\/pablogarrigos.com\/#\/schema\/logo\/image\/\"}}]}<\/script>\n<!-- \/ Yoast SEO plugin. -->","yoast_head_json":{"title":"Selezione speciale di specialit\u00e0 gastronomiche | Pablo Garrig\u00f3s Ib\u00e1\u00f1ez","description":"Scoprite la Selezione Speciale di Delicatessen di Pablo Garrig\u00f3s Ib\u00e1\u00f1ez, che comprende Turrones de Jijona, Alicante, Fondente al Cioccolato, Bonbons alle Mandorle, Cioccolato alla Frutta e Fruit\u00e9 8 Variet\u00e0. Un'esperienza gastronomica unica.","robots":{"index":"index","follow":"follow","max-snippet":"max-snippet:-1","max-image-preview":"max-image-preview:large","max-video-preview":"max-video-preview:-1"},"canonical":"https:\/\/pablogarrigos.com\/it\/estuches-de-regalo\/seleccion-especial-delicatessen\/","og_locale":"it_IT","og_type":"article","og_title":"Selecci\u00f3n Especial Delicatessen | Pablo Garrig\u00f3s Ib\u00e1\u00f1ez","og_description":"Descubre la Selecci\u00f3n Especial Delicatessen de Pablo Garrig\u00f3s Ib\u00e1\u00f1ez, incluyendo Turrones de Jijona, Alicante, Chocolate Fondant, Bombones de Almendra, Fruit Chocolate y Fruit\u00e9 8 Variedades. Una experiencia gourmet \u00fanica.","og_url":"https:\/\/pablogarrigos.com\/it\/estuches-de-regalo\/seleccion-especial-delicatessen\/","og_site_name":"Pablo Garrig\u00f3s Iba\u00f1ez","article_modified_time":"2025-11-25T19:22:14+00:00","og_image":[{"width":600,"height":600,"url":"https:\/\/pablogarrigos.com\/wp-content\/uploads\/2024\/02\/Estuche-delicatessen_.jpg","type":"image\/jpeg"}],"twitter_card":"summary_large_image","twitter_misc":{"Tempo di lettura stimato":"2 minuti"},"schema":{"@context":"https:\/\/schema.org","@graph":[{"@type":"WebPage","@id":"https:\/\/pablogarrigos.com\/estuches-de-regalo\/seleccion-especial-delicatessen\/","url":"https:\/\/pablogarrigos.com\/estuches-de-regalo\/seleccion-especial-delicatessen\/","name":"Selezione speciale di specialit\u00e0 gastronomiche | Pablo Garrig\u00f3s Ib\u00e1\u00f1ez","isPartOf":{"@id":"https:\/\/pablogarrigos.com\/#website"},"primaryImageOfPage":{"@id":"https:\/\/pablogarrigos.com\/estuches-de-regalo\/seleccion-especial-delicatessen\/#primaryimage"},"image":{"@id":"https:\/\/pablogarrigos.com\/estuches-de-regalo\/seleccion-especial-delicatessen\/#primaryimage"},"thumbnailUrl":"https:\/\/pablogarrigos.com\/wp-content\/uploads\/2024\/02\/Estuche-delicatessen_.jpg","datePublished":"2024-02-20T15:01:57+00:00","dateModified":"2025-11-25T19:22:14+00:00","description":"Scoprite la Selezione Speciale di Delicatessen di Pablo Garrig\u00f3s Ib\u00e1\u00f1ez, che comprende Turrones de Jijona, Alicante, Fondente al Cioccolato, Bonbons alle Mandorle, Cioccolato alla Frutta e Fruit\u00e9 8 Variet\u00e0. Un'esperienza gastronomica unica.","breadcrumb":{"@id":"https:\/\/pablogarrigos.com\/estuches-de-regalo\/seleccion-especial-delicatessen\/#breadcrumb"},"inLanguage":"it-IT","potentialAction":[{"@type":"ReadAction","target":["https:\/\/pablogarrigos.com\/estuches-de-regalo\/seleccion-especial-delicatessen\/"]}]},{"@type":"ImageObject","inLanguage":"it-IT","@id":"https:\/\/pablogarrigos.com\/estuches-de-regalo\/seleccion-especial-delicatessen\/#primaryimage","url":"https:\/\/pablogarrigos.com\/wp-content\/uploads\/2024\/02\/Estuche-delicatessen_.jpg","contentUrl":"https:\/\/pablogarrigos.com\/wp-content\/uploads\/2024\/02\/Estuche-delicatessen_.jpg","width":600,"height":600},{"@type":"BreadcrumbList","@id":"https:\/\/pablogarrigos.com\/estuches-de-regalo\/seleccion-especial-delicatessen\/#breadcrumb","itemListElement":[{"@type":"ListItem","position":1,"name":"Home","item":"https:\/\/pablogarrigos.com\/en\/"},{"@type":"ListItem","position":2,"name":"Tienda","item":"https:\/\/pablogarrigos.com\/en\/tienda\/"},{"@type":"ListItem","position":3,"name":"Selecci\u00f3n Especial Delicatessen"}]},{"@type":"WebSite","@id":"https:\/\/pablogarrigos.com\/#website","url":"https:\/\/pablogarrigos.com\/","name":"Pablo Garrig\u00f3s Iba\u00f1ez","description":"Il senso del gusto","publisher":{"@id":"https:\/\/pablogarrigos.com\/#organization"},"potentialAction":[{"@type":"SearchAction","target":{"@type":"EntryPoint","urlTemplate":"https:\/\/pablogarrigos.com\/?s={search_term_string}"},"query-input":{"@type":"PropertyValueSpecification","valueRequired":true,"valueName":"search_term_string"}}],"inLanguage":"it-IT"},{"@type":"Organization","@id":"https:\/\/pablogarrigos.com\/#organization","name":"Pablo Garrig\u00f3s Iba\u00f1ez","url":"https:\/\/pablogarrigos.com\/","logo":{"@type":"ImageObject","inLanguage":"it-IT","@id":"https:\/\/pablogarrigos.com\/#\/schema\/logo\/image\/","url":"https:\/\/pablogarrigos.com\/wp-content\/uploads\/2024\/02\/logo-pablogarrigos.png","contentUrl":"https:\/\/pablogarrigos.com\/wp-content\/uploads\/2024\/02\/logo-pablogarrigos.png","width":1247,"height":480,"caption":"Pablo Garrig\u00f3s Iba\u00f1ez"},"image":{"@id":"https:\/\/pablogarrigos.com\/#\/schema\/logo\/image\/"}}]}},"_links":{"self":[{"href":"https:\/\/pablogarrigos.com\/it\/wp-json\/wp\/v2\/product\/393","targetHints":{"allow":["GET"]}}],"collection":[{"href":"https:\/\/pablogarrigos.com\/it\/wp-json\/wp\/v2\/product"}],"about":[{"href":"https:\/\/pablogarrigos.com\/it\/wp-json\/wp\/v2\/types\/product"}],"wp:featuredmedia":[{"embeddable":true,"href":"https:\/\/pablogarrigos.com\/it\/wp-json\/wp\/v2\/media\/394"}],"wp:attachment":[{"href":"https:\/\/pablogarrigos.com\/it\/wp-json\/wp\/v2\/media?parent=393"}],"wp:term":[{"taxonomy":"product_brand","embeddable":true,"href":"https:\/\/pablogarrigos.com\/it\/wp-json\/wp\/v2\/product_brand?post=393"},{"taxonomy":"product_cat","embeddable":true,"href":"https:\/\/pablogarrigos.com\/it\/wp-json\/wp\/v2\/product_cat?post=393"},{"taxonomy":"product_tag","embeddable":true,"href":"https:\/\/pablogarrigos.com\/it\/wp-json\/wp\/v2\/product_tag?post=393"}],"curies":[{"name":"wp","href":"https:\/\/api.w.org\/{rel}","templated":true}]}}