{"id":366,"date":"2024-02-20T09:11:23","date_gmt":"2024-02-20T08:11:23","guid":{"rendered":"https:\/\/pablogarrigos.com\/index.php\/product\/petit-delicatessen-100-g\/"},"modified":"2025-11-13T12:04:05","modified_gmt":"2025-11-13T11:04:05","slug":"petit-delicatessen-100-g","status":"publish","type":"product","link":"https:\/\/pablogarrigos.com\/it\/turrones\/delicatessen\/petit-delicatessen-100-g\/","title":{"rendered":"Petit Delicatessen 100g"},"content":{"rendered":"<p>Torrone di Alicante: <strong>mandorla<\/strong> 68%, miele di rosmarino 16%, zucchero, sciroppo di glucosio, cialde di superficie (fecola di patate e olio di girasole) e albume d'uovo 68%. <strong>uovo<\/strong>. <strong>Pu\u00f2 contenere tracce di sesamo e nocciole. <\/strong>Torrone con semi di sesamo: <strong>mandorla<\/strong> marcona con buccia tostata selezionata 64%, miele di rosmarino 15%, zucchero, sciroppo di glucosio, <strong>sesamo<\/strong> e cialda superficiale (fecola di patate e olio di girasole). <strong>Pu\u00f2 contenere tracce di albume e nocciole. <\/strong>Cioccolato al latte e torrone alle mandorle: <strong>mandorla<\/strong> Marcona 40% tostata selezionata, zucchero, burro di cacao, <strong>latte<\/strong> cacao intero in polvere 11%, massa di cacao, <strong>siero di latte<\/strong> polvere, emulsionante (lattina da <strong>soia<\/strong>) e aroma naturale di vaniglia. Cacao minimo 30%. <strong>Pu\u00f2 contenere tracce di altra frutta a guscio. <\/strong>Torrone fondente al cioccolato con mandorle: <strong>mandorla<\/strong> Marcona 40% tostato selezionato, pasta di cacao, zucchero, burro di cacao, emulsionante (lecitina di cacao), pasta di cacao, burro di cacao, pasta di cacao, burro di cacao, emulsionante (lecitina di cacao), burro di cacao. <strong>soia<\/strong>) e aroma naturale di vaniglia. Cacao minimo 52%. <strong>Pu\u00f2 contenere tracce di latte e altra frutta a guscio.<\/strong><\/p>\n<p><strong>Conservar en un lugar fresco y seco. 18\u00ba-22\u00baC.<\/strong><\/p>","protected":false},"excerpt":{"rendered":"<p>Piccole porzioni del nostro torrone Delicatessen.<\/p>","protected":false},"featured_media":367,"template":"","meta":{"_acf_changed":false,"inline_featured_image":false},"product_brand":[],"product_cat":[20,21,18],"product_tag":[],"class_list":{"0":"post-366","1":"product","2":"type-product","3":"status-publish","4":"has-post-thumbnail","6":"product_cat-chocolates-y-fruites","7":"product_cat-delicatessen","8":"product_cat-turrones","10":"first","11":"instock","12":"taxable","13":"shipping-taxable","14":"purchasable","15":"product-type-simple"},"acf":[],"yoast_head":"<!-- This site is optimized with the Yoast SEO plugin v26.5 - https:\/\/yoast.com\/wordpress\/plugins\/seo\/ -->\n<title>Petit Delicatessen | Selecci\u00f3n Exclusiva | Pablo Garrig\u00f3s Ib\u00e1\u00f1ez<\/title>\n<meta name=\"description\" content=\"Disfruta de la Petit Delicatessen de Pablo Garrig\u00f3s Ib\u00e1\u00f1ez, una caja con una selecci\u00f3n exclusiva de turrones especiales. Desde el intenso Chocolate Fondant con Almendras al tradicional Turr\u00f3n de Alicante, cada pieza promete una experiencia gourmet inolvidable.\" \/>\n<meta name=\"robots\" content=\"index, follow, max-snippet:-1, max-image-preview:large, max-video-preview:-1\" \/>\n<link rel=\"canonical\" href=\"https:\/\/pablogarrigos.com\/it\/turrones\/delicatessen\/petit-delicatessen-100-g\/\" \/>\n<meta property=\"og:locale\" content=\"it_IT\" \/>\n<meta property=\"og:type\" content=\"article\" \/>\n<meta property=\"og:title\" content=\"Petit Delicatessen | Selecci\u00f3n Exclusiva | Pablo Garrig\u00f3s Ib\u00e1\u00f1ez\" \/>\n<meta property=\"og:description\" content=\"Disfruta de la Petit Delicatessen de Pablo Garrig\u00f3s Ib\u00e1\u00f1ez, una caja con una selecci\u00f3n exclusiva de turrones especiales. Desde el intenso Chocolate Fondant con Almendras al tradicional Turr\u00f3n de Alicante, cada pieza promete una experiencia gourmet inolvidable.\" \/>\n<meta property=\"og:url\" content=\"https:\/\/pablogarrigos.com\/it\/turrones\/delicatessen\/petit-delicatessen-100-g\/\" \/>\n<meta property=\"og:site_name\" content=\"Pablo Garrig\u00f3s Iba\u00f1ez\" \/>\n<meta property=\"article:modified_time\" content=\"2025-11-13T11:04:05+00:00\" \/>\n<meta property=\"og:image\" content=\"https:\/\/pablogarrigos.com\/wp-content\/uploads\/2024\/02\/Petit-Delicatessen-Turron-de-Alicante-800x800-1.jpg\" \/>\n\t<meta property=\"og:image:width\" content=\"800\" \/>\n\t<meta property=\"og:image:height\" content=\"800\" \/>\n\t<meta property=\"og:image:type\" content=\"image\/jpeg\" \/>\n<meta name=\"twitter:card\" content=\"summary_large_image\" \/>\n<meta name=\"twitter:label1\" content=\"Tempo di lettura stimato\" \/>\n\t<meta name=\"twitter:data1\" content=\"2 minuti\" \/>\n<script type=\"application\/ld+json\" class=\"yoast-schema-graph\">{\"@context\":\"https:\/\/schema.org\",\"@graph\":[{\"@type\":\"WebPage\",\"@id\":\"https:\/\/pablogarrigos.com\/turrones\/delicatessen\/petit-delicatessen-100-g\/\",\"url\":\"https:\/\/pablogarrigos.com\/turrones\/delicatessen\/petit-delicatessen-100-g\/\",\"name\":\"Petit Delicatessen | Selecci\u00f3n Exclusiva | Pablo Garrig\u00f3s Ib\u00e1\u00f1ez\",\"isPartOf\":{\"@id\":\"https:\/\/pablogarrigos.com\/#website\"},\"primaryImageOfPage\":{\"@id\":\"https:\/\/pablogarrigos.com\/turrones\/delicatessen\/petit-delicatessen-100-g\/#primaryimage\"},\"image\":{\"@id\":\"https:\/\/pablogarrigos.com\/turrones\/delicatessen\/petit-delicatessen-100-g\/#primaryimage\"},\"thumbnailUrl\":\"https:\/\/pablogarrigos.com\/wp-content\/uploads\/2024\/02\/Petit-Delicatessen-Turron-de-Alicante-800x800-1.jpg\",\"datePublished\":\"2024-02-20T08:11:23+00:00\",\"dateModified\":\"2025-11-13T11:04:05+00:00\",\"description\":\"Disfruta de la Petit Delicatessen de Pablo Garrig\u00f3s Ib\u00e1\u00f1ez, una caja con una selecci\u00f3n exclusiva de turrones especiales. Desde el intenso Chocolate Fondant con Almendras al tradicional Turr\u00f3n de Alicante, cada pieza promete una experiencia gourmet inolvidable.\",\"breadcrumb\":{\"@id\":\"https:\/\/pablogarrigos.com\/turrones\/delicatessen\/petit-delicatessen-100-g\/#breadcrumb\"},\"inLanguage\":\"it-IT\",\"potentialAction\":[{\"@type\":\"ReadAction\",\"target\":[\"https:\/\/pablogarrigos.com\/turrones\/delicatessen\/petit-delicatessen-100-g\/\"]}]},{\"@type\":\"ImageObject\",\"inLanguage\":\"it-IT\",\"@id\":\"https:\/\/pablogarrigos.com\/turrones\/delicatessen\/petit-delicatessen-100-g\/#primaryimage\",\"url\":\"https:\/\/pablogarrigos.com\/wp-content\/uploads\/2024\/02\/Petit-Delicatessen-Turron-de-Alicante-800x800-1.jpg\",\"contentUrl\":\"https:\/\/pablogarrigos.com\/wp-content\/uploads\/2024\/02\/Petit-Delicatessen-Turron-de-Alicante-800x800-1.jpg\",\"width\":800,\"height\":800,\"caption\":\"Petiri Delicatessen Turrones Pablo Garrig\u00f3s Ib\u00e1\u00f1ez\"},{\"@type\":\"BreadcrumbList\",\"@id\":\"https:\/\/pablogarrigos.com\/turrones\/delicatessen\/petit-delicatessen-100-g\/#breadcrumb\",\"itemListElement\":[{\"@type\":\"ListItem\",\"position\":1,\"name\":\"Home\",\"item\":\"https:\/\/pablogarrigos.com\/en\/\"},{\"@type\":\"ListItem\",\"position\":2,\"name\":\"Tienda\",\"item\":\"https:\/\/pablogarrigos.com\/en\/tienda\/\"},{\"@type\":\"ListItem\",\"position\":3,\"name\":\"Petit Delicatessen 100g\"}]},{\"@type\":\"WebSite\",\"@id\":\"https:\/\/pablogarrigos.com\/#website\",\"url\":\"https:\/\/pablogarrigos.com\/\",\"name\":\"Pablo Garrig\u00f3s Iba\u00f1ez\",\"description\":\"El Sentido del Gusto\",\"publisher\":{\"@id\":\"https:\/\/pablogarrigos.com\/#organization\"},\"potentialAction\":[{\"@type\":\"SearchAction\",\"target\":{\"@type\":\"EntryPoint\",\"urlTemplate\":\"https:\/\/pablogarrigos.com\/?s={search_term_string}\"},\"query-input\":{\"@type\":\"PropertyValueSpecification\",\"valueRequired\":true,\"valueName\":\"search_term_string\"}}],\"inLanguage\":\"it-IT\"},{\"@type\":\"Organization\",\"@id\":\"https:\/\/pablogarrigos.com\/#organization\",\"name\":\"Pablo Garrig\u00f3s Iba\u00f1ez\",\"url\":\"https:\/\/pablogarrigos.com\/\",\"logo\":{\"@type\":\"ImageObject\",\"inLanguage\":\"it-IT\",\"@id\":\"https:\/\/pablogarrigos.com\/#\/schema\/logo\/image\/\",\"url\":\"https:\/\/pablogarrigos.com\/wp-content\/uploads\/2024\/02\/logo-pablogarrigos.png\",\"contentUrl\":\"https:\/\/pablogarrigos.com\/wp-content\/uploads\/2024\/02\/logo-pablogarrigos.png\",\"width\":1247,\"height\":480,\"caption\":\"Pablo Garrig\u00f3s Iba\u00f1ez\"},\"image\":{\"@id\":\"https:\/\/pablogarrigos.com\/#\/schema\/logo\/image\/\"}}]}<\/script>\n<!-- \/ Yoast SEO plugin. -->","yoast_head_json":{"title":"Petit Delicatessen | Selezione esclusiva | Pablo Garrig\u00f3s Ib\u00e1\u00f1ez","description":"Godetevi la Petit Delicatessen di Pablo Garrig\u00f3s Ib\u00e1\u00f1ez, una scatola con una selezione esclusiva di torroni speciali. Dall'intenso Fondente al cioccolato con mandorle al tradizionale Torrone di Alicante, ogni pezzo promette un'esperienza gastronomica indimenticabile.","robots":{"index":"index","follow":"follow","max-snippet":"max-snippet:-1","max-image-preview":"max-image-preview:large","max-video-preview":"max-video-preview:-1"},"canonical":"https:\/\/pablogarrigos.com\/it\/turrones\/delicatessen\/petit-delicatessen-100-g\/","og_locale":"it_IT","og_type":"article","og_title":"Petit Delicatessen | Selecci\u00f3n Exclusiva | Pablo Garrig\u00f3s Ib\u00e1\u00f1ez","og_description":"Disfruta de la Petit Delicatessen de Pablo Garrig\u00f3s Ib\u00e1\u00f1ez, una caja con una selecci\u00f3n exclusiva de turrones especiales. Desde el intenso Chocolate Fondant con Almendras al tradicional Turr\u00f3n de Alicante, cada pieza promete una experiencia gourmet inolvidable.","og_url":"https:\/\/pablogarrigos.com\/it\/turrones\/delicatessen\/petit-delicatessen-100-g\/","og_site_name":"Pablo Garrig\u00f3s Iba\u00f1ez","article_modified_time":"2025-11-13T11:04:05+00:00","og_image":[{"width":800,"height":800,"url":"https:\/\/pablogarrigos.com\/wp-content\/uploads\/2024\/02\/Petit-Delicatessen-Turron-de-Alicante-800x800-1.jpg","type":"image\/jpeg"}],"twitter_card":"summary_large_image","twitter_misc":{"Tempo di lettura stimato":"2 minuti"},"schema":{"@context":"https:\/\/schema.org","@graph":[{"@type":"WebPage","@id":"https:\/\/pablogarrigos.com\/turrones\/delicatessen\/petit-delicatessen-100-g\/","url":"https:\/\/pablogarrigos.com\/turrones\/delicatessen\/petit-delicatessen-100-g\/","name":"Petit Delicatessen | Selezione esclusiva | Pablo Garrig\u00f3s Ib\u00e1\u00f1ez","isPartOf":{"@id":"https:\/\/pablogarrigos.com\/#website"},"primaryImageOfPage":{"@id":"https:\/\/pablogarrigos.com\/turrones\/delicatessen\/petit-delicatessen-100-g\/#primaryimage"},"image":{"@id":"https:\/\/pablogarrigos.com\/turrones\/delicatessen\/petit-delicatessen-100-g\/#primaryimage"},"thumbnailUrl":"https:\/\/pablogarrigos.com\/wp-content\/uploads\/2024\/02\/Petit-Delicatessen-Turron-de-Alicante-800x800-1.jpg","datePublished":"2024-02-20T08:11:23+00:00","dateModified":"2025-11-13T11:04:05+00:00","description":"Godetevi la Petit Delicatessen di Pablo Garrig\u00f3s Ib\u00e1\u00f1ez, una scatola con una selezione esclusiva di torroni speciali. Dall'intenso Fondente al cioccolato con mandorle al tradizionale Torrone di Alicante, ogni pezzo promette un'esperienza gastronomica indimenticabile.","breadcrumb":{"@id":"https:\/\/pablogarrigos.com\/turrones\/delicatessen\/petit-delicatessen-100-g\/#breadcrumb"},"inLanguage":"it-IT","potentialAction":[{"@type":"ReadAction","target":["https:\/\/pablogarrigos.com\/turrones\/delicatessen\/petit-delicatessen-100-g\/"]}]},{"@type":"ImageObject","inLanguage":"it-IT","@id":"https:\/\/pablogarrigos.com\/turrones\/delicatessen\/petit-delicatessen-100-g\/#primaryimage","url":"https:\/\/pablogarrigos.com\/wp-content\/uploads\/2024\/02\/Petit-Delicatessen-Turron-de-Alicante-800x800-1.jpg","contentUrl":"https:\/\/pablogarrigos.com\/wp-content\/uploads\/2024\/02\/Petit-Delicatessen-Turron-de-Alicante-800x800-1.jpg","width":800,"height":800,"caption":"Petiri Delicatessen Turrones Pablo Garrig\u00f3s Ib\u00e1\u00f1ez"},{"@type":"BreadcrumbList","@id":"https:\/\/pablogarrigos.com\/turrones\/delicatessen\/petit-delicatessen-100-g\/#breadcrumb","itemListElement":[{"@type":"ListItem","position":1,"name":"Home","item":"https:\/\/pablogarrigos.com\/en\/"},{"@type":"ListItem","position":2,"name":"Tienda","item":"https:\/\/pablogarrigos.com\/en\/tienda\/"},{"@type":"ListItem","position":3,"name":"Petit Delicatessen 100g"}]},{"@type":"WebSite","@id":"https:\/\/pablogarrigos.com\/#website","url":"https:\/\/pablogarrigos.com\/","name":"Pablo Garrig\u00f3s Iba\u00f1ez","description":"Il senso del gusto","publisher":{"@id":"https:\/\/pablogarrigos.com\/#organization"},"potentialAction":[{"@type":"SearchAction","target":{"@type":"EntryPoint","urlTemplate":"https:\/\/pablogarrigos.com\/?s={search_term_string}"},"query-input":{"@type":"PropertyValueSpecification","valueRequired":true,"valueName":"search_term_string"}}],"inLanguage":"it-IT"},{"@type":"Organization","@id":"https:\/\/pablogarrigos.com\/#organization","name":"Pablo Garrig\u00f3s Iba\u00f1ez","url":"https:\/\/pablogarrigos.com\/","logo":{"@type":"ImageObject","inLanguage":"it-IT","@id":"https:\/\/pablogarrigos.com\/#\/schema\/logo\/image\/","url":"https:\/\/pablogarrigos.com\/wp-content\/uploads\/2024\/02\/logo-pablogarrigos.png","contentUrl":"https:\/\/pablogarrigos.com\/wp-content\/uploads\/2024\/02\/logo-pablogarrigos.png","width":1247,"height":480,"caption":"Pablo Garrig\u00f3s Iba\u00f1ez"},"image":{"@id":"https:\/\/pablogarrigos.com\/#\/schema\/logo\/image\/"}}]}},"_links":{"self":[{"href":"https:\/\/pablogarrigos.com\/it\/wp-json\/wp\/v2\/product\/366","targetHints":{"allow":["GET"]}}],"collection":[{"href":"https:\/\/pablogarrigos.com\/it\/wp-json\/wp\/v2\/product"}],"about":[{"href":"https:\/\/pablogarrigos.com\/it\/wp-json\/wp\/v2\/types\/product"}],"wp:featuredmedia":[{"embeddable":true,"href":"https:\/\/pablogarrigos.com\/it\/wp-json\/wp\/v2\/media\/367"}],"wp:attachment":[{"href":"https:\/\/pablogarrigos.com\/it\/wp-json\/wp\/v2\/media?parent=366"}],"wp:term":[{"taxonomy":"product_brand","embeddable":true,"href":"https:\/\/pablogarrigos.com\/it\/wp-json\/wp\/v2\/product_brand?post=366"},{"taxonomy":"product_cat","embeddable":true,"href":"https:\/\/pablogarrigos.com\/it\/wp-json\/wp\/v2\/product_cat?post=366"},{"taxonomy":"product_tag","embeddable":true,"href":"https:\/\/pablogarrigos.com\/it\/wp-json\/wp\/v2\/product_tag?post=366"}],"curies":[{"name":"wp","href":"https:\/\/api.w.org\/{rel}","templated":true}]}}