{"id":359,"date":"2024-02-20T09:10:23","date_gmt":"2024-02-20T08:10:23","guid":{"rendered":"https:\/\/pablogarrigos.com\/index.php\/product\/estuche-10-porciones-variadas-delicatessen-170-g\/"},"modified":"2025-11-13T12:01:28","modified_gmt":"2025-11-13T11:01:28","slug":"estuche-10-porciones-variadas-delicatessen-170-g","status":"publish","type":"product","link":"https:\/\/pablogarrigos.com\/it\/turrones\/delicatessen\/estuche-10-porciones-variadas-delicatessen-170-g\/","title":{"rendered":"Confezione da 10 porzioni assortite Delicatessen 170g"},"content":{"rendered":"<p>Torrone di Alicante: <strong>mandorla<\/strong> 68%, miele di rosmarino 16%, zucchero, sciroppo di glucosio, cialde di superficie (fecola di patate e olio di girasole) e albume d'uovo 68%. <strong>uovo<\/strong>. <strong>Pu\u00f2 contenere tracce di sesamo e nocciole.<\/strong><\/p>\n<p>Torrone al cioccolato al latte con noci di macadamia: <strong>noce<\/strong> da <strong>macadamia<\/strong> 30% selezionati e tostati, zucchero, burro di cacao, <strong>latte<\/strong> cacao intero in polvere 13%, massa di cacao, <strong>siero di latte<\/strong> in polvere, emulsionante (lecitina di olio vegetale), emulsionante (lecitina di olio vegetale), emulsionante (lecitina di olio vegetale) e <strong>soia<\/strong>) e aroma naturale di vaniglia. Cacao minimo 30%. <strong>Pu\u00f2 contenere tracce di altra frutta a guscio.<\/strong><\/p>\n<p>Torrone con semi di sesamo: <strong>mandorla<\/strong> Marcona con buccia tostata selezionata 64%, miele di rosmarino 15%, zucchero, sciroppo di glucosio, <strong>sesamo<\/strong> e cialda superficiale (fecola di patate e olio di girasole). <strong>Pu\u00f2 contenere tracce di uova e nocciole.<\/strong><\/p>\n<p>Cioccolato al latte e torrone alle mandorle: <strong>mandorla<\/strong> Marcona 40% tostata selezionata, zucchero, burro di cacao, <strong>latte<\/strong> cacao intero in polvere 11%, massa di cacao, <strong>siero di latte<\/strong> polvere, emulsionante (lattina di soia) e aroma naturale di vaniglia. Cacao minimo 30%. <strong>Pu\u00f2 contenere tracce di altra frutta a guscio.<\/strong><\/p>\n<p>Torrone fondente al cioccolato con mandorle: <strong>mandorla<\/strong> Marcona 40% tostato selezionato, pasta di cacao, zucchero, burro di cacao, emulsionante (lecitina di cacao), pasta di cacao, burro di cacao, pasta di cacao, burro di cacao, emulsionante (lecitina di cacao), burro di cacao. <strong>soia<\/strong>) e aroma naturale di vaniglia. Cacao minimo 52%. <strong>Pu\u00f2 contenere tracce di latte e altra frutta a guscio.<\/p>\n<p>Conservar en un lugar fresco y seco. 18\u00ba-22\u00baC.<br \/>\n<\/strong><\/p>","protected":false},"excerpt":{"rendered":"<p>Scatola speciale di 10 porzioni assortite della gamma Delicatessen. Prelibatezze di Pablo Garrig\u00f3s Ib\u00e1\u00f1ez in formato da 170 grammi.<\/p>","protected":false},"featured_media":360,"template":"","meta":{"_acf_changed":false,"inline_featured_image":false},"product_brand":[],"product_cat":[20,21,18],"product_tag":[],"class_list":{"0":"post-359","1":"product","2":"type-product","3":"status-publish","4":"has-post-thumbnail","6":"product_cat-chocolates-y-fruites","7":"product_cat-delicatessen","8":"product_cat-turrones","10":"first","11":"instock","12":"taxable","13":"shipping-taxable","14":"purchasable","15":"product-type-simple"},"acf":[],"yoast_head":"<!-- This site is optimized with the Yoast SEO plugin v26.5 - https:\/\/yoast.com\/wordpress\/plugins\/seo\/ -->\n<title>Estuche 10 Porciones Variadas Delicatessen | Pablo Garrig\u00f3s Ib\u00e1\u00f1ez<\/title>\n<meta name=\"description\" content=\"Estuche de 10 Porciones Variadas Delicatessen de Pablo Garrig\u00f3s Ib\u00e1\u00f1ez, una selecci\u00f3n exquisita que captura la esencia de la tradici\u00f3n en cada bocado. Ideal para regalar o disfrutar.\" \/>\n<meta name=\"robots\" content=\"index, follow, max-snippet:-1, max-image-preview:large, max-video-preview:-1\" \/>\n<link rel=\"canonical\" href=\"https:\/\/pablogarrigos.com\/it\/turrones\/delicatessen\/estuche-10-porciones-variadas-delicatessen-170-g\/\" \/>\n<meta property=\"og:locale\" content=\"it_IT\" \/>\n<meta property=\"og:type\" content=\"article\" \/>\n<meta property=\"og:title\" content=\"Estuche 10 Porciones Variadas Delicatessen | Pablo Garrig\u00f3s Ib\u00e1\u00f1ez\" \/>\n<meta property=\"og:description\" content=\"Estuche de 10 Porciones Variadas Delicatessen de Pablo Garrig\u00f3s Ib\u00e1\u00f1ez, una selecci\u00f3n exquisita que captura la esencia de la tradici\u00f3n en cada bocado. Ideal para regalar o disfrutar.\" \/>\n<meta property=\"og:url\" content=\"https:\/\/pablogarrigos.com\/it\/turrones\/delicatessen\/estuche-10-porciones-variadas-delicatessen-170-g\/\" \/>\n<meta property=\"og:site_name\" content=\"Pablo Garrig\u00f3s Iba\u00f1ez\" \/>\n<meta property=\"article:modified_time\" content=\"2025-11-13T11:01:28+00:00\" \/>\n<meta property=\"og:image\" content=\"https:\/\/pablogarrigos.com\/wp-content\/uploads\/2024\/02\/turrones-porciones-individuales-delicatessen.jpg\" \/>\n\t<meta property=\"og:image:width\" content=\"600\" \/>\n\t<meta property=\"og:image:height\" content=\"600\" \/>\n\t<meta property=\"og:image:type\" content=\"image\/jpeg\" \/>\n<meta name=\"twitter:card\" content=\"summary_large_image\" \/>\n<meta name=\"twitter:label1\" content=\"Tempo di lettura stimato\" \/>\n\t<meta name=\"twitter:data1\" content=\"2 minuti\" \/>\n<script type=\"application\/ld+json\" class=\"yoast-schema-graph\">{\"@context\":\"https:\/\/schema.org\",\"@graph\":[{\"@type\":\"WebPage\",\"@id\":\"https:\/\/pablogarrigos.com\/turrones\/delicatessen\/estuche-10-porciones-variadas-delicatessen-170-g\/\",\"url\":\"https:\/\/pablogarrigos.com\/turrones\/delicatessen\/estuche-10-porciones-variadas-delicatessen-170-g\/\",\"name\":\"Estuche 10 Porciones Variadas Delicatessen | Pablo Garrig\u00f3s Ib\u00e1\u00f1ez\",\"isPartOf\":{\"@id\":\"https:\/\/pablogarrigos.com\/#website\"},\"primaryImageOfPage\":{\"@id\":\"https:\/\/pablogarrigos.com\/turrones\/delicatessen\/estuche-10-porciones-variadas-delicatessen-170-g\/#primaryimage\"},\"image\":{\"@id\":\"https:\/\/pablogarrigos.com\/turrones\/delicatessen\/estuche-10-porciones-variadas-delicatessen-170-g\/#primaryimage\"},\"thumbnailUrl\":\"https:\/\/pablogarrigos.com\/wp-content\/uploads\/2024\/02\/turrones-porciones-individuales-delicatessen.jpg\",\"datePublished\":\"2024-02-20T08:10:23+00:00\",\"dateModified\":\"2025-11-13T11:01:28+00:00\",\"description\":\"Estuche de 10 Porciones Variadas Delicatessen de Pablo Garrig\u00f3s Ib\u00e1\u00f1ez, una selecci\u00f3n exquisita que captura la esencia de la tradici\u00f3n en cada bocado. Ideal para regalar o disfrutar.\",\"breadcrumb\":{\"@id\":\"https:\/\/pablogarrigos.com\/turrones\/delicatessen\/estuche-10-porciones-variadas-delicatessen-170-g\/#breadcrumb\"},\"inLanguage\":\"it-IT\",\"potentialAction\":[{\"@type\":\"ReadAction\",\"target\":[\"https:\/\/pablogarrigos.com\/turrones\/delicatessen\/estuche-10-porciones-variadas-delicatessen-170-g\/\"]}]},{\"@type\":\"ImageObject\",\"inLanguage\":\"it-IT\",\"@id\":\"https:\/\/pablogarrigos.com\/turrones\/delicatessen\/estuche-10-porciones-variadas-delicatessen-170-g\/#primaryimage\",\"url\":\"https:\/\/pablogarrigos.com\/wp-content\/uploads\/2024\/02\/turrones-porciones-individuales-delicatessen.jpg\",\"contentUrl\":\"https:\/\/pablogarrigos.com\/wp-content\/uploads\/2024\/02\/turrones-porciones-individuales-delicatessen.jpg\",\"width\":600,\"height\":600},{\"@type\":\"BreadcrumbList\",\"@id\":\"https:\/\/pablogarrigos.com\/turrones\/delicatessen\/estuche-10-porciones-variadas-delicatessen-170-g\/#breadcrumb\",\"itemListElement\":[{\"@type\":\"ListItem\",\"position\":1,\"name\":\"Home\",\"item\":\"https:\/\/pablogarrigos.com\/en\/\"},{\"@type\":\"ListItem\",\"position\":2,\"name\":\"Tienda\",\"item\":\"https:\/\/pablogarrigos.com\/en\/tienda\/\"},{\"@type\":\"ListItem\",\"position\":3,\"name\":\"Estuche 10 porciones variadas Delicatessen 170g\"}]},{\"@type\":\"WebSite\",\"@id\":\"https:\/\/pablogarrigos.com\/#website\",\"url\":\"https:\/\/pablogarrigos.com\/\",\"name\":\"Pablo Garrig\u00f3s Iba\u00f1ez\",\"description\":\"El Sentido del Gusto\",\"publisher\":{\"@id\":\"https:\/\/pablogarrigos.com\/#organization\"},\"potentialAction\":[{\"@type\":\"SearchAction\",\"target\":{\"@type\":\"EntryPoint\",\"urlTemplate\":\"https:\/\/pablogarrigos.com\/?s={search_term_string}\"},\"query-input\":{\"@type\":\"PropertyValueSpecification\",\"valueRequired\":true,\"valueName\":\"search_term_string\"}}],\"inLanguage\":\"it-IT\"},{\"@type\":\"Organization\",\"@id\":\"https:\/\/pablogarrigos.com\/#organization\",\"name\":\"Pablo Garrig\u00f3s Iba\u00f1ez\",\"url\":\"https:\/\/pablogarrigos.com\/\",\"logo\":{\"@type\":\"ImageObject\",\"inLanguage\":\"it-IT\",\"@id\":\"https:\/\/pablogarrigos.com\/#\/schema\/logo\/image\/\",\"url\":\"https:\/\/pablogarrigos.com\/wp-content\/uploads\/2024\/02\/logo-pablogarrigos.png\",\"contentUrl\":\"https:\/\/pablogarrigos.com\/wp-content\/uploads\/2024\/02\/logo-pablogarrigos.png\",\"width\":1247,\"height\":480,\"caption\":\"Pablo Garrig\u00f3s Iba\u00f1ez\"},\"image\":{\"@id\":\"https:\/\/pablogarrigos.com\/#\/schema\/logo\/image\/\"}}]}<\/script>\n<!-- \/ Yoast SEO plugin. -->","yoast_head_json":{"title":"Astuccio di 10 porzioni assortite di salumeria | Pablo Garrig\u00f3s Ib\u00e1\u00f1ez","description":"Confezione da 10 porzioni assortite di Pablo Garrig\u00f3s Ib\u00e1\u00f1ez, una squisita selezione che cattura l'essenza della tradizione in ogni boccone. Ideale come regalo o da gustare.","robots":{"index":"index","follow":"follow","max-snippet":"max-snippet:-1","max-image-preview":"max-image-preview:large","max-video-preview":"max-video-preview:-1"},"canonical":"https:\/\/pablogarrigos.com\/it\/turrones\/delicatessen\/estuche-10-porciones-variadas-delicatessen-170-g\/","og_locale":"it_IT","og_type":"article","og_title":"Estuche 10 Porciones Variadas Delicatessen | Pablo Garrig\u00f3s Ib\u00e1\u00f1ez","og_description":"Estuche de 10 Porciones Variadas Delicatessen de Pablo Garrig\u00f3s Ib\u00e1\u00f1ez, una selecci\u00f3n exquisita que captura la esencia de la tradici\u00f3n en cada bocado. Ideal para regalar o disfrutar.","og_url":"https:\/\/pablogarrigos.com\/it\/turrones\/delicatessen\/estuche-10-porciones-variadas-delicatessen-170-g\/","og_site_name":"Pablo Garrig\u00f3s Iba\u00f1ez","article_modified_time":"2025-11-13T11:01:28+00:00","og_image":[{"width":600,"height":600,"url":"https:\/\/pablogarrigos.com\/wp-content\/uploads\/2024\/02\/turrones-porciones-individuales-delicatessen.jpg","type":"image\/jpeg"}],"twitter_card":"summary_large_image","twitter_misc":{"Tempo di lettura stimato":"2 minuti"},"schema":{"@context":"https:\/\/schema.org","@graph":[{"@type":"WebPage","@id":"https:\/\/pablogarrigos.com\/turrones\/delicatessen\/estuche-10-porciones-variadas-delicatessen-170-g\/","url":"https:\/\/pablogarrigos.com\/turrones\/delicatessen\/estuche-10-porciones-variadas-delicatessen-170-g\/","name":"Astuccio di 10 porzioni assortite di salumeria | Pablo Garrig\u00f3s Ib\u00e1\u00f1ez","isPartOf":{"@id":"https:\/\/pablogarrigos.com\/#website"},"primaryImageOfPage":{"@id":"https:\/\/pablogarrigos.com\/turrones\/delicatessen\/estuche-10-porciones-variadas-delicatessen-170-g\/#primaryimage"},"image":{"@id":"https:\/\/pablogarrigos.com\/turrones\/delicatessen\/estuche-10-porciones-variadas-delicatessen-170-g\/#primaryimage"},"thumbnailUrl":"https:\/\/pablogarrigos.com\/wp-content\/uploads\/2024\/02\/turrones-porciones-individuales-delicatessen.jpg","datePublished":"2024-02-20T08:10:23+00:00","dateModified":"2025-11-13T11:01:28+00:00","description":"Confezione da 10 porzioni assortite di Pablo Garrig\u00f3s Ib\u00e1\u00f1ez, una squisita selezione che cattura l'essenza della tradizione in ogni boccone. Ideale come regalo o da gustare.","breadcrumb":{"@id":"https:\/\/pablogarrigos.com\/turrones\/delicatessen\/estuche-10-porciones-variadas-delicatessen-170-g\/#breadcrumb"},"inLanguage":"it-IT","potentialAction":[{"@type":"ReadAction","target":["https:\/\/pablogarrigos.com\/turrones\/delicatessen\/estuche-10-porciones-variadas-delicatessen-170-g\/"]}]},{"@type":"ImageObject","inLanguage":"it-IT","@id":"https:\/\/pablogarrigos.com\/turrones\/delicatessen\/estuche-10-porciones-variadas-delicatessen-170-g\/#primaryimage","url":"https:\/\/pablogarrigos.com\/wp-content\/uploads\/2024\/02\/turrones-porciones-individuales-delicatessen.jpg","contentUrl":"https:\/\/pablogarrigos.com\/wp-content\/uploads\/2024\/02\/turrones-porciones-individuales-delicatessen.jpg","width":600,"height":600},{"@type":"BreadcrumbList","@id":"https:\/\/pablogarrigos.com\/turrones\/delicatessen\/estuche-10-porciones-variadas-delicatessen-170-g\/#breadcrumb","itemListElement":[{"@type":"ListItem","position":1,"name":"Home","item":"https:\/\/pablogarrigos.com\/en\/"},{"@type":"ListItem","position":2,"name":"Tienda","item":"https:\/\/pablogarrigos.com\/en\/tienda\/"},{"@type":"ListItem","position":3,"name":"Estuche 10 porciones variadas Delicatessen 170g"}]},{"@type":"WebSite","@id":"https:\/\/pablogarrigos.com\/#website","url":"https:\/\/pablogarrigos.com\/","name":"Pablo Garrig\u00f3s Iba\u00f1ez","description":"Il senso del gusto","publisher":{"@id":"https:\/\/pablogarrigos.com\/#organization"},"potentialAction":[{"@type":"SearchAction","target":{"@type":"EntryPoint","urlTemplate":"https:\/\/pablogarrigos.com\/?s={search_term_string}"},"query-input":{"@type":"PropertyValueSpecification","valueRequired":true,"valueName":"search_term_string"}}],"inLanguage":"it-IT"},{"@type":"Organization","@id":"https:\/\/pablogarrigos.com\/#organization","name":"Pablo Garrig\u00f3s Iba\u00f1ez","url":"https:\/\/pablogarrigos.com\/","logo":{"@type":"ImageObject","inLanguage":"it-IT","@id":"https:\/\/pablogarrigos.com\/#\/schema\/logo\/image\/","url":"https:\/\/pablogarrigos.com\/wp-content\/uploads\/2024\/02\/logo-pablogarrigos.png","contentUrl":"https:\/\/pablogarrigos.com\/wp-content\/uploads\/2024\/02\/logo-pablogarrigos.png","width":1247,"height":480,"caption":"Pablo Garrig\u00f3s Iba\u00f1ez"},"image":{"@id":"https:\/\/pablogarrigos.com\/#\/schema\/logo\/image\/"}}]}},"_links":{"self":[{"href":"https:\/\/pablogarrigos.com\/it\/wp-json\/wp\/v2\/product\/359","targetHints":{"allow":["GET"]}}],"collection":[{"href":"https:\/\/pablogarrigos.com\/it\/wp-json\/wp\/v2\/product"}],"about":[{"href":"https:\/\/pablogarrigos.com\/it\/wp-json\/wp\/v2\/types\/product"}],"wp:featuredmedia":[{"embeddable":true,"href":"https:\/\/pablogarrigos.com\/it\/wp-json\/wp\/v2\/media\/360"}],"wp:attachment":[{"href":"https:\/\/pablogarrigos.com\/it\/wp-json\/wp\/v2\/media?parent=359"}],"wp:term":[{"taxonomy":"product_brand","embeddable":true,"href":"https:\/\/pablogarrigos.com\/it\/wp-json\/wp\/v2\/product_brand?post=359"},{"taxonomy":"product_cat","embeddable":true,"href":"https:\/\/pablogarrigos.com\/it\/wp-json\/wp\/v2\/product_cat?post=359"},{"taxonomy":"product_tag","embeddable":true,"href":"https:\/\/pablogarrigos.com\/it\/wp-json\/wp\/v2\/product_tag?post=359"}],"curies":[{"name":"wp","href":"https:\/\/api.w.org\/{rel}","templated":true}]}}