{"id":332,"date":"2024-02-20T18:06:23","date_gmt":"2024-02-20T17:06:23","guid":{"rendered":"https:\/\/pablogarrigos.com\/index.php\/product\/mazapanes-con-chocolate-premium-200-g\/"},"modified":"2025-11-13T11:32:54","modified_gmt":"2025-11-13T10:32:54","slug":"mazapanes-con-chocolate-premium-200-g","status":"publish","type":"product","link":"https:\/\/pablogarrigos.com\/it\/chocolates-y-fruites\/mazapanes-con-chocolate-premium-200-g\/","title":{"rendered":"Marzapane al cioccolato premium 200g"},"content":{"rendered":"<p>MARZAPANE 60%: <strong>Mandorla<\/strong>Zucchero, acqua, stabilizzante (sorbitolo), conservante (acido sorbico), CREMA DI CACAO 40%: zucchero, cacao sgrassato 20%, oli e grassi vegetali (girasole, palma e palmisti), pasta di cacao, burro di cacao, burro di cacao, burro di cacao, burro di cacao, burro di cacao, burro di cacao, burro di cacao, burro di cacao, burro di cacao, burro di cacao, burro di cacao, burro di cacao, burro di cacao, burro di cacao, burro di cacao, burro di cacao. <strong>nocciola<\/strong>, <strong>latte<\/strong> latte scremato in polvere, emulsionante (lecitina di olio vegetale), emulsionante (lecitina di olio vegetale) e <strong>soia<\/strong>). <strong>Pu\u00f2 contenere tracce di cereali contenenti glutine e uova.<\/strong><\/p>\n<p><strong>Conservar en un lugar fresco y seco. 18\u00ba-22\u00baC.<\/strong><\/p>","protected":false},"excerpt":{"rendered":"<p>Classico dolce artigianale a base di zucchero e mandorle Marcona del bacino del Mediterraneo, ripieno di crema al cioccolato.<\/p>","protected":false},"featured_media":333,"template":"","meta":{"_acf_changed":false,"inline_featured_image":false},"product_brand":[],"product_cat":[20,16,17],"product_tag":[],"class_list":{"0":"post-332","1":"product","2":"type-product","3":"status-publish","4":"has-post-thumbnail","6":"product_cat-chocolates-y-fruites","7":"product_cat-pasteleria","8":"product_cat-pasteleria-premium","10":"first","11":"instock","12":"taxable","13":"shipping-taxable","14":"purchasable","15":"product-type-simple"},"acf":[],"yoast_head":"<!-- This site is optimized with the Yoast SEO plugin v26.5 - https:\/\/yoast.com\/wordpress\/plugins\/seo\/ -->\n<title>Mazapanes con Chocolate Premium | Pablo Garrig\u00f3s Ib\u00e1\u00f1ez<\/title>\n<meta name=\"description\" content=\"Descubre los Mazapanes con Chocolate Premium de Pablo Garrig\u00f3s Ib\u00e1\u00f1ez, un dulce artesanal que combina la almendra Marcona mediterr\u00e1nea y una deliciosa crema de chocolate.\" \/>\n<meta name=\"robots\" content=\"index, follow, max-snippet:-1, max-image-preview:large, max-video-preview:-1\" \/>\n<link rel=\"canonical\" href=\"https:\/\/pablogarrigos.com\/it\/chocolates-y-fruites\/mazapanes-con-chocolate-premium-200-g\/\" \/>\n<meta property=\"og:locale\" content=\"it_IT\" \/>\n<meta property=\"og:type\" content=\"article\" \/>\n<meta property=\"og:title\" content=\"Mazapanes con Chocolate Premium | Pablo Garrig\u00f3s Ib\u00e1\u00f1ez\" \/>\n<meta property=\"og:description\" content=\"Descubre los Mazapanes con Chocolate Premium de Pablo Garrig\u00f3s Ib\u00e1\u00f1ez, un dulce artesanal que combina la almendra Marcona mediterr\u00e1nea y una deliciosa crema de chocolate.\" \/>\n<meta property=\"og:url\" content=\"https:\/\/pablogarrigos.com\/it\/chocolates-y-fruites\/mazapanes-con-chocolate-premium-200-g\/\" \/>\n<meta property=\"og:site_name\" content=\"Pablo Garrig\u00f3s Iba\u00f1ez\" \/>\n<meta property=\"article:modified_time\" content=\"2025-11-13T10:32:54+00:00\" \/>\n<meta property=\"og:image\" content=\"https:\/\/pablogarrigos.com\/wp-content\/uploads\/2024\/02\/figuritas-de-mazapan-con-chocolate-premium-200g.jpg\" \/>\n\t<meta property=\"og:image:width\" content=\"600\" \/>\n\t<meta property=\"og:image:height\" content=\"600\" \/>\n\t<meta property=\"og:image:type\" content=\"image\/jpeg\" \/>\n<meta name=\"twitter:card\" content=\"summary_large_image\" \/>\n<meta name=\"twitter:label1\" content=\"Tempo di lettura stimato\" \/>\n\t<meta name=\"twitter:data1\" content=\"1 minuto\" \/>\n<script type=\"application\/ld+json\" class=\"yoast-schema-graph\">{\"@context\":\"https:\/\/schema.org\",\"@graph\":[{\"@type\":\"WebPage\",\"@id\":\"https:\/\/pablogarrigos.com\/chocolates-y-fruites\/mazapanes-con-chocolate-premium-200-g\/\",\"url\":\"https:\/\/pablogarrigos.com\/chocolates-y-fruites\/mazapanes-con-chocolate-premium-200-g\/\",\"name\":\"Mazapanes con Chocolate Premium | Pablo Garrig\u00f3s Ib\u00e1\u00f1ez\",\"isPartOf\":{\"@id\":\"https:\/\/pablogarrigos.com\/#website\"},\"primaryImageOfPage\":{\"@id\":\"https:\/\/pablogarrigos.com\/chocolates-y-fruites\/mazapanes-con-chocolate-premium-200-g\/#primaryimage\"},\"image\":{\"@id\":\"https:\/\/pablogarrigos.com\/chocolates-y-fruites\/mazapanes-con-chocolate-premium-200-g\/#primaryimage\"},\"thumbnailUrl\":\"https:\/\/pablogarrigos.com\/wp-content\/uploads\/2024\/02\/figuritas-de-mazapan-con-chocolate-premium-200g.jpg\",\"datePublished\":\"2024-02-20T17:06:23+00:00\",\"dateModified\":\"2025-11-13T10:32:54+00:00\",\"description\":\"Descubre los Mazapanes con Chocolate Premium de Pablo Garrig\u00f3s Ib\u00e1\u00f1ez, un dulce artesanal que combina la almendra Marcona mediterr\u00e1nea y una deliciosa crema de chocolate.\",\"breadcrumb\":{\"@id\":\"https:\/\/pablogarrigos.com\/chocolates-y-fruites\/mazapanes-con-chocolate-premium-200-g\/#breadcrumb\"},\"inLanguage\":\"it-IT\",\"potentialAction\":[{\"@type\":\"ReadAction\",\"target\":[\"https:\/\/pablogarrigos.com\/chocolates-y-fruites\/mazapanes-con-chocolate-premium-200-g\/\"]}]},{\"@type\":\"ImageObject\",\"inLanguage\":\"it-IT\",\"@id\":\"https:\/\/pablogarrigos.com\/chocolates-y-fruites\/mazapanes-con-chocolate-premium-200-g\/#primaryimage\",\"url\":\"https:\/\/pablogarrigos.com\/wp-content\/uploads\/2024\/02\/figuritas-de-mazapan-con-chocolate-premium-200g.jpg\",\"contentUrl\":\"https:\/\/pablogarrigos.com\/wp-content\/uploads\/2024\/02\/figuritas-de-mazapan-con-chocolate-premium-200g.jpg\",\"width\":600,\"height\":600},{\"@type\":\"BreadcrumbList\",\"@id\":\"https:\/\/pablogarrigos.com\/chocolates-y-fruites\/mazapanes-con-chocolate-premium-200-g\/#breadcrumb\",\"itemListElement\":[{\"@type\":\"ListItem\",\"position\":1,\"name\":\"Home\",\"item\":\"https:\/\/pablogarrigos.com\/en\/\"},{\"@type\":\"ListItem\",\"position\":2,\"name\":\"Tienda\",\"item\":\"https:\/\/pablogarrigos.com\/en\/tienda\/\"},{\"@type\":\"ListItem\",\"position\":3,\"name\":\"Mazapanes con Chocolate Premium 200g\"}]},{\"@type\":\"WebSite\",\"@id\":\"https:\/\/pablogarrigos.com\/#website\",\"url\":\"https:\/\/pablogarrigos.com\/\",\"name\":\"Pablo Garrig\u00f3s Iba\u00f1ez\",\"description\":\"El Sentido del Gusto\",\"publisher\":{\"@id\":\"https:\/\/pablogarrigos.com\/#organization\"},\"potentialAction\":[{\"@type\":\"SearchAction\",\"target\":{\"@type\":\"EntryPoint\",\"urlTemplate\":\"https:\/\/pablogarrigos.com\/?s={search_term_string}\"},\"query-input\":{\"@type\":\"PropertyValueSpecification\",\"valueRequired\":true,\"valueName\":\"search_term_string\"}}],\"inLanguage\":\"it-IT\"},{\"@type\":\"Organization\",\"@id\":\"https:\/\/pablogarrigos.com\/#organization\",\"name\":\"Pablo Garrig\u00f3s Iba\u00f1ez\",\"url\":\"https:\/\/pablogarrigos.com\/\",\"logo\":{\"@type\":\"ImageObject\",\"inLanguage\":\"it-IT\",\"@id\":\"https:\/\/pablogarrigos.com\/#\/schema\/logo\/image\/\",\"url\":\"https:\/\/pablogarrigos.com\/wp-content\/uploads\/2024\/02\/logo-pablogarrigos.png\",\"contentUrl\":\"https:\/\/pablogarrigos.com\/wp-content\/uploads\/2024\/02\/logo-pablogarrigos.png\",\"width\":1247,\"height\":480,\"caption\":\"Pablo Garrig\u00f3s Iba\u00f1ez\"},\"image\":{\"@id\":\"https:\/\/pablogarrigos.com\/#\/schema\/logo\/image\/\"}}]}<\/script>\n<!-- \/ Yoast SEO plugin. -->","yoast_head_json":{"title":"Marzapane con cioccolato premium | Pablo Garrig\u00f3s Ib\u00e1\u00f1ez","description":"Scoprite il Marzapane al cioccolato Premium di Pablo Garrig\u00f3s Ib\u00e1\u00f1ez, un dolce artigianale che unisce le mandorle Marcona del Mediterraneo a una deliziosa crema al cioccolato.","robots":{"index":"index","follow":"follow","max-snippet":"max-snippet:-1","max-image-preview":"max-image-preview:large","max-video-preview":"max-video-preview:-1"},"canonical":"https:\/\/pablogarrigos.com\/it\/chocolates-y-fruites\/mazapanes-con-chocolate-premium-200-g\/","og_locale":"it_IT","og_type":"article","og_title":"Mazapanes con Chocolate Premium | Pablo Garrig\u00f3s Ib\u00e1\u00f1ez","og_description":"Descubre los Mazapanes con Chocolate Premium de Pablo Garrig\u00f3s Ib\u00e1\u00f1ez, un dulce artesanal que combina la almendra Marcona mediterr\u00e1nea y una deliciosa crema de chocolate.","og_url":"https:\/\/pablogarrigos.com\/it\/chocolates-y-fruites\/mazapanes-con-chocolate-premium-200-g\/","og_site_name":"Pablo Garrig\u00f3s Iba\u00f1ez","article_modified_time":"2025-11-13T10:32:54+00:00","og_image":[{"width":600,"height":600,"url":"https:\/\/pablogarrigos.com\/wp-content\/uploads\/2024\/02\/figuritas-de-mazapan-con-chocolate-premium-200g.jpg","type":"image\/jpeg"}],"twitter_card":"summary_large_image","twitter_misc":{"Tempo di lettura stimato":"1 minuto"},"schema":{"@context":"https:\/\/schema.org","@graph":[{"@type":"WebPage","@id":"https:\/\/pablogarrigos.com\/chocolates-y-fruites\/mazapanes-con-chocolate-premium-200-g\/","url":"https:\/\/pablogarrigos.com\/chocolates-y-fruites\/mazapanes-con-chocolate-premium-200-g\/","name":"Marzapane con cioccolato premium | Pablo Garrig\u00f3s Ib\u00e1\u00f1ez","isPartOf":{"@id":"https:\/\/pablogarrigos.com\/#website"},"primaryImageOfPage":{"@id":"https:\/\/pablogarrigos.com\/chocolates-y-fruites\/mazapanes-con-chocolate-premium-200-g\/#primaryimage"},"image":{"@id":"https:\/\/pablogarrigos.com\/chocolates-y-fruites\/mazapanes-con-chocolate-premium-200-g\/#primaryimage"},"thumbnailUrl":"https:\/\/pablogarrigos.com\/wp-content\/uploads\/2024\/02\/figuritas-de-mazapan-con-chocolate-premium-200g.jpg","datePublished":"2024-02-20T17:06:23+00:00","dateModified":"2025-11-13T10:32:54+00:00","description":"Scoprite il Marzapane al cioccolato Premium di Pablo Garrig\u00f3s Ib\u00e1\u00f1ez, un dolce artigianale che unisce le mandorle Marcona del Mediterraneo a una deliziosa crema al cioccolato.","breadcrumb":{"@id":"https:\/\/pablogarrigos.com\/chocolates-y-fruites\/mazapanes-con-chocolate-premium-200-g\/#breadcrumb"},"inLanguage":"it-IT","potentialAction":[{"@type":"ReadAction","target":["https:\/\/pablogarrigos.com\/chocolates-y-fruites\/mazapanes-con-chocolate-premium-200-g\/"]}]},{"@type":"ImageObject","inLanguage":"it-IT","@id":"https:\/\/pablogarrigos.com\/chocolates-y-fruites\/mazapanes-con-chocolate-premium-200-g\/#primaryimage","url":"https:\/\/pablogarrigos.com\/wp-content\/uploads\/2024\/02\/figuritas-de-mazapan-con-chocolate-premium-200g.jpg","contentUrl":"https:\/\/pablogarrigos.com\/wp-content\/uploads\/2024\/02\/figuritas-de-mazapan-con-chocolate-premium-200g.jpg","width":600,"height":600},{"@type":"BreadcrumbList","@id":"https:\/\/pablogarrigos.com\/chocolates-y-fruites\/mazapanes-con-chocolate-premium-200-g\/#breadcrumb","itemListElement":[{"@type":"ListItem","position":1,"name":"Home","item":"https:\/\/pablogarrigos.com\/en\/"},{"@type":"ListItem","position":2,"name":"Tienda","item":"https:\/\/pablogarrigos.com\/en\/tienda\/"},{"@type":"ListItem","position":3,"name":"Mazapanes con Chocolate Premium 200g"}]},{"@type":"WebSite","@id":"https:\/\/pablogarrigos.com\/#website","url":"https:\/\/pablogarrigos.com\/","name":"Pablo Garrig\u00f3s Iba\u00f1ez","description":"Il senso del gusto","publisher":{"@id":"https:\/\/pablogarrigos.com\/#organization"},"potentialAction":[{"@type":"SearchAction","target":{"@type":"EntryPoint","urlTemplate":"https:\/\/pablogarrigos.com\/?s={search_term_string}"},"query-input":{"@type":"PropertyValueSpecification","valueRequired":true,"valueName":"search_term_string"}}],"inLanguage":"it-IT"},{"@type":"Organization","@id":"https:\/\/pablogarrigos.com\/#organization","name":"Pablo Garrig\u00f3s Iba\u00f1ez","url":"https:\/\/pablogarrigos.com\/","logo":{"@type":"ImageObject","inLanguage":"it-IT","@id":"https:\/\/pablogarrigos.com\/#\/schema\/logo\/image\/","url":"https:\/\/pablogarrigos.com\/wp-content\/uploads\/2024\/02\/logo-pablogarrigos.png","contentUrl":"https:\/\/pablogarrigos.com\/wp-content\/uploads\/2024\/02\/logo-pablogarrigos.png","width":1247,"height":480,"caption":"Pablo Garrig\u00f3s Iba\u00f1ez"},"image":{"@id":"https:\/\/pablogarrigos.com\/#\/schema\/logo\/image\/"}}]}},"_links":{"self":[{"href":"https:\/\/pablogarrigos.com\/it\/wp-json\/wp\/v2\/product\/332","targetHints":{"allow":["GET"]}}],"collection":[{"href":"https:\/\/pablogarrigos.com\/it\/wp-json\/wp\/v2\/product"}],"about":[{"href":"https:\/\/pablogarrigos.com\/it\/wp-json\/wp\/v2\/types\/product"}],"wp:featuredmedia":[{"embeddable":true,"href":"https:\/\/pablogarrigos.com\/it\/wp-json\/wp\/v2\/media\/333"}],"wp:attachment":[{"href":"https:\/\/pablogarrigos.com\/it\/wp-json\/wp\/v2\/media?parent=332"}],"wp:term":[{"taxonomy":"product_brand","embeddable":true,"href":"https:\/\/pablogarrigos.com\/it\/wp-json\/wp\/v2\/product_brand?post=332"},{"taxonomy":"product_cat","embeddable":true,"href":"https:\/\/pablogarrigos.com\/it\/wp-json\/wp\/v2\/product_cat?post=332"},{"taxonomy":"product_tag","embeddable":true,"href":"https:\/\/pablogarrigos.com\/it\/wp-json\/wp\/v2\/product_tag?post=332"}],"curies":[{"name":"wp","href":"https:\/\/api.w.org\/{rel}","templated":true}]}}