{"id":327,"date":"2024-02-20T14:04:23","date_gmt":"2024-02-20T13:04:23","guid":{"rendered":"https:\/\/pablogarrigos.com\/index.php\/product\/tortas-de-turron-3-variedades-premium-3x200-g\/"},"modified":"2025-11-13T11:39:29","modified_gmt":"2025-11-13T10:39:29","slug":"tortas-de-turron-3-variedades-premium-3x200-g","status":"publish","type":"product","link":"https:\/\/pablogarrigos.com\/it\/chocolates-y-fruites\/tortas-de-turron-3-variedades-premium-3x200-g\/","title":{"rendered":"Torte al torrone 3 variet\u00e0 Premium 3x200g"},"content":{"rendered":"<p>Torta al torrone di Alicante: <strong>Mandorla<\/strong> 68%, miele di rosmarino 16%, zucchero, sciroppo di glucosio, superficie di wafer (fecola di patate e olio di girasole) e albume d'uovo. <strong>uovo<\/strong>. <strong>Pu\u00f2 contenere tracce di sesamo e nocciole.<\/strong><\/p>\n<p>Torta al torrone fondente al cioccolato con mandorle: Pasta di cacao, <strong>mandorla<\/strong> 30%, zucchero, burro di cacao, emulsionante (lecitina di cacao, burro di cacao, burro di cacao), zucchero, burro di cacao, burro di cacao, burro di cacao, burro di cacao, burro di cacao, burro di cacao. <strong>soia<\/strong>) e aroma naturale di vaniglia. Cacao min 37%. <strong>Pu\u00f2 contenere tracce di latte e altra frutta a guscio.<\/strong><\/p>\n<p>Torta al torrone con semi di sesamo: <strong>Mandorla<\/strong> Marcona con buccia tostata selezionata 64%, miele di rosmarino 15%, zucchero, sciroppo di glucosio, <strong>sesamo<\/strong> e cialda superficiale (fecola di patate e olio di girasole). <strong>Pu\u00f2 contenere tracce di albume e nocciole.<\/p>\n<p>Conservar en un lugar fresco y seco. 18\u00ba-22\u00baC.<br \/>\n<\/strong><\/p>","protected":false},"excerpt":{"rendered":"<p>Torte di torrone 3 variet\u00e0 Premium 3\u00d7200 g.<\/p>","protected":false},"featured_media":328,"template":"","meta":{"_acf_changed":false,"inline_featured_image":false},"product_brand":[],"product_cat":[20,19,18],"product_tag":[],"class_list":{"0":"post-327","1":"product","2":"type-product","3":"status-publish","4":"has-post-thumbnail","6":"product_cat-chocolates-y-fruites","7":"product_cat-premium","8":"product_cat-turrones","10":"first","11":"instock","12":"taxable","13":"shipping-taxable","14":"purchasable","15":"product-type-simple"},"acf":[],"yoast_head":"<!-- This site is optimized with the Yoast SEO plugin v26.5 - https:\/\/yoast.com\/wordpress\/plugins\/seo\/ -->\n<title>Tortas de Turr\u00f3n 3 Variedades Premium | Pablo Garrig\u00f3s Ib\u00e1\u00f1ez<\/title>\n<meta name=\"description\" content=\"Explora el estuche de Tortas de Turr\u00f3n 3 Variedades Premium de Pablo Garrig\u00f3s Ib\u00e1\u00f1ez: Alicante, Chocolate Fondant y Guirlache con Ajonjol\u00ed. Una selecci\u00f3n exquisita para degustar la aut\u00e9ntica tradici\u00f3n.\" \/>\n<meta name=\"robots\" content=\"index, follow, max-snippet:-1, max-image-preview:large, max-video-preview:-1\" \/>\n<link rel=\"canonical\" href=\"https:\/\/pablogarrigos.com\/it\/chocolates-y-fruites\/tortas-de-turron-3-variedades-premium-3x200-g\/\" \/>\n<meta property=\"og:locale\" content=\"it_IT\" \/>\n<meta property=\"og:type\" content=\"article\" \/>\n<meta property=\"og:title\" content=\"Tortas de Turr\u00f3n 3 Variedades Premium | Pablo Garrig\u00f3s Ib\u00e1\u00f1ez\" \/>\n<meta property=\"og:description\" content=\"Explora el estuche de Tortas de Turr\u00f3n 3 Variedades Premium de Pablo Garrig\u00f3s Ib\u00e1\u00f1ez: Alicante, Chocolate Fondant y Guirlache con Ajonjol\u00ed. Una selecci\u00f3n exquisita para degustar la aut\u00e9ntica tradici\u00f3n.\" \/>\n<meta property=\"og:url\" content=\"https:\/\/pablogarrigos.com\/it\/chocolates-y-fruites\/tortas-de-turron-3-variedades-premium-3x200-g\/\" \/>\n<meta property=\"og:site_name\" content=\"Pablo Garrig\u00f3s Iba\u00f1ez\" \/>\n<meta property=\"article:modified_time\" content=\"2025-11-13T10:39:29+00:00\" \/>\n<meta property=\"og:image\" content=\"https:\/\/pablogarrigos.com\/wp-content\/uploads\/2024\/02\/torta-turron-3-variedades-premium-3x200g.jpg\" \/>\n\t<meta property=\"og:image:width\" content=\"600\" \/>\n\t<meta property=\"og:image:height\" content=\"600\" \/>\n\t<meta property=\"og:image:type\" content=\"image\/jpeg\" \/>\n<meta name=\"twitter:card\" content=\"summary_large_image\" \/>\n<meta name=\"twitter:label1\" content=\"Tempo di lettura stimato\" \/>\n\t<meta name=\"twitter:data1\" content=\"1 minuto\" \/>\n<script type=\"application\/ld+json\" class=\"yoast-schema-graph\">{\"@context\":\"https:\/\/schema.org\",\"@graph\":[{\"@type\":\"WebPage\",\"@id\":\"https:\/\/pablogarrigos.com\/chocolates-y-fruites\/tortas-de-turron-3-variedades-premium-3x200-g\/\",\"url\":\"https:\/\/pablogarrigos.com\/chocolates-y-fruites\/tortas-de-turron-3-variedades-premium-3x200-g\/\",\"name\":\"Tortas de Turr\u00f3n 3 Variedades Premium | Pablo Garrig\u00f3s Ib\u00e1\u00f1ez\",\"isPartOf\":{\"@id\":\"https:\/\/pablogarrigos.com\/#website\"},\"primaryImageOfPage\":{\"@id\":\"https:\/\/pablogarrigos.com\/chocolates-y-fruites\/tortas-de-turron-3-variedades-premium-3x200-g\/#primaryimage\"},\"image\":{\"@id\":\"https:\/\/pablogarrigos.com\/chocolates-y-fruites\/tortas-de-turron-3-variedades-premium-3x200-g\/#primaryimage\"},\"thumbnailUrl\":\"https:\/\/pablogarrigos.com\/wp-content\/uploads\/2024\/02\/torta-turron-3-variedades-premium-3x200g.jpg\",\"datePublished\":\"2024-02-20T13:04:23+00:00\",\"dateModified\":\"2025-11-13T10:39:29+00:00\",\"description\":\"Explora el estuche de Tortas de Turr\u00f3n 3 Variedades Premium de Pablo Garrig\u00f3s Ib\u00e1\u00f1ez: Alicante, Chocolate Fondant y Guirlache con Ajonjol\u00ed. Una selecci\u00f3n exquisita para degustar la aut\u00e9ntica tradici\u00f3n.\",\"breadcrumb\":{\"@id\":\"https:\/\/pablogarrigos.com\/chocolates-y-fruites\/tortas-de-turron-3-variedades-premium-3x200-g\/#breadcrumb\"},\"inLanguage\":\"it-IT\",\"potentialAction\":[{\"@type\":\"ReadAction\",\"target\":[\"https:\/\/pablogarrigos.com\/chocolates-y-fruites\/tortas-de-turron-3-variedades-premium-3x200-g\/\"]}]},{\"@type\":\"ImageObject\",\"inLanguage\":\"it-IT\",\"@id\":\"https:\/\/pablogarrigos.com\/chocolates-y-fruites\/tortas-de-turron-3-variedades-premium-3x200-g\/#primaryimage\",\"url\":\"https:\/\/pablogarrigos.com\/wp-content\/uploads\/2024\/02\/torta-turron-3-variedades-premium-3x200g.jpg\",\"contentUrl\":\"https:\/\/pablogarrigos.com\/wp-content\/uploads\/2024\/02\/torta-turron-3-variedades-premium-3x200g.jpg\",\"width\":600,\"height\":600},{\"@type\":\"BreadcrumbList\",\"@id\":\"https:\/\/pablogarrigos.com\/chocolates-y-fruites\/tortas-de-turron-3-variedades-premium-3x200-g\/#breadcrumb\",\"itemListElement\":[{\"@type\":\"ListItem\",\"position\":1,\"name\":\"Home\",\"item\":\"https:\/\/pablogarrigos.com\/en\/\"},{\"@type\":\"ListItem\",\"position\":2,\"name\":\"Tienda\",\"item\":\"https:\/\/pablogarrigos.com\/en\/tienda\/\"},{\"@type\":\"ListItem\",\"position\":3,\"name\":\"Tortas de Turr\u00f3n 3 variedades Premium 3x200g\"}]},{\"@type\":\"WebSite\",\"@id\":\"https:\/\/pablogarrigos.com\/#website\",\"url\":\"https:\/\/pablogarrigos.com\/\",\"name\":\"Pablo Garrig\u00f3s Iba\u00f1ez\",\"description\":\"El Sentido del Gusto\",\"publisher\":{\"@id\":\"https:\/\/pablogarrigos.com\/#organization\"},\"potentialAction\":[{\"@type\":\"SearchAction\",\"target\":{\"@type\":\"EntryPoint\",\"urlTemplate\":\"https:\/\/pablogarrigos.com\/?s={search_term_string}\"},\"query-input\":{\"@type\":\"PropertyValueSpecification\",\"valueRequired\":true,\"valueName\":\"search_term_string\"}}],\"inLanguage\":\"it-IT\"},{\"@type\":\"Organization\",\"@id\":\"https:\/\/pablogarrigos.com\/#organization\",\"name\":\"Pablo Garrig\u00f3s Iba\u00f1ez\",\"url\":\"https:\/\/pablogarrigos.com\/\",\"logo\":{\"@type\":\"ImageObject\",\"inLanguage\":\"it-IT\",\"@id\":\"https:\/\/pablogarrigos.com\/#\/schema\/logo\/image\/\",\"url\":\"https:\/\/pablogarrigos.com\/wp-content\/uploads\/2024\/02\/logo-pablogarrigos.png\",\"contentUrl\":\"https:\/\/pablogarrigos.com\/wp-content\/uploads\/2024\/02\/logo-pablogarrigos.png\",\"width\":1247,\"height\":480,\"caption\":\"Pablo Garrig\u00f3s Iba\u00f1ez\"},\"image\":{\"@id\":\"https:\/\/pablogarrigos.com\/#\/schema\/logo\/image\/\"}}]}<\/script>\n<!-- \/ Yoast SEO plugin. -->","yoast_head_json":{"title":"Torte di torrone Premium 3 Variet\u00e0 | Pablo Garrig\u00f3s Ib\u00e1\u00f1ez","description":"Scoprite la confezione di torte al torrone Pablo Garrig\u00f3s Ib\u00e1\u00f1ez 3 Variet\u00e0 Premium: Alicante, Fondente al cioccolato e Guirlache al sesamo. Una squisita selezione per gustare l'autentica tradizione.","robots":{"index":"index","follow":"follow","max-snippet":"max-snippet:-1","max-image-preview":"max-image-preview:large","max-video-preview":"max-video-preview:-1"},"canonical":"https:\/\/pablogarrigos.com\/it\/chocolates-y-fruites\/tortas-de-turron-3-variedades-premium-3x200-g\/","og_locale":"it_IT","og_type":"article","og_title":"Tortas de Turr\u00f3n 3 Variedades Premium | Pablo Garrig\u00f3s Ib\u00e1\u00f1ez","og_description":"Explora el estuche de Tortas de Turr\u00f3n 3 Variedades Premium de Pablo Garrig\u00f3s Ib\u00e1\u00f1ez: Alicante, Chocolate Fondant y Guirlache con Ajonjol\u00ed. Una selecci\u00f3n exquisita para degustar la aut\u00e9ntica tradici\u00f3n.","og_url":"https:\/\/pablogarrigos.com\/it\/chocolates-y-fruites\/tortas-de-turron-3-variedades-premium-3x200-g\/","og_site_name":"Pablo Garrig\u00f3s Iba\u00f1ez","article_modified_time":"2025-11-13T10:39:29+00:00","og_image":[{"width":600,"height":600,"url":"https:\/\/pablogarrigos.com\/wp-content\/uploads\/2024\/02\/torta-turron-3-variedades-premium-3x200g.jpg","type":"image\/jpeg"}],"twitter_card":"summary_large_image","twitter_misc":{"Tempo di lettura stimato":"1 minuto"},"schema":{"@context":"https:\/\/schema.org","@graph":[{"@type":"WebPage","@id":"https:\/\/pablogarrigos.com\/chocolates-y-fruites\/tortas-de-turron-3-variedades-premium-3x200-g\/","url":"https:\/\/pablogarrigos.com\/chocolates-y-fruites\/tortas-de-turron-3-variedades-premium-3x200-g\/","name":"Torte di torrone Premium 3 Variet\u00e0 | Pablo Garrig\u00f3s Ib\u00e1\u00f1ez","isPartOf":{"@id":"https:\/\/pablogarrigos.com\/#website"},"primaryImageOfPage":{"@id":"https:\/\/pablogarrigos.com\/chocolates-y-fruites\/tortas-de-turron-3-variedades-premium-3x200-g\/#primaryimage"},"image":{"@id":"https:\/\/pablogarrigos.com\/chocolates-y-fruites\/tortas-de-turron-3-variedades-premium-3x200-g\/#primaryimage"},"thumbnailUrl":"https:\/\/pablogarrigos.com\/wp-content\/uploads\/2024\/02\/torta-turron-3-variedades-premium-3x200g.jpg","datePublished":"2024-02-20T13:04:23+00:00","dateModified":"2025-11-13T10:39:29+00:00","description":"Scoprite la confezione di torte al torrone Pablo Garrig\u00f3s Ib\u00e1\u00f1ez 3 Variet\u00e0 Premium: Alicante, Fondente al cioccolato e Guirlache al sesamo. Una squisita selezione per gustare l'autentica tradizione.","breadcrumb":{"@id":"https:\/\/pablogarrigos.com\/chocolates-y-fruites\/tortas-de-turron-3-variedades-premium-3x200-g\/#breadcrumb"},"inLanguage":"it-IT","potentialAction":[{"@type":"ReadAction","target":["https:\/\/pablogarrigos.com\/chocolates-y-fruites\/tortas-de-turron-3-variedades-premium-3x200-g\/"]}]},{"@type":"ImageObject","inLanguage":"it-IT","@id":"https:\/\/pablogarrigos.com\/chocolates-y-fruites\/tortas-de-turron-3-variedades-premium-3x200-g\/#primaryimage","url":"https:\/\/pablogarrigos.com\/wp-content\/uploads\/2024\/02\/torta-turron-3-variedades-premium-3x200g.jpg","contentUrl":"https:\/\/pablogarrigos.com\/wp-content\/uploads\/2024\/02\/torta-turron-3-variedades-premium-3x200g.jpg","width":600,"height":600},{"@type":"BreadcrumbList","@id":"https:\/\/pablogarrigos.com\/chocolates-y-fruites\/tortas-de-turron-3-variedades-premium-3x200-g\/#breadcrumb","itemListElement":[{"@type":"ListItem","position":1,"name":"Home","item":"https:\/\/pablogarrigos.com\/en\/"},{"@type":"ListItem","position":2,"name":"Tienda","item":"https:\/\/pablogarrigos.com\/en\/tienda\/"},{"@type":"ListItem","position":3,"name":"Tortas de Turr\u00f3n 3 variedades Premium 3x200g"}]},{"@type":"WebSite","@id":"https:\/\/pablogarrigos.com\/#website","url":"https:\/\/pablogarrigos.com\/","name":"Pablo Garrig\u00f3s Iba\u00f1ez","description":"Il senso del gusto","publisher":{"@id":"https:\/\/pablogarrigos.com\/#organization"},"potentialAction":[{"@type":"SearchAction","target":{"@type":"EntryPoint","urlTemplate":"https:\/\/pablogarrigos.com\/?s={search_term_string}"},"query-input":{"@type":"PropertyValueSpecification","valueRequired":true,"valueName":"search_term_string"}}],"inLanguage":"it-IT"},{"@type":"Organization","@id":"https:\/\/pablogarrigos.com\/#organization","name":"Pablo Garrig\u00f3s Iba\u00f1ez","url":"https:\/\/pablogarrigos.com\/","logo":{"@type":"ImageObject","inLanguage":"it-IT","@id":"https:\/\/pablogarrigos.com\/#\/schema\/logo\/image\/","url":"https:\/\/pablogarrigos.com\/wp-content\/uploads\/2024\/02\/logo-pablogarrigos.png","contentUrl":"https:\/\/pablogarrigos.com\/wp-content\/uploads\/2024\/02\/logo-pablogarrigos.png","width":1247,"height":480,"caption":"Pablo Garrig\u00f3s Iba\u00f1ez"},"image":{"@id":"https:\/\/pablogarrigos.com\/#\/schema\/logo\/image\/"}}]}},"_links":{"self":[{"href":"https:\/\/pablogarrigos.com\/it\/wp-json\/wp\/v2\/product\/327","targetHints":{"allow":["GET"]}}],"collection":[{"href":"https:\/\/pablogarrigos.com\/it\/wp-json\/wp\/v2\/product"}],"about":[{"href":"https:\/\/pablogarrigos.com\/it\/wp-json\/wp\/v2\/types\/product"}],"wp:featuredmedia":[{"embeddable":true,"href":"https:\/\/pablogarrigos.com\/it\/wp-json\/wp\/v2\/media\/328"}],"wp:attachment":[{"href":"https:\/\/pablogarrigos.com\/it\/wp-json\/wp\/v2\/media?parent=327"}],"wp:term":[{"taxonomy":"product_brand","embeddable":true,"href":"https:\/\/pablogarrigos.com\/it\/wp-json\/wp\/v2\/product_brand?post=327"},{"taxonomy":"product_cat","embeddable":true,"href":"https:\/\/pablogarrigos.com\/it\/wp-json\/wp\/v2\/product_cat?post=327"},{"taxonomy":"product_tag","embeddable":true,"href":"https:\/\/pablogarrigos.com\/it\/wp-json\/wp\/v2\/product_tag?post=327"}],"curies":[{"name":"wp","href":"https:\/\/api.w.org\/{rel}","templated":true}]}}