{"id":315,"date":"2024-02-20T15:05:23","date_gmt":"2024-02-20T14:05:23","guid":{"rendered":"https:\/\/pablogarrigos.com\/index.php\/product\/turron-de-chocolate-fondant-con-almendras-premium-300-g\/"},"modified":"2025-11-13T11:36:51","modified_gmt":"2025-11-13T10:36:51","slug":"turron-de-chocolate-fondant-con-almendras-premium-300-g","status":"publish","type":"product","link":"https:\/\/pablogarrigos.com\/it\/chocolates-y-fruites\/turron-de-chocolate-fondant-con-almendras-premium-300-g\/","title":{"rendered":"Fondente di torrone al cioccolato con mandorle Premium 300g"},"content":{"rendered":"<p><strong>Mandorla<\/strong> Marcona 40% tostato selezionato, pasta di cacao, zucchero, burro di cacao, emulsionante (lecitina di cacao), pasta di cacao, burro di cacao, pasta di cacao, burro di cacao, emulsionante (lecitina di cacao), burro di cacao. <strong>soia<\/strong>) e aroma naturale di vaniglia. Cacao min. 52%.\u00a0<strong>Pu\u00f2 contenere tracce di latte e altra frutta a guscio.<\/strong><\/p>\n<p><strong>Conservar en un lugar fresco y seco. 18\u00ba-22\u00baC.<\/strong><\/p>","protected":false},"excerpt":{"rendered":"<p>Fondente di torrone al cioccolato con mandorle Premium 300 g. <span style=\"letter-spacing: 0.01em\">Assaporate l'incomparabile sapore della mandorla Marcona, rivestita da uno strato di fondente al cioccolato.<\/span><\/p>","protected":false},"featured_media":316,"template":"","meta":{"_acf_changed":false,"inline_featured_image":false},"product_brand":[],"product_cat":[20,19,18],"product_tag":[],"class_list":{"0":"post-315","1":"product","2":"type-product","3":"status-publish","4":"has-post-thumbnail","6":"product_cat-chocolates-y-fruites","7":"product_cat-premium","8":"product_cat-turrones","10":"first","11":"instock","12":"taxable","13":"shipping-taxable","14":"purchasable","15":"product-type-simple"},"acf":[],"yoast_head":"<!-- This site is optimized with the Yoast SEO plugin v26.5 - https:\/\/yoast.com\/wordpress\/plugins\/seo\/ -->\n<title>Turr\u00f3n de Chocolate Fondant con Almendras Premium | Pablo Garrig\u00f3s Ib\u00e1\u00f1ez<\/title>\n<meta name=\"description\" content=\"Disfruta del Turr\u00f3n de Chocolate Fondant con Almendras Premium de Pablo Garrig\u00f3s Ib\u00e1\u00f1ez. Almendras Marcona y chocolate fondant se unen en una delicia gourmet \u00fanica.\" \/>\n<meta name=\"robots\" content=\"index, follow, max-snippet:-1, max-image-preview:large, max-video-preview:-1\" \/>\n<link rel=\"canonical\" href=\"https:\/\/pablogarrigos.com\/it\/chocolates-y-fruites\/turron-de-chocolate-fondant-con-almendras-premium-300-g\/\" \/>\n<meta property=\"og:locale\" content=\"it_IT\" \/>\n<meta property=\"og:type\" content=\"article\" \/>\n<meta property=\"og:title\" content=\"Turr\u00f3n de Chocolate Fondant con Almendras Premium | Pablo Garrig\u00f3s Ib\u00e1\u00f1ez\" \/>\n<meta property=\"og:description\" content=\"Disfruta del Turr\u00f3n de Chocolate Fondant con Almendras Premium de Pablo Garrig\u00f3s Ib\u00e1\u00f1ez. Almendras Marcona y chocolate fondant se unen en una delicia gourmet \u00fanica.\" \/>\n<meta property=\"og:url\" content=\"https:\/\/pablogarrigos.com\/it\/chocolates-y-fruites\/turron-de-chocolate-fondant-con-almendras-premium-300-g\/\" \/>\n<meta property=\"og:site_name\" content=\"Pablo Garrig\u00f3s Iba\u00f1ez\" \/>\n<meta property=\"article:modified_time\" content=\"2025-11-13T10:36:51+00:00\" \/>\n<meta property=\"og:image\" content=\"https:\/\/pablogarrigos.com\/wp-content\/uploads\/2024\/02\/turron-de-chocolate-fondant-con-almendras-premium-300g.jpg\" \/>\n\t<meta property=\"og:image:width\" content=\"600\" \/>\n\t<meta property=\"og:image:height\" content=\"600\" \/>\n\t<meta property=\"og:image:type\" content=\"image\/jpeg\" \/>\n<meta name=\"twitter:card\" content=\"summary_large_image\" \/>\n<meta name=\"twitter:label1\" content=\"Tempo di lettura stimato\" \/>\n\t<meta name=\"twitter:data1\" content=\"1 minuto\" \/>\n<script type=\"application\/ld+json\" class=\"yoast-schema-graph\">{\"@context\":\"https:\/\/schema.org\",\"@graph\":[{\"@type\":\"WebPage\",\"@id\":\"https:\/\/pablogarrigos.com\/chocolates-y-fruites\/turron-de-chocolate-fondant-con-almendras-premium-300-g\/\",\"url\":\"https:\/\/pablogarrigos.com\/chocolates-y-fruites\/turron-de-chocolate-fondant-con-almendras-premium-300-g\/\",\"name\":\"Turr\u00f3n de Chocolate Fondant con Almendras Premium | Pablo Garrig\u00f3s Ib\u00e1\u00f1ez\",\"isPartOf\":{\"@id\":\"https:\/\/pablogarrigos.com\/#website\"},\"primaryImageOfPage\":{\"@id\":\"https:\/\/pablogarrigos.com\/chocolates-y-fruites\/turron-de-chocolate-fondant-con-almendras-premium-300-g\/#primaryimage\"},\"image\":{\"@id\":\"https:\/\/pablogarrigos.com\/chocolates-y-fruites\/turron-de-chocolate-fondant-con-almendras-premium-300-g\/#primaryimage\"},\"thumbnailUrl\":\"https:\/\/pablogarrigos.com\/wp-content\/uploads\/2024\/02\/turron-de-chocolate-fondant-con-almendras-premium-300g.jpg\",\"datePublished\":\"2024-02-20T14:05:23+00:00\",\"dateModified\":\"2025-11-13T10:36:51+00:00\",\"description\":\"Disfruta del Turr\u00f3n de Chocolate Fondant con Almendras Premium de Pablo Garrig\u00f3s Ib\u00e1\u00f1ez. Almendras Marcona y chocolate fondant se unen en una delicia gourmet \u00fanica.\",\"breadcrumb\":{\"@id\":\"https:\/\/pablogarrigos.com\/chocolates-y-fruites\/turron-de-chocolate-fondant-con-almendras-premium-300-g\/#breadcrumb\"},\"inLanguage\":\"it-IT\",\"potentialAction\":[{\"@type\":\"ReadAction\",\"target\":[\"https:\/\/pablogarrigos.com\/chocolates-y-fruites\/turron-de-chocolate-fondant-con-almendras-premium-300-g\/\"]}]},{\"@type\":\"ImageObject\",\"inLanguage\":\"it-IT\",\"@id\":\"https:\/\/pablogarrigos.com\/chocolates-y-fruites\/turron-de-chocolate-fondant-con-almendras-premium-300-g\/#primaryimage\",\"url\":\"https:\/\/pablogarrigos.com\/wp-content\/uploads\/2024\/02\/turron-de-chocolate-fondant-con-almendras-premium-300g.jpg\",\"contentUrl\":\"https:\/\/pablogarrigos.com\/wp-content\/uploads\/2024\/02\/turron-de-chocolate-fondant-con-almendras-premium-300g.jpg\",\"width\":600,\"height\":600},{\"@type\":\"BreadcrumbList\",\"@id\":\"https:\/\/pablogarrigos.com\/chocolates-y-fruites\/turron-de-chocolate-fondant-con-almendras-premium-300-g\/#breadcrumb\",\"itemListElement\":[{\"@type\":\"ListItem\",\"position\":1,\"name\":\"Home\",\"item\":\"https:\/\/pablogarrigos.com\/en\/\"},{\"@type\":\"ListItem\",\"position\":2,\"name\":\"Tienda\",\"item\":\"https:\/\/pablogarrigos.com\/en\/tienda\/\"},{\"@type\":\"ListItem\",\"position\":3,\"name\":\"Turr\u00f3n de Chocolate Fondant con Almendras Premium 300g\"}]},{\"@type\":\"WebSite\",\"@id\":\"https:\/\/pablogarrigos.com\/#website\",\"url\":\"https:\/\/pablogarrigos.com\/\",\"name\":\"Pablo Garrig\u00f3s Iba\u00f1ez\",\"description\":\"El Sentido del Gusto\",\"publisher\":{\"@id\":\"https:\/\/pablogarrigos.com\/#organization\"},\"potentialAction\":[{\"@type\":\"SearchAction\",\"target\":{\"@type\":\"EntryPoint\",\"urlTemplate\":\"https:\/\/pablogarrigos.com\/?s={search_term_string}\"},\"query-input\":{\"@type\":\"PropertyValueSpecification\",\"valueRequired\":true,\"valueName\":\"search_term_string\"}}],\"inLanguage\":\"it-IT\"},{\"@type\":\"Organization\",\"@id\":\"https:\/\/pablogarrigos.com\/#organization\",\"name\":\"Pablo Garrig\u00f3s Iba\u00f1ez\",\"url\":\"https:\/\/pablogarrigos.com\/\",\"logo\":{\"@type\":\"ImageObject\",\"inLanguage\":\"it-IT\",\"@id\":\"https:\/\/pablogarrigos.com\/#\/schema\/logo\/image\/\",\"url\":\"https:\/\/pablogarrigos.com\/wp-content\/uploads\/2024\/02\/logo-pablogarrigos.png\",\"contentUrl\":\"https:\/\/pablogarrigos.com\/wp-content\/uploads\/2024\/02\/logo-pablogarrigos.png\",\"width\":1247,\"height\":480,\"caption\":\"Pablo Garrig\u00f3s Iba\u00f1ez\"},\"image\":{\"@id\":\"https:\/\/pablogarrigos.com\/#\/schema\/logo\/image\/\"}}]}<\/script>\n<!-- \/ Yoast SEO plugin. -->","yoast_head_json":{"title":"Torrone fondente al cioccolato con mandorle pregiate | Pablo Garrig\u00f3s Ib\u00e1\u00f1ez","description":"Godetevi il Torrone Fondente al Cioccolato con Mandorle Premium di Pablo Garrig\u00f3s Ib\u00e1\u00f1ez. Le mandorle Marcona e il cioccolato fondente si uniscono in una delizia gastronomica unica.","robots":{"index":"index","follow":"follow","max-snippet":"max-snippet:-1","max-image-preview":"max-image-preview:large","max-video-preview":"max-video-preview:-1"},"canonical":"https:\/\/pablogarrigos.com\/it\/chocolates-y-fruites\/turron-de-chocolate-fondant-con-almendras-premium-300-g\/","og_locale":"it_IT","og_type":"article","og_title":"Turr\u00f3n de Chocolate Fondant con Almendras Premium | Pablo Garrig\u00f3s Ib\u00e1\u00f1ez","og_description":"Disfruta del Turr\u00f3n de Chocolate Fondant con Almendras Premium de Pablo Garrig\u00f3s Ib\u00e1\u00f1ez. Almendras Marcona y chocolate fondant se unen en una delicia gourmet \u00fanica.","og_url":"https:\/\/pablogarrigos.com\/it\/chocolates-y-fruites\/turron-de-chocolate-fondant-con-almendras-premium-300-g\/","og_site_name":"Pablo Garrig\u00f3s Iba\u00f1ez","article_modified_time":"2025-11-13T10:36:51+00:00","og_image":[{"width":600,"height":600,"url":"https:\/\/pablogarrigos.com\/wp-content\/uploads\/2024\/02\/turron-de-chocolate-fondant-con-almendras-premium-300g.jpg","type":"image\/jpeg"}],"twitter_card":"summary_large_image","twitter_misc":{"Tempo di lettura stimato":"1 minuto"},"schema":{"@context":"https:\/\/schema.org","@graph":[{"@type":"WebPage","@id":"https:\/\/pablogarrigos.com\/chocolates-y-fruites\/turron-de-chocolate-fondant-con-almendras-premium-300-g\/","url":"https:\/\/pablogarrigos.com\/chocolates-y-fruites\/turron-de-chocolate-fondant-con-almendras-premium-300-g\/","name":"Torrone fondente al cioccolato con mandorle pregiate | Pablo Garrig\u00f3s Ib\u00e1\u00f1ez","isPartOf":{"@id":"https:\/\/pablogarrigos.com\/#website"},"primaryImageOfPage":{"@id":"https:\/\/pablogarrigos.com\/chocolates-y-fruites\/turron-de-chocolate-fondant-con-almendras-premium-300-g\/#primaryimage"},"image":{"@id":"https:\/\/pablogarrigos.com\/chocolates-y-fruites\/turron-de-chocolate-fondant-con-almendras-premium-300-g\/#primaryimage"},"thumbnailUrl":"https:\/\/pablogarrigos.com\/wp-content\/uploads\/2024\/02\/turron-de-chocolate-fondant-con-almendras-premium-300g.jpg","datePublished":"2024-02-20T14:05:23+00:00","dateModified":"2025-11-13T10:36:51+00:00","description":"Godetevi il Torrone Fondente al Cioccolato con Mandorle Premium di Pablo Garrig\u00f3s Ib\u00e1\u00f1ez. Le mandorle Marcona e il cioccolato fondente si uniscono in una delizia gastronomica unica.","breadcrumb":{"@id":"https:\/\/pablogarrigos.com\/chocolates-y-fruites\/turron-de-chocolate-fondant-con-almendras-premium-300-g\/#breadcrumb"},"inLanguage":"it-IT","potentialAction":[{"@type":"ReadAction","target":["https:\/\/pablogarrigos.com\/chocolates-y-fruites\/turron-de-chocolate-fondant-con-almendras-premium-300-g\/"]}]},{"@type":"ImageObject","inLanguage":"it-IT","@id":"https:\/\/pablogarrigos.com\/chocolates-y-fruites\/turron-de-chocolate-fondant-con-almendras-premium-300-g\/#primaryimage","url":"https:\/\/pablogarrigos.com\/wp-content\/uploads\/2024\/02\/turron-de-chocolate-fondant-con-almendras-premium-300g.jpg","contentUrl":"https:\/\/pablogarrigos.com\/wp-content\/uploads\/2024\/02\/turron-de-chocolate-fondant-con-almendras-premium-300g.jpg","width":600,"height":600},{"@type":"BreadcrumbList","@id":"https:\/\/pablogarrigos.com\/chocolates-y-fruites\/turron-de-chocolate-fondant-con-almendras-premium-300-g\/#breadcrumb","itemListElement":[{"@type":"ListItem","position":1,"name":"Home","item":"https:\/\/pablogarrigos.com\/en\/"},{"@type":"ListItem","position":2,"name":"Tienda","item":"https:\/\/pablogarrigos.com\/en\/tienda\/"},{"@type":"ListItem","position":3,"name":"Turr\u00f3n de Chocolate Fondant con Almendras Premium 300g"}]},{"@type":"WebSite","@id":"https:\/\/pablogarrigos.com\/#website","url":"https:\/\/pablogarrigos.com\/","name":"Pablo Garrig\u00f3s Iba\u00f1ez","description":"Il senso del gusto","publisher":{"@id":"https:\/\/pablogarrigos.com\/#organization"},"potentialAction":[{"@type":"SearchAction","target":{"@type":"EntryPoint","urlTemplate":"https:\/\/pablogarrigos.com\/?s={search_term_string}"},"query-input":{"@type":"PropertyValueSpecification","valueRequired":true,"valueName":"search_term_string"}}],"inLanguage":"it-IT"},{"@type":"Organization","@id":"https:\/\/pablogarrigos.com\/#organization","name":"Pablo Garrig\u00f3s Iba\u00f1ez","url":"https:\/\/pablogarrigos.com\/","logo":{"@type":"ImageObject","inLanguage":"it-IT","@id":"https:\/\/pablogarrigos.com\/#\/schema\/logo\/image\/","url":"https:\/\/pablogarrigos.com\/wp-content\/uploads\/2024\/02\/logo-pablogarrigos.png","contentUrl":"https:\/\/pablogarrigos.com\/wp-content\/uploads\/2024\/02\/logo-pablogarrigos.png","width":1247,"height":480,"caption":"Pablo Garrig\u00f3s Iba\u00f1ez"},"image":{"@id":"https:\/\/pablogarrigos.com\/#\/schema\/logo\/image\/"}}]}},"_links":{"self":[{"href":"https:\/\/pablogarrigos.com\/it\/wp-json\/wp\/v2\/product\/315","targetHints":{"allow":["GET"]}}],"collection":[{"href":"https:\/\/pablogarrigos.com\/it\/wp-json\/wp\/v2\/product"}],"about":[{"href":"https:\/\/pablogarrigos.com\/it\/wp-json\/wp\/v2\/types\/product"}],"wp:featuredmedia":[{"embeddable":true,"href":"https:\/\/pablogarrigos.com\/it\/wp-json\/wp\/v2\/media\/316"}],"wp:attachment":[{"href":"https:\/\/pablogarrigos.com\/it\/wp-json\/wp\/v2\/media?parent=315"}],"wp:term":[{"taxonomy":"product_brand","embeddable":true,"href":"https:\/\/pablogarrigos.com\/it\/wp-json\/wp\/v2\/product_brand?post=315"},{"taxonomy":"product_cat","embeddable":true,"href":"https:\/\/pablogarrigos.com\/it\/wp-json\/wp\/v2\/product_cat?post=315"},{"taxonomy":"product_tag","embeddable":true,"href":"https:\/\/pablogarrigos.com\/it\/wp-json\/wp\/v2\/product_tag?post=315"}],"curies":[{"name":"wp","href":"https:\/\/api.w.org\/{rel}","templated":true}]}}