{"id":623,"date":"2024-02-23T20:31:42","date_gmt":"2024-02-23T19:31:42","guid":{"rendered":"https:\/\/pablogarrigos.com\/?page_id=623"},"modified":"2024-03-03T09:49:53","modified_gmt":"2024-03-03T08:49:53","slug":"condiciones-uso","status":"publish","type":"page","link":"https:\/\/pablogarrigos.com\/it\/condiciones-uso\/","title":{"rendered":"Condizioni di utilizzo"},"content":{"rendered":"<div data-elementor-type=\"wp-page\" data-elementor-id=\"623\" class=\"elementor elementor-623\" data-elementor-post-type=\"page\">\n\t\t\t\t<div class=\"elementor-element elementor-element-8289ed9 e-flex e-con-boxed e-con e-parent\" data-id=\"8289ed9\" data-element_type=\"container\" data-e-type=\"container\" data-settings=\"{&quot;background_background&quot;:&quot;classic&quot;}\">\n\t\t\t\t\t<div class=\"e-con-inner\">\n\t\t\t\t<div class=\"elementor-element elementor-element-5cedba8a elementor-widget elementor-widget-heading\" data-id=\"5cedba8a\" data-element_type=\"widget\" data-e-type=\"widget\" data-widget_type=\"heading.default\">\n\t\t\t\t<div class=\"elementor-widget-container\">\n\t\t\t\t\t<h1 class=\"elementor-heading-title elementor-size-default\">Condizioni di utilizzo<\/h1>\t\t\t\t<\/div>\n\t\t\t\t<\/div>\n\t\t\t\t\t<\/div>\n\t\t\t\t<\/div>\n\t\t<div class=\"elementor-element elementor-element-5d0077f e-flex e-con-boxed e-con e-parent\" data-id=\"5d0077f\" data-element_type=\"container\" data-e-type=\"container\">\n\t\t\t\t\t<div class=\"e-con-inner\">\n\t\t\t\t<div class=\"elementor-element elementor-element-378e617 elementor-widget elementor-widget-text-editor\" data-id=\"378e617\" data-element_type=\"widget\" data-e-type=\"widget\" data-widget_type=\"text-editor.default\">\n\t\t\t\t<div class=\"elementor-widget-container\">\n\t\t\t\t\t\t\t\t\t<p><strong>1.- Informazioni generali.<\/strong><\/p><p>1.-Le presenti condizioni generali di contratto, regolano l'uso e le condizioni di accesso del sito web http:\/\/www.buyturronpablogarrigos.com, d'ora in poi il portale, pagina web di propriet\u00e0 di Pablo Garrig\u00f3s Ib\u00e1\u00f1ez, S.L con CIF B-58756271.<\/p><p>1.2.- Utilizzando o accedendo al portale, si acquisisce la condizione di Utente, che implica che l'utente riconosce di aver letto e compreso le presenti condizioni legali di utilizzo e si impegna a rispettarle nella loro interezza.<br \/>1.3.- Le presenti Condizioni Generali potranno essere modificate, da Pablo Garrig\u00f3s Ib\u00e1\u00f1ez, S.L., in qualsiasi momento e senza preavviso, mediante la pubblicazione delle suddette modifiche nel Portale affinch\u00e9 siano conosciute dagli Utenti sempre prima della visita al Portale o dell'acquisto di qualsiasi bene offerto nello stesso.<\/p><p><strong>2.- Propriet\u00e0:<\/strong><\/p><p>In conformit\u00e0 con le disposizioni della Legge 34\/2002, dell'11 luglio, sui Servizi della Societ\u00e0 dell'Informazione e del Commercio Elettronico, e con le altre leggi applicabili, vi informiamo che il sito web http:\/\/www.buyturronpablogarrigos.com, \u00e8 di propriet\u00e0 della societ\u00e0 Pablo Garrig\u00f3s Ib\u00e1\u00f1ez, S.L con CIF B-58756271, con indirizzo in Ctra. 800, Km 14,3, 03100, Jijona, Alicante, Spagna, di seguito Pablo Garrig\u00f3s Ib\u00e1\u00f1ez.<\/p><p>2.2.- \u00c8 possibile contattare Pablo Garrig\u00f3s Ib\u00e1\u00f1ez, S.L. al numero di telefono (0034) 965 61 28 11 o all'indirizzo e-mail ventas@pablogarrigos.com.<\/p><p>2.3.- Le comunicazioni con Pablo Garrig\u00f3s Ib\u00e1\u00f1ez, S.L. possono essere effettuate per posta ordinaria all'indirizzo fisico, o per e-mail. L'azienda contatter\u00e0 l'utente via e-mail, all'indirizzo in suo possesso e fornito a questo proposito.<\/p><p><strong>3. Funzionamento del portale.<\/strong><\/p><p>Pablo Garrig\u00f3s Ib\u00e1\u00f1ez, S.L. si riserva, in qualsiasi momento, il diritto di modificare unilateralmente, senza previa notifica ai propri utenti, i contenuti, la struttura, il funzionamento o le condizioni di accesso allo stesso.<\/p><p>3.2.- Pablo Garrig\u00f3s Ib\u00e1\u00f1ez, S.L. si riserva il diritto di sospendere temporaneamente, senza preavviso, l'accesso a questo sito per effettuare operazioni di manutenzione, aggiornamento, miglioramento o riparazione.<\/p><p><strong>4.- Sistema di acquisto.<\/strong><\/p><p>4.1.- I prodotti offerti sul Portale, insieme alle loro caratteristiche e ai loro prezzi, appariranno sullo schermo. Sullo schermo appariranno anche le spese di spedizione dei prodotti all'indirizzo dell'Utente, che saranno sempre a carico dell'acquirente. I prezzi indicati sullo schermo sono espressi in euro e sono comprensivi di IVA. L'importo totale delle spese di spedizione sar\u00e0 indicato prima della conferma dell'ordine.<br \/>Le tariffe sono visualizzate automaticamente in base alla zona selezionata e possono variare in base alle tariffe di trasporto applicabili. Per i Paesi non appartenenti all'Unione Europea, il prezzo non include le tasse nazionali o i dazi di importazione.<\/p><p>Pablo Garrig\u00f3s Ib\u00e1\u00f1ez, S.L. si riserva il diritto di decidere, in qualsiasi momento, i prodotti che sono inclusi e offerti agli utenti attraverso il portale, e pu\u00f2 in qualsiasi momento introdurre nuovi prodotti e pubblicare nuove offerte. Inoltre, Pablo Garrig\u00f3s Ib\u00e1\u00f1ez, S.L. si riserva il diritto di interrompere l'accesso, in qualsiasi momento e senza preavviso, a uno qualsiasi dei prodotti offerti sul Portale, cos\u00ec come si riserva il diritto di annullare gli ordini unilateralmente, senza alcuna rivendicazione da parte dell'utente.<\/p><p>4.2.- Per l'acquisto dei prodotti offerti nel portale, Pablo Garrig\u00f3s Ib\u00e1\u00f1ez, S.L. sar\u00e0 necessario che l'utente sia maggiore di diciotto (18) anni, e dovr\u00e0 seguire le istruzioni che vengono mostrate nello schermo, e di accettare l'acquisto attraverso l'adempimento degli stessi, che suppone a sua volta la lettura e l'accettazione irrevocabile di tutte le presenti Condizioni Generali di Contratto e di utilizzo del portale.<\/p><p>L'utente sfoglia le diverse sezioni e seleziona il prodotto o i prodotti che desidera acquistare facendo clic sul link \"Aggiungi al carrello\". I prodotti selezionati vengono accumulati nel cosiddetto \"carrello\".<\/p><p>In qualsiasi momento, una volta scelti tutti i prodotti e per completare il processo di acquisto, l'Utente dovr\u00e0 cliccare sul link \"Carrello\" ed essere reindirizzato a una nuova schermata in cui verranno mostrati i passi successivi del processo di acquisto:<\/p><p>Riepilogo dell'acquisto: viene visualizzato un elenco con una breve descrizione del prodotto, la quantit\u00e0 e il prezzo, con la possibilit\u00e0 di aggiungere o togliere dall'elenco, e l'importo delle spese di spedizione, e si deve cliccare sul link \"avanti\" per continuare il processo.<\/p><p>Registrazione: all'acquirente verr\u00e0 chiesto di registrarsi come utente o di accedere come utente registrato.<\/p><p>NUOVO UTENTE:<\/p><p>Per registrarsi come nuovo utente, \u00e8 necessario fornire le seguenti informazioni: nome, cognome, e-mail, data di nascita e assegnare una password al proprio account utente. \u00c8 inoltre necessario verificare di aver letto la clausola sulla protezione dei dati e cliccare sul link \"Registrati\".<\/p><p>Vi verr\u00e0 chiesto di compilare un modulo per aggiungere il vostro indirizzo (i prodotti non verranno consegnati alle caselle postali). \u00c8 necessario inserire le seguenti informazioni: indirizzo completo, codice postale, citt\u00e0, paese, numero di telefono di contatto e nome dell'indirizzo, quindi fare clic sul link \"Avanti\".<\/p><p>Dopo questa fase, il processo di registrazione continuer\u00e0 come per gli Utenti registrati.<\/p><p>Il nome utente e la password forniti a Pablo Garrig\u00f3s Ib\u00e1\u00f1ez, S.L. dagli utenti che si registrano sono elementi identificativi e abilitanti per accedere ed effettuare acquisti e sono personali e non trasferibili. Pablo Garrig\u00f3s Ib\u00e1\u00f1ez, S.L. sar\u00e0 in grado di effettuare, con il preavviso adeguato, modifiche nel nome dell'utente e \/ o password, nel qual caso le chiavi modificate perder\u00e0 la sua validit\u00e0.<\/p><p>UTENTI REGISTRATI<\/p><p>Indirizzo di consegna e di fatturazione:<\/p><p>L'Utente dovr\u00e0 indicare l'indirizzo di consegna dell'ordine e dovr\u00e0 selezionare se \"utilizzare lo stesso indirizzo per la fatturazione\".<\/p><p>Se non viene selezionato lo stesso indirizzo di fatturazione, l'utente deve inserire un nuovo indirizzo a cui verr\u00e0 inviata la fattura di acquisto.<\/p><p>Se l'indirizzo salvato nel profilo dell'Utente non \u00e8 quello a cui inviare l'acquisto, l'Utente pu\u00f2 inserire un nuovo indirizzo che verr\u00e0 memorizzato nel profilo dell'Utente e a cui dovr\u00e0 essere dato un nome.<\/p><p>Una volta scelto l'indirizzo di consegna per l'ordine e la fattura, cliccate sul link \"Avanti\".<\/p><p>Trasporto. L'Utente deve selezionare la modalit\u00e0 di trasporto o il ritiro presso il negozio.<\/p><p>In questa fase, l'Utente deve anche spuntare la casella \"Ho letto le condizioni generali di vendita e le accetto senza riserve\". Quindi fare clic sul link \"Avanti\".<\/p><p>Pagamento.<\/p><p>L'Utente deve decidere se vuole effettuare il pagamento tramite:<\/p><p>- Bonifico bancario<\/p><p>- Paypal<\/p><p>4.3. L'acquisto si intende effettuato all'indirizzo di Pablo Garrig\u00f3s Ib\u00e1\u00f1ez, S.L., situato in Ctra. 800, Km 14,3, 03100, Jijona, Alicante, Spagna.<\/p><p>4.4 Una volta effettuato l'acquisto e nel pi\u00f9 breve tempo possibile, all'utente verr\u00e0 inviata una e-mail di conferma dell'acquisto effettuato. In caso di mancata ricezione della suddetta comunicazione, il cliente dovr\u00e0 mettersi in contatto con Pablo Garrig\u00f3s Ib\u00e1\u00f1ez, S.L. al numero di telefono (0034) 965 61 28 11, o attraverso l'e-mail ventas@pablogarrigos.com, per la conferma del suo ordine.<\/p><p>4.5 Il Servizio Fatturazione invier\u00e0, entro 30 giorni dall'acquisto, la relativa fattura all'indirizzo selezionato nel processo di acquisto. La conferma ricevuta via e-mail non sar\u00e0 in ogni caso valida come fattura.<\/p><p><strong>5. Modalit\u00e0 di pagamento e consegna degli ordini.<\/strong><\/p><p>Il pagamento del prezzo della merce acquistata e delle spese di spedizione, che verranno visualizzate sullo schermo, pu\u00f2 essere effettuato con i seguenti metodi di pagamento:<\/p><p>5.1.- Bonifico bancario.<\/p><p>\u00c8 necessario indicare nella concezione della stessa, il numero d'ordine, contenuto nella ricevuta d'acquisto inviata via e-mail. Inoltre, dovr\u00e0 essere inserito anche il nome e cognome del cliente.<\/p><p>Il bonifico deve essere effettuato entro tre giorni dall'ordine. In caso contrario, l'acquisto si intender\u00e0 annullato e l'ordine verr\u00e0 cancellato.<\/p><p>Il bonifico deve essere effettuato sul conto corrente bancario di cui \u00e8 titolare Pablo Garrigos Iba\u00f1ez, S.L., e che vi sar\u00e0 comunicato nella ricevuta di acquisto inviata per e-mail.<\/p><p>L'ordine sar\u00e0 considerato effettivo solo dopo l'invio della ricevuta del bonifico via fax e l'effettiva conferma da parte della nostra banca dell'avvenuto pagamento.<\/p><p>Il pagamento deve essere effettuato in euro (\u20ac) e le eventuali commissioni applicate dalle banche per il pagamento con questo metodo sono a carico dell'acquirente.<\/p><p>I tempi di consegna degli ordini saranno maggiorati del tempo necessario per ricevere la conferma del pagamento dell'ordine.<\/p><p><strong>5.2 Paypal (non disponibile)<\/strong><\/p><p><strong>6.-Politiche di cambio e restituzione<\/strong><\/p><p>I cambi e le restituzioni di prodotti acquistati su http:\/\/buyturronpablogarrigos.com devono rispettare i seguenti requisiti:<\/p><p>- Il termine massimo per la richiesta di rimborso \u00e8 di 15 (quindici) giorni di calendario dal ricevimento dell'ordine da parte del cliente.<\/p><p>- Per avviare il processo di cambio o restituzione il cliente deve inviare un'e-mail a Pablo Garrig\u00f3s Ib\u00e1\u00f1ez, S.L (info@buypablogarrigos.com) indicando, in caso di restituzione, il motivo della restituzione e un codice di conto corrente sul quale possiamo effettuare un bonifico a favore del cliente. Se il cliente richiede il cambio di un articolo con un altro, \u00e8 necessario specificare qual \u00e8 l'articolo di cui si vuole richiedere il cambio e quale l'articolo che si vuole ricevere.<\/p><p>- L'indirizzo a cui spedire il prodotto \u00e8 il seguente:<\/p><p>Pablo Garrig\u00f3s Ib\u00e1\u00f1ez, S.L.<br \/>Reparto vendite online<br \/>Ctra. 800, Km 14,3, 03100, Jijona, Alicante, Spagna<\/p><p>- Qualsiasi prodotto che il cliente desideri cambiare o restituire deve sempre essere realizzato con l'imballaggio e l'etichettatura originali e intatti, convenientemente imballato nella sua scatola originale e adeguatamente protetto. L'articolo da restituire deve essere nelle stesse condizioni in cui \u00e8 stato ricevuto, che saranno determinate da Pablo Garrig\u00f3s Ib\u00e1\u00f1ez, S.L..<\/p><p>- Non si accettano cambi o rimborsi per articoli personalizzati e per quei prodotti che richiedono modifiche per la loro vendita.<\/p><p>- Non saranno accettati cambi o restituzioni di prodotti alimentari non sigillati o aperti, tranne in caso di cattivo stato o di scadenza del prodotto.<\/p><p>- Se l'ordine \u00e8 stato rispedito all'origine perch\u00e9 la societ\u00e0 di trasporto non ha potuto consegnare la merce al destinatario, Pablo Garrig\u00f3s Ib\u00e1\u00f1ez, S.L. non si far\u00e0 carico delle spese di rispedizione.<\/p><p>-In caso di restituzione sar\u00e0 il cliente a farsi carico di tutte le spese di spedizione derivanti dalla restituzione. Per effettuare la restituzione il cliente deve inviare il prodotto a Pablo Garrig\u00f3s Ib\u00e1\u00f1ez, S.L., all'indirizzo indicato alla fine di questo punto. Dopo aver ricevuto il pacchetto, il buono stato del prodotto sar\u00e0 confermato e il denaro sar\u00e0 rimborsato in caso di ritorno nel termine dei seguenti 15 (quindici) giorni lavorativi al suo ricevimento. Il denaro per il rimborso sar\u00e0 versato al cliente tramite bonifico bancario sul numero di conto del cliente.<\/p><p>In caso di cambiamento il cliente risponder\u00e0 del costo di spedizione del prodotto per cambiare alla direzione di Pablo Garrig\u00f3s Ib\u00e1\u00f1ez, S.L. e alla spedizione successiva del cambiamento.<\/p><p><strong>Protezione dei dati e propriet\u00e0 intellettuale<\/strong><\/p><p>L'accesso al presente sito web \u00e8 subordinato alla preventiva lettura e accettazione da parte di qualsiasi utente dei termini, delle condizioni, delle comunicazioni, delle avvertenze e degli altri avvisi legali contenuti nel documento: Avviso Legale a cui si pu\u00f2 accedere dalla home page di www.pablogarrigos.com attraverso la seguente sezione: Avviso Legale. (LINK AVVISO LEGALE)<\/p><p>L'Avviso legale illustra la politica di protezione dei dati e la politica di propriet\u00e0 intellettuale relativa al portale www.pablogarrigos.com e www.buyturronpablogarrigos.com.<\/p><p><strong>8.- Comunicazioni<\/strong><\/p><p>Ai fini delle presenti Condizioni Generali e per qualsiasi comunicazione che si renda necessaria tra Pablo Garrig\u00f3s Ib\u00e1\u00f1ez, S.L. e l'Utente, quest'ultimo dovr\u00e0 contattare il Servizio Clienti via e-mail (inviando un messaggio a info@buyturronpablogarrigos.com).<\/p><p>Le comunicazioni di Pablo Garrig\u00f3s Ib\u00e1\u00f1ez, S.L. all'Utente saranno effettuate in base ai dati forniti dall'Utente al momento della registrazione sul portale.<\/p><p><strong>9.- Legislazione applicabile.<\/strong><\/p><p>Il presente contratto \u00e8 disciplinato dalla legge spagnola, che sar\u00e0 applicabile a tutte le questioni non previste dal presente contratto in materia di interpretazione, validit\u00e0 ed esecuzione.<\/p><p>Le parti, rinunciando espressamente a qualsiasi altra giurisdizione che possa corrispondere loro, sottopongono la decisione della questione sollevata alle Corti e ai Tribunali di Alicante, rinunciando espressamente alla propria giurisdizione, se altra.<\/p>\t\t\t\t\t\t\t\t<\/div>\n\t\t\t\t<\/div>\n\t\t\t\t\t<\/div>\n\t\t\t\t<\/div>\n\t\t\t\t<\/div>","protected":false},"excerpt":{"rendered":"<p>Condiciones de Uso 1.- Informaci\u00f3n General. 1.-Las presentes condiciones generales de contrataci\u00f3n, regulan el uso y las condiciones de acceso del sitio web http:\/\/www.buyturronpablogarrigos.com, en adelante el portal, pagina web propiedad de Pablo Garrig\u00f3s Ib\u00e1\u00f1ez, S.L con CIF B-58756271. 1.2.- Por el uso o acceso a el portal se adquiere la condici\u00f3n de Usuario, e [&hellip;]<\/p>\n","protected":false},"author":2,"featured_media":0,"parent":0,"menu_order":94,"comment_status":"closed","ping_status":"closed","template":"","meta":{"_acf_changed":false,"inline_featured_image":false,"footnotes":""},"class_list":["post-623","page","type-page","status-publish","hentry"],"acf":[],"yoast_head":"<!-- This site is optimized with the Yoast SEO plugin v27.4 - https:\/\/yoast.com\/product\/yoast-seo-wordpress\/ -->\n<title>Condiciones de Uso | Pablo Garrig\u00f3s Iba\u00f1ez<\/title>\n<meta name=\"robots\" content=\"index, follow, max-snippet:-1, max-image-preview:large, max-video-preview:-1\" \/>\n<link rel=\"canonical\" href=\"https:\/\/pablogarrigos.com\/it\/condiciones-uso\/\" \/>\n<meta property=\"og:locale\" content=\"it_IT\" \/>\n<meta property=\"og:type\" content=\"article\" \/>\n<meta property=\"og:title\" content=\"Condiciones de Uso | Pablo Garrig\u00f3s Iba\u00f1ez\" \/>\n<meta property=\"og:description\" content=\"Condiciones de Uso 1.- Informaci\u00f3n General. 1.-Las presentes condiciones generales de contrataci\u00f3n, regulan el uso y las condiciones de acceso del sitio web http:\/\/www.buyturronpablogarrigos.com, en adelante el portal, pagina web propiedad de Pablo Garrig\u00f3s Ib\u00e1\u00f1ez, S.L con CIF B-58756271. 1.2.- Por el uso o acceso a el portal se adquiere la condici\u00f3n de Usuario, e [&hellip;]\" \/>\n<meta property=\"og:url\" content=\"https:\/\/pablogarrigos.com\/it\/condiciones-uso\/\" \/>\n<meta property=\"og:site_name\" content=\"Pablo Garrig\u00f3s Iba\u00f1ez\" \/>\n<meta property=\"article:modified_time\" content=\"2024-03-03T08:49:53+00:00\" \/>\n<meta name=\"twitter:card\" content=\"summary_large_image\" \/>\n<script type=\"application\/ld+json\" class=\"yoast-schema-graph\">{\"@context\":\"https:\\\/\\\/schema.org\",\"@graph\":[{\"@type\":\"WebPage\",\"@id\":\"https:\\\/\\\/pablogarrigos.com\\\/condiciones-uso\\\/\",\"url\":\"https:\\\/\\\/pablogarrigos.com\\\/condiciones-uso\\\/\",\"name\":\"Condiciones de Uso | Pablo Garrig\u00f3s Iba\u00f1ez\",\"isPartOf\":{\"@id\":\"https:\\\/\\\/pablogarrigos.com\\\/#website\"},\"datePublished\":\"2024-02-23T19:31:42+00:00\",\"dateModified\":\"2024-03-03T08:49:53+00:00\",\"breadcrumb\":{\"@id\":\"https:\\\/\\\/pablogarrigos.com\\\/condiciones-uso\\\/#breadcrumb\"},\"inLanguage\":\"it-IT\",\"potentialAction\":[{\"@type\":\"ReadAction\",\"target\":[\"https:\\\/\\\/pablogarrigos.com\\\/condiciones-uso\\\/\"]}]},{\"@type\":\"BreadcrumbList\",\"@id\":\"https:\\\/\\\/pablogarrigos.com\\\/condiciones-uso\\\/#breadcrumb\",\"itemListElement\":[{\"@type\":\"ListItem\",\"position\":1,\"name\":\"Home\",\"item\":\"https:\\\/\\\/pablogarrigos.com\\\/en\\\/\"},{\"@type\":\"ListItem\",\"position\":2,\"name\":\"Condiciones de Uso\"}]},{\"@type\":\"WebSite\",\"@id\":\"https:\\\/\\\/pablogarrigos.com\\\/#website\",\"url\":\"https:\\\/\\\/pablogarrigos.com\\\/\",\"name\":\"Pablo Garrig\u00f3s Iba\u00f1ez\",\"description\":\"El Sentido del Gusto\",\"publisher\":{\"@id\":\"https:\\\/\\\/pablogarrigos.com\\\/#organization\"},\"potentialAction\":[{\"@type\":\"SearchAction\",\"target\":{\"@type\":\"EntryPoint\",\"urlTemplate\":\"https:\\\/\\\/pablogarrigos.com\\\/?s={search_term_string}\"},\"query-input\":{\"@type\":\"PropertyValueSpecification\",\"valueRequired\":true,\"valueName\":\"search_term_string\"}}],\"inLanguage\":\"it-IT\"},{\"@type\":\"Organization\",\"@id\":\"https:\\\/\\\/pablogarrigos.com\\\/#organization\",\"name\":\"Pablo Garrig\u00f3s Iba\u00f1ez\",\"url\":\"https:\\\/\\\/pablogarrigos.com\\\/\",\"logo\":{\"@type\":\"ImageObject\",\"inLanguage\":\"it-IT\",\"@id\":\"https:\\\/\\\/pablogarrigos.com\\\/#\\\/schema\\\/logo\\\/image\\\/\",\"url\":\"https:\\\/\\\/pablogarrigos.com\\\/wp-content\\\/uploads\\\/2024\\\/02\\\/logo-pablogarrigos.png\",\"contentUrl\":\"https:\\\/\\\/pablogarrigos.com\\\/wp-content\\\/uploads\\\/2024\\\/02\\\/logo-pablogarrigos.png\",\"width\":1247,\"height\":480,\"caption\":\"Pablo Garrig\u00f3s Iba\u00f1ez\"},\"image\":{\"@id\":\"https:\\\/\\\/pablogarrigos.com\\\/#\\\/schema\\\/logo\\\/image\\\/\"}}]}<\/script>\n<!-- \/ Yoast SEO plugin. -->","yoast_head_json":{"title":"Condizioni d'uso | Pablo Garrig\u00f3s Iba\u00f1ez","robots":{"index":"index","follow":"follow","max-snippet":"max-snippet:-1","max-image-preview":"max-image-preview:large","max-video-preview":"max-video-preview:-1"},"canonical":"https:\/\/pablogarrigos.com\/it\/condiciones-uso\/","og_locale":"it_IT","og_type":"article","og_title":"Condiciones de Uso | Pablo Garrig\u00f3s Iba\u00f1ez","og_description":"Condiciones de Uso 1.- Informaci\u00f3n General. 1.-Las presentes condiciones generales de contrataci\u00f3n, regulan el uso y las condiciones de acceso del sitio web http:\/\/www.buyturronpablogarrigos.com, en adelante el portal, pagina web propiedad de Pablo Garrig\u00f3s Ib\u00e1\u00f1ez, S.L con CIF B-58756271. 1.2.- Por el uso o acceso a el portal se adquiere la condici\u00f3n de Usuario, e [&hellip;]","og_url":"https:\/\/pablogarrigos.com\/it\/condiciones-uso\/","og_site_name":"Pablo Garrig\u00f3s Iba\u00f1ez","article_modified_time":"2024-03-03T08:49:53+00:00","twitter_card":"summary_large_image","schema":{"@context":"https:\/\/schema.org","@graph":[{"@type":"WebPage","@id":"https:\/\/pablogarrigos.com\/condiciones-uso\/","url":"https:\/\/pablogarrigos.com\/condiciones-uso\/","name":"Condizioni d'uso | Pablo Garrig\u00f3s Iba\u00f1ez","isPartOf":{"@id":"https:\/\/pablogarrigos.com\/#website"},"datePublished":"2024-02-23T19:31:42+00:00","dateModified":"2024-03-03T08:49:53+00:00","breadcrumb":{"@id":"https:\/\/pablogarrigos.com\/condiciones-uso\/#breadcrumb"},"inLanguage":"it-IT","potentialAction":[{"@type":"ReadAction","target":["https:\/\/pablogarrigos.com\/condiciones-uso\/"]}]},{"@type":"BreadcrumbList","@id":"https:\/\/pablogarrigos.com\/condiciones-uso\/#breadcrumb","itemListElement":[{"@type":"ListItem","position":1,"name":"Home","item":"https:\/\/pablogarrigos.com\/en\/"},{"@type":"ListItem","position":2,"name":"Condiciones de Uso"}]},{"@type":"WebSite","@id":"https:\/\/pablogarrigos.com\/#website","url":"https:\/\/pablogarrigos.com\/","name":"Pablo Garrig\u00f3s Iba\u00f1ez","description":"Il senso del gusto","publisher":{"@id":"https:\/\/pablogarrigos.com\/#organization"},"potentialAction":[{"@type":"SearchAction","target":{"@type":"EntryPoint","urlTemplate":"https:\/\/pablogarrigos.com\/?s={search_term_string}"},"query-input":{"@type":"PropertyValueSpecification","valueRequired":true,"valueName":"search_term_string"}}],"inLanguage":"it-IT"},{"@type":"Organization","@id":"https:\/\/pablogarrigos.com\/#organization","name":"Pablo Garrig\u00f3s Iba\u00f1ez","url":"https:\/\/pablogarrigos.com\/","logo":{"@type":"ImageObject","inLanguage":"it-IT","@id":"https:\/\/pablogarrigos.com\/#\/schema\/logo\/image\/","url":"https:\/\/pablogarrigos.com\/wp-content\/uploads\/2024\/02\/logo-pablogarrigos.png","contentUrl":"https:\/\/pablogarrigos.com\/wp-content\/uploads\/2024\/02\/logo-pablogarrigos.png","width":1247,"height":480,"caption":"Pablo Garrig\u00f3s Iba\u00f1ez"},"image":{"@id":"https:\/\/pablogarrigos.com\/#\/schema\/logo\/image\/"}}]}},"_links":{"self":[{"href":"https:\/\/pablogarrigos.com\/it\/wp-json\/wp\/v2\/pages\/623","targetHints":{"allow":["GET"]}}],"collection":[{"href":"https:\/\/pablogarrigos.com\/it\/wp-json\/wp\/v2\/pages"}],"about":[{"href":"https:\/\/pablogarrigos.com\/it\/wp-json\/wp\/v2\/types\/page"}],"author":[{"embeddable":true,"href":"https:\/\/pablogarrigos.com\/it\/wp-json\/wp\/v2\/users\/2"}],"replies":[{"embeddable":true,"href":"https:\/\/pablogarrigos.com\/it\/wp-json\/wp\/v2\/comments?post=623"}],"version-history":[{"count":10,"href":"https:\/\/pablogarrigos.com\/it\/wp-json\/wp\/v2\/pages\/623\/revisions"}],"predecessor-version":[{"id":1699,"href":"https:\/\/pablogarrigos.com\/it\/wp-json\/wp\/v2\/pages\/623\/revisions\/1699"}],"wp:attachment":[{"href":"https:\/\/pablogarrigos.com\/it\/wp-json\/wp\/v2\/media?parent=623"}],"curies":[{"name":"wp","href":"https:\/\/api.w.org\/{rel}","templated":true}]}}