{"id":621,"date":"2024-02-23T20:31:30","date_gmt":"2024-02-23T19:31:30","guid":{"rendered":"https:\/\/pablogarrigos.com\/?page_id=621"},"modified":"2024-03-03T09:49:47","modified_gmt":"2024-03-03T08:49:47","slug":"disclaimer","status":"publish","type":"page","link":"https:\/\/pablogarrigos.com\/it\/disclaimer\/","title":{"rendered":"Esclusione di responsabilit\u00e0"},"content":{"rendered":"<div data-elementor-type=\"wp-page\" data-elementor-id=\"621\" class=\"elementor elementor-621\" data-elementor-post-type=\"page\">\n\t\t\t\t<div class=\"elementor-element elementor-element-3956aa1 e-flex e-con-boxed e-con e-parent\" data-id=\"3956aa1\" data-element_type=\"container\" data-settings=\"{&quot;background_background&quot;:&quot;classic&quot;}\">\n\t\t\t\t\t<div class=\"e-con-inner\">\n\t\t\t\t<div class=\"elementor-element elementor-element-20288bb9 elementor-widget elementor-widget-heading\" data-id=\"20288bb9\" data-element_type=\"widget\" data-widget_type=\"heading.default\">\n\t\t\t\t<div class=\"elementor-widget-container\">\n\t\t\t\t\t<h1 class=\"elementor-heading-title elementor-size-default\">Esclusione di responsabilit\u00e0<\/h1>\t\t\t\t<\/div>\n\t\t\t\t<\/div>\n\t\t\t\t\t<\/div>\n\t\t\t\t<\/div>\n\t\t<div class=\"elementor-element elementor-element-2937a4ec e-flex e-con-boxed e-con e-parent\" data-id=\"2937a4ec\" data-element_type=\"container\">\n\t\t\t\t\t<div class=\"e-con-inner\">\n\t\t\t\t<div class=\"elementor-element elementor-element-4dcb01a0 elementor-widget elementor-widget-text-editor\" data-id=\"4dcb01a0\" data-element_type=\"widget\" data-widget_type=\"text-editor.default\">\n\t\t\t\t<div class=\"elementor-widget-container\">\n\t\t\t\t\t\t\t\t\t<p><strong>1.- Informazioni generali.<\/strong><\/p><p>1.1.- Il sito web https:\/\/www.pablogarrigos.com e il suo negozio on-line http:\/\/buyturronpablogarrigos.com sono di propriet\u00e0 della ditta Pablo Garrig\u00f3s Ib\u00e1\u00f1ez, S.L. con CIF B-58756271, con indirizzo in Ctra. 800, Km 14,3, 03100, Jijona, Alicante, Spagna. Telefono: (0034) 965 61 28 11. E-mail: info@pablogarrigos.com .<\/p><p>1.2.- \u00c8 possibile consultare le condizioni generali di contratto che regolano l'uso e le condizioni di accesso al negozio online di Pablo Garrigos Iba\u00f1ez S.L., ospitato sul sito http:\/\/buyturronpablogarrigos.com, attraverso il seguente link.<\/p><p>1.3.- Propriet\u00e0 intellettuale:<\/p><p>Il codice sorgente, i disegni grafici, le immagini, le fotografie, i suoni, le animazioni, il software, i testi, nonch\u00e9 le informazioni e i contenuti inclusi nel sito web di Pablo Garrig\u00f3s Ib\u00e1\u00f1ez, S.L. sono protetti dalla legislazione spagnola sui diritti di propriet\u00e0 intellettuale e industriale. sono protetti dalla legislazione spagnola sui diritti di propriet\u00e0 intellettuale e industriale a favore della ragione sociale dell'azienda e non \u00e8 consentita la riproduzione e\/o la pubblicazione, totale o parziale, del sito web, o la sua elaborazione informatica, distribuzione, diffusione, modifica, trasformazione o decompilazione, o qualsiasi altro diritto legalmente riconosciuto del proprietario, senza la previa autorizzazione scritta dell'azienda, Pablo Garrig\u00f3s Ib\u00e1\u00f1ez, S.L.<\/p><p>L'utente, solo ed esclusivamente, pu\u00f2 utilizzare il materiale che appare in questo sito web per uso personale e privato, essendo vietato il suo utilizzo con scopi commerciali o per incorrere in attivit\u00e0 illecite. Tutti i diritti di propriet\u00e0 intellettuale sono espressamente riservati a Pablo Garrig\u00f3s Ib\u00e1\u00f1ez.<br \/>Pablo Garrig\u00f3s Ib\u00e1\u00f1ez garantir\u00e0 il rispetto delle condizioni di cui sopra e l'uso corretto dei contenuti presentati sul proprio sito web, esercitando tutte le azioni civili e penali applicabili in caso di infrazione o violazione di tali diritti da parte dell'utente.<\/p><p><strong>1.4.- Conformit\u00e0 alla Legge Organica sulla Protezione dei Dati Personali (LOPD 15\/1999).<\/strong><\/p><p>Ai fini di quanto previsto dalla normativa vigente in materia di protezione dei dati personali, Pablo Garrigos Iba\u00f1ez, S.L. informa l'utente dell'esistenza di un archivio automatizzato di dati personali, creato e sotto la responsabilit\u00e0 di Pablo Garrigos Iba\u00f1ez, S.L., con lo scopo di effettuare la manutenzione e la gestione delle informazioni richieste, nonch\u00e9 delle informazioni fornite da Pablo Garrigos.<\/p><p>Vi informa inoltre della possibilit\u00e0 di esercitare i vostri diritti di accesso, rettifica, cancellazione e opposizione, e dell'obbligatoriet\u00e0 di rispondere ai dati personali richiesti in tutti i moduli.<\/p><p>Pablo Garrigos Iba\u00f1ez, S.L. si impegna a rispettare l'obbligo di mantenere la segretezza dei dati personali e il dovere di conservarli e adotter\u00e0 le misure necessarie per evitarne l'alterazione, la perdita, il trattamento o l'accesso non autorizzato, tenendo conto dello stato della tecnologia in ogni momento.<\/p><p>L'Utente acconsente espressamente al trasferimento di tali dati a societ\u00e0 con cui Pablo Garrigos Iba\u00f1ez, S.L. stipula accordi di collaborazione. Tale trasferimento potr\u00e0 essere effettuato solo al fine di realizzare le attivit\u00e0 di informazione, formazione e commercializzazione dei servizi di consulenza economica richiesti dall'Utente. Allo stesso modo, l'Utente autorizza, in conformit\u00e0 con la normativa vigente, il trattamento dei propri dati per finalit\u00e0 di promozione commerciale di Pablo Garrigos Iba\u00f1ez, S.L. Qualsiasi altro utilizzo dei dati personali contenuti nell'archivio richieder\u00e0 il consenso preventivo ed espresso dell'Utente.<\/p><p><strong>1.5.- Biscotti<\/strong><\/p><p>Pablo Garrig\u00f3s Ib\u00e1\u00f1ez, S.L. utilizza dei cookie che rimarranno memorizzati nel vostro computer. I cookie sono piccoli file che il nostro computer invia al vostro computer, ma che non ci forniscono informazioni sul vostro nome o altri dati personali. I cookie che utilizziamo non sono in grado di leggere i dati dal computer dell'utente n\u00e9 di leggere i cookie esistenti sul computer dell'utente.<\/p><p>Quando l'utente sta navigando le pagine web di Pablo Garrig\u00f3s Ib\u00e1\u00f1ez il server dove \u00e8 ospitato riconosce automaticamente l'indirizzo IP del computer, il giorno e l'ora in cui inizia la visita, che lascia la visita, cos\u00ec come le informazioni sulle diverse sezioni visitate. \u00c8 necessario che il server conosce questi dati per essere in grado di comunicare e inviare la richiesta fatta e che attraverso il browser pu\u00f2 essere visto sullo schermo.<\/p><p>Se lo desiderate, potete configurare il vostro browser in modo che vi avverta sullo schermo se state per ricevere un cookie. Potete configurare il vostro computer in modo da non ricevere questi cookie, ma questo non vi impedir\u00e0 di accedere alle informazioni sul sito web della societ\u00e0.<\/p><p><strong>1.6.-Modifica del contenuto del Web:<\/strong><\/p><p>Pablo Garrig\u00f3s Ib\u00e1\u00f1ez pu\u00f2 modificare, senza preavviso, le informazioni contenute nel suo sito web, cos\u00ec come la sua configurazione e presentazione.<\/p><p><strong>1.7.-Pubblicit\u00e0:<\/strong><\/p><p>Pablo Garrig\u00f3s Ib\u00e1\u00f1ez si impegna attraverso questo mezzo di comunicazione a non fare pubblicit\u00e0 ingannevole. A questi effetti, quindi, non saranno considerati come pubblicit\u00e0 ingannevole gli errori formali o numerici che si possono trovare in tutto il contenuto delle diverse sezioni del web di Pablo Garrig\u00f3s Ib\u00e1\u00f1ez, prodotto come conseguenza di una manutenzione incompleta o difettosa e \/ o aggiornamento delle informazioni.<\/p>\t\t\t\t\t\t\t\t<\/div>\n\t\t\t\t<\/div>\n\t\t\t\t\t<\/div>\n\t\t\t\t<\/div>\n\t\t\t\t<\/div>","protected":false},"excerpt":{"rendered":"<p>Disclaimer 1.- Informazioni generali. 1.1.- Il sito web https:\/\/www.pablogarrigos.com, e il suo negozio on-line http:\/\/buyturronpablogarrigos.com, sono di propriet\u00e0 del mercantile Pablo Garrig\u00f3s Ib\u00e1\u00f1ez, S.L con CIF B-58756271, con domicilio in Ctra. 800, Km 14,3, 03100, Jijona, Alicante, Spagna. Telefono: (0034) 965 61 28 11. E-mail: info@pablogarrigos.com. 1.2.- \u00c8 possibile consultare le condizioni generali di contratto che [...]<\/p>","protected":false},"author":2,"featured_media":0,"parent":0,"menu_order":93,"comment_status":"closed","ping_status":"closed","template":"","meta":{"_acf_changed":false,"inline_featured_image":false,"footnotes":""},"class_list":["post-621","page","type-page","status-publish","hentry"],"acf":[],"yoast_head":"<!-- This site is optimized with the Yoast SEO plugin v26.5 - https:\/\/yoast.com\/wordpress\/plugins\/seo\/ -->\n<title>Disclaimer | Pablo Garrig\u00f3s Iba\u00f1ez<\/title>\n<meta name=\"robots\" content=\"index, follow, max-snippet:-1, max-image-preview:large, max-video-preview:-1\" \/>\n<link rel=\"canonical\" href=\"https:\/\/pablogarrigos.com\/it\/disclaimer\/\" \/>\n<meta property=\"og:locale\" content=\"it_IT\" \/>\n<meta property=\"og:type\" content=\"article\" \/>\n<meta property=\"og:title\" content=\"Disclaimer | Pablo Garrig\u00f3s Iba\u00f1ez\" \/>\n<meta property=\"og:description\" content=\"Disclaimer 1.- Informaci\u00f3n General. 1.1.- El sitio web https:\/\/www.pablogarrigos.com, y su tienda on-line http:\/\/buyturronpablogarrigos.com, son propiedad de la mercantil Pablo Garrig\u00f3s Ib\u00e1\u00f1ez, S.L con CIF B-58756271, con domicilio en Ctra. 800, Km 14,3, 03100, Jijona, Alicante, Espa\u00f1a. Tel\u00e9fono: (0034) 965 61 28 11. E-mail: info@pablogarrigos.com . 1.2.- Puede consultar las condiciones generales de contrataci\u00f3n que [&hellip;]\" \/>\n<meta property=\"og:url\" content=\"https:\/\/pablogarrigos.com\/it\/disclaimer\/\" \/>\n<meta property=\"og:site_name\" content=\"Pablo Garrig\u00f3s Iba\u00f1ez\" \/>\n<meta property=\"article:modified_time\" content=\"2024-03-03T08:49:47+00:00\" \/>\n<meta name=\"twitter:card\" content=\"summary_large_image\" \/>\n<meta name=\"twitter:label1\" content=\"Tempo di lettura stimato\" \/>\n\t<meta name=\"twitter:data1\" content=\"4 minuti\" \/>\n<script type=\"application\/ld+json\" class=\"yoast-schema-graph\">{\"@context\":\"https:\/\/schema.org\",\"@graph\":[{\"@type\":\"WebPage\",\"@id\":\"https:\/\/pablogarrigos.com\/disclaimer\/\",\"url\":\"https:\/\/pablogarrigos.com\/disclaimer\/\",\"name\":\"Disclaimer | Pablo Garrig\u00f3s Iba\u00f1ez\",\"isPartOf\":{\"@id\":\"https:\/\/pablogarrigos.com\/#website\"},\"datePublished\":\"2024-02-23T19:31:30+00:00\",\"dateModified\":\"2024-03-03T08:49:47+00:00\",\"breadcrumb\":{\"@id\":\"https:\/\/pablogarrigos.com\/disclaimer\/#breadcrumb\"},\"inLanguage\":\"it-IT\",\"potentialAction\":[{\"@type\":\"ReadAction\",\"target\":[\"https:\/\/pablogarrigos.com\/disclaimer\/\"]}]},{\"@type\":\"BreadcrumbList\",\"@id\":\"https:\/\/pablogarrigos.com\/disclaimer\/#breadcrumb\",\"itemListElement\":[{\"@type\":\"ListItem\",\"position\":1,\"name\":\"Home\",\"item\":\"https:\/\/pablogarrigos.com\/en\/\"},{\"@type\":\"ListItem\",\"position\":2,\"name\":\"Disclaimer\"}]},{\"@type\":\"WebSite\",\"@id\":\"https:\/\/pablogarrigos.com\/#website\",\"url\":\"https:\/\/pablogarrigos.com\/\",\"name\":\"Pablo Garrig\u00f3s Iba\u00f1ez\",\"description\":\"El Sentido del Gusto\",\"publisher\":{\"@id\":\"https:\/\/pablogarrigos.com\/#organization\"},\"potentialAction\":[{\"@type\":\"SearchAction\",\"target\":{\"@type\":\"EntryPoint\",\"urlTemplate\":\"https:\/\/pablogarrigos.com\/?s={search_term_string}\"},\"query-input\":{\"@type\":\"PropertyValueSpecification\",\"valueRequired\":true,\"valueName\":\"search_term_string\"}}],\"inLanguage\":\"it-IT\"},{\"@type\":\"Organization\",\"@id\":\"https:\/\/pablogarrigos.com\/#organization\",\"name\":\"Pablo Garrig\u00f3s Iba\u00f1ez\",\"url\":\"https:\/\/pablogarrigos.com\/\",\"logo\":{\"@type\":\"ImageObject\",\"inLanguage\":\"it-IT\",\"@id\":\"https:\/\/pablogarrigos.com\/#\/schema\/logo\/image\/\",\"url\":\"https:\/\/pablogarrigos.com\/wp-content\/uploads\/2024\/02\/logo-pablogarrigos.png\",\"contentUrl\":\"https:\/\/pablogarrigos.com\/wp-content\/uploads\/2024\/02\/logo-pablogarrigos.png\",\"width\":1247,\"height\":480,\"caption\":\"Pablo Garrig\u00f3s Iba\u00f1ez\"},\"image\":{\"@id\":\"https:\/\/pablogarrigos.com\/#\/schema\/logo\/image\/\"}}]}<\/script>\n<!-- \/ Yoast SEO plugin. -->","yoast_head_json":{"title":"Disclaimer | Pablo Garrig\u00f3s Iba\u00f1ez","robots":{"index":"index","follow":"follow","max-snippet":"max-snippet:-1","max-image-preview":"max-image-preview:large","max-video-preview":"max-video-preview:-1"},"canonical":"https:\/\/pablogarrigos.com\/it\/disclaimer\/","og_locale":"it_IT","og_type":"article","og_title":"Disclaimer | Pablo Garrig\u00f3s Iba\u00f1ez","og_description":"Disclaimer 1.- Informaci\u00f3n General. 1.1.- El sitio web https:\/\/www.pablogarrigos.com, y su tienda on-line http:\/\/buyturronpablogarrigos.com, son propiedad de la mercantil Pablo Garrig\u00f3s Ib\u00e1\u00f1ez, S.L con CIF B-58756271, con domicilio en Ctra. 800, Km 14,3, 03100, Jijona, Alicante, Espa\u00f1a. Tel\u00e9fono: (0034) 965 61 28 11. E-mail: info@pablogarrigos.com . 1.2.- Puede consultar las condiciones generales de contrataci\u00f3n que [&hellip;]","og_url":"https:\/\/pablogarrigos.com\/it\/disclaimer\/","og_site_name":"Pablo Garrig\u00f3s Iba\u00f1ez","article_modified_time":"2024-03-03T08:49:47+00:00","twitter_card":"summary_large_image","twitter_misc":{"Tempo di lettura stimato":"4 minuti"},"schema":{"@context":"https:\/\/schema.org","@graph":[{"@type":"WebPage","@id":"https:\/\/pablogarrigos.com\/disclaimer\/","url":"https:\/\/pablogarrigos.com\/disclaimer\/","name":"Disclaimer | Pablo Garrig\u00f3s Iba\u00f1ez","isPartOf":{"@id":"https:\/\/pablogarrigos.com\/#website"},"datePublished":"2024-02-23T19:31:30+00:00","dateModified":"2024-03-03T08:49:47+00:00","breadcrumb":{"@id":"https:\/\/pablogarrigos.com\/disclaimer\/#breadcrumb"},"inLanguage":"it-IT","potentialAction":[{"@type":"ReadAction","target":["https:\/\/pablogarrigos.com\/disclaimer\/"]}]},{"@type":"BreadcrumbList","@id":"https:\/\/pablogarrigos.com\/disclaimer\/#breadcrumb","itemListElement":[{"@type":"ListItem","position":1,"name":"Home","item":"https:\/\/pablogarrigos.com\/en\/"},{"@type":"ListItem","position":2,"name":"Disclaimer"}]},{"@type":"WebSite","@id":"https:\/\/pablogarrigos.com\/#website","url":"https:\/\/pablogarrigos.com\/","name":"Pablo Garrig\u00f3s Iba\u00f1ez","description":"Il senso del gusto","publisher":{"@id":"https:\/\/pablogarrigos.com\/#organization"},"potentialAction":[{"@type":"SearchAction","target":{"@type":"EntryPoint","urlTemplate":"https:\/\/pablogarrigos.com\/?s={search_term_string}"},"query-input":{"@type":"PropertyValueSpecification","valueRequired":true,"valueName":"search_term_string"}}],"inLanguage":"it-IT"},{"@type":"Organization","@id":"https:\/\/pablogarrigos.com\/#organization","name":"Pablo Garrig\u00f3s Iba\u00f1ez","url":"https:\/\/pablogarrigos.com\/","logo":{"@type":"ImageObject","inLanguage":"it-IT","@id":"https:\/\/pablogarrigos.com\/#\/schema\/logo\/image\/","url":"https:\/\/pablogarrigos.com\/wp-content\/uploads\/2024\/02\/logo-pablogarrigos.png","contentUrl":"https:\/\/pablogarrigos.com\/wp-content\/uploads\/2024\/02\/logo-pablogarrigos.png","width":1247,"height":480,"caption":"Pablo Garrig\u00f3s Iba\u00f1ez"},"image":{"@id":"https:\/\/pablogarrigos.com\/#\/schema\/logo\/image\/"}}]}},"_links":{"self":[{"href":"https:\/\/pablogarrigos.com\/it\/wp-json\/wp\/v2\/pages\/621","targetHints":{"allow":["GET"]}}],"collection":[{"href":"https:\/\/pablogarrigos.com\/it\/wp-json\/wp\/v2\/pages"}],"about":[{"href":"https:\/\/pablogarrigos.com\/it\/wp-json\/wp\/v2\/types\/page"}],"author":[{"embeddable":true,"href":"https:\/\/pablogarrigos.com\/it\/wp-json\/wp\/v2\/users\/2"}],"replies":[{"embeddable":true,"href":"https:\/\/pablogarrigos.com\/it\/wp-json\/wp\/v2\/comments?post=621"}],"version-history":[{"count":7,"href":"https:\/\/pablogarrigos.com\/it\/wp-json\/wp\/v2\/pages\/621\/revisions"}],"predecessor-version":[{"id":1696,"href":"https:\/\/pablogarrigos.com\/it\/wp-json\/wp\/v2\/pages\/621\/revisions\/1696"}],"wp:attachment":[{"href":"https:\/\/pablogarrigos.com\/it\/wp-json\/wp\/v2\/media?parent=621"}],"curies":[{"name":"wp","href":"https:\/\/api.w.org\/{rel}","templated":true}]}}