{"id":4820,"date":"2025-04-10T10:31:12","date_gmt":"2025-04-10T08:31:12","guid":{"rendered":"https:\/\/pablogarrigos.com\/?page_id=4820"},"modified":"2025-11-14T14:43:45","modified_gmt":"2025-11-14T13:43:45","slug":"profesionales","status":"publish","type":"page","link":"https:\/\/pablogarrigos.com\/it\/profesionales\/","title":{"rendered":"Professionisti"},"content":{"rendered":"<div data-elementor-type=\"wp-page\" data-elementor-id=\"4820\" class=\"elementor elementor-4820\" data-elementor-post-type=\"page\">\n\t\t\t\t<div class=\"elementor-element elementor-element-1c97c8b e-flex e-con-boxed e-con e-parent\" data-id=\"1c97c8b\" data-element_type=\"container\" data-settings=\"{&quot;background_background&quot;:&quot;classic&quot;}\">\n\t\t\t\t\t<div class=\"e-con-inner\">\n\t\t<div class=\"elementor-element elementor-element-b6c30e8 e-con-full e-flex e-con e-child\" data-id=\"b6c30e8\" data-element_type=\"container\">\n\t\t\t\t<div class=\"elementor-element elementor-element-a192581 elementor-widget elementor-widget-heading\" data-id=\"a192581\" data-element_type=\"widget\" data-widget_type=\"heading.default\">\n\t\t\t\t<div class=\"elementor-widget-container\">\n\t\t\t\t\t<h1 class=\"elementor-heading-title elementor-size-default\">Professionisti<\/h1>\t\t\t\t<\/div>\n\t\t\t\t<\/div>\n\t\t\t\t<div class=\"elementor-element elementor-element-c3d71fa elementor-widget elementor-widget-text-editor\" data-id=\"c3d71fa\" data-element_type=\"widget\" data-widget_type=\"text-editor.default\">\n\t\t\t\t<div class=\"elementor-widget-container\">\n\t\t\t\t\t\t\t\t\t<p>Avete un locale di gastronomia e volete offrire i prodotti di Pablo Garrig\u00f3s Iba\u00f1ez?<\/p>\t\t\t\t\t\t\t\t<\/div>\n\t\t\t\t<\/div>\n\t\t\t\t<\/div>\n\t\t\t\t\t<\/div>\n\t\t\t\t<\/div>\n\t\t<div class=\"elementor-element elementor-element-038886f e-flex e-con-boxed e-con e-parent\" data-id=\"038886f\" data-element_type=\"container\">\n\t\t\t\t\t<div class=\"e-con-inner\">\n\t\t<div class=\"elementor-element elementor-element-0f28995 e-con-full e-flex e-con e-child\" data-id=\"0f28995\" data-element_type=\"container\">\n\t\t\t\t<div class=\"elementor-element elementor-element-bfd2b66 elementor-widget elementor-widget-image\" data-id=\"bfd2b66\" data-element_type=\"widget\" data-widget_type=\"image.default\">\n\t\t\t\t<div class=\"elementor-widget-container\">\n\t\t\t\t\t\t\t\t\t\t\t\t\t\t\t<img fetchpriority=\"high\" decoding=\"async\" width=\"512\" height=\"512\" src=\"https:\/\/pablogarrigos.com\/wp-content\/uploads\/2024\/02\/favicon-pablogarrigos.png\" class=\"attachment-full size-full wp-image-596\" alt=\"\" srcset=\"https:\/\/pablogarrigos.com\/wp-content\/uploads\/2024\/02\/favicon-pablogarrigos.png 512w, https:\/\/pablogarrigos.com\/wp-content\/uploads\/2024\/02\/favicon-pablogarrigos-300x300.png 300w, https:\/\/pablogarrigos.com\/wp-content\/uploads\/2024\/02\/favicon-pablogarrigos-150x150.png 150w, https:\/\/pablogarrigos.com\/wp-content\/uploads\/2024\/02\/favicon-pablogarrigos-100x100.png 100w\" sizes=\"(max-width: 512px) 100vw, 512px\" \/>\t\t\t\t\t\t\t\t\t\t\t\t\t\t\t<\/div>\n\t\t\t\t<\/div>\n\t\t\t\t<div class=\"elementor-element elementor-element-c4bacce elementor-widget elementor-widget-heading\" data-id=\"c4bacce\" data-element_type=\"widget\" data-widget_type=\"heading.default\">\n\t\t\t\t<div class=\"elementor-widget-container\">\n\t\t\t\t\t<h2 class=\"elementor-heading-title elementor-size-default\">Diventate uno dei nostri rivenditori<\/h2>\t\t\t\t<\/div>\n\t\t\t\t<\/div>\n\t\t\t\t<div class=\"elementor-element elementor-element-6b4cb9c elementor-widget elementor-widget-text-editor\" data-id=\"6b4cb9c\" data-element_type=\"widget\" data-widget_type=\"text-editor.default\">\n\t\t\t\t<div class=\"elementor-widget-container\">\n\t\t\t\t\t\t\t\t\t<p>I vantaggi di essere un rivenditore di Pablo Garrig\u00f3s Iba\u00f1ez<\/p>\t\t\t\t\t\t\t\t<\/div>\n\t\t\t\t<\/div>\n\t\t\t\t<\/div>\n\t\t<div class=\"elementor-element elementor-element-86ec765 e-con-full e-grid e-con e-child\" data-id=\"86ec765\" data-element_type=\"container\">\n\t\t<div class=\"elementor-element elementor-element-7909397 e-con-full e-flex e-con e-child\" data-id=\"7909397\" data-element_type=\"container\">\n\t\t\t\t<div class=\"elementor-element elementor-element-7c25d9b elementor-widget elementor-widget-image\" data-id=\"7c25d9b\" data-element_type=\"widget\" data-widget_type=\"image.default\">\n\t\t\t\t<div class=\"elementor-widget-container\">\n\t\t\t\t\t\t\t\t\t\t\t\t\t\t\t<img decoding=\"async\" width=\"68\" height=\"85\" src=\"https:\/\/pablogarrigos.com\/wp-content\/uploads\/2025\/04\/Vender-los-turrones-gourmet-mas-top-del-mercado.svg\" class=\"attachment-full size-full wp-image-4826\" alt=\"\" \/>\t\t\t\t\t\t\t\t\t\t\t\t\t\t\t<\/div>\n\t\t\t\t<\/div>\n\t\t\t\t<div class=\"elementor-element elementor-element-1d3b9a5 elementor-widget elementor-widget-heading\" data-id=\"1d3b9a5\" data-element_type=\"widget\" data-widget_type=\"heading.default\">\n\t\t\t\t<div class=\"elementor-widget-container\">\n\t\t\t\t\t<div class=\"elementor-heading-title elementor-size-default\">Vendere i migliori torroni gourmet sul mercato<\/div>\t\t\t\t<\/div>\n\t\t\t\t<\/div>\n\t\t\t\t<\/div>\n\t\t<div class=\"elementor-element elementor-element-6300c78 e-con-full e-flex e-con e-child\" data-id=\"6300c78\" data-element_type=\"container\">\n\t\t\t\t<div class=\"elementor-element elementor-element-5adfcc6 elementor-widget elementor-widget-image\" data-id=\"5adfcc6\" data-element_type=\"widget\" data-widget_type=\"image.default\">\n\t\t\t\t<div class=\"elementor-widget-container\">\n\t\t\t\t\t\t\t\t\t\t\t\t\t\t\t<img decoding=\"async\" width=\"47\" height=\"86\" src=\"https:\/\/pablogarrigos.com\/wp-content\/uploads\/2025\/04\/Precios-especiales-B2B.svg\" class=\"attachment-full size-full wp-image-4825\" alt=\"\" \/>\t\t\t\t\t\t\t\t\t\t\t\t\t\t\t<\/div>\n\t\t\t\t<\/div>\n\t\t\t\t<div class=\"elementor-element elementor-element-8639377 elementor-widget elementor-widget-heading\" data-id=\"8639377\" data-element_type=\"widget\" data-widget_type=\"heading.default\">\n\t\t\t\t<div class=\"elementor-widget-container\">\n\t\t\t\t\t<div class=\"elementor-heading-title elementor-size-default\">Prezzi speciali B2B<\/div>\t\t\t\t<\/div>\n\t\t\t\t<\/div>\n\t\t\t\t<\/div>\n\t\t<div class=\"elementor-element elementor-element-102d81e e-con-full e-flex e-con e-child\" data-id=\"102d81e\" data-element_type=\"container\">\n\t\t\t\t<div class=\"elementor-element elementor-element-216652a elementor-widget elementor-widget-image\" data-id=\"216652a\" data-element_type=\"widget\" data-widget_type=\"image.default\">\n\t\t\t\t<div class=\"elementor-widget-container\">\n\t\t\t\t\t\t\t\t\t\t\t\t\t\t\t<img loading=\"lazy\" decoding=\"async\" width=\"93\" height=\"91\" src=\"https:\/\/pablogarrigos.com\/wp-content\/uploads\/2025\/04\/Acceso-preferente-a-promociones-y-novedades.svg\" class=\"attachment-full size-full wp-image-4823\" alt=\"\" \/>\t\t\t\t\t\t\t\t\t\t\t\t\t\t\t<\/div>\n\t\t\t\t<\/div>\n\t\t\t\t<div class=\"elementor-element elementor-element-ecab97b elementor-widget elementor-widget-heading\" data-id=\"ecab97b\" data-element_type=\"widget\" data-widget_type=\"heading.default\">\n\t\t\t\t<div class=\"elementor-widget-container\">\n\t\t\t\t\t<div class=\"elementor-heading-title elementor-size-default\">Accesso preferenziale a promozioni e novit\u00e0<\/div>\t\t\t\t<\/div>\n\t\t\t\t<\/div>\n\t\t\t\t<\/div>\n\t\t<div class=\"elementor-element elementor-element-0611562 e-con-full e-flex e-con e-child\" data-id=\"0611562\" data-element_type=\"container\">\n\t\t\t\t<div class=\"elementor-element elementor-element-47d6577 elementor-widget elementor-widget-image\" data-id=\"47d6577\" data-element_type=\"widget\" data-widget_type=\"image.default\">\n\t\t\t\t<div class=\"elementor-widget-container\">\n\t\t\t\t\t\t\t\t\t\t\t\t\t\t\t<img loading=\"lazy\" decoding=\"async\" width=\"72\" height=\"79\" src=\"https:\/\/pablogarrigos.com\/wp-content\/uploads\/2025\/04\/Pedidos-online-24-horas.svg\" class=\"attachment-full size-full wp-image-4824\" alt=\"\" \/>\t\t\t\t\t\t\t\t\t\t\t\t\t\t\t<\/div>\n\t\t\t\t<\/div>\n\t\t\t\t<div class=\"elementor-element elementor-element-a524b7c elementor-widget elementor-widget-heading\" data-id=\"a524b7c\" data-element_type=\"widget\" data-widget_type=\"heading.default\">\n\t\t\t\t<div class=\"elementor-widget-container\">\n\t\t\t\t\t<div class=\"elementor-heading-title elementor-size-default\">Ordini online 24 ore su 24<\/div>\t\t\t\t<\/div>\n\t\t\t\t<\/div>\n\t\t\t\t<\/div>\n\t\t\t\t<\/div>\n\t\t\t\t\t<\/div>\n\t\t\t\t<\/div>\n\t\t<div class=\"elementor-element elementor-element-cad8e86 e-flex e-con-boxed e-con e-parent\" data-id=\"cad8e86\" data-element_type=\"container\">\n\t\t\t\t\t<div class=\"e-con-inner\">\n\t\t<div class=\"elementor-element elementor-element-3badd26 e-con-full e-flex e-con e-child\" data-id=\"3badd26\" data-element_type=\"container\">\n\t\t<div class=\"elementor-element elementor-element-0e97920 e-con-full e-flex e-con e-child\" data-id=\"0e97920\" data-element_type=\"container\" data-settings=\"{&quot;background_background&quot;:&quot;classic&quot;}\">\n\t\t\t\t<\/div>\n\t\t<div class=\"elementor-element elementor-element-bccd0d0 e-con-full e-flex e-con e-child\" data-id=\"bccd0d0\" data-element_type=\"container\" data-settings=\"{&quot;background_background&quot;:&quot;classic&quot;}\">\n\t\t\t\t<div class=\"elementor-element elementor-element-acd6b91 elementor-widget elementor-widget-image\" data-id=\"acd6b91\" data-element_type=\"widget\" data-widget_type=\"image.default\">\n\t\t\t\t<div class=\"elementor-widget-container\">\n\t\t\t\t\t\t\t\t\t\t\t\t\t\t\t<img fetchpriority=\"high\" decoding=\"async\" width=\"512\" height=\"512\" src=\"https:\/\/pablogarrigos.com\/wp-content\/uploads\/2024\/02\/favicon-pablogarrigos.png\" class=\"attachment-full size-full wp-image-596\" alt=\"\" srcset=\"https:\/\/pablogarrigos.com\/wp-content\/uploads\/2024\/02\/favicon-pablogarrigos.png 512w, https:\/\/pablogarrigos.com\/wp-content\/uploads\/2024\/02\/favicon-pablogarrigos-300x300.png 300w, https:\/\/pablogarrigos.com\/wp-content\/uploads\/2024\/02\/favicon-pablogarrigos-150x150.png 150w, https:\/\/pablogarrigos.com\/wp-content\/uploads\/2024\/02\/favicon-pablogarrigos-100x100.png 100w\" sizes=\"(max-width: 512px) 100vw, 512px\" \/>\t\t\t\t\t\t\t\t\t\t\t\t\t\t\t<\/div>\n\t\t\t\t<\/div>\n\t\t\t\t<div class=\"elementor-element elementor-element-1ccb3a6 elementor-widget elementor-widget-heading\" data-id=\"1ccb3a6\" data-element_type=\"widget\" data-widget_type=\"heading.default\">\n\t\t\t\t<div class=\"elementor-widget-container\">\n\t\t\t\t\t<h2 class=\"elementor-heading-title elementor-size-default\">Se vendete in Spagna, registratevi presso<\/h2>\t\t\t\t<\/div>\n\t\t\t\t<\/div>\n\t\t\t\t<div class=\"elementor-element elementor-element-793fb63 elementor-align-justify elementor-widget elementor-widget-button\" data-id=\"793fb63\" data-element_type=\"widget\" data-widget_type=\"button.default\">\n\t\t\t\t<div class=\"elementor-widget-container\">\n\t\t\t\t\t\t\t\t\t<div class=\"elementor-button-wrapper\">\n\t\t\t\t\t<a class=\"elementor-button elementor-button-link elementor-size-sm\" href=\"https:\/\/dealers.pablogarrigos.com\/\" target=\"_blank\">\n\t\t\t\t\t\t<span class=\"elementor-button-content-wrapper\">\n\t\t\t\t\t\t\t\t\t<span class=\"elementor-button-text\">Dealers &gt;<\/span>\n\t\t\t\t\t<\/span>\n\t\t\t\t\t<\/a>\n\t\t\t\t<\/div>\n\t\t\t\t\t\t\t\t<\/div>\n\t\t\t\t<\/div>\n\t\t\t\t<\/div>\n\t\t\t\t<\/div>\n\t\t\t\t\t<\/div>\n\t\t\t\t<\/div>\n\t\t\t\t<\/div>","protected":false},"excerpt":{"rendered":"<p>Professionisti Avete un locale gastronomico e volete offrire i prodotti Pablo Garrig\u00f3s Iba\u00f1ez? Diventa uno dei nostri rivenditori Vantaggi di essere un rivenditore Pablo Garrig\u00f3s Iba\u00f1ez Vendi il miglior torrone gourmet sul mercato Prezzi speciali B2B Accesso preferenziale alle promozioni e ai nuovi prodotti Ordini online entro 24 ore Se vendi in Spagna, registrati [...]<\/p>","protected":false},"author":2,"featured_media":0,"parent":0,"menu_order":50,"comment_status":"closed","ping_status":"closed","template":"","meta":{"_acf_changed":false,"inline_featured_image":false,"footnotes":""},"class_list":["post-4820","page","type-page","status-publish","hentry"],"acf":[],"yoast_head":"<!-- This site is optimized with the Yoast SEO plugin v26.5 - https:\/\/yoast.com\/wordpress\/plugins\/seo\/ -->\n<title>Profesionales | Pablo Garrig\u00f3s Iba\u00f1ez<\/title>\n<meta name=\"robots\" content=\"index, follow, max-snippet:-1, max-image-preview:large, max-video-preview:-1\" \/>\n<link rel=\"canonical\" href=\"https:\/\/pablogarrigos.com\/it\/profesionales\/\" \/>\n<meta property=\"og:locale\" content=\"it_IT\" \/>\n<meta property=\"og:type\" content=\"article\" \/>\n<meta property=\"og:title\" content=\"Profesionales | Pablo Garrig\u00f3s Iba\u00f1ez\" \/>\n<meta property=\"og:description\" content=\"Profesionales \u00bfTienes un establecimiento gourmet y quieres ofrecer los productos Pablo Garrig\u00f3s Iba\u00f1ez? Convi\u00e9rtete en uno de nuestros dealers Ventajas de ser dealer de Pablo Garrig\u00f3s Iba\u00f1ez Vender los turrones gourmet m\u00e1s top del mercado Precios especiales B2B Acceso preferente a promociones y novedades Pedidos online 24 horas Si vendes en Espa\u00f1a date de alta [&hellip;]\" \/>\n<meta property=\"og:url\" content=\"https:\/\/pablogarrigos.com\/it\/profesionales\/\" \/>\n<meta property=\"og:site_name\" content=\"Pablo Garrig\u00f3s Iba\u00f1ez\" \/>\n<meta property=\"article:modified_time\" content=\"2025-11-14T13:43:45+00:00\" \/>\n<meta property=\"og:image\" content=\"https:\/\/pablogarrigos.com\/wp-content\/uploads\/2024\/02\/favicon-pablogarrigos.png\" \/>\n\t<meta property=\"og:image:width\" content=\"512\" \/>\n\t<meta property=\"og:image:height\" content=\"512\" \/>\n\t<meta property=\"og:image:type\" content=\"image\/png\" \/>\n<meta name=\"twitter:card\" content=\"summary_large_image\" \/>\n<meta name=\"twitter:label1\" content=\"Tempo di lettura stimato\" \/>\n\t<meta name=\"twitter:data1\" content=\"2 minuti\" \/>\n<script type=\"application\/ld+json\" class=\"yoast-schema-graph\">{\"@context\":\"https:\/\/schema.org\",\"@graph\":[{\"@type\":\"WebPage\",\"@id\":\"https:\/\/pablogarrigos.com\/profesionales\/\",\"url\":\"https:\/\/pablogarrigos.com\/profesionales\/\",\"name\":\"Profesionales | Pablo Garrig\u00f3s Iba\u00f1ez\",\"isPartOf\":{\"@id\":\"https:\/\/pablogarrigos.com\/#website\"},\"primaryImageOfPage\":{\"@id\":\"https:\/\/pablogarrigos.com\/profesionales\/#primaryimage\"},\"image\":{\"@id\":\"https:\/\/pablogarrigos.com\/profesionales\/#primaryimage\"},\"thumbnailUrl\":\"https:\/\/pablogarrigos.com\/wp-content\/uploads\/2024\/02\/favicon-pablogarrigos.png\",\"datePublished\":\"2025-04-10T08:31:12+00:00\",\"dateModified\":\"2025-11-14T13:43:45+00:00\",\"breadcrumb\":{\"@id\":\"https:\/\/pablogarrigos.com\/profesionales\/#breadcrumb\"},\"inLanguage\":\"it-IT\",\"potentialAction\":[{\"@type\":\"ReadAction\",\"target\":[\"https:\/\/pablogarrigos.com\/profesionales\/\"]}]},{\"@type\":\"ImageObject\",\"inLanguage\":\"it-IT\",\"@id\":\"https:\/\/pablogarrigos.com\/profesionales\/#primaryimage\",\"url\":\"https:\/\/pablogarrigos.com\/wp-content\/uploads\/2024\/02\/favicon-pablogarrigos.png\",\"contentUrl\":\"https:\/\/pablogarrigos.com\/wp-content\/uploads\/2024\/02\/favicon-pablogarrigos.png\"},{\"@type\":\"BreadcrumbList\",\"@id\":\"https:\/\/pablogarrigos.com\/profesionales\/#breadcrumb\",\"itemListElement\":[{\"@type\":\"ListItem\",\"position\":1,\"name\":\"Home\",\"item\":\"https:\/\/pablogarrigos.com\/en\/\"},{\"@type\":\"ListItem\",\"position\":2,\"name\":\"Profesionales\"}]},{\"@type\":\"WebSite\",\"@id\":\"https:\/\/pablogarrigos.com\/#website\",\"url\":\"https:\/\/pablogarrigos.com\/\",\"name\":\"Pablo Garrig\u00f3s Iba\u00f1ez\",\"description\":\"El Sentido del Gusto\",\"publisher\":{\"@id\":\"https:\/\/pablogarrigos.com\/#organization\"},\"potentialAction\":[{\"@type\":\"SearchAction\",\"target\":{\"@type\":\"EntryPoint\",\"urlTemplate\":\"https:\/\/pablogarrigos.com\/?s={search_term_string}\"},\"query-input\":{\"@type\":\"PropertyValueSpecification\",\"valueRequired\":true,\"valueName\":\"search_term_string\"}}],\"inLanguage\":\"it-IT\"},{\"@type\":\"Organization\",\"@id\":\"https:\/\/pablogarrigos.com\/#organization\",\"name\":\"Pablo Garrig\u00f3s Iba\u00f1ez\",\"url\":\"https:\/\/pablogarrigos.com\/\",\"logo\":{\"@type\":\"ImageObject\",\"inLanguage\":\"it-IT\",\"@id\":\"https:\/\/pablogarrigos.com\/#\/schema\/logo\/image\/\",\"url\":\"https:\/\/pablogarrigos.com\/wp-content\/uploads\/2024\/02\/logo-pablogarrigos.png\",\"contentUrl\":\"https:\/\/pablogarrigos.com\/wp-content\/uploads\/2024\/02\/logo-pablogarrigos.png\",\"width\":1247,\"height\":480,\"caption\":\"Pablo Garrig\u00f3s Iba\u00f1ez\"},\"image\":{\"@id\":\"https:\/\/pablogarrigos.com\/#\/schema\/logo\/image\/\"}}]}<\/script>\n<!-- \/ Yoast SEO plugin. -->","yoast_head_json":{"title":"Professionisti | Pablo Garrig\u00f3s Iba\u00f1ez","robots":{"index":"index","follow":"follow","max-snippet":"max-snippet:-1","max-image-preview":"max-image-preview:large","max-video-preview":"max-video-preview:-1"},"canonical":"https:\/\/pablogarrigos.com\/it\/profesionales\/","og_locale":"it_IT","og_type":"article","og_title":"Profesionales | Pablo Garrig\u00f3s Iba\u00f1ez","og_description":"Profesionales \u00bfTienes un establecimiento gourmet y quieres ofrecer los productos Pablo Garrig\u00f3s Iba\u00f1ez? Convi\u00e9rtete en uno de nuestros dealers Ventajas de ser dealer de Pablo Garrig\u00f3s Iba\u00f1ez Vender los turrones gourmet m\u00e1s top del mercado Precios especiales B2B Acceso preferente a promociones y novedades Pedidos online 24 horas Si vendes en Espa\u00f1a date de alta [&hellip;]","og_url":"https:\/\/pablogarrigos.com\/it\/profesionales\/","og_site_name":"Pablo Garrig\u00f3s Iba\u00f1ez","article_modified_time":"2025-11-14T13:43:45+00:00","og_image":[{"width":512,"height":512,"url":"https:\/\/pablogarrigos.com\/wp-content\/uploads\/2024\/02\/favicon-pablogarrigos.png","type":"image\/png"}],"twitter_card":"summary_large_image","twitter_misc":{"Tempo di lettura stimato":"2 minuti"},"schema":{"@context":"https:\/\/schema.org","@graph":[{"@type":"WebPage","@id":"https:\/\/pablogarrigos.com\/profesionales\/","url":"https:\/\/pablogarrigos.com\/profesionales\/","name":"Professionisti | Pablo Garrig\u00f3s Iba\u00f1ez","isPartOf":{"@id":"https:\/\/pablogarrigos.com\/#website"},"primaryImageOfPage":{"@id":"https:\/\/pablogarrigos.com\/profesionales\/#primaryimage"},"image":{"@id":"https:\/\/pablogarrigos.com\/profesionales\/#primaryimage"},"thumbnailUrl":"https:\/\/pablogarrigos.com\/wp-content\/uploads\/2024\/02\/favicon-pablogarrigos.png","datePublished":"2025-04-10T08:31:12+00:00","dateModified":"2025-11-14T13:43:45+00:00","breadcrumb":{"@id":"https:\/\/pablogarrigos.com\/profesionales\/#breadcrumb"},"inLanguage":"it-IT","potentialAction":[{"@type":"ReadAction","target":["https:\/\/pablogarrigos.com\/profesionales\/"]}]},{"@type":"ImageObject","inLanguage":"it-IT","@id":"https:\/\/pablogarrigos.com\/profesionales\/#primaryimage","url":"https:\/\/pablogarrigos.com\/wp-content\/uploads\/2024\/02\/favicon-pablogarrigos.png","contentUrl":"https:\/\/pablogarrigos.com\/wp-content\/uploads\/2024\/02\/favicon-pablogarrigos.png"},{"@type":"BreadcrumbList","@id":"https:\/\/pablogarrigos.com\/profesionales\/#breadcrumb","itemListElement":[{"@type":"ListItem","position":1,"name":"Home","item":"https:\/\/pablogarrigos.com\/en\/"},{"@type":"ListItem","position":2,"name":"Profesionales"}]},{"@type":"WebSite","@id":"https:\/\/pablogarrigos.com\/#website","url":"https:\/\/pablogarrigos.com\/","name":"Pablo Garrig\u00f3s Iba\u00f1ez","description":"Il senso del gusto","publisher":{"@id":"https:\/\/pablogarrigos.com\/#organization"},"potentialAction":[{"@type":"SearchAction","target":{"@type":"EntryPoint","urlTemplate":"https:\/\/pablogarrigos.com\/?s={search_term_string}"},"query-input":{"@type":"PropertyValueSpecification","valueRequired":true,"valueName":"search_term_string"}}],"inLanguage":"it-IT"},{"@type":"Organization","@id":"https:\/\/pablogarrigos.com\/#organization","name":"Pablo Garrig\u00f3s Iba\u00f1ez","url":"https:\/\/pablogarrigos.com\/","logo":{"@type":"ImageObject","inLanguage":"it-IT","@id":"https:\/\/pablogarrigos.com\/#\/schema\/logo\/image\/","url":"https:\/\/pablogarrigos.com\/wp-content\/uploads\/2024\/02\/logo-pablogarrigos.png","contentUrl":"https:\/\/pablogarrigos.com\/wp-content\/uploads\/2024\/02\/logo-pablogarrigos.png","width":1247,"height":480,"caption":"Pablo Garrig\u00f3s Iba\u00f1ez"},"image":{"@id":"https:\/\/pablogarrigos.com\/#\/schema\/logo\/image\/"}}]}},"_links":{"self":[{"href":"https:\/\/pablogarrigos.com\/it\/wp-json\/wp\/v2\/pages\/4820","targetHints":{"allow":["GET"]}}],"collection":[{"href":"https:\/\/pablogarrigos.com\/it\/wp-json\/wp\/v2\/pages"}],"about":[{"href":"https:\/\/pablogarrigos.com\/it\/wp-json\/wp\/v2\/types\/page"}],"author":[{"embeddable":true,"href":"https:\/\/pablogarrigos.com\/it\/wp-json\/wp\/v2\/users\/2"}],"replies":[{"embeddable":true,"href":"https:\/\/pablogarrigos.com\/it\/wp-json\/wp\/v2\/comments?post=4820"}],"version-history":[{"count":16,"href":"https:\/\/pablogarrigos.com\/it\/wp-json\/wp\/v2\/pages\/4820\/revisions"}],"predecessor-version":[{"id":5328,"href":"https:\/\/pablogarrigos.com\/it\/wp-json\/wp\/v2\/pages\/4820\/revisions\/5328"}],"wp:attachment":[{"href":"https:\/\/pablogarrigos.com\/it\/wp-json\/wp\/v2\/media?parent=4820"}],"curies":[{"name":"wp","href":"https:\/\/api.w.org\/{rel}","templated":true}]}}