{"id":579,"date":"2024-02-20T20:27:11","date_gmt":"2024-02-20T19:27:11","guid":{"rendered":"https:\/\/pablogarrigos.com\/index.php\/product\/lemon-caramel-chocolate-vintage-125-gr\/"},"modified":"2026-01-21T08:24:39","modified_gmt":"2026-01-21T07:24:39","slug":"lemon-caramel-chocolate-vintage-125-gr","status":"publish","type":"product","link":"https:\/\/pablogarrigos.com\/fr\/chocolates-y-fruites\/chocolate-vintage\/lemon-caramel-chocolate-vintage-125-gr\/","title":{"rendered":"Chocolat au citron et au caramel Vintage 125gr"},"content":{"rendered":"<p>Chocolat blanc au caramel et au citron 84% (sucre, beurre de cacao, <strong>lait<\/strong> poudre, caramel en poudre avec de la graisse de <strong>lait<\/strong> 10.5% (<strong>lait<\/strong> poudre \u00e9cr\u00e9m\u00e9e, <strong>lactos\u00e9rum<\/strong> poudre, sucre, graisse <strong>laitier<\/strong>(glucose, sucre, ar\u00f4me, conservateurs (sorbate de potassium et benzoate de sodium), ar\u00f4me naturel de vanille), p\u00e2te de citron 4% (glucose, sucre, ar\u00f4me, conservateurs (sorbate de potassium et benzoate de sodium),<strong>lait<\/strong> lait \u00e9cr\u00e9m\u00e9 en poudre, sucre caram\u00e9lis\u00e9 1,5%, \u00e9mulsifiant (l\u00e9cithine de tournesol), p\u00e2te de cacao et sel)), citron confit 15% (\u00e9corce de citron, sirop de glucose et de fructose, sucre, conservateur (disulfite de sodium) et r\u00e9gulateur d'acidit\u00e9 (acide citrique)) et agents d'enrobage (gomme laque, gomme arabique, sirop de glucose, sucre et huile v\u00e9g\u00e9tale de palme). Cacao dans le chocolat : 29% minimum. <strong>Contient des sulfites. Peut contenir des traces d'\u0153ufs, d'arachides et d'autres fruits \u00e0 coque.<\/strong><\/p>\n<p><strong>Conservar en un lugar fresco y seco. 12\u00ba-17\u00baC.<\/strong><\/p>","protected":false},"excerpt":{"rendered":"<p>Le Lemon &amp; Caramel Chocolate Vintage de Pablo Garrig\u00f3s Ib\u00e1\u00f1ez est un bonbon compos\u00e9 de v\u00e9ritables \u00e9corces de citron confites et d'un enrobage de chocolat au caramel.<\/p>","protected":false},"featured_media":580,"template":"","meta":{"_acf_changed":false,"inline_featured_image":false},"product_brand":[],"product_cat":[26,20,25],"product_tag":[],"class_list":{"0":"post-579","1":"product","2":"type-product","3":"status-publish","4":"has-post-thumbnail","6":"product_cat-chocolate-vintage","7":"product_cat-chocolates-y-fruites","8":"product_cat-fruit-chocolates","10":"first","11":"instock","12":"taxable","13":"shipping-taxable","14":"purchasable","15":"product-type-simple"},"acf":[],"yoast_head":"<!-- This site is optimized with the Yoast SEO plugin v26.5 - https:\/\/yoast.com\/wordpress\/plugins\/seo\/ -->\n<title>Bombones Lim\u00f3n Caramelo Chocolate Vintage | Pablo Garrig\u00f3s Ib\u00e1\u00f1ez<\/title>\n<meta name=\"description\" content=\"Saborea la explosi\u00f3n de sabor del lim\u00f3n confitado con la cremosidad del caramelo en los Bombones Lemon &amp; Caramel Chocolate Vintage. Un viaje sensorial \u00fanico.\" \/>\n<meta name=\"robots\" content=\"index, follow, max-snippet:-1, max-image-preview:large, max-video-preview:-1\" \/>\n<link rel=\"canonical\" href=\"https:\/\/pablogarrigos.com\/fr\/chocolates-y-fruites\/chocolate-vintage\/lemon-caramel-chocolate-vintage-125-gr\/\" \/>\n<meta property=\"og:locale\" content=\"fr_FR\" \/>\n<meta property=\"og:type\" content=\"article\" \/>\n<meta property=\"og:title\" content=\"Bombones Lim\u00f3n Caramelo Chocolate Vintage | Pablo Garrig\u00f3s Ib\u00e1\u00f1ez\" \/>\n<meta property=\"og:description\" content=\"Saborea la explosi\u00f3n de sabor del lim\u00f3n confitado con la cremosidad del caramelo en los Bombones Lemon &amp; Caramel Chocolate Vintage. Un viaje sensorial \u00fanico.\" \/>\n<meta property=\"og:url\" content=\"https:\/\/pablogarrigos.com\/fr\/chocolates-y-fruites\/chocolate-vintage\/lemon-caramel-chocolate-vintage-125-gr\/\" \/>\n<meta property=\"og:site_name\" content=\"Pablo Garrig\u00f3s Iba\u00f1ez\" \/>\n<meta property=\"article:modified_time\" content=\"2026-01-21T07:24:39+00:00\" \/>\n<meta property=\"og:image\" content=\"https:\/\/pablogarrigos.com\/wp-content\/uploads\/2024\/02\/Lemon-Caramel-Chocolate-scaled-1.jpg\" \/>\n\t<meta property=\"og:image:width\" content=\"2560\" \/>\n\t<meta property=\"og:image:height\" content=\"1707\" \/>\n\t<meta property=\"og:image:type\" content=\"image\/jpeg\" \/>\n<meta name=\"twitter:card\" content=\"summary_large_image\" \/>\n<meta name=\"twitter:label1\" content=\"Dur\u00e9e de lecture estim\u00e9e\" \/>\n\t<meta name=\"twitter:data1\" content=\"1 minute\" \/>\n<script type=\"application\/ld+json\" class=\"yoast-schema-graph\">{\"@context\":\"https:\/\/schema.org\",\"@graph\":[{\"@type\":\"WebPage\",\"@id\":\"https:\/\/pablogarrigos.com\/chocolates-y-fruites\/chocolate-vintage\/lemon-caramel-chocolate-vintage-125-gr\/\",\"url\":\"https:\/\/pablogarrigos.com\/chocolates-y-fruites\/chocolate-vintage\/lemon-caramel-chocolate-vintage-125-gr\/\",\"name\":\"Bombones Lim\u00f3n Caramelo Chocolate Vintage | Pablo Garrig\u00f3s Ib\u00e1\u00f1ez\",\"isPartOf\":{\"@id\":\"https:\/\/pablogarrigos.com\/#website\"},\"primaryImageOfPage\":{\"@id\":\"https:\/\/pablogarrigos.com\/chocolates-y-fruites\/chocolate-vintage\/lemon-caramel-chocolate-vintage-125-gr\/#primaryimage\"},\"image\":{\"@id\":\"https:\/\/pablogarrigos.com\/chocolates-y-fruites\/chocolate-vintage\/lemon-caramel-chocolate-vintage-125-gr\/#primaryimage\"},\"thumbnailUrl\":\"https:\/\/pablogarrigos.com\/wp-content\/uploads\/2024\/02\/Lemon-Caramel-Chocolate-scaled-1.jpg\",\"datePublished\":\"2024-02-20T19:27:11+00:00\",\"dateModified\":\"2026-01-21T07:24:39+00:00\",\"description\":\"Saborea la explosi\u00f3n de sabor del lim\u00f3n confitado con la cremosidad del caramelo en los Bombones Lemon & Caramel Chocolate Vintage. Un viaje sensorial \u00fanico.\",\"breadcrumb\":{\"@id\":\"https:\/\/pablogarrigos.com\/chocolates-y-fruites\/chocolate-vintage\/lemon-caramel-chocolate-vintage-125-gr\/#breadcrumb\"},\"inLanguage\":\"fr-FR\",\"potentialAction\":[{\"@type\":\"ReadAction\",\"target\":[\"https:\/\/pablogarrigos.com\/chocolates-y-fruites\/chocolate-vintage\/lemon-caramel-chocolate-vintage-125-gr\/\"]}]},{\"@type\":\"ImageObject\",\"inLanguage\":\"fr-FR\",\"@id\":\"https:\/\/pablogarrigos.com\/chocolates-y-fruites\/chocolate-vintage\/lemon-caramel-chocolate-vintage-125-gr\/#primaryimage\",\"url\":\"https:\/\/pablogarrigos.com\/wp-content\/uploads\/2024\/02\/Lemon-Caramel-Chocolate-scaled-1.jpg\",\"contentUrl\":\"https:\/\/pablogarrigos.com\/wp-content\/uploads\/2024\/02\/Lemon-Caramel-Chocolate-scaled-1.jpg\",\"width\":2560,\"height\":1707,\"caption\":\"bombones lemon and caramel chocolate vintage\"},{\"@type\":\"BreadcrumbList\",\"@id\":\"https:\/\/pablogarrigos.com\/chocolates-y-fruites\/chocolate-vintage\/lemon-caramel-chocolate-vintage-125-gr\/#breadcrumb\",\"itemListElement\":[{\"@type\":\"ListItem\",\"position\":1,\"name\":\"Home\",\"item\":\"https:\/\/pablogarrigos.com\/en\/\"},{\"@type\":\"ListItem\",\"position\":2,\"name\":\"Tienda\",\"item\":\"https:\/\/pablogarrigos.com\/en\/tienda\/\"},{\"@type\":\"ListItem\",\"position\":3,\"name\":\"Lemon &amp; Caramel Chocolate Vintage 125gr\"}]},{\"@type\":\"WebSite\",\"@id\":\"https:\/\/pablogarrigos.com\/#website\",\"url\":\"https:\/\/pablogarrigos.com\/\",\"name\":\"Pablo Garrig\u00f3s Iba\u00f1ez\",\"description\":\"El Sentido del Gusto\",\"publisher\":{\"@id\":\"https:\/\/pablogarrigos.com\/#organization\"},\"potentialAction\":[{\"@type\":\"SearchAction\",\"target\":{\"@type\":\"EntryPoint\",\"urlTemplate\":\"https:\/\/pablogarrigos.com\/?s={search_term_string}\"},\"query-input\":{\"@type\":\"PropertyValueSpecification\",\"valueRequired\":true,\"valueName\":\"search_term_string\"}}],\"inLanguage\":\"fr-FR\"},{\"@type\":\"Organization\",\"@id\":\"https:\/\/pablogarrigos.com\/#organization\",\"name\":\"Pablo Garrig\u00f3s Iba\u00f1ez\",\"url\":\"https:\/\/pablogarrigos.com\/\",\"logo\":{\"@type\":\"ImageObject\",\"inLanguage\":\"fr-FR\",\"@id\":\"https:\/\/pablogarrigos.com\/#\/schema\/logo\/image\/\",\"url\":\"https:\/\/pablogarrigos.com\/wp-content\/uploads\/2024\/02\/logo-pablogarrigos.png\",\"contentUrl\":\"https:\/\/pablogarrigos.com\/wp-content\/uploads\/2024\/02\/logo-pablogarrigos.png\",\"width\":1247,\"height\":480,\"caption\":\"Pablo Garrig\u00f3s Iba\u00f1ez\"},\"image\":{\"@id\":\"https:\/\/pablogarrigos.com\/#\/schema\/logo\/image\/\"}}]}<\/script>\n<!-- \/ Yoast SEO plugin. -->","yoast_head_json":{"title":"Lim\u00f3n Caramel Chocolat Chocolats Vintage | Pablo Garrig\u00f3s Ib\u00e1\u00f1ez","description":"Savourez l'explosion de saveur du citron confit et l'onctuosit\u00e9 du caramel dans les chocolats Vintage au citron et au caramel. Un voyage sensoriel unique.","robots":{"index":"index","follow":"follow","max-snippet":"max-snippet:-1","max-image-preview":"max-image-preview:large","max-video-preview":"max-video-preview:-1"},"canonical":"https:\/\/pablogarrigos.com\/fr\/chocolates-y-fruites\/chocolate-vintage\/lemon-caramel-chocolate-vintage-125-gr\/","og_locale":"fr_FR","og_type":"article","og_title":"Bombones Lim\u00f3n Caramelo Chocolate Vintage | Pablo Garrig\u00f3s Ib\u00e1\u00f1ez","og_description":"Saborea la explosi\u00f3n de sabor del lim\u00f3n confitado con la cremosidad del caramelo en los Bombones Lemon & Caramel Chocolate Vintage. Un viaje sensorial \u00fanico.","og_url":"https:\/\/pablogarrigos.com\/fr\/chocolates-y-fruites\/chocolate-vintage\/lemon-caramel-chocolate-vintage-125-gr\/","og_site_name":"Pablo Garrig\u00f3s Iba\u00f1ez","article_modified_time":"2026-01-21T07:24:39+00:00","og_image":[{"width":2560,"height":1707,"url":"https:\/\/pablogarrigos.com\/wp-content\/uploads\/2024\/02\/Lemon-Caramel-Chocolate-scaled-1.jpg","type":"image\/jpeg"}],"twitter_card":"summary_large_image","twitter_misc":{"Dur\u00e9e de lecture estim\u00e9e":"1 minute"},"schema":{"@context":"https:\/\/schema.org","@graph":[{"@type":"WebPage","@id":"https:\/\/pablogarrigos.com\/chocolates-y-fruites\/chocolate-vintage\/lemon-caramel-chocolate-vintage-125-gr\/","url":"https:\/\/pablogarrigos.com\/chocolates-y-fruites\/chocolate-vintage\/lemon-caramel-chocolate-vintage-125-gr\/","name":"Lim\u00f3n Caramel Chocolat Chocolats Vintage | Pablo Garrig\u00f3s Ib\u00e1\u00f1ez","isPartOf":{"@id":"https:\/\/pablogarrigos.com\/#website"},"primaryImageOfPage":{"@id":"https:\/\/pablogarrigos.com\/chocolates-y-fruites\/chocolate-vintage\/lemon-caramel-chocolate-vintage-125-gr\/#primaryimage"},"image":{"@id":"https:\/\/pablogarrigos.com\/chocolates-y-fruites\/chocolate-vintage\/lemon-caramel-chocolate-vintage-125-gr\/#primaryimage"},"thumbnailUrl":"https:\/\/pablogarrigos.com\/wp-content\/uploads\/2024\/02\/Lemon-Caramel-Chocolate-scaled-1.jpg","datePublished":"2024-02-20T19:27:11+00:00","dateModified":"2026-01-21T07:24:39+00:00","description":"Savourez l'explosion de saveur du citron confit et l'onctuosit\u00e9 du caramel dans les chocolats Vintage au citron et au caramel. Un voyage sensoriel unique.","breadcrumb":{"@id":"https:\/\/pablogarrigos.com\/chocolates-y-fruites\/chocolate-vintage\/lemon-caramel-chocolate-vintage-125-gr\/#breadcrumb"},"inLanguage":"fr-FR","potentialAction":[{"@type":"ReadAction","target":["https:\/\/pablogarrigos.com\/chocolates-y-fruites\/chocolate-vintage\/lemon-caramel-chocolate-vintage-125-gr\/"]}]},{"@type":"ImageObject","inLanguage":"fr-FR","@id":"https:\/\/pablogarrigos.com\/chocolates-y-fruites\/chocolate-vintage\/lemon-caramel-chocolate-vintage-125-gr\/#primaryimage","url":"https:\/\/pablogarrigos.com\/wp-content\/uploads\/2024\/02\/Lemon-Caramel-Chocolate-scaled-1.jpg","contentUrl":"https:\/\/pablogarrigos.com\/wp-content\/uploads\/2024\/02\/Lemon-Caramel-Chocolate-scaled-1.jpg","width":2560,"height":1707,"caption":"bombones lemon and caramel chocolate vintage"},{"@type":"BreadcrumbList","@id":"https:\/\/pablogarrigos.com\/chocolates-y-fruites\/chocolate-vintage\/lemon-caramel-chocolate-vintage-125-gr\/#breadcrumb","itemListElement":[{"@type":"ListItem","position":1,"name":"Home","item":"https:\/\/pablogarrigos.com\/en\/"},{"@type":"ListItem","position":2,"name":"Tienda","item":"https:\/\/pablogarrigos.com\/en\/tienda\/"},{"@type":"ListItem","position":3,"name":"Lemon &amp; Caramel Chocolate Vintage 125gr"}]},{"@type":"WebSite","@id":"https:\/\/pablogarrigos.com\/#website","url":"https:\/\/pablogarrigos.com\/","name":"Pablo Garrig\u00f3s Iba\u00f1ez","description":"Le sens du go\u00fbt","publisher":{"@id":"https:\/\/pablogarrigos.com\/#organization"},"potentialAction":[{"@type":"SearchAction","target":{"@type":"EntryPoint","urlTemplate":"https:\/\/pablogarrigos.com\/?s={search_term_string}"},"query-input":{"@type":"PropertyValueSpecification","valueRequired":true,"valueName":"search_term_string"}}],"inLanguage":"fr-FR"},{"@type":"Organization","@id":"https:\/\/pablogarrigos.com\/#organization","name":"Pablo Garrig\u00f3s Iba\u00f1ez","url":"https:\/\/pablogarrigos.com\/","logo":{"@type":"ImageObject","inLanguage":"fr-FR","@id":"https:\/\/pablogarrigos.com\/#\/schema\/logo\/image\/","url":"https:\/\/pablogarrigos.com\/wp-content\/uploads\/2024\/02\/logo-pablogarrigos.png","contentUrl":"https:\/\/pablogarrigos.com\/wp-content\/uploads\/2024\/02\/logo-pablogarrigos.png","width":1247,"height":480,"caption":"Pablo Garrig\u00f3s Iba\u00f1ez"},"image":{"@id":"https:\/\/pablogarrigos.com\/#\/schema\/logo\/image\/"}}]}},"_links":{"self":[{"href":"https:\/\/pablogarrigos.com\/fr\/wp-json\/wp\/v2\/product\/579","targetHints":{"allow":["GET"]}}],"collection":[{"href":"https:\/\/pablogarrigos.com\/fr\/wp-json\/wp\/v2\/product"}],"about":[{"href":"https:\/\/pablogarrigos.com\/fr\/wp-json\/wp\/v2\/types\/product"}],"wp:featuredmedia":[{"embeddable":true,"href":"https:\/\/pablogarrigos.com\/fr\/wp-json\/wp\/v2\/media\/580"}],"wp:attachment":[{"href":"https:\/\/pablogarrigos.com\/fr\/wp-json\/wp\/v2\/media?parent=579"}],"wp:term":[{"taxonomy":"product_brand","embeddable":true,"href":"https:\/\/pablogarrigos.com\/fr\/wp-json\/wp\/v2\/product_brand?post=579"},{"taxonomy":"product_cat","embeddable":true,"href":"https:\/\/pablogarrigos.com\/fr\/wp-json\/wp\/v2\/product_cat?post=579"},{"taxonomy":"product_tag","embeddable":true,"href":"https:\/\/pablogarrigos.com\/fr\/wp-json\/wp\/v2\/product_tag?post=579"}],"curies":[{"name":"wp","href":"https:\/\/api.w.org\/{rel}","templated":true}]}}