{"id":574,"date":"2024-02-20T20:28:11","date_gmt":"2024-02-20T19:28:11","guid":{"rendered":"https:\/\/pablogarrigos.com\/index.php\/product\/chocolate-moments-3-variedades-135gr\/"},"modified":"2026-01-21T08:25:07","modified_gmt":"2026-01-21T07:25:07","slug":"chocolate-moments-3-variedades-135gr","status":"publish","type":"product","link":"https:\/\/pablogarrigos.com\/fr\/chocolates-y-fruites\/fruit-chocolates\/chocolate-moments-3-variedades-135gr\/","title":{"rendered":"Moments de chocolat 3 vari\u00e9t\u00e9s 135 gr"},"content":{"rendered":"<p>CHOCOLAT BLANC AVEC FRUITS S\u00c9CH\u00c9S ET FRUITS S\u00c9CH\u00c9S : 68% chocolat blanc de couverture (sucre, beurre de cacao, beurre de cacao), <strong>lait<\/strong> poudre, \u00e9mulsifiant (l\u00e9cithine d'huile v\u00e9g\u00e9tale), \u00e9mulsifiant (l\u00e9cithine d'huile v\u00e9g\u00e9tale), \u00e9mulsifiant (l\u00e9cithine d'huile v\u00e9g\u00e9tale), et <strong>soja<\/strong>) et ar\u00f4me) et m\u00e9lange de fruits secs en proportions variables 32% (canneberge (canneberge, sucre et huile de tournesol), orange (\u00e9corce d'orange, sirop de glucose et de fructose, sucre, r\u00e9gulateur d'acidit\u00e9 : acide citrique, conservateurs (E-202 et E-223), <strong>noisette<\/strong> toast, <strong>amande<\/strong> des toasts, des graines de citrouille, <strong>noix<\/strong> et raisins secs). Enrobage de cacao : 25% minimum. <strong>Contient des sulfites. Peut contenir des traces d'arachides et d'autres fruits \u00e0 coque.<\/strong><\/p>\n<p>CHOCOLAT LAIT AVEC FRUITS S\u00c9CH\u00c9S ET FRUITS S\u00c9CH\u00c9S : 68% chocolat au lait de couverture (sucre, beurre de cacao, beurre de cacao), <strong>lait<\/strong> poudre 13%, p\u00e2te de cacao, \u00e9mulsifiant (l\u00e9cithine de cacao), poudre de cacao 13%, p\u00e2te de cacao, \u00e9mulsifiant (l\u00e9cithine de cacao), poudre de cacao <strong>soja<\/strong>) et ar\u00f4me)) et m\u00e9lange de fruits secs en proportion variable 32% (canneberge (canneberge, sucre et huile de tournesol), orange (\u00e9corce d'orange, sirop de glucose et de fructose, sucre, r\u00e9gulateur d'acidit\u00e9 : acide citrique, conservateurs (E-202 et E-223), <strong>noisette<\/strong> toast, <strong>amande<\/strong> des toasts, des graines de citrouille, <strong>noix<\/strong> et raisins secs). Enrobage de cacao : 33% minimum. <strong>Contient des sulfites. Peut contenir des traces d'arachides et d'autres fruits \u00e0 coque.<\/strong><\/p>\n<p>CHOCOLATE NEGRO CON FRUTOS SECOS Y FRUTAS DESECADAS: Cobertura de chocolate negro 68% (pasta de cacao, az\u00facar, manteca de cacao, emulgente (lecitina de <strong>soja<\/strong>), ar\u00f4me naturel de vanille) et m\u00e9lange de fruits secs en proportions variables 32% (canneberge (canneberge, sucre et huile de tournesol), orange (\u00e9corce d'orange, sirop de glucose-fructose, sucre, r\u00e9gulateur d'acidit\u00e9 : acide citrique, conservateurs (E-202 et E-223), <strong>noisette<\/strong> toast, <strong>amande<\/strong> des toasts, des graines de citrouille, <strong>noix<\/strong> Rev\u00eatement cacao : 57% minimum. <strong>Contient des sulfites. <\/strong><strong>Peut contenir des traces de lait, d'arachides et d'autres fruits \u00e0 coque.<\/strong><\/p>\n<p><strong>Conservar en un lugar fresco y seco. 12\u00ba-17\u00baC.<\/strong><\/p>","protected":false},"excerpt":{"rendered":"<p>De d\u00e9licieuses pi\u00e8ces de chocolat en trois saveurs (noir, blanc et lait) parsem\u00e9es de fruits secs naturels et de noix, inspir\u00e9es des chocolats belges traditionnels, mais avec la sophistication qui caract\u00e9rise les produits de Pablo Garrig\u00f3s Ib\u00e1\u00f1ez.<\/p>","protected":false},"featured_media":575,"template":"","meta":{"_acf_changed":false,"inline_featured_image":false},"product_brand":[],"product_cat":[20,25],"product_tag":[],"class_list":{"0":"post-574","1":"product","2":"type-product","3":"status-publish","4":"has-post-thumbnail","6":"product_cat-chocolates-y-fruites","7":"product_cat-fruit-chocolates","9":"first","10":"instock","11":"taxable","12":"shipping-taxable","13":"purchasable","14":"product-type-simple"},"acf":[],"yoast_head":"<!-- This site is optimized with the Yoast SEO plugin v26.5 - https:\/\/yoast.com\/wordpress\/plugins\/seo\/ -->\n<title>Chocolate Moments 3 Variedades | Pablo Garrig\u00f3s Ib\u00e1\u00f1ez<\/title>\n<meta name=\"description\" content=\"Descubre los nuevos Chocolate Moments 3 variedades: una explosi\u00f3n de sabor y texturas de chocolate negro, blanco y con leche con frutas y frutos secos.\" \/>\n<meta name=\"robots\" content=\"index, follow, max-snippet:-1, max-image-preview:large, max-video-preview:-1\" \/>\n<link rel=\"canonical\" href=\"https:\/\/pablogarrigos.com\/fr\/chocolates-y-fruites\/fruit-chocolates\/chocolate-moments-3-variedades-135gr\/\" \/>\n<meta property=\"og:locale\" content=\"fr_FR\" \/>\n<meta property=\"og:type\" content=\"article\" \/>\n<meta property=\"og:title\" content=\"Chocolate Moments 3 Variedades | Pablo Garrig\u00f3s Ib\u00e1\u00f1ez\" \/>\n<meta property=\"og:description\" content=\"Descubre los nuevos Chocolate Moments 3 variedades: una explosi\u00f3n de sabor y texturas de chocolate negro, blanco y con leche con frutas y frutos secos.\" \/>\n<meta property=\"og:url\" content=\"https:\/\/pablogarrigos.com\/fr\/chocolates-y-fruites\/fruit-chocolates\/chocolate-moments-3-variedades-135gr\/\" \/>\n<meta property=\"og:site_name\" content=\"Pablo Garrig\u00f3s Iba\u00f1ez\" \/>\n<meta property=\"article:modified_time\" content=\"2026-01-21T07:25:07+00:00\" \/>\n<meta property=\"og:image\" content=\"https:\/\/pablogarrigos.com\/wp-content\/uploads\/2024\/02\/Chocolate-Moments-800x800-1.jpg\" \/>\n\t<meta property=\"og:image:width\" content=\"800\" \/>\n\t<meta property=\"og:image:height\" content=\"800\" \/>\n\t<meta property=\"og:image:type\" content=\"image\/jpeg\" \/>\n<meta name=\"twitter:card\" content=\"summary_large_image\" \/>\n<meta name=\"twitter:label1\" content=\"Dur\u00e9e de lecture estim\u00e9e\" \/>\n\t<meta name=\"twitter:data1\" content=\"2 minutes\" \/>\n<script type=\"application\/ld+json\" class=\"yoast-schema-graph\">{\"@context\":\"https:\/\/schema.org\",\"@graph\":[{\"@type\":\"WebPage\",\"@id\":\"https:\/\/pablogarrigos.com\/chocolates-y-fruites\/fruit-chocolates\/chocolate-moments-3-variedades-135gr\/\",\"url\":\"https:\/\/pablogarrigos.com\/chocolates-y-fruites\/fruit-chocolates\/chocolate-moments-3-variedades-135gr\/\",\"name\":\"Chocolate Moments 3 Variedades | Pablo Garrig\u00f3s Ib\u00e1\u00f1ez\",\"isPartOf\":{\"@id\":\"https:\/\/pablogarrigos.com\/#website\"},\"primaryImageOfPage\":{\"@id\":\"https:\/\/pablogarrigos.com\/chocolates-y-fruites\/fruit-chocolates\/chocolate-moments-3-variedades-135gr\/#primaryimage\"},\"image\":{\"@id\":\"https:\/\/pablogarrigos.com\/chocolates-y-fruites\/fruit-chocolates\/chocolate-moments-3-variedades-135gr\/#primaryimage\"},\"thumbnailUrl\":\"https:\/\/pablogarrigos.com\/wp-content\/uploads\/2024\/02\/Chocolate-Moments-800x800-1.jpg\",\"datePublished\":\"2024-02-20T19:28:11+00:00\",\"dateModified\":\"2026-01-21T07:25:07+00:00\",\"description\":\"Descubre los nuevos Chocolate Moments 3 variedades: una explosi\u00f3n de sabor y texturas de chocolate negro, blanco y con leche con frutas y frutos secos.\",\"breadcrumb\":{\"@id\":\"https:\/\/pablogarrigos.com\/chocolates-y-fruites\/fruit-chocolates\/chocolate-moments-3-variedades-135gr\/#breadcrumb\"},\"inLanguage\":\"fr-FR\",\"potentialAction\":[{\"@type\":\"ReadAction\",\"target\":[\"https:\/\/pablogarrigos.com\/chocolates-y-fruites\/fruit-chocolates\/chocolate-moments-3-variedades-135gr\/\"]}]},{\"@type\":\"ImageObject\",\"inLanguage\":\"fr-FR\",\"@id\":\"https:\/\/pablogarrigos.com\/chocolates-y-fruites\/fruit-chocolates\/chocolate-moments-3-variedades-135gr\/#primaryimage\",\"url\":\"https:\/\/pablogarrigos.com\/wp-content\/uploads\/2024\/02\/Chocolate-Moments-800x800-1.jpg\",\"contentUrl\":\"https:\/\/pablogarrigos.com\/wp-content\/uploads\/2024\/02\/Chocolate-Moments-800x800-1.jpg\",\"width\":800,\"height\":800,\"caption\":\"Nuevo Chocolate Moments 3 variedades\"},{\"@type\":\"BreadcrumbList\",\"@id\":\"https:\/\/pablogarrigos.com\/chocolates-y-fruites\/fruit-chocolates\/chocolate-moments-3-variedades-135gr\/#breadcrumb\",\"itemListElement\":[{\"@type\":\"ListItem\",\"position\":1,\"name\":\"Home\",\"item\":\"https:\/\/pablogarrigos.com\/en\/\"},{\"@type\":\"ListItem\",\"position\":2,\"name\":\"Tienda\",\"item\":\"https:\/\/pablogarrigos.com\/en\/tienda\/\"},{\"@type\":\"ListItem\",\"position\":3,\"name\":\"Chocolate Moments 3 variedades 135 gr\"}]},{\"@type\":\"WebSite\",\"@id\":\"https:\/\/pablogarrigos.com\/#website\",\"url\":\"https:\/\/pablogarrigos.com\/\",\"name\":\"Pablo Garrig\u00f3s Iba\u00f1ez\",\"description\":\"El Sentido del Gusto\",\"publisher\":{\"@id\":\"https:\/\/pablogarrigos.com\/#organization\"},\"potentialAction\":[{\"@type\":\"SearchAction\",\"target\":{\"@type\":\"EntryPoint\",\"urlTemplate\":\"https:\/\/pablogarrigos.com\/?s={search_term_string}\"},\"query-input\":{\"@type\":\"PropertyValueSpecification\",\"valueRequired\":true,\"valueName\":\"search_term_string\"}}],\"inLanguage\":\"fr-FR\"},{\"@type\":\"Organization\",\"@id\":\"https:\/\/pablogarrigos.com\/#organization\",\"name\":\"Pablo Garrig\u00f3s Iba\u00f1ez\",\"url\":\"https:\/\/pablogarrigos.com\/\",\"logo\":{\"@type\":\"ImageObject\",\"inLanguage\":\"fr-FR\",\"@id\":\"https:\/\/pablogarrigos.com\/#\/schema\/logo\/image\/\",\"url\":\"https:\/\/pablogarrigos.com\/wp-content\/uploads\/2024\/02\/logo-pablogarrigos.png\",\"contentUrl\":\"https:\/\/pablogarrigos.com\/wp-content\/uploads\/2024\/02\/logo-pablogarrigos.png\",\"width\":1247,\"height\":480,\"caption\":\"Pablo Garrig\u00f3s Iba\u00f1ez\"},\"image\":{\"@id\":\"https:\/\/pablogarrigos.com\/#\/schema\/logo\/image\/\"}}]}<\/script>\n<!-- \/ Yoast SEO plugin. -->","yoast_head_json":{"title":"Moments de chocolat 3 vari\u00e9t\u00e9s | Pablo Garrig\u00f3s Ib\u00e1\u00f1ez","description":"D\u00e9couvrez les nouvelles vari\u00e9t\u00e9s Chocolate Moments 3 : une explosion de saveurs et de textures de chocolat noir, blanc et au lait avec des fruits et des noix.","robots":{"index":"index","follow":"follow","max-snippet":"max-snippet:-1","max-image-preview":"max-image-preview:large","max-video-preview":"max-video-preview:-1"},"canonical":"https:\/\/pablogarrigos.com\/fr\/chocolates-y-fruites\/fruit-chocolates\/chocolate-moments-3-variedades-135gr\/","og_locale":"fr_FR","og_type":"article","og_title":"Chocolate Moments 3 Variedades | Pablo Garrig\u00f3s Ib\u00e1\u00f1ez","og_description":"Descubre los nuevos Chocolate Moments 3 variedades: una explosi\u00f3n de sabor y texturas de chocolate negro, blanco y con leche con frutas y frutos secos.","og_url":"https:\/\/pablogarrigos.com\/fr\/chocolates-y-fruites\/fruit-chocolates\/chocolate-moments-3-variedades-135gr\/","og_site_name":"Pablo Garrig\u00f3s Iba\u00f1ez","article_modified_time":"2026-01-21T07:25:07+00:00","og_image":[{"width":800,"height":800,"url":"https:\/\/pablogarrigos.com\/wp-content\/uploads\/2024\/02\/Chocolate-Moments-800x800-1.jpg","type":"image\/jpeg"}],"twitter_card":"summary_large_image","twitter_misc":{"Dur\u00e9e de lecture estim\u00e9e":"2 minutes"},"schema":{"@context":"https:\/\/schema.org","@graph":[{"@type":"WebPage","@id":"https:\/\/pablogarrigos.com\/chocolates-y-fruites\/fruit-chocolates\/chocolate-moments-3-variedades-135gr\/","url":"https:\/\/pablogarrigos.com\/chocolates-y-fruites\/fruit-chocolates\/chocolate-moments-3-variedades-135gr\/","name":"Moments de chocolat 3 vari\u00e9t\u00e9s | Pablo Garrig\u00f3s Ib\u00e1\u00f1ez","isPartOf":{"@id":"https:\/\/pablogarrigos.com\/#website"},"primaryImageOfPage":{"@id":"https:\/\/pablogarrigos.com\/chocolates-y-fruites\/fruit-chocolates\/chocolate-moments-3-variedades-135gr\/#primaryimage"},"image":{"@id":"https:\/\/pablogarrigos.com\/chocolates-y-fruites\/fruit-chocolates\/chocolate-moments-3-variedades-135gr\/#primaryimage"},"thumbnailUrl":"https:\/\/pablogarrigos.com\/wp-content\/uploads\/2024\/02\/Chocolate-Moments-800x800-1.jpg","datePublished":"2024-02-20T19:28:11+00:00","dateModified":"2026-01-21T07:25:07+00:00","description":"D\u00e9couvrez les nouvelles vari\u00e9t\u00e9s Chocolate Moments 3 : une explosion de saveurs et de textures de chocolat noir, blanc et au lait avec des fruits et des noix.","breadcrumb":{"@id":"https:\/\/pablogarrigos.com\/chocolates-y-fruites\/fruit-chocolates\/chocolate-moments-3-variedades-135gr\/#breadcrumb"},"inLanguage":"fr-FR","potentialAction":[{"@type":"ReadAction","target":["https:\/\/pablogarrigos.com\/chocolates-y-fruites\/fruit-chocolates\/chocolate-moments-3-variedades-135gr\/"]}]},{"@type":"ImageObject","inLanguage":"fr-FR","@id":"https:\/\/pablogarrigos.com\/chocolates-y-fruites\/fruit-chocolates\/chocolate-moments-3-variedades-135gr\/#primaryimage","url":"https:\/\/pablogarrigos.com\/wp-content\/uploads\/2024\/02\/Chocolate-Moments-800x800-1.jpg","contentUrl":"https:\/\/pablogarrigos.com\/wp-content\/uploads\/2024\/02\/Chocolate-Moments-800x800-1.jpg","width":800,"height":800,"caption":"Nuevo Chocolate Moments 3 variedades"},{"@type":"BreadcrumbList","@id":"https:\/\/pablogarrigos.com\/chocolates-y-fruites\/fruit-chocolates\/chocolate-moments-3-variedades-135gr\/#breadcrumb","itemListElement":[{"@type":"ListItem","position":1,"name":"Home","item":"https:\/\/pablogarrigos.com\/en\/"},{"@type":"ListItem","position":2,"name":"Tienda","item":"https:\/\/pablogarrigos.com\/en\/tienda\/"},{"@type":"ListItem","position":3,"name":"Chocolate Moments 3 variedades 135 gr"}]},{"@type":"WebSite","@id":"https:\/\/pablogarrigos.com\/#website","url":"https:\/\/pablogarrigos.com\/","name":"Pablo Garrig\u00f3s Iba\u00f1ez","description":"Le sens du go\u00fbt","publisher":{"@id":"https:\/\/pablogarrigos.com\/#organization"},"potentialAction":[{"@type":"SearchAction","target":{"@type":"EntryPoint","urlTemplate":"https:\/\/pablogarrigos.com\/?s={search_term_string}"},"query-input":{"@type":"PropertyValueSpecification","valueRequired":true,"valueName":"search_term_string"}}],"inLanguage":"fr-FR"},{"@type":"Organization","@id":"https:\/\/pablogarrigos.com\/#organization","name":"Pablo Garrig\u00f3s Iba\u00f1ez","url":"https:\/\/pablogarrigos.com\/","logo":{"@type":"ImageObject","inLanguage":"fr-FR","@id":"https:\/\/pablogarrigos.com\/#\/schema\/logo\/image\/","url":"https:\/\/pablogarrigos.com\/wp-content\/uploads\/2024\/02\/logo-pablogarrigos.png","contentUrl":"https:\/\/pablogarrigos.com\/wp-content\/uploads\/2024\/02\/logo-pablogarrigos.png","width":1247,"height":480,"caption":"Pablo Garrig\u00f3s Iba\u00f1ez"},"image":{"@id":"https:\/\/pablogarrigos.com\/#\/schema\/logo\/image\/"}}]}},"_links":{"self":[{"href":"https:\/\/pablogarrigos.com\/fr\/wp-json\/wp\/v2\/product\/574","targetHints":{"allow":["GET"]}}],"collection":[{"href":"https:\/\/pablogarrigos.com\/fr\/wp-json\/wp\/v2\/product"}],"about":[{"href":"https:\/\/pablogarrigos.com\/fr\/wp-json\/wp\/v2\/types\/product"}],"wp:featuredmedia":[{"embeddable":true,"href":"https:\/\/pablogarrigos.com\/fr\/wp-json\/wp\/v2\/media\/575"}],"wp:attachment":[{"href":"https:\/\/pablogarrigos.com\/fr\/wp-json\/wp\/v2\/media?parent=574"}],"wp:term":[{"taxonomy":"product_brand","embeddable":true,"href":"https:\/\/pablogarrigos.com\/fr\/wp-json\/wp\/v2\/product_brand?post=574"},{"taxonomy":"product_cat","embeddable":true,"href":"https:\/\/pablogarrigos.com\/fr\/wp-json\/wp\/v2\/product_cat?post=574"},{"taxonomy":"product_tag","embeddable":true,"href":"https:\/\/pablogarrigos.com\/fr\/wp-json\/wp\/v2\/product_tag?post=574"}],"curies":[{"name":"wp","href":"https:\/\/api.w.org\/{rel}","templated":true}]}}