{"id":568,"date":"2024-02-20T09:18:20","date_gmt":"2024-02-20T08:18:20","guid":{"rendered":"https:\/\/pablogarrigos.com\/index.php\/product\/chocolate-caramel-con-naranja-almendra-marcona-y-pistacho-delicatessen-200g\/"},"modified":"2025-11-13T12:06:05","modified_gmt":"2025-11-13T11:06:05","slug":"chocolate-caramel-con-naranja-almendra-marcona-y-pistacho-delicatessen-200g","status":"publish","type":"product","link":"https:\/\/pablogarrigos.com\/fr\/turrones\/delicatessen\/chocolate-caramel-con-naranja-almendra-marcona-y-pistacho-delicatessen-200g\/","title":{"rendered":"Chocolat caramel \u00e0 l'orange, amandes Marcona et pistaches 200g"},"content":{"rendered":"<p>Chocolat blanc au caramel 70% (sucre, beurre de cacao ; <strong>lait<\/strong> poudre, caramel en poudre avec de la graisse de <strong>lait<\/strong> (<strong>lait<\/strong> poudre \u00e9cr\u00e9m\u00e9e, <strong>lactos\u00e9rum<\/strong> poudre, mati\u00e8res grasses <strong>laitier<\/strong>(ar\u00f4me naturel de vanille) 10,5%, <strong>lait<\/strong> lait \u00e9cr\u00e9m\u00e9 en poudre, sucre caram\u00e9lis\u00e9 1,5%, \u00e9mulsifiant (l\u00e9cithine de tournesol), p\u00e2te de cacao et sel), orange confite 15% (orange, sirop de glucose, sucre et conservateurs (E202 et E223), <strong>amande<\/strong> Marcona 10% et <strong>pistache<\/strong> 5%. <strong>Contient des sulfites. Peut contenir des traces d'\u0153ufs et d'autres fruits \u00e0 coque.<\/strong><\/p>\n<p><strong>Conservar en un lugar fresco y seco. 18\u00ba-22\u00baC.<\/strong><\/p>","protected":false},"excerpt":{"rendered":"<p>Barre de nougat dans laquelle le chocolat au caramel est magistralement et \u00e9tonnamment combin\u00e9 avec de l'orange confite naturelle, des amandes Marcona et des pistaches. NOUVEAU FORMAT 200 grammes.<\/p>","protected":false},"featured_media":569,"template":"","meta":{"_acf_changed":false,"inline_featured_image":false},"product_brand":[],"product_cat":[20,21,18],"product_tag":[],"class_list":{"0":"post-568","1":"product","2":"type-product","3":"status-publish","4":"has-post-thumbnail","6":"product_cat-chocolates-y-fruites","7":"product_cat-delicatessen","8":"product_cat-turrones","10":"first","11":"instock","12":"taxable","13":"shipping-taxable","14":"purchasable","15":"product-type-simple"},"acf":[],"yoast_head":"<!-- This site is optimized with the Yoast SEO plugin v27.4 - https:\/\/yoast.com\/product\/yoast-seo-wordpress\/ -->\n<title>Chocolate Caramel Naranja Almendra Pistacho Delicatessen | Pablo Garrig\u00f3s Ib\u00e1\u00f1ez<\/title>\n<meta name=\"description\" content=\"D\u00e9jate sorprender por la explosi\u00f3n de sabores del Chocolate Caramel con Naranja, Almendra Marcona y Pistacho Delicatessen. Un viaje sensorial en cada bocado. NUEVO FORMATO 200 gramos.\" \/>\n<meta name=\"robots\" content=\"index, follow, max-snippet:-1, max-image-preview:large, max-video-preview:-1\" \/>\n<link rel=\"canonical\" href=\"https:\/\/pablogarrigos.com\/fr\/turrones\/delicatessen\/chocolate-caramel-con-naranja-almendra-marcona-y-pistacho-delicatessen-200g\/\" \/>\n<meta property=\"og:locale\" content=\"fr_FR\" \/>\n<meta property=\"og:type\" content=\"article\" \/>\n<meta property=\"og:title\" content=\"Chocolate Caramel Naranja Almendra Pistacho Delicatessen | Pablo Garrig\u00f3s Ib\u00e1\u00f1ez\" \/>\n<meta property=\"og:description\" content=\"D\u00e9jate sorprender por la explosi\u00f3n de sabores del Chocolate Caramel con Naranja, Almendra Marcona y Pistacho Delicatessen. Un viaje sensorial en cada bocado. NUEVO FORMATO 200 gramos.\" \/>\n<meta property=\"og:url\" content=\"https:\/\/pablogarrigos.com\/fr\/turrones\/delicatessen\/chocolate-caramel-con-naranja-almendra-marcona-y-pistacho-delicatessen-200g\/\" \/>\n<meta property=\"og:site_name\" content=\"Pablo Garrig\u00f3s Iba\u00f1ez\" \/>\n<meta property=\"article:modified_time\" content=\"2025-11-13T11:06:05+00:00\" \/>\n<meta property=\"og:image\" content=\"https:\/\/pablogarrigos.com\/wp-content\/uploads\/2024\/02\/turron-chocolate-caramel-naranja-marcona-pistacho-delicatessen-200.jpg\" \/>\n\t<meta property=\"og:image:width\" content=\"600\" \/>\n\t<meta property=\"og:image:height\" content=\"600\" \/>\n\t<meta property=\"og:image:type\" content=\"image\/jpeg\" \/>\n<meta name=\"twitter:card\" content=\"summary_large_image\" \/>\n<meta name=\"twitter:label1\" content=\"Dur\u00e9e de lecture estim\u00e9e\" \/>\n\t<meta name=\"twitter:data1\" content=\"1 minute\" \/>\n<script type=\"application\/ld+json\" class=\"yoast-schema-graph\">{\"@context\":\"https:\\\/\\\/schema.org\",\"@graph\":[{\"@type\":\"WebPage\",\"@id\":\"https:\\\/\\\/pablogarrigos.com\\\/turrones\\\/delicatessen\\\/chocolate-caramel-con-naranja-almendra-marcona-y-pistacho-delicatessen-200g\\\/\",\"url\":\"https:\\\/\\\/pablogarrigos.com\\\/turrones\\\/delicatessen\\\/chocolate-caramel-con-naranja-almendra-marcona-y-pistacho-delicatessen-200g\\\/\",\"name\":\"Chocolate Caramel Naranja Almendra Pistacho Delicatessen | Pablo Garrig\u00f3s Ib\u00e1\u00f1ez\",\"isPartOf\":{\"@id\":\"https:\\\/\\\/pablogarrigos.com\\\/#website\"},\"primaryImageOfPage\":{\"@id\":\"https:\\\/\\\/pablogarrigos.com\\\/turrones\\\/delicatessen\\\/chocolate-caramel-con-naranja-almendra-marcona-y-pistacho-delicatessen-200g\\\/#primaryimage\"},\"image\":{\"@id\":\"https:\\\/\\\/pablogarrigos.com\\\/turrones\\\/delicatessen\\\/chocolate-caramel-con-naranja-almendra-marcona-y-pistacho-delicatessen-200g\\\/#primaryimage\"},\"thumbnailUrl\":\"https:\\\/\\\/pablogarrigos.com\\\/wp-content\\\/uploads\\\/2024\\\/02\\\/turron-chocolate-caramel-naranja-marcona-pistacho-delicatessen-200.jpg\",\"datePublished\":\"2024-02-20T08:18:20+00:00\",\"dateModified\":\"2025-11-13T11:06:05+00:00\",\"description\":\"D\u00e9jate sorprender por la explosi\u00f3n de sabores del Chocolate Caramel con Naranja, Almendra Marcona y Pistacho Delicatessen. Un viaje sensorial en cada bocado. NUEVO FORMATO 200 gramos.\",\"breadcrumb\":{\"@id\":\"https:\\\/\\\/pablogarrigos.com\\\/turrones\\\/delicatessen\\\/chocolate-caramel-con-naranja-almendra-marcona-y-pistacho-delicatessen-200g\\\/#breadcrumb\"},\"inLanguage\":\"fr-FR\",\"potentialAction\":[{\"@type\":\"ReadAction\",\"target\":[\"https:\\\/\\\/pablogarrigos.com\\\/turrones\\\/delicatessen\\\/chocolate-caramel-con-naranja-almendra-marcona-y-pistacho-delicatessen-200g\\\/\"]}]},{\"@type\":\"ImageObject\",\"inLanguage\":\"fr-FR\",\"@id\":\"https:\\\/\\\/pablogarrigos.com\\\/turrones\\\/delicatessen\\\/chocolate-caramel-con-naranja-almendra-marcona-y-pistacho-delicatessen-200g\\\/#primaryimage\",\"url\":\"https:\\\/\\\/pablogarrigos.com\\\/wp-content\\\/uploads\\\/2024\\\/02\\\/turron-chocolate-caramel-naranja-marcona-pistacho-delicatessen-200.jpg\",\"contentUrl\":\"https:\\\/\\\/pablogarrigos.com\\\/wp-content\\\/uploads\\\/2024\\\/02\\\/turron-chocolate-caramel-naranja-marcona-pistacho-delicatessen-200.jpg\",\"width\":600,\"height\":600},{\"@type\":\"BreadcrumbList\",\"@id\":\"https:\\\/\\\/pablogarrigos.com\\\/turrones\\\/delicatessen\\\/chocolate-caramel-con-naranja-almendra-marcona-y-pistacho-delicatessen-200g\\\/#breadcrumb\",\"itemListElement\":[{\"@type\":\"ListItem\",\"position\":1,\"name\":\"Home\",\"item\":\"https:\\\/\\\/pablogarrigos.com\\\/en\\\/\"},{\"@type\":\"ListItem\",\"position\":2,\"name\":\"Tienda\",\"item\":\"https:\\\/\\\/pablogarrigos.com\\\/en\\\/tienda\\\/\"},{\"@type\":\"ListItem\",\"position\":3,\"name\":\"Chocolate Caramel con Naranja, almendra Marcona y Pistacho Delicatessen 200g\"}]},{\"@type\":\"WebSite\",\"@id\":\"https:\\\/\\\/pablogarrigos.com\\\/#website\",\"url\":\"https:\\\/\\\/pablogarrigos.com\\\/\",\"name\":\"Pablo Garrig\u00f3s Iba\u00f1ez\",\"description\":\"El Sentido del Gusto\",\"publisher\":{\"@id\":\"https:\\\/\\\/pablogarrigos.com\\\/#organization\"},\"potentialAction\":[{\"@type\":\"SearchAction\",\"target\":{\"@type\":\"EntryPoint\",\"urlTemplate\":\"https:\\\/\\\/pablogarrigos.com\\\/?s={search_term_string}\"},\"query-input\":{\"@type\":\"PropertyValueSpecification\",\"valueRequired\":true,\"valueName\":\"search_term_string\"}}],\"inLanguage\":\"fr-FR\"},{\"@type\":\"Organization\",\"@id\":\"https:\\\/\\\/pablogarrigos.com\\\/#organization\",\"name\":\"Pablo Garrig\u00f3s Iba\u00f1ez\",\"url\":\"https:\\\/\\\/pablogarrigos.com\\\/\",\"logo\":{\"@type\":\"ImageObject\",\"inLanguage\":\"fr-FR\",\"@id\":\"https:\\\/\\\/pablogarrigos.com\\\/#\\\/schema\\\/logo\\\/image\\\/\",\"url\":\"https:\\\/\\\/pablogarrigos.com\\\/wp-content\\\/uploads\\\/2024\\\/02\\\/logo-pablogarrigos.png\",\"contentUrl\":\"https:\\\/\\\/pablogarrigos.com\\\/wp-content\\\/uploads\\\/2024\\\/02\\\/logo-pablogarrigos.png\",\"width\":1247,\"height\":480,\"caption\":\"Pablo Garrig\u00f3s Iba\u00f1ez\"},\"image\":{\"@id\":\"https:\\\/\\\/pablogarrigos.com\\\/#\\\/schema\\\/logo\\\/image\\\/\"}}]}<\/script>\n<!-- \/ Yoast SEO plugin. -->","yoast_head_json":{"title":"Chocolat Caramel Orange Orange Amande Pistache Charcuterie | Pablo Garrig\u00f3s Ib\u00e1\u00f1ez","description":"Laissez-vous surprendre par l'explosion de saveurs du Chocolat Caramel \u00e0 l'Orange, Amande Marcona et Pistache Delicatessen. Un voyage sensoriel \u00e0 chaque bouch\u00e9e. NOUVEAU FORMAT 200 grammes.","robots":{"index":"index","follow":"follow","max-snippet":"max-snippet:-1","max-image-preview":"max-image-preview:large","max-video-preview":"max-video-preview:-1"},"canonical":"https:\/\/pablogarrigos.com\/fr\/turrones\/delicatessen\/chocolate-caramel-con-naranja-almendra-marcona-y-pistacho-delicatessen-200g\/","og_locale":"fr_FR","og_type":"article","og_title":"Chocolate Caramel Naranja Almendra Pistacho Delicatessen | Pablo Garrig\u00f3s Ib\u00e1\u00f1ez","og_description":"D\u00e9jate sorprender por la explosi\u00f3n de sabores del Chocolate Caramel con Naranja, Almendra Marcona y Pistacho Delicatessen. Un viaje sensorial en cada bocado. NUEVO FORMATO 200 gramos.","og_url":"https:\/\/pablogarrigos.com\/fr\/turrones\/delicatessen\/chocolate-caramel-con-naranja-almendra-marcona-y-pistacho-delicatessen-200g\/","og_site_name":"Pablo Garrig\u00f3s Iba\u00f1ez","article_modified_time":"2025-11-13T11:06:05+00:00","og_image":[{"width":600,"height":600,"url":"https:\/\/pablogarrigos.com\/wp-content\/uploads\/2024\/02\/turron-chocolate-caramel-naranja-marcona-pistacho-delicatessen-200.jpg","type":"image\/jpeg"}],"twitter_card":"summary_large_image","twitter_misc":{"Dur\u00e9e de lecture estim\u00e9e":"1 minute"},"schema":{"@context":"https:\/\/schema.org","@graph":[{"@type":"WebPage","@id":"https:\/\/pablogarrigos.com\/turrones\/delicatessen\/chocolate-caramel-con-naranja-almendra-marcona-y-pistacho-delicatessen-200g\/","url":"https:\/\/pablogarrigos.com\/turrones\/delicatessen\/chocolate-caramel-con-naranja-almendra-marcona-y-pistacho-delicatessen-200g\/","name":"Chocolat Caramel Orange Orange Amande Pistache Charcuterie | Pablo Garrig\u00f3s Ib\u00e1\u00f1ez","isPartOf":{"@id":"https:\/\/pablogarrigos.com\/#website"},"primaryImageOfPage":{"@id":"https:\/\/pablogarrigos.com\/turrones\/delicatessen\/chocolate-caramel-con-naranja-almendra-marcona-y-pistacho-delicatessen-200g\/#primaryimage"},"image":{"@id":"https:\/\/pablogarrigos.com\/turrones\/delicatessen\/chocolate-caramel-con-naranja-almendra-marcona-y-pistacho-delicatessen-200g\/#primaryimage"},"thumbnailUrl":"https:\/\/pablogarrigos.com\/wp-content\/uploads\/2024\/02\/turron-chocolate-caramel-naranja-marcona-pistacho-delicatessen-200.jpg","datePublished":"2024-02-20T08:18:20+00:00","dateModified":"2025-11-13T11:06:05+00:00","description":"Laissez-vous surprendre par l'explosion de saveurs du Chocolat Caramel \u00e0 l'Orange, Amande Marcona et Pistache Delicatessen. Un voyage sensoriel \u00e0 chaque bouch\u00e9e. NOUVEAU FORMAT 200 grammes.","breadcrumb":{"@id":"https:\/\/pablogarrigos.com\/turrones\/delicatessen\/chocolate-caramel-con-naranja-almendra-marcona-y-pistacho-delicatessen-200g\/#breadcrumb"},"inLanguage":"fr-FR","potentialAction":[{"@type":"ReadAction","target":["https:\/\/pablogarrigos.com\/turrones\/delicatessen\/chocolate-caramel-con-naranja-almendra-marcona-y-pistacho-delicatessen-200g\/"]}]},{"@type":"ImageObject","inLanguage":"fr-FR","@id":"https:\/\/pablogarrigos.com\/turrones\/delicatessen\/chocolate-caramel-con-naranja-almendra-marcona-y-pistacho-delicatessen-200g\/#primaryimage","url":"https:\/\/pablogarrigos.com\/wp-content\/uploads\/2024\/02\/turron-chocolate-caramel-naranja-marcona-pistacho-delicatessen-200.jpg","contentUrl":"https:\/\/pablogarrigos.com\/wp-content\/uploads\/2024\/02\/turron-chocolate-caramel-naranja-marcona-pistacho-delicatessen-200.jpg","width":600,"height":600},{"@type":"BreadcrumbList","@id":"https:\/\/pablogarrigos.com\/turrones\/delicatessen\/chocolate-caramel-con-naranja-almendra-marcona-y-pistacho-delicatessen-200g\/#breadcrumb","itemListElement":[{"@type":"ListItem","position":1,"name":"Home","item":"https:\/\/pablogarrigos.com\/en\/"},{"@type":"ListItem","position":2,"name":"Tienda","item":"https:\/\/pablogarrigos.com\/en\/tienda\/"},{"@type":"ListItem","position":3,"name":"Chocolate Caramel con Naranja, almendra Marcona y Pistacho Delicatessen 200g"}]},{"@type":"WebSite","@id":"https:\/\/pablogarrigos.com\/#website","url":"https:\/\/pablogarrigos.com\/","name":"Pablo Garrig\u00f3s Iba\u00f1ez","description":"Le sens du go\u00fbt","publisher":{"@id":"https:\/\/pablogarrigos.com\/#organization"},"potentialAction":[{"@type":"SearchAction","target":{"@type":"EntryPoint","urlTemplate":"https:\/\/pablogarrigos.com\/?s={search_term_string}"},"query-input":{"@type":"PropertyValueSpecification","valueRequired":true,"valueName":"search_term_string"}}],"inLanguage":"fr-FR"},{"@type":"Organization","@id":"https:\/\/pablogarrigos.com\/#organization","name":"Pablo Garrig\u00f3s Iba\u00f1ez","url":"https:\/\/pablogarrigos.com\/","logo":{"@type":"ImageObject","inLanguage":"fr-FR","@id":"https:\/\/pablogarrigos.com\/#\/schema\/logo\/image\/","url":"https:\/\/pablogarrigos.com\/wp-content\/uploads\/2024\/02\/logo-pablogarrigos.png","contentUrl":"https:\/\/pablogarrigos.com\/wp-content\/uploads\/2024\/02\/logo-pablogarrigos.png","width":1247,"height":480,"caption":"Pablo Garrig\u00f3s Iba\u00f1ez"},"image":{"@id":"https:\/\/pablogarrigos.com\/#\/schema\/logo\/image\/"}}]}},"_links":{"self":[{"href":"https:\/\/pablogarrigos.com\/fr\/wp-json\/wp\/v2\/product\/568","targetHints":{"allow":["GET"]}}],"collection":[{"href":"https:\/\/pablogarrigos.com\/fr\/wp-json\/wp\/v2\/product"}],"about":[{"href":"https:\/\/pablogarrigos.com\/fr\/wp-json\/wp\/v2\/types\/product"}],"wp:featuredmedia":[{"embeddable":true,"href":"https:\/\/pablogarrigos.com\/fr\/wp-json\/wp\/v2\/media\/569"}],"wp:attachment":[{"href":"https:\/\/pablogarrigos.com\/fr\/wp-json\/wp\/v2\/media?parent=568"}],"wp:term":[{"taxonomy":"product_brand","embeddable":true,"href":"https:\/\/pablogarrigos.com\/fr\/wp-json\/wp\/v2\/product_brand?post=568"},{"taxonomy":"product_cat","embeddable":true,"href":"https:\/\/pablogarrigos.com\/fr\/wp-json\/wp\/v2\/product_cat?post=568"},{"taxonomy":"product_tag","embeddable":true,"href":"https:\/\/pablogarrigos.com\/fr\/wp-json\/wp\/v2\/product_tag?post=568"}],"curies":[{"name":"wp","href":"https:\/\/api.w.org\/{rel}","templated":true}]}}