{"id":559,"date":"2024-02-20T20:13:20","date_gmt":"2024-02-20T19:13:20","guid":{"rendered":"https:\/\/pablogarrigos.com\/index.php\/product\/bombones-marmolate-con-turron-de-jijona-chocolate-vintage-120-g\/"},"modified":"2025-11-13T12:24:12","modified_gmt":"2025-11-13T11:24:12","slug":"bombones-marmolate-con-turron-de-jijona-chocolate-vintage-120-g","status":"publish","type":"product","link":"https:\/\/pablogarrigos.com\/fr\/chocolates-y-fruites\/chocolate-vintage\/bombones-marmolate-con-turron-de-jijona-chocolate-vintage-120-g\/","title":{"rendered":"Chocolats Marmolate avec Nougat Jijona Chocolat Vintage 120g"},"content":{"rendered":"<p><strong>Amande<\/strong> Marcona, sucre, beurre de cacao, <strong>lait<\/strong> poudre de cacao entier, p\u00e2te de cacao, poudre de cacao d\u00e9graiss\u00e9e, \u00e9mulsifiant (l\u00e9cithine de cacao, beurre de cacao, p\u00e2te de cacao), poudre de cacao, \u00e9mulsifiant (l\u00e9cithine de beurre de cacao). <strong>soja<\/strong>), aroma de vainilla, turr\u00f3n de Jijona (10%) (<strong>amande<\/strong> toast, miel de fleur d'oranger, sucre et blanc d'\u0153uf. <strong>\u0153uf<\/strong>), enrobage (maltodextrine, huile de coco, huile de colza), \u00e9paississant (gomme xanthane), conservateur (sorbate de potassium), sirop de glucose et ar\u00f4me nougat. <strong>Contient du soja, des \u0153ufs, du lait en poudre, des amandes. Peut contenir des arachides et des d\u00e9riv\u00e9s d'arachides.<\/strong><\/p>\n<p><strong>Conservar en un lugar fresco y seco. 12\u00ba-17\u00baC.<\/strong><\/p>","protected":false},"excerpt":{"rendered":"<p>D\u00e9licieux chocolats marbr\u00e9s aux amandes avec du nougat Jijona, de la collection Chocolate Vintage. Bo\u00eete de 120 grammes.<\/p>","protected":false},"featured_media":560,"template":"","meta":{"_acf_changed":false,"inline_featured_image":false},"product_brand":[],"product_cat":[24,26,20],"product_tag":[],"class_list":{"0":"post-559","1":"product","2":"type-product","3":"status-publish","4":"has-post-thumbnail","6":"product_cat-bombones-de-almendra","7":"product_cat-chocolate-vintage","8":"product_cat-chocolates-y-fruites","10":"first","11":"instock","12":"taxable","13":"shipping-taxable","14":"purchasable","15":"product-type-simple"},"acf":[],"yoast_head":"<!-- This site is optimized with the Yoast SEO plugin v26.5 - https:\/\/yoast.com\/wordpress\/plugins\/seo\/ -->\n<title>Bombones Marmolate Turr\u00f3n Jijona Vintage | Pablo Garrig\u00f3s Ib\u00e1\u00f1ez<\/title>\n<meta name=\"description\" content=\"Saborea la exquisitez de los Bombones Marmolate con Turr\u00f3n de Jijona de la colecci\u00f3n Chocolate Vintage. Un viaje sensorial en cada bocado. Caja de 120 gramos.\" \/>\n<meta name=\"robots\" content=\"index, follow, max-snippet:-1, max-image-preview:large, max-video-preview:-1\" \/>\n<link rel=\"canonical\" href=\"https:\/\/pablogarrigos.com\/fr\/chocolates-y-fruites\/chocolate-vintage\/bombones-marmolate-con-turron-de-jijona-chocolate-vintage-120-g\/\" \/>\n<meta property=\"og:locale\" content=\"fr_FR\" \/>\n<meta property=\"og:type\" content=\"article\" \/>\n<meta property=\"og:title\" content=\"Bombones Marmolate Turr\u00f3n Jijona Vintage | Pablo Garrig\u00f3s Ib\u00e1\u00f1ez\" \/>\n<meta property=\"og:description\" content=\"Saborea la exquisitez de los Bombones Marmolate con Turr\u00f3n de Jijona de la colecci\u00f3n Chocolate Vintage. Un viaje sensorial en cada bocado. Caja de 120 gramos.\" \/>\n<meta property=\"og:url\" content=\"https:\/\/pablogarrigos.com\/fr\/chocolates-y-fruites\/chocolate-vintage\/bombones-marmolate-con-turron-de-jijona-chocolate-vintage-120-g\/\" \/>\n<meta property=\"og:site_name\" content=\"Pablo Garrig\u00f3s Iba\u00f1ez\" \/>\n<meta property=\"article:modified_time\" content=\"2025-11-13T11:24:12+00:00\" \/>\n<meta property=\"og:image\" content=\"https:\/\/pablogarrigos.com\/wp-content\/uploads\/2024\/02\/bombones-marmolate-turron-jijona-chocolate-vintage-120.jpg\" \/>\n\t<meta property=\"og:image:width\" content=\"600\" \/>\n\t<meta property=\"og:image:height\" content=\"600\" \/>\n\t<meta property=\"og:image:type\" content=\"image\/jpeg\" \/>\n<meta name=\"twitter:card\" content=\"summary_large_image\" \/>\n<meta name=\"twitter:label1\" content=\"Dur\u00e9e de lecture estim\u00e9e\" \/>\n\t<meta name=\"twitter:data1\" content=\"1 minute\" \/>\n<script type=\"application\/ld+json\" class=\"yoast-schema-graph\">{\"@context\":\"https:\/\/schema.org\",\"@graph\":[{\"@type\":\"WebPage\",\"@id\":\"https:\/\/pablogarrigos.com\/chocolates-y-fruites\/chocolate-vintage\/bombones-marmolate-con-turron-de-jijona-chocolate-vintage-120-g\/\",\"url\":\"https:\/\/pablogarrigos.com\/chocolates-y-fruites\/chocolate-vintage\/bombones-marmolate-con-turron-de-jijona-chocolate-vintage-120-g\/\",\"name\":\"Bombones Marmolate Turr\u00f3n Jijona Vintage | Pablo Garrig\u00f3s Ib\u00e1\u00f1ez\",\"isPartOf\":{\"@id\":\"https:\/\/pablogarrigos.com\/#website\"},\"primaryImageOfPage\":{\"@id\":\"https:\/\/pablogarrigos.com\/chocolates-y-fruites\/chocolate-vintage\/bombones-marmolate-con-turron-de-jijona-chocolate-vintage-120-g\/#primaryimage\"},\"image\":{\"@id\":\"https:\/\/pablogarrigos.com\/chocolates-y-fruites\/chocolate-vintage\/bombones-marmolate-con-turron-de-jijona-chocolate-vintage-120-g\/#primaryimage\"},\"thumbnailUrl\":\"https:\/\/pablogarrigos.com\/wp-content\/uploads\/2024\/02\/bombones-marmolate-turron-jijona-chocolate-vintage-120.jpg\",\"datePublished\":\"2024-02-20T19:13:20+00:00\",\"dateModified\":\"2025-11-13T11:24:12+00:00\",\"description\":\"Saborea la exquisitez de los Bombones Marmolate con Turr\u00f3n de Jijona de la colecci\u00f3n Chocolate Vintage. Un viaje sensorial en cada bocado. Caja de 120 gramos.\",\"breadcrumb\":{\"@id\":\"https:\/\/pablogarrigos.com\/chocolates-y-fruites\/chocolate-vintage\/bombones-marmolate-con-turron-de-jijona-chocolate-vintage-120-g\/#breadcrumb\"},\"inLanguage\":\"fr-FR\",\"potentialAction\":[{\"@type\":\"ReadAction\",\"target\":[\"https:\/\/pablogarrigos.com\/chocolates-y-fruites\/chocolate-vintage\/bombones-marmolate-con-turron-de-jijona-chocolate-vintage-120-g\/\"]}]},{\"@type\":\"ImageObject\",\"inLanguage\":\"fr-FR\",\"@id\":\"https:\/\/pablogarrigos.com\/chocolates-y-fruites\/chocolate-vintage\/bombones-marmolate-con-turron-de-jijona-chocolate-vintage-120-g\/#primaryimage\",\"url\":\"https:\/\/pablogarrigos.com\/wp-content\/uploads\/2024\/02\/bombones-marmolate-turron-jijona-chocolate-vintage-120.jpg\",\"contentUrl\":\"https:\/\/pablogarrigos.com\/wp-content\/uploads\/2024\/02\/bombones-marmolate-turron-jijona-chocolate-vintage-120.jpg\",\"width\":600,\"height\":600},{\"@type\":\"BreadcrumbList\",\"@id\":\"https:\/\/pablogarrigos.com\/chocolates-y-fruites\/chocolate-vintage\/bombones-marmolate-con-turron-de-jijona-chocolate-vintage-120-g\/#breadcrumb\",\"itemListElement\":[{\"@type\":\"ListItem\",\"position\":1,\"name\":\"Home\",\"item\":\"https:\/\/pablogarrigos.com\/en\/\"},{\"@type\":\"ListItem\",\"position\":2,\"name\":\"Tienda\",\"item\":\"https:\/\/pablogarrigos.com\/en\/tienda\/\"},{\"@type\":\"ListItem\",\"position\":3,\"name\":\"Bombones Marmolate con Turr\u00f3n de Jijona Chocolate Vintage 120g\"}]},{\"@type\":\"WebSite\",\"@id\":\"https:\/\/pablogarrigos.com\/#website\",\"url\":\"https:\/\/pablogarrigos.com\/\",\"name\":\"Pablo Garrig\u00f3s Iba\u00f1ez\",\"description\":\"El Sentido del Gusto\",\"publisher\":{\"@id\":\"https:\/\/pablogarrigos.com\/#organization\"},\"potentialAction\":[{\"@type\":\"SearchAction\",\"target\":{\"@type\":\"EntryPoint\",\"urlTemplate\":\"https:\/\/pablogarrigos.com\/?s={search_term_string}\"},\"query-input\":{\"@type\":\"PropertyValueSpecification\",\"valueRequired\":true,\"valueName\":\"search_term_string\"}}],\"inLanguage\":\"fr-FR\"},{\"@type\":\"Organization\",\"@id\":\"https:\/\/pablogarrigos.com\/#organization\",\"name\":\"Pablo Garrig\u00f3s Iba\u00f1ez\",\"url\":\"https:\/\/pablogarrigos.com\/\",\"logo\":{\"@type\":\"ImageObject\",\"inLanguage\":\"fr-FR\",\"@id\":\"https:\/\/pablogarrigos.com\/#\/schema\/logo\/image\/\",\"url\":\"https:\/\/pablogarrigos.com\/wp-content\/uploads\/2024\/02\/logo-pablogarrigos.png\",\"contentUrl\":\"https:\/\/pablogarrigos.com\/wp-content\/uploads\/2024\/02\/logo-pablogarrigos.png\",\"width\":1247,\"height\":480,\"caption\":\"Pablo Garrig\u00f3s Iba\u00f1ez\"},\"image\":{\"@id\":\"https:\/\/pablogarrigos.com\/#\/schema\/logo\/image\/\"}}]}<\/script>\n<!-- \/ Yoast SEO plugin. -->","yoast_head_json":{"title":"Marmolate Turr\u00f3n Jijona Chocolats vintage | Pablo Garrig\u00f3s Ib\u00e1\u00f1ez","description":"Savourez la finesse des chocolats Marmolate au Turr\u00f3n de Jijona de la collection Chocolate Vintage. Un voyage sensoriel \u00e0 chaque bouch\u00e9e. Bo\u00eete de 120 grammes.","robots":{"index":"index","follow":"follow","max-snippet":"max-snippet:-1","max-image-preview":"max-image-preview:large","max-video-preview":"max-video-preview:-1"},"canonical":"https:\/\/pablogarrigos.com\/fr\/chocolates-y-fruites\/chocolate-vintage\/bombones-marmolate-con-turron-de-jijona-chocolate-vintage-120-g\/","og_locale":"fr_FR","og_type":"article","og_title":"Bombones Marmolate Turr\u00f3n Jijona Vintage | Pablo Garrig\u00f3s Ib\u00e1\u00f1ez","og_description":"Saborea la exquisitez de los Bombones Marmolate con Turr\u00f3n de Jijona de la colecci\u00f3n Chocolate Vintage. Un viaje sensorial en cada bocado. Caja de 120 gramos.","og_url":"https:\/\/pablogarrigos.com\/fr\/chocolates-y-fruites\/chocolate-vintage\/bombones-marmolate-con-turron-de-jijona-chocolate-vintage-120-g\/","og_site_name":"Pablo Garrig\u00f3s Iba\u00f1ez","article_modified_time":"2025-11-13T11:24:12+00:00","og_image":[{"width":600,"height":600,"url":"https:\/\/pablogarrigos.com\/wp-content\/uploads\/2024\/02\/bombones-marmolate-turron-jijona-chocolate-vintage-120.jpg","type":"image\/jpeg"}],"twitter_card":"summary_large_image","twitter_misc":{"Dur\u00e9e de lecture estim\u00e9e":"1 minute"},"schema":{"@context":"https:\/\/schema.org","@graph":[{"@type":"WebPage","@id":"https:\/\/pablogarrigos.com\/chocolates-y-fruites\/chocolate-vintage\/bombones-marmolate-con-turron-de-jijona-chocolate-vintage-120-g\/","url":"https:\/\/pablogarrigos.com\/chocolates-y-fruites\/chocolate-vintage\/bombones-marmolate-con-turron-de-jijona-chocolate-vintage-120-g\/","name":"Marmolate Turr\u00f3n Jijona Chocolats vintage | Pablo Garrig\u00f3s Ib\u00e1\u00f1ez","isPartOf":{"@id":"https:\/\/pablogarrigos.com\/#website"},"primaryImageOfPage":{"@id":"https:\/\/pablogarrigos.com\/chocolates-y-fruites\/chocolate-vintage\/bombones-marmolate-con-turron-de-jijona-chocolate-vintage-120-g\/#primaryimage"},"image":{"@id":"https:\/\/pablogarrigos.com\/chocolates-y-fruites\/chocolate-vintage\/bombones-marmolate-con-turron-de-jijona-chocolate-vintage-120-g\/#primaryimage"},"thumbnailUrl":"https:\/\/pablogarrigos.com\/wp-content\/uploads\/2024\/02\/bombones-marmolate-turron-jijona-chocolate-vintage-120.jpg","datePublished":"2024-02-20T19:13:20+00:00","dateModified":"2025-11-13T11:24:12+00:00","description":"Savourez la finesse des chocolats Marmolate au Turr\u00f3n de Jijona de la collection Chocolate Vintage. Un voyage sensoriel \u00e0 chaque bouch\u00e9e. Bo\u00eete de 120 grammes.","breadcrumb":{"@id":"https:\/\/pablogarrigos.com\/chocolates-y-fruites\/chocolate-vintage\/bombones-marmolate-con-turron-de-jijona-chocolate-vintage-120-g\/#breadcrumb"},"inLanguage":"fr-FR","potentialAction":[{"@type":"ReadAction","target":["https:\/\/pablogarrigos.com\/chocolates-y-fruites\/chocolate-vintage\/bombones-marmolate-con-turron-de-jijona-chocolate-vintage-120-g\/"]}]},{"@type":"ImageObject","inLanguage":"fr-FR","@id":"https:\/\/pablogarrigos.com\/chocolates-y-fruites\/chocolate-vintage\/bombones-marmolate-con-turron-de-jijona-chocolate-vintage-120-g\/#primaryimage","url":"https:\/\/pablogarrigos.com\/wp-content\/uploads\/2024\/02\/bombones-marmolate-turron-jijona-chocolate-vintage-120.jpg","contentUrl":"https:\/\/pablogarrigos.com\/wp-content\/uploads\/2024\/02\/bombones-marmolate-turron-jijona-chocolate-vintage-120.jpg","width":600,"height":600},{"@type":"BreadcrumbList","@id":"https:\/\/pablogarrigos.com\/chocolates-y-fruites\/chocolate-vintage\/bombones-marmolate-con-turron-de-jijona-chocolate-vintage-120-g\/#breadcrumb","itemListElement":[{"@type":"ListItem","position":1,"name":"Home","item":"https:\/\/pablogarrigos.com\/en\/"},{"@type":"ListItem","position":2,"name":"Tienda","item":"https:\/\/pablogarrigos.com\/en\/tienda\/"},{"@type":"ListItem","position":3,"name":"Bombones Marmolate con Turr\u00f3n de Jijona Chocolate Vintage 120g"}]},{"@type":"WebSite","@id":"https:\/\/pablogarrigos.com\/#website","url":"https:\/\/pablogarrigos.com\/","name":"Pablo Garrig\u00f3s Iba\u00f1ez","description":"Le sens du go\u00fbt","publisher":{"@id":"https:\/\/pablogarrigos.com\/#organization"},"potentialAction":[{"@type":"SearchAction","target":{"@type":"EntryPoint","urlTemplate":"https:\/\/pablogarrigos.com\/?s={search_term_string}"},"query-input":{"@type":"PropertyValueSpecification","valueRequired":true,"valueName":"search_term_string"}}],"inLanguage":"fr-FR"},{"@type":"Organization","@id":"https:\/\/pablogarrigos.com\/#organization","name":"Pablo Garrig\u00f3s Iba\u00f1ez","url":"https:\/\/pablogarrigos.com\/","logo":{"@type":"ImageObject","inLanguage":"fr-FR","@id":"https:\/\/pablogarrigos.com\/#\/schema\/logo\/image\/","url":"https:\/\/pablogarrigos.com\/wp-content\/uploads\/2024\/02\/logo-pablogarrigos.png","contentUrl":"https:\/\/pablogarrigos.com\/wp-content\/uploads\/2024\/02\/logo-pablogarrigos.png","width":1247,"height":480,"caption":"Pablo Garrig\u00f3s Iba\u00f1ez"},"image":{"@id":"https:\/\/pablogarrigos.com\/#\/schema\/logo\/image\/"}}]}},"_links":{"self":[{"href":"https:\/\/pablogarrigos.com\/fr\/wp-json\/wp\/v2\/product\/559","targetHints":{"allow":["GET"]}}],"collection":[{"href":"https:\/\/pablogarrigos.com\/fr\/wp-json\/wp\/v2\/product"}],"about":[{"href":"https:\/\/pablogarrigos.com\/fr\/wp-json\/wp\/v2\/types\/product"}],"wp:featuredmedia":[{"embeddable":true,"href":"https:\/\/pablogarrigos.com\/fr\/wp-json\/wp\/v2\/media\/560"}],"wp:attachment":[{"href":"https:\/\/pablogarrigos.com\/fr\/wp-json\/wp\/v2\/media?parent=559"}],"wp:term":[{"taxonomy":"product_brand","embeddable":true,"href":"https:\/\/pablogarrigos.com\/fr\/wp-json\/wp\/v2\/product_brand?post=559"},{"taxonomy":"product_cat","embeddable":true,"href":"https:\/\/pablogarrigos.com\/fr\/wp-json\/wp\/v2\/product_cat?post=559"},{"taxonomy":"product_tag","embeddable":true,"href":"https:\/\/pablogarrigos.com\/fr\/wp-json\/wp\/v2\/product_tag?post=559"}],"curies":[{"name":"wp","href":"https:\/\/api.w.org\/{rel}","templated":true}]}}