{"id":537,"date":"2024-02-20T15:10:20","date_gmt":"2024-02-20T14:10:20","guid":{"rendered":"https:\/\/pablogarrigos.com\/index.php\/product\/estuche-10-porciones-variadas-premium-170-g\/"},"modified":"2025-09-03T14:53:26","modified_gmt":"2025-09-03T12:53:26","slug":"estuche-10-porciones-variadas-premium-170-g","status":"publish","type":"product","link":"https:\/\/pablogarrigos.com\/fr\/chocolates-y-fruites\/estuche-10-porciones-variadas-premium-170-g\/","title":{"rendered":"Bo\u00eete de 10 portions assorties Premium 170g"},"content":{"rendered":"<p>TURR\u00d3N DE ALICANTE : <strong>Amande<\/strong> s\u00e9lectionn\u00e9 Tostada (Espagne) 68 %, Miel de Romarin 16 %, Sucre, Sirop de Glucose, Sucre Blanc <strong>\u0153uf<\/strong>Gaufrette de surface (amidon de pomme de terre et huile de tournesol). <strong>Peut contenir des traces de s\u00e9same et de noisette. <\/strong>NOUGAT DE NOUGAT AVEC DES GRAINES DE S\u00c9SAME : <strong>Amande<\/strong> s\u00e9lectionn\u00e9 grill\u00e9 avec peau (Espagne) 64 %, Miel de romarin (Espagne) 15%, Sucre, <strong>S\u00e9same<\/strong>Sirop de glucose, surface de la gaufrette (amidon de pomme de terre et huile de tournesol). \u00a0<strong>Peut contenir des traces de blanc d'\u0153uf et de noisette. <\/strong>NOUGAT AU CHOCOLAT AU LAIT AVEC DU LAIT ET DES AMANDES : <strong>Amande<\/strong> Marcona s\u00e9lectionn\u00e9 et torr\u00e9fi\u00e9 40 %, sucre, beurre de cacao, <strong>Lait<\/strong> poudre de cacao entier 11 %, p\u00e2te de cacao <strong>Lactos\u00e9rum<\/strong> en poudre \u00c9mulsifiant (l\u00e9cithine de <strong>Soja<\/strong>), Ar\u00f4me naturel de vanille, Cacao min. 30%. <strong>Peut contenir des traces d'autres fruits \u00e0 coque. <\/strong>NOUGAT FONDANT AU CHOCOLAT AVEC DES AMANDES : <strong>Amande<\/strong> Selected Roasted Marcona (Origin : Spain) 40 % , p\u00e2te de cacao, beurre de cacao sucre, \u00e9mulsifiant (l\u00e9cithine de cacao), poudre de cacao, beurre de cacao (Origin : Spain) 40 % , p\u00e2te de cacao, beurre de cacao sucre, \u00e9mulsifiant (l\u00e9cithine de cacao), poudre de cacao, poudre de cacao <strong>soja<\/strong>), Ar\u00f4me naturel de vanille, Cacao min. 52 %. <strong>Peut contenir des traces de lait et d'autres fruits \u00e0 coque. <\/strong>MACADAMIA NUT AND MILK CHOCOLATE TURR\u00d3N : Enrobage de chocolat 70 %, <strong>Noix de macadamia<\/strong> (Origine : Australie) 30 %, Sucre, Beurre de cacao, <strong>Lait<\/strong> poudre de cacao entier 13%, p\u00e2te de cacao, <strong>Lactos\u00e9rum<\/strong> Poudre, \u00e9mulsifiant (l\u00e9cithine de <strong>Soja<\/strong>), Ar\u00f4me naturel de vanille, Cacao min. 30 %. <strong>Peut contenir des traces d'autres fruits \u00e0 coque.<\/strong><\/p>","protected":false},"excerpt":{"rendered":"<p>Bo\u00eete de 10 portions assorties de nougats Pablo Garrig\u00f3s Ib\u00e1\u00f1ez Premium<\/p>","protected":false},"featured_media":538,"template":"","meta":{"_acf_changed":false,"inline_featured_image":false},"product_brand":[],"product_cat":[20,19,18],"product_tag":[],"class_list":{"0":"post-537","1":"product","2":"type-product","3":"status-publish","4":"has-post-thumbnail","6":"product_cat-chocolates-y-fruites","7":"product_cat-premium","8":"product_cat-turrones","10":"first","11":"instock","12":"taxable","13":"shipping-taxable","14":"purchasable","15":"product-type-simple"},"acf":[],"yoast_head":"<!-- This site is optimized with the Yoast SEO plugin v26.5 - https:\/\/yoast.com\/wordpress\/plugins\/seo\/ -->\n<title>Estuche 10 Porciones Variadas Premium | Turrones Pablo Garrig\u00f3s Ib\u00e1\u00f1ez<\/title>\n<meta name=\"description\" content=\"Disfruta de un viaje sensorial con nuestro Estuche 10 Porciones Variadas Premium. Una selecci\u00f3n de 5 de nuestros mejores turrones: Alicante, guirlache con ajonjol\u00ed, chocolate con leche y almendras, chocolate fondant con almendras y chocolate con leche y nueces de macadamia. \u00a1Un regalo perfecto para los amantes del buen turr\u00f3n!\" \/>\n<meta name=\"robots\" content=\"index, follow, max-snippet:-1, max-image-preview:large, max-video-preview:-1\" \/>\n<link rel=\"canonical\" href=\"https:\/\/pablogarrigos.com\/fr\/chocolates-y-fruites\/estuche-10-porciones-variadas-premium-170-g\/\" \/>\n<meta property=\"og:locale\" content=\"fr_FR\" \/>\n<meta property=\"og:type\" content=\"article\" \/>\n<meta property=\"og:title\" content=\"Estuche 10 Porciones Variadas Premium | Turrones Pablo Garrig\u00f3s Ib\u00e1\u00f1ez\" \/>\n<meta property=\"og:description\" content=\"Disfruta de un viaje sensorial con nuestro Estuche 10 Porciones Variadas Premium. Una selecci\u00f3n de 5 de nuestros mejores turrones: Alicante, guirlache con ajonjol\u00ed, chocolate con leche y almendras, chocolate fondant con almendras y chocolate con leche y nueces de macadamia. \u00a1Un regalo perfecto para los amantes del buen turr\u00f3n!\" \/>\n<meta property=\"og:url\" content=\"https:\/\/pablogarrigos.com\/fr\/chocolates-y-fruites\/estuche-10-porciones-variadas-premium-170-g\/\" \/>\n<meta property=\"og:site_name\" content=\"Pablo Garrig\u00f3s Iba\u00f1ez\" \/>\n<meta property=\"article:modified_time\" content=\"2025-09-03T12:53:26+00:00\" \/>\n<meta property=\"og:image\" content=\"https:\/\/pablogarrigos.com\/wp-content\/uploads\/2024\/02\/10-porciones-variadas-Premium-800x800-1.jpg\" \/>\n\t<meta property=\"og:image:width\" content=\"800\" \/>\n\t<meta property=\"og:image:height\" content=\"800\" \/>\n\t<meta property=\"og:image:type\" content=\"image\/jpeg\" \/>\n<meta name=\"twitter:card\" content=\"summary_large_image\" \/>\n<meta name=\"twitter:label1\" content=\"Dur\u00e9e de lecture estim\u00e9e\" \/>\n\t<meta name=\"twitter:data1\" content=\"2 minutes\" \/>\n<script type=\"application\/ld+json\" class=\"yoast-schema-graph\">{\"@context\":\"https:\/\/schema.org\",\"@graph\":[{\"@type\":\"WebPage\",\"@id\":\"https:\/\/pablogarrigos.com\/chocolates-y-fruites\/estuche-10-porciones-variadas-premium-170-g\/\",\"url\":\"https:\/\/pablogarrigos.com\/chocolates-y-fruites\/estuche-10-porciones-variadas-premium-170-g\/\",\"name\":\"Estuche 10 Porciones Variadas Premium | Turrones Pablo Garrig\u00f3s Ib\u00e1\u00f1ez\",\"isPartOf\":{\"@id\":\"https:\/\/pablogarrigos.com\/#website\"},\"primaryImageOfPage\":{\"@id\":\"https:\/\/pablogarrigos.com\/chocolates-y-fruites\/estuche-10-porciones-variadas-premium-170-g\/#primaryimage\"},\"image\":{\"@id\":\"https:\/\/pablogarrigos.com\/chocolates-y-fruites\/estuche-10-porciones-variadas-premium-170-g\/#primaryimage\"},\"thumbnailUrl\":\"https:\/\/pablogarrigos.com\/wp-content\/uploads\/2024\/02\/10-porciones-variadas-Premium-800x800-1.jpg\",\"datePublished\":\"2024-02-20T14:10:20+00:00\",\"dateModified\":\"2025-09-03T12:53:26+00:00\",\"description\":\"Disfruta de un viaje sensorial con nuestro Estuche 10 Porciones Variadas Premium. Una selecci\u00f3n de 5 de nuestros mejores turrones: Alicante, guirlache con ajonjol\u00ed, chocolate con leche y almendras, chocolate fondant con almendras y chocolate con leche y nueces de macadamia. \u00a1Un regalo perfecto para los amantes del buen turr\u00f3n!\",\"breadcrumb\":{\"@id\":\"https:\/\/pablogarrigos.com\/chocolates-y-fruites\/estuche-10-porciones-variadas-premium-170-g\/#breadcrumb\"},\"inLanguage\":\"fr-FR\",\"potentialAction\":[{\"@type\":\"ReadAction\",\"target\":[\"https:\/\/pablogarrigos.com\/chocolates-y-fruites\/estuche-10-porciones-variadas-premium-170-g\/\"]}]},{\"@type\":\"ImageObject\",\"inLanguage\":\"fr-FR\",\"@id\":\"https:\/\/pablogarrigos.com\/chocolates-y-fruites\/estuche-10-porciones-variadas-premium-170-g\/#primaryimage\",\"url\":\"https:\/\/pablogarrigos.com\/wp-content\/uploads\/2024\/02\/10-porciones-variadas-Premium-800x800-1.jpg\",\"contentUrl\":\"https:\/\/pablogarrigos.com\/wp-content\/uploads\/2024\/02\/10-porciones-variadas-Premium-800x800-1.jpg\",\"width\":800,\"height\":800,\"caption\":\"10 porciones variadas Premium\"},{\"@type\":\"BreadcrumbList\",\"@id\":\"https:\/\/pablogarrigos.com\/chocolates-y-fruites\/estuche-10-porciones-variadas-premium-170-g\/#breadcrumb\",\"itemListElement\":[{\"@type\":\"ListItem\",\"position\":1,\"name\":\"Home\",\"item\":\"https:\/\/pablogarrigos.com\/en\/\"},{\"@type\":\"ListItem\",\"position\":2,\"name\":\"Tienda\",\"item\":\"https:\/\/pablogarrigos.com\/en\/tienda\/\"},{\"@type\":\"ListItem\",\"position\":3,\"name\":\"Estuche 10 Porciones variadas Premium 170g\"}]},{\"@type\":\"WebSite\",\"@id\":\"https:\/\/pablogarrigos.com\/#website\",\"url\":\"https:\/\/pablogarrigos.com\/\",\"name\":\"Pablo Garrig\u00f3s Iba\u00f1ez\",\"description\":\"El Sentido del Gusto\",\"publisher\":{\"@id\":\"https:\/\/pablogarrigos.com\/#organization\"},\"potentialAction\":[{\"@type\":\"SearchAction\",\"target\":{\"@type\":\"EntryPoint\",\"urlTemplate\":\"https:\/\/pablogarrigos.com\/?s={search_term_string}\"},\"query-input\":{\"@type\":\"PropertyValueSpecification\",\"valueRequired\":true,\"valueName\":\"search_term_string\"}}],\"inLanguage\":\"fr-FR\"},{\"@type\":\"Organization\",\"@id\":\"https:\/\/pablogarrigos.com\/#organization\",\"name\":\"Pablo Garrig\u00f3s Iba\u00f1ez\",\"url\":\"https:\/\/pablogarrigos.com\/\",\"logo\":{\"@type\":\"ImageObject\",\"inLanguage\":\"fr-FR\",\"@id\":\"https:\/\/pablogarrigos.com\/#\/schema\/logo\/image\/\",\"url\":\"https:\/\/pablogarrigos.com\/wp-content\/uploads\/2024\/02\/logo-pablogarrigos.png\",\"contentUrl\":\"https:\/\/pablogarrigos.com\/wp-content\/uploads\/2024\/02\/logo-pablogarrigos.png\",\"width\":1247,\"height\":480,\"caption\":\"Pablo Garrig\u00f3s Iba\u00f1ez\"},\"image\":{\"@id\":\"https:\/\/pablogarrigos.com\/#\/schema\/logo\/image\/\"}}]}<\/script>\n<!-- \/ Yoast SEO plugin. -->","yoast_head_json":{"title":"Bo\u00eete de 10 portions assorties Premium | Turrones Pablo Garrig\u00f3s Ib\u00e1\u00f1ez","description":"Offrez-vous un voyage sensoriel avec notre bo\u00eete de 10 portions assorties Premium. Une s\u00e9lection de 5 de nos meilleurs nougats : Alicante, guirlache aux graines de s\u00e9same, chocolat au lait aux amandes, chocolat fondant aux amandes et chocolat au lait aux noix de macadamia. Un cadeau parfait pour les amateurs de bon nougat !","robots":{"index":"index","follow":"follow","max-snippet":"max-snippet:-1","max-image-preview":"max-image-preview:large","max-video-preview":"max-video-preview:-1"},"canonical":"https:\/\/pablogarrigos.com\/fr\/chocolates-y-fruites\/estuche-10-porciones-variadas-premium-170-g\/","og_locale":"fr_FR","og_type":"article","og_title":"Estuche 10 Porciones Variadas Premium | Turrones Pablo Garrig\u00f3s Ib\u00e1\u00f1ez","og_description":"Disfruta de un viaje sensorial con nuestro Estuche 10 Porciones Variadas Premium. Una selecci\u00f3n de 5 de nuestros mejores turrones: Alicante, guirlache con ajonjol\u00ed, chocolate con leche y almendras, chocolate fondant con almendras y chocolate con leche y nueces de macadamia. \u00a1Un regalo perfecto para los amantes del buen turr\u00f3n!","og_url":"https:\/\/pablogarrigos.com\/fr\/chocolates-y-fruites\/estuche-10-porciones-variadas-premium-170-g\/","og_site_name":"Pablo Garrig\u00f3s Iba\u00f1ez","article_modified_time":"2025-09-03T12:53:26+00:00","og_image":[{"width":800,"height":800,"url":"https:\/\/pablogarrigos.com\/wp-content\/uploads\/2024\/02\/10-porciones-variadas-Premium-800x800-1.jpg","type":"image\/jpeg"}],"twitter_card":"summary_large_image","twitter_misc":{"Dur\u00e9e de lecture estim\u00e9e":"2 minutes"},"schema":{"@context":"https:\/\/schema.org","@graph":[{"@type":"WebPage","@id":"https:\/\/pablogarrigos.com\/chocolates-y-fruites\/estuche-10-porciones-variadas-premium-170-g\/","url":"https:\/\/pablogarrigos.com\/chocolates-y-fruites\/estuche-10-porciones-variadas-premium-170-g\/","name":"Bo\u00eete de 10 portions assorties Premium | Turrones Pablo Garrig\u00f3s Ib\u00e1\u00f1ez","isPartOf":{"@id":"https:\/\/pablogarrigos.com\/#website"},"primaryImageOfPage":{"@id":"https:\/\/pablogarrigos.com\/chocolates-y-fruites\/estuche-10-porciones-variadas-premium-170-g\/#primaryimage"},"image":{"@id":"https:\/\/pablogarrigos.com\/chocolates-y-fruites\/estuche-10-porciones-variadas-premium-170-g\/#primaryimage"},"thumbnailUrl":"https:\/\/pablogarrigos.com\/wp-content\/uploads\/2024\/02\/10-porciones-variadas-Premium-800x800-1.jpg","datePublished":"2024-02-20T14:10:20+00:00","dateModified":"2025-09-03T12:53:26+00:00","description":"Offrez-vous un voyage sensoriel avec notre bo\u00eete de 10 portions assorties Premium. Une s\u00e9lection de 5 de nos meilleurs nougats : Alicante, guirlache aux graines de s\u00e9same, chocolat au lait aux amandes, chocolat fondant aux amandes et chocolat au lait aux noix de macadamia. Un cadeau parfait pour les amateurs de bon nougat !","breadcrumb":{"@id":"https:\/\/pablogarrigos.com\/chocolates-y-fruites\/estuche-10-porciones-variadas-premium-170-g\/#breadcrumb"},"inLanguage":"fr-FR","potentialAction":[{"@type":"ReadAction","target":["https:\/\/pablogarrigos.com\/chocolates-y-fruites\/estuche-10-porciones-variadas-premium-170-g\/"]}]},{"@type":"ImageObject","inLanguage":"fr-FR","@id":"https:\/\/pablogarrigos.com\/chocolates-y-fruites\/estuche-10-porciones-variadas-premium-170-g\/#primaryimage","url":"https:\/\/pablogarrigos.com\/wp-content\/uploads\/2024\/02\/10-porciones-variadas-Premium-800x800-1.jpg","contentUrl":"https:\/\/pablogarrigos.com\/wp-content\/uploads\/2024\/02\/10-porciones-variadas-Premium-800x800-1.jpg","width":800,"height":800,"caption":"10 porciones variadas Premium"},{"@type":"BreadcrumbList","@id":"https:\/\/pablogarrigos.com\/chocolates-y-fruites\/estuche-10-porciones-variadas-premium-170-g\/#breadcrumb","itemListElement":[{"@type":"ListItem","position":1,"name":"Home","item":"https:\/\/pablogarrigos.com\/en\/"},{"@type":"ListItem","position":2,"name":"Tienda","item":"https:\/\/pablogarrigos.com\/en\/tienda\/"},{"@type":"ListItem","position":3,"name":"Estuche 10 Porciones variadas Premium 170g"}]},{"@type":"WebSite","@id":"https:\/\/pablogarrigos.com\/#website","url":"https:\/\/pablogarrigos.com\/","name":"Pablo Garrig\u00f3s Iba\u00f1ez","description":"Le sens du go\u00fbt","publisher":{"@id":"https:\/\/pablogarrigos.com\/#organization"},"potentialAction":[{"@type":"SearchAction","target":{"@type":"EntryPoint","urlTemplate":"https:\/\/pablogarrigos.com\/?s={search_term_string}"},"query-input":{"@type":"PropertyValueSpecification","valueRequired":true,"valueName":"search_term_string"}}],"inLanguage":"fr-FR"},{"@type":"Organization","@id":"https:\/\/pablogarrigos.com\/#organization","name":"Pablo Garrig\u00f3s Iba\u00f1ez","url":"https:\/\/pablogarrigos.com\/","logo":{"@type":"ImageObject","inLanguage":"fr-FR","@id":"https:\/\/pablogarrigos.com\/#\/schema\/logo\/image\/","url":"https:\/\/pablogarrigos.com\/wp-content\/uploads\/2024\/02\/logo-pablogarrigos.png","contentUrl":"https:\/\/pablogarrigos.com\/wp-content\/uploads\/2024\/02\/logo-pablogarrigos.png","width":1247,"height":480,"caption":"Pablo Garrig\u00f3s Iba\u00f1ez"},"image":{"@id":"https:\/\/pablogarrigos.com\/#\/schema\/logo\/image\/"}}]}},"_links":{"self":[{"href":"https:\/\/pablogarrigos.com\/fr\/wp-json\/wp\/v2\/product\/537","targetHints":{"allow":["GET"]}}],"collection":[{"href":"https:\/\/pablogarrigos.com\/fr\/wp-json\/wp\/v2\/product"}],"about":[{"href":"https:\/\/pablogarrigos.com\/fr\/wp-json\/wp\/v2\/types\/product"}],"wp:featuredmedia":[{"embeddable":true,"href":"https:\/\/pablogarrigos.com\/fr\/wp-json\/wp\/v2\/media\/538"}],"wp:attachment":[{"href":"https:\/\/pablogarrigos.com\/fr\/wp-json\/wp\/v2\/media?parent=537"}],"wp:term":[{"taxonomy":"product_brand","embeddable":true,"href":"https:\/\/pablogarrigos.com\/fr\/wp-json\/wp\/v2\/product_brand?post=537"},{"taxonomy":"product_cat","embeddable":true,"href":"https:\/\/pablogarrigos.com\/fr\/wp-json\/wp\/v2\/product_cat?post=537"},{"taxonomy":"product_tag","embeddable":true,"href":"https:\/\/pablogarrigos.com\/fr\/wp-json\/wp\/v2\/product_tag?post=537"}],"curies":[{"name":"wp","href":"https:\/\/api.w.org\/{rel}","templated":true}]}}