{"id":533,"date":"2024-02-20T13:03:20","date_gmt":"2024-02-20T12:03:20","guid":{"rendered":"https:\/\/pablogarrigos.com\/index.php\/product\/torta-de-chocolate-fondant-con-almendras-delicatessen-rilsan-200g\/"},"modified":"2025-11-13T11:42:51","modified_gmt":"2025-11-13T10:42:51","slug":"torta-de-chocolate-fondant-con-almendras-delicatessen-rilsan-200g","status":"publish","type":"product","link":"https:\/\/pablogarrigos.com\/fr\/turrones\/delicatessen\/torta-de-chocolate-fondant-con-almendras-delicatessen-rilsan-200g\/","title":{"rendered":"G\u00e2teau fondant au chocolat et aux amandes Delicatessen Rilsan 200g"},"content":{"rendered":"<p>P\u00e2te de cacao, <strong>amande<\/strong> 30%, sucre, beurre de cacao, \u00e9mulsifiant (l\u00e9cithine de cacao, beurre de cacao, beurre de cacao, beurre de cacao), sucre, beurre de cacao, beurre de cacao, beurre de cacao, beurre de cacao, beurre de cacao. <strong>soja<\/strong>) et de l'ar\u00f4me de vanille. Cacao minimum 52%. <strong>Peut contenir des traces de lait et d'autres fruits \u00e0 coque.<\/strong><\/p>\n<p><strong>Conservar en un lugar fresco y seco. 18\u00ba-22\u00baC.<\/strong><\/p>","protected":false},"excerpt":{"rendered":"<p>G\u00e2teau au chocolat fondant avec des amandes Marcona Delicatessen, envelopp\u00e9 dans du rilsan transparent.<\/p>","protected":false},"featured_media":5117,"template":"","meta":{"_acf_changed":false,"inline_featured_image":false},"product_brand":[],"product_cat":[20,21,18],"product_tag":[],"class_list":{"0":"post-533","1":"product","2":"type-product","3":"status-publish","4":"has-post-thumbnail","6":"product_cat-chocolates-y-fruites","7":"product_cat-delicatessen","8":"product_cat-turrones","10":"first","11":"instock","12":"taxable","13":"shipping-taxable","14":"purchasable","15":"product-type-simple"},"acf":[],"yoast_head":"<!-- This site is optimized with the Yoast SEO plugin v26.5 - https:\/\/yoast.com\/wordpress\/plugins\/seo\/ -->\n<title>Torta Chocolate Fondant Almendras Delicatessen Rilsan | Pablo Garrig\u00f3s Ib\u00e1\u00f1ez<\/title>\n<meta name=\"description\" content=\"Sorprende a tus sentidos con la textura y el sabor de la Torta de Chocolate Fondant con Almendras Delicatessen Rilsan. Una experiencia \u00fanica.\" \/>\n<meta name=\"robots\" content=\"index, follow, max-snippet:-1, max-image-preview:large, max-video-preview:-1\" \/>\n<link rel=\"canonical\" href=\"https:\/\/pablogarrigos.com\/fr\/turrones\/delicatessen\/torta-de-chocolate-fondant-con-almendras-delicatessen-rilsan-200g\/\" \/>\n<meta property=\"og:locale\" content=\"fr_FR\" \/>\n<meta property=\"og:type\" content=\"article\" \/>\n<meta property=\"og:title\" content=\"Torta Chocolate Fondant Almendras Delicatessen Rilsan | Pablo Garrig\u00f3s Ib\u00e1\u00f1ez\" \/>\n<meta property=\"og:description\" content=\"Sorprende a tus sentidos con la textura y el sabor de la Torta de Chocolate Fondant con Almendras Delicatessen Rilsan. Una experiencia \u00fanica.\" \/>\n<meta property=\"og:url\" content=\"https:\/\/pablogarrigos.com\/fr\/turrones\/delicatessen\/torta-de-chocolate-fondant-con-almendras-delicatessen-rilsan-200g\/\" \/>\n<meta property=\"og:site_name\" content=\"Pablo Garrig\u00f3s Iba\u00f1ez\" \/>\n<meta property=\"article:modified_time\" content=\"2025-11-13T10:42:51+00:00\" \/>\n<meta property=\"og:image\" content=\"https:\/\/pablogarrigos.com\/wp-content\/uploads\/2024\/02\/1-1.png\" \/>\n\t<meta property=\"og:image:width\" content=\"1080\" \/>\n\t<meta property=\"og:image:height\" content=\"1080\" \/>\n\t<meta property=\"og:image:type\" content=\"image\/png\" \/>\n<meta name=\"twitter:card\" content=\"summary_large_image\" \/>\n<meta name=\"twitter:label1\" content=\"Dur\u00e9e de lecture estim\u00e9e\" \/>\n\t<meta name=\"twitter:data1\" content=\"1 minute\" \/>\n<script type=\"application\/ld+json\" class=\"yoast-schema-graph\">{\"@context\":\"https:\/\/schema.org\",\"@graph\":[{\"@type\":\"WebPage\",\"@id\":\"https:\/\/pablogarrigos.com\/turrones\/delicatessen\/torta-de-chocolate-fondant-con-almendras-delicatessen-rilsan-200g\/\",\"url\":\"https:\/\/pablogarrigos.com\/turrones\/delicatessen\/torta-de-chocolate-fondant-con-almendras-delicatessen-rilsan-200g\/\",\"name\":\"Torta Chocolate Fondant Almendras Delicatessen Rilsan | Pablo Garrig\u00f3s Ib\u00e1\u00f1ez\",\"isPartOf\":{\"@id\":\"https:\/\/pablogarrigos.com\/#website\"},\"primaryImageOfPage\":{\"@id\":\"https:\/\/pablogarrigos.com\/turrones\/delicatessen\/torta-de-chocolate-fondant-con-almendras-delicatessen-rilsan-200g\/#primaryimage\"},\"image\":{\"@id\":\"https:\/\/pablogarrigos.com\/turrones\/delicatessen\/torta-de-chocolate-fondant-con-almendras-delicatessen-rilsan-200g\/#primaryimage\"},\"thumbnailUrl\":\"https:\/\/pablogarrigos.com\/wp-content\/uploads\/2024\/02\/1-1.png\",\"datePublished\":\"2024-02-20T12:03:20+00:00\",\"dateModified\":\"2025-11-13T10:42:51+00:00\",\"description\":\"Sorprende a tus sentidos con la textura y el sabor de la Torta de Chocolate Fondant con Almendras Delicatessen Rilsan. Una experiencia \u00fanica.\",\"breadcrumb\":{\"@id\":\"https:\/\/pablogarrigos.com\/turrones\/delicatessen\/torta-de-chocolate-fondant-con-almendras-delicatessen-rilsan-200g\/#breadcrumb\"},\"inLanguage\":\"fr-FR\",\"potentialAction\":[{\"@type\":\"ReadAction\",\"target\":[\"https:\/\/pablogarrigos.com\/turrones\/delicatessen\/torta-de-chocolate-fondant-con-almendras-delicatessen-rilsan-200g\/\"]}]},{\"@type\":\"ImageObject\",\"inLanguage\":\"fr-FR\",\"@id\":\"https:\/\/pablogarrigos.com\/turrones\/delicatessen\/torta-de-chocolate-fondant-con-almendras-delicatessen-rilsan-200g\/#primaryimage\",\"url\":\"https:\/\/pablogarrigos.com\/wp-content\/uploads\/2024\/02\/1-1.png\",\"contentUrl\":\"https:\/\/pablogarrigos.com\/wp-content\/uploads\/2024\/02\/1-1.png\",\"width\":1080,\"height\":1080},{\"@type\":\"BreadcrumbList\",\"@id\":\"https:\/\/pablogarrigos.com\/turrones\/delicatessen\/torta-de-chocolate-fondant-con-almendras-delicatessen-rilsan-200g\/#breadcrumb\",\"itemListElement\":[{\"@type\":\"ListItem\",\"position\":1,\"name\":\"Home\",\"item\":\"https:\/\/pablogarrigos.com\/en\/\"},{\"@type\":\"ListItem\",\"position\":2,\"name\":\"Tienda\",\"item\":\"https:\/\/pablogarrigos.com\/en\/tienda\/\"},{\"@type\":\"ListItem\",\"position\":3,\"name\":\"Torta de Chocolate Fondant con Almendras Delicatessen Rilsan 200g\"}]},{\"@type\":\"WebSite\",\"@id\":\"https:\/\/pablogarrigos.com\/#website\",\"url\":\"https:\/\/pablogarrigos.com\/\",\"name\":\"Pablo Garrig\u00f3s Iba\u00f1ez\",\"description\":\"El Sentido del Gusto\",\"publisher\":{\"@id\":\"https:\/\/pablogarrigos.com\/#organization\"},\"potentialAction\":[{\"@type\":\"SearchAction\",\"target\":{\"@type\":\"EntryPoint\",\"urlTemplate\":\"https:\/\/pablogarrigos.com\/?s={search_term_string}\"},\"query-input\":{\"@type\":\"PropertyValueSpecification\",\"valueRequired\":true,\"valueName\":\"search_term_string\"}}],\"inLanguage\":\"fr-FR\"},{\"@type\":\"Organization\",\"@id\":\"https:\/\/pablogarrigos.com\/#organization\",\"name\":\"Pablo Garrig\u00f3s Iba\u00f1ez\",\"url\":\"https:\/\/pablogarrigos.com\/\",\"logo\":{\"@type\":\"ImageObject\",\"inLanguage\":\"fr-FR\",\"@id\":\"https:\/\/pablogarrigos.com\/#\/schema\/logo\/image\/\",\"url\":\"https:\/\/pablogarrigos.com\/wp-content\/uploads\/2024\/02\/logo-pablogarrigos.png\",\"contentUrl\":\"https:\/\/pablogarrigos.com\/wp-content\/uploads\/2024\/02\/logo-pablogarrigos.png\",\"width\":1247,\"height\":480,\"caption\":\"Pablo Garrig\u00f3s Iba\u00f1ez\"},\"image\":{\"@id\":\"https:\/\/pablogarrigos.com\/#\/schema\/logo\/image\/\"}}]}<\/script>\n<!-- \/ Yoast SEO plugin. -->","yoast_head_json":{"title":"G\u00e2teau Delicatessen au chocolat et aux amandes Rilsan | Pablo Garrig\u00f3s Ib\u00e1\u00f1ez","description":"Surprenez vos sens avec la texture et la saveur du g\u00e2teau au chocolat fondant aux amandes de Rilsan Delicatessen. Une exp\u00e9rience unique.","robots":{"index":"index","follow":"follow","max-snippet":"max-snippet:-1","max-image-preview":"max-image-preview:large","max-video-preview":"max-video-preview:-1"},"canonical":"https:\/\/pablogarrigos.com\/fr\/turrones\/delicatessen\/torta-de-chocolate-fondant-con-almendras-delicatessen-rilsan-200g\/","og_locale":"fr_FR","og_type":"article","og_title":"Torta Chocolate Fondant Almendras Delicatessen Rilsan | Pablo Garrig\u00f3s Ib\u00e1\u00f1ez","og_description":"Sorprende a tus sentidos con la textura y el sabor de la Torta de Chocolate Fondant con Almendras Delicatessen Rilsan. Una experiencia \u00fanica.","og_url":"https:\/\/pablogarrigos.com\/fr\/turrones\/delicatessen\/torta-de-chocolate-fondant-con-almendras-delicatessen-rilsan-200g\/","og_site_name":"Pablo Garrig\u00f3s Iba\u00f1ez","article_modified_time":"2025-11-13T10:42:51+00:00","og_image":[{"width":1080,"height":1080,"url":"https:\/\/pablogarrigos.com\/wp-content\/uploads\/2024\/02\/1-1.png","type":"image\/png"}],"twitter_card":"summary_large_image","twitter_misc":{"Dur\u00e9e de lecture estim\u00e9e":"1 minute"},"schema":{"@context":"https:\/\/schema.org","@graph":[{"@type":"WebPage","@id":"https:\/\/pablogarrigos.com\/turrones\/delicatessen\/torta-de-chocolate-fondant-con-almendras-delicatessen-rilsan-200g\/","url":"https:\/\/pablogarrigos.com\/turrones\/delicatessen\/torta-de-chocolate-fondant-con-almendras-delicatessen-rilsan-200g\/","name":"G\u00e2teau Delicatessen au chocolat et aux amandes Rilsan | Pablo Garrig\u00f3s Ib\u00e1\u00f1ez","isPartOf":{"@id":"https:\/\/pablogarrigos.com\/#website"},"primaryImageOfPage":{"@id":"https:\/\/pablogarrigos.com\/turrones\/delicatessen\/torta-de-chocolate-fondant-con-almendras-delicatessen-rilsan-200g\/#primaryimage"},"image":{"@id":"https:\/\/pablogarrigos.com\/turrones\/delicatessen\/torta-de-chocolate-fondant-con-almendras-delicatessen-rilsan-200g\/#primaryimage"},"thumbnailUrl":"https:\/\/pablogarrigos.com\/wp-content\/uploads\/2024\/02\/1-1.png","datePublished":"2024-02-20T12:03:20+00:00","dateModified":"2025-11-13T10:42:51+00:00","description":"Surprenez vos sens avec la texture et la saveur du g\u00e2teau au chocolat fondant aux amandes de Rilsan Delicatessen. Une exp\u00e9rience unique.","breadcrumb":{"@id":"https:\/\/pablogarrigos.com\/turrones\/delicatessen\/torta-de-chocolate-fondant-con-almendras-delicatessen-rilsan-200g\/#breadcrumb"},"inLanguage":"fr-FR","potentialAction":[{"@type":"ReadAction","target":["https:\/\/pablogarrigos.com\/turrones\/delicatessen\/torta-de-chocolate-fondant-con-almendras-delicatessen-rilsan-200g\/"]}]},{"@type":"ImageObject","inLanguage":"fr-FR","@id":"https:\/\/pablogarrigos.com\/turrones\/delicatessen\/torta-de-chocolate-fondant-con-almendras-delicatessen-rilsan-200g\/#primaryimage","url":"https:\/\/pablogarrigos.com\/wp-content\/uploads\/2024\/02\/1-1.png","contentUrl":"https:\/\/pablogarrigos.com\/wp-content\/uploads\/2024\/02\/1-1.png","width":1080,"height":1080},{"@type":"BreadcrumbList","@id":"https:\/\/pablogarrigos.com\/turrones\/delicatessen\/torta-de-chocolate-fondant-con-almendras-delicatessen-rilsan-200g\/#breadcrumb","itemListElement":[{"@type":"ListItem","position":1,"name":"Home","item":"https:\/\/pablogarrigos.com\/en\/"},{"@type":"ListItem","position":2,"name":"Tienda","item":"https:\/\/pablogarrigos.com\/en\/tienda\/"},{"@type":"ListItem","position":3,"name":"Torta de Chocolate Fondant con Almendras Delicatessen Rilsan 200g"}]},{"@type":"WebSite","@id":"https:\/\/pablogarrigos.com\/#website","url":"https:\/\/pablogarrigos.com\/","name":"Pablo Garrig\u00f3s Iba\u00f1ez","description":"Le sens du go\u00fbt","publisher":{"@id":"https:\/\/pablogarrigos.com\/#organization"},"potentialAction":[{"@type":"SearchAction","target":{"@type":"EntryPoint","urlTemplate":"https:\/\/pablogarrigos.com\/?s={search_term_string}"},"query-input":{"@type":"PropertyValueSpecification","valueRequired":true,"valueName":"search_term_string"}}],"inLanguage":"fr-FR"},{"@type":"Organization","@id":"https:\/\/pablogarrigos.com\/#organization","name":"Pablo Garrig\u00f3s Iba\u00f1ez","url":"https:\/\/pablogarrigos.com\/","logo":{"@type":"ImageObject","inLanguage":"fr-FR","@id":"https:\/\/pablogarrigos.com\/#\/schema\/logo\/image\/","url":"https:\/\/pablogarrigos.com\/wp-content\/uploads\/2024\/02\/logo-pablogarrigos.png","contentUrl":"https:\/\/pablogarrigos.com\/wp-content\/uploads\/2024\/02\/logo-pablogarrigos.png","width":1247,"height":480,"caption":"Pablo Garrig\u00f3s Iba\u00f1ez"},"image":{"@id":"https:\/\/pablogarrigos.com\/#\/schema\/logo\/image\/"}}]}},"_links":{"self":[{"href":"https:\/\/pablogarrigos.com\/fr\/wp-json\/wp\/v2\/product\/533","targetHints":{"allow":["GET"]}}],"collection":[{"href":"https:\/\/pablogarrigos.com\/fr\/wp-json\/wp\/v2\/product"}],"about":[{"href":"https:\/\/pablogarrigos.com\/fr\/wp-json\/wp\/v2\/types\/product"}],"wp:featuredmedia":[{"embeddable":true,"href":"https:\/\/pablogarrigos.com\/fr\/wp-json\/wp\/v2\/media\/5117"}],"wp:attachment":[{"href":"https:\/\/pablogarrigos.com\/fr\/wp-json\/wp\/v2\/media?parent=533"}],"wp:term":[{"taxonomy":"product_brand","embeddable":true,"href":"https:\/\/pablogarrigos.com\/fr\/wp-json\/wp\/v2\/product_brand?post=533"},{"taxonomy":"product_cat","embeddable":true,"href":"https:\/\/pablogarrigos.com\/fr\/wp-json\/wp\/v2\/product_cat?post=533"},{"taxonomy":"product_tag","embeddable":true,"href":"https:\/\/pablogarrigos.com\/fr\/wp-json\/wp\/v2\/product_tag?post=533"}],"curies":[{"name":"wp","href":"https:\/\/api.w.org\/{rel}","templated":true}]}}