{"id":524,"date":"2024-02-20T16:04:20","date_gmt":"2024-02-20T15:04:20","guid":{"rendered":"https:\/\/pablogarrigos.com\/index.php\/product\/baul-surtido-especial-delicatessen\/"},"modified":"2025-11-19T16:35:39","modified_gmt":"2025-11-19T15:35:39","slug":"baul-surtido-especial-delicatessen","status":"publish","type":"product","link":"https:\/\/pablogarrigos.com\/fr\/estuches-de-regalo\/baul-surtido-especial-delicatessen\/","title":{"rendered":"Coffre d'assortiment sp\u00e9cial \u00e9picerie fine"},"content":{"rendered":"<p>TURR\u00d3N DE JIJONA : <strong>Amande<\/strong> 74%, miel de fleurs d'oranger 17%, sucre et blanc d'\u0153uf 74%, miel de fleurs d'oranger 74%, sucre et blanc d'\u0153uf 74% <strong>\u0152uf. Peut contenir des traces de s\u00e9same et de noisette.<\/strong><\/p>\n<p>TURR\u00d3N DE ALICANTE : <strong>Amande<\/strong> 68%, miel de romarin 16%, sucre, sirop de glucose, surface de gaufrette (amidon de pomme de terre et huile de tournesol) et blanc d'\u0153uf 68%, sucre, sirop de glucose, surface de gaufrette (amidon de pomme de terre et huile de tournesol) et blanc d'\u0153uf <strong>\u0152uf. Peut contenir des traces de s\u00e9same et de noisettes.<\/strong><\/p>\n<p>NOUGAT AU JAUNE D'\u0152UF R\u00d4TI : <strong>Amande<\/strong> s\u00e9lectionn\u00e9, jaune d'\u0153uf <strong>\u0153uf<\/strong> confit 36% (jaune d'\u0153uf confit) <strong>\u0153uf<\/strong> 50%, sucre, sirop de glucose et conservateur (E-200)), <strong>cr\u00e8me de lait<\/strong> et ar\u00f4me de vanille. <strong>Peut contenir des traces de fruits \u00e0 coque.<\/strong><\/p>\n<p>NOUGAT AU CHOCOLAT AU LAIT AVEC DU LAIT ET DES AMANDES : <strong>Amande<\/strong> marcona, s\u00e9lectionn\u00e9es et torr\u00e9fi\u00e9es 40%, sucre, beurre de cacao, <strong>lait<\/strong> poudre de cacao entier 11%, masse de cacao, <strong>lactos\u00e9rum<\/strong> poudre, \u00e9mulsifiant (l\u00e9cithine d'huile v\u00e9g\u00e9tale), \u00e9mulsifiant (l\u00e9cithine d'huile v\u00e9g\u00e9tale), \u00e9mulsifiant (l\u00e9cithine d'huile v\u00e9g\u00e9tale), et <strong>soja<\/strong>) et ar\u00f4me naturel de vanille. Cacao min. 18%. <strong>Peut contenir des traces d'autres fruits \u00e0 coque.<\/strong><\/p>\n<p>NOUGAT DE NOUGAT AVEC DES GRAINES DE S\u00c9SAME : <strong>Amande<\/strong> marcona avec peau grill\u00e9e s\u00e9lectionn\u00e9e 64%, miel de romarin 15%, sucre, sirop de glucose, <strong>s\u00e9same<\/strong> et gaufrette (amidon de pomme de terre et huile de tournesol). <strong>Peut contenir des traces de blanc d'\u0153uf et de noisette.<\/strong><\/p>\n<p>NOUGAT CUIT \u00c0 LA PIERRE : <strong>Amande<\/strong> 60%, le sucre et les zestes de citron et de cannelle. <strong>Peut contenir de la farine de bl\u00e9, des fruits \u00e0 coque et du s\u00e9same.<\/strong><\/p>\n<p>TORTA DE TURR\u00d3N DE CHOCOLATE FONDANT : P\u00e2te de cacao, <strong>amande<\/strong> 30%, sucre, beurre de cacao, \u00e9mulsifiant (l\u00e9cithine de beurre de cacao, beurre de cacao), beurre de marcona, sucre, beurre de cacao, beurre de cacao, beurre de cacao. <strong>soja<\/strong>) et un ar\u00f4me naturel de vanille. <strong>Peut contenir des traces de lait et d'autres fruits \u00e0 coque.<\/strong><\/p>\n<p>POLVORONES AUX AMANDES : <strong>Amande<\/strong> marcona, s\u00e9lectionn\u00e9es et torr\u00e9fi\u00e9es 38%, farine de <strong>bl\u00e9<\/strong>sucre, saindoux, cannelle et zeste de citron. <strong>Contient des c\u00e9r\u00e9ales contenant du gluten.<\/strong><\/p>\n<p>GALLET DE CHOCOLAT LAITIER ET D'AMBRE SPECULO : 81% chocolat de couverture au lait (sucre, beurre de cacao, beurre de cacao), <strong>lait<\/strong> poudre de cacao entier, p\u00e2te de cacao, <strong>lactos\u00e9rum<\/strong> poudre, \u00e9mulsifiant (l\u00e9cithine d'huile v\u00e9g\u00e9tale), \u00e9mulsifiant (l\u00e9cithine d'huile v\u00e9g\u00e9tale), \u00e9mulsifiant (l\u00e9cithine d'huile v\u00e9g\u00e9tale), et <strong>soja<\/strong>) et ar\u00f4me naturel de vanille). Biscuit Speculoo 15% (farine, farine, sucre). <strong>bl\u00e9<\/strong>sucre, huile et graisses v\u00e9g\u00e9tales (palme, colza), sirop de sucre roux, farine v\u00e9g\u00e9tale (palme, colza), sucre, huile et graisses v\u00e9g\u00e9tales (palme, colza), sirop de sucre roux, farine v\u00e9g\u00e9tale <strong>soja<\/strong>(maltodextrine, sel et cannelle) et framboise lyophilis\u00e9e 4% (maltodextrine et framboise). <strong>Peut contenir du gluten, du s\u00e9same et d'autres fruits \u00e0 coque.<\/strong><\/p>\n<p>CHOCOLAT CARAMEL AVEC ORANGE, AMANDE MARCONA ET PISTACHO : Chocolat blanc au caramel 70% (beurre de cacao, sucre, beurre de cacao), <strong>lait<\/strong> poudre, <strong>lait<\/strong> poudre \u00e9cr\u00e9m\u00e9e, <strong>lactos\u00e9rum<\/strong>beurre, beurre <strong>lait<\/strong>\u00e9mulsifiant (l\u00e9cithine d'huile v\u00e9g\u00e9tale), \u00e9mulsifiant (l\u00e9cithine d'huile v\u00e9g\u00e9tale), \u00e9mulsifiant (l\u00e9cithine d'huile v\u00e9g\u00e9tale) <strong>soja<\/strong>), extrait naturel de vanille), orange confite 15% (orange, sirop de glucose, sucre et conservateurs (E202 et E223)), <strong>amande<\/strong> marcona 10% et <strong>pistache<\/strong> 5%. <strong>Contient des sulfites. Peut contenir du gluten, des traces d'oeufs et d'autres fruits \u00e0 coque.<\/strong><\/p>\n<p>FRUIT CHOCOLATE STRAWBERRY AND CHOCOLATE FONDANT : Sucre, beurre de cacao, <strong>lait<\/strong> poudre demi-\u00e9cr\u00e9m\u00e9e 12%, p\u00e2te de cacao, framboise lyophilis\u00e9e 5%, poudre de cacao, \u00e9mulsifiant (l\u00e9cithine de cacao, beurre de cacao, beurre de cacao, beurre de cacao, beurre de cacao, beurre de cacao, beurre de cacao, poudre de cacao, \u00e9mulsifiant (l\u00e9cithine de cacao, beurre de cacao) <strong>soja<\/strong>), ar\u00f4me de vanille et enrobage (eau, maltodextrine, huile v\u00e9g\u00e9tale de palme, \u00e9paississant (gomme xanthane), r\u00e9gulateur d'acidit\u00e9 (acide citrique) et conservateur (sorbate de potassium)). Enrobage minimum de cacao chocolat noir 62%. Enrobage minimum de chocolat blanc 29,5%. <strong>Peut contenir des traces d'\u0153ufs, d'arachides et d'autres fruits \u00e0 coque.<\/strong><\/p>\n<p>FRUITS 8 VARIETADES : Sucre, pulpe de fruits 35% (pomme, abricot), sirop de glucose, eau, g\u00e9lifiant (pectine), eau, correcteur d'acidit\u00e9 (acide citrique), ar\u00f4mes (fraise, mandarine, ananas, raisin, abricot, framboise, prune et pomme), colorants (riboflavine, acide carminique, chlorophylle, lut\u00e9ine, rouge de betterave et hibiscus). <strong>Peut contenir des traces de lait, d'\u0153uf, de soja et de sulfites.<\/strong><\/p>\n<p>FONDANT CHOCOLAT ORANGETTES : Sucre, p\u00e2te de cacao, \u00e9corce d'orange, beurre de cacao, sirop de glucose et de fructose, \u00e9mulsifiant (l\u00e9cithine de cacao), beurre de cacao, beurre de cacao, p\u00e2te de cacao, beurre de cacao, p\u00e2te de cacao, beurre de cacao. <strong>soja<\/strong>), ar\u00f4me naturel de vanille, r\u00e9gulateur d'acidit\u00e9 (acide citrique) et conservateurs (sorbate de potassium et bisulfite de sodium). Cacao minimum : 52%. <strong>Contient des sulfites. Peut contenir des traces de : lait et noisette.<\/strong><\/p>","protected":false},"excerpt":{"rendered":"<p>Botte avec un grand et d\u00e9licieux assortiment sp\u00e9cial de l'assortiment Delicatessen<\/p>","protected":false},"featured_media":5421,"template":"","meta":{"_acf_changed":false,"inline_featured_image":false},"product_brand":[],"product_cat":[20,22,16,19,18],"product_tag":[],"class_list":{"0":"post-524","1":"product","2":"type-product","3":"status-publish","4":"has-post-thumbnail","6":"product_cat-chocolates-y-fruites","7":"product_cat-estuches-de-regalo","8":"product_cat-pasteleria","9":"product_cat-premium","10":"product_cat-turrones","12":"first","13":"instock","14":"taxable","15":"shipping-taxable","16":"purchasable","17":"product-type-simple"},"acf":[],"yoast_head":"<!-- This site is optimized with the Yoast SEO plugin v26.5 - https:\/\/yoast.com\/wordpress\/plugins\/seo\/ -->\n<title>Ba\u00fal Surtido Especial Delicatessen | Pablo Garrig\u00f3s Ib\u00e1\u00f1ez<\/title>\n<meta name=\"description\" content=\"Descubre un universo de sabores con nuestro Ba\u00fal Surtido Especial Delicatessen. 12 dulces navide\u00f1os gourmet para disfrutar en familia.\" \/>\n<meta name=\"robots\" content=\"index, follow, max-snippet:-1, max-image-preview:large, max-video-preview:-1\" \/>\n<link rel=\"canonical\" href=\"https:\/\/pablogarrigos.com\/fr\/estuches-de-regalo\/baul-surtido-especial-delicatessen\/\" \/>\n<meta property=\"og:locale\" content=\"fr_FR\" \/>\n<meta property=\"og:type\" content=\"article\" \/>\n<meta property=\"og:title\" content=\"Ba\u00fal Surtido Especial Delicatessen | Pablo Garrig\u00f3s Ib\u00e1\u00f1ez\" \/>\n<meta property=\"og:description\" content=\"Descubre un universo de sabores con nuestro Ba\u00fal Surtido Especial Delicatessen. 12 dulces navide\u00f1os gourmet para disfrutar en familia.\" \/>\n<meta property=\"og:url\" content=\"https:\/\/pablogarrigos.com\/fr\/estuches-de-regalo\/baul-surtido-especial-delicatessen\/\" \/>\n<meta property=\"og:site_name\" content=\"Pablo Garrig\u00f3s Iba\u00f1ez\" \/>\n<meta property=\"article:modified_time\" content=\"2025-11-19T15:35:39+00:00\" \/>\n<meta property=\"og:image\" content=\"https:\/\/pablogarrigos.com\/wp-content\/uploads\/2024\/02\/delo04-baul-surtido-especial-delicatessen-contenido.jpg\" \/>\n\t<meta property=\"og:image:width\" content=\"2048\" \/>\n\t<meta property=\"og:image:height\" content=\"1227\" \/>\n\t<meta property=\"og:image:type\" content=\"image\/jpeg\" \/>\n<meta name=\"twitter:card\" content=\"summary_large_image\" \/>\n<meta name=\"twitter:label1\" content=\"Dur\u00e9e de lecture estim\u00e9e\" \/>\n\t<meta name=\"twitter:data1\" content=\"3 minutes\" \/>\n<script type=\"application\/ld+json\" class=\"yoast-schema-graph\">{\"@context\":\"https:\/\/schema.org\",\"@graph\":[{\"@type\":\"WebPage\",\"@id\":\"https:\/\/pablogarrigos.com\/estuches-de-regalo\/baul-surtido-especial-delicatessen\/\",\"url\":\"https:\/\/pablogarrigos.com\/estuches-de-regalo\/baul-surtido-especial-delicatessen\/\",\"name\":\"Ba\u00fal Surtido Especial Delicatessen | Pablo Garrig\u00f3s Ib\u00e1\u00f1ez\",\"isPartOf\":{\"@id\":\"https:\/\/pablogarrigos.com\/#website\"},\"primaryImageOfPage\":{\"@id\":\"https:\/\/pablogarrigos.com\/estuches-de-regalo\/baul-surtido-especial-delicatessen\/#primaryimage\"},\"image\":{\"@id\":\"https:\/\/pablogarrigos.com\/estuches-de-regalo\/baul-surtido-especial-delicatessen\/#primaryimage\"},\"thumbnailUrl\":\"https:\/\/pablogarrigos.com\/wp-content\/uploads\/2024\/02\/delo04-baul-surtido-especial-delicatessen-contenido.jpg\",\"datePublished\":\"2024-02-20T15:04:20+00:00\",\"dateModified\":\"2025-11-19T15:35:39+00:00\",\"description\":\"Descubre un universo de sabores con nuestro Ba\u00fal Surtido Especial Delicatessen. 12 dulces navide\u00f1os gourmet para disfrutar en familia.\",\"breadcrumb\":{\"@id\":\"https:\/\/pablogarrigos.com\/estuches-de-regalo\/baul-surtido-especial-delicatessen\/#breadcrumb\"},\"inLanguage\":\"fr-FR\",\"potentialAction\":[{\"@type\":\"ReadAction\",\"target\":[\"https:\/\/pablogarrigos.com\/estuches-de-regalo\/baul-surtido-especial-delicatessen\/\"]}]},{\"@type\":\"ImageObject\",\"inLanguage\":\"fr-FR\",\"@id\":\"https:\/\/pablogarrigos.com\/estuches-de-regalo\/baul-surtido-especial-delicatessen\/#primaryimage\",\"url\":\"https:\/\/pablogarrigos.com\/wp-content\/uploads\/2024\/02\/delo04-baul-surtido-especial-delicatessen-contenido.jpg\",\"contentUrl\":\"https:\/\/pablogarrigos.com\/wp-content\/uploads\/2024\/02\/delo04-baul-surtido-especial-delicatessen-contenido.jpg\",\"width\":2048,\"height\":1227},{\"@type\":\"BreadcrumbList\",\"@id\":\"https:\/\/pablogarrigos.com\/estuches-de-regalo\/baul-surtido-especial-delicatessen\/#breadcrumb\",\"itemListElement\":[{\"@type\":\"ListItem\",\"position\":1,\"name\":\"Home\",\"item\":\"https:\/\/pablogarrigos.com\/en\/\"},{\"@type\":\"ListItem\",\"position\":2,\"name\":\"Tienda\",\"item\":\"https:\/\/pablogarrigos.com\/en\/tienda\/\"},{\"@type\":\"ListItem\",\"position\":3,\"name\":\"Ba\u00fal Surtido Especial Delicatessen\"}]},{\"@type\":\"WebSite\",\"@id\":\"https:\/\/pablogarrigos.com\/#website\",\"url\":\"https:\/\/pablogarrigos.com\/\",\"name\":\"Pablo Garrig\u00f3s Iba\u00f1ez\",\"description\":\"El Sentido del Gusto\",\"publisher\":{\"@id\":\"https:\/\/pablogarrigos.com\/#organization\"},\"potentialAction\":[{\"@type\":\"SearchAction\",\"target\":{\"@type\":\"EntryPoint\",\"urlTemplate\":\"https:\/\/pablogarrigos.com\/?s={search_term_string}\"},\"query-input\":{\"@type\":\"PropertyValueSpecification\",\"valueRequired\":true,\"valueName\":\"search_term_string\"}}],\"inLanguage\":\"fr-FR\"},{\"@type\":\"Organization\",\"@id\":\"https:\/\/pablogarrigos.com\/#organization\",\"name\":\"Pablo Garrig\u00f3s Iba\u00f1ez\",\"url\":\"https:\/\/pablogarrigos.com\/\",\"logo\":{\"@type\":\"ImageObject\",\"inLanguage\":\"fr-FR\",\"@id\":\"https:\/\/pablogarrigos.com\/#\/schema\/logo\/image\/\",\"url\":\"https:\/\/pablogarrigos.com\/wp-content\/uploads\/2024\/02\/logo-pablogarrigos.png\",\"contentUrl\":\"https:\/\/pablogarrigos.com\/wp-content\/uploads\/2024\/02\/logo-pablogarrigos.png\",\"width\":1247,\"height\":480,\"caption\":\"Pablo Garrig\u00f3s Iba\u00f1ez\"},\"image\":{\"@id\":\"https:\/\/pablogarrigos.com\/#\/schema\/logo\/image\/\"}}]}<\/script>\n<!-- \/ Yoast SEO plugin. -->","yoast_head_json":{"title":"Coffret d'assortiment sp\u00e9cial \u00e9picerie fine | Pablo Garrig\u00f3s Ib\u00e1\u00f1ez","description":"D\u00e9couvrez un univers de saveurs avec notre malle d'assortiment sp\u00e9cial \u00e9picerie fine. 12 douceurs gourmandes de No\u00ebl \u00e0 d\u00e9guster en famille.","robots":{"index":"index","follow":"follow","max-snippet":"max-snippet:-1","max-image-preview":"max-image-preview:large","max-video-preview":"max-video-preview:-1"},"canonical":"https:\/\/pablogarrigos.com\/fr\/estuches-de-regalo\/baul-surtido-especial-delicatessen\/","og_locale":"fr_FR","og_type":"article","og_title":"Ba\u00fal Surtido Especial Delicatessen | Pablo Garrig\u00f3s Ib\u00e1\u00f1ez","og_description":"Descubre un universo de sabores con nuestro Ba\u00fal Surtido Especial Delicatessen. 12 dulces navide\u00f1os gourmet para disfrutar en familia.","og_url":"https:\/\/pablogarrigos.com\/fr\/estuches-de-regalo\/baul-surtido-especial-delicatessen\/","og_site_name":"Pablo Garrig\u00f3s Iba\u00f1ez","article_modified_time":"2025-11-19T15:35:39+00:00","og_image":[{"width":2048,"height":1227,"url":"https:\/\/pablogarrigos.com\/wp-content\/uploads\/2024\/02\/delo04-baul-surtido-especial-delicatessen-contenido.jpg","type":"image\/jpeg"}],"twitter_card":"summary_large_image","twitter_misc":{"Dur\u00e9e de lecture estim\u00e9e":"3 minutes"},"schema":{"@context":"https:\/\/schema.org","@graph":[{"@type":"WebPage","@id":"https:\/\/pablogarrigos.com\/estuches-de-regalo\/baul-surtido-especial-delicatessen\/","url":"https:\/\/pablogarrigos.com\/estuches-de-regalo\/baul-surtido-especial-delicatessen\/","name":"Coffret d'assortiment sp\u00e9cial \u00e9picerie fine | Pablo Garrig\u00f3s Ib\u00e1\u00f1ez","isPartOf":{"@id":"https:\/\/pablogarrigos.com\/#website"},"primaryImageOfPage":{"@id":"https:\/\/pablogarrigos.com\/estuches-de-regalo\/baul-surtido-especial-delicatessen\/#primaryimage"},"image":{"@id":"https:\/\/pablogarrigos.com\/estuches-de-regalo\/baul-surtido-especial-delicatessen\/#primaryimage"},"thumbnailUrl":"https:\/\/pablogarrigos.com\/wp-content\/uploads\/2024\/02\/delo04-baul-surtido-especial-delicatessen-contenido.jpg","datePublished":"2024-02-20T15:04:20+00:00","dateModified":"2025-11-19T15:35:39+00:00","description":"D\u00e9couvrez un univers de saveurs avec notre malle d'assortiment sp\u00e9cial \u00e9picerie fine. 12 douceurs gourmandes de No\u00ebl \u00e0 d\u00e9guster en famille.","breadcrumb":{"@id":"https:\/\/pablogarrigos.com\/estuches-de-regalo\/baul-surtido-especial-delicatessen\/#breadcrumb"},"inLanguage":"fr-FR","potentialAction":[{"@type":"ReadAction","target":["https:\/\/pablogarrigos.com\/estuches-de-regalo\/baul-surtido-especial-delicatessen\/"]}]},{"@type":"ImageObject","inLanguage":"fr-FR","@id":"https:\/\/pablogarrigos.com\/estuches-de-regalo\/baul-surtido-especial-delicatessen\/#primaryimage","url":"https:\/\/pablogarrigos.com\/wp-content\/uploads\/2024\/02\/delo04-baul-surtido-especial-delicatessen-contenido.jpg","contentUrl":"https:\/\/pablogarrigos.com\/wp-content\/uploads\/2024\/02\/delo04-baul-surtido-especial-delicatessen-contenido.jpg","width":2048,"height":1227},{"@type":"BreadcrumbList","@id":"https:\/\/pablogarrigos.com\/estuches-de-regalo\/baul-surtido-especial-delicatessen\/#breadcrumb","itemListElement":[{"@type":"ListItem","position":1,"name":"Home","item":"https:\/\/pablogarrigos.com\/en\/"},{"@type":"ListItem","position":2,"name":"Tienda","item":"https:\/\/pablogarrigos.com\/en\/tienda\/"},{"@type":"ListItem","position":3,"name":"Ba\u00fal Surtido Especial Delicatessen"}]},{"@type":"WebSite","@id":"https:\/\/pablogarrigos.com\/#website","url":"https:\/\/pablogarrigos.com\/","name":"Pablo Garrig\u00f3s Iba\u00f1ez","description":"Le sens du go\u00fbt","publisher":{"@id":"https:\/\/pablogarrigos.com\/#organization"},"potentialAction":[{"@type":"SearchAction","target":{"@type":"EntryPoint","urlTemplate":"https:\/\/pablogarrigos.com\/?s={search_term_string}"},"query-input":{"@type":"PropertyValueSpecification","valueRequired":true,"valueName":"search_term_string"}}],"inLanguage":"fr-FR"},{"@type":"Organization","@id":"https:\/\/pablogarrigos.com\/#organization","name":"Pablo Garrig\u00f3s Iba\u00f1ez","url":"https:\/\/pablogarrigos.com\/","logo":{"@type":"ImageObject","inLanguage":"fr-FR","@id":"https:\/\/pablogarrigos.com\/#\/schema\/logo\/image\/","url":"https:\/\/pablogarrigos.com\/wp-content\/uploads\/2024\/02\/logo-pablogarrigos.png","contentUrl":"https:\/\/pablogarrigos.com\/wp-content\/uploads\/2024\/02\/logo-pablogarrigos.png","width":1247,"height":480,"caption":"Pablo Garrig\u00f3s Iba\u00f1ez"},"image":{"@id":"https:\/\/pablogarrigos.com\/#\/schema\/logo\/image\/"}}]}},"_links":{"self":[{"href":"https:\/\/pablogarrigos.com\/fr\/wp-json\/wp\/v2\/product\/524","targetHints":{"allow":["GET"]}}],"collection":[{"href":"https:\/\/pablogarrigos.com\/fr\/wp-json\/wp\/v2\/product"}],"about":[{"href":"https:\/\/pablogarrigos.com\/fr\/wp-json\/wp\/v2\/types\/product"}],"wp:featuredmedia":[{"embeddable":true,"href":"https:\/\/pablogarrigos.com\/fr\/wp-json\/wp\/v2\/media\/5421"}],"wp:attachment":[{"href":"https:\/\/pablogarrigos.com\/fr\/wp-json\/wp\/v2\/media?parent=524"}],"wp:term":[{"taxonomy":"product_brand","embeddable":true,"href":"https:\/\/pablogarrigos.com\/fr\/wp-json\/wp\/v2\/product_brand?post=524"},{"taxonomy":"product_cat","embeddable":true,"href":"https:\/\/pablogarrigos.com\/fr\/wp-json\/wp\/v2\/product_cat?post=524"},{"taxonomy":"product_tag","embeddable":true,"href":"https:\/\/pablogarrigos.com\/fr\/wp-json\/wp\/v2\/product_tag?post=524"}],"curies":[{"name":"wp","href":"https:\/\/api.w.org\/{rel}","templated":true}]}}