{"id":5158,"date":"2025-10-08T10:57:39","date_gmt":"2025-10-08T08:57:39","guid":{"rendered":"https:\/\/pablogarrigos.com\/?post_type=product&#038;p=5158"},"modified":"2025-11-13T12:18:57","modified_gmt":"2025-11-13T11:18:57","slug":"bombones-de-chocolate-berries-80-g","status":"publish","type":"product","link":"https:\/\/pablogarrigos.com\/fr\/chocolates-y-fruites\/bombones-de-chocolate-berries-80-g\/","title":{"rendered":"Bombones de Chocolate Berries 80 g"},"content":{"rendered":"<p><strong>Frambuesa y chocolate blanco:\u00a0<\/strong><\/p>\n<p>Cobertura de Chocolate blanco (74%) (az\u00facar, manteca de caco, <strong>lait<\/strong> desnatada en polvo, materia grasa <strong>laitier<\/strong>\u00e9mulsifiant (l\u00e9cithine d'huile v\u00e9g\u00e9tale), \u00e9mulsifiant (l\u00e9cithine d'huile v\u00e9g\u00e9tale), \u00e9mulsifiant (l\u00e9cithine d'huile v\u00e9g\u00e9tale) <strong>soja<\/strong>)), <strong>lactos\u00e9rum<\/strong>, <strong>amande<\/strong>, frambuesa liofilizada (5%), manteca de cacao (az\u00facar y almid\u00f3n), frambuesa liofilizada en polvo (0,2%), colorante (remolacha) , emulgente (lecitina de <strong>soja<\/strong>), aromas. P<strong>uede contener trazas de otros frutos de c\u00e1scara.<\/strong><\/p>\n<p><strong>Ar\u00e1ndanos y chocolate con leche:\u00a0<\/strong><\/p>\n<p>Cobertura de Chocolate blanco (45%) (az\u00facar, manteca de caco, <strong>lait<\/strong> desnatada en polvo, materia grasa <strong>laitier<\/strong>\u00e9mulsifiant (l\u00e9cithine d'huile v\u00e9g\u00e9tale), \u00e9mulsifiant (l\u00e9cithine d'huile v\u00e9g\u00e9tale), \u00e9mulsifiant (l\u00e9cithine d'huile v\u00e9g\u00e9tale) <strong>soja<\/strong>), ar\u00e1ndano (35%) (ar\u00e1ndanos 50%), az\u00facar, aceite de girasol), <strong>lactos\u00e9rum<\/strong>, pasta de cacao, <strong>amande<\/strong>, az\u00facar, manteca de cacao, aceite de girasol, colorante (remolacha, espirulina), emulgente (lecitina de <strong>soja<\/strong>), aroma. <strong>Chocolate con leche 54%.<\/strong> P<strong>uede contener trazas de otros frutos de c\u00e1scara.<\/strong><\/p>\n<p><strong>Conservar en un lugar fresco y seco. 12\u00ba-17\u00baC.<\/strong><\/p>","protected":false},"excerpt":{"rendered":"<p>Frambuesa y chocolate blanco:\u00a0 Cobertura de Chocolate blanco (74%) (az\u00facar, manteca de caco, leche desnatada en polvo, materia grasa l\u00e1ctea, emulgente (lecitina de soja)), lactosuero, almendra, frambuesa liofilizada (5%), manteca de cacao (az\u00facar y almid\u00f3n), frambuesa liofilizada en polvo (0,2%), colorante (remolacha) , emulgente (lecitina de soja), aromas. Puede contener trazas de otros frutos de [&hellip;]<\/p>","protected":false},"featured_media":5160,"template":"","meta":{"_acf_changed":false,"inline_featured_image":false},"product_brand":[],"product_cat":[20],"product_tag":[],"class_list":{"0":"post-5158","1":"product","2":"type-product","3":"status-publish","4":"has-post-thumbnail","6":"product_cat-chocolates-y-fruites","8":"first","9":"instock","10":"taxable","11":"shipping-taxable","12":"purchasable","13":"product-type-simple"},"acf":[],"yoast_head":"<!-- This site is optimized with the Yoast SEO plugin v26.5 - https:\/\/yoast.com\/wordpress\/plugins\/seo\/ -->\n<title>Bombones de Chocolate Berries 80 g | Pablo Garrig\u00f3s Iba\u00f1ez<\/title>\n<meta name=\"description\" content=\"Deliciosos bombones de chocolate con leche y ar\u00e1ndanos y chocolate blanco con frambuesas, novedad en Pablo Garrig\u00f3s Ib\u00e1\u00f1ez.\" \/>\n<meta name=\"robots\" content=\"index, follow, max-snippet:-1, max-image-preview:large, max-video-preview:-1\" \/>\n<link rel=\"canonical\" href=\"https:\/\/pablogarrigos.com\/fr\/chocolates-y-fruites\/bombones-de-chocolate-berries-80-g\/\" \/>\n<meta property=\"og:locale\" content=\"fr_FR\" \/>\n<meta property=\"og:type\" content=\"article\" \/>\n<meta property=\"og:title\" content=\"Bombones de Chocolate Berries 80 g | Pablo Garrig\u00f3s Iba\u00f1ez\" \/>\n<meta property=\"og:description\" content=\"Deliciosos bombones de chocolate con leche y ar\u00e1ndanos y chocolate blanco con frambuesas, novedad en Pablo Garrig\u00f3s Ib\u00e1\u00f1ez.\" \/>\n<meta property=\"og:url\" content=\"https:\/\/pablogarrigos.com\/fr\/chocolates-y-fruites\/bombones-de-chocolate-berries-80-g\/\" \/>\n<meta property=\"og:site_name\" content=\"Pablo Garrig\u00f3s Iba\u00f1ez\" \/>\n<meta property=\"article:modified_time\" content=\"2025-11-13T11:18:57+00:00\" \/>\n<meta property=\"og:image\" content=\"https:\/\/pablogarrigos.com\/wp-content\/uploads\/2025\/10\/bombones-frutas-del-bosque_web.jpg\" \/>\n\t<meta property=\"og:image:width\" content=\"550\" \/>\n\t<meta property=\"og:image:height\" content=\"550\" \/>\n\t<meta property=\"og:image:type\" content=\"image\/jpeg\" \/>\n<meta name=\"twitter:card\" content=\"summary_large_image\" \/>\n<meta name=\"twitter:label1\" content=\"Dur\u00e9e de lecture estim\u00e9e\" \/>\n\t<meta name=\"twitter:data1\" content=\"1 minute\" \/>\n<script type=\"application\/ld+json\" class=\"yoast-schema-graph\">{\"@context\":\"https:\/\/schema.org\",\"@graph\":[{\"@type\":\"WebPage\",\"@id\":\"https:\/\/pablogarrigos.com\/chocolates-y-fruites\/bombones-de-chocolate-berries-80-g\/\",\"url\":\"https:\/\/pablogarrigos.com\/chocolates-y-fruites\/bombones-de-chocolate-berries-80-g\/\",\"name\":\"Bombones de Chocolate Berries 80 g | Pablo Garrig\u00f3s Iba\u00f1ez\",\"isPartOf\":{\"@id\":\"https:\/\/pablogarrigos.com\/#website\"},\"primaryImageOfPage\":{\"@id\":\"https:\/\/pablogarrigos.com\/chocolates-y-fruites\/bombones-de-chocolate-berries-80-g\/#primaryimage\"},\"image\":{\"@id\":\"https:\/\/pablogarrigos.com\/chocolates-y-fruites\/bombones-de-chocolate-berries-80-g\/#primaryimage\"},\"thumbnailUrl\":\"https:\/\/pablogarrigos.com\/wp-content\/uploads\/2025\/10\/bombones-frutas-del-bosque_web.jpg\",\"datePublished\":\"2025-10-08T08:57:39+00:00\",\"dateModified\":\"2025-11-13T11:18:57+00:00\",\"description\":\"Deliciosos bombones de chocolate con leche y ar\u00e1ndanos y chocolate blanco con frambuesas, novedad en Pablo Garrig\u00f3s Ib\u00e1\u00f1ez.\",\"breadcrumb\":{\"@id\":\"https:\/\/pablogarrigos.com\/chocolates-y-fruites\/bombones-de-chocolate-berries-80-g\/#breadcrumb\"},\"inLanguage\":\"fr-FR\",\"potentialAction\":[{\"@type\":\"ReadAction\",\"target\":[\"https:\/\/pablogarrigos.com\/chocolates-y-fruites\/bombones-de-chocolate-berries-80-g\/\"]}]},{\"@type\":\"ImageObject\",\"inLanguage\":\"fr-FR\",\"@id\":\"https:\/\/pablogarrigos.com\/chocolates-y-fruites\/bombones-de-chocolate-berries-80-g\/#primaryimage\",\"url\":\"https:\/\/pablogarrigos.com\/wp-content\/uploads\/2025\/10\/bombones-frutas-del-bosque_web.jpg\",\"contentUrl\":\"https:\/\/pablogarrigos.com\/wp-content\/uploads\/2025\/10\/bombones-frutas-del-bosque_web.jpg\",\"width\":550,\"height\":550},{\"@type\":\"BreadcrumbList\",\"@id\":\"https:\/\/pablogarrigos.com\/chocolates-y-fruites\/bombones-de-chocolate-berries-80-g\/#breadcrumb\",\"itemListElement\":[{\"@type\":\"ListItem\",\"position\":1,\"name\":\"Home\",\"item\":\"https:\/\/pablogarrigos.com\/en\/\"},{\"@type\":\"ListItem\",\"position\":2,\"name\":\"Tienda\",\"item\":\"https:\/\/pablogarrigos.com\/en\/tienda\/\"},{\"@type\":\"ListItem\",\"position\":3,\"name\":\"Bombones de Chocolate Berries 80 g\"}]},{\"@type\":\"WebSite\",\"@id\":\"https:\/\/pablogarrigos.com\/#website\",\"url\":\"https:\/\/pablogarrigos.com\/\",\"name\":\"Pablo Garrig\u00f3s Iba\u00f1ez\",\"description\":\"El Sentido del Gusto\",\"publisher\":{\"@id\":\"https:\/\/pablogarrigos.com\/#organization\"},\"potentialAction\":[{\"@type\":\"SearchAction\",\"target\":{\"@type\":\"EntryPoint\",\"urlTemplate\":\"https:\/\/pablogarrigos.com\/?s={search_term_string}\"},\"query-input\":{\"@type\":\"PropertyValueSpecification\",\"valueRequired\":true,\"valueName\":\"search_term_string\"}}],\"inLanguage\":\"fr-FR\"},{\"@type\":\"Organization\",\"@id\":\"https:\/\/pablogarrigos.com\/#organization\",\"name\":\"Pablo Garrig\u00f3s Iba\u00f1ez\",\"url\":\"https:\/\/pablogarrigos.com\/\",\"logo\":{\"@type\":\"ImageObject\",\"inLanguage\":\"fr-FR\",\"@id\":\"https:\/\/pablogarrigos.com\/#\/schema\/logo\/image\/\",\"url\":\"https:\/\/pablogarrigos.com\/wp-content\/uploads\/2024\/02\/logo-pablogarrigos.png\",\"contentUrl\":\"https:\/\/pablogarrigos.com\/wp-content\/uploads\/2024\/02\/logo-pablogarrigos.png\",\"width\":1247,\"height\":480,\"caption\":\"Pablo Garrig\u00f3s Iba\u00f1ez\"},\"image\":{\"@id\":\"https:\/\/pablogarrigos.com\/#\/schema\/logo\/image\/\"}}]}<\/script>\n<!-- \/ Yoast SEO plugin. -->","yoast_head_json":{"title":"Bombones de Chocolate Berries 80 g | Pablo Garrig\u00f3s Iba\u00f1ez","description":"Deliciosos bombones de chocolate con leche y ar\u00e1ndanos y chocolate blanco con frambuesas, novedad en Pablo Garrig\u00f3s Ib\u00e1\u00f1ez.","robots":{"index":"index","follow":"follow","max-snippet":"max-snippet:-1","max-image-preview":"max-image-preview:large","max-video-preview":"max-video-preview:-1"},"canonical":"https:\/\/pablogarrigos.com\/fr\/chocolates-y-fruites\/bombones-de-chocolate-berries-80-g\/","og_locale":"fr_FR","og_type":"article","og_title":"Bombones de Chocolate Berries 80 g | Pablo Garrig\u00f3s Iba\u00f1ez","og_description":"Deliciosos bombones de chocolate con leche y ar\u00e1ndanos y chocolate blanco con frambuesas, novedad en Pablo Garrig\u00f3s Ib\u00e1\u00f1ez.","og_url":"https:\/\/pablogarrigos.com\/fr\/chocolates-y-fruites\/bombones-de-chocolate-berries-80-g\/","og_site_name":"Pablo Garrig\u00f3s Iba\u00f1ez","article_modified_time":"2025-11-13T11:18:57+00:00","og_image":[{"width":550,"height":550,"url":"https:\/\/pablogarrigos.com\/wp-content\/uploads\/2025\/10\/bombones-frutas-del-bosque_web.jpg","type":"image\/jpeg"}],"twitter_card":"summary_large_image","twitter_misc":{"Dur\u00e9e de lecture estim\u00e9e":"1 minute"},"schema":{"@context":"https:\/\/schema.org","@graph":[{"@type":"WebPage","@id":"https:\/\/pablogarrigos.com\/chocolates-y-fruites\/bombones-de-chocolate-berries-80-g\/","url":"https:\/\/pablogarrigos.com\/chocolates-y-fruites\/bombones-de-chocolate-berries-80-g\/","name":"Bombones de Chocolate Berries 80 g | Pablo Garrig\u00f3s Iba\u00f1ez","isPartOf":{"@id":"https:\/\/pablogarrigos.com\/#website"},"primaryImageOfPage":{"@id":"https:\/\/pablogarrigos.com\/chocolates-y-fruites\/bombones-de-chocolate-berries-80-g\/#primaryimage"},"image":{"@id":"https:\/\/pablogarrigos.com\/chocolates-y-fruites\/bombones-de-chocolate-berries-80-g\/#primaryimage"},"thumbnailUrl":"https:\/\/pablogarrigos.com\/wp-content\/uploads\/2025\/10\/bombones-frutas-del-bosque_web.jpg","datePublished":"2025-10-08T08:57:39+00:00","dateModified":"2025-11-13T11:18:57+00:00","description":"Deliciosos bombones de chocolate con leche y ar\u00e1ndanos y chocolate blanco con frambuesas, novedad en Pablo Garrig\u00f3s Ib\u00e1\u00f1ez.","breadcrumb":{"@id":"https:\/\/pablogarrigos.com\/chocolates-y-fruites\/bombones-de-chocolate-berries-80-g\/#breadcrumb"},"inLanguage":"fr-FR","potentialAction":[{"@type":"ReadAction","target":["https:\/\/pablogarrigos.com\/chocolates-y-fruites\/bombones-de-chocolate-berries-80-g\/"]}]},{"@type":"ImageObject","inLanguage":"fr-FR","@id":"https:\/\/pablogarrigos.com\/chocolates-y-fruites\/bombones-de-chocolate-berries-80-g\/#primaryimage","url":"https:\/\/pablogarrigos.com\/wp-content\/uploads\/2025\/10\/bombones-frutas-del-bosque_web.jpg","contentUrl":"https:\/\/pablogarrigos.com\/wp-content\/uploads\/2025\/10\/bombones-frutas-del-bosque_web.jpg","width":550,"height":550},{"@type":"BreadcrumbList","@id":"https:\/\/pablogarrigos.com\/chocolates-y-fruites\/bombones-de-chocolate-berries-80-g\/#breadcrumb","itemListElement":[{"@type":"ListItem","position":1,"name":"Home","item":"https:\/\/pablogarrigos.com\/en\/"},{"@type":"ListItem","position":2,"name":"Tienda","item":"https:\/\/pablogarrigos.com\/en\/tienda\/"},{"@type":"ListItem","position":3,"name":"Bombones de Chocolate Berries 80 g"}]},{"@type":"WebSite","@id":"https:\/\/pablogarrigos.com\/#website","url":"https:\/\/pablogarrigos.com\/","name":"Pablo Garrig\u00f3s Iba\u00f1ez","description":"Le sens du go\u00fbt","publisher":{"@id":"https:\/\/pablogarrigos.com\/#organization"},"potentialAction":[{"@type":"SearchAction","target":{"@type":"EntryPoint","urlTemplate":"https:\/\/pablogarrigos.com\/?s={search_term_string}"},"query-input":{"@type":"PropertyValueSpecification","valueRequired":true,"valueName":"search_term_string"}}],"inLanguage":"fr-FR"},{"@type":"Organization","@id":"https:\/\/pablogarrigos.com\/#organization","name":"Pablo Garrig\u00f3s Iba\u00f1ez","url":"https:\/\/pablogarrigos.com\/","logo":{"@type":"ImageObject","inLanguage":"fr-FR","@id":"https:\/\/pablogarrigos.com\/#\/schema\/logo\/image\/","url":"https:\/\/pablogarrigos.com\/wp-content\/uploads\/2024\/02\/logo-pablogarrigos.png","contentUrl":"https:\/\/pablogarrigos.com\/wp-content\/uploads\/2024\/02\/logo-pablogarrigos.png","width":1247,"height":480,"caption":"Pablo Garrig\u00f3s Iba\u00f1ez"},"image":{"@id":"https:\/\/pablogarrigos.com\/#\/schema\/logo\/image\/"}}]}},"_links":{"self":[{"href":"https:\/\/pablogarrigos.com\/fr\/wp-json\/wp\/v2\/product\/5158","targetHints":{"allow":["GET"]}}],"collection":[{"href":"https:\/\/pablogarrigos.com\/fr\/wp-json\/wp\/v2\/product"}],"about":[{"href":"https:\/\/pablogarrigos.com\/fr\/wp-json\/wp\/v2\/types\/product"}],"wp:featuredmedia":[{"embeddable":true,"href":"https:\/\/pablogarrigos.com\/fr\/wp-json\/wp\/v2\/media\/5160"}],"wp:attachment":[{"href":"https:\/\/pablogarrigos.com\/fr\/wp-json\/wp\/v2\/media?parent=5158"}],"wp:term":[{"taxonomy":"product_brand","embeddable":true,"href":"https:\/\/pablogarrigos.com\/fr\/wp-json\/wp\/v2\/product_brand?post=5158"},{"taxonomy":"product_cat","embeddable":true,"href":"https:\/\/pablogarrigos.com\/fr\/wp-json\/wp\/v2\/product_cat?post=5158"},{"taxonomy":"product_tag","embeddable":true,"href":"https:\/\/pablogarrigos.com\/fr\/wp-json\/wp\/v2\/product_tag?post=5158"}],"curies":[{"name":"wp","href":"https:\/\/api.w.org\/{rel}","templated":true}]}}