{"id":496,"date":"2024-02-20T20:25:46","date_gmt":"2024-02-20T19:25:46","guid":{"rendered":"https:\/\/pablogarrigos.com\/index.php\/product\/fresa-chocolate-fondant-chocolate-vintage-120g\/"},"modified":"2025-11-13T12:20:59","modified_gmt":"2025-11-13T11:20:59","slug":"fresa-chocolate-fondant-chocolate-vintage-120g","status":"publish","type":"product","link":"https:\/\/pablogarrigos.com\/fr\/chocolates-y-fruites\/chocolate-vintage\/fresa-chocolate-fondant-chocolate-vintage-120g\/","title":{"rendered":"Fondant aux fruits au chocolat et \u00e0 la fraise 120g"},"content":{"rendered":"<p>Fresa entera deshidratada 40% (fresa, az\u00facar, regulador de acidez (\u00e1cido c\u00edtrico), colorante natural (remolacha), aroma natural, conservante (E 220)), pasta de cacao, manteca de cacao, cacao en polvo, emulgente (lecitina de <strong>soja<\/strong>), ar\u00f4me vanille et enrobage (maltodextrine, sirop de glucose, huile de coco, huile de colza). Teneur minimale en cacao du chocolat noir 70 %. <strong>Contient des sulfites. Peut contenir des traces d'oeufs, d'arachides, de lait et d'autres fruits \u00e0 coque.<\/strong><\/p>\n<p><strong>Conservar en un lugar fresco y seco. 12\u00ba-17\u00baC.<\/strong><\/p>","protected":false},"excerpt":{"rendered":"<p>C'est l'\u00e9quilibre parfait entre le chocolat et la fraise. Des bouch\u00e9es juteuses de Pablo Garrig\u00f3s Ib\u00e1\u00f1ez en format 120 grammes.<\/p>","protected":false},"featured_media":497,"template":"","meta":{"_acf_changed":false,"inline_featured_image":false},"product_brand":[],"product_cat":[26,20],"product_tag":[],"class_list":{"0":"post-496","1":"product","2":"type-product","3":"status-publish","4":"has-post-thumbnail","6":"product_cat-chocolate-vintage","7":"product_cat-chocolates-y-fruites","9":"first","10":"instock","11":"taxable","12":"shipping-taxable","13":"purchasable","14":"product-type-simple"},"acf":[],"yoast_head":"<!-- This site is optimized with the Yoast SEO plugin v26.5 - https:\/\/yoast.com\/wordpress\/plugins\/seo\/ -->\n<title>Fruit Chocolate Fresa &amp; Chocolate Fondant | Pablo Garrig\u00f3s Ib\u00e1\u00f1ez<\/title>\n<meta name=\"description\" content=\"Descubre el equilibrio perfecto entre jugosas fresas y rico chocolate fondant en cada bocado de 120 gramos, creado con maestr\u00eda por Pablo Garrig\u00f3s Ib\u00e1\u00f1ez.\" \/>\n<meta name=\"robots\" content=\"index, follow, max-snippet:-1, max-image-preview:large, max-video-preview:-1\" \/>\n<link rel=\"canonical\" href=\"https:\/\/pablogarrigos.com\/fr\/chocolates-y-fruites\/chocolate-vintage\/fresa-chocolate-fondant-chocolate-vintage-120g\/\" \/>\n<meta property=\"og:locale\" content=\"fr_FR\" \/>\n<meta property=\"og:type\" content=\"article\" \/>\n<meta property=\"og:title\" content=\"Fruit Chocolate Fresa &amp; Chocolate Fondant | Pablo Garrig\u00f3s Ib\u00e1\u00f1ez\" \/>\n<meta property=\"og:description\" content=\"Descubre el equilibrio perfecto entre jugosas fresas y rico chocolate fondant en cada bocado de 120 gramos, creado con maestr\u00eda por Pablo Garrig\u00f3s Ib\u00e1\u00f1ez.\" \/>\n<meta property=\"og:url\" content=\"https:\/\/pablogarrigos.com\/fr\/chocolates-y-fruites\/chocolate-vintage\/fresa-chocolate-fondant-chocolate-vintage-120g\/\" \/>\n<meta property=\"og:site_name\" content=\"Pablo Garrig\u00f3s Iba\u00f1ez\" \/>\n<meta property=\"article:modified_time\" content=\"2025-11-13T11:20:59+00:00\" \/>\n<meta property=\"og:image\" content=\"https:\/\/pablogarrigos.com\/wp-content\/uploads\/2024\/02\/Fruit-Chocolate-Fresa-y-Chocolate-Fondant-m.jpg\" \/>\n\t<meta property=\"og:image:width\" content=\"600\" \/>\n\t<meta property=\"og:image:height\" content=\"600\" \/>\n\t<meta property=\"og:image:type\" content=\"image\/jpeg\" \/>\n<meta name=\"twitter:card\" content=\"summary_large_image\" \/>\n<meta name=\"twitter:label1\" content=\"Dur\u00e9e de lecture estim\u00e9e\" \/>\n\t<meta name=\"twitter:data1\" content=\"1 minute\" \/>\n<script type=\"application\/ld+json\" class=\"yoast-schema-graph\">{\"@context\":\"https:\/\/schema.org\",\"@graph\":[{\"@type\":\"WebPage\",\"@id\":\"https:\/\/pablogarrigos.com\/chocolates-y-fruites\/chocolate-vintage\/fresa-chocolate-fondant-chocolate-vintage-120g\/\",\"url\":\"https:\/\/pablogarrigos.com\/chocolates-y-fruites\/chocolate-vintage\/fresa-chocolate-fondant-chocolate-vintage-120g\/\",\"name\":\"Fruit Chocolate Fresa & Chocolate Fondant | Pablo Garrig\u00f3s Ib\u00e1\u00f1ez\",\"isPartOf\":{\"@id\":\"https:\/\/pablogarrigos.com\/#website\"},\"primaryImageOfPage\":{\"@id\":\"https:\/\/pablogarrigos.com\/chocolates-y-fruites\/chocolate-vintage\/fresa-chocolate-fondant-chocolate-vintage-120g\/#primaryimage\"},\"image\":{\"@id\":\"https:\/\/pablogarrigos.com\/chocolates-y-fruites\/chocolate-vintage\/fresa-chocolate-fondant-chocolate-vintage-120g\/#primaryimage\"},\"thumbnailUrl\":\"https:\/\/pablogarrigos.com\/wp-content\/uploads\/2024\/02\/Fruit-Chocolate-Fresa-y-Chocolate-Fondant-m.jpg\",\"datePublished\":\"2024-02-20T19:25:46+00:00\",\"dateModified\":\"2025-11-13T11:20:59+00:00\",\"description\":\"Descubre el equilibrio perfecto entre jugosas fresas y rico chocolate fondant en cada bocado de 120 gramos, creado con maestr\u00eda por Pablo Garrig\u00f3s Ib\u00e1\u00f1ez.\",\"breadcrumb\":{\"@id\":\"https:\/\/pablogarrigos.com\/chocolates-y-fruites\/chocolate-vintage\/fresa-chocolate-fondant-chocolate-vintage-120g\/#breadcrumb\"},\"inLanguage\":\"fr-FR\",\"potentialAction\":[{\"@type\":\"ReadAction\",\"target\":[\"https:\/\/pablogarrigos.com\/chocolates-y-fruites\/chocolate-vintage\/fresa-chocolate-fondant-chocolate-vintage-120g\/\"]}]},{\"@type\":\"ImageObject\",\"inLanguage\":\"fr-FR\",\"@id\":\"https:\/\/pablogarrigos.com\/chocolates-y-fruites\/chocolate-vintage\/fresa-chocolate-fondant-chocolate-vintage-120g\/#primaryimage\",\"url\":\"https:\/\/pablogarrigos.com\/wp-content\/uploads\/2024\/02\/Fruit-Chocolate-Fresa-y-Chocolate-Fondant-m.jpg\",\"contentUrl\":\"https:\/\/pablogarrigos.com\/wp-content\/uploads\/2024\/02\/Fruit-Chocolate-Fresa-y-Chocolate-Fondant-m.jpg\",\"width\":600,\"height\":600},{\"@type\":\"BreadcrumbList\",\"@id\":\"https:\/\/pablogarrigos.com\/chocolates-y-fruites\/chocolate-vintage\/fresa-chocolate-fondant-chocolate-vintage-120g\/#breadcrumb\",\"itemListElement\":[{\"@type\":\"ListItem\",\"position\":1,\"name\":\"Home\",\"item\":\"https:\/\/pablogarrigos.com\/en\/\"},{\"@type\":\"ListItem\",\"position\":2,\"name\":\"Tienda\",\"item\":\"https:\/\/pablogarrigos.com\/en\/tienda\/\"},{\"@type\":\"ListItem\",\"position\":3,\"name\":\"Fruit chocolate fresa &amp; chocolate fondant 120g\"}]},{\"@type\":\"WebSite\",\"@id\":\"https:\/\/pablogarrigos.com\/#website\",\"url\":\"https:\/\/pablogarrigos.com\/\",\"name\":\"Pablo Garrig\u00f3s Iba\u00f1ez\",\"description\":\"El Sentido del Gusto\",\"publisher\":{\"@id\":\"https:\/\/pablogarrigos.com\/#organization\"},\"potentialAction\":[{\"@type\":\"SearchAction\",\"target\":{\"@type\":\"EntryPoint\",\"urlTemplate\":\"https:\/\/pablogarrigos.com\/?s={search_term_string}\"},\"query-input\":{\"@type\":\"PropertyValueSpecification\",\"valueRequired\":true,\"valueName\":\"search_term_string\"}}],\"inLanguage\":\"fr-FR\"},{\"@type\":\"Organization\",\"@id\":\"https:\/\/pablogarrigos.com\/#organization\",\"name\":\"Pablo Garrig\u00f3s Iba\u00f1ez\",\"url\":\"https:\/\/pablogarrigos.com\/\",\"logo\":{\"@type\":\"ImageObject\",\"inLanguage\":\"fr-FR\",\"@id\":\"https:\/\/pablogarrigos.com\/#\/schema\/logo\/image\/\",\"url\":\"https:\/\/pablogarrigos.com\/wp-content\/uploads\/2024\/02\/logo-pablogarrigos.png\",\"contentUrl\":\"https:\/\/pablogarrigos.com\/wp-content\/uploads\/2024\/02\/logo-pablogarrigos.png\",\"width\":1247,\"height\":480,\"caption\":\"Pablo Garrig\u00f3s Iba\u00f1ez\"},\"image\":{\"@id\":\"https:\/\/pablogarrigos.com\/#\/schema\/logo\/image\/\"}}]}<\/script>\n<!-- \/ Yoast SEO plugin. -->","yoast_head_json":{"title":"Chocolat aux fruits Fondant \u00e0 la fraise et au chocolat | Pablo Garrig\u00f3s Ib\u00e1\u00f1ez","description":"D\u00e9couvrez l'\u00e9quilibre parfait entre les fraises juteuses et le riche chocolat fondant dans chaque bouch\u00e9e de 120 grammes, cr\u00e9\u00e9e de main de ma\u00eetre par Pablo Garrig\u00f3s Ib\u00e1\u00f1ez.","robots":{"index":"index","follow":"follow","max-snippet":"max-snippet:-1","max-image-preview":"max-image-preview:large","max-video-preview":"max-video-preview:-1"},"canonical":"https:\/\/pablogarrigos.com\/fr\/chocolates-y-fruites\/chocolate-vintage\/fresa-chocolate-fondant-chocolate-vintage-120g\/","og_locale":"fr_FR","og_type":"article","og_title":"Fruit Chocolate Fresa & Chocolate Fondant | Pablo Garrig\u00f3s Ib\u00e1\u00f1ez","og_description":"Descubre el equilibrio perfecto entre jugosas fresas y rico chocolate fondant en cada bocado de 120 gramos, creado con maestr\u00eda por Pablo Garrig\u00f3s Ib\u00e1\u00f1ez.","og_url":"https:\/\/pablogarrigos.com\/fr\/chocolates-y-fruites\/chocolate-vintage\/fresa-chocolate-fondant-chocolate-vintage-120g\/","og_site_name":"Pablo Garrig\u00f3s Iba\u00f1ez","article_modified_time":"2025-11-13T11:20:59+00:00","og_image":[{"width":600,"height":600,"url":"https:\/\/pablogarrigos.com\/wp-content\/uploads\/2024\/02\/Fruit-Chocolate-Fresa-y-Chocolate-Fondant-m.jpg","type":"image\/jpeg"}],"twitter_card":"summary_large_image","twitter_misc":{"Dur\u00e9e de lecture estim\u00e9e":"1 minute"},"schema":{"@context":"https:\/\/schema.org","@graph":[{"@type":"WebPage","@id":"https:\/\/pablogarrigos.com\/chocolates-y-fruites\/chocolate-vintage\/fresa-chocolate-fondant-chocolate-vintage-120g\/","url":"https:\/\/pablogarrigos.com\/chocolates-y-fruites\/chocolate-vintage\/fresa-chocolate-fondant-chocolate-vintage-120g\/","name":"Chocolat aux fruits Fondant \u00e0 la fraise et au chocolat | Pablo Garrig\u00f3s Ib\u00e1\u00f1ez","isPartOf":{"@id":"https:\/\/pablogarrigos.com\/#website"},"primaryImageOfPage":{"@id":"https:\/\/pablogarrigos.com\/chocolates-y-fruites\/chocolate-vintage\/fresa-chocolate-fondant-chocolate-vintage-120g\/#primaryimage"},"image":{"@id":"https:\/\/pablogarrigos.com\/chocolates-y-fruites\/chocolate-vintage\/fresa-chocolate-fondant-chocolate-vintage-120g\/#primaryimage"},"thumbnailUrl":"https:\/\/pablogarrigos.com\/wp-content\/uploads\/2024\/02\/Fruit-Chocolate-Fresa-y-Chocolate-Fondant-m.jpg","datePublished":"2024-02-20T19:25:46+00:00","dateModified":"2025-11-13T11:20:59+00:00","description":"D\u00e9couvrez l'\u00e9quilibre parfait entre les fraises juteuses et le riche chocolat fondant dans chaque bouch\u00e9e de 120 grammes, cr\u00e9\u00e9e de main de ma\u00eetre par Pablo Garrig\u00f3s Ib\u00e1\u00f1ez.","breadcrumb":{"@id":"https:\/\/pablogarrigos.com\/chocolates-y-fruites\/chocolate-vintage\/fresa-chocolate-fondant-chocolate-vintage-120g\/#breadcrumb"},"inLanguage":"fr-FR","potentialAction":[{"@type":"ReadAction","target":["https:\/\/pablogarrigos.com\/chocolates-y-fruites\/chocolate-vintage\/fresa-chocolate-fondant-chocolate-vintage-120g\/"]}]},{"@type":"ImageObject","inLanguage":"fr-FR","@id":"https:\/\/pablogarrigos.com\/chocolates-y-fruites\/chocolate-vintage\/fresa-chocolate-fondant-chocolate-vintage-120g\/#primaryimage","url":"https:\/\/pablogarrigos.com\/wp-content\/uploads\/2024\/02\/Fruit-Chocolate-Fresa-y-Chocolate-Fondant-m.jpg","contentUrl":"https:\/\/pablogarrigos.com\/wp-content\/uploads\/2024\/02\/Fruit-Chocolate-Fresa-y-Chocolate-Fondant-m.jpg","width":600,"height":600},{"@type":"BreadcrumbList","@id":"https:\/\/pablogarrigos.com\/chocolates-y-fruites\/chocolate-vintage\/fresa-chocolate-fondant-chocolate-vintage-120g\/#breadcrumb","itemListElement":[{"@type":"ListItem","position":1,"name":"Home","item":"https:\/\/pablogarrigos.com\/en\/"},{"@type":"ListItem","position":2,"name":"Tienda","item":"https:\/\/pablogarrigos.com\/en\/tienda\/"},{"@type":"ListItem","position":3,"name":"Fruit chocolate fresa &amp; chocolate fondant 120g"}]},{"@type":"WebSite","@id":"https:\/\/pablogarrigos.com\/#website","url":"https:\/\/pablogarrigos.com\/","name":"Pablo Garrig\u00f3s Iba\u00f1ez","description":"Le sens du go\u00fbt","publisher":{"@id":"https:\/\/pablogarrigos.com\/#organization"},"potentialAction":[{"@type":"SearchAction","target":{"@type":"EntryPoint","urlTemplate":"https:\/\/pablogarrigos.com\/?s={search_term_string}"},"query-input":{"@type":"PropertyValueSpecification","valueRequired":true,"valueName":"search_term_string"}}],"inLanguage":"fr-FR"},{"@type":"Organization","@id":"https:\/\/pablogarrigos.com\/#organization","name":"Pablo Garrig\u00f3s Iba\u00f1ez","url":"https:\/\/pablogarrigos.com\/","logo":{"@type":"ImageObject","inLanguage":"fr-FR","@id":"https:\/\/pablogarrigos.com\/#\/schema\/logo\/image\/","url":"https:\/\/pablogarrigos.com\/wp-content\/uploads\/2024\/02\/logo-pablogarrigos.png","contentUrl":"https:\/\/pablogarrigos.com\/wp-content\/uploads\/2024\/02\/logo-pablogarrigos.png","width":1247,"height":480,"caption":"Pablo Garrig\u00f3s Iba\u00f1ez"},"image":{"@id":"https:\/\/pablogarrigos.com\/#\/schema\/logo\/image\/"}}]}},"_links":{"self":[{"href":"https:\/\/pablogarrigos.com\/fr\/wp-json\/wp\/v2\/product\/496","targetHints":{"allow":["GET"]}}],"collection":[{"href":"https:\/\/pablogarrigos.com\/fr\/wp-json\/wp\/v2\/product"}],"about":[{"href":"https:\/\/pablogarrigos.com\/fr\/wp-json\/wp\/v2\/types\/product"}],"wp:featuredmedia":[{"embeddable":true,"href":"https:\/\/pablogarrigos.com\/fr\/wp-json\/wp\/v2\/media\/497"}],"wp:attachment":[{"href":"https:\/\/pablogarrigos.com\/fr\/wp-json\/wp\/v2\/media?parent=496"}],"wp:term":[{"taxonomy":"product_brand","embeddable":true,"href":"https:\/\/pablogarrigos.com\/fr\/wp-json\/wp\/v2\/product_brand?post=496"},{"taxonomy":"product_cat","embeddable":true,"href":"https:\/\/pablogarrigos.com\/fr\/wp-json\/wp\/v2\/product_cat?post=496"},{"taxonomy":"product_tag","embeddable":true,"href":"https:\/\/pablogarrigos.com\/fr\/wp-json\/wp\/v2\/product_tag?post=496"}],"curies":[{"name":"wp","href":"https:\/\/api.w.org\/{rel}","templated":true}]}}