{"id":487,"date":"2024-02-20T20:20:46","date_gmt":"2024-02-20T19:20:46","guid":{"rendered":"https:\/\/pablogarrigos.com\/index.php\/product\/frambuesa-chocolate-blanco-y-fondant-chocolate-vintage-100g\/"},"modified":"2025-11-13T12:22:36","modified_gmt":"2025-11-13T11:22:36","slug":"frambuesa-chocolate-blanco-y-fondant-chocolate-vintage-100g","status":"publish","type":"product","link":"https:\/\/pablogarrigos.com\/fr\/chocolates-y-fruites\/chocolate-vintage\/frambuesa-chocolate-blanco-y-fondant-chocolate-vintage-100g\/","title":{"rendered":"Chocolat aux fruits framboise &amp; chocolat blanc &amp; fondant 100g"},"content":{"rendered":"<p>Sucre, beurre de cacao, <strong>lait<\/strong> poudre demi-\u00e9cr\u00e9m\u00e9e 12 %, p\u00e2te de cacao, framboise lyophilis\u00e9e 5%, poudre de cacao, \u00e9mulsifiant (l\u00e9cithine de cacao, beurre de cacao, beurre de cacao, beurre de cacao, beurre de cacao, poudre de cacao, \u00e9mulsifiant (l\u00e9cithine de cacao, beurre de cacao, beurre de cacao, beurre de cacao, \u00e9mulsifiant (l\u00e9cithine de cacao, beurre de cacao, beurre de cacao) <strong>soja<\/strong>), ar\u00f4me vanille et enrobage (maltodextrine, sirop de glucose, huile de coco, huile de colza). Cacao minimum pour l'enrobage du chocolat noir 62 %. Enrobage minimum de cacao au chocolat blanc 29,5%. <strong>Peut contenir des traces d'\u0153ufs, d'arachides et d'autres fruits \u00e0 coque.<\/strong><\/p>\n<p><strong>Conservar en un lugar fresco y seco. 12\u00ba-17\u00baC.<\/strong><\/p>","protected":false},"excerpt":{"rendered":"<div class=\"woocommerce-product-details__short-description vu_p-desc\">\n<p>Surprenantes et d\u00e9licieuses bouch\u00e9es de chocolat \u00e0 la framboise, au chocolat blanc et au fondant Vintage de Pablo Garrig\u00f3s Ib\u00e1\u00f1ez en format de 100 grammes.<\/p>\n<\/div>","protected":false},"featured_media":488,"template":"","meta":{"_acf_changed":false,"inline_featured_image":false},"product_brand":[],"product_cat":[26,20,25],"product_tag":[],"class_list":{"0":"post-487","1":"product","2":"type-product","3":"status-publish","4":"has-post-thumbnail","6":"product_cat-chocolate-vintage","7":"product_cat-chocolates-y-fruites","8":"product_cat-fruit-chocolates","10":"first","11":"instock","12":"taxable","13":"shipping-taxable","14":"purchasable","15":"product-type-simple"},"acf":[],"yoast_head":"<!-- This site is optimized with the Yoast SEO plugin v26.5 - https:\/\/yoast.com\/wordpress\/plugins\/seo\/ -->\n<title>Fruit Chocolate Frambuesa &amp; Chocolate Blanco y Fondant | Pablo Garrig\u00f3s Ib\u00e1\u00f1ez<\/title>\n<meta name=\"description\" content=\"Descubre el encanto de los bocados de frambuesa envueltos en chocolate blanco y fondant. Cada pieza de 100 gramos te transporta a un viaje de sabores intensos y texturas sorprendentes, cortes\u00eda de Pablo Garrig\u00f3s Ib\u00e1\u00f1ez.\" \/>\n<meta name=\"robots\" content=\"index, follow, max-snippet:-1, max-image-preview:large, max-video-preview:-1\" \/>\n<link rel=\"canonical\" href=\"https:\/\/pablogarrigos.com\/fr\/chocolates-y-fruites\/chocolate-vintage\/frambuesa-chocolate-blanco-y-fondant-chocolate-vintage-100g\/\" \/>\n<meta property=\"og:locale\" content=\"fr_FR\" \/>\n<meta property=\"og:type\" content=\"article\" \/>\n<meta property=\"og:title\" content=\"Fruit Chocolate Frambuesa &amp; Chocolate Blanco y Fondant | Pablo Garrig\u00f3s Ib\u00e1\u00f1ez\" \/>\n<meta property=\"og:description\" content=\"Descubre el encanto de los bocados de frambuesa envueltos en chocolate blanco y fondant. Cada pieza de 100 gramos te transporta a un viaje de sabores intensos y texturas sorprendentes, cortes\u00eda de Pablo Garrig\u00f3s Ib\u00e1\u00f1ez.\" \/>\n<meta property=\"og:url\" content=\"https:\/\/pablogarrigos.com\/fr\/chocolates-y-fruites\/chocolate-vintage\/frambuesa-chocolate-blanco-y-fondant-chocolate-vintage-100g\/\" \/>\n<meta property=\"og:site_name\" content=\"Pablo Garrig\u00f3s Iba\u00f1ez\" \/>\n<meta property=\"article:modified_time\" content=\"2025-11-13T11:22:36+00:00\" \/>\n<meta property=\"og:image\" content=\"https:\/\/pablogarrigos.com\/wp-content\/uploads\/2024\/02\/Fruit-Chocolate-Frambuesa-m.jpg\" \/>\n\t<meta property=\"og:image:width\" content=\"600\" \/>\n\t<meta property=\"og:image:height\" content=\"600\" \/>\n\t<meta property=\"og:image:type\" content=\"image\/jpeg\" \/>\n<meta name=\"twitter:card\" content=\"summary_large_image\" \/>\n<meta name=\"twitter:label1\" content=\"Dur\u00e9e de lecture estim\u00e9e\" \/>\n\t<meta name=\"twitter:data1\" content=\"1 minute\" \/>\n<script type=\"application\/ld+json\" class=\"yoast-schema-graph\">{\"@context\":\"https:\/\/schema.org\",\"@graph\":[{\"@type\":\"WebPage\",\"@id\":\"https:\/\/pablogarrigos.com\/chocolates-y-fruites\/chocolate-vintage\/frambuesa-chocolate-blanco-y-fondant-chocolate-vintage-100g\/\",\"url\":\"https:\/\/pablogarrigos.com\/chocolates-y-fruites\/chocolate-vintage\/frambuesa-chocolate-blanco-y-fondant-chocolate-vintage-100g\/\",\"name\":\"Fruit Chocolate Frambuesa & Chocolate Blanco y Fondant | Pablo Garrig\u00f3s Ib\u00e1\u00f1ez\",\"isPartOf\":{\"@id\":\"https:\/\/pablogarrigos.com\/#website\"},\"primaryImageOfPage\":{\"@id\":\"https:\/\/pablogarrigos.com\/chocolates-y-fruites\/chocolate-vintage\/frambuesa-chocolate-blanco-y-fondant-chocolate-vintage-100g\/#primaryimage\"},\"image\":{\"@id\":\"https:\/\/pablogarrigos.com\/chocolates-y-fruites\/chocolate-vintage\/frambuesa-chocolate-blanco-y-fondant-chocolate-vintage-100g\/#primaryimage\"},\"thumbnailUrl\":\"https:\/\/pablogarrigos.com\/wp-content\/uploads\/2024\/02\/Fruit-Chocolate-Frambuesa-m.jpg\",\"datePublished\":\"2024-02-20T19:20:46+00:00\",\"dateModified\":\"2025-11-13T11:22:36+00:00\",\"description\":\"Descubre el encanto de los bocados de frambuesa envueltos en chocolate blanco y fondant. Cada pieza de 100 gramos te transporta a un viaje de sabores intensos y texturas sorprendentes, cortes\u00eda de Pablo Garrig\u00f3s Ib\u00e1\u00f1ez.\",\"breadcrumb\":{\"@id\":\"https:\/\/pablogarrigos.com\/chocolates-y-fruites\/chocolate-vintage\/frambuesa-chocolate-blanco-y-fondant-chocolate-vintage-100g\/#breadcrumb\"},\"inLanguage\":\"fr-FR\",\"potentialAction\":[{\"@type\":\"ReadAction\",\"target\":[\"https:\/\/pablogarrigos.com\/chocolates-y-fruites\/chocolate-vintage\/frambuesa-chocolate-blanco-y-fondant-chocolate-vintage-100g\/\"]}]},{\"@type\":\"ImageObject\",\"inLanguage\":\"fr-FR\",\"@id\":\"https:\/\/pablogarrigos.com\/chocolates-y-fruites\/chocolate-vintage\/frambuesa-chocolate-blanco-y-fondant-chocolate-vintage-100g\/#primaryimage\",\"url\":\"https:\/\/pablogarrigos.com\/wp-content\/uploads\/2024\/02\/Fruit-Chocolate-Frambuesa-m.jpg\",\"contentUrl\":\"https:\/\/pablogarrigos.com\/wp-content\/uploads\/2024\/02\/Fruit-Chocolate-Frambuesa-m.jpg\",\"width\":600,\"height\":600},{\"@type\":\"BreadcrumbList\",\"@id\":\"https:\/\/pablogarrigos.com\/chocolates-y-fruites\/chocolate-vintage\/frambuesa-chocolate-blanco-y-fondant-chocolate-vintage-100g\/#breadcrumb\",\"itemListElement\":[{\"@type\":\"ListItem\",\"position\":1,\"name\":\"Home\",\"item\":\"https:\/\/pablogarrigos.com\/en\/\"},{\"@type\":\"ListItem\",\"position\":2,\"name\":\"Tienda\",\"item\":\"https:\/\/pablogarrigos.com\/en\/tienda\/\"},{\"@type\":\"ListItem\",\"position\":3,\"name\":\"Fruit chocolate frambuesa &amp; chocolate blanco y fondant 100g\"}]},{\"@type\":\"WebSite\",\"@id\":\"https:\/\/pablogarrigos.com\/#website\",\"url\":\"https:\/\/pablogarrigos.com\/\",\"name\":\"Pablo Garrig\u00f3s Iba\u00f1ez\",\"description\":\"El Sentido del Gusto\",\"publisher\":{\"@id\":\"https:\/\/pablogarrigos.com\/#organization\"},\"potentialAction\":[{\"@type\":\"SearchAction\",\"target\":{\"@type\":\"EntryPoint\",\"urlTemplate\":\"https:\/\/pablogarrigos.com\/?s={search_term_string}\"},\"query-input\":{\"@type\":\"PropertyValueSpecification\",\"valueRequired\":true,\"valueName\":\"search_term_string\"}}],\"inLanguage\":\"fr-FR\"},{\"@type\":\"Organization\",\"@id\":\"https:\/\/pablogarrigos.com\/#organization\",\"name\":\"Pablo Garrig\u00f3s Iba\u00f1ez\",\"url\":\"https:\/\/pablogarrigos.com\/\",\"logo\":{\"@type\":\"ImageObject\",\"inLanguage\":\"fr-FR\",\"@id\":\"https:\/\/pablogarrigos.com\/#\/schema\/logo\/image\/\",\"url\":\"https:\/\/pablogarrigos.com\/wp-content\/uploads\/2024\/02\/logo-pablogarrigos.png\",\"contentUrl\":\"https:\/\/pablogarrigos.com\/wp-content\/uploads\/2024\/02\/logo-pablogarrigos.png\",\"width\":1247,\"height\":480,\"caption\":\"Pablo Garrig\u00f3s Iba\u00f1ez\"},\"image\":{\"@id\":\"https:\/\/pablogarrigos.com\/#\/schema\/logo\/image\/\"}}]}<\/script>\n<!-- \/ Yoast SEO plugin. -->","yoast_head_json":{"title":"Chocolat aux fruits Framboise &amp; Chocolat blanc &amp; Fondant | Pablo Garrig\u00f3s Ib\u00e1\u00f1ez","description":"D\u00e9couvrez le charme des bouch\u00e9es \u00e0 la framboise envelopp\u00e9es de chocolat blanc et de fondant. Chaque pi\u00e8ce de 100 grammes vous emm\u00e8ne dans un voyage de saveurs intenses et de textures surprenantes, gr\u00e2ce \u00e0 Pablo Garrig\u00f3s Ib\u00e1\u00f1ez.","robots":{"index":"index","follow":"follow","max-snippet":"max-snippet:-1","max-image-preview":"max-image-preview:large","max-video-preview":"max-video-preview:-1"},"canonical":"https:\/\/pablogarrigos.com\/fr\/chocolates-y-fruites\/chocolate-vintage\/frambuesa-chocolate-blanco-y-fondant-chocolate-vintage-100g\/","og_locale":"fr_FR","og_type":"article","og_title":"Fruit Chocolate Frambuesa & Chocolate Blanco y Fondant | Pablo Garrig\u00f3s Ib\u00e1\u00f1ez","og_description":"Descubre el encanto de los bocados de frambuesa envueltos en chocolate blanco y fondant. Cada pieza de 100 gramos te transporta a un viaje de sabores intensos y texturas sorprendentes, cortes\u00eda de Pablo Garrig\u00f3s Ib\u00e1\u00f1ez.","og_url":"https:\/\/pablogarrigos.com\/fr\/chocolates-y-fruites\/chocolate-vintage\/frambuesa-chocolate-blanco-y-fondant-chocolate-vintage-100g\/","og_site_name":"Pablo Garrig\u00f3s Iba\u00f1ez","article_modified_time":"2025-11-13T11:22:36+00:00","og_image":[{"width":600,"height":600,"url":"https:\/\/pablogarrigos.com\/wp-content\/uploads\/2024\/02\/Fruit-Chocolate-Frambuesa-m.jpg","type":"image\/jpeg"}],"twitter_card":"summary_large_image","twitter_misc":{"Dur\u00e9e de lecture estim\u00e9e":"1 minute"},"schema":{"@context":"https:\/\/schema.org","@graph":[{"@type":"WebPage","@id":"https:\/\/pablogarrigos.com\/chocolates-y-fruites\/chocolate-vintage\/frambuesa-chocolate-blanco-y-fondant-chocolate-vintage-100g\/","url":"https:\/\/pablogarrigos.com\/chocolates-y-fruites\/chocolate-vintage\/frambuesa-chocolate-blanco-y-fondant-chocolate-vintage-100g\/","name":"Chocolat aux fruits Framboise &amp; Chocolat blanc &amp; Fondant | Pablo Garrig\u00f3s Ib\u00e1\u00f1ez","isPartOf":{"@id":"https:\/\/pablogarrigos.com\/#website"},"primaryImageOfPage":{"@id":"https:\/\/pablogarrigos.com\/chocolates-y-fruites\/chocolate-vintage\/frambuesa-chocolate-blanco-y-fondant-chocolate-vintage-100g\/#primaryimage"},"image":{"@id":"https:\/\/pablogarrigos.com\/chocolates-y-fruites\/chocolate-vintage\/frambuesa-chocolate-blanco-y-fondant-chocolate-vintage-100g\/#primaryimage"},"thumbnailUrl":"https:\/\/pablogarrigos.com\/wp-content\/uploads\/2024\/02\/Fruit-Chocolate-Frambuesa-m.jpg","datePublished":"2024-02-20T19:20:46+00:00","dateModified":"2025-11-13T11:22:36+00:00","description":"D\u00e9couvrez le charme des bouch\u00e9es \u00e0 la framboise envelopp\u00e9es de chocolat blanc et de fondant. Chaque pi\u00e8ce de 100 grammes vous emm\u00e8ne dans un voyage de saveurs intenses et de textures surprenantes, gr\u00e2ce \u00e0 Pablo Garrig\u00f3s Ib\u00e1\u00f1ez.","breadcrumb":{"@id":"https:\/\/pablogarrigos.com\/chocolates-y-fruites\/chocolate-vintage\/frambuesa-chocolate-blanco-y-fondant-chocolate-vintage-100g\/#breadcrumb"},"inLanguage":"fr-FR","potentialAction":[{"@type":"ReadAction","target":["https:\/\/pablogarrigos.com\/chocolates-y-fruites\/chocolate-vintage\/frambuesa-chocolate-blanco-y-fondant-chocolate-vintage-100g\/"]}]},{"@type":"ImageObject","inLanguage":"fr-FR","@id":"https:\/\/pablogarrigos.com\/chocolates-y-fruites\/chocolate-vintage\/frambuesa-chocolate-blanco-y-fondant-chocolate-vintage-100g\/#primaryimage","url":"https:\/\/pablogarrigos.com\/wp-content\/uploads\/2024\/02\/Fruit-Chocolate-Frambuesa-m.jpg","contentUrl":"https:\/\/pablogarrigos.com\/wp-content\/uploads\/2024\/02\/Fruit-Chocolate-Frambuesa-m.jpg","width":600,"height":600},{"@type":"BreadcrumbList","@id":"https:\/\/pablogarrigos.com\/chocolates-y-fruites\/chocolate-vintage\/frambuesa-chocolate-blanco-y-fondant-chocolate-vintage-100g\/#breadcrumb","itemListElement":[{"@type":"ListItem","position":1,"name":"Home","item":"https:\/\/pablogarrigos.com\/en\/"},{"@type":"ListItem","position":2,"name":"Tienda","item":"https:\/\/pablogarrigos.com\/en\/tienda\/"},{"@type":"ListItem","position":3,"name":"Fruit chocolate frambuesa &amp; chocolate blanco y fondant 100g"}]},{"@type":"WebSite","@id":"https:\/\/pablogarrigos.com\/#website","url":"https:\/\/pablogarrigos.com\/","name":"Pablo Garrig\u00f3s Iba\u00f1ez","description":"Le sens du go\u00fbt","publisher":{"@id":"https:\/\/pablogarrigos.com\/#organization"},"potentialAction":[{"@type":"SearchAction","target":{"@type":"EntryPoint","urlTemplate":"https:\/\/pablogarrigos.com\/?s={search_term_string}"},"query-input":{"@type":"PropertyValueSpecification","valueRequired":true,"valueName":"search_term_string"}}],"inLanguage":"fr-FR"},{"@type":"Organization","@id":"https:\/\/pablogarrigos.com\/#organization","name":"Pablo Garrig\u00f3s Iba\u00f1ez","url":"https:\/\/pablogarrigos.com\/","logo":{"@type":"ImageObject","inLanguage":"fr-FR","@id":"https:\/\/pablogarrigos.com\/#\/schema\/logo\/image\/","url":"https:\/\/pablogarrigos.com\/wp-content\/uploads\/2024\/02\/logo-pablogarrigos.png","contentUrl":"https:\/\/pablogarrigos.com\/wp-content\/uploads\/2024\/02\/logo-pablogarrigos.png","width":1247,"height":480,"caption":"Pablo Garrig\u00f3s Iba\u00f1ez"},"image":{"@id":"https:\/\/pablogarrigos.com\/#\/schema\/logo\/image\/"}}]}},"_links":{"self":[{"href":"https:\/\/pablogarrigos.com\/fr\/wp-json\/wp\/v2\/product\/487","targetHints":{"allow":["GET"]}}],"collection":[{"href":"https:\/\/pablogarrigos.com\/fr\/wp-json\/wp\/v2\/product"}],"about":[{"href":"https:\/\/pablogarrigos.com\/fr\/wp-json\/wp\/v2\/types\/product"}],"wp:featuredmedia":[{"embeddable":true,"href":"https:\/\/pablogarrigos.com\/fr\/wp-json\/wp\/v2\/media\/488"}],"wp:attachment":[{"href":"https:\/\/pablogarrigos.com\/fr\/wp-json\/wp\/v2\/media?parent=487"}],"wp:term":[{"taxonomy":"product_brand","embeddable":true,"href":"https:\/\/pablogarrigos.com\/fr\/wp-json\/wp\/v2\/product_brand?post=487"},{"taxonomy":"product_cat","embeddable":true,"href":"https:\/\/pablogarrigos.com\/fr\/wp-json\/wp\/v2\/product_cat?post=487"},{"taxonomy":"product_tag","embeddable":true,"href":"https:\/\/pablogarrigos.com\/fr\/wp-json\/wp\/v2\/product_tag?post=487"}],"curies":[{"name":"wp","href":"https:\/\/api.w.org\/{rel}","templated":true}]}}