{"id":469,"date":"2024-02-20T12:03:46","date_gmt":"2024-02-20T11:03:46","guid":{"rendered":"https:\/\/pablogarrigos.com\/index.php\/product\/turron-de-yema-tostada-delicatessen-rilsan-300-g\/"},"modified":"2025-11-13T11:45:57","modified_gmt":"2025-11-13T10:45:57","slug":"turron-de-yema-tostada-delicatessen-rilsan-300-g","status":"publish","type":"product","link":"https:\/\/pablogarrigos.com\/fr\/turrones\/delicatessen\/turron-de-yema-tostada-delicatessen-rilsan-300-g\/","title":{"rendered":"Nougat aux jaunes d'\u0153uf grill\u00e9s Delicatessen Rilsan 300g"},"content":{"rendered":"<p><strong>Amande<\/strong> s\u00e9lectionn\u00e9, jaune d'\u0153uf <strong>\u0153uf<\/strong> confit 36% (jaune d'\u0153uf confit) <strong>\u0153uf<\/strong> 50%, sucre, sirop de glucose et conservateur (acide sorbique)), sucre, <strong>cr\u00e8me de<\/strong> <strong>lait<\/strong>ar\u00f4me de vanille et conservateur (acide sorbique). <strong>Peut contenir des traces de fruits \u00e0 coque.<\/strong><\/p>\n<p><strong>Conservar en un lugar fresco y seco. 18\u00ba-22\u00baC.<\/strong><\/p>","protected":false},"excerpt":{"rendered":"<p>Tablette de d\u00e9licieux nougat au jaune d'\u0153uf grill\u00e9 de la gamme Delicatessen de Pablo Garrig\u00f3s Ib\u00e1\u00f1ez en format 300 grammes et emballage Rilsan.<\/p>","protected":false},"featured_media":4783,"template":"","meta":{"_acf_changed":false,"inline_featured_image":false},"product_brand":[],"product_cat":[21,18],"product_tag":[],"class_list":{"0":"post-469","1":"product","2":"type-product","3":"status-publish","4":"has-post-thumbnail","6":"product_cat-delicatessen","7":"product_cat-turrones","9":"first","10":"instock","11":"taxable","12":"shipping-taxable","13":"purchasable","14":"product-type-simple"},"acf":[],"yoast_head":"<!-- This site is optimized with the Yoast SEO plugin v26.5 - https:\/\/yoast.com\/wordpress\/plugins\/seo\/ -->\n<title>Turr\u00f3n de Yema Tostada Delicatessen Rilsan | Pablo Garrig\u00f3s Ib\u00e1\u00f1ez<\/title>\n<meta name=\"description\" content=\"Disfruta de la suavidad y el sabor \u00fanico del turr\u00f3n de yema tostada de Pablo Garrig\u00f3s Ib\u00e1\u00f1ez. Una delicia artesanal de la gama Delicatessen, presentada en formato de 300 gramos y con el exclusivo envasado Rilsan.\" \/>\n<meta name=\"robots\" content=\"index, follow, max-snippet:-1, max-image-preview:large, max-video-preview:-1\" \/>\n<link rel=\"canonical\" href=\"https:\/\/pablogarrigos.com\/fr\/turrones\/delicatessen\/turron-de-yema-tostada-delicatessen-rilsan-300-g\/\" \/>\n<meta property=\"og:locale\" content=\"fr_FR\" \/>\n<meta property=\"og:type\" content=\"article\" \/>\n<meta property=\"og:title\" content=\"Turr\u00f3n de Yema Tostada Delicatessen Rilsan | Pablo Garrig\u00f3s Ib\u00e1\u00f1ez\" \/>\n<meta property=\"og:description\" content=\"Disfruta de la suavidad y el sabor \u00fanico del turr\u00f3n de yema tostada de Pablo Garrig\u00f3s Ib\u00e1\u00f1ez. Una delicia artesanal de la gama Delicatessen, presentada en formato de 300 gramos y con el exclusivo envasado Rilsan.\" \/>\n<meta property=\"og:url\" content=\"https:\/\/pablogarrigos.com\/fr\/turrones\/delicatessen\/turron-de-yema-tostada-delicatessen-rilsan-300-g\/\" \/>\n<meta property=\"og:site_name\" content=\"Pablo Garrig\u00f3s Iba\u00f1ez\" \/>\n<meta property=\"article:modified_time\" content=\"2025-11-13T10:45:57+00:00\" \/>\n<meta property=\"og:image\" content=\"https:\/\/pablogarrigos.com\/wp-content\/uploads\/2024\/02\/El-Abuelo-5.jpg\" \/>\n\t<meta property=\"og:image:width\" content=\"1080\" \/>\n\t<meta property=\"og:image:height\" content=\"1080\" \/>\n\t<meta property=\"og:image:type\" content=\"image\/jpeg\" \/>\n<meta name=\"twitter:card\" content=\"summary_large_image\" \/>\n<meta name=\"twitter:label1\" content=\"Dur\u00e9e de lecture estim\u00e9e\" \/>\n\t<meta name=\"twitter:data1\" content=\"1 minute\" \/>\n<script type=\"application\/ld+json\" class=\"yoast-schema-graph\">{\"@context\":\"https:\/\/schema.org\",\"@graph\":[{\"@type\":\"WebPage\",\"@id\":\"https:\/\/pablogarrigos.com\/turrones\/delicatessen\/turron-de-yema-tostada-delicatessen-rilsan-300-g\/\",\"url\":\"https:\/\/pablogarrigos.com\/turrones\/delicatessen\/turron-de-yema-tostada-delicatessen-rilsan-300-g\/\",\"name\":\"Turr\u00f3n de Yema Tostada Delicatessen Rilsan | Pablo Garrig\u00f3s Ib\u00e1\u00f1ez\",\"isPartOf\":{\"@id\":\"https:\/\/pablogarrigos.com\/#website\"},\"primaryImageOfPage\":{\"@id\":\"https:\/\/pablogarrigos.com\/turrones\/delicatessen\/turron-de-yema-tostada-delicatessen-rilsan-300-g\/#primaryimage\"},\"image\":{\"@id\":\"https:\/\/pablogarrigos.com\/turrones\/delicatessen\/turron-de-yema-tostada-delicatessen-rilsan-300-g\/#primaryimage\"},\"thumbnailUrl\":\"https:\/\/pablogarrigos.com\/wp-content\/uploads\/2024\/02\/El-Abuelo-5.jpg\",\"datePublished\":\"2024-02-20T11:03:46+00:00\",\"dateModified\":\"2025-11-13T10:45:57+00:00\",\"description\":\"Disfruta de la suavidad y el sabor \u00fanico del turr\u00f3n de yema tostada de Pablo Garrig\u00f3s Ib\u00e1\u00f1ez. Una delicia artesanal de la gama Delicatessen, presentada en formato de 300 gramos y con el exclusivo envasado Rilsan.\",\"breadcrumb\":{\"@id\":\"https:\/\/pablogarrigos.com\/turrones\/delicatessen\/turron-de-yema-tostada-delicatessen-rilsan-300-g\/#breadcrumb\"},\"inLanguage\":\"fr-FR\",\"potentialAction\":[{\"@type\":\"ReadAction\",\"target\":[\"https:\/\/pablogarrigos.com\/turrones\/delicatessen\/turron-de-yema-tostada-delicatessen-rilsan-300-g\/\"]}]},{\"@type\":\"ImageObject\",\"inLanguage\":\"fr-FR\",\"@id\":\"https:\/\/pablogarrigos.com\/turrones\/delicatessen\/turron-de-yema-tostada-delicatessen-rilsan-300-g\/#primaryimage\",\"url\":\"https:\/\/pablogarrigos.com\/wp-content\/uploads\/2024\/02\/El-Abuelo-5.jpg\",\"contentUrl\":\"https:\/\/pablogarrigos.com\/wp-content\/uploads\/2024\/02\/El-Abuelo-5.jpg\",\"width\":1080,\"height\":1080},{\"@type\":\"BreadcrumbList\",\"@id\":\"https:\/\/pablogarrigos.com\/turrones\/delicatessen\/turron-de-yema-tostada-delicatessen-rilsan-300-g\/#breadcrumb\",\"itemListElement\":[{\"@type\":\"ListItem\",\"position\":1,\"name\":\"Home\",\"item\":\"https:\/\/pablogarrigos.com\/en\/\"},{\"@type\":\"ListItem\",\"position\":2,\"name\":\"Tienda\",\"item\":\"https:\/\/pablogarrigos.com\/en\/tienda\/\"},{\"@type\":\"ListItem\",\"position\":3,\"name\":\"Turr\u00f3n de Yema Tostada Delicatessen Rilsan 300g\"}]},{\"@type\":\"WebSite\",\"@id\":\"https:\/\/pablogarrigos.com\/#website\",\"url\":\"https:\/\/pablogarrigos.com\/\",\"name\":\"Pablo Garrig\u00f3s Iba\u00f1ez\",\"description\":\"El Sentido del Gusto\",\"publisher\":{\"@id\":\"https:\/\/pablogarrigos.com\/#organization\"},\"potentialAction\":[{\"@type\":\"SearchAction\",\"target\":{\"@type\":\"EntryPoint\",\"urlTemplate\":\"https:\/\/pablogarrigos.com\/?s={search_term_string}\"},\"query-input\":{\"@type\":\"PropertyValueSpecification\",\"valueRequired\":true,\"valueName\":\"search_term_string\"}}],\"inLanguage\":\"fr-FR\"},{\"@type\":\"Organization\",\"@id\":\"https:\/\/pablogarrigos.com\/#organization\",\"name\":\"Pablo Garrig\u00f3s Iba\u00f1ez\",\"url\":\"https:\/\/pablogarrigos.com\/\",\"logo\":{\"@type\":\"ImageObject\",\"inLanguage\":\"fr-FR\",\"@id\":\"https:\/\/pablogarrigos.com\/#\/schema\/logo\/image\/\",\"url\":\"https:\/\/pablogarrigos.com\/wp-content\/uploads\/2024\/02\/logo-pablogarrigos.png\",\"contentUrl\":\"https:\/\/pablogarrigos.com\/wp-content\/uploads\/2024\/02\/logo-pablogarrigos.png\",\"width\":1247,\"height\":480,\"caption\":\"Pablo Garrig\u00f3s Iba\u00f1ez\"},\"image\":{\"@id\":\"https:\/\/pablogarrigos.com\/#\/schema\/logo\/image\/\"}}]}<\/script>\n<!-- \/ Yoast SEO plugin. -->","yoast_head_json":{"title":"Nougat au jaune d'\u0153uf grill\u00e9 Delicatessen Rilsan | Pablo Garrig\u00f3s Ib\u00e1\u00f1ez","description":"Appr\u00e9ciez la douceur et la saveur unique du nougat au jaune d'\u0153uf grill\u00e9 de Pablo Garrig\u00f3s Ib\u00e1\u00f1ez. Un d\u00e9lice artisanal de la gamme Delicatessen, pr\u00e9sent\u00e9 dans un format de 300 grammes et dans l'emballage exclusif de Rilsan.","robots":{"index":"index","follow":"follow","max-snippet":"max-snippet:-1","max-image-preview":"max-image-preview:large","max-video-preview":"max-video-preview:-1"},"canonical":"https:\/\/pablogarrigos.com\/fr\/turrones\/delicatessen\/turron-de-yema-tostada-delicatessen-rilsan-300-g\/","og_locale":"fr_FR","og_type":"article","og_title":"Turr\u00f3n de Yema Tostada Delicatessen Rilsan | Pablo Garrig\u00f3s Ib\u00e1\u00f1ez","og_description":"Disfruta de la suavidad y el sabor \u00fanico del turr\u00f3n de yema tostada de Pablo Garrig\u00f3s Ib\u00e1\u00f1ez. Una delicia artesanal de la gama Delicatessen, presentada en formato de 300 gramos y con el exclusivo envasado Rilsan.","og_url":"https:\/\/pablogarrigos.com\/fr\/turrones\/delicatessen\/turron-de-yema-tostada-delicatessen-rilsan-300-g\/","og_site_name":"Pablo Garrig\u00f3s Iba\u00f1ez","article_modified_time":"2025-11-13T10:45:57+00:00","og_image":[{"width":1080,"height":1080,"url":"https:\/\/pablogarrigos.com\/wp-content\/uploads\/2024\/02\/El-Abuelo-5.jpg","type":"image\/jpeg"}],"twitter_card":"summary_large_image","twitter_misc":{"Dur\u00e9e de lecture estim\u00e9e":"1 minute"},"schema":{"@context":"https:\/\/schema.org","@graph":[{"@type":"WebPage","@id":"https:\/\/pablogarrigos.com\/turrones\/delicatessen\/turron-de-yema-tostada-delicatessen-rilsan-300-g\/","url":"https:\/\/pablogarrigos.com\/turrones\/delicatessen\/turron-de-yema-tostada-delicatessen-rilsan-300-g\/","name":"Nougat au jaune d'\u0153uf grill\u00e9 Delicatessen Rilsan | Pablo Garrig\u00f3s Ib\u00e1\u00f1ez","isPartOf":{"@id":"https:\/\/pablogarrigos.com\/#website"},"primaryImageOfPage":{"@id":"https:\/\/pablogarrigos.com\/turrones\/delicatessen\/turron-de-yema-tostada-delicatessen-rilsan-300-g\/#primaryimage"},"image":{"@id":"https:\/\/pablogarrigos.com\/turrones\/delicatessen\/turron-de-yema-tostada-delicatessen-rilsan-300-g\/#primaryimage"},"thumbnailUrl":"https:\/\/pablogarrigos.com\/wp-content\/uploads\/2024\/02\/El-Abuelo-5.jpg","datePublished":"2024-02-20T11:03:46+00:00","dateModified":"2025-11-13T10:45:57+00:00","description":"Appr\u00e9ciez la douceur et la saveur unique du nougat au jaune d'\u0153uf grill\u00e9 de Pablo Garrig\u00f3s Ib\u00e1\u00f1ez. Un d\u00e9lice artisanal de la gamme Delicatessen, pr\u00e9sent\u00e9 dans un format de 300 grammes et dans l'emballage exclusif de Rilsan.","breadcrumb":{"@id":"https:\/\/pablogarrigos.com\/turrones\/delicatessen\/turron-de-yema-tostada-delicatessen-rilsan-300-g\/#breadcrumb"},"inLanguage":"fr-FR","potentialAction":[{"@type":"ReadAction","target":["https:\/\/pablogarrigos.com\/turrones\/delicatessen\/turron-de-yema-tostada-delicatessen-rilsan-300-g\/"]}]},{"@type":"ImageObject","inLanguage":"fr-FR","@id":"https:\/\/pablogarrigos.com\/turrones\/delicatessen\/turron-de-yema-tostada-delicatessen-rilsan-300-g\/#primaryimage","url":"https:\/\/pablogarrigos.com\/wp-content\/uploads\/2024\/02\/El-Abuelo-5.jpg","contentUrl":"https:\/\/pablogarrigos.com\/wp-content\/uploads\/2024\/02\/El-Abuelo-5.jpg","width":1080,"height":1080},{"@type":"BreadcrumbList","@id":"https:\/\/pablogarrigos.com\/turrones\/delicatessen\/turron-de-yema-tostada-delicatessen-rilsan-300-g\/#breadcrumb","itemListElement":[{"@type":"ListItem","position":1,"name":"Home","item":"https:\/\/pablogarrigos.com\/en\/"},{"@type":"ListItem","position":2,"name":"Tienda","item":"https:\/\/pablogarrigos.com\/en\/tienda\/"},{"@type":"ListItem","position":3,"name":"Turr\u00f3n de Yema Tostada Delicatessen Rilsan 300g"}]},{"@type":"WebSite","@id":"https:\/\/pablogarrigos.com\/#website","url":"https:\/\/pablogarrigos.com\/","name":"Pablo Garrig\u00f3s Iba\u00f1ez","description":"Le sens du go\u00fbt","publisher":{"@id":"https:\/\/pablogarrigos.com\/#organization"},"potentialAction":[{"@type":"SearchAction","target":{"@type":"EntryPoint","urlTemplate":"https:\/\/pablogarrigos.com\/?s={search_term_string}"},"query-input":{"@type":"PropertyValueSpecification","valueRequired":true,"valueName":"search_term_string"}}],"inLanguage":"fr-FR"},{"@type":"Organization","@id":"https:\/\/pablogarrigos.com\/#organization","name":"Pablo Garrig\u00f3s Iba\u00f1ez","url":"https:\/\/pablogarrigos.com\/","logo":{"@type":"ImageObject","inLanguage":"fr-FR","@id":"https:\/\/pablogarrigos.com\/#\/schema\/logo\/image\/","url":"https:\/\/pablogarrigos.com\/wp-content\/uploads\/2024\/02\/logo-pablogarrigos.png","contentUrl":"https:\/\/pablogarrigos.com\/wp-content\/uploads\/2024\/02\/logo-pablogarrigos.png","width":1247,"height":480,"caption":"Pablo Garrig\u00f3s Iba\u00f1ez"},"image":{"@id":"https:\/\/pablogarrigos.com\/#\/schema\/logo\/image\/"}}]}},"_links":{"self":[{"href":"https:\/\/pablogarrigos.com\/fr\/wp-json\/wp\/v2\/product\/469","targetHints":{"allow":["GET"]}}],"collection":[{"href":"https:\/\/pablogarrigos.com\/fr\/wp-json\/wp\/v2\/product"}],"about":[{"href":"https:\/\/pablogarrigos.com\/fr\/wp-json\/wp\/v2\/types\/product"}],"wp:featuredmedia":[{"embeddable":true,"href":"https:\/\/pablogarrigos.com\/fr\/wp-json\/wp\/v2\/media\/4783"}],"wp:attachment":[{"href":"https:\/\/pablogarrigos.com\/fr\/wp-json\/wp\/v2\/media?parent=469"}],"wp:term":[{"taxonomy":"product_brand","embeddable":true,"href":"https:\/\/pablogarrigos.com\/fr\/wp-json\/wp\/v2\/product_brand?post=469"},{"taxonomy":"product_cat","embeddable":true,"href":"https:\/\/pablogarrigos.com\/fr\/wp-json\/wp\/v2\/product_cat?post=469"},{"taxonomy":"product_tag","embeddable":true,"href":"https:\/\/pablogarrigos.com\/fr\/wp-json\/wp\/v2\/product_tag?post=469"}],"curies":[{"name":"wp","href":"https:\/\/api.w.org\/{rel}","templated":true}]}}