{"id":454,"date":"2024-02-20T16:02:46","date_gmt":"2024-02-20T15:02:46","guid":{"rendered":"https:\/\/pablogarrigos.com\/index.php\/product\/estuche-especial-delicatessen-by-henedina\/"},"modified":"2025-11-19T16:06:13","modified_gmt":"2025-11-19T15:06:13","slug":"estuche-especial-delicatessen-by-henedina","status":"publish","type":"product","link":"https:\/\/pablogarrigos.com\/fr\/chocolates-y-fruites\/fruit-chocolates\/estuche-especial-delicatessen-by-henedina\/","title":{"rendered":"Bo\u00eete sp\u00e9ciale \u00e9picerie fine de Henedina"},"content":{"rendered":"<p>TURR\u00d3N DE JIJONA : <strong>Amande<\/strong> 74%, miel de fleurs d'oranger 17%, sucre et blanc d'\u0153uf 74%, miel de fleurs d'oranger 74%, sucre et blanc d'\u0153uf 74% <strong>\u0153uf<\/strong>. <strong>Peut contenir des traces de s\u00e9same et de noisette.<\/strong><\/p>\n<p>TURR\u00d3N DE ALICANTE : <strong>Amande<\/strong> 68%, miel de romarin 16%, sucre, sirop de glucose, surface de gaufrette (amidon de pomme de terre et huile de tournesol) et blanc d'\u0153uf 68%, sucre, sirop de glucose, surface de gaufrette (amidon de pomme de terre et huile de tournesol) et blanc d'\u0153uf <strong>\u0153uf<\/strong>. <strong>Peut contenir des traces de s\u00e9same et de noisettes.<\/strong><\/p>\n<p>TURR\u00d3N DE CHOCOLATE FONDANT AVEC ALMONDS : P\u00e2te de cacao, <strong>amande<\/strong> 30%, sucre, beurre de cacao, \u00e9mulsifiant (l\u00e9cithine de cacao, beurre de cacao, beurre de cacao, beurre de cacao), sucre, beurre de cacao, beurre de cacao, beurre de cacao, beurre de cacao, beurre de cacao. <strong>soja<\/strong>) et de l'ar\u00f4me de vanille. Cacao minimum 52%. <strong>Peut contenir des traces de s\u00e9same, d'\u0153uf et d'autres fruits \u00e0 coque.<\/strong><\/p>\n<p>ESCTUCHE FRUITS CHOCOLATE 6 VARIETES : Fondant fraise &amp; chocolat : fraise d\u00e9shydrat\u00e9e 40 %, sucre, p\u00e2te de cacao, beurre de cacao, poudre de cacao, \u00e9mulsifiant (l\u00e9cithine de cacao), poudre de cacao, beurre de cacao, \u00e9mulsifiant (beurre de cacao), poudre de cacao, beurre de cacao, beurre de cacao, poudre de cacao. <strong>soja<\/strong>), aroma natural de vainilla, colorante natural (remolacha), aroma natural de fresa , recubrimiento (maltodextrina, aceite de coco y aceite de colza), espesante (goma xantana), regulador de acidez (\u00e1cido c\u00edtrico) y conservador ( sorbato de potasio ).Cacao m\u00ednimo cobertura chocolate negro 70 %. Pi\u00f1a &amp; chocolate con leche: az\u00facar, pi\u00f1a deshidratada 31 %, manteca de cacao, <strong>lait<\/strong> poudre demi-\u00e9cr\u00e9m\u00e9e 8 %, p\u00e2te de cacao, \u00e9mulsifiant (l\u00e9cithine de cacao, beurre de cacao, beurre de cacao, p\u00e2te de cacao, \u00e9mulsifiant (l\u00e9cithine de cacao, beurre de cacao, beurre de cacao, beurre de cacao) <strong>soja<\/strong>), ar\u00f4me naturel de vanille, enrobage (maltodextrine, huile de coco et huile de colza), \u00e9paississant (gomme xanthane), r\u00e9gulateur d'acidit\u00e9 (acide citrique) et conservateur (sorbate de potassium). Couverture minimale de cacao : chocolat au lait 34 %. Fondant myrtille &amp; chocolat : sucre, p\u00e2te de cacao, myrtille d\u00e9shydrat\u00e9e (19 %), beurre de cacao, \u00e9mulsifiant (l\u00e9cithine de cacao) et conservateur (sorbate de potassium). <strong>soja<\/strong>), huile de tournesol, ar\u00f4me naturel de vanille, enrobage (maltodextrine, huile de coco et huile de colza), \u00e9paississant (gomme xanthane), correcteur d'acidit\u00e9 (acide citrique) et conservateur (sorbate de potassium). Enrobage minimum de chocolat noir au cacao 70 %. Fondant orange &amp; chocolat : sucre, p\u00e2te de cacao, orange 17 %, beurre de cacao, sirop de glucose et de fructose, \u00e9mulsifiant (l\u00e9cithine de cacao), beurre de cacao, sirop de glucose et de fructose, \u00e9mulsifiant (beurre de cacao). <strong>soja<\/strong>), ar\u00f4me naturel de vanille, enrobage<\/p>\n<p>(maltodextrine, huile de coco et huile de colza), \u00e9paississant (gomme xanthane), r\u00e9gulateur d'acidit\u00e9 (acide citrique) et conservateurs (sorbate de potassium et m\u00e9tasulfite de sodium). Teneur minimale en cacao du chocolat noir 70 %. Contient des sulfites.<\/p>\n<p>Framboise et chocolat blanc tremp\u00e9s dans du chocolat fondant : sucre, beurre de cacao, <strong>lait<\/strong> poudre demi-\u00e9cr\u00e9m\u00e9e 12 %, p\u00e2te de cacao, framboise lyophilis\u00e9e 5%, poudre de cacao, \u00e9mulsifiant (l\u00e9cithine de cacao, beurre de cacao, beurre de cacao, beurre de cacao, beurre de cacao, poudre de cacao, \u00e9mulsifiant (l\u00e9cithine de cacao, beurre de cacao, beurre de cacao, beurre de cacao, \u00e9mulsifiant (l\u00e9cithine de cacao, beurre de cacao, beurre de cacao) <strong>soja<\/strong>), ar\u00f4me naturel de vanille et enrobage (maltodextrine, huile de coco et huile de colza), \u00e9paississant (gomme xanthane) et conservateur (sorbate de potassium). Enrobage minimum de chocolat noir au cacao 62 %. Enrobage minimum de chocolat blanc \u00e0 base de cacao 29.5%.<\/p>\n<p>Fondant aux figues et au chocolat : sucre, figue 22%, p\u00e2te de cacao, poudre de cacao, beurre de cacao, \u00e9mulsifiant (l\u00e9cithine de cacao), beurre de cacao, p\u00e2te de cacao, poudre de cacao, beurre de cacao, \u00e9mulsifiant (beurre de cacao). <strong>soja<\/strong>), ar\u00f4me naturel de vanille, enrobage (maltodextrine, huile de coco et huile de colza), \u00e9paississant (gomme xanthane), r\u00e9gulateur d'acidit\u00e9 (acide citrique) et conservateur (sorbate de potassium). La teneur minimale en cacao du chocolat noir est de 70 %. <strong>Peut contenir des traces de s\u00e9same, de lait, d'\u0153uf et d'autres fruits \u00e0 coque.<\/strong><\/p>","protected":false},"excerpt":{"rendered":"<p>Une bo\u00eete sp\u00e9ciale de la gamme Delicatessen by Henedina contenant : nougat de Jijona, nougat d'Alicante, nougat fondant au chocolat avec amandes, bo\u00eete de chocolat aux fruits avec 6 vari\u00e9t\u00e9s.<\/p>","protected":false},"featured_media":455,"template":"","meta":{"_acf_changed":false,"inline_featured_image":false},"product_brand":[],"product_cat":[20,21,22,25,18],"product_tag":[],"class_list":{"0":"post-454","1":"product","2":"type-product","3":"status-publish","4":"has-post-thumbnail","6":"product_cat-chocolates-y-fruites","7":"product_cat-delicatessen","8":"product_cat-estuches-de-regalo","9":"product_cat-fruit-chocolates","10":"product_cat-turrones","12":"first","13":"instock","14":"taxable","15":"shipping-taxable","16":"purchasable","17":"product-type-simple"},"acf":[],"yoast_head":"<!-- This site is optimized with the Yoast SEO plugin v26.5 - https:\/\/yoast.com\/wordpress\/plugins\/seo\/ -->\n<title>Estuche Especial Delicatessen by Henedina | Pablo Garrig\u00f3s Ib\u00e1\u00f1ez<\/title>\n<meta name=\"description\" content=\"Descubre la exquisitez con el Estuche Especial Delicatessen by Henedina. Incluye turr\u00f3n de Jijona, turr\u00f3n de Alicante, turr\u00f3n de chocolate fondant con almendras y un estuche de Fruit Chocolate de 6 variedades. Una selecci\u00f3n premium para deleitar los paladares m\u00e1s exigentes.\" \/>\n<meta name=\"robots\" content=\"index, follow, max-snippet:-1, max-image-preview:large, max-video-preview:-1\" \/>\n<link rel=\"canonical\" href=\"https:\/\/pablogarrigos.com\/fr\/chocolates-y-fruites\/fruit-chocolates\/estuche-especial-delicatessen-by-henedina\/\" \/>\n<meta property=\"og:locale\" content=\"fr_FR\" \/>\n<meta property=\"og:type\" content=\"article\" \/>\n<meta property=\"og:title\" content=\"Estuche Especial Delicatessen by Henedina | Pablo Garrig\u00f3s Ib\u00e1\u00f1ez\" \/>\n<meta property=\"og:description\" content=\"Descubre la exquisitez con el Estuche Especial Delicatessen by Henedina. Incluye turr\u00f3n de Jijona, turr\u00f3n de Alicante, turr\u00f3n de chocolate fondant con almendras y un estuche de Fruit Chocolate de 6 variedades. Una selecci\u00f3n premium para deleitar los paladares m\u00e1s exigentes.\" \/>\n<meta property=\"og:url\" content=\"https:\/\/pablogarrigos.com\/fr\/chocolates-y-fruites\/fruit-chocolates\/estuche-especial-delicatessen-by-henedina\/\" \/>\n<meta property=\"og:site_name\" content=\"Pablo Garrig\u00f3s Iba\u00f1ez\" \/>\n<meta property=\"article:modified_time\" content=\"2025-11-19T15:06:13+00:00\" \/>\n<meta property=\"og:image\" content=\"https:\/\/pablogarrigos.com\/wp-content\/uploads\/2024\/02\/Estuche-Henedina-1.jpg\" \/>\n\t<meta property=\"og:image:width\" content=\"600\" \/>\n\t<meta property=\"og:image:height\" content=\"600\" \/>\n\t<meta property=\"og:image:type\" content=\"image\/jpeg\" \/>\n<meta name=\"twitter:card\" content=\"summary_large_image\" \/>\n<meta name=\"twitter:label1\" content=\"Dur\u00e9e de lecture estim\u00e9e\" \/>\n\t<meta name=\"twitter:data1\" content=\"3 minutes\" \/>\n<script type=\"application\/ld+json\" class=\"yoast-schema-graph\">{\"@context\":\"https:\/\/schema.org\",\"@graph\":[{\"@type\":\"WebPage\",\"@id\":\"https:\/\/pablogarrigos.com\/chocolates-y-fruites\/fruit-chocolates\/estuche-especial-delicatessen-by-henedina\/\",\"url\":\"https:\/\/pablogarrigos.com\/chocolates-y-fruites\/fruit-chocolates\/estuche-especial-delicatessen-by-henedina\/\",\"name\":\"Estuche Especial Delicatessen by Henedina | Pablo Garrig\u00f3s Ib\u00e1\u00f1ez\",\"isPartOf\":{\"@id\":\"https:\/\/pablogarrigos.com\/#website\"},\"primaryImageOfPage\":{\"@id\":\"https:\/\/pablogarrigos.com\/chocolates-y-fruites\/fruit-chocolates\/estuche-especial-delicatessen-by-henedina\/#primaryimage\"},\"image\":{\"@id\":\"https:\/\/pablogarrigos.com\/chocolates-y-fruites\/fruit-chocolates\/estuche-especial-delicatessen-by-henedina\/#primaryimage\"},\"thumbnailUrl\":\"https:\/\/pablogarrigos.com\/wp-content\/uploads\/2024\/02\/Estuche-Henedina-1.jpg\",\"datePublished\":\"2024-02-20T15:02:46+00:00\",\"dateModified\":\"2025-11-19T15:06:13+00:00\",\"description\":\"Descubre la exquisitez con el Estuche Especial Delicatessen by Henedina. Incluye turr\u00f3n de Jijona, turr\u00f3n de Alicante, turr\u00f3n de chocolate fondant con almendras y un estuche de Fruit Chocolate de 6 variedades. Una selecci\u00f3n premium para deleitar los paladares m\u00e1s exigentes.\",\"breadcrumb\":{\"@id\":\"https:\/\/pablogarrigos.com\/chocolates-y-fruites\/fruit-chocolates\/estuche-especial-delicatessen-by-henedina\/#breadcrumb\"},\"inLanguage\":\"fr-FR\",\"potentialAction\":[{\"@type\":\"ReadAction\",\"target\":[\"https:\/\/pablogarrigos.com\/chocolates-y-fruites\/fruit-chocolates\/estuche-especial-delicatessen-by-henedina\/\"]}]},{\"@type\":\"ImageObject\",\"inLanguage\":\"fr-FR\",\"@id\":\"https:\/\/pablogarrigos.com\/chocolates-y-fruites\/fruit-chocolates\/estuche-especial-delicatessen-by-henedina\/#primaryimage\",\"url\":\"https:\/\/pablogarrigos.com\/wp-content\/uploads\/2024\/02\/Estuche-Henedina-1.jpg\",\"contentUrl\":\"https:\/\/pablogarrigos.com\/wp-content\/uploads\/2024\/02\/Estuche-Henedina-1.jpg\",\"width\":600,\"height\":600},{\"@type\":\"BreadcrumbList\",\"@id\":\"https:\/\/pablogarrigos.com\/chocolates-y-fruites\/fruit-chocolates\/estuche-especial-delicatessen-by-henedina\/#breadcrumb\",\"itemListElement\":[{\"@type\":\"ListItem\",\"position\":1,\"name\":\"Home\",\"item\":\"https:\/\/pablogarrigos.com\/en\/\"},{\"@type\":\"ListItem\",\"position\":2,\"name\":\"Tienda\",\"item\":\"https:\/\/pablogarrigos.com\/en\/tienda\/\"},{\"@type\":\"ListItem\",\"position\":3,\"name\":\"Estuche Especial Delicatessen by Henedina\"}]},{\"@type\":\"WebSite\",\"@id\":\"https:\/\/pablogarrigos.com\/#website\",\"url\":\"https:\/\/pablogarrigos.com\/\",\"name\":\"Pablo Garrig\u00f3s Iba\u00f1ez\",\"description\":\"El Sentido del Gusto\",\"publisher\":{\"@id\":\"https:\/\/pablogarrigos.com\/#organization\"},\"potentialAction\":[{\"@type\":\"SearchAction\",\"target\":{\"@type\":\"EntryPoint\",\"urlTemplate\":\"https:\/\/pablogarrigos.com\/?s={search_term_string}\"},\"query-input\":{\"@type\":\"PropertyValueSpecification\",\"valueRequired\":true,\"valueName\":\"search_term_string\"}}],\"inLanguage\":\"fr-FR\"},{\"@type\":\"Organization\",\"@id\":\"https:\/\/pablogarrigos.com\/#organization\",\"name\":\"Pablo Garrig\u00f3s Iba\u00f1ez\",\"url\":\"https:\/\/pablogarrigos.com\/\",\"logo\":{\"@type\":\"ImageObject\",\"inLanguage\":\"fr-FR\",\"@id\":\"https:\/\/pablogarrigos.com\/#\/schema\/logo\/image\/\",\"url\":\"https:\/\/pablogarrigos.com\/wp-content\/uploads\/2024\/02\/logo-pablogarrigos.png\",\"contentUrl\":\"https:\/\/pablogarrigos.com\/wp-content\/uploads\/2024\/02\/logo-pablogarrigos.png\",\"width\":1247,\"height\":480,\"caption\":\"Pablo Garrig\u00f3s Iba\u00f1ez\"},\"image\":{\"@id\":\"https:\/\/pablogarrigos.com\/#\/schema\/logo\/image\/\"}}]}<\/script>\n<!-- \/ Yoast SEO plugin. -->","yoast_head_json":{"title":"Bo\u00eete d'\u00e9picerie fine sp\u00e9ciale par Henedina | Pablo Garrig\u00f3s Ib\u00e1\u00f1ez","description":"D\u00e9couvrez l'exquisit\u00e9 avec le coffret sp\u00e9cial \u00e9picerie fine de Henedina. Il comprend du nougat de Jijona, du nougat d'Alicante, du nougat fondant au chocolat avec des amandes et une bo\u00eete de chocolat aux fruits avec 6 vari\u00e9t\u00e9s. Une s\u00e9lection de premier choix pour ravir les palais les plus exigeants.","robots":{"index":"index","follow":"follow","max-snippet":"max-snippet:-1","max-image-preview":"max-image-preview:large","max-video-preview":"max-video-preview:-1"},"canonical":"https:\/\/pablogarrigos.com\/fr\/chocolates-y-fruites\/fruit-chocolates\/estuche-especial-delicatessen-by-henedina\/","og_locale":"fr_FR","og_type":"article","og_title":"Estuche Especial Delicatessen by Henedina | Pablo Garrig\u00f3s Ib\u00e1\u00f1ez","og_description":"Descubre la exquisitez con el Estuche Especial Delicatessen by Henedina. Incluye turr\u00f3n de Jijona, turr\u00f3n de Alicante, turr\u00f3n de chocolate fondant con almendras y un estuche de Fruit Chocolate de 6 variedades. Una selecci\u00f3n premium para deleitar los paladares m\u00e1s exigentes.","og_url":"https:\/\/pablogarrigos.com\/fr\/chocolates-y-fruites\/fruit-chocolates\/estuche-especial-delicatessen-by-henedina\/","og_site_name":"Pablo Garrig\u00f3s Iba\u00f1ez","article_modified_time":"2025-11-19T15:06:13+00:00","og_image":[{"width":600,"height":600,"url":"https:\/\/pablogarrigos.com\/wp-content\/uploads\/2024\/02\/Estuche-Henedina-1.jpg","type":"image\/jpeg"}],"twitter_card":"summary_large_image","twitter_misc":{"Dur\u00e9e de lecture estim\u00e9e":"3 minutes"},"schema":{"@context":"https:\/\/schema.org","@graph":[{"@type":"WebPage","@id":"https:\/\/pablogarrigos.com\/chocolates-y-fruites\/fruit-chocolates\/estuche-especial-delicatessen-by-henedina\/","url":"https:\/\/pablogarrigos.com\/chocolates-y-fruites\/fruit-chocolates\/estuche-especial-delicatessen-by-henedina\/","name":"Bo\u00eete d'\u00e9picerie fine sp\u00e9ciale par Henedina | Pablo Garrig\u00f3s Ib\u00e1\u00f1ez","isPartOf":{"@id":"https:\/\/pablogarrigos.com\/#website"},"primaryImageOfPage":{"@id":"https:\/\/pablogarrigos.com\/chocolates-y-fruites\/fruit-chocolates\/estuche-especial-delicatessen-by-henedina\/#primaryimage"},"image":{"@id":"https:\/\/pablogarrigos.com\/chocolates-y-fruites\/fruit-chocolates\/estuche-especial-delicatessen-by-henedina\/#primaryimage"},"thumbnailUrl":"https:\/\/pablogarrigos.com\/wp-content\/uploads\/2024\/02\/Estuche-Henedina-1.jpg","datePublished":"2024-02-20T15:02:46+00:00","dateModified":"2025-11-19T15:06:13+00:00","description":"D\u00e9couvrez l'exquisit\u00e9 avec le coffret sp\u00e9cial \u00e9picerie fine de Henedina. Il comprend du nougat de Jijona, du nougat d'Alicante, du nougat fondant au chocolat avec des amandes et une bo\u00eete de chocolat aux fruits avec 6 vari\u00e9t\u00e9s. Une s\u00e9lection de premier choix pour ravir les palais les plus exigeants.","breadcrumb":{"@id":"https:\/\/pablogarrigos.com\/chocolates-y-fruites\/fruit-chocolates\/estuche-especial-delicatessen-by-henedina\/#breadcrumb"},"inLanguage":"fr-FR","potentialAction":[{"@type":"ReadAction","target":["https:\/\/pablogarrigos.com\/chocolates-y-fruites\/fruit-chocolates\/estuche-especial-delicatessen-by-henedina\/"]}]},{"@type":"ImageObject","inLanguage":"fr-FR","@id":"https:\/\/pablogarrigos.com\/chocolates-y-fruites\/fruit-chocolates\/estuche-especial-delicatessen-by-henedina\/#primaryimage","url":"https:\/\/pablogarrigos.com\/wp-content\/uploads\/2024\/02\/Estuche-Henedina-1.jpg","contentUrl":"https:\/\/pablogarrigos.com\/wp-content\/uploads\/2024\/02\/Estuche-Henedina-1.jpg","width":600,"height":600},{"@type":"BreadcrumbList","@id":"https:\/\/pablogarrigos.com\/chocolates-y-fruites\/fruit-chocolates\/estuche-especial-delicatessen-by-henedina\/#breadcrumb","itemListElement":[{"@type":"ListItem","position":1,"name":"Home","item":"https:\/\/pablogarrigos.com\/en\/"},{"@type":"ListItem","position":2,"name":"Tienda","item":"https:\/\/pablogarrigos.com\/en\/tienda\/"},{"@type":"ListItem","position":3,"name":"Estuche Especial Delicatessen by Henedina"}]},{"@type":"WebSite","@id":"https:\/\/pablogarrigos.com\/#website","url":"https:\/\/pablogarrigos.com\/","name":"Pablo Garrig\u00f3s Iba\u00f1ez","description":"Le sens du go\u00fbt","publisher":{"@id":"https:\/\/pablogarrigos.com\/#organization"},"potentialAction":[{"@type":"SearchAction","target":{"@type":"EntryPoint","urlTemplate":"https:\/\/pablogarrigos.com\/?s={search_term_string}"},"query-input":{"@type":"PropertyValueSpecification","valueRequired":true,"valueName":"search_term_string"}}],"inLanguage":"fr-FR"},{"@type":"Organization","@id":"https:\/\/pablogarrigos.com\/#organization","name":"Pablo Garrig\u00f3s Iba\u00f1ez","url":"https:\/\/pablogarrigos.com\/","logo":{"@type":"ImageObject","inLanguage":"fr-FR","@id":"https:\/\/pablogarrigos.com\/#\/schema\/logo\/image\/","url":"https:\/\/pablogarrigos.com\/wp-content\/uploads\/2024\/02\/logo-pablogarrigos.png","contentUrl":"https:\/\/pablogarrigos.com\/wp-content\/uploads\/2024\/02\/logo-pablogarrigos.png","width":1247,"height":480,"caption":"Pablo Garrig\u00f3s Iba\u00f1ez"},"image":{"@id":"https:\/\/pablogarrigos.com\/#\/schema\/logo\/image\/"}}]}},"_links":{"self":[{"href":"https:\/\/pablogarrigos.com\/fr\/wp-json\/wp\/v2\/product\/454","targetHints":{"allow":["GET"]}}],"collection":[{"href":"https:\/\/pablogarrigos.com\/fr\/wp-json\/wp\/v2\/product"}],"about":[{"href":"https:\/\/pablogarrigos.com\/fr\/wp-json\/wp\/v2\/types\/product"}],"wp:featuredmedia":[{"embeddable":true,"href":"https:\/\/pablogarrigos.com\/fr\/wp-json\/wp\/v2\/media\/455"}],"wp:attachment":[{"href":"https:\/\/pablogarrigos.com\/fr\/wp-json\/wp\/v2\/media?parent=454"}],"wp:term":[{"taxonomy":"product_brand","embeddable":true,"href":"https:\/\/pablogarrigos.com\/fr\/wp-json\/wp\/v2\/product_brand?post=454"},{"taxonomy":"product_cat","embeddable":true,"href":"https:\/\/pablogarrigos.com\/fr\/wp-json\/wp\/v2\/product_cat?post=454"},{"taxonomy":"product_tag","embeddable":true,"href":"https:\/\/pablogarrigos.com\/fr\/wp-json\/wp\/v2\/product_tag?post=454"}],"curies":[{"name":"wp","href":"https:\/\/api.w.org\/{rel}","templated":true}]}}