{"id":443,"date":"2024-02-20T15:07:57","date_gmt":"2024-02-20T14:07:57","guid":{"rendered":"https:\/\/pablogarrigos.com\/index.php\/product\/turron-a-la-piedra-premium-300-g\/"},"modified":"2025-11-13T11:36:22","modified_gmt":"2025-11-13T10:36:22","slug":"turron-a-la-piedra-premium-300-g","status":"publish","type":"product","link":"https:\/\/pablogarrigos.com\/fr\/turrones\/premium\/turron-a-la-piedra-premium-300-g\/","title":{"rendered":"Nougat a la Piedra Premium 300g"},"content":{"rendered":"<p><strong>Amande<\/strong> Marcona 60% s\u00e9lectionn\u00e9s et torr\u00e9fi\u00e9s, sucre 40%, zeste de citron et cannelle. <strong>Peut contenir des traces de farine de bl\u00e9 et d'\u0153uf.<\/strong><\/p>\n<p><strong>Conservar en un lugar fresco y seco. 18\u00ba-22\u00baC.<\/strong><\/p>","protected":false},"excerpt":{"rendered":"<p>Le r\u00e9sultat du broyage \u00e0 la pierre de \"nos\" meilleures amandes Marcona et de l'ajout d'une touche subtile de cannelle et de citron.<\/p>","protected":false},"featured_media":444,"template":"","meta":{"_acf_changed":false,"inline_featured_image":false},"product_brand":[],"product_cat":[19,18],"product_tag":[],"class_list":{"0":"post-443","1":"product","2":"type-product","3":"status-publish","4":"has-post-thumbnail","6":"product_cat-premium","7":"product_cat-turrones","9":"first","10":"instock","11":"taxable","12":"shipping-taxable","13":"purchasable","14":"product-type-simple"},"acf":[],"yoast_head":"<!-- This site is optimized with the Yoast SEO plugin v26.5 - https:\/\/yoast.com\/wordpress\/plugins\/seo\/ -->\n<title>Turr\u00f3n a la Piedra Premium | Pablo Garrig\u00f3s Ib\u00e1\u00f1ez<\/title>\n<meta name=\"description\" content=\"El Turr\u00f3n a la Piedra Premium de Pablo Garrig\u00f3s Ib\u00e1\u00f1ez combina la exquisita almendra Marcona molida a la piedra con delicados toques de canela y lim\u00f3n. Un cl\u00e1sico reinventado.\" \/>\n<meta name=\"robots\" content=\"index, follow, max-snippet:-1, max-image-preview:large, max-video-preview:-1\" \/>\n<link rel=\"canonical\" href=\"https:\/\/pablogarrigos.com\/fr\/turrones\/premium\/turron-a-la-piedra-premium-300-g\/\" \/>\n<meta property=\"og:locale\" content=\"fr_FR\" \/>\n<meta property=\"og:type\" content=\"article\" \/>\n<meta property=\"og:title\" content=\"Turr\u00f3n a la Piedra Premium | Pablo Garrig\u00f3s Ib\u00e1\u00f1ez\" \/>\n<meta property=\"og:description\" content=\"El Turr\u00f3n a la Piedra Premium de Pablo Garrig\u00f3s Ib\u00e1\u00f1ez combina la exquisita almendra Marcona molida a la piedra con delicados toques de canela y lim\u00f3n. Un cl\u00e1sico reinventado.\" \/>\n<meta property=\"og:url\" content=\"https:\/\/pablogarrigos.com\/fr\/turrones\/premium\/turron-a-la-piedra-premium-300-g\/\" \/>\n<meta property=\"og:site_name\" content=\"Pablo Garrig\u00f3s Iba\u00f1ez\" \/>\n<meta property=\"article:modified_time\" content=\"2025-11-13T10:36:22+00:00\" \/>\n<meta property=\"og:image\" content=\"https:\/\/pablogarrigos.com\/wp-content\/uploads\/2024\/02\/turron-a-la-piedra-premium-300g.jpg\" \/>\n\t<meta property=\"og:image:width\" content=\"600\" \/>\n\t<meta property=\"og:image:height\" content=\"600\" \/>\n\t<meta property=\"og:image:type\" content=\"image\/jpeg\" \/>\n<meta name=\"twitter:card\" content=\"summary_large_image\" \/>\n<meta name=\"twitter:label1\" content=\"Dur\u00e9e de lecture estim\u00e9e\" \/>\n\t<meta name=\"twitter:data1\" content=\"1 minute\" \/>\n<script type=\"application\/ld+json\" class=\"yoast-schema-graph\">{\"@context\":\"https:\/\/schema.org\",\"@graph\":[{\"@type\":\"WebPage\",\"@id\":\"https:\/\/pablogarrigos.com\/turrones\/premium\/turron-a-la-piedra-premium-300-g\/\",\"url\":\"https:\/\/pablogarrigos.com\/turrones\/premium\/turron-a-la-piedra-premium-300-g\/\",\"name\":\"Turr\u00f3n a la Piedra Premium | Pablo Garrig\u00f3s Ib\u00e1\u00f1ez\",\"isPartOf\":{\"@id\":\"https:\/\/pablogarrigos.com\/#website\"},\"primaryImageOfPage\":{\"@id\":\"https:\/\/pablogarrigos.com\/turrones\/premium\/turron-a-la-piedra-premium-300-g\/#primaryimage\"},\"image\":{\"@id\":\"https:\/\/pablogarrigos.com\/turrones\/premium\/turron-a-la-piedra-premium-300-g\/#primaryimage\"},\"thumbnailUrl\":\"https:\/\/pablogarrigos.com\/wp-content\/uploads\/2024\/02\/turron-a-la-piedra-premium-300g.jpg\",\"datePublished\":\"2024-02-20T14:07:57+00:00\",\"dateModified\":\"2025-11-13T10:36:22+00:00\",\"description\":\"El Turr\u00f3n a la Piedra Premium de Pablo Garrig\u00f3s Ib\u00e1\u00f1ez combina la exquisita almendra Marcona molida a la piedra con delicados toques de canela y lim\u00f3n. Un cl\u00e1sico reinventado.\",\"breadcrumb\":{\"@id\":\"https:\/\/pablogarrigos.com\/turrones\/premium\/turron-a-la-piedra-premium-300-g\/#breadcrumb\"},\"inLanguage\":\"fr-FR\",\"potentialAction\":[{\"@type\":\"ReadAction\",\"target\":[\"https:\/\/pablogarrigos.com\/turrones\/premium\/turron-a-la-piedra-premium-300-g\/\"]}]},{\"@type\":\"ImageObject\",\"inLanguage\":\"fr-FR\",\"@id\":\"https:\/\/pablogarrigos.com\/turrones\/premium\/turron-a-la-piedra-premium-300-g\/#primaryimage\",\"url\":\"https:\/\/pablogarrigos.com\/wp-content\/uploads\/2024\/02\/turron-a-la-piedra-premium-300g.jpg\",\"contentUrl\":\"https:\/\/pablogarrigos.com\/wp-content\/uploads\/2024\/02\/turron-a-la-piedra-premium-300g.jpg\",\"width\":600,\"height\":600},{\"@type\":\"BreadcrumbList\",\"@id\":\"https:\/\/pablogarrigos.com\/turrones\/premium\/turron-a-la-piedra-premium-300-g\/#breadcrumb\",\"itemListElement\":[{\"@type\":\"ListItem\",\"position\":1,\"name\":\"Home\",\"item\":\"https:\/\/pablogarrigos.com\/en\/\"},{\"@type\":\"ListItem\",\"position\":2,\"name\":\"Tienda\",\"item\":\"https:\/\/pablogarrigos.com\/en\/tienda\/\"},{\"@type\":\"ListItem\",\"position\":3,\"name\":\"Turr\u00f3n a la Piedra Premium 300g\"}]},{\"@type\":\"WebSite\",\"@id\":\"https:\/\/pablogarrigos.com\/#website\",\"url\":\"https:\/\/pablogarrigos.com\/\",\"name\":\"Pablo Garrig\u00f3s Iba\u00f1ez\",\"description\":\"El Sentido del Gusto\",\"publisher\":{\"@id\":\"https:\/\/pablogarrigos.com\/#organization\"},\"potentialAction\":[{\"@type\":\"SearchAction\",\"target\":{\"@type\":\"EntryPoint\",\"urlTemplate\":\"https:\/\/pablogarrigos.com\/?s={search_term_string}\"},\"query-input\":{\"@type\":\"PropertyValueSpecification\",\"valueRequired\":true,\"valueName\":\"search_term_string\"}}],\"inLanguage\":\"fr-FR\"},{\"@type\":\"Organization\",\"@id\":\"https:\/\/pablogarrigos.com\/#organization\",\"name\":\"Pablo Garrig\u00f3s Iba\u00f1ez\",\"url\":\"https:\/\/pablogarrigos.com\/\",\"logo\":{\"@type\":\"ImageObject\",\"inLanguage\":\"fr-FR\",\"@id\":\"https:\/\/pablogarrigos.com\/#\/schema\/logo\/image\/\",\"url\":\"https:\/\/pablogarrigos.com\/wp-content\/uploads\/2024\/02\/logo-pablogarrigos.png\",\"contentUrl\":\"https:\/\/pablogarrigos.com\/wp-content\/uploads\/2024\/02\/logo-pablogarrigos.png\",\"width\":1247,\"height\":480,\"caption\":\"Pablo Garrig\u00f3s Iba\u00f1ez\"},\"image\":{\"@id\":\"https:\/\/pablogarrigos.com\/#\/schema\/logo\/image\/\"}}]}<\/script>\n<!-- \/ Yoast SEO plugin. -->","yoast_head_json":{"title":"Turr\u00f3n a la Piedra Premium | Pablo Garrig\u00f3s Ib\u00e1\u00f1ez","description":"Le Turr\u00f3n a la Piedra Premium de Pablo Garrig\u00f3s Ib\u00e1\u00f1ez associe d'exquises amandes Marcona moulues \u00e0 la pierre \u00e0 de d\u00e9licates touches de cannelle et de citron. Un classique r\u00e9invent\u00e9.","robots":{"index":"index","follow":"follow","max-snippet":"max-snippet:-1","max-image-preview":"max-image-preview:large","max-video-preview":"max-video-preview:-1"},"canonical":"https:\/\/pablogarrigos.com\/fr\/turrones\/premium\/turron-a-la-piedra-premium-300-g\/","og_locale":"fr_FR","og_type":"article","og_title":"Turr\u00f3n a la Piedra Premium | Pablo Garrig\u00f3s Ib\u00e1\u00f1ez","og_description":"El Turr\u00f3n a la Piedra Premium de Pablo Garrig\u00f3s Ib\u00e1\u00f1ez combina la exquisita almendra Marcona molida a la piedra con delicados toques de canela y lim\u00f3n. Un cl\u00e1sico reinventado.","og_url":"https:\/\/pablogarrigos.com\/fr\/turrones\/premium\/turron-a-la-piedra-premium-300-g\/","og_site_name":"Pablo Garrig\u00f3s Iba\u00f1ez","article_modified_time":"2025-11-13T10:36:22+00:00","og_image":[{"width":600,"height":600,"url":"https:\/\/pablogarrigos.com\/wp-content\/uploads\/2024\/02\/turron-a-la-piedra-premium-300g.jpg","type":"image\/jpeg"}],"twitter_card":"summary_large_image","twitter_misc":{"Dur\u00e9e de lecture estim\u00e9e":"1 minute"},"schema":{"@context":"https:\/\/schema.org","@graph":[{"@type":"WebPage","@id":"https:\/\/pablogarrigos.com\/turrones\/premium\/turron-a-la-piedra-premium-300-g\/","url":"https:\/\/pablogarrigos.com\/turrones\/premium\/turron-a-la-piedra-premium-300-g\/","name":"Turr\u00f3n a la Piedra Premium | Pablo Garrig\u00f3s Ib\u00e1\u00f1ez","isPartOf":{"@id":"https:\/\/pablogarrigos.com\/#website"},"primaryImageOfPage":{"@id":"https:\/\/pablogarrigos.com\/turrones\/premium\/turron-a-la-piedra-premium-300-g\/#primaryimage"},"image":{"@id":"https:\/\/pablogarrigos.com\/turrones\/premium\/turron-a-la-piedra-premium-300-g\/#primaryimage"},"thumbnailUrl":"https:\/\/pablogarrigos.com\/wp-content\/uploads\/2024\/02\/turron-a-la-piedra-premium-300g.jpg","datePublished":"2024-02-20T14:07:57+00:00","dateModified":"2025-11-13T10:36:22+00:00","description":"Le Turr\u00f3n a la Piedra Premium de Pablo Garrig\u00f3s Ib\u00e1\u00f1ez associe d'exquises amandes Marcona moulues \u00e0 la pierre \u00e0 de d\u00e9licates touches de cannelle et de citron. Un classique r\u00e9invent\u00e9.","breadcrumb":{"@id":"https:\/\/pablogarrigos.com\/turrones\/premium\/turron-a-la-piedra-premium-300-g\/#breadcrumb"},"inLanguage":"fr-FR","potentialAction":[{"@type":"ReadAction","target":["https:\/\/pablogarrigos.com\/turrones\/premium\/turron-a-la-piedra-premium-300-g\/"]}]},{"@type":"ImageObject","inLanguage":"fr-FR","@id":"https:\/\/pablogarrigos.com\/turrones\/premium\/turron-a-la-piedra-premium-300-g\/#primaryimage","url":"https:\/\/pablogarrigos.com\/wp-content\/uploads\/2024\/02\/turron-a-la-piedra-premium-300g.jpg","contentUrl":"https:\/\/pablogarrigos.com\/wp-content\/uploads\/2024\/02\/turron-a-la-piedra-premium-300g.jpg","width":600,"height":600},{"@type":"BreadcrumbList","@id":"https:\/\/pablogarrigos.com\/turrones\/premium\/turron-a-la-piedra-premium-300-g\/#breadcrumb","itemListElement":[{"@type":"ListItem","position":1,"name":"Home","item":"https:\/\/pablogarrigos.com\/en\/"},{"@type":"ListItem","position":2,"name":"Tienda","item":"https:\/\/pablogarrigos.com\/en\/tienda\/"},{"@type":"ListItem","position":3,"name":"Turr\u00f3n a la Piedra Premium 300g"}]},{"@type":"WebSite","@id":"https:\/\/pablogarrigos.com\/#website","url":"https:\/\/pablogarrigos.com\/","name":"Pablo Garrig\u00f3s Iba\u00f1ez","description":"Le sens du go\u00fbt","publisher":{"@id":"https:\/\/pablogarrigos.com\/#organization"},"potentialAction":[{"@type":"SearchAction","target":{"@type":"EntryPoint","urlTemplate":"https:\/\/pablogarrigos.com\/?s={search_term_string}"},"query-input":{"@type":"PropertyValueSpecification","valueRequired":true,"valueName":"search_term_string"}}],"inLanguage":"fr-FR"},{"@type":"Organization","@id":"https:\/\/pablogarrigos.com\/#organization","name":"Pablo Garrig\u00f3s Iba\u00f1ez","url":"https:\/\/pablogarrigos.com\/","logo":{"@type":"ImageObject","inLanguage":"fr-FR","@id":"https:\/\/pablogarrigos.com\/#\/schema\/logo\/image\/","url":"https:\/\/pablogarrigos.com\/wp-content\/uploads\/2024\/02\/logo-pablogarrigos.png","contentUrl":"https:\/\/pablogarrigos.com\/wp-content\/uploads\/2024\/02\/logo-pablogarrigos.png","width":1247,"height":480,"caption":"Pablo Garrig\u00f3s Iba\u00f1ez"},"image":{"@id":"https:\/\/pablogarrigos.com\/#\/schema\/logo\/image\/"}}]}},"_links":{"self":[{"href":"https:\/\/pablogarrigos.com\/fr\/wp-json\/wp\/v2\/product\/443","targetHints":{"allow":["GET"]}}],"collection":[{"href":"https:\/\/pablogarrigos.com\/fr\/wp-json\/wp\/v2\/product"}],"about":[{"href":"https:\/\/pablogarrigos.com\/fr\/wp-json\/wp\/v2\/types\/product"}],"wp:featuredmedia":[{"embeddable":true,"href":"https:\/\/pablogarrigos.com\/fr\/wp-json\/wp\/v2\/media\/444"}],"wp:attachment":[{"href":"https:\/\/pablogarrigos.com\/fr\/wp-json\/wp\/v2\/media?parent=443"}],"wp:term":[{"taxonomy":"product_brand","embeddable":true,"href":"https:\/\/pablogarrigos.com\/fr\/wp-json\/wp\/v2\/product_brand?post=443"},{"taxonomy":"product_cat","embeddable":true,"href":"https:\/\/pablogarrigos.com\/fr\/wp-json\/wp\/v2\/product_cat?post=443"},{"taxonomy":"product_tag","embeddable":true,"href":"https:\/\/pablogarrigos.com\/fr\/wp-json\/wp\/v2\/product_tag?post=443"}],"curies":[{"name":"wp","href":"https:\/\/api.w.org\/{rel}","templated":true}]}}