{"id":441,"date":"2024-02-20T22:01:57","date_gmt":"2024-02-20T21:01:57","guid":{"rendered":"https:\/\/pablogarrigos.com\/index.php\/product\/estuche-especial-4-variedades-premium-1200-g\/"},"modified":"2025-09-03T14:53:23","modified_gmt":"2025-09-03T12:53:23","slug":"estuche-especial-4-variedades-premium-1200-g","status":"publish","type":"product","link":"https:\/\/pablogarrigos.com\/fr\/estuches-de-regalo\/estuche-especial-4-variedades-premium-1200-g\/","title":{"rendered":"Bo\u00eete sp\u00e9ciale 4 vari\u00e9t\u00e9s Premium 1200g"},"content":{"rendered":"<p>TURR\u00d3N DE JIJONA : <strong>Amande<\/strong> 74%, miel de fleurs d'oranger 17%, sucre et blanc d'\u0153uf 74%, miel de fleurs d'oranger 17%, sucre et blanc d'\u0153uf 74% <strong>\u0152uf. Peut contenir des traces de s\u00e9same et de noisette.<\/strong><\/p>\n<p>TURR\u00d3N DE ALICANTE : <strong>Amande<\/strong> 68%, miel de romarin 16%, sucre, sirop de glucose, surface de gaufre (amidon de pomme de terre et huile de tournesol) et blanc d'\u0153uf. <strong>\u0153uf<\/strong>. <strong>Peut contenir des traces de s\u00e9same et de noisette.<\/strong><\/p>\n<p>NOUGAT FONDANT AU CHOCOLAT AVEC DES AMANDES : <strong>Amande<\/strong> f\u00e8ves marcona 40%, p\u00e2te de cacao, sucre, beurre de cacao, \u00e9mulsifiant (l\u00e9cithine de cacao), p\u00e2te de cacao, beurre de cacao, p\u00e2te de cacao, beurre de cacao, beurre de cacao, p\u00e2te de cacao, beurre de cacao, beurre de cacao. <strong>soja<\/strong>) et ar\u00f4me naturel de vanille. Cacao min. 32%. <strong>Peut contenir des traces de lait et d'autres fruits \u00e0 coque.<\/strong><\/p>\n<p>NOUGAT AU JAUNE D'\u0152UF R\u00d4TI : <strong>Amande<\/strong> s\u00e9lectionn\u00e9, jaune d'\u0153uf <strong>\u0153uf<\/strong> confit 36% (jaune d'\u0153uf confit) <strong>\u0153uf<\/strong> 50%, sucre, sirop de glucose et conservateur (E200)), <strong>cr\u00e8me de lait<\/strong>ar\u00f4me de vanille. <strong>Peut contenir des traces de fruits \u00e0 coque.<\/strong><\/p>","protected":false},"excerpt":{"rendered":"<p>Contient : t<span style=\"letter-spacing: 0.01em\">urr\u00f3n de Jijona, t<\/span><span style=\"letter-spacing: 0.01em\">urr\u00f3n de Alicante, t<\/span><span style=\"letter-spacing: 0.01em\">Fondant au chocolat urr\u00f3n avec amandes et p\u00e2te d'amandes et d'amandes<\/span><span style=\"letter-spacing: 0.01em\">jaune d'\u0153uf r\u00f4ti urr\u00f3n<\/span><\/p>","protected":false},"featured_media":442,"template":"","meta":{"_acf_changed":false,"inline_featured_image":false},"product_brand":[],"product_cat":[20,22,19,18],"product_tag":[],"class_list":{"0":"post-441","1":"product","2":"type-product","3":"status-publish","4":"has-post-thumbnail","6":"product_cat-chocolates-y-fruites","7":"product_cat-estuches-de-regalo","8":"product_cat-premium","9":"product_cat-turrones","11":"first","12":"instock","13":"taxable","14":"shipping-taxable","15":"purchasable","16":"product-type-simple"},"acf":[],"yoast_head":"<!-- This site is optimized with the Yoast SEO plugin v26.5 - https:\/\/yoast.com\/wordpress\/plugins\/seo\/ -->\n<title>Estuche Especial 4 variedades Premium | Pablo Garrig\u00f3s Ib\u00e1\u00f1ez<\/title>\n<meta name=\"description\" content=\"Descubre el Estuche Especial Premium de Pablo Garrig\u00f3s Ib\u00e1\u00f1ez, una selecci\u00f3n exquisita de nuestros mejores turrones: Jijona, Alicante, Chocolate Fondant con Almendras, y Yema Tostada. Sabores aut\u00e9nticos para paladares refinados.\" \/>\n<meta name=\"robots\" content=\"index, follow, max-snippet:-1, max-image-preview:large, max-video-preview:-1\" \/>\n<link rel=\"canonical\" href=\"https:\/\/pablogarrigos.com\/fr\/estuches-de-regalo\/estuche-especial-4-variedades-premium-1200-g\/\" \/>\n<meta property=\"og:locale\" content=\"fr_FR\" \/>\n<meta property=\"og:type\" content=\"article\" \/>\n<meta property=\"og:title\" content=\"Estuche Especial 4 variedades Premium | Pablo Garrig\u00f3s Ib\u00e1\u00f1ez\" \/>\n<meta property=\"og:description\" content=\"Descubre el Estuche Especial Premium de Pablo Garrig\u00f3s Ib\u00e1\u00f1ez, una selecci\u00f3n exquisita de nuestros mejores turrones: Jijona, Alicante, Chocolate Fondant con Almendras, y Yema Tostada. Sabores aut\u00e9nticos para paladares refinados.\" \/>\n<meta property=\"og:url\" content=\"https:\/\/pablogarrigos.com\/fr\/estuches-de-regalo\/estuche-especial-4-variedades-premium-1200-g\/\" \/>\n<meta property=\"og:site_name\" content=\"Pablo Garrig\u00f3s Iba\u00f1ez\" \/>\n<meta property=\"article:modified_time\" content=\"2025-09-03T12:53:23+00:00\" \/>\n<meta property=\"og:image\" content=\"https:\/\/pablogarrigos.com\/wp-content\/uploads\/2024\/02\/Estuche-especial-4-variedades_.jpg\" \/>\n\t<meta property=\"og:image:width\" content=\"600\" \/>\n\t<meta property=\"og:image:height\" content=\"600\" \/>\n\t<meta property=\"og:image:type\" content=\"image\/jpeg\" \/>\n<meta name=\"twitter:card\" content=\"summary_large_image\" \/>\n<meta name=\"twitter:label1\" content=\"Dur\u00e9e de lecture estim\u00e9e\" \/>\n\t<meta name=\"twitter:data1\" content=\"1 minute\" \/>\n<script type=\"application\/ld+json\" class=\"yoast-schema-graph\">{\"@context\":\"https:\/\/schema.org\",\"@graph\":[{\"@type\":\"WebPage\",\"@id\":\"https:\/\/pablogarrigos.com\/estuches-de-regalo\/estuche-especial-4-variedades-premium-1200-g\/\",\"url\":\"https:\/\/pablogarrigos.com\/estuches-de-regalo\/estuche-especial-4-variedades-premium-1200-g\/\",\"name\":\"Estuche Especial 4 variedades Premium | Pablo Garrig\u00f3s Ib\u00e1\u00f1ez\",\"isPartOf\":{\"@id\":\"https:\/\/pablogarrigos.com\/#website\"},\"primaryImageOfPage\":{\"@id\":\"https:\/\/pablogarrigos.com\/estuches-de-regalo\/estuche-especial-4-variedades-premium-1200-g\/#primaryimage\"},\"image\":{\"@id\":\"https:\/\/pablogarrigos.com\/estuches-de-regalo\/estuche-especial-4-variedades-premium-1200-g\/#primaryimage\"},\"thumbnailUrl\":\"https:\/\/pablogarrigos.com\/wp-content\/uploads\/2024\/02\/Estuche-especial-4-variedades_.jpg\",\"datePublished\":\"2024-02-20T21:01:57+00:00\",\"dateModified\":\"2025-09-03T12:53:23+00:00\",\"description\":\"Descubre el Estuche Especial Premium de Pablo Garrig\u00f3s Ib\u00e1\u00f1ez, una selecci\u00f3n exquisita de nuestros mejores turrones: Jijona, Alicante, Chocolate Fondant con Almendras, y Yema Tostada. Sabores aut\u00e9nticos para paladares refinados.\",\"breadcrumb\":{\"@id\":\"https:\/\/pablogarrigos.com\/estuches-de-regalo\/estuche-especial-4-variedades-premium-1200-g\/#breadcrumb\"},\"inLanguage\":\"fr-FR\",\"potentialAction\":[{\"@type\":\"ReadAction\",\"target\":[\"https:\/\/pablogarrigos.com\/estuches-de-regalo\/estuche-especial-4-variedades-premium-1200-g\/\"]}]},{\"@type\":\"ImageObject\",\"inLanguage\":\"fr-FR\",\"@id\":\"https:\/\/pablogarrigos.com\/estuches-de-regalo\/estuche-especial-4-variedades-premium-1200-g\/#primaryimage\",\"url\":\"https:\/\/pablogarrigos.com\/wp-content\/uploads\/2024\/02\/Estuche-especial-4-variedades_.jpg\",\"contentUrl\":\"https:\/\/pablogarrigos.com\/wp-content\/uploads\/2024\/02\/Estuche-especial-4-variedades_.jpg\",\"width\":600,\"height\":600},{\"@type\":\"BreadcrumbList\",\"@id\":\"https:\/\/pablogarrigos.com\/estuches-de-regalo\/estuche-especial-4-variedades-premium-1200-g\/#breadcrumb\",\"itemListElement\":[{\"@type\":\"ListItem\",\"position\":1,\"name\":\"Home\",\"item\":\"https:\/\/pablogarrigos.com\/en\/\"},{\"@type\":\"ListItem\",\"position\":2,\"name\":\"Tienda\",\"item\":\"https:\/\/pablogarrigos.com\/en\/tienda\/\"},{\"@type\":\"ListItem\",\"position\":3,\"name\":\"Estuche Especial 4 variedades Premium 1200g\"}]},{\"@type\":\"WebSite\",\"@id\":\"https:\/\/pablogarrigos.com\/#website\",\"url\":\"https:\/\/pablogarrigos.com\/\",\"name\":\"Pablo Garrig\u00f3s Iba\u00f1ez\",\"description\":\"El Sentido del Gusto\",\"publisher\":{\"@id\":\"https:\/\/pablogarrigos.com\/#organization\"},\"potentialAction\":[{\"@type\":\"SearchAction\",\"target\":{\"@type\":\"EntryPoint\",\"urlTemplate\":\"https:\/\/pablogarrigos.com\/?s={search_term_string}\"},\"query-input\":{\"@type\":\"PropertyValueSpecification\",\"valueRequired\":true,\"valueName\":\"search_term_string\"}}],\"inLanguage\":\"fr-FR\"},{\"@type\":\"Organization\",\"@id\":\"https:\/\/pablogarrigos.com\/#organization\",\"name\":\"Pablo Garrig\u00f3s Iba\u00f1ez\",\"url\":\"https:\/\/pablogarrigos.com\/\",\"logo\":{\"@type\":\"ImageObject\",\"inLanguage\":\"fr-FR\",\"@id\":\"https:\/\/pablogarrigos.com\/#\/schema\/logo\/image\/\",\"url\":\"https:\/\/pablogarrigos.com\/wp-content\/uploads\/2024\/02\/logo-pablogarrigos.png\",\"contentUrl\":\"https:\/\/pablogarrigos.com\/wp-content\/uploads\/2024\/02\/logo-pablogarrigos.png\",\"width\":1247,\"height\":480,\"caption\":\"Pablo Garrig\u00f3s Iba\u00f1ez\"},\"image\":{\"@id\":\"https:\/\/pablogarrigos.com\/#\/schema\/logo\/image\/\"}}]}<\/script>\n<!-- \/ Yoast SEO plugin. -->","yoast_head_json":{"title":"Bo\u00eete sp\u00e9ciale de 4 vari\u00e9t\u00e9s Premium | Pablo Garrig\u00f3s Ib\u00e1\u00f1ez","description":"D\u00e9couvrez le coffret sp\u00e9cial Premium Pablo Garrig\u00f3s Ib\u00e1\u00f1ez, une s\u00e9lection exquise de nos meilleurs turrones : Jijona, Alicante, Fondant au chocolat et aux amandes, et Yema grill\u00e9. Des saveurs authentiques pour des palais raffin\u00e9s.","robots":{"index":"index","follow":"follow","max-snippet":"max-snippet:-1","max-image-preview":"max-image-preview:large","max-video-preview":"max-video-preview:-1"},"canonical":"https:\/\/pablogarrigos.com\/fr\/estuches-de-regalo\/estuche-especial-4-variedades-premium-1200-g\/","og_locale":"fr_FR","og_type":"article","og_title":"Estuche Especial 4 variedades Premium | Pablo Garrig\u00f3s Ib\u00e1\u00f1ez","og_description":"Descubre el Estuche Especial Premium de Pablo Garrig\u00f3s Ib\u00e1\u00f1ez, una selecci\u00f3n exquisita de nuestros mejores turrones: Jijona, Alicante, Chocolate Fondant con Almendras, y Yema Tostada. Sabores aut\u00e9nticos para paladares refinados.","og_url":"https:\/\/pablogarrigos.com\/fr\/estuches-de-regalo\/estuche-especial-4-variedades-premium-1200-g\/","og_site_name":"Pablo Garrig\u00f3s Iba\u00f1ez","article_modified_time":"2025-09-03T12:53:23+00:00","og_image":[{"width":600,"height":600,"url":"https:\/\/pablogarrigos.com\/wp-content\/uploads\/2024\/02\/Estuche-especial-4-variedades_.jpg","type":"image\/jpeg"}],"twitter_card":"summary_large_image","twitter_misc":{"Dur\u00e9e de lecture estim\u00e9e":"1 minute"},"schema":{"@context":"https:\/\/schema.org","@graph":[{"@type":"WebPage","@id":"https:\/\/pablogarrigos.com\/estuches-de-regalo\/estuche-especial-4-variedades-premium-1200-g\/","url":"https:\/\/pablogarrigos.com\/estuches-de-regalo\/estuche-especial-4-variedades-premium-1200-g\/","name":"Bo\u00eete sp\u00e9ciale de 4 vari\u00e9t\u00e9s Premium | Pablo Garrig\u00f3s Ib\u00e1\u00f1ez","isPartOf":{"@id":"https:\/\/pablogarrigos.com\/#website"},"primaryImageOfPage":{"@id":"https:\/\/pablogarrigos.com\/estuches-de-regalo\/estuche-especial-4-variedades-premium-1200-g\/#primaryimage"},"image":{"@id":"https:\/\/pablogarrigos.com\/estuches-de-regalo\/estuche-especial-4-variedades-premium-1200-g\/#primaryimage"},"thumbnailUrl":"https:\/\/pablogarrigos.com\/wp-content\/uploads\/2024\/02\/Estuche-especial-4-variedades_.jpg","datePublished":"2024-02-20T21:01:57+00:00","dateModified":"2025-09-03T12:53:23+00:00","description":"D\u00e9couvrez le coffret sp\u00e9cial Premium Pablo Garrig\u00f3s Ib\u00e1\u00f1ez, une s\u00e9lection exquise de nos meilleurs turrones : Jijona, Alicante, Fondant au chocolat et aux amandes, et Yema grill\u00e9. Des saveurs authentiques pour des palais raffin\u00e9s.","breadcrumb":{"@id":"https:\/\/pablogarrigos.com\/estuches-de-regalo\/estuche-especial-4-variedades-premium-1200-g\/#breadcrumb"},"inLanguage":"fr-FR","potentialAction":[{"@type":"ReadAction","target":["https:\/\/pablogarrigos.com\/estuches-de-regalo\/estuche-especial-4-variedades-premium-1200-g\/"]}]},{"@type":"ImageObject","inLanguage":"fr-FR","@id":"https:\/\/pablogarrigos.com\/estuches-de-regalo\/estuche-especial-4-variedades-premium-1200-g\/#primaryimage","url":"https:\/\/pablogarrigos.com\/wp-content\/uploads\/2024\/02\/Estuche-especial-4-variedades_.jpg","contentUrl":"https:\/\/pablogarrigos.com\/wp-content\/uploads\/2024\/02\/Estuche-especial-4-variedades_.jpg","width":600,"height":600},{"@type":"BreadcrumbList","@id":"https:\/\/pablogarrigos.com\/estuches-de-regalo\/estuche-especial-4-variedades-premium-1200-g\/#breadcrumb","itemListElement":[{"@type":"ListItem","position":1,"name":"Home","item":"https:\/\/pablogarrigos.com\/en\/"},{"@type":"ListItem","position":2,"name":"Tienda","item":"https:\/\/pablogarrigos.com\/en\/tienda\/"},{"@type":"ListItem","position":3,"name":"Estuche Especial 4 variedades Premium 1200g"}]},{"@type":"WebSite","@id":"https:\/\/pablogarrigos.com\/#website","url":"https:\/\/pablogarrigos.com\/","name":"Pablo Garrig\u00f3s Iba\u00f1ez","description":"Le sens du go\u00fbt","publisher":{"@id":"https:\/\/pablogarrigos.com\/#organization"},"potentialAction":[{"@type":"SearchAction","target":{"@type":"EntryPoint","urlTemplate":"https:\/\/pablogarrigos.com\/?s={search_term_string}"},"query-input":{"@type":"PropertyValueSpecification","valueRequired":true,"valueName":"search_term_string"}}],"inLanguage":"fr-FR"},{"@type":"Organization","@id":"https:\/\/pablogarrigos.com\/#organization","name":"Pablo Garrig\u00f3s Iba\u00f1ez","url":"https:\/\/pablogarrigos.com\/","logo":{"@type":"ImageObject","inLanguage":"fr-FR","@id":"https:\/\/pablogarrigos.com\/#\/schema\/logo\/image\/","url":"https:\/\/pablogarrigos.com\/wp-content\/uploads\/2024\/02\/logo-pablogarrigos.png","contentUrl":"https:\/\/pablogarrigos.com\/wp-content\/uploads\/2024\/02\/logo-pablogarrigos.png","width":1247,"height":480,"caption":"Pablo Garrig\u00f3s Iba\u00f1ez"},"image":{"@id":"https:\/\/pablogarrigos.com\/#\/schema\/logo\/image\/"}}]}},"_links":{"self":[{"href":"https:\/\/pablogarrigos.com\/fr\/wp-json\/wp\/v2\/product\/441","targetHints":{"allow":["GET"]}}],"collection":[{"href":"https:\/\/pablogarrigos.com\/fr\/wp-json\/wp\/v2\/product"}],"about":[{"href":"https:\/\/pablogarrigos.com\/fr\/wp-json\/wp\/v2\/types\/product"}],"wp:featuredmedia":[{"embeddable":true,"href":"https:\/\/pablogarrigos.com\/fr\/wp-json\/wp\/v2\/media\/442"}],"wp:attachment":[{"href":"https:\/\/pablogarrigos.com\/fr\/wp-json\/wp\/v2\/media?parent=441"}],"wp:term":[{"taxonomy":"product_brand","embeddable":true,"href":"https:\/\/pablogarrigos.com\/fr\/wp-json\/wp\/v2\/product_brand?post=441"},{"taxonomy":"product_cat","embeddable":true,"href":"https:\/\/pablogarrigos.com\/fr\/wp-json\/wp\/v2\/product_cat?post=441"},{"taxonomy":"product_tag","embeddable":true,"href":"https:\/\/pablogarrigos.com\/fr\/wp-json\/wp\/v2\/product_tag?post=441"}],"curies":[{"name":"wp","href":"https:\/\/api.w.org\/{rel}","templated":true}]}}