{"id":435,"date":"2024-02-20T20:10:57","date_gmt":"2024-02-20T19:10:57","guid":{"rendered":"https:\/\/pablogarrigos.com\/index.php\/product\/fruit-chocolate-6-variedades-250-g\/"},"modified":"2025-11-13T12:24:46","modified_gmt":"2025-11-13T11:24:46","slug":"fruit-chocolate-6-variedades-250-g","status":"publish","type":"product","link":"https:\/\/pablogarrigos.com\/fr\/chocolates-y-fruites\/fruit-chocolates\/fruit-chocolate-6-variedades-250-g\/","title":{"rendered":"Chocolat aux fruits 6 vari\u00e9t\u00e9s 250g"},"content":{"rendered":"<p>FONDANT STRAWBERRY &amp; CHOCOLATE 440 g : fraises d\u00e9shydrat\u00e9es 40 %, sucre, p\u00e2te de cacao, beurre de cacao, poudre de cacao, \u00e9mulsifiant (l\u00e9cithine de cacao), beurre de cacao, p\u00e2te de cacao, beurre de cacao, \u00e9mulsifiant (beurre de cacao, beurre de cacao, poudre de cacao), sucre, beurre de cacao. <strong>soja<\/strong>), aroma natural de vainilla, colorante natural (remolacha), aroma natural de fresa , recubrimiento (maltodextrina, aceite de coco y aceite de colza), espesante (goma xantana), regulador de acidez (\u00e1cido c\u00edtrico) y conservador ( sorbato de potasio ). Cacao m\u00ednimo cobertura chocolate negro 70 %. <strong>Peut contenir des traces d'oeufs, d'arachides, de lait et d'autres fruits \u00e0 coque.<\/strong><\/p>\n<p>ANANAS &amp; CHOCOLATE AU LAIT : Sucre, ananas d\u00e9shydrat\u00e9 31 %, beurre de cacao, <strong>lait<\/strong> poudre demi-\u00e9cr\u00e9m\u00e9e 8 %, p\u00e2te de cacao, \u00e9mulsifiant (l\u00e9cithine de cacao, beurre de cacao, beurre de cacao, p\u00e2te de cacao, \u00e9mulsifiant (l\u00e9cithine de cacao, beurre de cacao, beurre de cacao, beurre de cacao) <strong>soja<\/strong>), ar\u00f4me naturel de vanille, enrobage (maltodextrine, huile de coco et huile de colza), \u00e9paississant (gomme xanthane), r\u00e9gulateur d'acidit\u00e9 (acide citrique) et conservateur (sorbate de potassium). Couverture minimale de cacao chocolat au lait 34 %. <strong>Peut contenir des traces d'oeufs, d'arachides, de lait et d'autres fruits \u00e0 coque.<\/strong><\/p>\n<p>FONDANT A LA BLEUETTE ET AU CHOCOLAT : sucre, p\u00e2te de cacao, myrtille d\u00e9shydrat\u00e9e (19 %), beurre de cacao, \u00e9mulsifiant (l\u00e9cithine de cacao), beurre de cacao, beurre de cacao, beurre de cacao, beurre de cacao, beurre de cacao. <strong>soja<\/strong>), huile de tournesol, ar\u00f4me naturel de vanille, enrobage (maltodextrine, huile de coco et huile de colza), \u00e9paississant (gomme xanthane), r\u00e9gulateur d'acidit\u00e9 (acide citrique) et conservateurs (sorbate de potassium).enrobage minimum de cacao chocolat noir 70 %. <strong>Peut contenir des traces de : lait, s\u00e9same, arachide, amande et noisette.<\/strong><\/p>\n<p>FONDANT ORANGE &amp; CHOCOLAT : sucre, p\u00e2te de cacao, orange 17 %, beurre de cacao, sirop de glucose et de fructose, \u00e9mulsifiant (l\u00e9cithine de beurre de cacao, beurre de cacao, sirop de glucose et de fructose, \u00e9mulsifiant (l\u00e9cithine de beurre de cacao), beurre de cacao, beurre de cacao, beurre de cacao. <strong>soja<\/strong>), ar\u00f4me naturel de vanille, enrobage<\/p>\n<p>(maltodextrine, huile de coco et huile de colza), \u00e9paississant (gomme xanthane), r\u00e9gulateur d'acidit\u00e9 (acide citrique) et conservateurs (sorbate de potassium et m\u00e9tasulfite de sodium). Couverture minimale de cacao pour le chocolat noir 70 %. <strong>Peut contenir des traces de : lait, s\u00e9same, arachide, amande et noisette.<\/strong><\/p>\n<p>FRAISES ET CHOCOLAT BLANC ENROBEES DANS UN FONDANT DE CHOCOLAT : Sucre, beurre de cacao, <strong>lait<\/strong> poudre demi-\u00e9cr\u00e9m\u00e9e 12 %, p\u00e2te de cacao, framboise lyophilis\u00e9e 5%, poudre de cacao, \u00e9mulsifiant (l\u00e9cithine de cacao, beurre de cacao, beurre de cacao, beurre de cacao, beurre de cacao, poudre de cacao, \u00e9mulsifiant (l\u00e9cithine de cacao, beurre de cacao, beurre de cacao, beurre de cacao, \u00e9mulsifiant (l\u00e9cithine de cacao, beurre de cacao, beurre de cacao) <strong>soja<\/strong>), ar\u00f4me naturel de vanille et enrobage (maltodextrine, huile de coco et huile de colza), \u00e9paississant (gomme xanthane) et conservateur (sorbate de potassium). Enrobage minimum de chocolat noir au cacao 62 %. Enrobage minimum de chocolat blanc \u00e0 base de cacao 29.5%. <strong>Peut contenir des traces d'oeufs, d'arachides et d'autres fruits \u00e0 coque.<\/strong><\/p>\n<p>FONDANT FIGUE &amp; CHOCOLAT Sucre, figue 22%, p\u00e2te de cacao, poudre de cacao, beurre de cacao, \u00e9mulsifiant (l\u00e9cithine de cacao), beurre de cacao, p\u00e2te de cacao, poudre de cacao, \u00e9mulsifiant (beurre de cacao). <strong>soja<\/strong>), ar\u00f4me naturel de vanille, enrobage (maltodextrine, huile de coco et huile de colza), \u00e9paississant (gomme xanthane), r\u00e9gulateur d'acidit\u00e9 (acide citrique) et conservateur (sorbate de potassium). La teneur minimale en cacao du chocolat noir est de 70 %. <strong>Peut contenir des traces d'oeufs, d'arachides, de lait et d'autres fruits \u00e0 coque.<\/strong><\/p>\n<p><strong>Conservar en un lugar fresco y seco. 12\u00ba-17\u00baC.<\/strong><\/p>","protected":false},"excerpt":{"rendered":"<p>Satisfaites vos sens avec des combinaisons exquises de fruits naturels et de chocolat : fraise, ananas, myrtille, orange, framboise et figue.<\/p>","protected":false},"featured_media":436,"template":"","meta":{"_acf_changed":false,"inline_featured_image":false},"product_brand":[],"product_cat":[20,25],"product_tag":[],"class_list":{"0":"post-435","1":"product","2":"type-product","3":"status-publish","4":"has-post-thumbnail","6":"product_cat-chocolates-y-fruites","7":"product_cat-fruit-chocolates","9":"first","10":"instock","11":"taxable","12":"shipping-taxable","13":"purchasable","14":"product-type-simple"},"acf":[],"yoast_head":"<!-- This site is optimized with the Yoast SEO plugin v26.5 - https:\/\/yoast.com\/wordpress\/plugins\/seo\/ -->\n<title>Fruit Chocolate 6 Variedades | Pablo Garrig\u00f3s Ib\u00e1\u00f1ez<\/title>\n<meta name=\"description\" content=\"Descubre las Fruit Chocolate 6 variedades. Deliciosos bombones rellenos de fruta y cubiertos con el m\u00e1s delicioso chocolate fondant.\" \/>\n<meta name=\"robots\" content=\"index, follow, max-snippet:-1, max-image-preview:large, max-video-preview:-1\" \/>\n<link rel=\"canonical\" href=\"https:\/\/pablogarrigos.com\/fr\/chocolates-y-fruites\/fruit-chocolates\/fruit-chocolate-6-variedades-250-g\/\" \/>\n<meta property=\"og:locale\" content=\"fr_FR\" \/>\n<meta property=\"og:type\" content=\"article\" \/>\n<meta property=\"og:title\" content=\"Fruit Chocolate 6 Variedades | Pablo Garrig\u00f3s Ib\u00e1\u00f1ez\" \/>\n<meta property=\"og:description\" content=\"Descubre las Fruit Chocolate 6 variedades. Deliciosos bombones rellenos de fruta y cubiertos con el m\u00e1s delicioso chocolate fondant.\" \/>\n<meta property=\"og:url\" content=\"https:\/\/pablogarrigos.com\/fr\/chocolates-y-fruites\/fruit-chocolates\/fruit-chocolate-6-variedades-250-g\/\" \/>\n<meta property=\"og:site_name\" content=\"Pablo Garrig\u00f3s Iba\u00f1ez\" \/>\n<meta property=\"article:modified_time\" content=\"2025-11-13T11:24:46+00:00\" \/>\n<meta property=\"og:image\" content=\"https:\/\/pablogarrigos.com\/wp-content\/uploads\/2024\/02\/fruit-chocolate-6-variedades-250-g.jpg\" \/>\n\t<meta property=\"og:image:width\" content=\"600\" \/>\n\t<meta property=\"og:image:height\" content=\"600\" \/>\n\t<meta property=\"og:image:type\" content=\"image\/jpeg\" \/>\n<meta name=\"twitter:card\" content=\"summary_large_image\" \/>\n<meta name=\"twitter:label1\" content=\"Dur\u00e9e de lecture estim\u00e9e\" \/>\n\t<meta name=\"twitter:data1\" content=\"3 minutes\" \/>\n<script type=\"application\/ld+json\" class=\"yoast-schema-graph\">{\"@context\":\"https:\/\/schema.org\",\"@graph\":[{\"@type\":\"WebPage\",\"@id\":\"https:\/\/pablogarrigos.com\/chocolates-y-fruites\/fruit-chocolates\/fruit-chocolate-6-variedades-250-g\/\",\"url\":\"https:\/\/pablogarrigos.com\/chocolates-y-fruites\/fruit-chocolates\/fruit-chocolate-6-variedades-250-g\/\",\"name\":\"Fruit Chocolate 6 Variedades | Pablo Garrig\u00f3s Ib\u00e1\u00f1ez\",\"isPartOf\":{\"@id\":\"https:\/\/pablogarrigos.com\/#website\"},\"primaryImageOfPage\":{\"@id\":\"https:\/\/pablogarrigos.com\/chocolates-y-fruites\/fruit-chocolates\/fruit-chocolate-6-variedades-250-g\/#primaryimage\"},\"image\":{\"@id\":\"https:\/\/pablogarrigos.com\/chocolates-y-fruites\/fruit-chocolates\/fruit-chocolate-6-variedades-250-g\/#primaryimage\"},\"thumbnailUrl\":\"https:\/\/pablogarrigos.com\/wp-content\/uploads\/2024\/02\/fruit-chocolate-6-variedades-250-g.jpg\",\"datePublished\":\"2024-02-20T19:10:57+00:00\",\"dateModified\":\"2025-11-13T11:24:46+00:00\",\"description\":\"Descubre las Fruit Chocolate 6 variedades. Deliciosos bombones rellenos de fruta y cubiertos con el m\u00e1s delicioso chocolate fondant.\",\"breadcrumb\":{\"@id\":\"https:\/\/pablogarrigos.com\/chocolates-y-fruites\/fruit-chocolates\/fruit-chocolate-6-variedades-250-g\/#breadcrumb\"},\"inLanguage\":\"fr-FR\",\"potentialAction\":[{\"@type\":\"ReadAction\",\"target\":[\"https:\/\/pablogarrigos.com\/chocolates-y-fruites\/fruit-chocolates\/fruit-chocolate-6-variedades-250-g\/\"]}]},{\"@type\":\"ImageObject\",\"inLanguage\":\"fr-FR\",\"@id\":\"https:\/\/pablogarrigos.com\/chocolates-y-fruites\/fruit-chocolates\/fruit-chocolate-6-variedades-250-g\/#primaryimage\",\"url\":\"https:\/\/pablogarrigos.com\/wp-content\/uploads\/2024\/02\/fruit-chocolate-6-variedades-250-g.jpg\",\"contentUrl\":\"https:\/\/pablogarrigos.com\/wp-content\/uploads\/2024\/02\/fruit-chocolate-6-variedades-250-g.jpg\",\"width\":600,\"height\":600},{\"@type\":\"BreadcrumbList\",\"@id\":\"https:\/\/pablogarrigos.com\/chocolates-y-fruites\/fruit-chocolates\/fruit-chocolate-6-variedades-250-g\/#breadcrumb\",\"itemListElement\":[{\"@type\":\"ListItem\",\"position\":1,\"name\":\"Home\",\"item\":\"https:\/\/pablogarrigos.com\/en\/\"},{\"@type\":\"ListItem\",\"position\":2,\"name\":\"Tienda\",\"item\":\"https:\/\/pablogarrigos.com\/en\/tienda\/\"},{\"@type\":\"ListItem\",\"position\":3,\"name\":\"Fruit Chocolate 6 variedades 250g\"}]},{\"@type\":\"WebSite\",\"@id\":\"https:\/\/pablogarrigos.com\/#website\",\"url\":\"https:\/\/pablogarrigos.com\/\",\"name\":\"Pablo Garrig\u00f3s Iba\u00f1ez\",\"description\":\"El Sentido del Gusto\",\"publisher\":{\"@id\":\"https:\/\/pablogarrigos.com\/#organization\"},\"potentialAction\":[{\"@type\":\"SearchAction\",\"target\":{\"@type\":\"EntryPoint\",\"urlTemplate\":\"https:\/\/pablogarrigos.com\/?s={search_term_string}\"},\"query-input\":{\"@type\":\"PropertyValueSpecification\",\"valueRequired\":true,\"valueName\":\"search_term_string\"}}],\"inLanguage\":\"fr-FR\"},{\"@type\":\"Organization\",\"@id\":\"https:\/\/pablogarrigos.com\/#organization\",\"name\":\"Pablo Garrig\u00f3s Iba\u00f1ez\",\"url\":\"https:\/\/pablogarrigos.com\/\",\"logo\":{\"@type\":\"ImageObject\",\"inLanguage\":\"fr-FR\",\"@id\":\"https:\/\/pablogarrigos.com\/#\/schema\/logo\/image\/\",\"url\":\"https:\/\/pablogarrigos.com\/wp-content\/uploads\/2024\/02\/logo-pablogarrigos.png\",\"contentUrl\":\"https:\/\/pablogarrigos.com\/wp-content\/uploads\/2024\/02\/logo-pablogarrigos.png\",\"width\":1247,\"height\":480,\"caption\":\"Pablo Garrig\u00f3s Iba\u00f1ez\"},\"image\":{\"@id\":\"https:\/\/pablogarrigos.com\/#\/schema\/logo\/image\/\"}}]}<\/script>\n<!-- \/ Yoast SEO plugin. -->","yoast_head_json":{"title":"Chocolat aux fruits 6 vari\u00e9t\u00e9s | Pablo Garrig\u00f3s Ib\u00e1\u00f1ez","description":"D\u00e9couvrez le chocolat aux fruits 6 vari\u00e9t\u00e9s. De d\u00e9licieux chocolats fourr\u00e9s aux fruits et recouverts du plus d\u00e9licieux chocolat fondant.","robots":{"index":"index","follow":"follow","max-snippet":"max-snippet:-1","max-image-preview":"max-image-preview:large","max-video-preview":"max-video-preview:-1"},"canonical":"https:\/\/pablogarrigos.com\/fr\/chocolates-y-fruites\/fruit-chocolates\/fruit-chocolate-6-variedades-250-g\/","og_locale":"fr_FR","og_type":"article","og_title":"Fruit Chocolate 6 Variedades | Pablo Garrig\u00f3s Ib\u00e1\u00f1ez","og_description":"Descubre las Fruit Chocolate 6 variedades. Deliciosos bombones rellenos de fruta y cubiertos con el m\u00e1s delicioso chocolate fondant.","og_url":"https:\/\/pablogarrigos.com\/fr\/chocolates-y-fruites\/fruit-chocolates\/fruit-chocolate-6-variedades-250-g\/","og_site_name":"Pablo Garrig\u00f3s Iba\u00f1ez","article_modified_time":"2025-11-13T11:24:46+00:00","og_image":[{"width":600,"height":600,"url":"https:\/\/pablogarrigos.com\/wp-content\/uploads\/2024\/02\/fruit-chocolate-6-variedades-250-g.jpg","type":"image\/jpeg"}],"twitter_card":"summary_large_image","twitter_misc":{"Dur\u00e9e de lecture estim\u00e9e":"3 minutes"},"schema":{"@context":"https:\/\/schema.org","@graph":[{"@type":"WebPage","@id":"https:\/\/pablogarrigos.com\/chocolates-y-fruites\/fruit-chocolates\/fruit-chocolate-6-variedades-250-g\/","url":"https:\/\/pablogarrigos.com\/chocolates-y-fruites\/fruit-chocolates\/fruit-chocolate-6-variedades-250-g\/","name":"Chocolat aux fruits 6 vari\u00e9t\u00e9s | Pablo Garrig\u00f3s Ib\u00e1\u00f1ez","isPartOf":{"@id":"https:\/\/pablogarrigos.com\/#website"},"primaryImageOfPage":{"@id":"https:\/\/pablogarrigos.com\/chocolates-y-fruites\/fruit-chocolates\/fruit-chocolate-6-variedades-250-g\/#primaryimage"},"image":{"@id":"https:\/\/pablogarrigos.com\/chocolates-y-fruites\/fruit-chocolates\/fruit-chocolate-6-variedades-250-g\/#primaryimage"},"thumbnailUrl":"https:\/\/pablogarrigos.com\/wp-content\/uploads\/2024\/02\/fruit-chocolate-6-variedades-250-g.jpg","datePublished":"2024-02-20T19:10:57+00:00","dateModified":"2025-11-13T11:24:46+00:00","description":"D\u00e9couvrez le chocolat aux fruits 6 vari\u00e9t\u00e9s. De d\u00e9licieux chocolats fourr\u00e9s aux fruits et recouverts du plus d\u00e9licieux chocolat fondant.","breadcrumb":{"@id":"https:\/\/pablogarrigos.com\/chocolates-y-fruites\/fruit-chocolates\/fruit-chocolate-6-variedades-250-g\/#breadcrumb"},"inLanguage":"fr-FR","potentialAction":[{"@type":"ReadAction","target":["https:\/\/pablogarrigos.com\/chocolates-y-fruites\/fruit-chocolates\/fruit-chocolate-6-variedades-250-g\/"]}]},{"@type":"ImageObject","inLanguage":"fr-FR","@id":"https:\/\/pablogarrigos.com\/chocolates-y-fruites\/fruit-chocolates\/fruit-chocolate-6-variedades-250-g\/#primaryimage","url":"https:\/\/pablogarrigos.com\/wp-content\/uploads\/2024\/02\/fruit-chocolate-6-variedades-250-g.jpg","contentUrl":"https:\/\/pablogarrigos.com\/wp-content\/uploads\/2024\/02\/fruit-chocolate-6-variedades-250-g.jpg","width":600,"height":600},{"@type":"BreadcrumbList","@id":"https:\/\/pablogarrigos.com\/chocolates-y-fruites\/fruit-chocolates\/fruit-chocolate-6-variedades-250-g\/#breadcrumb","itemListElement":[{"@type":"ListItem","position":1,"name":"Home","item":"https:\/\/pablogarrigos.com\/en\/"},{"@type":"ListItem","position":2,"name":"Tienda","item":"https:\/\/pablogarrigos.com\/en\/tienda\/"},{"@type":"ListItem","position":3,"name":"Fruit Chocolate 6 variedades 250g"}]},{"@type":"WebSite","@id":"https:\/\/pablogarrigos.com\/#website","url":"https:\/\/pablogarrigos.com\/","name":"Pablo Garrig\u00f3s Iba\u00f1ez","description":"Le sens du go\u00fbt","publisher":{"@id":"https:\/\/pablogarrigos.com\/#organization"},"potentialAction":[{"@type":"SearchAction","target":{"@type":"EntryPoint","urlTemplate":"https:\/\/pablogarrigos.com\/?s={search_term_string}"},"query-input":{"@type":"PropertyValueSpecification","valueRequired":true,"valueName":"search_term_string"}}],"inLanguage":"fr-FR"},{"@type":"Organization","@id":"https:\/\/pablogarrigos.com\/#organization","name":"Pablo Garrig\u00f3s Iba\u00f1ez","url":"https:\/\/pablogarrigos.com\/","logo":{"@type":"ImageObject","inLanguage":"fr-FR","@id":"https:\/\/pablogarrigos.com\/#\/schema\/logo\/image\/","url":"https:\/\/pablogarrigos.com\/wp-content\/uploads\/2024\/02\/logo-pablogarrigos.png","contentUrl":"https:\/\/pablogarrigos.com\/wp-content\/uploads\/2024\/02\/logo-pablogarrigos.png","width":1247,"height":480,"caption":"Pablo Garrig\u00f3s Iba\u00f1ez"},"image":{"@id":"https:\/\/pablogarrigos.com\/#\/schema\/logo\/image\/"}}]}},"_links":{"self":[{"href":"https:\/\/pablogarrigos.com\/fr\/wp-json\/wp\/v2\/product\/435","targetHints":{"allow":["GET"]}}],"collection":[{"href":"https:\/\/pablogarrigos.com\/fr\/wp-json\/wp\/v2\/product"}],"about":[{"href":"https:\/\/pablogarrigos.com\/fr\/wp-json\/wp\/v2\/types\/product"}],"wp:featuredmedia":[{"embeddable":true,"href":"https:\/\/pablogarrigos.com\/fr\/wp-json\/wp\/v2\/media\/436"}],"wp:attachment":[{"href":"https:\/\/pablogarrigos.com\/fr\/wp-json\/wp\/v2\/media?parent=435"}],"wp:term":[{"taxonomy":"product_brand","embeddable":true,"href":"https:\/\/pablogarrigos.com\/fr\/wp-json\/wp\/v2\/product_brand?post=435"},{"taxonomy":"product_cat","embeddable":true,"href":"https:\/\/pablogarrigos.com\/fr\/wp-json\/wp\/v2\/product_cat?post=435"},{"taxonomy":"product_tag","embeddable":true,"href":"https:\/\/pablogarrigos.com\/fr\/wp-json\/wp\/v2\/product_tag?post=435"}],"curies":[{"name":"wp","href":"https:\/\/api.w.org\/{rel}","templated":true}]}}