{"id":428,"date":"2024-02-20T20:02:57","date_gmt":"2024-02-20T19:02:57","guid":{"rendered":"https:\/\/pablogarrigos.com\/index.php\/product\/bombones-de-almendra-4-variedades-100-g\/"},"modified":"2025-11-13T12:25:46","modified_gmt":"2025-11-13T11:25:46","slug":"bombones-de-almendra-4-variedades-100-g","status":"publish","type":"product","link":"https:\/\/pablogarrigos.com\/fr\/chocolates-y-fruites\/bombones-de-almendra\/bombones-de-almendra-4-variedades-100-g\/","title":{"rendered":"Chocolats aux amandes 4 vari\u00e9t\u00e9s 100g"},"content":{"rendered":"<p>Noix de coco : Sucre, <strong>Amande<\/strong> Marcona 22%, beurre de cacao, <strong>lait<\/strong> 10%, p\u00e2te de coco (noix de coco, sucre, lait de coco d\u00e9shydrat\u00e9, huile de tournesol, graisse de coco, ar\u00f4me naturel de coco, maltodextrine, <strong>cas\u00e9inate<\/strong> sirop de sodium, noix de coco r\u00e2p\u00e9e, sirop de glucose, \u00e9mulsifiant (l\u00e9cithine de sodium, l\u00e9cithine de sodium) <strong>soja<\/strong>) et de l'ar\u00f4me de vanille. <strong>Peut contenir des traces de : autres fruits \u00e0 coque, arachides et \u0153uf.<\/strong><\/p>\n<p>Chocolat blanc : cacao 30% minimum. Orange : sucre, <strong>Amande<\/strong> Marcona 22%, beurre de cacao, <strong>lait<\/strong> poudre de cacao entier (10%), poudre de cacao, <strong>amandes<\/strong>ar\u00f4me de fleur d'oranger, ar\u00f4me de nectar, sirop de glucose, \u00e9mulsifiant (l\u00e9cithine de sirop de ma\u00efs), sirop, \u00e9mulsifiant (l\u00e9cithine de sirop de ma\u00efs), ar\u00f4me de nectar, sirop de glucose <strong>soja<\/strong>) et de l'ar\u00f4me de vanille. <strong>Peut contenir des traces de : autres fruits \u00e0 coque, arachides et \u0153uf.<\/strong><\/p>\n<p>Mangue et cannelle : Sucre, <strong>Amande<\/strong> Marcona 22%, beurre de cacao, <strong>lait<\/strong> poudre de cacao entier 12%, poudre de cacao, <strong>noisette<\/strong>, pasta de mango (mango, extracto de frutas, regulador de acidez (\u00e1cido c\u00edtrico), az\u00facar, espesante (pectina de manzana), colorantes (betacaroteno, curcumina), aromas, inulina, conservadores (sorbato pot\u00e1sico, difosfato dis\u00f3dico, fosfato tric\u00e1lcico)), aroma de mango, aroma de canela, emulgente (lecitina de <strong>Soja<\/strong>) et un ar\u00f4me naturel de vanille. <strong>Peut contenir des traces de : autres fruits \u00e0 coque, arachides et \u0153uf.<\/strong><\/p>\n<p>Tiramisu : Sucre, beurre de cacao, <strong>Amande<\/strong> Marcona 22%, <strong>Lait<\/strong> semidesnatada en polvo 10%, cacao en polvo, pasta de tiramis\u00fa (jarabe de glucosa, aroma, colorantes (caramelo, tartracina*, amarillo anaranjado s*, rojo cochinilla A*), regulador de acidez ( \u00e1cido c\u00edtrico), conservador (sorbato de potasio)), mascarpone en polvo (2%) (mascarpone en polvo, <strong>lait<\/strong> poudre \u00e9cr\u00e9m\u00e9e, prot\u00e9ines <strong>lactique<\/strong>, antioxidante (lactobianato de calcio)), jarabe de glucosa, caf\u00e9 en polvo (1%), emulgente (lecitina de <strong>soja<\/strong>) et ar\u00f4me naturel de vanille. peut avoir des effets n\u00e9gatifs sur l'activit\u00e9 et l'attention des enfants. Chocolat noir : cacao 70% min. <strong>Peut contenir des traces de : autres fruits \u00e0 coque, arachides et \u0153uf.<\/strong><\/p>\n<p><strong>Conservar en un lugar fresco y seco. 12\u00ba-17\u00baC.<\/strong><\/p>","protected":false},"excerpt":{"rendered":"<p>D\u00e9licieux et surprenants chocolats aux amandes de 4 vari\u00e9t\u00e9s diff\u00e9rentes de Pablo Garrig\u00f3s Ib\u00e1\u00f1ez en format de 100 grammes.<\/p>","protected":false},"featured_media":4875,"template":"","meta":{"_acf_changed":false,"inline_featured_image":false},"product_brand":[],"product_cat":[24,20],"product_tag":[],"class_list":{"0":"post-428","1":"product","2":"type-product","3":"status-publish","4":"has-post-thumbnail","6":"product_cat-bombones-de-almendra","7":"product_cat-chocolates-y-fruites","9":"first","10":"instock","11":"taxable","12":"shipping-taxable","13":"purchasable","14":"product-type-simple"},"acf":[],"yoast_head":"<!-- This site is optimized with the Yoast SEO plugin v26.5 - https:\/\/yoast.com\/wordpress\/plugins\/seo\/ -->\n<title>Bombones de Almendra 4 Variedades | Pablo Garrig\u00f3s Ib\u00e1\u00f1ez<\/title>\n<meta name=\"description\" content=\"Descubre las 4 variedades \u00fanicas de Bombones de Almendra de Pablo Garrig\u00f3s Ib\u00e1\u00f1ez, incluyendo Coco, Naranja, Mango &amp; Canela, y Tiramis\u00fa. Cada bocado combina ingredientes selectos con la tradici\u00f3n chocolatera, en un equilibrio perfecto de sabores y texturas.\" \/>\n<meta name=\"robots\" content=\"index, follow, max-snippet:-1, max-image-preview:large, max-video-preview:-1\" \/>\n<link rel=\"canonical\" href=\"https:\/\/pablogarrigos.com\/fr\/chocolates-y-fruites\/bombones-de-almendra\/bombones-de-almendra-4-variedades-100-g\/\" \/>\n<meta property=\"og:locale\" content=\"fr_FR\" \/>\n<meta property=\"og:type\" content=\"article\" \/>\n<meta property=\"og:title\" content=\"Bombones de Almendra 4 Variedades | Pablo Garrig\u00f3s Ib\u00e1\u00f1ez\" \/>\n<meta property=\"og:description\" content=\"Descubre las 4 variedades \u00fanicas de Bombones de Almendra de Pablo Garrig\u00f3s Ib\u00e1\u00f1ez, incluyendo Coco, Naranja, Mango &amp; Canela, y Tiramis\u00fa. Cada bocado combina ingredientes selectos con la tradici\u00f3n chocolatera, en un equilibrio perfecto de sabores y texturas.\" \/>\n<meta property=\"og:url\" content=\"https:\/\/pablogarrigos.com\/fr\/chocolates-y-fruites\/bombones-de-almendra\/bombones-de-almendra-4-variedades-100-g\/\" \/>\n<meta property=\"og:site_name\" content=\"Pablo Garrig\u00f3s Iba\u00f1ez\" \/>\n<meta property=\"article:modified_time\" content=\"2025-11-13T11:25:46+00:00\" \/>\n<meta property=\"og:image\" content=\"https:\/\/pablogarrigos.com\/wp-content\/uploads\/2025\/05\/Bombones-de-almendra-5-scaled.jpg\" \/>\n\t<meta property=\"og:image:width\" content=\"2560\" \/>\n\t<meta property=\"og:image:height\" content=\"1708\" \/>\n\t<meta property=\"og:image:type\" content=\"image\/jpeg\" \/>\n<meta name=\"twitter:card\" content=\"summary_large_image\" \/>\n<meta name=\"twitter:label1\" content=\"Dur\u00e9e de lecture estim\u00e9e\" \/>\n\t<meta name=\"twitter:data1\" content=\"2 minutes\" \/>\n<script type=\"application\/ld+json\" class=\"yoast-schema-graph\">{\"@context\":\"https:\/\/schema.org\",\"@graph\":[{\"@type\":\"WebPage\",\"@id\":\"https:\/\/pablogarrigos.com\/chocolates-y-fruites\/bombones-de-almendra\/bombones-de-almendra-4-variedades-100-g\/\",\"url\":\"https:\/\/pablogarrigos.com\/chocolates-y-fruites\/bombones-de-almendra\/bombones-de-almendra-4-variedades-100-g\/\",\"name\":\"Bombones de Almendra 4 Variedades | Pablo Garrig\u00f3s Ib\u00e1\u00f1ez\",\"isPartOf\":{\"@id\":\"https:\/\/pablogarrigos.com\/#website\"},\"primaryImageOfPage\":{\"@id\":\"https:\/\/pablogarrigos.com\/chocolates-y-fruites\/bombones-de-almendra\/bombones-de-almendra-4-variedades-100-g\/#primaryimage\"},\"image\":{\"@id\":\"https:\/\/pablogarrigos.com\/chocolates-y-fruites\/bombones-de-almendra\/bombones-de-almendra-4-variedades-100-g\/#primaryimage\"},\"thumbnailUrl\":\"https:\/\/pablogarrigos.com\/wp-content\/uploads\/2025\/05\/Bombones-de-almendra-5-scaled.jpg\",\"datePublished\":\"2024-02-20T19:02:57+00:00\",\"dateModified\":\"2025-11-13T11:25:46+00:00\",\"description\":\"Descubre las 4 variedades \u00fanicas de Bombones de Almendra de Pablo Garrig\u00f3s Ib\u00e1\u00f1ez, incluyendo Coco, Naranja, Mango & Canela, y Tiramis\u00fa. Cada bocado combina ingredientes selectos con la tradici\u00f3n chocolatera, en un equilibrio perfecto de sabores y texturas.\",\"breadcrumb\":{\"@id\":\"https:\/\/pablogarrigos.com\/chocolates-y-fruites\/bombones-de-almendra\/bombones-de-almendra-4-variedades-100-g\/#breadcrumb\"},\"inLanguage\":\"fr-FR\",\"potentialAction\":[{\"@type\":\"ReadAction\",\"target\":[\"https:\/\/pablogarrigos.com\/chocolates-y-fruites\/bombones-de-almendra\/bombones-de-almendra-4-variedades-100-g\/\"]}]},{\"@type\":\"ImageObject\",\"inLanguage\":\"fr-FR\",\"@id\":\"https:\/\/pablogarrigos.com\/chocolates-y-fruites\/bombones-de-almendra\/bombones-de-almendra-4-variedades-100-g\/#primaryimage\",\"url\":\"https:\/\/pablogarrigos.com\/wp-content\/uploads\/2025\/05\/Bombones-de-almendra-5-scaled.jpg\",\"contentUrl\":\"https:\/\/pablogarrigos.com\/wp-content\/uploads\/2025\/05\/Bombones-de-almendra-5-scaled.jpg\",\"width\":2560,\"height\":1708},{\"@type\":\"BreadcrumbList\",\"@id\":\"https:\/\/pablogarrigos.com\/chocolates-y-fruites\/bombones-de-almendra\/bombones-de-almendra-4-variedades-100-g\/#breadcrumb\",\"itemListElement\":[{\"@type\":\"ListItem\",\"position\":1,\"name\":\"Home\",\"item\":\"https:\/\/pablogarrigos.com\/en\/\"},{\"@type\":\"ListItem\",\"position\":2,\"name\":\"Tienda\",\"item\":\"https:\/\/pablogarrigos.com\/en\/tienda\/\"},{\"@type\":\"ListItem\",\"position\":3,\"name\":\"Bombones de Almendra 4 variedades 100g\"}]},{\"@type\":\"WebSite\",\"@id\":\"https:\/\/pablogarrigos.com\/#website\",\"url\":\"https:\/\/pablogarrigos.com\/\",\"name\":\"Pablo Garrig\u00f3s Iba\u00f1ez\",\"description\":\"El Sentido del Gusto\",\"publisher\":{\"@id\":\"https:\/\/pablogarrigos.com\/#organization\"},\"potentialAction\":[{\"@type\":\"SearchAction\",\"target\":{\"@type\":\"EntryPoint\",\"urlTemplate\":\"https:\/\/pablogarrigos.com\/?s={search_term_string}\"},\"query-input\":{\"@type\":\"PropertyValueSpecification\",\"valueRequired\":true,\"valueName\":\"search_term_string\"}}],\"inLanguage\":\"fr-FR\"},{\"@type\":\"Organization\",\"@id\":\"https:\/\/pablogarrigos.com\/#organization\",\"name\":\"Pablo Garrig\u00f3s Iba\u00f1ez\",\"url\":\"https:\/\/pablogarrigos.com\/\",\"logo\":{\"@type\":\"ImageObject\",\"inLanguage\":\"fr-FR\",\"@id\":\"https:\/\/pablogarrigos.com\/#\/schema\/logo\/image\/\",\"url\":\"https:\/\/pablogarrigos.com\/wp-content\/uploads\/2024\/02\/logo-pablogarrigos.png\",\"contentUrl\":\"https:\/\/pablogarrigos.com\/wp-content\/uploads\/2024\/02\/logo-pablogarrigos.png\",\"width\":1247,\"height\":480,\"caption\":\"Pablo Garrig\u00f3s Iba\u00f1ez\"},\"image\":{\"@id\":\"https:\/\/pablogarrigos.com\/#\/schema\/logo\/image\/\"}}]}<\/script>\n<!-- \/ Yoast SEO plugin. -->","yoast_head_json":{"title":"Bonbons aux amandes 4 vari\u00e9t\u00e9s | Pablo Garrig\u00f3s Ib\u00e1\u00f1ez","description":"D\u00e9couvrez les quatre vari\u00e9t\u00e9s uniques de bonbons aux amandes Pablo Garrig\u00f3s Ib\u00e1\u00f1ez : noix de coco, orange, mangue et cannelle, et tiramisu. Chaque bouch\u00e9e associe des ingr\u00e9dients s\u00e9lectionn\u00e9s \u00e0 la tradition du chocolat, dans un \u00e9quilibre parfait de saveurs et de textures.","robots":{"index":"index","follow":"follow","max-snippet":"max-snippet:-1","max-image-preview":"max-image-preview:large","max-video-preview":"max-video-preview:-1"},"canonical":"https:\/\/pablogarrigos.com\/fr\/chocolates-y-fruites\/bombones-de-almendra\/bombones-de-almendra-4-variedades-100-g\/","og_locale":"fr_FR","og_type":"article","og_title":"Bombones de Almendra 4 Variedades | Pablo Garrig\u00f3s Ib\u00e1\u00f1ez","og_description":"Descubre las 4 variedades \u00fanicas de Bombones de Almendra de Pablo Garrig\u00f3s Ib\u00e1\u00f1ez, incluyendo Coco, Naranja, Mango & Canela, y Tiramis\u00fa. Cada bocado combina ingredientes selectos con la tradici\u00f3n chocolatera, en un equilibrio perfecto de sabores y texturas.","og_url":"https:\/\/pablogarrigos.com\/fr\/chocolates-y-fruites\/bombones-de-almendra\/bombones-de-almendra-4-variedades-100-g\/","og_site_name":"Pablo Garrig\u00f3s Iba\u00f1ez","article_modified_time":"2025-11-13T11:25:46+00:00","og_image":[{"width":2560,"height":1708,"url":"https:\/\/pablogarrigos.com\/wp-content\/uploads\/2025\/05\/Bombones-de-almendra-5-scaled.jpg","type":"image\/jpeg"}],"twitter_card":"summary_large_image","twitter_misc":{"Dur\u00e9e de lecture estim\u00e9e":"2 minutes"},"schema":{"@context":"https:\/\/schema.org","@graph":[{"@type":"WebPage","@id":"https:\/\/pablogarrigos.com\/chocolates-y-fruites\/bombones-de-almendra\/bombones-de-almendra-4-variedades-100-g\/","url":"https:\/\/pablogarrigos.com\/chocolates-y-fruites\/bombones-de-almendra\/bombones-de-almendra-4-variedades-100-g\/","name":"Bonbons aux amandes 4 vari\u00e9t\u00e9s | Pablo Garrig\u00f3s Ib\u00e1\u00f1ez","isPartOf":{"@id":"https:\/\/pablogarrigos.com\/#website"},"primaryImageOfPage":{"@id":"https:\/\/pablogarrigos.com\/chocolates-y-fruites\/bombones-de-almendra\/bombones-de-almendra-4-variedades-100-g\/#primaryimage"},"image":{"@id":"https:\/\/pablogarrigos.com\/chocolates-y-fruites\/bombones-de-almendra\/bombones-de-almendra-4-variedades-100-g\/#primaryimage"},"thumbnailUrl":"https:\/\/pablogarrigos.com\/wp-content\/uploads\/2025\/05\/Bombones-de-almendra-5-scaled.jpg","datePublished":"2024-02-20T19:02:57+00:00","dateModified":"2025-11-13T11:25:46+00:00","description":"D\u00e9couvrez les quatre vari\u00e9t\u00e9s uniques de bonbons aux amandes Pablo Garrig\u00f3s Ib\u00e1\u00f1ez : noix de coco, orange, mangue et cannelle, et tiramisu. Chaque bouch\u00e9e associe des ingr\u00e9dients s\u00e9lectionn\u00e9s \u00e0 la tradition du chocolat, dans un \u00e9quilibre parfait de saveurs et de textures.","breadcrumb":{"@id":"https:\/\/pablogarrigos.com\/chocolates-y-fruites\/bombones-de-almendra\/bombones-de-almendra-4-variedades-100-g\/#breadcrumb"},"inLanguage":"fr-FR","potentialAction":[{"@type":"ReadAction","target":["https:\/\/pablogarrigos.com\/chocolates-y-fruites\/bombones-de-almendra\/bombones-de-almendra-4-variedades-100-g\/"]}]},{"@type":"ImageObject","inLanguage":"fr-FR","@id":"https:\/\/pablogarrigos.com\/chocolates-y-fruites\/bombones-de-almendra\/bombones-de-almendra-4-variedades-100-g\/#primaryimage","url":"https:\/\/pablogarrigos.com\/wp-content\/uploads\/2025\/05\/Bombones-de-almendra-5-scaled.jpg","contentUrl":"https:\/\/pablogarrigos.com\/wp-content\/uploads\/2025\/05\/Bombones-de-almendra-5-scaled.jpg","width":2560,"height":1708},{"@type":"BreadcrumbList","@id":"https:\/\/pablogarrigos.com\/chocolates-y-fruites\/bombones-de-almendra\/bombones-de-almendra-4-variedades-100-g\/#breadcrumb","itemListElement":[{"@type":"ListItem","position":1,"name":"Home","item":"https:\/\/pablogarrigos.com\/en\/"},{"@type":"ListItem","position":2,"name":"Tienda","item":"https:\/\/pablogarrigos.com\/en\/tienda\/"},{"@type":"ListItem","position":3,"name":"Bombones de Almendra 4 variedades 100g"}]},{"@type":"WebSite","@id":"https:\/\/pablogarrigos.com\/#website","url":"https:\/\/pablogarrigos.com\/","name":"Pablo Garrig\u00f3s Iba\u00f1ez","description":"Le sens du go\u00fbt","publisher":{"@id":"https:\/\/pablogarrigos.com\/#organization"},"potentialAction":[{"@type":"SearchAction","target":{"@type":"EntryPoint","urlTemplate":"https:\/\/pablogarrigos.com\/?s={search_term_string}"},"query-input":{"@type":"PropertyValueSpecification","valueRequired":true,"valueName":"search_term_string"}}],"inLanguage":"fr-FR"},{"@type":"Organization","@id":"https:\/\/pablogarrigos.com\/#organization","name":"Pablo Garrig\u00f3s Iba\u00f1ez","url":"https:\/\/pablogarrigos.com\/","logo":{"@type":"ImageObject","inLanguage":"fr-FR","@id":"https:\/\/pablogarrigos.com\/#\/schema\/logo\/image\/","url":"https:\/\/pablogarrigos.com\/wp-content\/uploads\/2024\/02\/logo-pablogarrigos.png","contentUrl":"https:\/\/pablogarrigos.com\/wp-content\/uploads\/2024\/02\/logo-pablogarrigos.png","width":1247,"height":480,"caption":"Pablo Garrig\u00f3s Iba\u00f1ez"},"image":{"@id":"https:\/\/pablogarrigos.com\/#\/schema\/logo\/image\/"}}]}},"_links":{"self":[{"href":"https:\/\/pablogarrigos.com\/fr\/wp-json\/wp\/v2\/product\/428","targetHints":{"allow":["GET"]}}],"collection":[{"href":"https:\/\/pablogarrigos.com\/fr\/wp-json\/wp\/v2\/product"}],"about":[{"href":"https:\/\/pablogarrigos.com\/fr\/wp-json\/wp\/v2\/types\/product"}],"wp:featuredmedia":[{"embeddable":true,"href":"https:\/\/pablogarrigos.com\/fr\/wp-json\/wp\/v2\/media\/4875"}],"wp:attachment":[{"href":"https:\/\/pablogarrigos.com\/fr\/wp-json\/wp\/v2\/media?parent=428"}],"wp:term":[{"taxonomy":"product_brand","embeddable":true,"href":"https:\/\/pablogarrigos.com\/fr\/wp-json\/wp\/v2\/product_brand?post=428"},{"taxonomy":"product_cat","embeddable":true,"href":"https:\/\/pablogarrigos.com\/fr\/wp-json\/wp\/v2\/product_cat?post=428"},{"taxonomy":"product_tag","embeddable":true,"href":"https:\/\/pablogarrigos.com\/fr\/wp-json\/wp\/v2\/product_tag?post=428"}],"curies":[{"name":"wp","href":"https:\/\/api.w.org\/{rel}","templated":true}]}}