{"id":409,"date":"2024-02-20T18:02:57","date_gmt":"2024-02-20T17:02:57","guid":{"rendered":"https:\/\/pablogarrigos.com\/index.php\/product\/pasteles-de-yema-premium-200-g\/"},"modified":"2025-11-13T11:35:16","modified_gmt":"2025-11-13T10:35:16","slug":"pasteles-de-yema-premium-200-g","status":"publish","type":"product","link":"https:\/\/pablogarrigos.com\/fr\/pasteleria\/pasteleria-premium\/pasteles-de-yema-premium-200-g\/","title":{"rendered":"G\u00e2teaux aux jaunes d'\u0153uf Premium 200g"},"content":{"rendered":"<p>Sucre, <strong>amande<\/strong> Marcona 34%, jaune d'\u0153uf marcona <strong>\u0152uf <\/strong>(22%), agua, jarabe de glucosa, alb\u00famina de <strong>\u0153uf<\/strong>conservateur (acide sorbique), amidon de ma\u00efs.<strong> Peut contenir des traces de : lait.<\/strong><\/p>\n<p><strong>Conservar en un lugar fresco y seco. 18\u00ba-22\u00baC.<\/strong><\/p>","protected":false},"excerpt":{"rendered":"<p>Un bonbon artisanal qui se nourrit de nos amandes Marcona s\u00e9lectionn\u00e9es et de jaune d'\u0153uf pour former un d\u00e9fil\u00e9 de saveurs inoubliable.<\/p>","protected":false},"featured_media":410,"template":"","meta":{"_acf_changed":false,"inline_featured_image":false},"product_brand":[],"product_cat":[16,17],"product_tag":[],"class_list":{"0":"post-409","1":"product","2":"type-product","3":"status-publish","4":"has-post-thumbnail","6":"product_cat-pasteleria","7":"product_cat-pasteleria-premium","9":"first","10":"instock","11":"taxable","12":"shipping-taxable","13":"purchasable","14":"product-type-simple"},"acf":[],"yoast_head":"<!-- This site is optimized with the Yoast SEO plugin v26.5 - https:\/\/yoast.com\/wordpress\/plugins\/seo\/ -->\n<title>Pasteles de Yema Premium | Pablo Garrig\u00f3s Ib\u00e1\u00f1ez<\/title>\n<meta name=\"description\" content=\"Descubre los Pasteles de Yema Premium de Pablo Garrig\u00f3s Ib\u00e1\u00f1ez, un exquisito dulce artesano hecho con almendra Marcona selecta y yema de huevo, que ofrece un desfile de sabores inolvidable.\" \/>\n<meta name=\"robots\" content=\"index, follow, max-snippet:-1, max-image-preview:large, max-video-preview:-1\" \/>\n<link rel=\"canonical\" href=\"https:\/\/pablogarrigos.com\/fr\/pasteleria\/pasteleria-premium\/pasteles-de-yema-premium-200-g\/\" \/>\n<meta property=\"og:locale\" content=\"fr_FR\" \/>\n<meta property=\"og:type\" content=\"article\" \/>\n<meta property=\"og:title\" content=\"Pasteles de Yema Premium | Pablo Garrig\u00f3s Ib\u00e1\u00f1ez\" \/>\n<meta property=\"og:description\" content=\"Descubre los Pasteles de Yema Premium de Pablo Garrig\u00f3s Ib\u00e1\u00f1ez, un exquisito dulce artesano hecho con almendra Marcona selecta y yema de huevo, que ofrece un desfile de sabores inolvidable.\" \/>\n<meta property=\"og:url\" content=\"https:\/\/pablogarrigos.com\/fr\/pasteleria\/pasteleria-premium\/pasteles-de-yema-premium-200-g\/\" \/>\n<meta property=\"og:site_name\" content=\"Pablo Garrig\u00f3s Iba\u00f1ez\" \/>\n<meta property=\"article:modified_time\" content=\"2025-11-13T10:35:16+00:00\" \/>\n<meta property=\"og:image\" content=\"https:\/\/pablogarrigos.com\/wp-content\/uploads\/2024\/02\/pasteles-de-yema-premium.jpg\" \/>\n\t<meta property=\"og:image:width\" content=\"600\" \/>\n\t<meta property=\"og:image:height\" content=\"600\" \/>\n\t<meta property=\"og:image:type\" content=\"image\/jpeg\" \/>\n<meta name=\"twitter:card\" content=\"summary_large_image\" \/>\n<meta name=\"twitter:label1\" content=\"Dur\u00e9e de lecture estim\u00e9e\" \/>\n\t<meta name=\"twitter:data1\" content=\"1 minute\" \/>\n<script type=\"application\/ld+json\" class=\"yoast-schema-graph\">{\"@context\":\"https:\/\/schema.org\",\"@graph\":[{\"@type\":\"WebPage\",\"@id\":\"https:\/\/pablogarrigos.com\/pasteleria\/pasteleria-premium\/pasteles-de-yema-premium-200-g\/\",\"url\":\"https:\/\/pablogarrigos.com\/pasteleria\/pasteleria-premium\/pasteles-de-yema-premium-200-g\/\",\"name\":\"Pasteles de Yema Premium | Pablo Garrig\u00f3s Ib\u00e1\u00f1ez\",\"isPartOf\":{\"@id\":\"https:\/\/pablogarrigos.com\/#website\"},\"primaryImageOfPage\":{\"@id\":\"https:\/\/pablogarrigos.com\/pasteleria\/pasteleria-premium\/pasteles-de-yema-premium-200-g\/#primaryimage\"},\"image\":{\"@id\":\"https:\/\/pablogarrigos.com\/pasteleria\/pasteleria-premium\/pasteles-de-yema-premium-200-g\/#primaryimage\"},\"thumbnailUrl\":\"https:\/\/pablogarrigos.com\/wp-content\/uploads\/2024\/02\/pasteles-de-yema-premium.jpg\",\"datePublished\":\"2024-02-20T17:02:57+00:00\",\"dateModified\":\"2025-11-13T10:35:16+00:00\",\"description\":\"Descubre los Pasteles de Yema Premium de Pablo Garrig\u00f3s Ib\u00e1\u00f1ez, un exquisito dulce artesano hecho con almendra Marcona selecta y yema de huevo, que ofrece un desfile de sabores inolvidable.\",\"breadcrumb\":{\"@id\":\"https:\/\/pablogarrigos.com\/pasteleria\/pasteleria-premium\/pasteles-de-yema-premium-200-g\/#breadcrumb\"},\"inLanguage\":\"fr-FR\",\"potentialAction\":[{\"@type\":\"ReadAction\",\"target\":[\"https:\/\/pablogarrigos.com\/pasteleria\/pasteleria-premium\/pasteles-de-yema-premium-200-g\/\"]}]},{\"@type\":\"ImageObject\",\"inLanguage\":\"fr-FR\",\"@id\":\"https:\/\/pablogarrigos.com\/pasteleria\/pasteleria-premium\/pasteles-de-yema-premium-200-g\/#primaryimage\",\"url\":\"https:\/\/pablogarrigos.com\/wp-content\/uploads\/2024\/02\/pasteles-de-yema-premium.jpg\",\"contentUrl\":\"https:\/\/pablogarrigos.com\/wp-content\/uploads\/2024\/02\/pasteles-de-yema-premium.jpg\",\"width\":600,\"height\":600},{\"@type\":\"BreadcrumbList\",\"@id\":\"https:\/\/pablogarrigos.com\/pasteleria\/pasteleria-premium\/pasteles-de-yema-premium-200-g\/#breadcrumb\",\"itemListElement\":[{\"@type\":\"ListItem\",\"position\":1,\"name\":\"Home\",\"item\":\"https:\/\/pablogarrigos.com\/en\/\"},{\"@type\":\"ListItem\",\"position\":2,\"name\":\"Tienda\",\"item\":\"https:\/\/pablogarrigos.com\/en\/tienda\/\"},{\"@type\":\"ListItem\",\"position\":3,\"name\":\"Pasteles de Yema Premium 200g\"}]},{\"@type\":\"WebSite\",\"@id\":\"https:\/\/pablogarrigos.com\/#website\",\"url\":\"https:\/\/pablogarrigos.com\/\",\"name\":\"Pablo Garrig\u00f3s Iba\u00f1ez\",\"description\":\"El Sentido del Gusto\",\"publisher\":{\"@id\":\"https:\/\/pablogarrigos.com\/#organization\"},\"potentialAction\":[{\"@type\":\"SearchAction\",\"target\":{\"@type\":\"EntryPoint\",\"urlTemplate\":\"https:\/\/pablogarrigos.com\/?s={search_term_string}\"},\"query-input\":{\"@type\":\"PropertyValueSpecification\",\"valueRequired\":true,\"valueName\":\"search_term_string\"}}],\"inLanguage\":\"fr-FR\"},{\"@type\":\"Organization\",\"@id\":\"https:\/\/pablogarrigos.com\/#organization\",\"name\":\"Pablo Garrig\u00f3s Iba\u00f1ez\",\"url\":\"https:\/\/pablogarrigos.com\/\",\"logo\":{\"@type\":\"ImageObject\",\"inLanguage\":\"fr-FR\",\"@id\":\"https:\/\/pablogarrigos.com\/#\/schema\/logo\/image\/\",\"url\":\"https:\/\/pablogarrigos.com\/wp-content\/uploads\/2024\/02\/logo-pablogarrigos.png\",\"contentUrl\":\"https:\/\/pablogarrigos.com\/wp-content\/uploads\/2024\/02\/logo-pablogarrigos.png\",\"width\":1247,\"height\":480,\"caption\":\"Pablo Garrig\u00f3s Iba\u00f1ez\"},\"image\":{\"@id\":\"https:\/\/pablogarrigos.com\/#\/schema\/logo\/image\/\"}}]}<\/script>\n<!-- \/ Yoast SEO plugin. -->","yoast_head_json":{"title":"G\u00e2teaux aux jaunes d'\u0153uf de premi\u00e8re qualit\u00e9 | Pablo Garrig\u00f3s Ib\u00e1\u00f1ez","description":"D\u00e9couvrez les Premium Yolk Cakes de Pablo Garrig\u00f3s Ib\u00e1\u00f1ez, une exquise friandise artisanale \u00e0 base d'amandes Marcona s\u00e9lectionn\u00e9es et de jaune d'\u0153uf, qui offre un inoubliable d\u00e9fil\u00e9 de saveurs.","robots":{"index":"index","follow":"follow","max-snippet":"max-snippet:-1","max-image-preview":"max-image-preview:large","max-video-preview":"max-video-preview:-1"},"canonical":"https:\/\/pablogarrigos.com\/fr\/pasteleria\/pasteleria-premium\/pasteles-de-yema-premium-200-g\/","og_locale":"fr_FR","og_type":"article","og_title":"Pasteles de Yema Premium | Pablo Garrig\u00f3s Ib\u00e1\u00f1ez","og_description":"Descubre los Pasteles de Yema Premium de Pablo Garrig\u00f3s Ib\u00e1\u00f1ez, un exquisito dulce artesano hecho con almendra Marcona selecta y yema de huevo, que ofrece un desfile de sabores inolvidable.","og_url":"https:\/\/pablogarrigos.com\/fr\/pasteleria\/pasteleria-premium\/pasteles-de-yema-premium-200-g\/","og_site_name":"Pablo Garrig\u00f3s Iba\u00f1ez","article_modified_time":"2025-11-13T10:35:16+00:00","og_image":[{"width":600,"height":600,"url":"https:\/\/pablogarrigos.com\/wp-content\/uploads\/2024\/02\/pasteles-de-yema-premium.jpg","type":"image\/jpeg"}],"twitter_card":"summary_large_image","twitter_misc":{"Dur\u00e9e de lecture estim\u00e9e":"1 minute"},"schema":{"@context":"https:\/\/schema.org","@graph":[{"@type":"WebPage","@id":"https:\/\/pablogarrigos.com\/pasteleria\/pasteleria-premium\/pasteles-de-yema-premium-200-g\/","url":"https:\/\/pablogarrigos.com\/pasteleria\/pasteleria-premium\/pasteles-de-yema-premium-200-g\/","name":"G\u00e2teaux aux jaunes d'\u0153uf de premi\u00e8re qualit\u00e9 | Pablo Garrig\u00f3s Ib\u00e1\u00f1ez","isPartOf":{"@id":"https:\/\/pablogarrigos.com\/#website"},"primaryImageOfPage":{"@id":"https:\/\/pablogarrigos.com\/pasteleria\/pasteleria-premium\/pasteles-de-yema-premium-200-g\/#primaryimage"},"image":{"@id":"https:\/\/pablogarrigos.com\/pasteleria\/pasteleria-premium\/pasteles-de-yema-premium-200-g\/#primaryimage"},"thumbnailUrl":"https:\/\/pablogarrigos.com\/wp-content\/uploads\/2024\/02\/pasteles-de-yema-premium.jpg","datePublished":"2024-02-20T17:02:57+00:00","dateModified":"2025-11-13T10:35:16+00:00","description":"D\u00e9couvrez les Premium Yolk Cakes de Pablo Garrig\u00f3s Ib\u00e1\u00f1ez, une exquise friandise artisanale \u00e0 base d'amandes Marcona s\u00e9lectionn\u00e9es et de jaune d'\u0153uf, qui offre un inoubliable d\u00e9fil\u00e9 de saveurs.","breadcrumb":{"@id":"https:\/\/pablogarrigos.com\/pasteleria\/pasteleria-premium\/pasteles-de-yema-premium-200-g\/#breadcrumb"},"inLanguage":"fr-FR","potentialAction":[{"@type":"ReadAction","target":["https:\/\/pablogarrigos.com\/pasteleria\/pasteleria-premium\/pasteles-de-yema-premium-200-g\/"]}]},{"@type":"ImageObject","inLanguage":"fr-FR","@id":"https:\/\/pablogarrigos.com\/pasteleria\/pasteleria-premium\/pasteles-de-yema-premium-200-g\/#primaryimage","url":"https:\/\/pablogarrigos.com\/wp-content\/uploads\/2024\/02\/pasteles-de-yema-premium.jpg","contentUrl":"https:\/\/pablogarrigos.com\/wp-content\/uploads\/2024\/02\/pasteles-de-yema-premium.jpg","width":600,"height":600},{"@type":"BreadcrumbList","@id":"https:\/\/pablogarrigos.com\/pasteleria\/pasteleria-premium\/pasteles-de-yema-premium-200-g\/#breadcrumb","itemListElement":[{"@type":"ListItem","position":1,"name":"Home","item":"https:\/\/pablogarrigos.com\/en\/"},{"@type":"ListItem","position":2,"name":"Tienda","item":"https:\/\/pablogarrigos.com\/en\/tienda\/"},{"@type":"ListItem","position":3,"name":"Pasteles de Yema Premium 200g"}]},{"@type":"WebSite","@id":"https:\/\/pablogarrigos.com\/#website","url":"https:\/\/pablogarrigos.com\/","name":"Pablo Garrig\u00f3s Iba\u00f1ez","description":"Le sens du go\u00fbt","publisher":{"@id":"https:\/\/pablogarrigos.com\/#organization"},"potentialAction":[{"@type":"SearchAction","target":{"@type":"EntryPoint","urlTemplate":"https:\/\/pablogarrigos.com\/?s={search_term_string}"},"query-input":{"@type":"PropertyValueSpecification","valueRequired":true,"valueName":"search_term_string"}}],"inLanguage":"fr-FR"},{"@type":"Organization","@id":"https:\/\/pablogarrigos.com\/#organization","name":"Pablo Garrig\u00f3s Iba\u00f1ez","url":"https:\/\/pablogarrigos.com\/","logo":{"@type":"ImageObject","inLanguage":"fr-FR","@id":"https:\/\/pablogarrigos.com\/#\/schema\/logo\/image\/","url":"https:\/\/pablogarrigos.com\/wp-content\/uploads\/2024\/02\/logo-pablogarrigos.png","contentUrl":"https:\/\/pablogarrigos.com\/wp-content\/uploads\/2024\/02\/logo-pablogarrigos.png","width":1247,"height":480,"caption":"Pablo Garrig\u00f3s Iba\u00f1ez"},"image":{"@id":"https:\/\/pablogarrigos.com\/#\/schema\/logo\/image\/"}}]}},"_links":{"self":[{"href":"https:\/\/pablogarrigos.com\/fr\/wp-json\/wp\/v2\/product\/409","targetHints":{"allow":["GET"]}}],"collection":[{"href":"https:\/\/pablogarrigos.com\/fr\/wp-json\/wp\/v2\/product"}],"about":[{"href":"https:\/\/pablogarrigos.com\/fr\/wp-json\/wp\/v2\/types\/product"}],"wp:featuredmedia":[{"embeddable":true,"href":"https:\/\/pablogarrigos.com\/fr\/wp-json\/wp\/v2\/media\/410"}],"wp:attachment":[{"href":"https:\/\/pablogarrigos.com\/fr\/wp-json\/wp\/v2\/media?parent=409"}],"wp:term":[{"taxonomy":"product_brand","embeddable":true,"href":"https:\/\/pablogarrigos.com\/fr\/wp-json\/wp\/v2\/product_brand?post=409"},{"taxonomy":"product_cat","embeddable":true,"href":"https:\/\/pablogarrigos.com\/fr\/wp-json\/wp\/v2\/product_cat?post=409"},{"taxonomy":"product_tag","embeddable":true,"href":"https:\/\/pablogarrigos.com\/fr\/wp-json\/wp\/v2\/product_tag?post=409"}],"curies":[{"name":"wp","href":"https:\/\/api.w.org\/{rel}","templated":true}]}}