{"id":4062,"date":"2024-09-04T12:43:26","date_gmt":"2024-09-04T10:43:26","guid":{"rendered":"https:\/\/pablogarrigos.com\/?post_type=product&#038;p=4062"},"modified":"2025-12-16T12:32:35","modified_gmt":"2025-12-16T11:32:35","slug":"panettone-de-chocolate","status":"publish","type":"product","link":"https:\/\/pablogarrigos.com\/fr\/pasteleria\/pasteleria-delicatessen\/panettone-de-chocolate\/","title":{"rendered":"Panettone au chocolat"},"content":{"rendered":"<p>Farine <strong>bl\u00e9<\/strong>, chocolate (18%) (az\u00facar, pasta de cacao, manteca de cacao y <strong>lecitina<\/strong>), <strong>beurre<\/strong>, agua, az\u00facar, yema de <strong>\u0153uf<\/strong>, masa madre (<strong>harina<\/strong> y agua), aceite de oliva virgen extra, cacao en polvo, miel y sal. Ingredientes del glaseado: az\u00facar, clara de <strong>\u0153uf<\/strong>amidon, amidon de <strong>bl\u00e9<\/strong>, <strong>amande<\/strong> et le cacao.<\/p>\n<p><strong>Conservar en un lugar fresco y seco. 18\u00ba-25\u00baC.<\/strong><\/p>","protected":false},"excerpt":{"rendered":"<p>Le nouveau Panettone au chocolat de Pablo Garrig\u00f3s est une extraordinaire surprise de No\u00ebl qui vous fera voyager de la vieille Italie au c\u0153ur de Jijona.<\/p>\n<p>Fabriqu\u00e9 avec du levain issu de l'agriculture biologique, 100\u00d7100 ingr\u00e9dients naturels et un processus purement artisanal, ce panettone au chocolat deviendra la pi\u00e8ce ma\u00eetresse de votre table de No\u00ebl.<\/p>","protected":false},"featured_media":4063,"template":"","meta":{"_acf_changed":false,"inline_featured_image":false},"product_brand":[],"product_cat":[21,16,23,17,19,18],"product_tag":[],"class_list":{"0":"post-4062","1":"product","2":"type-product","3":"status-publish","4":"has-post-thumbnail","6":"product_cat-delicatessen","7":"product_cat-pasteleria","8":"product_cat-pasteleria-delicatessen","9":"product_cat-pasteleria-premium","10":"product_cat-premium","11":"product_cat-turrones","13":"first","14":"outofstock","15":"taxable","16":"shipping-taxable","17":"purchasable","18":"product-type-simple"},"acf":[],"yoast_head":"<!-- This site is optimized with the Yoast SEO plugin v26.5 - https:\/\/yoast.com\/wordpress\/plugins\/seo\/ -->\n<title>Panettone de chocolate | Pablo Garrig\u00f3s Iba\u00f1ez<\/title>\n<meta name=\"description\" content=\"El Panettone de chocolate Pablo Garrig\u00f3s Ib\u00e1\u00f1ez es una extraordinaria sorpresa gastron\u00f3mica que te llevar\u00e1 de viaje desde Jijona al coraz\u00f3n de la vieja Italia\" \/>\n<meta name=\"robots\" content=\"index, follow, max-snippet:-1, max-image-preview:large, max-video-preview:-1\" \/>\n<link rel=\"canonical\" href=\"https:\/\/pablogarrigos.com\/fr\/pasteleria\/pasteleria-delicatessen\/panettone-de-chocolate\/\" \/>\n<meta property=\"og:locale\" content=\"fr_FR\" \/>\n<meta property=\"og:type\" content=\"article\" \/>\n<meta property=\"og:title\" content=\"Panettone de chocolate | Pablo Garrig\u00f3s Iba\u00f1ez\" \/>\n<meta property=\"og:description\" content=\"El Panettone de chocolate Pablo Garrig\u00f3s Ib\u00e1\u00f1ez es una extraordinaria sorpresa gastron\u00f3mica que te llevar\u00e1 de viaje desde Jijona al coraz\u00f3n de la vieja Italia\" \/>\n<meta property=\"og:url\" content=\"https:\/\/pablogarrigos.com\/fr\/pasteleria\/pasteleria-delicatessen\/panettone-de-chocolate\/\" \/>\n<meta property=\"og:site_name\" content=\"Pablo Garrig\u00f3s Iba\u00f1ez\" \/>\n<meta property=\"article:modified_time\" content=\"2025-12-16T11:32:35+00:00\" \/>\n<meta property=\"og:image\" content=\"https:\/\/pablogarrigos.com\/wp-content\/uploads\/2024\/09\/pan-2-alta-1-scaled.jpg\" \/>\n\t<meta property=\"og:image:width\" content=\"2560\" \/>\n\t<meta property=\"og:image:height\" content=\"2560\" \/>\n\t<meta property=\"og:image:type\" content=\"image\/jpeg\" \/>\n<meta name=\"twitter:card\" content=\"summary_large_image\" \/>\n<meta name=\"twitter:label1\" content=\"Dur\u00e9e de lecture estim\u00e9e\" \/>\n\t<meta name=\"twitter:data1\" content=\"1 minute\" \/>\n<script type=\"application\/ld+json\" class=\"yoast-schema-graph\">{\"@context\":\"https:\/\/schema.org\",\"@graph\":[{\"@type\":\"WebPage\",\"@id\":\"https:\/\/pablogarrigos.com\/pasteleria\/pasteleria-delicatessen\/panettone-de-chocolate\/\",\"url\":\"https:\/\/pablogarrigos.com\/pasteleria\/pasteleria-delicatessen\/panettone-de-chocolate\/\",\"name\":\"Panettone de chocolate | Pablo Garrig\u00f3s Iba\u00f1ez\",\"isPartOf\":{\"@id\":\"https:\/\/pablogarrigos.com\/#website\"},\"primaryImageOfPage\":{\"@id\":\"https:\/\/pablogarrigos.com\/pasteleria\/pasteleria-delicatessen\/panettone-de-chocolate\/#primaryimage\"},\"image\":{\"@id\":\"https:\/\/pablogarrigos.com\/pasteleria\/pasteleria-delicatessen\/panettone-de-chocolate\/#primaryimage\"},\"thumbnailUrl\":\"https:\/\/pablogarrigos.com\/wp-content\/uploads\/2024\/09\/pan-2-alta-1-scaled.jpg\",\"datePublished\":\"2024-09-04T10:43:26+00:00\",\"dateModified\":\"2025-12-16T11:32:35+00:00\",\"description\":\"El Panettone de chocolate Pablo Garrig\u00f3s Ib\u00e1\u00f1ez es una extraordinaria sorpresa gastron\u00f3mica que te llevar\u00e1 de viaje desde Jijona al coraz\u00f3n de la vieja Italia\",\"breadcrumb\":{\"@id\":\"https:\/\/pablogarrigos.com\/pasteleria\/pasteleria-delicatessen\/panettone-de-chocolate\/#breadcrumb\"},\"inLanguage\":\"fr-FR\",\"potentialAction\":[{\"@type\":\"ReadAction\",\"target\":[\"https:\/\/pablogarrigos.com\/pasteleria\/pasteleria-delicatessen\/panettone-de-chocolate\/\"]}]},{\"@type\":\"ImageObject\",\"inLanguage\":\"fr-FR\",\"@id\":\"https:\/\/pablogarrigos.com\/pasteleria\/pasteleria-delicatessen\/panettone-de-chocolate\/#primaryimage\",\"url\":\"https:\/\/pablogarrigos.com\/wp-content\/uploads\/2024\/09\/pan-2-alta-1-scaled.jpg\",\"contentUrl\":\"https:\/\/pablogarrigos.com\/wp-content\/uploads\/2024\/09\/pan-2-alta-1-scaled.jpg\",\"width\":2560,\"height\":2560},{\"@type\":\"BreadcrumbList\",\"@id\":\"https:\/\/pablogarrigos.com\/pasteleria\/pasteleria-delicatessen\/panettone-de-chocolate\/#breadcrumb\",\"itemListElement\":[{\"@type\":\"ListItem\",\"position\":1,\"name\":\"Home\",\"item\":\"https:\/\/pablogarrigos.com\/en\/\"},{\"@type\":\"ListItem\",\"position\":2,\"name\":\"Tienda\",\"item\":\"https:\/\/pablogarrigos.com\/en\/tienda\/\"},{\"@type\":\"ListItem\",\"position\":3,\"name\":\"Panettone de chocolate\"}]},{\"@type\":\"WebSite\",\"@id\":\"https:\/\/pablogarrigos.com\/#website\",\"url\":\"https:\/\/pablogarrigos.com\/\",\"name\":\"Pablo Garrig\u00f3s Iba\u00f1ez\",\"description\":\"El Sentido del Gusto\",\"publisher\":{\"@id\":\"https:\/\/pablogarrigos.com\/#organization\"},\"potentialAction\":[{\"@type\":\"SearchAction\",\"target\":{\"@type\":\"EntryPoint\",\"urlTemplate\":\"https:\/\/pablogarrigos.com\/?s={search_term_string}\"},\"query-input\":{\"@type\":\"PropertyValueSpecification\",\"valueRequired\":true,\"valueName\":\"search_term_string\"}}],\"inLanguage\":\"fr-FR\"},{\"@type\":\"Organization\",\"@id\":\"https:\/\/pablogarrigos.com\/#organization\",\"name\":\"Pablo Garrig\u00f3s Iba\u00f1ez\",\"url\":\"https:\/\/pablogarrigos.com\/\",\"logo\":{\"@type\":\"ImageObject\",\"inLanguage\":\"fr-FR\",\"@id\":\"https:\/\/pablogarrigos.com\/#\/schema\/logo\/image\/\",\"url\":\"https:\/\/pablogarrigos.com\/wp-content\/uploads\/2024\/02\/logo-pablogarrigos.png\",\"contentUrl\":\"https:\/\/pablogarrigos.com\/wp-content\/uploads\/2024\/02\/logo-pablogarrigos.png\",\"width\":1247,\"height\":480,\"caption\":\"Pablo Garrig\u00f3s Iba\u00f1ez\"},\"image\":{\"@id\":\"https:\/\/pablogarrigos.com\/#\/schema\/logo\/image\/\"}}]}<\/script>\n<!-- \/ Yoast SEO plugin. -->","yoast_head_json":{"title":"Panettone au chocolat | Pablo Garrig\u00f3s Iba\u00f1ez","description":"Le Panettone au chocolat Pablo Garrig\u00f3s Ib\u00e1\u00f1ez est une extraordinaire surprise gastronomique qui vous fera voyager de Jijona au c\u0153ur de la vieille Italie.","robots":{"index":"index","follow":"follow","max-snippet":"max-snippet:-1","max-image-preview":"max-image-preview:large","max-video-preview":"max-video-preview:-1"},"canonical":"https:\/\/pablogarrigos.com\/fr\/pasteleria\/pasteleria-delicatessen\/panettone-de-chocolate\/","og_locale":"fr_FR","og_type":"article","og_title":"Panettone de chocolate | Pablo Garrig\u00f3s Iba\u00f1ez","og_description":"El Panettone de chocolate Pablo Garrig\u00f3s Ib\u00e1\u00f1ez es una extraordinaria sorpresa gastron\u00f3mica que te llevar\u00e1 de viaje desde Jijona al coraz\u00f3n de la vieja Italia","og_url":"https:\/\/pablogarrigos.com\/fr\/pasteleria\/pasteleria-delicatessen\/panettone-de-chocolate\/","og_site_name":"Pablo Garrig\u00f3s Iba\u00f1ez","article_modified_time":"2025-12-16T11:32:35+00:00","og_image":[{"width":2560,"height":2560,"url":"https:\/\/pablogarrigos.com\/wp-content\/uploads\/2024\/09\/pan-2-alta-1-scaled.jpg","type":"image\/jpeg"}],"twitter_card":"summary_large_image","twitter_misc":{"Dur\u00e9e de lecture estim\u00e9e":"1 minute"},"schema":{"@context":"https:\/\/schema.org","@graph":[{"@type":"WebPage","@id":"https:\/\/pablogarrigos.com\/pasteleria\/pasteleria-delicatessen\/panettone-de-chocolate\/","url":"https:\/\/pablogarrigos.com\/pasteleria\/pasteleria-delicatessen\/panettone-de-chocolate\/","name":"Panettone au chocolat | Pablo Garrig\u00f3s Iba\u00f1ez","isPartOf":{"@id":"https:\/\/pablogarrigos.com\/#website"},"primaryImageOfPage":{"@id":"https:\/\/pablogarrigos.com\/pasteleria\/pasteleria-delicatessen\/panettone-de-chocolate\/#primaryimage"},"image":{"@id":"https:\/\/pablogarrigos.com\/pasteleria\/pasteleria-delicatessen\/panettone-de-chocolate\/#primaryimage"},"thumbnailUrl":"https:\/\/pablogarrigos.com\/wp-content\/uploads\/2024\/09\/pan-2-alta-1-scaled.jpg","datePublished":"2024-09-04T10:43:26+00:00","dateModified":"2025-12-16T11:32:35+00:00","description":"Le Panettone au chocolat Pablo Garrig\u00f3s Ib\u00e1\u00f1ez est une extraordinaire surprise gastronomique qui vous fera voyager de Jijona au c\u0153ur de la vieille Italie.","breadcrumb":{"@id":"https:\/\/pablogarrigos.com\/pasteleria\/pasteleria-delicatessen\/panettone-de-chocolate\/#breadcrumb"},"inLanguage":"fr-FR","potentialAction":[{"@type":"ReadAction","target":["https:\/\/pablogarrigos.com\/pasteleria\/pasteleria-delicatessen\/panettone-de-chocolate\/"]}]},{"@type":"ImageObject","inLanguage":"fr-FR","@id":"https:\/\/pablogarrigos.com\/pasteleria\/pasteleria-delicatessen\/panettone-de-chocolate\/#primaryimage","url":"https:\/\/pablogarrigos.com\/wp-content\/uploads\/2024\/09\/pan-2-alta-1-scaled.jpg","contentUrl":"https:\/\/pablogarrigos.com\/wp-content\/uploads\/2024\/09\/pan-2-alta-1-scaled.jpg","width":2560,"height":2560},{"@type":"BreadcrumbList","@id":"https:\/\/pablogarrigos.com\/pasteleria\/pasteleria-delicatessen\/panettone-de-chocolate\/#breadcrumb","itemListElement":[{"@type":"ListItem","position":1,"name":"Home","item":"https:\/\/pablogarrigos.com\/en\/"},{"@type":"ListItem","position":2,"name":"Tienda","item":"https:\/\/pablogarrigos.com\/en\/tienda\/"},{"@type":"ListItem","position":3,"name":"Panettone de chocolate"}]},{"@type":"WebSite","@id":"https:\/\/pablogarrigos.com\/#website","url":"https:\/\/pablogarrigos.com\/","name":"Pablo Garrig\u00f3s Iba\u00f1ez","description":"Le sens du go\u00fbt","publisher":{"@id":"https:\/\/pablogarrigos.com\/#organization"},"potentialAction":[{"@type":"SearchAction","target":{"@type":"EntryPoint","urlTemplate":"https:\/\/pablogarrigos.com\/?s={search_term_string}"},"query-input":{"@type":"PropertyValueSpecification","valueRequired":true,"valueName":"search_term_string"}}],"inLanguage":"fr-FR"},{"@type":"Organization","@id":"https:\/\/pablogarrigos.com\/#organization","name":"Pablo Garrig\u00f3s Iba\u00f1ez","url":"https:\/\/pablogarrigos.com\/","logo":{"@type":"ImageObject","inLanguage":"fr-FR","@id":"https:\/\/pablogarrigos.com\/#\/schema\/logo\/image\/","url":"https:\/\/pablogarrigos.com\/wp-content\/uploads\/2024\/02\/logo-pablogarrigos.png","contentUrl":"https:\/\/pablogarrigos.com\/wp-content\/uploads\/2024\/02\/logo-pablogarrigos.png","width":1247,"height":480,"caption":"Pablo Garrig\u00f3s Iba\u00f1ez"},"image":{"@id":"https:\/\/pablogarrigos.com\/#\/schema\/logo\/image\/"}}]}},"_links":{"self":[{"href":"https:\/\/pablogarrigos.com\/fr\/wp-json\/wp\/v2\/product\/4062","targetHints":{"allow":["GET"]}}],"collection":[{"href":"https:\/\/pablogarrigos.com\/fr\/wp-json\/wp\/v2\/product"}],"about":[{"href":"https:\/\/pablogarrigos.com\/fr\/wp-json\/wp\/v2\/types\/product"}],"wp:featuredmedia":[{"embeddable":true,"href":"https:\/\/pablogarrigos.com\/fr\/wp-json\/wp\/v2\/media\/4063"}],"wp:attachment":[{"href":"https:\/\/pablogarrigos.com\/fr\/wp-json\/wp\/v2\/media?parent=4062"}],"wp:term":[{"taxonomy":"product_brand","embeddable":true,"href":"https:\/\/pablogarrigos.com\/fr\/wp-json\/wp\/v2\/product_brand?post=4062"},{"taxonomy":"product_cat","embeddable":true,"href":"https:\/\/pablogarrigos.com\/fr\/wp-json\/wp\/v2\/product_cat?post=4062"},{"taxonomy":"product_tag","embeddable":true,"href":"https:\/\/pablogarrigos.com\/fr\/wp-json\/wp\/v2\/product_tag?post=4062"}],"curies":[{"name":"wp","href":"https:\/\/api.w.org\/{rel}","templated":true}]}}