{"id":406,"date":"2024-02-20T19:05:57","date_gmt":"2024-02-20T18:05:57","guid":{"rendered":"https:\/\/pablogarrigos.com\/index.php\/product\/figuritas-de-mazapan-delicatessen-200-g\/"},"modified":"2025-11-13T11:30:19","modified_gmt":"2025-11-13T10:30:19","slug":"figuritas-de-mazapan-delicatessen-200-g","status":"publish","type":"product","link":"https:\/\/pablogarrigos.com\/fr\/pasteleria\/pasteleria-delicatessen\/figuritas-de-mazapan-delicatessen-200-g\/","title":{"rendered":"Figuritas de Mazap\u00e1n Delicatessen 200g"},"content":{"rendered":"<p><strong>Amande<\/strong> s\u00e9lectionn\u00e9 60%, sucre, eau, stabilisant (sorbitol) et conservateur (acide sorbique). <strong>Peut contenir des traces de c\u00e9r\u00e9ales contenant du gluten.<\/strong><\/p>\n<p><strong>Conservar en un lugar fresco y seco. 18\u00ba-22\u00baC.<\/strong><\/p>","protected":false},"excerpt":{"rendered":"<p>Bonbon classique, fait \u00e0 la main, avec une \u00e2me de sucre et d'amandes Marcona du bassin m\u00e9diterran\u00e9en.<\/p>","protected":false},"featured_media":407,"template":"","meta":{"_acf_changed":false,"inline_featured_image":false},"product_brand":[],"product_cat":[16,23],"product_tag":[],"class_list":{"0":"post-406","1":"product","2":"type-product","3":"status-publish","4":"has-post-thumbnail","6":"product_cat-pasteleria","7":"product_cat-pasteleria-delicatessen","9":"first","10":"instock","11":"taxable","12":"shipping-taxable","13":"purchasable","14":"product-type-simple"},"acf":[],"yoast_head":"<!-- This site is optimized with the Yoast SEO plugin v26.5 - https:\/\/yoast.com\/wordpress\/plugins\/seo\/ -->\n<title>Figuritas de Mazap\u00e1n Delicatessen | Pablo Garrig\u00f3s Ib\u00e1\u00f1ez<\/title>\n<meta name=\"description\" content=\"Descubre las Figuritas de Mazap\u00e1n Delicatessen de Pablo Garrig\u00f3s Ib\u00e1\u00f1ez, un dulce cl\u00e1sico y artesanal elaborado con az\u00facar y la mejor almendra Marcona de la Cuenca Mediterr\u00e1nea. Un tesoro de sabor y tradici\u00f3n.\" \/>\n<meta name=\"robots\" content=\"index, follow, max-snippet:-1, max-image-preview:large, max-video-preview:-1\" \/>\n<link rel=\"canonical\" href=\"https:\/\/pablogarrigos.com\/fr\/pasteleria\/pasteleria-delicatessen\/figuritas-de-mazapan-delicatessen-200-g\/\" \/>\n<meta property=\"og:locale\" content=\"fr_FR\" \/>\n<meta property=\"og:type\" content=\"article\" \/>\n<meta property=\"og:title\" content=\"Figuritas de Mazap\u00e1n Delicatessen | Pablo Garrig\u00f3s Ib\u00e1\u00f1ez\" \/>\n<meta property=\"og:description\" content=\"Descubre las Figuritas de Mazap\u00e1n Delicatessen de Pablo Garrig\u00f3s Ib\u00e1\u00f1ez, un dulce cl\u00e1sico y artesanal elaborado con az\u00facar y la mejor almendra Marcona de la Cuenca Mediterr\u00e1nea. Un tesoro de sabor y tradici\u00f3n.\" \/>\n<meta property=\"og:url\" content=\"https:\/\/pablogarrigos.com\/fr\/pasteleria\/pasteleria-delicatessen\/figuritas-de-mazapan-delicatessen-200-g\/\" \/>\n<meta property=\"og:site_name\" content=\"Pablo Garrig\u00f3s Iba\u00f1ez\" \/>\n<meta property=\"article:modified_time\" content=\"2025-11-13T10:30:19+00:00\" \/>\n<meta property=\"og:image\" content=\"https:\/\/pablogarrigos.com\/wp-content\/uploads\/2024\/02\/figuritas-de-mazapan-delicatessen-200-g.jpg\" \/>\n\t<meta property=\"og:image:width\" content=\"600\" \/>\n\t<meta property=\"og:image:height\" content=\"600\" \/>\n\t<meta property=\"og:image:type\" content=\"image\/jpeg\" \/>\n<meta name=\"twitter:card\" content=\"summary_large_image\" \/>\n<meta name=\"twitter:label1\" content=\"Dur\u00e9e de lecture estim\u00e9e\" \/>\n\t<meta name=\"twitter:data1\" content=\"1 minute\" \/>\n<script type=\"application\/ld+json\" class=\"yoast-schema-graph\">{\"@context\":\"https:\/\/schema.org\",\"@graph\":[{\"@type\":\"WebPage\",\"@id\":\"https:\/\/pablogarrigos.com\/pasteleria\/pasteleria-delicatessen\/figuritas-de-mazapan-delicatessen-200-g\/\",\"url\":\"https:\/\/pablogarrigos.com\/pasteleria\/pasteleria-delicatessen\/figuritas-de-mazapan-delicatessen-200-g\/\",\"name\":\"Figuritas de Mazap\u00e1n Delicatessen | Pablo Garrig\u00f3s Ib\u00e1\u00f1ez\",\"isPartOf\":{\"@id\":\"https:\/\/pablogarrigos.com\/#website\"},\"primaryImageOfPage\":{\"@id\":\"https:\/\/pablogarrigos.com\/pasteleria\/pasteleria-delicatessen\/figuritas-de-mazapan-delicatessen-200-g\/#primaryimage\"},\"image\":{\"@id\":\"https:\/\/pablogarrigos.com\/pasteleria\/pasteleria-delicatessen\/figuritas-de-mazapan-delicatessen-200-g\/#primaryimage\"},\"thumbnailUrl\":\"https:\/\/pablogarrigos.com\/wp-content\/uploads\/2024\/02\/figuritas-de-mazapan-delicatessen-200-g.jpg\",\"datePublished\":\"2024-02-20T18:05:57+00:00\",\"dateModified\":\"2025-11-13T10:30:19+00:00\",\"description\":\"Descubre las Figuritas de Mazap\u00e1n Delicatessen de Pablo Garrig\u00f3s Ib\u00e1\u00f1ez, un dulce cl\u00e1sico y artesanal elaborado con az\u00facar y la mejor almendra Marcona de la Cuenca Mediterr\u00e1nea. Un tesoro de sabor y tradici\u00f3n.\",\"breadcrumb\":{\"@id\":\"https:\/\/pablogarrigos.com\/pasteleria\/pasteleria-delicatessen\/figuritas-de-mazapan-delicatessen-200-g\/#breadcrumb\"},\"inLanguage\":\"fr-FR\",\"potentialAction\":[{\"@type\":\"ReadAction\",\"target\":[\"https:\/\/pablogarrigos.com\/pasteleria\/pasteleria-delicatessen\/figuritas-de-mazapan-delicatessen-200-g\/\"]}]},{\"@type\":\"ImageObject\",\"inLanguage\":\"fr-FR\",\"@id\":\"https:\/\/pablogarrigos.com\/pasteleria\/pasteleria-delicatessen\/figuritas-de-mazapan-delicatessen-200-g\/#primaryimage\",\"url\":\"https:\/\/pablogarrigos.com\/wp-content\/uploads\/2024\/02\/figuritas-de-mazapan-delicatessen-200-g.jpg\",\"contentUrl\":\"https:\/\/pablogarrigos.com\/wp-content\/uploads\/2024\/02\/figuritas-de-mazapan-delicatessen-200-g.jpg\",\"width\":600,\"height\":600},{\"@type\":\"BreadcrumbList\",\"@id\":\"https:\/\/pablogarrigos.com\/pasteleria\/pasteleria-delicatessen\/figuritas-de-mazapan-delicatessen-200-g\/#breadcrumb\",\"itemListElement\":[{\"@type\":\"ListItem\",\"position\":1,\"name\":\"Home\",\"item\":\"https:\/\/pablogarrigos.com\/en\/\"},{\"@type\":\"ListItem\",\"position\":2,\"name\":\"Tienda\",\"item\":\"https:\/\/pablogarrigos.com\/en\/tienda\/\"},{\"@type\":\"ListItem\",\"position\":3,\"name\":\"Figuritas de Mazap\u00e1n Delicatessen 200g\"}]},{\"@type\":\"WebSite\",\"@id\":\"https:\/\/pablogarrigos.com\/#website\",\"url\":\"https:\/\/pablogarrigos.com\/\",\"name\":\"Pablo Garrig\u00f3s Iba\u00f1ez\",\"description\":\"El Sentido del Gusto\",\"publisher\":{\"@id\":\"https:\/\/pablogarrigos.com\/#organization\"},\"potentialAction\":[{\"@type\":\"SearchAction\",\"target\":{\"@type\":\"EntryPoint\",\"urlTemplate\":\"https:\/\/pablogarrigos.com\/?s={search_term_string}\"},\"query-input\":{\"@type\":\"PropertyValueSpecification\",\"valueRequired\":true,\"valueName\":\"search_term_string\"}}],\"inLanguage\":\"fr-FR\"},{\"@type\":\"Organization\",\"@id\":\"https:\/\/pablogarrigos.com\/#organization\",\"name\":\"Pablo Garrig\u00f3s Iba\u00f1ez\",\"url\":\"https:\/\/pablogarrigos.com\/\",\"logo\":{\"@type\":\"ImageObject\",\"inLanguage\":\"fr-FR\",\"@id\":\"https:\/\/pablogarrigos.com\/#\/schema\/logo\/image\/\",\"url\":\"https:\/\/pablogarrigos.com\/wp-content\/uploads\/2024\/02\/logo-pablogarrigos.png\",\"contentUrl\":\"https:\/\/pablogarrigos.com\/wp-content\/uploads\/2024\/02\/logo-pablogarrigos.png\",\"width\":1247,\"height\":480,\"caption\":\"Pablo Garrig\u00f3s Iba\u00f1ez\"},\"image\":{\"@id\":\"https:\/\/pablogarrigos.com\/#\/schema\/logo\/image\/\"}}]}<\/script>\n<!-- \/ Yoast SEO plugin. -->","yoast_head_json":{"title":"Figuritas de Mazap\u00e1n Delicatessen | Pablo Garrig\u00f3s Ib\u00e1\u00f1ez","description":"D\u00e9couvrez les Figuritas de Mazap\u00e1n Delicatessen de Pablo Garrig\u00f3s Ib\u00e1\u00f1ez, une confiserie artisanale classique \u00e0 base de sucre et des meilleures amandes Marcona du bassin m\u00e9diterran\u00e9en. Un tr\u00e9sor de saveur et de tradition.","robots":{"index":"index","follow":"follow","max-snippet":"max-snippet:-1","max-image-preview":"max-image-preview:large","max-video-preview":"max-video-preview:-1"},"canonical":"https:\/\/pablogarrigos.com\/fr\/pasteleria\/pasteleria-delicatessen\/figuritas-de-mazapan-delicatessen-200-g\/","og_locale":"fr_FR","og_type":"article","og_title":"Figuritas de Mazap\u00e1n Delicatessen | Pablo Garrig\u00f3s Ib\u00e1\u00f1ez","og_description":"Descubre las Figuritas de Mazap\u00e1n Delicatessen de Pablo Garrig\u00f3s Ib\u00e1\u00f1ez, un dulce cl\u00e1sico y artesanal elaborado con az\u00facar y la mejor almendra Marcona de la Cuenca Mediterr\u00e1nea. Un tesoro de sabor y tradici\u00f3n.","og_url":"https:\/\/pablogarrigos.com\/fr\/pasteleria\/pasteleria-delicatessen\/figuritas-de-mazapan-delicatessen-200-g\/","og_site_name":"Pablo Garrig\u00f3s Iba\u00f1ez","article_modified_time":"2025-11-13T10:30:19+00:00","og_image":[{"width":600,"height":600,"url":"https:\/\/pablogarrigos.com\/wp-content\/uploads\/2024\/02\/figuritas-de-mazapan-delicatessen-200-g.jpg","type":"image\/jpeg"}],"twitter_card":"summary_large_image","twitter_misc":{"Dur\u00e9e de lecture estim\u00e9e":"1 minute"},"schema":{"@context":"https:\/\/schema.org","@graph":[{"@type":"WebPage","@id":"https:\/\/pablogarrigos.com\/pasteleria\/pasteleria-delicatessen\/figuritas-de-mazapan-delicatessen-200-g\/","url":"https:\/\/pablogarrigos.com\/pasteleria\/pasteleria-delicatessen\/figuritas-de-mazapan-delicatessen-200-g\/","name":"Figuritas de Mazap\u00e1n Delicatessen | Pablo Garrig\u00f3s Ib\u00e1\u00f1ez","isPartOf":{"@id":"https:\/\/pablogarrigos.com\/#website"},"primaryImageOfPage":{"@id":"https:\/\/pablogarrigos.com\/pasteleria\/pasteleria-delicatessen\/figuritas-de-mazapan-delicatessen-200-g\/#primaryimage"},"image":{"@id":"https:\/\/pablogarrigos.com\/pasteleria\/pasteleria-delicatessen\/figuritas-de-mazapan-delicatessen-200-g\/#primaryimage"},"thumbnailUrl":"https:\/\/pablogarrigos.com\/wp-content\/uploads\/2024\/02\/figuritas-de-mazapan-delicatessen-200-g.jpg","datePublished":"2024-02-20T18:05:57+00:00","dateModified":"2025-11-13T10:30:19+00:00","description":"D\u00e9couvrez les Figuritas de Mazap\u00e1n Delicatessen de Pablo Garrig\u00f3s Ib\u00e1\u00f1ez, une confiserie artisanale classique \u00e0 base de sucre et des meilleures amandes Marcona du bassin m\u00e9diterran\u00e9en. Un tr\u00e9sor de saveur et de tradition.","breadcrumb":{"@id":"https:\/\/pablogarrigos.com\/pasteleria\/pasteleria-delicatessen\/figuritas-de-mazapan-delicatessen-200-g\/#breadcrumb"},"inLanguage":"fr-FR","potentialAction":[{"@type":"ReadAction","target":["https:\/\/pablogarrigos.com\/pasteleria\/pasteleria-delicatessen\/figuritas-de-mazapan-delicatessen-200-g\/"]}]},{"@type":"ImageObject","inLanguage":"fr-FR","@id":"https:\/\/pablogarrigos.com\/pasteleria\/pasteleria-delicatessen\/figuritas-de-mazapan-delicatessen-200-g\/#primaryimage","url":"https:\/\/pablogarrigos.com\/wp-content\/uploads\/2024\/02\/figuritas-de-mazapan-delicatessen-200-g.jpg","contentUrl":"https:\/\/pablogarrigos.com\/wp-content\/uploads\/2024\/02\/figuritas-de-mazapan-delicatessen-200-g.jpg","width":600,"height":600},{"@type":"BreadcrumbList","@id":"https:\/\/pablogarrigos.com\/pasteleria\/pasteleria-delicatessen\/figuritas-de-mazapan-delicatessen-200-g\/#breadcrumb","itemListElement":[{"@type":"ListItem","position":1,"name":"Home","item":"https:\/\/pablogarrigos.com\/en\/"},{"@type":"ListItem","position":2,"name":"Tienda","item":"https:\/\/pablogarrigos.com\/en\/tienda\/"},{"@type":"ListItem","position":3,"name":"Figuritas de Mazap\u00e1n Delicatessen 200g"}]},{"@type":"WebSite","@id":"https:\/\/pablogarrigos.com\/#website","url":"https:\/\/pablogarrigos.com\/","name":"Pablo Garrig\u00f3s Iba\u00f1ez","description":"Le sens du go\u00fbt","publisher":{"@id":"https:\/\/pablogarrigos.com\/#organization"},"potentialAction":[{"@type":"SearchAction","target":{"@type":"EntryPoint","urlTemplate":"https:\/\/pablogarrigos.com\/?s={search_term_string}"},"query-input":{"@type":"PropertyValueSpecification","valueRequired":true,"valueName":"search_term_string"}}],"inLanguage":"fr-FR"},{"@type":"Organization","@id":"https:\/\/pablogarrigos.com\/#organization","name":"Pablo Garrig\u00f3s Iba\u00f1ez","url":"https:\/\/pablogarrigos.com\/","logo":{"@type":"ImageObject","inLanguage":"fr-FR","@id":"https:\/\/pablogarrigos.com\/#\/schema\/logo\/image\/","url":"https:\/\/pablogarrigos.com\/wp-content\/uploads\/2024\/02\/logo-pablogarrigos.png","contentUrl":"https:\/\/pablogarrigos.com\/wp-content\/uploads\/2024\/02\/logo-pablogarrigos.png","width":1247,"height":480,"caption":"Pablo Garrig\u00f3s Iba\u00f1ez"},"image":{"@id":"https:\/\/pablogarrigos.com\/#\/schema\/logo\/image\/"}}]}},"_links":{"self":[{"href":"https:\/\/pablogarrigos.com\/fr\/wp-json\/wp\/v2\/product\/406","targetHints":{"allow":["GET"]}}],"collection":[{"href":"https:\/\/pablogarrigos.com\/fr\/wp-json\/wp\/v2\/product"}],"about":[{"href":"https:\/\/pablogarrigos.com\/fr\/wp-json\/wp\/v2\/types\/product"}],"wp:featuredmedia":[{"embeddable":true,"href":"https:\/\/pablogarrigos.com\/fr\/wp-json\/wp\/v2\/media\/407"}],"wp:attachment":[{"href":"https:\/\/pablogarrigos.com\/fr\/wp-json\/wp\/v2\/media?parent=406"}],"wp:term":[{"taxonomy":"product_brand","embeddable":true,"href":"https:\/\/pablogarrigos.com\/fr\/wp-json\/wp\/v2\/product_brand?post=406"},{"taxonomy":"product_cat","embeddable":true,"href":"https:\/\/pablogarrigos.com\/fr\/wp-json\/wp\/v2\/product_cat?post=406"},{"taxonomy":"product_tag","embeddable":true,"href":"https:\/\/pablogarrigos.com\/fr\/wp-json\/wp\/v2\/product_tag?post=406"}],"curies":[{"name":"wp","href":"https:\/\/api.w.org\/{rel}","templated":true}]}}