{"id":403,"date":"2024-02-20T19:04:57","date_gmt":"2024-02-20T18:04:57","guid":{"rendered":"https:\/\/pablogarrigos.com\/index.php\/product\/almendras-rellenas-delicatessen-200-g\/"},"modified":"2025-11-13T11:31:20","modified_gmt":"2025-11-13T10:31:20","slug":"almendras-rellenas-delicatessen-200-g","status":"publish","type":"product","link":"https:\/\/pablogarrigos.com\/fr\/pasteleria\/pasteleria-delicatessen\/almendras-rellenas-delicatessen-200-g\/","title":{"rendered":"Amandes farcies Delicatessen 200g"},"content":{"rendered":"<p>Nougat cuit \u00e0 la pierre 90% (<strong>amande<\/strong> 60%, sucre, zeste de citron et cannelle) et 10% gaufre (farine, sucre, zeste de citron et cannelle) et 10% gaufre (farine, sucre, zeste de citron et cannelle). <strong>bl\u00e9<\/strong>\u00e9mulsifiant (l\u00e9cithine d'huile v\u00e9g\u00e9tale), \u00e9mulsifiant (l\u00e9cithine d'huile v\u00e9g\u00e9tale), \u00e9mulsifiant (l\u00e9cithine d'huile v\u00e9g\u00e9tale) <strong>soja<\/strong>), poudre \u00e0 lever (bicarbonate de sodium)). <strong>Contient du soja et des c\u00e9r\u00e9ales contenant du gluten. Peut contenir des traces d'oeufs.<\/strong><\/p>\n<p><strong>Conservar en un lugar fresco y seco. 18\u00ba-22\u00baC.<\/strong><\/p>","protected":false},"excerpt":{"rendered":"<p>D\u00e9licieuses amandes fourr\u00e9es au nougat de la gamme Delicatessen pr\u00e9sent\u00e9es dans une \u00e9l\u00e9gante bo\u00eete de 200 grammes. Chaque bo\u00eete d'amandes fourr\u00e9es \u00e0 la pierre de nougat contient 10 pi\u00e8ces.<\/p>","protected":false},"featured_media":404,"template":"","meta":{"_acf_changed":false,"inline_featured_image":false},"product_brand":[],"product_cat":[16,23],"product_tag":[],"class_list":{"0":"post-403","1":"product","2":"type-product","3":"status-publish","4":"has-post-thumbnail","6":"product_cat-pasteleria","7":"product_cat-pasteleria-delicatessen","9":"first","10":"instock","11":"taxable","12":"shipping-taxable","13":"purchasable","14":"product-type-simple"},"acf":[],"yoast_head":"<!-- This site is optimized with the Yoast SEO plugin v26.5 - https:\/\/yoast.com\/wordpress\/plugins\/seo\/ -->\n<title>Almendras Rellenas Delicatessen | Pablo Garrig\u00f3s Ib\u00e1\u00f1ez<\/title>\n<meta name=\"description\" content=\"Saborea la exclusividad de las Almendras Rellenas Delicatessen de Pablo Garrig\u00f3s Ib\u00e1\u00f1ez, rellenas de turr\u00f3n a la piedra. Presentadas en una elegante caja de 200 gramos con 10 unidades, son el regalo perfecto para los amantes del buen gusto.\" \/>\n<meta name=\"robots\" content=\"index, follow, max-snippet:-1, max-image-preview:large, max-video-preview:-1\" \/>\n<link rel=\"canonical\" href=\"https:\/\/pablogarrigos.com\/fr\/pasteleria\/pasteleria-delicatessen\/almendras-rellenas-delicatessen-200-g\/\" \/>\n<meta property=\"og:locale\" content=\"fr_FR\" \/>\n<meta property=\"og:type\" content=\"article\" \/>\n<meta property=\"og:title\" content=\"Almendras Rellenas Delicatessen | Pablo Garrig\u00f3s Ib\u00e1\u00f1ez\" \/>\n<meta property=\"og:description\" content=\"Saborea la exclusividad de las Almendras Rellenas Delicatessen de Pablo Garrig\u00f3s Ib\u00e1\u00f1ez, rellenas de turr\u00f3n a la piedra. Presentadas en una elegante caja de 200 gramos con 10 unidades, son el regalo perfecto para los amantes del buen gusto.\" \/>\n<meta property=\"og:url\" content=\"https:\/\/pablogarrigos.com\/fr\/pasteleria\/pasteleria-delicatessen\/almendras-rellenas-delicatessen-200-g\/\" \/>\n<meta property=\"og:site_name\" content=\"Pablo Garrig\u00f3s Iba\u00f1ez\" \/>\n<meta property=\"article:modified_time\" content=\"2025-11-13T10:31:20+00:00\" \/>\n<meta property=\"og:image\" content=\"https:\/\/pablogarrigos.com\/wp-content\/uploads\/2024\/02\/almendras-rellenas-delicatessen-200-g.jpg\" \/>\n\t<meta property=\"og:image:width\" content=\"600\" \/>\n\t<meta property=\"og:image:height\" content=\"600\" \/>\n\t<meta property=\"og:image:type\" content=\"image\/jpeg\" \/>\n<meta name=\"twitter:card\" content=\"summary_large_image\" \/>\n<meta name=\"twitter:label1\" content=\"Dur\u00e9e de lecture estim\u00e9e\" \/>\n\t<meta name=\"twitter:data1\" content=\"1 minute\" \/>\n<script type=\"application\/ld+json\" class=\"yoast-schema-graph\">{\"@context\":\"https:\/\/schema.org\",\"@graph\":[{\"@type\":\"WebPage\",\"@id\":\"https:\/\/pablogarrigos.com\/pasteleria\/pasteleria-delicatessen\/almendras-rellenas-delicatessen-200-g\/\",\"url\":\"https:\/\/pablogarrigos.com\/pasteleria\/pasteleria-delicatessen\/almendras-rellenas-delicatessen-200-g\/\",\"name\":\"Almendras Rellenas Delicatessen | Pablo Garrig\u00f3s Ib\u00e1\u00f1ez\",\"isPartOf\":{\"@id\":\"https:\/\/pablogarrigos.com\/#website\"},\"primaryImageOfPage\":{\"@id\":\"https:\/\/pablogarrigos.com\/pasteleria\/pasteleria-delicatessen\/almendras-rellenas-delicatessen-200-g\/#primaryimage\"},\"image\":{\"@id\":\"https:\/\/pablogarrigos.com\/pasteleria\/pasteleria-delicatessen\/almendras-rellenas-delicatessen-200-g\/#primaryimage\"},\"thumbnailUrl\":\"https:\/\/pablogarrigos.com\/wp-content\/uploads\/2024\/02\/almendras-rellenas-delicatessen-200-g.jpg\",\"datePublished\":\"2024-02-20T18:04:57+00:00\",\"dateModified\":\"2025-11-13T10:31:20+00:00\",\"description\":\"Saborea la exclusividad de las Almendras Rellenas Delicatessen de Pablo Garrig\u00f3s Ib\u00e1\u00f1ez, rellenas de turr\u00f3n a la piedra. Presentadas en una elegante caja de 200 gramos con 10 unidades, son el regalo perfecto para los amantes del buen gusto.\",\"breadcrumb\":{\"@id\":\"https:\/\/pablogarrigos.com\/pasteleria\/pasteleria-delicatessen\/almendras-rellenas-delicatessen-200-g\/#breadcrumb\"},\"inLanguage\":\"fr-FR\",\"potentialAction\":[{\"@type\":\"ReadAction\",\"target\":[\"https:\/\/pablogarrigos.com\/pasteleria\/pasteleria-delicatessen\/almendras-rellenas-delicatessen-200-g\/\"]}]},{\"@type\":\"ImageObject\",\"inLanguage\":\"fr-FR\",\"@id\":\"https:\/\/pablogarrigos.com\/pasteleria\/pasteleria-delicatessen\/almendras-rellenas-delicatessen-200-g\/#primaryimage\",\"url\":\"https:\/\/pablogarrigos.com\/wp-content\/uploads\/2024\/02\/almendras-rellenas-delicatessen-200-g.jpg\",\"contentUrl\":\"https:\/\/pablogarrigos.com\/wp-content\/uploads\/2024\/02\/almendras-rellenas-delicatessen-200-g.jpg\",\"width\":600,\"height\":600},{\"@type\":\"BreadcrumbList\",\"@id\":\"https:\/\/pablogarrigos.com\/pasteleria\/pasteleria-delicatessen\/almendras-rellenas-delicatessen-200-g\/#breadcrumb\",\"itemListElement\":[{\"@type\":\"ListItem\",\"position\":1,\"name\":\"Home\",\"item\":\"https:\/\/pablogarrigos.com\/en\/\"},{\"@type\":\"ListItem\",\"position\":2,\"name\":\"Tienda\",\"item\":\"https:\/\/pablogarrigos.com\/en\/tienda\/\"},{\"@type\":\"ListItem\",\"position\":3,\"name\":\"Almendras Rellenas Delicatessen 200g\"}]},{\"@type\":\"WebSite\",\"@id\":\"https:\/\/pablogarrigos.com\/#website\",\"url\":\"https:\/\/pablogarrigos.com\/\",\"name\":\"Pablo Garrig\u00f3s Iba\u00f1ez\",\"description\":\"El Sentido del Gusto\",\"publisher\":{\"@id\":\"https:\/\/pablogarrigos.com\/#organization\"},\"potentialAction\":[{\"@type\":\"SearchAction\",\"target\":{\"@type\":\"EntryPoint\",\"urlTemplate\":\"https:\/\/pablogarrigos.com\/?s={search_term_string}\"},\"query-input\":{\"@type\":\"PropertyValueSpecification\",\"valueRequired\":true,\"valueName\":\"search_term_string\"}}],\"inLanguage\":\"fr-FR\"},{\"@type\":\"Organization\",\"@id\":\"https:\/\/pablogarrigos.com\/#organization\",\"name\":\"Pablo Garrig\u00f3s Iba\u00f1ez\",\"url\":\"https:\/\/pablogarrigos.com\/\",\"logo\":{\"@type\":\"ImageObject\",\"inLanguage\":\"fr-FR\",\"@id\":\"https:\/\/pablogarrigos.com\/#\/schema\/logo\/image\/\",\"url\":\"https:\/\/pablogarrigos.com\/wp-content\/uploads\/2024\/02\/logo-pablogarrigos.png\",\"contentUrl\":\"https:\/\/pablogarrigos.com\/wp-content\/uploads\/2024\/02\/logo-pablogarrigos.png\",\"width\":1247,\"height\":480,\"caption\":\"Pablo Garrig\u00f3s Iba\u00f1ez\"},\"image\":{\"@id\":\"https:\/\/pablogarrigos.com\/#\/schema\/logo\/image\/\"}}]}<\/script>\n<!-- \/ Yoast SEO plugin. -->","yoast_head_json":{"title":"Amandes farcies Delicatessen | Pablo Garrig\u00f3s Ib\u00e1\u00f1ez","description":"Go\u00fbtez \u00e0 l'exclusivit\u00e9 des amandes farcies Delicatessen de Pablo Garrig\u00f3s Ib\u00e1\u00f1ez, remplies de nougat moulu \u00e0 la pierre. Pr\u00e9sent\u00e9es dans une \u00e9l\u00e9gante bo\u00eete de 200 grammes contenant 10 unit\u00e9s, elles constituent le cadeau id\u00e9al pour les amateurs de bon go\u00fbt.","robots":{"index":"index","follow":"follow","max-snippet":"max-snippet:-1","max-image-preview":"max-image-preview:large","max-video-preview":"max-video-preview:-1"},"canonical":"https:\/\/pablogarrigos.com\/fr\/pasteleria\/pasteleria-delicatessen\/almendras-rellenas-delicatessen-200-g\/","og_locale":"fr_FR","og_type":"article","og_title":"Almendras Rellenas Delicatessen | Pablo Garrig\u00f3s Ib\u00e1\u00f1ez","og_description":"Saborea la exclusividad de las Almendras Rellenas Delicatessen de Pablo Garrig\u00f3s Ib\u00e1\u00f1ez, rellenas de turr\u00f3n a la piedra. Presentadas en una elegante caja de 200 gramos con 10 unidades, son el regalo perfecto para los amantes del buen gusto.","og_url":"https:\/\/pablogarrigos.com\/fr\/pasteleria\/pasteleria-delicatessen\/almendras-rellenas-delicatessen-200-g\/","og_site_name":"Pablo Garrig\u00f3s Iba\u00f1ez","article_modified_time":"2025-11-13T10:31:20+00:00","og_image":[{"width":600,"height":600,"url":"https:\/\/pablogarrigos.com\/wp-content\/uploads\/2024\/02\/almendras-rellenas-delicatessen-200-g.jpg","type":"image\/jpeg"}],"twitter_card":"summary_large_image","twitter_misc":{"Dur\u00e9e de lecture estim\u00e9e":"1 minute"},"schema":{"@context":"https:\/\/schema.org","@graph":[{"@type":"WebPage","@id":"https:\/\/pablogarrigos.com\/pasteleria\/pasteleria-delicatessen\/almendras-rellenas-delicatessen-200-g\/","url":"https:\/\/pablogarrigos.com\/pasteleria\/pasteleria-delicatessen\/almendras-rellenas-delicatessen-200-g\/","name":"Amandes farcies Delicatessen | Pablo Garrig\u00f3s Ib\u00e1\u00f1ez","isPartOf":{"@id":"https:\/\/pablogarrigos.com\/#website"},"primaryImageOfPage":{"@id":"https:\/\/pablogarrigos.com\/pasteleria\/pasteleria-delicatessen\/almendras-rellenas-delicatessen-200-g\/#primaryimage"},"image":{"@id":"https:\/\/pablogarrigos.com\/pasteleria\/pasteleria-delicatessen\/almendras-rellenas-delicatessen-200-g\/#primaryimage"},"thumbnailUrl":"https:\/\/pablogarrigos.com\/wp-content\/uploads\/2024\/02\/almendras-rellenas-delicatessen-200-g.jpg","datePublished":"2024-02-20T18:04:57+00:00","dateModified":"2025-11-13T10:31:20+00:00","description":"Go\u00fbtez \u00e0 l'exclusivit\u00e9 des amandes farcies Delicatessen de Pablo Garrig\u00f3s Ib\u00e1\u00f1ez, remplies de nougat moulu \u00e0 la pierre. Pr\u00e9sent\u00e9es dans une \u00e9l\u00e9gante bo\u00eete de 200 grammes contenant 10 unit\u00e9s, elles constituent le cadeau id\u00e9al pour les amateurs de bon go\u00fbt.","breadcrumb":{"@id":"https:\/\/pablogarrigos.com\/pasteleria\/pasteleria-delicatessen\/almendras-rellenas-delicatessen-200-g\/#breadcrumb"},"inLanguage":"fr-FR","potentialAction":[{"@type":"ReadAction","target":["https:\/\/pablogarrigos.com\/pasteleria\/pasteleria-delicatessen\/almendras-rellenas-delicatessen-200-g\/"]}]},{"@type":"ImageObject","inLanguage":"fr-FR","@id":"https:\/\/pablogarrigos.com\/pasteleria\/pasteleria-delicatessen\/almendras-rellenas-delicatessen-200-g\/#primaryimage","url":"https:\/\/pablogarrigos.com\/wp-content\/uploads\/2024\/02\/almendras-rellenas-delicatessen-200-g.jpg","contentUrl":"https:\/\/pablogarrigos.com\/wp-content\/uploads\/2024\/02\/almendras-rellenas-delicatessen-200-g.jpg","width":600,"height":600},{"@type":"BreadcrumbList","@id":"https:\/\/pablogarrigos.com\/pasteleria\/pasteleria-delicatessen\/almendras-rellenas-delicatessen-200-g\/#breadcrumb","itemListElement":[{"@type":"ListItem","position":1,"name":"Home","item":"https:\/\/pablogarrigos.com\/en\/"},{"@type":"ListItem","position":2,"name":"Tienda","item":"https:\/\/pablogarrigos.com\/en\/tienda\/"},{"@type":"ListItem","position":3,"name":"Almendras Rellenas Delicatessen 200g"}]},{"@type":"WebSite","@id":"https:\/\/pablogarrigos.com\/#website","url":"https:\/\/pablogarrigos.com\/","name":"Pablo Garrig\u00f3s Iba\u00f1ez","description":"Le sens du go\u00fbt","publisher":{"@id":"https:\/\/pablogarrigos.com\/#organization"},"potentialAction":[{"@type":"SearchAction","target":{"@type":"EntryPoint","urlTemplate":"https:\/\/pablogarrigos.com\/?s={search_term_string}"},"query-input":{"@type":"PropertyValueSpecification","valueRequired":true,"valueName":"search_term_string"}}],"inLanguage":"fr-FR"},{"@type":"Organization","@id":"https:\/\/pablogarrigos.com\/#organization","name":"Pablo Garrig\u00f3s Iba\u00f1ez","url":"https:\/\/pablogarrigos.com\/","logo":{"@type":"ImageObject","inLanguage":"fr-FR","@id":"https:\/\/pablogarrigos.com\/#\/schema\/logo\/image\/","url":"https:\/\/pablogarrigos.com\/wp-content\/uploads\/2024\/02\/logo-pablogarrigos.png","contentUrl":"https:\/\/pablogarrigos.com\/wp-content\/uploads\/2024\/02\/logo-pablogarrigos.png","width":1247,"height":480,"caption":"Pablo Garrig\u00f3s Iba\u00f1ez"},"image":{"@id":"https:\/\/pablogarrigos.com\/#\/schema\/logo\/image\/"}}]}},"_links":{"self":[{"href":"https:\/\/pablogarrigos.com\/fr\/wp-json\/wp\/v2\/product\/403","targetHints":{"allow":["GET"]}}],"collection":[{"href":"https:\/\/pablogarrigos.com\/fr\/wp-json\/wp\/v2\/product"}],"about":[{"href":"https:\/\/pablogarrigos.com\/fr\/wp-json\/wp\/v2\/types\/product"}],"wp:featuredmedia":[{"embeddable":true,"href":"https:\/\/pablogarrigos.com\/fr\/wp-json\/wp\/v2\/media\/404"}],"wp:attachment":[{"href":"https:\/\/pablogarrigos.com\/fr\/wp-json\/wp\/v2\/media?parent=403"}],"wp:term":[{"taxonomy":"product_brand","embeddable":true,"href":"https:\/\/pablogarrigos.com\/fr\/wp-json\/wp\/v2\/product_brand?post=403"},{"taxonomy":"product_cat","embeddable":true,"href":"https:\/\/pablogarrigos.com\/fr\/wp-json\/wp\/v2\/product_cat?post=403"},{"taxonomy":"product_tag","embeddable":true,"href":"https:\/\/pablogarrigos.com\/fr\/wp-json\/wp\/v2\/product_tag?post=403"}],"curies":[{"name":"wp","href":"https:\/\/api.w.org\/{rel}","templated":true}]}}