{"id":395,"date":"2024-02-20T16:03:57","date_gmt":"2024-02-20T15:03:57","guid":{"rendered":"https:\/\/pablogarrigos.com\/index.php\/product\/estuche-especial-delicatessen-by-debora\/"},"modified":"2025-11-19T16:21:18","modified_gmt":"2025-11-19T15:21:18","slug":"estuche-especial-delicatessen-by-debora","status":"publish","type":"product","link":"https:\/\/pablogarrigos.com\/fr\/turrones\/estuche-especial-delicatessen-by-debora\/","title":{"rendered":"Bo\u00eete sp\u00e9ciale \u00e9picerie fine de D\u00e9bora"},"content":{"rendered":"<p>TURR\u00d3N DE JIJONA : <strong>Amande<\/strong> 74%, miel de fleurs d'oranger 17%, sucre et blanc d'\u0153uf 74%, miel de fleurs d'oranger 74%, sucre et blanc d'\u0153uf 74% <strong>\u0152uf. Peut contenir des traces de s\u00e9same et de noisette.<\/strong><\/p>\n<p>TURR\u00d3N DE ALICANTE : <strong>Amande<\/strong> 68%, miel de romarin 16%, sucre, sirop de glucose, surface de gaufrette (amidon de pomme de terre et huile de tournesol) et blanc d'\u0153uf 68%, sucre, sirop de glucose, surface de gaufrette (amidon de pomme de terre et huile de tournesol) et blanc d'\u0153uf <strong>\u0152uf. Peut contenir des traces de s\u00e9same et de noisettes.<\/strong><\/p>\n<p>NOUGAT AU CHOCOLAT AU LAIT AVEC DU LAIT ET DES AMANDES : <strong>Amande<\/strong> marcona, s\u00e9lectionn\u00e9es et torr\u00e9fi\u00e9es 40%, sucre, beurre de cacao, <strong>lait<\/strong> poudre de cacao entier 11%, masse de cacao, <strong>lactos\u00e9rum<\/strong> poudre, \u00e9mulsifiant (l\u00e9cithine d'huile v\u00e9g\u00e9tale), \u00e9mulsifiant (l\u00e9cithine d'huile v\u00e9g\u00e9tale), \u00e9mulsifiant (l\u00e9cithine d'huile v\u00e9g\u00e9tale), et <strong>soja<\/strong>) et ar\u00f4me naturel de vanille. Cacao min. 18%. <strong>Peut contenir des traces d'autres fruits \u00e0 coque.<\/strong><\/p>\n<p>FONDANT CHOCOLAT ORANGETTES : Sucre, p\u00e2te de cacao, \u00e9corce d'orange, beurre de cacao, sirop de glucose et de fructose, \u00e9mulsifiant (l\u00e9cithine de cacao), beurre de cacao, beurre de cacao, p\u00e2te de cacao, beurre de cacao, p\u00e2te de cacao, beurre de cacao. <strong>soja<\/strong>), ar\u00f4me naturel de vanille, r\u00e9gulateur d'acidit\u00e9 (acide citrique), conservateurs (sorbate de potassium et bisulfite de sodium). Cacao minimum 52%. <strong>Peut contenir des \u0153ufs et des fruits \u00e0 coque.<\/strong><\/p>\n<p>4 VARI\u00c9T\u00c9S : Noix de coco : Sucre, <strong>Amande<\/strong> Marcona 22%, beurre de cacao, <strong>lait<\/strong> 10%, p\u00e2te de coco (noix de coco, sucre, <strong>lait<\/strong> noix de coco d\u00e9shydrat\u00e9e, huile de tournesol, graisse de coco, ar\u00f4me naturel de coco, maltodextrine, <strong>cas\u00e9inate<\/strong> sirop de sodium, noix de coco r\u00e2p\u00e9e, sirop de glucose, \u00e9mulsifiant (l\u00e9cithine de sodium, l\u00e9cithine de sodium) <strong>soja<\/strong>) et ar\u00f4me de vanille. Chocolat blanc : cacao 30% minimum. Orange : sucre, <strong>Amande<\/strong> Marcona 22%, beurre de cacao, <strong>lait<\/strong> poudre de cacao entier (10%), poudre de cacao, <strong>amandes<\/strong>ar\u00f4me de fleur d'oranger, ar\u00f4me de nectar, sirop de glucose, \u00e9mulsifiant (l\u00e9cithine de sirop de ma\u00efs), sirop, hydroxyde de sodium, sirop, \u00e9mulsifiant (l\u00e9cithine de sirop de ma\u00efs). <strong>soja<\/strong>) et ar\u00f4me de vanille. Chocolat blanc : cacao 30% minimum. Mangue et cannelle : sucre, <strong>Amande<\/strong> Marcona 22%, beurre de cacao, <strong>lait<\/strong> poudre de cacao entier 12%, poudre de cacao, <strong>noisette<\/strong>, pasta de mango (mango, extracto de frutas, regulador de acidez (\u00e1cido c\u00edtrico), az\u00facar, espesante (pectina de manzana), colorantes (betacaroteno, curcumina), aromas, inulina, conservadores (sorbato pot\u00e1sico, difosfato dis\u00f3dico, fosfato tric\u00e1lcico)), aroma de mango, aroma de canela, emulgente (lecitina de <strong>Soja<\/strong>) et ar\u00f4me naturel de vanille. Chocolat blanc : cacao 30% minimum. Tiramisu : sucre, beurre de cacao, <strong>Amande<\/strong> Marcona 22%, <strong>Lait<\/strong> semidesnatada en polvo 10%, cacao en polvo, pasta de tiramis\u00fa (jarabe de glucosa, aroma, colorantes (caramelo, tartracina*, amarillo anaranjado s*, rojo cochinilla A*), regulador de acidez ( \u00e1cido c\u00edtrico), conservador (sorbato de potasio)), mascarpone en polvo (2%) (mascarpone en polvo, <strong>lait<\/strong> poudre \u00e9cr\u00e9m\u00e9e, prot\u00e9ines <strong>lactique<\/strong>, antioxidante (lactobianato de calcio)), jarabe de glucosa, caf\u00e9 en polvo (1%), emulgente (lecitina de <strong>soja<\/strong>) et ar\u00f4me naturel de vanille. peut avoir des effets n\u00e9gatifs sur l'activit\u00e9 et l'attention des enfants. Chocolat blanc : cacao 30% min. Chocolat noir : cacao 70% min. <strong>Peut contenir des traces de s\u00e9same, d'\u0153uf et d'autres fruits \u00e0 coque. Convient aux c\u0153liaques.<\/strong><\/p>","protected":false},"excerpt":{"rendered":"<p>Un coffret sp\u00e9cial de la gamme Delicatessen by D\u00e9bora contenant : du nougat de Jijona, du nougat d'Alicante, du chocolat au lait et du nougat aux amandes, des orangettes fondantes au chocolat et 4 vari\u00e9t\u00e9s de chocolats aux amandes.<\/p>","protected":false},"featured_media":1923,"template":"","meta":{"_acf_changed":false,"inline_featured_image":false},"product_brand":[],"product_cat":[21,22,18],"product_tag":[],"class_list":{"0":"post-395","1":"product","2":"type-product","3":"status-publish","4":"has-post-thumbnail","6":"product_cat-delicatessen","7":"product_cat-estuches-de-regalo","8":"product_cat-turrones","10":"first","11":"instock","12":"taxable","13":"shipping-taxable","14":"purchasable","15":"product-type-simple"},"acf":[],"yoast_head":"<!-- This site is optimized with the Yoast SEO plugin v26.5 - https:\/\/yoast.com\/wordpress\/plugins\/seo\/ -->\n<title>Estuche Especial Delicatessen by D\u00e9bora | Pablo Garrig\u00f3s Ib\u00e1\u00f1ez<\/title>\n<meta name=\"description\" content=\"Disfruta del Estuche Especial Delicatessen by D\u00e9bora, una selecci\u00f3n exclusiva con turr\u00f3n de Jijona, Alicante, chocolate con leche y almendras, orangettes de chocolate fondant y bombones de almendra en 4 variedades. Ideal para los amantes del chocolate y turr\u00f3n.\" \/>\n<meta name=\"robots\" content=\"index, follow, max-snippet:-1, max-image-preview:large, max-video-preview:-1\" \/>\n<link rel=\"canonical\" href=\"https:\/\/pablogarrigos.com\/fr\/turrones\/estuche-especial-delicatessen-by-debora\/\" \/>\n<meta property=\"og:locale\" content=\"fr_FR\" \/>\n<meta property=\"og:type\" content=\"article\" \/>\n<meta property=\"og:title\" content=\"Estuche Especial Delicatessen by D\u00e9bora | Pablo Garrig\u00f3s Ib\u00e1\u00f1ez\" \/>\n<meta property=\"og:description\" content=\"Disfruta del Estuche Especial Delicatessen by D\u00e9bora, una selecci\u00f3n exclusiva con turr\u00f3n de Jijona, Alicante, chocolate con leche y almendras, orangettes de chocolate fondant y bombones de almendra en 4 variedades. Ideal para los amantes del chocolate y turr\u00f3n.\" \/>\n<meta property=\"og:url\" content=\"https:\/\/pablogarrigos.com\/fr\/turrones\/estuche-especial-delicatessen-by-debora\/\" \/>\n<meta property=\"og:site_name\" content=\"Pablo Garrig\u00f3s Iba\u00f1ez\" \/>\n<meta property=\"article:modified_time\" content=\"2025-11-19T15:21:18+00:00\" \/>\n<meta property=\"og:image\" content=\"https:\/\/pablogarrigos.com\/wp-content\/uploads\/2024\/02\/DELO03-Seleccion-Especial-Delicatessen-by-DEBORA-1-600-1.jpg\" \/>\n\t<meta property=\"og:image:width\" content=\"600\" \/>\n\t<meta property=\"og:image:height\" content=\"600\" \/>\n\t<meta property=\"og:image:type\" content=\"image\/jpeg\" \/>\n<meta name=\"twitter:card\" content=\"summary_large_image\" \/>\n<meta name=\"twitter:label1\" content=\"Dur\u00e9e de lecture estim\u00e9e\" \/>\n\t<meta name=\"twitter:data1\" content=\"3 minutes\" \/>\n<script type=\"application\/ld+json\" class=\"yoast-schema-graph\">{\"@context\":\"https:\/\/schema.org\",\"@graph\":[{\"@type\":\"WebPage\",\"@id\":\"https:\/\/pablogarrigos.com\/turrones\/estuche-especial-delicatessen-by-debora\/\",\"url\":\"https:\/\/pablogarrigos.com\/turrones\/estuche-especial-delicatessen-by-debora\/\",\"name\":\"Estuche Especial Delicatessen by D\u00e9bora | Pablo Garrig\u00f3s Ib\u00e1\u00f1ez\",\"isPartOf\":{\"@id\":\"https:\/\/pablogarrigos.com\/#website\"},\"primaryImageOfPage\":{\"@id\":\"https:\/\/pablogarrigos.com\/turrones\/estuche-especial-delicatessen-by-debora\/#primaryimage\"},\"image\":{\"@id\":\"https:\/\/pablogarrigos.com\/turrones\/estuche-especial-delicatessen-by-debora\/#primaryimage\"},\"thumbnailUrl\":\"https:\/\/pablogarrigos.com\/wp-content\/uploads\/2024\/02\/DELO03-Seleccion-Especial-Delicatessen-by-DEBORA-1-600-1.jpg\",\"datePublished\":\"2024-02-20T15:03:57+00:00\",\"dateModified\":\"2025-11-19T15:21:18+00:00\",\"description\":\"Disfruta del Estuche Especial Delicatessen by D\u00e9bora, una selecci\u00f3n exclusiva con turr\u00f3n de Jijona, Alicante, chocolate con leche y almendras, orangettes de chocolate fondant y bombones de almendra en 4 variedades. Ideal para los amantes del chocolate y turr\u00f3n.\",\"breadcrumb\":{\"@id\":\"https:\/\/pablogarrigos.com\/turrones\/estuche-especial-delicatessen-by-debora\/#breadcrumb\"},\"inLanguage\":\"fr-FR\",\"potentialAction\":[{\"@type\":\"ReadAction\",\"target\":[\"https:\/\/pablogarrigos.com\/turrones\/estuche-especial-delicatessen-by-debora\/\"]}]},{\"@type\":\"ImageObject\",\"inLanguage\":\"fr-FR\",\"@id\":\"https:\/\/pablogarrigos.com\/turrones\/estuche-especial-delicatessen-by-debora\/#primaryimage\",\"url\":\"https:\/\/pablogarrigos.com\/wp-content\/uploads\/2024\/02\/DELO03-Seleccion-Especial-Delicatessen-by-DEBORA-1-600-1.jpg\",\"contentUrl\":\"https:\/\/pablogarrigos.com\/wp-content\/uploads\/2024\/02\/DELO03-Seleccion-Especial-Delicatessen-by-DEBORA-1-600-1.jpg\",\"width\":600,\"height\":600},{\"@type\":\"BreadcrumbList\",\"@id\":\"https:\/\/pablogarrigos.com\/turrones\/estuche-especial-delicatessen-by-debora\/#breadcrumb\",\"itemListElement\":[{\"@type\":\"ListItem\",\"position\":1,\"name\":\"Home\",\"item\":\"https:\/\/pablogarrigos.com\/en\/\"},{\"@type\":\"ListItem\",\"position\":2,\"name\":\"Tienda\",\"item\":\"https:\/\/pablogarrigos.com\/en\/tienda\/\"},{\"@type\":\"ListItem\",\"position\":3,\"name\":\"Estuche Especial Delicatessen by D\u00e9bora\"}]},{\"@type\":\"WebSite\",\"@id\":\"https:\/\/pablogarrigos.com\/#website\",\"url\":\"https:\/\/pablogarrigos.com\/\",\"name\":\"Pablo Garrig\u00f3s Iba\u00f1ez\",\"description\":\"El Sentido del Gusto\",\"publisher\":{\"@id\":\"https:\/\/pablogarrigos.com\/#organization\"},\"potentialAction\":[{\"@type\":\"SearchAction\",\"target\":{\"@type\":\"EntryPoint\",\"urlTemplate\":\"https:\/\/pablogarrigos.com\/?s={search_term_string}\"},\"query-input\":{\"@type\":\"PropertyValueSpecification\",\"valueRequired\":true,\"valueName\":\"search_term_string\"}}],\"inLanguage\":\"fr-FR\"},{\"@type\":\"Organization\",\"@id\":\"https:\/\/pablogarrigos.com\/#organization\",\"name\":\"Pablo Garrig\u00f3s Iba\u00f1ez\",\"url\":\"https:\/\/pablogarrigos.com\/\",\"logo\":{\"@type\":\"ImageObject\",\"inLanguage\":\"fr-FR\",\"@id\":\"https:\/\/pablogarrigos.com\/#\/schema\/logo\/image\/\",\"url\":\"https:\/\/pablogarrigos.com\/wp-content\/uploads\/2024\/02\/logo-pablogarrigos.png\",\"contentUrl\":\"https:\/\/pablogarrigos.com\/wp-content\/uploads\/2024\/02\/logo-pablogarrigos.png\",\"width\":1247,\"height\":480,\"caption\":\"Pablo Garrig\u00f3s Iba\u00f1ez\"},\"image\":{\"@id\":\"https:\/\/pablogarrigos.com\/#\/schema\/logo\/image\/\"}}]}<\/script>\n<!-- \/ Yoast SEO plugin. -->","yoast_head_json":{"title":"Bo\u00eete \u00e0 charcuterie sp\u00e9ciale par D\u00e9bora Pablo Garrig\u00f3s Iba\u00f1ez","description":"Savourez le coffret sp\u00e9cial \u00e9picerie fine de D\u00e9bora, une s\u00e9lection exclusive de nougat de Jijona, Alicante, de chocolat au lait et aux amandes, d'orangettes au chocolat fondant et de chocolats aux amandes en 4 vari\u00e9t\u00e9s. Id\u00e9al pour les amateurs de chocolat et de nougat.","robots":{"index":"index","follow":"follow","max-snippet":"max-snippet:-1","max-image-preview":"max-image-preview:large","max-video-preview":"max-video-preview:-1"},"canonical":"https:\/\/pablogarrigos.com\/fr\/turrones\/estuche-especial-delicatessen-by-debora\/","og_locale":"fr_FR","og_type":"article","og_title":"Estuche Especial Delicatessen by D\u00e9bora | Pablo Garrig\u00f3s Ib\u00e1\u00f1ez","og_description":"Disfruta del Estuche Especial Delicatessen by D\u00e9bora, una selecci\u00f3n exclusiva con turr\u00f3n de Jijona, Alicante, chocolate con leche y almendras, orangettes de chocolate fondant y bombones de almendra en 4 variedades. Ideal para los amantes del chocolate y turr\u00f3n.","og_url":"https:\/\/pablogarrigos.com\/fr\/turrones\/estuche-especial-delicatessen-by-debora\/","og_site_name":"Pablo Garrig\u00f3s Iba\u00f1ez","article_modified_time":"2025-11-19T15:21:18+00:00","og_image":[{"width":600,"height":600,"url":"https:\/\/pablogarrigos.com\/wp-content\/uploads\/2024\/02\/DELO03-Seleccion-Especial-Delicatessen-by-DEBORA-1-600-1.jpg","type":"image\/jpeg"}],"twitter_card":"summary_large_image","twitter_misc":{"Dur\u00e9e de lecture estim\u00e9e":"3 minutes"},"schema":{"@context":"https:\/\/schema.org","@graph":[{"@type":"WebPage","@id":"https:\/\/pablogarrigos.com\/turrones\/estuche-especial-delicatessen-by-debora\/","url":"https:\/\/pablogarrigos.com\/turrones\/estuche-especial-delicatessen-by-debora\/","name":"Bo\u00eete \u00e0 charcuterie sp\u00e9ciale par D\u00e9bora Pablo Garrig\u00f3s Iba\u00f1ez","isPartOf":{"@id":"https:\/\/pablogarrigos.com\/#website"},"primaryImageOfPage":{"@id":"https:\/\/pablogarrigos.com\/turrones\/estuche-especial-delicatessen-by-debora\/#primaryimage"},"image":{"@id":"https:\/\/pablogarrigos.com\/turrones\/estuche-especial-delicatessen-by-debora\/#primaryimage"},"thumbnailUrl":"https:\/\/pablogarrigos.com\/wp-content\/uploads\/2024\/02\/DELO03-Seleccion-Especial-Delicatessen-by-DEBORA-1-600-1.jpg","datePublished":"2024-02-20T15:03:57+00:00","dateModified":"2025-11-19T15:21:18+00:00","description":"Savourez le coffret sp\u00e9cial \u00e9picerie fine de D\u00e9bora, une s\u00e9lection exclusive de nougat de Jijona, Alicante, de chocolat au lait et aux amandes, d'orangettes au chocolat fondant et de chocolats aux amandes en 4 vari\u00e9t\u00e9s. Id\u00e9al pour les amateurs de chocolat et de nougat.","breadcrumb":{"@id":"https:\/\/pablogarrigos.com\/turrones\/estuche-especial-delicatessen-by-debora\/#breadcrumb"},"inLanguage":"fr-FR","potentialAction":[{"@type":"ReadAction","target":["https:\/\/pablogarrigos.com\/turrones\/estuche-especial-delicatessen-by-debora\/"]}]},{"@type":"ImageObject","inLanguage":"fr-FR","@id":"https:\/\/pablogarrigos.com\/turrones\/estuche-especial-delicatessen-by-debora\/#primaryimage","url":"https:\/\/pablogarrigos.com\/wp-content\/uploads\/2024\/02\/DELO03-Seleccion-Especial-Delicatessen-by-DEBORA-1-600-1.jpg","contentUrl":"https:\/\/pablogarrigos.com\/wp-content\/uploads\/2024\/02\/DELO03-Seleccion-Especial-Delicatessen-by-DEBORA-1-600-1.jpg","width":600,"height":600},{"@type":"BreadcrumbList","@id":"https:\/\/pablogarrigos.com\/turrones\/estuche-especial-delicatessen-by-debora\/#breadcrumb","itemListElement":[{"@type":"ListItem","position":1,"name":"Home","item":"https:\/\/pablogarrigos.com\/en\/"},{"@type":"ListItem","position":2,"name":"Tienda","item":"https:\/\/pablogarrigos.com\/en\/tienda\/"},{"@type":"ListItem","position":3,"name":"Estuche Especial Delicatessen by D\u00e9bora"}]},{"@type":"WebSite","@id":"https:\/\/pablogarrigos.com\/#website","url":"https:\/\/pablogarrigos.com\/","name":"Pablo Garrig\u00f3s Iba\u00f1ez","description":"Le sens du go\u00fbt","publisher":{"@id":"https:\/\/pablogarrigos.com\/#organization"},"potentialAction":[{"@type":"SearchAction","target":{"@type":"EntryPoint","urlTemplate":"https:\/\/pablogarrigos.com\/?s={search_term_string}"},"query-input":{"@type":"PropertyValueSpecification","valueRequired":true,"valueName":"search_term_string"}}],"inLanguage":"fr-FR"},{"@type":"Organization","@id":"https:\/\/pablogarrigos.com\/#organization","name":"Pablo Garrig\u00f3s Iba\u00f1ez","url":"https:\/\/pablogarrigos.com\/","logo":{"@type":"ImageObject","inLanguage":"fr-FR","@id":"https:\/\/pablogarrigos.com\/#\/schema\/logo\/image\/","url":"https:\/\/pablogarrigos.com\/wp-content\/uploads\/2024\/02\/logo-pablogarrigos.png","contentUrl":"https:\/\/pablogarrigos.com\/wp-content\/uploads\/2024\/02\/logo-pablogarrigos.png","width":1247,"height":480,"caption":"Pablo Garrig\u00f3s Iba\u00f1ez"},"image":{"@id":"https:\/\/pablogarrigos.com\/#\/schema\/logo\/image\/"}}]}},"_links":{"self":[{"href":"https:\/\/pablogarrigos.com\/fr\/wp-json\/wp\/v2\/product\/395","targetHints":{"allow":["GET"]}}],"collection":[{"href":"https:\/\/pablogarrigos.com\/fr\/wp-json\/wp\/v2\/product"}],"about":[{"href":"https:\/\/pablogarrigos.com\/fr\/wp-json\/wp\/v2\/types\/product"}],"wp:featuredmedia":[{"embeddable":true,"href":"https:\/\/pablogarrigos.com\/fr\/wp-json\/wp\/v2\/media\/1923"}],"wp:attachment":[{"href":"https:\/\/pablogarrigos.com\/fr\/wp-json\/wp\/v2\/media?parent=395"}],"wp:term":[{"taxonomy":"product_brand","embeddable":true,"href":"https:\/\/pablogarrigos.com\/fr\/wp-json\/wp\/v2\/product_brand?post=395"},{"taxonomy":"product_cat","embeddable":true,"href":"https:\/\/pablogarrigos.com\/fr\/wp-json\/wp\/v2\/product_cat?post=395"},{"taxonomy":"product_tag","embeddable":true,"href":"https:\/\/pablogarrigos.com\/fr\/wp-json\/wp\/v2\/product_tag?post=395"}],"curies":[{"name":"wp","href":"https:\/\/api.w.org\/{rel}","templated":true}]}}