{"id":393,"date":"2024-02-20T16:01:57","date_gmt":"2024-02-20T15:01:57","guid":{"rendered":"https:\/\/pablogarrigos.com\/index.php\/product\/seleccion-especial-delicatessen\/"},"modified":"2025-11-25T20:22:14","modified_gmt":"2025-11-25T19:22:14","slug":"seleccion-especial-delicatessen","status":"publish","type":"product","link":"https:\/\/pablogarrigos.com\/fr\/estuches-de-regalo\/seleccion-especial-delicatessen\/","title":{"rendered":"S\u00e9lection sp\u00e9ciale d'\u00e9picerie fine"},"content":{"rendered":"<p>TURR\u00d3N DE JIJONA : <strong>Amande<\/strong> 74%, miel de fleurs d'oranger 17%, sucre et blanc d'\u0153uf 74%, miel de fleurs d'oranger 74%, sucre et blanc d'\u0153uf 74% <strong>\u0153uf<\/strong>. <strong>Peut contenir des traces de s\u00e9same et de noisette. <\/strong> TURR\u00d3N DE ALICANTE : <strong>Amande<\/strong> 68%, miel de romarin 16%, sucre, sirop de glucose, surface de gaufrette (amidon de pomme de terre et huile de tournesol) et blanc d'\u0153uf 68%, sucre, sirop de glucose, surface de gaufrette (amidon de pomme de terre et huile de tournesol) et blanc d'\u0153uf <strong>\u0153uf<\/strong>. <strong>Peut contenir des traces de s\u00e9same et de noisettes. <\/strong>NOUGAT FONDANT AU CHOCOLAT AVEC DES AMANDES : <strong>Amande<\/strong> Marcona 40 %, p\u00e2te de cacao, sucre, beurre de cacao, l\u00e9cithine de cacao, p\u00e2te de cacao, beurre de cacao, beurre de cacao, p\u00e2te de cacao, beurre de cacao, beurre de cacao, beurre de cacao, beurre de cacao, beurre de cacao, beurre de cacao, beurre de cacao, beurre de cacao. <strong>soja<\/strong>ar\u00f4me naturel de vanille. <strong>Peut contenir du soja, du lait, des fruits \u00e0 coque, du s\u00e9same et des sulfites.<\/strong> BONBONS AUX AMANDES MARMOR\u00c9ENNES ET AU NOUGAT DE JIJONA : <strong>Amande<\/strong> Marcona, sucre, beurre de cacao, <strong>lait<\/strong> poudre de cacao entier, p\u00e2te de cacao, poudre de cacao d\u00e9graiss\u00e9e, \u00e9mulsifiant (l\u00e9cithine de cacao, beurre de cacao, p\u00e2te de cacao), poudre de cacao, \u00e9mulsifiant (l\u00e9cithine de beurre de cacao). <strong>soja<\/strong>), aroma de vainilla, turr\u00f3n de Jijona (10%) (<strong>amande<\/strong> toast, miel de fleur d'oranger, sucre et blanc d'\u0153uf. <strong>\u0153uf<\/strong>), enrobage (maltodextrine, huile de coco, huile de colza), \u00e9paississant (gomme xanthane), conservateur (sorbate de potassium), sirop de glucose et ar\u00f4me nougat. <strong>Peut contenir du lait, du soja et des \u0153ufs.<\/strong> FRUIT CHOCOLATE COCOA ET FONDANT DE CHOCOLAT : Sucre, noix de coco 22%, p\u00e2te de cacao, poudre de cacao, beurre de cacao, poudre de cacao (extraits secs de cacao), beurre de cacao, p\u00e2te de cacao, beurre de cacao, poudre de cacao (extraits secs de cacao). <strong>lait<\/strong> noix de coco, maltodextrine et <strong>cas\u00e9inate<\/strong> l\u00e9cithine de sodium), noix de coco r\u00e2p\u00e9e, \u00e9mulsifiant (l\u00e9cithine de sodium), huile d'olive, huile d'olive, huile d'olive, huile d'olive, huile d'olive. <strong>soja<\/strong>), ar\u00f4me naturel de vanille. Enrobage minimum de chocolat noir 70%. <strong>Peut contenir des traces d'oeufs, d'arachides, de lait et d'autres fruits \u00e0 coque. <\/strong>FRUIT CHOCOLATE FIG &amp; CHOCOLATE FOUNDING : Sucre, figue 22%, p\u00e2te de cacao, poudre de cacao, beurre de cacao, \u00e9mulsifiant (l\u00e9cithine de cacao), beurre de cacao, beurre de cacao, p\u00e2te de cacao, poudre de cacao, beurre de cacao. <strong>soja<\/strong>), ar\u00f4me naturel de vanille et enrobage (maltodextrine, sirop de glucose, huile de coco, huile de colza). Enrobage minimum de chocolat noir 70%. <strong>Peut contenir des traces d'oeufs, d'arachides, de lait et d'autres fruits \u00e0 coque. <\/strong>FRUITS 8 VARIETADES : Sucre, pulpe de fruits 35% (pomme, abricot), sirop de glucose, eau, g\u00e9lifiant (pectine), eau, correcteur d'acidit\u00e9 (acide citrique), ar\u00f4mes (fraise, mandarine, ananas, raisin, abricot, framboise, prune et pomme), colorants (riboflavine, acide carminique, chlorophylle, lut\u00e9ine, rouge de betterave et hibiscus). <strong>Peut contenir des traces de lait, d'\u0153uf, de soja et de sulfites.<\/strong><\/p>","protected":false},"excerpt":{"rendered":"<p>S\u00e9lection sp\u00e9ciale d'\u00e9picerie fine<\/p>","protected":false},"featured_media":394,"template":"","meta":{"_acf_changed":false,"inline_featured_image":false},"product_brand":[],"product_cat":[21,22,18],"product_tag":[],"class_list":{"0":"post-393","1":"product","2":"type-product","3":"status-publish","4":"has-post-thumbnail","6":"product_cat-delicatessen","7":"product_cat-estuches-de-regalo","8":"product_cat-turrones","10":"first","11":"outofstock","12":"taxable","13":"shipping-taxable","14":"purchasable","15":"product-type-simple"},"acf":[],"yoast_head":"<!-- This site is optimized with the Yoast SEO plugin v26.5 - https:\/\/yoast.com\/wordpress\/plugins\/seo\/ -->\n<title>Selecci\u00f3n Especial Delicatessen | Pablo Garrig\u00f3s Ib\u00e1\u00f1ez<\/title>\n<meta name=\"description\" content=\"Descubre la Selecci\u00f3n Especial Delicatessen de Pablo Garrig\u00f3s Ib\u00e1\u00f1ez, incluyendo Turrones de Jijona, Alicante, Chocolate Fondant, Bombones de Almendra, Fruit Chocolate y Fruit\u00e9 8 Variedades. Una experiencia gourmet \u00fanica.\" \/>\n<meta name=\"robots\" content=\"index, follow, max-snippet:-1, max-image-preview:large, max-video-preview:-1\" \/>\n<link rel=\"canonical\" href=\"https:\/\/pablogarrigos.com\/fr\/estuches-de-regalo\/seleccion-especial-delicatessen\/\" \/>\n<meta property=\"og:locale\" content=\"fr_FR\" \/>\n<meta property=\"og:type\" content=\"article\" \/>\n<meta property=\"og:title\" content=\"Selecci\u00f3n Especial Delicatessen | Pablo Garrig\u00f3s Ib\u00e1\u00f1ez\" \/>\n<meta property=\"og:description\" content=\"Descubre la Selecci\u00f3n Especial Delicatessen de Pablo Garrig\u00f3s Ib\u00e1\u00f1ez, incluyendo Turrones de Jijona, Alicante, Chocolate Fondant, Bombones de Almendra, Fruit Chocolate y Fruit\u00e9 8 Variedades. Una experiencia gourmet \u00fanica.\" \/>\n<meta property=\"og:url\" content=\"https:\/\/pablogarrigos.com\/fr\/estuches-de-regalo\/seleccion-especial-delicatessen\/\" \/>\n<meta property=\"og:site_name\" content=\"Pablo Garrig\u00f3s Iba\u00f1ez\" \/>\n<meta property=\"article:modified_time\" content=\"2025-11-25T19:22:14+00:00\" \/>\n<meta property=\"og:image\" content=\"https:\/\/pablogarrigos.com\/wp-content\/uploads\/2024\/02\/Estuche-delicatessen_.jpg\" \/>\n\t<meta property=\"og:image:width\" content=\"600\" \/>\n\t<meta property=\"og:image:height\" content=\"600\" \/>\n\t<meta property=\"og:image:type\" content=\"image\/jpeg\" \/>\n<meta name=\"twitter:card\" content=\"summary_large_image\" \/>\n<meta name=\"twitter:label1\" content=\"Dur\u00e9e de lecture estim\u00e9e\" \/>\n\t<meta name=\"twitter:data1\" content=\"2 minutes\" \/>\n<script type=\"application\/ld+json\" class=\"yoast-schema-graph\">{\"@context\":\"https:\/\/schema.org\",\"@graph\":[{\"@type\":\"WebPage\",\"@id\":\"https:\/\/pablogarrigos.com\/estuches-de-regalo\/seleccion-especial-delicatessen\/\",\"url\":\"https:\/\/pablogarrigos.com\/estuches-de-regalo\/seleccion-especial-delicatessen\/\",\"name\":\"Selecci\u00f3n Especial Delicatessen | Pablo Garrig\u00f3s Ib\u00e1\u00f1ez\",\"isPartOf\":{\"@id\":\"https:\/\/pablogarrigos.com\/#website\"},\"primaryImageOfPage\":{\"@id\":\"https:\/\/pablogarrigos.com\/estuches-de-regalo\/seleccion-especial-delicatessen\/#primaryimage\"},\"image\":{\"@id\":\"https:\/\/pablogarrigos.com\/estuches-de-regalo\/seleccion-especial-delicatessen\/#primaryimage\"},\"thumbnailUrl\":\"https:\/\/pablogarrigos.com\/wp-content\/uploads\/2024\/02\/Estuche-delicatessen_.jpg\",\"datePublished\":\"2024-02-20T15:01:57+00:00\",\"dateModified\":\"2025-11-25T19:22:14+00:00\",\"description\":\"Descubre la Selecci\u00f3n Especial Delicatessen de Pablo Garrig\u00f3s Ib\u00e1\u00f1ez, incluyendo Turrones de Jijona, Alicante, Chocolate Fondant, Bombones de Almendra, Fruit Chocolate y Fruit\u00e9 8 Variedades. Una experiencia gourmet \u00fanica.\",\"breadcrumb\":{\"@id\":\"https:\/\/pablogarrigos.com\/estuches-de-regalo\/seleccion-especial-delicatessen\/#breadcrumb\"},\"inLanguage\":\"fr-FR\",\"potentialAction\":[{\"@type\":\"ReadAction\",\"target\":[\"https:\/\/pablogarrigos.com\/estuches-de-regalo\/seleccion-especial-delicatessen\/\"]}]},{\"@type\":\"ImageObject\",\"inLanguage\":\"fr-FR\",\"@id\":\"https:\/\/pablogarrigos.com\/estuches-de-regalo\/seleccion-especial-delicatessen\/#primaryimage\",\"url\":\"https:\/\/pablogarrigos.com\/wp-content\/uploads\/2024\/02\/Estuche-delicatessen_.jpg\",\"contentUrl\":\"https:\/\/pablogarrigos.com\/wp-content\/uploads\/2024\/02\/Estuche-delicatessen_.jpg\",\"width\":600,\"height\":600},{\"@type\":\"BreadcrumbList\",\"@id\":\"https:\/\/pablogarrigos.com\/estuches-de-regalo\/seleccion-especial-delicatessen\/#breadcrumb\",\"itemListElement\":[{\"@type\":\"ListItem\",\"position\":1,\"name\":\"Home\",\"item\":\"https:\/\/pablogarrigos.com\/en\/\"},{\"@type\":\"ListItem\",\"position\":2,\"name\":\"Tienda\",\"item\":\"https:\/\/pablogarrigos.com\/en\/tienda\/\"},{\"@type\":\"ListItem\",\"position\":3,\"name\":\"Selecci\u00f3n Especial Delicatessen\"}]},{\"@type\":\"WebSite\",\"@id\":\"https:\/\/pablogarrigos.com\/#website\",\"url\":\"https:\/\/pablogarrigos.com\/\",\"name\":\"Pablo Garrig\u00f3s Iba\u00f1ez\",\"description\":\"El Sentido del Gusto\",\"publisher\":{\"@id\":\"https:\/\/pablogarrigos.com\/#organization\"},\"potentialAction\":[{\"@type\":\"SearchAction\",\"target\":{\"@type\":\"EntryPoint\",\"urlTemplate\":\"https:\/\/pablogarrigos.com\/?s={search_term_string}\"},\"query-input\":{\"@type\":\"PropertyValueSpecification\",\"valueRequired\":true,\"valueName\":\"search_term_string\"}}],\"inLanguage\":\"fr-FR\"},{\"@type\":\"Organization\",\"@id\":\"https:\/\/pablogarrigos.com\/#organization\",\"name\":\"Pablo Garrig\u00f3s Iba\u00f1ez\",\"url\":\"https:\/\/pablogarrigos.com\/\",\"logo\":{\"@type\":\"ImageObject\",\"inLanguage\":\"fr-FR\",\"@id\":\"https:\/\/pablogarrigos.com\/#\/schema\/logo\/image\/\",\"url\":\"https:\/\/pablogarrigos.com\/wp-content\/uploads\/2024\/02\/logo-pablogarrigos.png\",\"contentUrl\":\"https:\/\/pablogarrigos.com\/wp-content\/uploads\/2024\/02\/logo-pablogarrigos.png\",\"width\":1247,\"height\":480,\"caption\":\"Pablo Garrig\u00f3s Iba\u00f1ez\"},\"image\":{\"@id\":\"https:\/\/pablogarrigos.com\/#\/schema\/logo\/image\/\"}}]}<\/script>\n<!-- \/ Yoast SEO plugin. -->","yoast_head_json":{"title":"S\u00e9lection sp\u00e9ciale d'\u00e9picerie fine | Pablo Garrig\u00f3s Ib\u00e1\u00f1ez","description":"D\u00e9couvrez la s\u00e9lection sp\u00e9ciale d'\u00e9picerie fine de Pablo Garrig\u00f3s Ib\u00e1\u00f1ez, notamment les Turrones de Jijona, Alicante, le Fondant au chocolat, les Bonbons aux amandes, le Chocolat aux fruits et Fruit\u00e9 8 vari\u00e9t\u00e9s. Une exp\u00e9rience gastronomique unique.","robots":{"index":"index","follow":"follow","max-snippet":"max-snippet:-1","max-image-preview":"max-image-preview:large","max-video-preview":"max-video-preview:-1"},"canonical":"https:\/\/pablogarrigos.com\/fr\/estuches-de-regalo\/seleccion-especial-delicatessen\/","og_locale":"fr_FR","og_type":"article","og_title":"Selecci\u00f3n Especial Delicatessen | Pablo Garrig\u00f3s Ib\u00e1\u00f1ez","og_description":"Descubre la Selecci\u00f3n Especial Delicatessen de Pablo Garrig\u00f3s Ib\u00e1\u00f1ez, incluyendo Turrones de Jijona, Alicante, Chocolate Fondant, Bombones de Almendra, Fruit Chocolate y Fruit\u00e9 8 Variedades. Una experiencia gourmet \u00fanica.","og_url":"https:\/\/pablogarrigos.com\/fr\/estuches-de-regalo\/seleccion-especial-delicatessen\/","og_site_name":"Pablo Garrig\u00f3s Iba\u00f1ez","article_modified_time":"2025-11-25T19:22:14+00:00","og_image":[{"width":600,"height":600,"url":"https:\/\/pablogarrigos.com\/wp-content\/uploads\/2024\/02\/Estuche-delicatessen_.jpg","type":"image\/jpeg"}],"twitter_card":"summary_large_image","twitter_misc":{"Dur\u00e9e de lecture estim\u00e9e":"2 minutes"},"schema":{"@context":"https:\/\/schema.org","@graph":[{"@type":"WebPage","@id":"https:\/\/pablogarrigos.com\/estuches-de-regalo\/seleccion-especial-delicatessen\/","url":"https:\/\/pablogarrigos.com\/estuches-de-regalo\/seleccion-especial-delicatessen\/","name":"S\u00e9lection sp\u00e9ciale d'\u00e9picerie fine | Pablo Garrig\u00f3s Ib\u00e1\u00f1ez","isPartOf":{"@id":"https:\/\/pablogarrigos.com\/#website"},"primaryImageOfPage":{"@id":"https:\/\/pablogarrigos.com\/estuches-de-regalo\/seleccion-especial-delicatessen\/#primaryimage"},"image":{"@id":"https:\/\/pablogarrigos.com\/estuches-de-regalo\/seleccion-especial-delicatessen\/#primaryimage"},"thumbnailUrl":"https:\/\/pablogarrigos.com\/wp-content\/uploads\/2024\/02\/Estuche-delicatessen_.jpg","datePublished":"2024-02-20T15:01:57+00:00","dateModified":"2025-11-25T19:22:14+00:00","description":"D\u00e9couvrez la s\u00e9lection sp\u00e9ciale d'\u00e9picerie fine de Pablo Garrig\u00f3s Ib\u00e1\u00f1ez, notamment les Turrones de Jijona, Alicante, le Fondant au chocolat, les Bonbons aux amandes, le Chocolat aux fruits et Fruit\u00e9 8 vari\u00e9t\u00e9s. Une exp\u00e9rience gastronomique unique.","breadcrumb":{"@id":"https:\/\/pablogarrigos.com\/estuches-de-regalo\/seleccion-especial-delicatessen\/#breadcrumb"},"inLanguage":"fr-FR","potentialAction":[{"@type":"ReadAction","target":["https:\/\/pablogarrigos.com\/estuches-de-regalo\/seleccion-especial-delicatessen\/"]}]},{"@type":"ImageObject","inLanguage":"fr-FR","@id":"https:\/\/pablogarrigos.com\/estuches-de-regalo\/seleccion-especial-delicatessen\/#primaryimage","url":"https:\/\/pablogarrigos.com\/wp-content\/uploads\/2024\/02\/Estuche-delicatessen_.jpg","contentUrl":"https:\/\/pablogarrigos.com\/wp-content\/uploads\/2024\/02\/Estuche-delicatessen_.jpg","width":600,"height":600},{"@type":"BreadcrumbList","@id":"https:\/\/pablogarrigos.com\/estuches-de-regalo\/seleccion-especial-delicatessen\/#breadcrumb","itemListElement":[{"@type":"ListItem","position":1,"name":"Home","item":"https:\/\/pablogarrigos.com\/en\/"},{"@type":"ListItem","position":2,"name":"Tienda","item":"https:\/\/pablogarrigos.com\/en\/tienda\/"},{"@type":"ListItem","position":3,"name":"Selecci\u00f3n Especial Delicatessen"}]},{"@type":"WebSite","@id":"https:\/\/pablogarrigos.com\/#website","url":"https:\/\/pablogarrigos.com\/","name":"Pablo Garrig\u00f3s Iba\u00f1ez","description":"Le sens du go\u00fbt","publisher":{"@id":"https:\/\/pablogarrigos.com\/#organization"},"potentialAction":[{"@type":"SearchAction","target":{"@type":"EntryPoint","urlTemplate":"https:\/\/pablogarrigos.com\/?s={search_term_string}"},"query-input":{"@type":"PropertyValueSpecification","valueRequired":true,"valueName":"search_term_string"}}],"inLanguage":"fr-FR"},{"@type":"Organization","@id":"https:\/\/pablogarrigos.com\/#organization","name":"Pablo Garrig\u00f3s Iba\u00f1ez","url":"https:\/\/pablogarrigos.com\/","logo":{"@type":"ImageObject","inLanguage":"fr-FR","@id":"https:\/\/pablogarrigos.com\/#\/schema\/logo\/image\/","url":"https:\/\/pablogarrigos.com\/wp-content\/uploads\/2024\/02\/logo-pablogarrigos.png","contentUrl":"https:\/\/pablogarrigos.com\/wp-content\/uploads\/2024\/02\/logo-pablogarrigos.png","width":1247,"height":480,"caption":"Pablo Garrig\u00f3s Iba\u00f1ez"},"image":{"@id":"https:\/\/pablogarrigos.com\/#\/schema\/logo\/image\/"}}]}},"_links":{"self":[{"href":"https:\/\/pablogarrigos.com\/fr\/wp-json\/wp\/v2\/product\/393","targetHints":{"allow":["GET"]}}],"collection":[{"href":"https:\/\/pablogarrigos.com\/fr\/wp-json\/wp\/v2\/product"}],"about":[{"href":"https:\/\/pablogarrigos.com\/fr\/wp-json\/wp\/v2\/types\/product"}],"wp:featuredmedia":[{"embeddable":true,"href":"https:\/\/pablogarrigos.com\/fr\/wp-json\/wp\/v2\/media\/394"}],"wp:attachment":[{"href":"https:\/\/pablogarrigos.com\/fr\/wp-json\/wp\/v2\/media?parent=393"}],"wp:term":[{"taxonomy":"product_brand","embeddable":true,"href":"https:\/\/pablogarrigos.com\/fr\/wp-json\/wp\/v2\/product_brand?post=393"},{"taxonomy":"product_cat","embeddable":true,"href":"https:\/\/pablogarrigos.com\/fr\/wp-json\/wp\/v2\/product_cat?post=393"},{"taxonomy":"product_tag","embeddable":true,"href":"https:\/\/pablogarrigos.com\/fr\/wp-json\/wp\/v2\/product_tag?post=393"}],"curies":[{"name":"wp","href":"https:\/\/api.w.org\/{rel}","templated":true}]}}