{"id":380,"date":"2024-02-20T10:04:57","date_gmt":"2024-02-20T09:04:57","guid":{"rendered":"https:\/\/pablogarrigos.com\/index.php\/product\/torta-de-turron-de-guirlache-con-ajonjoli-delicatessen-200-g\/"},"modified":"2025-11-13T12:09:35","modified_gmt":"2025-11-13T11:09:35","slug":"torta-de-turron-de-guirlache-con-ajonjoli-delicatessen-200-g","status":"publish","type":"product","link":"https:\/\/pablogarrigos.com\/fr\/turrones\/delicatessen\/torta-de-turron-de-guirlache-con-ajonjoli-delicatessen-200-g\/","title":{"rendered":"G\u00e2teau au nougat de Guirlache et au s\u00e9same Delicatessen 200g"},"content":{"rendered":"<p><strong>Amande<\/strong> Marcona avec peau grill\u00e9e s\u00e9lectionn\u00e9e 64%, miel de romarin 15%, sucre, sirop de glucose, <strong>ajonjol\u00ed (5%)<\/strong> et la gaufre de surface (amidon de pomme de terre et huile de tournesol). <strong>Peut contenir des traces de blanc d'\u0153uf et de noisette.<\/strong><\/p>\n<p><strong>Conservar en un lugar fresco y seco. 18\u00ba-22\u00baC.<\/strong><\/p>","protected":false},"excerpt":{"rendered":"<p>G\u00e2teau de nougat de Guirlache au s\u00e9same Delicatessen 200 g.<\/p>","protected":false},"featured_media":381,"template":"","meta":{"_acf_changed":false,"inline_featured_image":false},"product_brand":[],"product_cat":[21,18],"product_tag":[],"class_list":{"0":"post-380","1":"product","2":"type-product","3":"status-publish","4":"has-post-thumbnail","6":"product_cat-delicatessen","7":"product_cat-turrones","9":"first","10":"instock","11":"taxable","12":"shipping-taxable","13":"purchasable","14":"product-type-simple"},"acf":[],"yoast_head":"<!-- This site is optimized with the Yoast SEO plugin v26.5 - https:\/\/yoast.com\/wordpress\/plugins\/seo\/ -->\n<title>Torta de Turr\u00f3n de Guirlache con Ajonjol\u00ed Delicatessen | Pablo Garrig\u00f3s Ib\u00e1\u00f1ez<\/title>\n<meta name=\"description\" content=\"La Torta de Turr\u00f3n de Guirlache con Ajonjol\u00ed Delicatessen de Pablo Garrig\u00f3s Ib\u00e1\u00f1ez combina la mejor almendra marcona tostada, miel de romero y ajonjol\u00ed en una creaci\u00f3n \u00fanica.\" \/>\n<meta name=\"robots\" content=\"index, follow, max-snippet:-1, max-image-preview:large, max-video-preview:-1\" \/>\n<link rel=\"canonical\" href=\"https:\/\/pablogarrigos.com\/fr\/turrones\/delicatessen\/torta-de-turron-de-guirlache-con-ajonjoli-delicatessen-200-g\/\" \/>\n<meta property=\"og:locale\" content=\"fr_FR\" \/>\n<meta property=\"og:type\" content=\"article\" \/>\n<meta property=\"og:title\" content=\"Torta de Turr\u00f3n de Guirlache con Ajonjol\u00ed Delicatessen | Pablo Garrig\u00f3s Ib\u00e1\u00f1ez\" \/>\n<meta property=\"og:description\" content=\"La Torta de Turr\u00f3n de Guirlache con Ajonjol\u00ed Delicatessen de Pablo Garrig\u00f3s Ib\u00e1\u00f1ez combina la mejor almendra marcona tostada, miel de romero y ajonjol\u00ed en una creaci\u00f3n \u00fanica.\" \/>\n<meta property=\"og:url\" content=\"https:\/\/pablogarrigos.com\/fr\/turrones\/delicatessen\/torta-de-turron-de-guirlache-con-ajonjoli-delicatessen-200-g\/\" \/>\n<meta property=\"og:site_name\" content=\"Pablo Garrig\u00f3s Iba\u00f1ez\" \/>\n<meta property=\"article:modified_time\" content=\"2025-11-13T11:09:35+00:00\" \/>\n<meta property=\"og:image\" content=\"https:\/\/pablogarrigos.com\/wp-content\/uploads\/2024\/02\/torta-turron-de-guirlache-con-ajonjoli-delicatessen-200g.jpg\" \/>\n\t<meta property=\"og:image:width\" content=\"600\" \/>\n\t<meta property=\"og:image:height\" content=\"600\" \/>\n\t<meta property=\"og:image:type\" content=\"image\/jpeg\" \/>\n<meta name=\"twitter:card\" content=\"summary_large_image\" \/>\n<meta name=\"twitter:label1\" content=\"Dur\u00e9e de lecture estim\u00e9e\" \/>\n\t<meta name=\"twitter:data1\" content=\"1 minute\" \/>\n<script type=\"application\/ld+json\" class=\"yoast-schema-graph\">{\"@context\":\"https:\/\/schema.org\",\"@graph\":[{\"@type\":\"WebPage\",\"@id\":\"https:\/\/pablogarrigos.com\/turrones\/delicatessen\/torta-de-turron-de-guirlache-con-ajonjoli-delicatessen-200-g\/\",\"url\":\"https:\/\/pablogarrigos.com\/turrones\/delicatessen\/torta-de-turron-de-guirlache-con-ajonjoli-delicatessen-200-g\/\",\"name\":\"Torta de Turr\u00f3n de Guirlache con Ajonjol\u00ed Delicatessen | Pablo Garrig\u00f3s Ib\u00e1\u00f1ez\",\"isPartOf\":{\"@id\":\"https:\/\/pablogarrigos.com\/#website\"},\"primaryImageOfPage\":{\"@id\":\"https:\/\/pablogarrigos.com\/turrones\/delicatessen\/torta-de-turron-de-guirlache-con-ajonjoli-delicatessen-200-g\/#primaryimage\"},\"image\":{\"@id\":\"https:\/\/pablogarrigos.com\/turrones\/delicatessen\/torta-de-turron-de-guirlache-con-ajonjoli-delicatessen-200-g\/#primaryimage\"},\"thumbnailUrl\":\"https:\/\/pablogarrigos.com\/wp-content\/uploads\/2024\/02\/torta-turron-de-guirlache-con-ajonjoli-delicatessen-200g.jpg\",\"datePublished\":\"2024-02-20T09:04:57+00:00\",\"dateModified\":\"2025-11-13T11:09:35+00:00\",\"description\":\"La Torta de Turr\u00f3n de Guirlache con Ajonjol\u00ed Delicatessen de Pablo Garrig\u00f3s Ib\u00e1\u00f1ez combina la mejor almendra marcona tostada, miel de romero y ajonjol\u00ed en una creaci\u00f3n \u00fanica.\",\"breadcrumb\":{\"@id\":\"https:\/\/pablogarrigos.com\/turrones\/delicatessen\/torta-de-turron-de-guirlache-con-ajonjoli-delicatessen-200-g\/#breadcrumb\"},\"inLanguage\":\"fr-FR\",\"potentialAction\":[{\"@type\":\"ReadAction\",\"target\":[\"https:\/\/pablogarrigos.com\/turrones\/delicatessen\/torta-de-turron-de-guirlache-con-ajonjoli-delicatessen-200-g\/\"]}]},{\"@type\":\"ImageObject\",\"inLanguage\":\"fr-FR\",\"@id\":\"https:\/\/pablogarrigos.com\/turrones\/delicatessen\/torta-de-turron-de-guirlache-con-ajonjoli-delicatessen-200-g\/#primaryimage\",\"url\":\"https:\/\/pablogarrigos.com\/wp-content\/uploads\/2024\/02\/torta-turron-de-guirlache-con-ajonjoli-delicatessen-200g.jpg\",\"contentUrl\":\"https:\/\/pablogarrigos.com\/wp-content\/uploads\/2024\/02\/torta-turron-de-guirlache-con-ajonjoli-delicatessen-200g.jpg\",\"width\":600,\"height\":600},{\"@type\":\"BreadcrumbList\",\"@id\":\"https:\/\/pablogarrigos.com\/turrones\/delicatessen\/torta-de-turron-de-guirlache-con-ajonjoli-delicatessen-200-g\/#breadcrumb\",\"itemListElement\":[{\"@type\":\"ListItem\",\"position\":1,\"name\":\"Home\",\"item\":\"https:\/\/pablogarrigos.com\/en\/\"},{\"@type\":\"ListItem\",\"position\":2,\"name\":\"Tienda\",\"item\":\"https:\/\/pablogarrigos.com\/en\/tienda\/\"},{\"@type\":\"ListItem\",\"position\":3,\"name\":\"Torta de Turr\u00f3n de Guirlache con Ajonjol\u00ed Delicatessen 200g\"}]},{\"@type\":\"WebSite\",\"@id\":\"https:\/\/pablogarrigos.com\/#website\",\"url\":\"https:\/\/pablogarrigos.com\/\",\"name\":\"Pablo Garrig\u00f3s Iba\u00f1ez\",\"description\":\"El Sentido del Gusto\",\"publisher\":{\"@id\":\"https:\/\/pablogarrigos.com\/#organization\"},\"potentialAction\":[{\"@type\":\"SearchAction\",\"target\":{\"@type\":\"EntryPoint\",\"urlTemplate\":\"https:\/\/pablogarrigos.com\/?s={search_term_string}\"},\"query-input\":{\"@type\":\"PropertyValueSpecification\",\"valueRequired\":true,\"valueName\":\"search_term_string\"}}],\"inLanguage\":\"fr-FR\"},{\"@type\":\"Organization\",\"@id\":\"https:\/\/pablogarrigos.com\/#organization\",\"name\":\"Pablo Garrig\u00f3s Iba\u00f1ez\",\"url\":\"https:\/\/pablogarrigos.com\/\",\"logo\":{\"@type\":\"ImageObject\",\"inLanguage\":\"fr-FR\",\"@id\":\"https:\/\/pablogarrigos.com\/#\/schema\/logo\/image\/\",\"url\":\"https:\/\/pablogarrigos.com\/wp-content\/uploads\/2024\/02\/logo-pablogarrigos.png\",\"contentUrl\":\"https:\/\/pablogarrigos.com\/wp-content\/uploads\/2024\/02\/logo-pablogarrigos.png\",\"width\":1247,\"height\":480,\"caption\":\"Pablo Garrig\u00f3s Iba\u00f1ez\"},\"image\":{\"@id\":\"https:\/\/pablogarrigos.com\/#\/schema\/logo\/image\/\"}}]}<\/script>\n<!-- \/ Yoast SEO plugin. -->","yoast_head_json":{"title":"Torta de Turr\u00f3n de Guirlache with Sesame Delicatessen | Pablo Garrig\u00f3s Ib\u00e1\u00f1ez","description":"La Torta de Turr\u00f3n de Guirlache con Ajonjol\u00ed Delicatessen de Pablo Garrig\u00f3s Ib\u00e1\u00f1ez associe les meilleures amandes marcona grill\u00e9es, du miel de romarin et des graines de s\u00e9same dans une cr\u00e9ation unique.","robots":{"index":"index","follow":"follow","max-snippet":"max-snippet:-1","max-image-preview":"max-image-preview:large","max-video-preview":"max-video-preview:-1"},"canonical":"https:\/\/pablogarrigos.com\/fr\/turrones\/delicatessen\/torta-de-turron-de-guirlache-con-ajonjoli-delicatessen-200-g\/","og_locale":"fr_FR","og_type":"article","og_title":"Torta de Turr\u00f3n de Guirlache con Ajonjol\u00ed Delicatessen | Pablo Garrig\u00f3s Ib\u00e1\u00f1ez","og_description":"La Torta de Turr\u00f3n de Guirlache con Ajonjol\u00ed Delicatessen de Pablo Garrig\u00f3s Ib\u00e1\u00f1ez combina la mejor almendra marcona tostada, miel de romero y ajonjol\u00ed en una creaci\u00f3n \u00fanica.","og_url":"https:\/\/pablogarrigos.com\/fr\/turrones\/delicatessen\/torta-de-turron-de-guirlache-con-ajonjoli-delicatessen-200-g\/","og_site_name":"Pablo Garrig\u00f3s Iba\u00f1ez","article_modified_time":"2025-11-13T11:09:35+00:00","og_image":[{"width":600,"height":600,"url":"https:\/\/pablogarrigos.com\/wp-content\/uploads\/2024\/02\/torta-turron-de-guirlache-con-ajonjoli-delicatessen-200g.jpg","type":"image\/jpeg"}],"twitter_card":"summary_large_image","twitter_misc":{"Dur\u00e9e de lecture estim\u00e9e":"1 minute"},"schema":{"@context":"https:\/\/schema.org","@graph":[{"@type":"WebPage","@id":"https:\/\/pablogarrigos.com\/turrones\/delicatessen\/torta-de-turron-de-guirlache-con-ajonjoli-delicatessen-200-g\/","url":"https:\/\/pablogarrigos.com\/turrones\/delicatessen\/torta-de-turron-de-guirlache-con-ajonjoli-delicatessen-200-g\/","name":"Torta de Turr\u00f3n de Guirlache with Sesame Delicatessen | Pablo Garrig\u00f3s Ib\u00e1\u00f1ez","isPartOf":{"@id":"https:\/\/pablogarrigos.com\/#website"},"primaryImageOfPage":{"@id":"https:\/\/pablogarrigos.com\/turrones\/delicatessen\/torta-de-turron-de-guirlache-con-ajonjoli-delicatessen-200-g\/#primaryimage"},"image":{"@id":"https:\/\/pablogarrigos.com\/turrones\/delicatessen\/torta-de-turron-de-guirlache-con-ajonjoli-delicatessen-200-g\/#primaryimage"},"thumbnailUrl":"https:\/\/pablogarrigos.com\/wp-content\/uploads\/2024\/02\/torta-turron-de-guirlache-con-ajonjoli-delicatessen-200g.jpg","datePublished":"2024-02-20T09:04:57+00:00","dateModified":"2025-11-13T11:09:35+00:00","description":"La Torta de Turr\u00f3n de Guirlache con Ajonjol\u00ed Delicatessen de Pablo Garrig\u00f3s Ib\u00e1\u00f1ez associe les meilleures amandes marcona grill\u00e9es, du miel de romarin et des graines de s\u00e9same dans une cr\u00e9ation unique.","breadcrumb":{"@id":"https:\/\/pablogarrigos.com\/turrones\/delicatessen\/torta-de-turron-de-guirlache-con-ajonjoli-delicatessen-200-g\/#breadcrumb"},"inLanguage":"fr-FR","potentialAction":[{"@type":"ReadAction","target":["https:\/\/pablogarrigos.com\/turrones\/delicatessen\/torta-de-turron-de-guirlache-con-ajonjoli-delicatessen-200-g\/"]}]},{"@type":"ImageObject","inLanguage":"fr-FR","@id":"https:\/\/pablogarrigos.com\/turrones\/delicatessen\/torta-de-turron-de-guirlache-con-ajonjoli-delicatessen-200-g\/#primaryimage","url":"https:\/\/pablogarrigos.com\/wp-content\/uploads\/2024\/02\/torta-turron-de-guirlache-con-ajonjoli-delicatessen-200g.jpg","contentUrl":"https:\/\/pablogarrigos.com\/wp-content\/uploads\/2024\/02\/torta-turron-de-guirlache-con-ajonjoli-delicatessen-200g.jpg","width":600,"height":600},{"@type":"BreadcrumbList","@id":"https:\/\/pablogarrigos.com\/turrones\/delicatessen\/torta-de-turron-de-guirlache-con-ajonjoli-delicatessen-200-g\/#breadcrumb","itemListElement":[{"@type":"ListItem","position":1,"name":"Home","item":"https:\/\/pablogarrigos.com\/en\/"},{"@type":"ListItem","position":2,"name":"Tienda","item":"https:\/\/pablogarrigos.com\/en\/tienda\/"},{"@type":"ListItem","position":3,"name":"Torta de Turr\u00f3n de Guirlache con Ajonjol\u00ed Delicatessen 200g"}]},{"@type":"WebSite","@id":"https:\/\/pablogarrigos.com\/#website","url":"https:\/\/pablogarrigos.com\/","name":"Pablo Garrig\u00f3s Iba\u00f1ez","description":"Le sens du go\u00fbt","publisher":{"@id":"https:\/\/pablogarrigos.com\/#organization"},"potentialAction":[{"@type":"SearchAction","target":{"@type":"EntryPoint","urlTemplate":"https:\/\/pablogarrigos.com\/?s={search_term_string}"},"query-input":{"@type":"PropertyValueSpecification","valueRequired":true,"valueName":"search_term_string"}}],"inLanguage":"fr-FR"},{"@type":"Organization","@id":"https:\/\/pablogarrigos.com\/#organization","name":"Pablo Garrig\u00f3s Iba\u00f1ez","url":"https:\/\/pablogarrigos.com\/","logo":{"@type":"ImageObject","inLanguage":"fr-FR","@id":"https:\/\/pablogarrigos.com\/#\/schema\/logo\/image\/","url":"https:\/\/pablogarrigos.com\/wp-content\/uploads\/2024\/02\/logo-pablogarrigos.png","contentUrl":"https:\/\/pablogarrigos.com\/wp-content\/uploads\/2024\/02\/logo-pablogarrigos.png","width":1247,"height":480,"caption":"Pablo Garrig\u00f3s Iba\u00f1ez"},"image":{"@id":"https:\/\/pablogarrigos.com\/#\/schema\/logo\/image\/"}}]}},"_links":{"self":[{"href":"https:\/\/pablogarrigos.com\/fr\/wp-json\/wp\/v2\/product\/380","targetHints":{"allow":["GET"]}}],"collection":[{"href":"https:\/\/pablogarrigos.com\/fr\/wp-json\/wp\/v2\/product"}],"about":[{"href":"https:\/\/pablogarrigos.com\/fr\/wp-json\/wp\/v2\/types\/product"}],"wp:featuredmedia":[{"embeddable":true,"href":"https:\/\/pablogarrigos.com\/fr\/wp-json\/wp\/v2\/media\/381"}],"wp:attachment":[{"href":"https:\/\/pablogarrigos.com\/fr\/wp-json\/wp\/v2\/media?parent=380"}],"wp:term":[{"taxonomy":"product_brand","embeddable":true,"href":"https:\/\/pablogarrigos.com\/fr\/wp-json\/wp\/v2\/product_brand?post=380"},{"taxonomy":"product_cat","embeddable":true,"href":"https:\/\/pablogarrigos.com\/fr\/wp-json\/wp\/v2\/product_cat?post=380"},{"taxonomy":"product_tag","embeddable":true,"href":"https:\/\/pablogarrigos.com\/fr\/wp-json\/wp\/v2\/product_tag?post=380"}],"curies":[{"name":"wp","href":"https:\/\/api.w.org\/{rel}","templated":true}]}}