{"id":366,"date":"2024-02-20T09:11:23","date_gmt":"2024-02-20T08:11:23","guid":{"rendered":"https:\/\/pablogarrigos.com\/index.php\/product\/petit-delicatessen-100-g\/"},"modified":"2025-11-13T12:04:05","modified_gmt":"2025-11-13T11:04:05","slug":"petit-delicatessen-100-g","status":"publish","type":"product","link":"https:\/\/pablogarrigos.com\/fr\/turrones\/delicatessen\/petit-delicatessen-100-g\/","title":{"rendered":"Petit Delicatessen 100g"},"content":{"rendered":"<p>Nougat d'Alicante : <strong>amande<\/strong> 68%, miel de romarin 16%, sucre, sirop de glucose, gaufrettes de surface (amidon de pomme de terre et huile de tournesol) et blanc d'\u0153uf 68%. <strong>\u0153uf<\/strong>. <strong>Peut contenir des traces de s\u00e9same et de noisette. <\/strong>Nougat aux graines de s\u00e9same : <strong>amande<\/strong> marcona avec peau grill\u00e9e s\u00e9lectionn\u00e9e 64%, miel de romarin 15%, sucre, sirop de glucose, <strong>s\u00e9same<\/strong> et la gaufre de surface (amidon de pomme de terre et huile de tournesol). <strong>Peut contenir des traces de blanc d'\u0153uf et de noisette. <\/strong>Chocolat au lait et nougat aux amandes : <strong>amande<\/strong> Marcona 40% s\u00e9lectionn\u00e9es et torr\u00e9fi\u00e9es, sucre, beurre de cacao, <strong>lait<\/strong> poudre de cacao entier 11%, masse de cacao, <strong>lactos\u00e9rum<\/strong> poudre, \u00e9mulsifiant (lactine de <strong>soja<\/strong>) et ar\u00f4me naturel de vanille. Cacao minimum 30%. <strong>Peut contenir des traces d'autres fruits \u00e0 coque. <\/strong>Nougat fondant au chocolat avec des amandes : <strong>amande<\/strong> Marcona 40% torr\u00e9fi\u00e9 s\u00e9lectionn\u00e9, p\u00e2te de cacao, sucre, beurre de cacao, \u00e9mulsifiant (l\u00e9cithine de cacao), p\u00e2te de cacao, beurre de cacao, p\u00e2te de cacao, beurre de cacao, \u00e9mulsifiant (l\u00e9cithine de cacao), beurre de cacao. <strong>soja<\/strong>) et ar\u00f4me naturel de vanille. Cacao minimum 52%. <strong>Peut contenir des traces de lait et d'autres fruits \u00e0 coque.<\/strong><\/p>\n<p><strong>Conservar en un lugar fresco y seco. 18\u00ba-22\u00baC.<\/strong><\/p>","protected":false},"excerpt":{"rendered":"<p>Petites portions de notre nougat Delicatessen.<\/p>","protected":false},"featured_media":367,"template":"","meta":{"_acf_changed":false,"inline_featured_image":false},"product_brand":[],"product_cat":[20,21,18],"product_tag":[],"class_list":{"0":"post-366","1":"product","2":"type-product","3":"status-publish","4":"has-post-thumbnail","6":"product_cat-chocolates-y-fruites","7":"product_cat-delicatessen","8":"product_cat-turrones","10":"first","11":"instock","12":"taxable","13":"shipping-taxable","14":"purchasable","15":"product-type-simple"},"acf":[],"yoast_head":"<!-- This site is optimized with the Yoast SEO plugin v26.5 - https:\/\/yoast.com\/wordpress\/plugins\/seo\/ -->\n<title>Petit Delicatessen | Selecci\u00f3n Exclusiva | Pablo Garrig\u00f3s Ib\u00e1\u00f1ez<\/title>\n<meta name=\"description\" content=\"Disfruta de la Petit Delicatessen de Pablo Garrig\u00f3s Ib\u00e1\u00f1ez, una caja con una selecci\u00f3n exclusiva de turrones especiales. Desde el intenso Chocolate Fondant con Almendras al tradicional Turr\u00f3n de Alicante, cada pieza promete una experiencia gourmet inolvidable.\" \/>\n<meta name=\"robots\" content=\"index, follow, max-snippet:-1, max-image-preview:large, max-video-preview:-1\" \/>\n<link rel=\"canonical\" href=\"https:\/\/pablogarrigos.com\/fr\/turrones\/delicatessen\/petit-delicatessen-100-g\/\" \/>\n<meta property=\"og:locale\" content=\"fr_FR\" \/>\n<meta property=\"og:type\" content=\"article\" \/>\n<meta property=\"og:title\" content=\"Petit Delicatessen | Selecci\u00f3n Exclusiva | Pablo Garrig\u00f3s Ib\u00e1\u00f1ez\" \/>\n<meta property=\"og:description\" content=\"Disfruta de la Petit Delicatessen de Pablo Garrig\u00f3s Ib\u00e1\u00f1ez, una caja con una selecci\u00f3n exclusiva de turrones especiales. Desde el intenso Chocolate Fondant con Almendras al tradicional Turr\u00f3n de Alicante, cada pieza promete una experiencia gourmet inolvidable.\" \/>\n<meta property=\"og:url\" content=\"https:\/\/pablogarrigos.com\/fr\/turrones\/delicatessen\/petit-delicatessen-100-g\/\" \/>\n<meta property=\"og:site_name\" content=\"Pablo Garrig\u00f3s Iba\u00f1ez\" \/>\n<meta property=\"article:modified_time\" content=\"2025-11-13T11:04:05+00:00\" \/>\n<meta property=\"og:image\" content=\"https:\/\/pablogarrigos.com\/wp-content\/uploads\/2024\/02\/Petit-Delicatessen-Turron-de-Alicante-800x800-1.jpg\" \/>\n\t<meta property=\"og:image:width\" content=\"800\" \/>\n\t<meta property=\"og:image:height\" content=\"800\" \/>\n\t<meta property=\"og:image:type\" content=\"image\/jpeg\" \/>\n<meta name=\"twitter:card\" content=\"summary_large_image\" \/>\n<meta name=\"twitter:label1\" content=\"Dur\u00e9e de lecture estim\u00e9e\" \/>\n\t<meta name=\"twitter:data1\" content=\"2 minutes\" \/>\n<script type=\"application\/ld+json\" class=\"yoast-schema-graph\">{\"@context\":\"https:\/\/schema.org\",\"@graph\":[{\"@type\":\"WebPage\",\"@id\":\"https:\/\/pablogarrigos.com\/turrones\/delicatessen\/petit-delicatessen-100-g\/\",\"url\":\"https:\/\/pablogarrigos.com\/turrones\/delicatessen\/petit-delicatessen-100-g\/\",\"name\":\"Petit Delicatessen | Selecci\u00f3n Exclusiva | Pablo Garrig\u00f3s Ib\u00e1\u00f1ez\",\"isPartOf\":{\"@id\":\"https:\/\/pablogarrigos.com\/#website\"},\"primaryImageOfPage\":{\"@id\":\"https:\/\/pablogarrigos.com\/turrones\/delicatessen\/petit-delicatessen-100-g\/#primaryimage\"},\"image\":{\"@id\":\"https:\/\/pablogarrigos.com\/turrones\/delicatessen\/petit-delicatessen-100-g\/#primaryimage\"},\"thumbnailUrl\":\"https:\/\/pablogarrigos.com\/wp-content\/uploads\/2024\/02\/Petit-Delicatessen-Turron-de-Alicante-800x800-1.jpg\",\"datePublished\":\"2024-02-20T08:11:23+00:00\",\"dateModified\":\"2025-11-13T11:04:05+00:00\",\"description\":\"Disfruta de la Petit Delicatessen de Pablo Garrig\u00f3s Ib\u00e1\u00f1ez, una caja con una selecci\u00f3n exclusiva de turrones especiales. Desde el intenso Chocolate Fondant con Almendras al tradicional Turr\u00f3n de Alicante, cada pieza promete una experiencia gourmet inolvidable.\",\"breadcrumb\":{\"@id\":\"https:\/\/pablogarrigos.com\/turrones\/delicatessen\/petit-delicatessen-100-g\/#breadcrumb\"},\"inLanguage\":\"fr-FR\",\"potentialAction\":[{\"@type\":\"ReadAction\",\"target\":[\"https:\/\/pablogarrigos.com\/turrones\/delicatessen\/petit-delicatessen-100-g\/\"]}]},{\"@type\":\"ImageObject\",\"inLanguage\":\"fr-FR\",\"@id\":\"https:\/\/pablogarrigos.com\/turrones\/delicatessen\/petit-delicatessen-100-g\/#primaryimage\",\"url\":\"https:\/\/pablogarrigos.com\/wp-content\/uploads\/2024\/02\/Petit-Delicatessen-Turron-de-Alicante-800x800-1.jpg\",\"contentUrl\":\"https:\/\/pablogarrigos.com\/wp-content\/uploads\/2024\/02\/Petit-Delicatessen-Turron-de-Alicante-800x800-1.jpg\",\"width\":800,\"height\":800,\"caption\":\"Petiri Delicatessen Turrones Pablo Garrig\u00f3s Ib\u00e1\u00f1ez\"},{\"@type\":\"BreadcrumbList\",\"@id\":\"https:\/\/pablogarrigos.com\/turrones\/delicatessen\/petit-delicatessen-100-g\/#breadcrumb\",\"itemListElement\":[{\"@type\":\"ListItem\",\"position\":1,\"name\":\"Home\",\"item\":\"https:\/\/pablogarrigos.com\/en\/\"},{\"@type\":\"ListItem\",\"position\":2,\"name\":\"Tienda\",\"item\":\"https:\/\/pablogarrigos.com\/en\/tienda\/\"},{\"@type\":\"ListItem\",\"position\":3,\"name\":\"Petit Delicatessen 100g\"}]},{\"@type\":\"WebSite\",\"@id\":\"https:\/\/pablogarrigos.com\/#website\",\"url\":\"https:\/\/pablogarrigos.com\/\",\"name\":\"Pablo Garrig\u00f3s Iba\u00f1ez\",\"description\":\"El Sentido del Gusto\",\"publisher\":{\"@id\":\"https:\/\/pablogarrigos.com\/#organization\"},\"potentialAction\":[{\"@type\":\"SearchAction\",\"target\":{\"@type\":\"EntryPoint\",\"urlTemplate\":\"https:\/\/pablogarrigos.com\/?s={search_term_string}\"},\"query-input\":{\"@type\":\"PropertyValueSpecification\",\"valueRequired\":true,\"valueName\":\"search_term_string\"}}],\"inLanguage\":\"fr-FR\"},{\"@type\":\"Organization\",\"@id\":\"https:\/\/pablogarrigos.com\/#organization\",\"name\":\"Pablo Garrig\u00f3s Iba\u00f1ez\",\"url\":\"https:\/\/pablogarrigos.com\/\",\"logo\":{\"@type\":\"ImageObject\",\"inLanguage\":\"fr-FR\",\"@id\":\"https:\/\/pablogarrigos.com\/#\/schema\/logo\/image\/\",\"url\":\"https:\/\/pablogarrigos.com\/wp-content\/uploads\/2024\/02\/logo-pablogarrigos.png\",\"contentUrl\":\"https:\/\/pablogarrigos.com\/wp-content\/uploads\/2024\/02\/logo-pablogarrigos.png\",\"width\":1247,\"height\":480,\"caption\":\"Pablo Garrig\u00f3s Iba\u00f1ez\"},\"image\":{\"@id\":\"https:\/\/pablogarrigos.com\/#\/schema\/logo\/image\/\"}}]}<\/script>\n<!-- \/ Yoast SEO plugin. -->","yoast_head_json":{"title":"Petit Delicatessen | S\u00e9lection exclusive | Pablo Garrig\u00f3s Ib\u00e1\u00f1ez","description":"Savourez le Petit Delicatessen de Pablo Garrig\u00f3s Ib\u00e1\u00f1ez, un coffret contenant une s\u00e9lection exclusive de nougats sp\u00e9ciaux. Du fondant intense au chocolat et aux amandes au traditionnel nougat d'Alicante, chaque pi\u00e8ce promet une exp\u00e9rience gastronomique inoubliable.","robots":{"index":"index","follow":"follow","max-snippet":"max-snippet:-1","max-image-preview":"max-image-preview:large","max-video-preview":"max-video-preview:-1"},"canonical":"https:\/\/pablogarrigos.com\/fr\/turrones\/delicatessen\/petit-delicatessen-100-g\/","og_locale":"fr_FR","og_type":"article","og_title":"Petit Delicatessen | Selecci\u00f3n Exclusiva | Pablo Garrig\u00f3s Ib\u00e1\u00f1ez","og_description":"Disfruta de la Petit Delicatessen de Pablo Garrig\u00f3s Ib\u00e1\u00f1ez, una caja con una selecci\u00f3n exclusiva de turrones especiales. Desde el intenso Chocolate Fondant con Almendras al tradicional Turr\u00f3n de Alicante, cada pieza promete una experiencia gourmet inolvidable.","og_url":"https:\/\/pablogarrigos.com\/fr\/turrones\/delicatessen\/petit-delicatessen-100-g\/","og_site_name":"Pablo Garrig\u00f3s Iba\u00f1ez","article_modified_time":"2025-11-13T11:04:05+00:00","og_image":[{"width":800,"height":800,"url":"https:\/\/pablogarrigos.com\/wp-content\/uploads\/2024\/02\/Petit-Delicatessen-Turron-de-Alicante-800x800-1.jpg","type":"image\/jpeg"}],"twitter_card":"summary_large_image","twitter_misc":{"Dur\u00e9e de lecture estim\u00e9e":"2 minutes"},"schema":{"@context":"https:\/\/schema.org","@graph":[{"@type":"WebPage","@id":"https:\/\/pablogarrigos.com\/turrones\/delicatessen\/petit-delicatessen-100-g\/","url":"https:\/\/pablogarrigos.com\/turrones\/delicatessen\/petit-delicatessen-100-g\/","name":"Petit Delicatessen | S\u00e9lection exclusive | Pablo Garrig\u00f3s Ib\u00e1\u00f1ez","isPartOf":{"@id":"https:\/\/pablogarrigos.com\/#website"},"primaryImageOfPage":{"@id":"https:\/\/pablogarrigos.com\/turrones\/delicatessen\/petit-delicatessen-100-g\/#primaryimage"},"image":{"@id":"https:\/\/pablogarrigos.com\/turrones\/delicatessen\/petit-delicatessen-100-g\/#primaryimage"},"thumbnailUrl":"https:\/\/pablogarrigos.com\/wp-content\/uploads\/2024\/02\/Petit-Delicatessen-Turron-de-Alicante-800x800-1.jpg","datePublished":"2024-02-20T08:11:23+00:00","dateModified":"2025-11-13T11:04:05+00:00","description":"Savourez le Petit Delicatessen de Pablo Garrig\u00f3s Ib\u00e1\u00f1ez, un coffret contenant une s\u00e9lection exclusive de nougats sp\u00e9ciaux. Du fondant intense au chocolat et aux amandes au traditionnel nougat d'Alicante, chaque pi\u00e8ce promet une exp\u00e9rience gastronomique inoubliable.","breadcrumb":{"@id":"https:\/\/pablogarrigos.com\/turrones\/delicatessen\/petit-delicatessen-100-g\/#breadcrumb"},"inLanguage":"fr-FR","potentialAction":[{"@type":"ReadAction","target":["https:\/\/pablogarrigos.com\/turrones\/delicatessen\/petit-delicatessen-100-g\/"]}]},{"@type":"ImageObject","inLanguage":"fr-FR","@id":"https:\/\/pablogarrigos.com\/turrones\/delicatessen\/petit-delicatessen-100-g\/#primaryimage","url":"https:\/\/pablogarrigos.com\/wp-content\/uploads\/2024\/02\/Petit-Delicatessen-Turron-de-Alicante-800x800-1.jpg","contentUrl":"https:\/\/pablogarrigos.com\/wp-content\/uploads\/2024\/02\/Petit-Delicatessen-Turron-de-Alicante-800x800-1.jpg","width":800,"height":800,"caption":"Petiri Delicatessen Turrones Pablo Garrig\u00f3s Ib\u00e1\u00f1ez"},{"@type":"BreadcrumbList","@id":"https:\/\/pablogarrigos.com\/turrones\/delicatessen\/petit-delicatessen-100-g\/#breadcrumb","itemListElement":[{"@type":"ListItem","position":1,"name":"Home","item":"https:\/\/pablogarrigos.com\/en\/"},{"@type":"ListItem","position":2,"name":"Tienda","item":"https:\/\/pablogarrigos.com\/en\/tienda\/"},{"@type":"ListItem","position":3,"name":"Petit Delicatessen 100g"}]},{"@type":"WebSite","@id":"https:\/\/pablogarrigos.com\/#website","url":"https:\/\/pablogarrigos.com\/","name":"Pablo Garrig\u00f3s Iba\u00f1ez","description":"Le sens du go\u00fbt","publisher":{"@id":"https:\/\/pablogarrigos.com\/#organization"},"potentialAction":[{"@type":"SearchAction","target":{"@type":"EntryPoint","urlTemplate":"https:\/\/pablogarrigos.com\/?s={search_term_string}"},"query-input":{"@type":"PropertyValueSpecification","valueRequired":true,"valueName":"search_term_string"}}],"inLanguage":"fr-FR"},{"@type":"Organization","@id":"https:\/\/pablogarrigos.com\/#organization","name":"Pablo Garrig\u00f3s Iba\u00f1ez","url":"https:\/\/pablogarrigos.com\/","logo":{"@type":"ImageObject","inLanguage":"fr-FR","@id":"https:\/\/pablogarrigos.com\/#\/schema\/logo\/image\/","url":"https:\/\/pablogarrigos.com\/wp-content\/uploads\/2024\/02\/logo-pablogarrigos.png","contentUrl":"https:\/\/pablogarrigos.com\/wp-content\/uploads\/2024\/02\/logo-pablogarrigos.png","width":1247,"height":480,"caption":"Pablo Garrig\u00f3s Iba\u00f1ez"},"image":{"@id":"https:\/\/pablogarrigos.com\/#\/schema\/logo\/image\/"}}]}},"_links":{"self":[{"href":"https:\/\/pablogarrigos.com\/fr\/wp-json\/wp\/v2\/product\/366","targetHints":{"allow":["GET"]}}],"collection":[{"href":"https:\/\/pablogarrigos.com\/fr\/wp-json\/wp\/v2\/product"}],"about":[{"href":"https:\/\/pablogarrigos.com\/fr\/wp-json\/wp\/v2\/types\/product"}],"wp:featuredmedia":[{"embeddable":true,"href":"https:\/\/pablogarrigos.com\/fr\/wp-json\/wp\/v2\/media\/367"}],"wp:attachment":[{"href":"https:\/\/pablogarrigos.com\/fr\/wp-json\/wp\/v2\/media?parent=366"}],"wp:term":[{"taxonomy":"product_brand","embeddable":true,"href":"https:\/\/pablogarrigos.com\/fr\/wp-json\/wp\/v2\/product_brand?post=366"},{"taxonomy":"product_cat","embeddable":true,"href":"https:\/\/pablogarrigos.com\/fr\/wp-json\/wp\/v2\/product_cat?post=366"},{"taxonomy":"product_tag","embeddable":true,"href":"https:\/\/pablogarrigos.com\/fr\/wp-json\/wp\/v2\/product_tag?post=366"}],"curies":[{"name":"wp","href":"https:\/\/api.w.org\/{rel}","templated":true}]}}