{"id":359,"date":"2024-02-20T09:10:23","date_gmt":"2024-02-20T08:10:23","guid":{"rendered":"https:\/\/pablogarrigos.com\/index.php\/product\/estuche-10-porciones-variadas-delicatessen-170-g\/"},"modified":"2025-11-13T12:01:28","modified_gmt":"2025-11-13T11:01:28","slug":"estuche-10-porciones-variadas-delicatessen-170-g","status":"publish","type":"product","link":"https:\/\/pablogarrigos.com\/fr\/turrones\/delicatessen\/estuche-10-porciones-variadas-delicatessen-170-g\/","title":{"rendered":"Etui de 10 portions assorties Delicatessen 170g"},"content":{"rendered":"<p>Nougat d'Alicante : <strong>amande<\/strong> 68%, miel de romarin 16%, sucre, sirop de glucose, gaufrettes de surface (amidon de pomme de terre et huile de tournesol) et blanc d'\u0153uf 68%. <strong>\u0153uf<\/strong>. <strong>Peut contenir des traces de s\u00e9same et de noisette.<\/strong><\/p>\n<p>Nougat au chocolat au lait avec noix de macadamia : <strong>noyer<\/strong> de <strong>macadamia<\/strong> 30% s\u00e9lectionn\u00e9es et torr\u00e9fi\u00e9es, sucre, beurre de cacao, <strong>lait<\/strong> poudre de cacao entier 13%, masse de cacao, <strong>lactos\u00e9rum<\/strong> poudre, \u00e9mulsifiant (l\u00e9cithine d'huile v\u00e9g\u00e9tale), \u00e9mulsifiant (l\u00e9cithine d'huile v\u00e9g\u00e9tale), \u00e9mulsifiant (l\u00e9cithine d'huile v\u00e9g\u00e9tale), et <strong>soja<\/strong>) et ar\u00f4me naturel de vanille. Cacao minimum 30%. <strong>Peut contenir des traces d'autres fruits \u00e0 coque.<\/strong><\/p>\n<p>Nougat aux graines de s\u00e9same : <strong>amande<\/strong> Marcona avec peau grill\u00e9e s\u00e9lectionn\u00e9e 64%, miel de romarin 15%, sucre, sirop de glucose, <strong>s\u00e9same<\/strong> et la gaufre de surface (amidon de pomme de terre et huile de tournesol). <strong>Peut contenir des traces d'\u0153uf et de noisette.<\/strong><\/p>\n<p>Chocolat au lait et nougat aux amandes : <strong>amande<\/strong> Marcona 40% s\u00e9lectionn\u00e9es et torr\u00e9fi\u00e9es, sucre, beurre de cacao, <strong>lait<\/strong> poudre de cacao entier 11%, masse de cacao, <strong>lactos\u00e9rum<\/strong> poudre, \u00e9mulsifiant (lactine de soja) et ar\u00f4me naturel de vanille. Cacao minimum 30%. <strong>Peut contenir des traces d'autres fruits \u00e0 coque.<\/strong><\/p>\n<p>Nougat fondant au chocolat avec des amandes : <strong>amande<\/strong> Marcona 40% torr\u00e9fi\u00e9 s\u00e9lectionn\u00e9, p\u00e2te de cacao, sucre, beurre de cacao, \u00e9mulsifiant (l\u00e9cithine de cacao), p\u00e2te de cacao, beurre de cacao, p\u00e2te de cacao, beurre de cacao, \u00e9mulsifiant (l\u00e9cithine de cacao), beurre de cacao. <strong>soja<\/strong>) et ar\u00f4me naturel de vanille. Cacao minimum 52%. <strong>Peut contenir des traces de lait et d'autres fruits \u00e0 coque.<\/p>\n<p>Conservar en un lugar fresco y seco. 18\u00ba-22\u00baC.<br \/>\n<\/strong><\/p>","protected":false},"excerpt":{"rendered":"<p>Bo\u00eete sp\u00e9ciale de 10 portions assorties de la gamme Delicatessen. D\u00e9lices de Pablo Garrig\u00f3s Ib\u00e1\u00f1ez en format 170 grammes.<\/p>","protected":false},"featured_media":360,"template":"","meta":{"_acf_changed":false,"inline_featured_image":false},"product_brand":[],"product_cat":[20,21,18],"product_tag":[],"class_list":{"0":"post-359","1":"product","2":"type-product","3":"status-publish","4":"has-post-thumbnail","6":"product_cat-chocolates-y-fruites","7":"product_cat-delicatessen","8":"product_cat-turrones","10":"first","11":"instock","12":"taxable","13":"shipping-taxable","14":"purchasable","15":"product-type-simple"},"acf":[],"yoast_head":"<!-- This site is optimized with the Yoast SEO plugin v26.5 - https:\/\/yoast.com\/wordpress\/plugins\/seo\/ -->\n<title>Estuche 10 Porciones Variadas Delicatessen | Pablo Garrig\u00f3s Ib\u00e1\u00f1ez<\/title>\n<meta name=\"description\" content=\"Estuche de 10 Porciones Variadas Delicatessen de Pablo Garrig\u00f3s Ib\u00e1\u00f1ez, una selecci\u00f3n exquisita que captura la esencia de la tradici\u00f3n en cada bocado. Ideal para regalar o disfrutar.\" \/>\n<meta name=\"robots\" content=\"index, follow, max-snippet:-1, max-image-preview:large, max-video-preview:-1\" \/>\n<link rel=\"canonical\" href=\"https:\/\/pablogarrigos.com\/fr\/turrones\/delicatessen\/estuche-10-porciones-variadas-delicatessen-170-g\/\" \/>\n<meta property=\"og:locale\" content=\"fr_FR\" \/>\n<meta property=\"og:type\" content=\"article\" \/>\n<meta property=\"og:title\" content=\"Estuche 10 Porciones Variadas Delicatessen | Pablo Garrig\u00f3s Ib\u00e1\u00f1ez\" \/>\n<meta property=\"og:description\" content=\"Estuche de 10 Porciones Variadas Delicatessen de Pablo Garrig\u00f3s Ib\u00e1\u00f1ez, una selecci\u00f3n exquisita que captura la esencia de la tradici\u00f3n en cada bocado. Ideal para regalar o disfrutar.\" \/>\n<meta property=\"og:url\" content=\"https:\/\/pablogarrigos.com\/fr\/turrones\/delicatessen\/estuche-10-porciones-variadas-delicatessen-170-g\/\" \/>\n<meta property=\"og:site_name\" content=\"Pablo Garrig\u00f3s Iba\u00f1ez\" \/>\n<meta property=\"article:modified_time\" content=\"2025-11-13T11:01:28+00:00\" \/>\n<meta property=\"og:image\" content=\"https:\/\/pablogarrigos.com\/wp-content\/uploads\/2024\/02\/turrones-porciones-individuales-delicatessen.jpg\" \/>\n\t<meta property=\"og:image:width\" content=\"600\" \/>\n\t<meta property=\"og:image:height\" content=\"600\" \/>\n\t<meta property=\"og:image:type\" content=\"image\/jpeg\" \/>\n<meta name=\"twitter:card\" content=\"summary_large_image\" \/>\n<meta name=\"twitter:label1\" content=\"Dur\u00e9e de lecture estim\u00e9e\" \/>\n\t<meta name=\"twitter:data1\" content=\"2 minutes\" \/>\n<script type=\"application\/ld+json\" class=\"yoast-schema-graph\">{\"@context\":\"https:\/\/schema.org\",\"@graph\":[{\"@type\":\"WebPage\",\"@id\":\"https:\/\/pablogarrigos.com\/turrones\/delicatessen\/estuche-10-porciones-variadas-delicatessen-170-g\/\",\"url\":\"https:\/\/pablogarrigos.com\/turrones\/delicatessen\/estuche-10-porciones-variadas-delicatessen-170-g\/\",\"name\":\"Estuche 10 Porciones Variadas Delicatessen | Pablo Garrig\u00f3s Ib\u00e1\u00f1ez\",\"isPartOf\":{\"@id\":\"https:\/\/pablogarrigos.com\/#website\"},\"primaryImageOfPage\":{\"@id\":\"https:\/\/pablogarrigos.com\/turrones\/delicatessen\/estuche-10-porciones-variadas-delicatessen-170-g\/#primaryimage\"},\"image\":{\"@id\":\"https:\/\/pablogarrigos.com\/turrones\/delicatessen\/estuche-10-porciones-variadas-delicatessen-170-g\/#primaryimage\"},\"thumbnailUrl\":\"https:\/\/pablogarrigos.com\/wp-content\/uploads\/2024\/02\/turrones-porciones-individuales-delicatessen.jpg\",\"datePublished\":\"2024-02-20T08:10:23+00:00\",\"dateModified\":\"2025-11-13T11:01:28+00:00\",\"description\":\"Estuche de 10 Porciones Variadas Delicatessen de Pablo Garrig\u00f3s Ib\u00e1\u00f1ez, una selecci\u00f3n exquisita que captura la esencia de la tradici\u00f3n en cada bocado. Ideal para regalar o disfrutar.\",\"breadcrumb\":{\"@id\":\"https:\/\/pablogarrigos.com\/turrones\/delicatessen\/estuche-10-porciones-variadas-delicatessen-170-g\/#breadcrumb\"},\"inLanguage\":\"fr-FR\",\"potentialAction\":[{\"@type\":\"ReadAction\",\"target\":[\"https:\/\/pablogarrigos.com\/turrones\/delicatessen\/estuche-10-porciones-variadas-delicatessen-170-g\/\"]}]},{\"@type\":\"ImageObject\",\"inLanguage\":\"fr-FR\",\"@id\":\"https:\/\/pablogarrigos.com\/turrones\/delicatessen\/estuche-10-porciones-variadas-delicatessen-170-g\/#primaryimage\",\"url\":\"https:\/\/pablogarrigos.com\/wp-content\/uploads\/2024\/02\/turrones-porciones-individuales-delicatessen.jpg\",\"contentUrl\":\"https:\/\/pablogarrigos.com\/wp-content\/uploads\/2024\/02\/turrones-porciones-individuales-delicatessen.jpg\",\"width\":600,\"height\":600},{\"@type\":\"BreadcrumbList\",\"@id\":\"https:\/\/pablogarrigos.com\/turrones\/delicatessen\/estuche-10-porciones-variadas-delicatessen-170-g\/#breadcrumb\",\"itemListElement\":[{\"@type\":\"ListItem\",\"position\":1,\"name\":\"Home\",\"item\":\"https:\/\/pablogarrigos.com\/en\/\"},{\"@type\":\"ListItem\",\"position\":2,\"name\":\"Tienda\",\"item\":\"https:\/\/pablogarrigos.com\/en\/tienda\/\"},{\"@type\":\"ListItem\",\"position\":3,\"name\":\"Estuche 10 porciones variadas Delicatessen 170g\"}]},{\"@type\":\"WebSite\",\"@id\":\"https:\/\/pablogarrigos.com\/#website\",\"url\":\"https:\/\/pablogarrigos.com\/\",\"name\":\"Pablo Garrig\u00f3s Iba\u00f1ez\",\"description\":\"El Sentido del Gusto\",\"publisher\":{\"@id\":\"https:\/\/pablogarrigos.com\/#organization\"},\"potentialAction\":[{\"@type\":\"SearchAction\",\"target\":{\"@type\":\"EntryPoint\",\"urlTemplate\":\"https:\/\/pablogarrigos.com\/?s={search_term_string}\"},\"query-input\":{\"@type\":\"PropertyValueSpecification\",\"valueRequired\":true,\"valueName\":\"search_term_string\"}}],\"inLanguage\":\"fr-FR\"},{\"@type\":\"Organization\",\"@id\":\"https:\/\/pablogarrigos.com\/#organization\",\"name\":\"Pablo Garrig\u00f3s Iba\u00f1ez\",\"url\":\"https:\/\/pablogarrigos.com\/\",\"logo\":{\"@type\":\"ImageObject\",\"inLanguage\":\"fr-FR\",\"@id\":\"https:\/\/pablogarrigos.com\/#\/schema\/logo\/image\/\",\"url\":\"https:\/\/pablogarrigos.com\/wp-content\/uploads\/2024\/02\/logo-pablogarrigos.png\",\"contentUrl\":\"https:\/\/pablogarrigos.com\/wp-content\/uploads\/2024\/02\/logo-pablogarrigos.png\",\"width\":1247,\"height\":480,\"caption\":\"Pablo Garrig\u00f3s Iba\u00f1ez\"},\"image\":{\"@id\":\"https:\/\/pablogarrigos.com\/#\/schema\/logo\/image\/\"}}]}<\/script>\n<!-- \/ Yoast SEO plugin. -->","yoast_head_json":{"title":"Bo\u00eete de 10 portions d'\u00e9picerie fine assorties | Pablo Garrig\u00f3s Ib\u00e1\u00f1ez","description":"Bo\u00eete de 10 portions d'\u00e9picerie fine assorties de Pablo Garrig\u00f3s Ib\u00e1\u00f1ez, une s\u00e9lection exquise qui capture l'essence de la tradition dans chaque bouch\u00e9e. Id\u00e9al \u00e0 offrir ou \u00e0 d\u00e9guster.","robots":{"index":"index","follow":"follow","max-snippet":"max-snippet:-1","max-image-preview":"max-image-preview:large","max-video-preview":"max-video-preview:-1"},"canonical":"https:\/\/pablogarrigos.com\/fr\/turrones\/delicatessen\/estuche-10-porciones-variadas-delicatessen-170-g\/","og_locale":"fr_FR","og_type":"article","og_title":"Estuche 10 Porciones Variadas Delicatessen | Pablo Garrig\u00f3s Ib\u00e1\u00f1ez","og_description":"Estuche de 10 Porciones Variadas Delicatessen de Pablo Garrig\u00f3s Ib\u00e1\u00f1ez, una selecci\u00f3n exquisita que captura la esencia de la tradici\u00f3n en cada bocado. Ideal para regalar o disfrutar.","og_url":"https:\/\/pablogarrigos.com\/fr\/turrones\/delicatessen\/estuche-10-porciones-variadas-delicatessen-170-g\/","og_site_name":"Pablo Garrig\u00f3s Iba\u00f1ez","article_modified_time":"2025-11-13T11:01:28+00:00","og_image":[{"width":600,"height":600,"url":"https:\/\/pablogarrigos.com\/wp-content\/uploads\/2024\/02\/turrones-porciones-individuales-delicatessen.jpg","type":"image\/jpeg"}],"twitter_card":"summary_large_image","twitter_misc":{"Dur\u00e9e de lecture estim\u00e9e":"2 minutes"},"schema":{"@context":"https:\/\/schema.org","@graph":[{"@type":"WebPage","@id":"https:\/\/pablogarrigos.com\/turrones\/delicatessen\/estuche-10-porciones-variadas-delicatessen-170-g\/","url":"https:\/\/pablogarrigos.com\/turrones\/delicatessen\/estuche-10-porciones-variadas-delicatessen-170-g\/","name":"Bo\u00eete de 10 portions d'\u00e9picerie fine assorties | Pablo Garrig\u00f3s Ib\u00e1\u00f1ez","isPartOf":{"@id":"https:\/\/pablogarrigos.com\/#website"},"primaryImageOfPage":{"@id":"https:\/\/pablogarrigos.com\/turrones\/delicatessen\/estuche-10-porciones-variadas-delicatessen-170-g\/#primaryimage"},"image":{"@id":"https:\/\/pablogarrigos.com\/turrones\/delicatessen\/estuche-10-porciones-variadas-delicatessen-170-g\/#primaryimage"},"thumbnailUrl":"https:\/\/pablogarrigos.com\/wp-content\/uploads\/2024\/02\/turrones-porciones-individuales-delicatessen.jpg","datePublished":"2024-02-20T08:10:23+00:00","dateModified":"2025-11-13T11:01:28+00:00","description":"Bo\u00eete de 10 portions d'\u00e9picerie fine assorties de Pablo Garrig\u00f3s Ib\u00e1\u00f1ez, une s\u00e9lection exquise qui capture l'essence de la tradition dans chaque bouch\u00e9e. Id\u00e9al \u00e0 offrir ou \u00e0 d\u00e9guster.","breadcrumb":{"@id":"https:\/\/pablogarrigos.com\/turrones\/delicatessen\/estuche-10-porciones-variadas-delicatessen-170-g\/#breadcrumb"},"inLanguage":"fr-FR","potentialAction":[{"@type":"ReadAction","target":["https:\/\/pablogarrigos.com\/turrones\/delicatessen\/estuche-10-porciones-variadas-delicatessen-170-g\/"]}]},{"@type":"ImageObject","inLanguage":"fr-FR","@id":"https:\/\/pablogarrigos.com\/turrones\/delicatessen\/estuche-10-porciones-variadas-delicatessen-170-g\/#primaryimage","url":"https:\/\/pablogarrigos.com\/wp-content\/uploads\/2024\/02\/turrones-porciones-individuales-delicatessen.jpg","contentUrl":"https:\/\/pablogarrigos.com\/wp-content\/uploads\/2024\/02\/turrones-porciones-individuales-delicatessen.jpg","width":600,"height":600},{"@type":"BreadcrumbList","@id":"https:\/\/pablogarrigos.com\/turrones\/delicatessen\/estuche-10-porciones-variadas-delicatessen-170-g\/#breadcrumb","itemListElement":[{"@type":"ListItem","position":1,"name":"Home","item":"https:\/\/pablogarrigos.com\/en\/"},{"@type":"ListItem","position":2,"name":"Tienda","item":"https:\/\/pablogarrigos.com\/en\/tienda\/"},{"@type":"ListItem","position":3,"name":"Estuche 10 porciones variadas Delicatessen 170g"}]},{"@type":"WebSite","@id":"https:\/\/pablogarrigos.com\/#website","url":"https:\/\/pablogarrigos.com\/","name":"Pablo Garrig\u00f3s Iba\u00f1ez","description":"Le sens du go\u00fbt","publisher":{"@id":"https:\/\/pablogarrigos.com\/#organization"},"potentialAction":[{"@type":"SearchAction","target":{"@type":"EntryPoint","urlTemplate":"https:\/\/pablogarrigos.com\/?s={search_term_string}"},"query-input":{"@type":"PropertyValueSpecification","valueRequired":true,"valueName":"search_term_string"}}],"inLanguage":"fr-FR"},{"@type":"Organization","@id":"https:\/\/pablogarrigos.com\/#organization","name":"Pablo Garrig\u00f3s Iba\u00f1ez","url":"https:\/\/pablogarrigos.com\/","logo":{"@type":"ImageObject","inLanguage":"fr-FR","@id":"https:\/\/pablogarrigos.com\/#\/schema\/logo\/image\/","url":"https:\/\/pablogarrigos.com\/wp-content\/uploads\/2024\/02\/logo-pablogarrigos.png","contentUrl":"https:\/\/pablogarrigos.com\/wp-content\/uploads\/2024\/02\/logo-pablogarrigos.png","width":1247,"height":480,"caption":"Pablo Garrig\u00f3s Iba\u00f1ez"},"image":{"@id":"https:\/\/pablogarrigos.com\/#\/schema\/logo\/image\/"}}]}},"_links":{"self":[{"href":"https:\/\/pablogarrigos.com\/fr\/wp-json\/wp\/v2\/product\/359","targetHints":{"allow":["GET"]}}],"collection":[{"href":"https:\/\/pablogarrigos.com\/fr\/wp-json\/wp\/v2\/product"}],"about":[{"href":"https:\/\/pablogarrigos.com\/fr\/wp-json\/wp\/v2\/types\/product"}],"wp:featuredmedia":[{"embeddable":true,"href":"https:\/\/pablogarrigos.com\/fr\/wp-json\/wp\/v2\/media\/360"}],"wp:attachment":[{"href":"https:\/\/pablogarrigos.com\/fr\/wp-json\/wp\/v2\/media?parent=359"}],"wp:term":[{"taxonomy":"product_brand","embeddable":true,"href":"https:\/\/pablogarrigos.com\/fr\/wp-json\/wp\/v2\/product_brand?post=359"},{"taxonomy":"product_cat","embeddable":true,"href":"https:\/\/pablogarrigos.com\/fr\/wp-json\/wp\/v2\/product_cat?post=359"},{"taxonomy":"product_tag","embeddable":true,"href":"https:\/\/pablogarrigos.com\/fr\/wp-json\/wp\/v2\/product_tag?post=359"}],"curies":[{"name":"wp","href":"https:\/\/api.w.org\/{rel}","templated":true}]}}