{"id":332,"date":"2024-02-20T18:06:23","date_gmt":"2024-02-20T17:06:23","guid":{"rendered":"https:\/\/pablogarrigos.com\/index.php\/product\/mazapanes-con-chocolate-premium-200-g\/"},"modified":"2025-11-13T11:32:54","modified_gmt":"2025-11-13T10:32:54","slug":"mazapanes-con-chocolate-premium-200-g","status":"publish","type":"product","link":"https:\/\/pablogarrigos.com\/fr\/chocolates-y-fruites\/mazapanes-con-chocolate-premium-200-g\/","title":{"rendered":"P\u00e2te d'amande au chocolat de qualit\u00e9 sup\u00e9rieure 200g"},"content":{"rendered":"<p>MASSEPAIN 60% : <strong>Amande<\/strong>Sucre, eau, stabilisant (sorbitol), conservateur (acide sorbique), CR\u00c8ME DE COCOA 40% : sucre, cacao d\u00e9graiss\u00e9 20%, huiles et graisses v\u00e9g\u00e9tales (tournesol, palme et palmiste), p\u00e2te de cacao, beurre de cacao, beurre de cacao, beurre de cacao, beurre de cacao, beurre de cacao, beurre de cacao, beurre de cacao, beurre de cacao, beurre de cacao, beurre de cacao, beurre de cacao, beurre de cacao, beurre de cacao, beurre de cacao, beurre de cacao, beurre de cacao. <strong>noisette<\/strong>, <strong>lait<\/strong> lait \u00e9cr\u00e9m\u00e9 en poudre, \u00e9mulsifiant (l\u00e9cithine d'huile v\u00e9g\u00e9tale), \u00e9mulsifiant (l\u00e9cithine d'huile v\u00e9g\u00e9tale), et <strong>soja<\/strong>). <strong>Peut contenir des traces de c\u00e9r\u00e9ales contenant du gluten et d'\u0153uf.<\/strong><\/p>\n<p><strong>Conservar en un lugar fresco y seco. 18\u00ba-22\u00baC.<\/strong><\/p>","protected":false},"excerpt":{"rendered":"<p>Confiserie artisanale classique \u00e0 base de sucre et d'amandes Marcona du bassin m\u00e9diterran\u00e9en, fourr\u00e9e d'une cr\u00e8me au chocolat.<\/p>","protected":false},"featured_media":333,"template":"","meta":{"_acf_changed":false,"inline_featured_image":false},"product_brand":[],"product_cat":[20,16,17],"product_tag":[],"class_list":{"0":"post-332","1":"product","2":"type-product","3":"status-publish","4":"has-post-thumbnail","6":"product_cat-chocolates-y-fruites","7":"product_cat-pasteleria","8":"product_cat-pasteleria-premium","10":"first","11":"instock","12":"taxable","13":"shipping-taxable","14":"purchasable","15":"product-type-simple"},"acf":[],"yoast_head":"<!-- This site is optimized with the Yoast SEO plugin v26.5 - https:\/\/yoast.com\/wordpress\/plugins\/seo\/ -->\n<title>Mazapanes con Chocolate Premium | Pablo Garrig\u00f3s Ib\u00e1\u00f1ez<\/title>\n<meta name=\"description\" content=\"Descubre los Mazapanes con Chocolate Premium de Pablo Garrig\u00f3s Ib\u00e1\u00f1ez, un dulce artesanal que combina la almendra Marcona mediterr\u00e1nea y una deliciosa crema de chocolate.\" \/>\n<meta name=\"robots\" content=\"index, follow, max-snippet:-1, max-image-preview:large, max-video-preview:-1\" \/>\n<link rel=\"canonical\" href=\"https:\/\/pablogarrigos.com\/fr\/chocolates-y-fruites\/mazapanes-con-chocolate-premium-200-g\/\" \/>\n<meta property=\"og:locale\" content=\"fr_FR\" \/>\n<meta property=\"og:type\" content=\"article\" \/>\n<meta property=\"og:title\" content=\"Mazapanes con Chocolate Premium | Pablo Garrig\u00f3s Ib\u00e1\u00f1ez\" \/>\n<meta property=\"og:description\" content=\"Descubre los Mazapanes con Chocolate Premium de Pablo Garrig\u00f3s Ib\u00e1\u00f1ez, un dulce artesanal que combina la almendra Marcona mediterr\u00e1nea y una deliciosa crema de chocolate.\" \/>\n<meta property=\"og:url\" content=\"https:\/\/pablogarrigos.com\/fr\/chocolates-y-fruites\/mazapanes-con-chocolate-premium-200-g\/\" \/>\n<meta property=\"og:site_name\" content=\"Pablo Garrig\u00f3s Iba\u00f1ez\" \/>\n<meta property=\"article:modified_time\" content=\"2025-11-13T10:32:54+00:00\" \/>\n<meta property=\"og:image\" content=\"https:\/\/pablogarrigos.com\/wp-content\/uploads\/2024\/02\/figuritas-de-mazapan-con-chocolate-premium-200g.jpg\" \/>\n\t<meta property=\"og:image:width\" content=\"600\" \/>\n\t<meta property=\"og:image:height\" content=\"600\" \/>\n\t<meta property=\"og:image:type\" content=\"image\/jpeg\" \/>\n<meta name=\"twitter:card\" content=\"summary_large_image\" \/>\n<meta name=\"twitter:label1\" content=\"Dur\u00e9e de lecture estim\u00e9e\" \/>\n\t<meta name=\"twitter:data1\" content=\"1 minute\" \/>\n<script type=\"application\/ld+json\" class=\"yoast-schema-graph\">{\"@context\":\"https:\/\/schema.org\",\"@graph\":[{\"@type\":\"WebPage\",\"@id\":\"https:\/\/pablogarrigos.com\/chocolates-y-fruites\/mazapanes-con-chocolate-premium-200-g\/\",\"url\":\"https:\/\/pablogarrigos.com\/chocolates-y-fruites\/mazapanes-con-chocolate-premium-200-g\/\",\"name\":\"Mazapanes con Chocolate Premium | Pablo Garrig\u00f3s Ib\u00e1\u00f1ez\",\"isPartOf\":{\"@id\":\"https:\/\/pablogarrigos.com\/#website\"},\"primaryImageOfPage\":{\"@id\":\"https:\/\/pablogarrigos.com\/chocolates-y-fruites\/mazapanes-con-chocolate-premium-200-g\/#primaryimage\"},\"image\":{\"@id\":\"https:\/\/pablogarrigos.com\/chocolates-y-fruites\/mazapanes-con-chocolate-premium-200-g\/#primaryimage\"},\"thumbnailUrl\":\"https:\/\/pablogarrigos.com\/wp-content\/uploads\/2024\/02\/figuritas-de-mazapan-con-chocolate-premium-200g.jpg\",\"datePublished\":\"2024-02-20T17:06:23+00:00\",\"dateModified\":\"2025-11-13T10:32:54+00:00\",\"description\":\"Descubre los Mazapanes con Chocolate Premium de Pablo Garrig\u00f3s Ib\u00e1\u00f1ez, un dulce artesanal que combina la almendra Marcona mediterr\u00e1nea y una deliciosa crema de chocolate.\",\"breadcrumb\":{\"@id\":\"https:\/\/pablogarrigos.com\/chocolates-y-fruites\/mazapanes-con-chocolate-premium-200-g\/#breadcrumb\"},\"inLanguage\":\"fr-FR\",\"potentialAction\":[{\"@type\":\"ReadAction\",\"target\":[\"https:\/\/pablogarrigos.com\/chocolates-y-fruites\/mazapanes-con-chocolate-premium-200-g\/\"]}]},{\"@type\":\"ImageObject\",\"inLanguage\":\"fr-FR\",\"@id\":\"https:\/\/pablogarrigos.com\/chocolates-y-fruites\/mazapanes-con-chocolate-premium-200-g\/#primaryimage\",\"url\":\"https:\/\/pablogarrigos.com\/wp-content\/uploads\/2024\/02\/figuritas-de-mazapan-con-chocolate-premium-200g.jpg\",\"contentUrl\":\"https:\/\/pablogarrigos.com\/wp-content\/uploads\/2024\/02\/figuritas-de-mazapan-con-chocolate-premium-200g.jpg\",\"width\":600,\"height\":600},{\"@type\":\"BreadcrumbList\",\"@id\":\"https:\/\/pablogarrigos.com\/chocolates-y-fruites\/mazapanes-con-chocolate-premium-200-g\/#breadcrumb\",\"itemListElement\":[{\"@type\":\"ListItem\",\"position\":1,\"name\":\"Home\",\"item\":\"https:\/\/pablogarrigos.com\/en\/\"},{\"@type\":\"ListItem\",\"position\":2,\"name\":\"Tienda\",\"item\":\"https:\/\/pablogarrigos.com\/en\/tienda\/\"},{\"@type\":\"ListItem\",\"position\":3,\"name\":\"Mazapanes con Chocolate Premium 200g\"}]},{\"@type\":\"WebSite\",\"@id\":\"https:\/\/pablogarrigos.com\/#website\",\"url\":\"https:\/\/pablogarrigos.com\/\",\"name\":\"Pablo Garrig\u00f3s Iba\u00f1ez\",\"description\":\"El Sentido del Gusto\",\"publisher\":{\"@id\":\"https:\/\/pablogarrigos.com\/#organization\"},\"potentialAction\":[{\"@type\":\"SearchAction\",\"target\":{\"@type\":\"EntryPoint\",\"urlTemplate\":\"https:\/\/pablogarrigos.com\/?s={search_term_string}\"},\"query-input\":{\"@type\":\"PropertyValueSpecification\",\"valueRequired\":true,\"valueName\":\"search_term_string\"}}],\"inLanguage\":\"fr-FR\"},{\"@type\":\"Organization\",\"@id\":\"https:\/\/pablogarrigos.com\/#organization\",\"name\":\"Pablo Garrig\u00f3s Iba\u00f1ez\",\"url\":\"https:\/\/pablogarrigos.com\/\",\"logo\":{\"@type\":\"ImageObject\",\"inLanguage\":\"fr-FR\",\"@id\":\"https:\/\/pablogarrigos.com\/#\/schema\/logo\/image\/\",\"url\":\"https:\/\/pablogarrigos.com\/wp-content\/uploads\/2024\/02\/logo-pablogarrigos.png\",\"contentUrl\":\"https:\/\/pablogarrigos.com\/wp-content\/uploads\/2024\/02\/logo-pablogarrigos.png\",\"width\":1247,\"height\":480,\"caption\":\"Pablo Garrig\u00f3s Iba\u00f1ez\"},\"image\":{\"@id\":\"https:\/\/pablogarrigos.com\/#\/schema\/logo\/image\/\"}}]}<\/script>\n<!-- \/ Yoast SEO plugin. -->","yoast_head_json":{"title":"Massepain au chocolat de qualit\u00e9 sup\u00e9rieure | Pablo Garrig\u00f3s Ib\u00e1\u00f1ez","description":"D\u00e9couvrez le massepain au chocolat Premium de Pablo Garrig\u00f3s Ib\u00e1\u00f1ez, une friandise artisanale qui associe des amandes Marcona m\u00e9diterran\u00e9ennes \u00e0 une d\u00e9licieuse cr\u00e8me au chocolat.","robots":{"index":"index","follow":"follow","max-snippet":"max-snippet:-1","max-image-preview":"max-image-preview:large","max-video-preview":"max-video-preview:-1"},"canonical":"https:\/\/pablogarrigos.com\/fr\/chocolates-y-fruites\/mazapanes-con-chocolate-premium-200-g\/","og_locale":"fr_FR","og_type":"article","og_title":"Mazapanes con Chocolate Premium | Pablo Garrig\u00f3s Ib\u00e1\u00f1ez","og_description":"Descubre los Mazapanes con Chocolate Premium de Pablo Garrig\u00f3s Ib\u00e1\u00f1ez, un dulce artesanal que combina la almendra Marcona mediterr\u00e1nea y una deliciosa crema de chocolate.","og_url":"https:\/\/pablogarrigos.com\/fr\/chocolates-y-fruites\/mazapanes-con-chocolate-premium-200-g\/","og_site_name":"Pablo Garrig\u00f3s Iba\u00f1ez","article_modified_time":"2025-11-13T10:32:54+00:00","og_image":[{"width":600,"height":600,"url":"https:\/\/pablogarrigos.com\/wp-content\/uploads\/2024\/02\/figuritas-de-mazapan-con-chocolate-premium-200g.jpg","type":"image\/jpeg"}],"twitter_card":"summary_large_image","twitter_misc":{"Dur\u00e9e de lecture estim\u00e9e":"1 minute"},"schema":{"@context":"https:\/\/schema.org","@graph":[{"@type":"WebPage","@id":"https:\/\/pablogarrigos.com\/chocolates-y-fruites\/mazapanes-con-chocolate-premium-200-g\/","url":"https:\/\/pablogarrigos.com\/chocolates-y-fruites\/mazapanes-con-chocolate-premium-200-g\/","name":"Massepain au chocolat de qualit\u00e9 sup\u00e9rieure | Pablo Garrig\u00f3s Ib\u00e1\u00f1ez","isPartOf":{"@id":"https:\/\/pablogarrigos.com\/#website"},"primaryImageOfPage":{"@id":"https:\/\/pablogarrigos.com\/chocolates-y-fruites\/mazapanes-con-chocolate-premium-200-g\/#primaryimage"},"image":{"@id":"https:\/\/pablogarrigos.com\/chocolates-y-fruites\/mazapanes-con-chocolate-premium-200-g\/#primaryimage"},"thumbnailUrl":"https:\/\/pablogarrigos.com\/wp-content\/uploads\/2024\/02\/figuritas-de-mazapan-con-chocolate-premium-200g.jpg","datePublished":"2024-02-20T17:06:23+00:00","dateModified":"2025-11-13T10:32:54+00:00","description":"D\u00e9couvrez le massepain au chocolat Premium de Pablo Garrig\u00f3s Ib\u00e1\u00f1ez, une friandise artisanale qui associe des amandes Marcona m\u00e9diterran\u00e9ennes \u00e0 une d\u00e9licieuse cr\u00e8me au chocolat.","breadcrumb":{"@id":"https:\/\/pablogarrigos.com\/chocolates-y-fruites\/mazapanes-con-chocolate-premium-200-g\/#breadcrumb"},"inLanguage":"fr-FR","potentialAction":[{"@type":"ReadAction","target":["https:\/\/pablogarrigos.com\/chocolates-y-fruites\/mazapanes-con-chocolate-premium-200-g\/"]}]},{"@type":"ImageObject","inLanguage":"fr-FR","@id":"https:\/\/pablogarrigos.com\/chocolates-y-fruites\/mazapanes-con-chocolate-premium-200-g\/#primaryimage","url":"https:\/\/pablogarrigos.com\/wp-content\/uploads\/2024\/02\/figuritas-de-mazapan-con-chocolate-premium-200g.jpg","contentUrl":"https:\/\/pablogarrigos.com\/wp-content\/uploads\/2024\/02\/figuritas-de-mazapan-con-chocolate-premium-200g.jpg","width":600,"height":600},{"@type":"BreadcrumbList","@id":"https:\/\/pablogarrigos.com\/chocolates-y-fruites\/mazapanes-con-chocolate-premium-200-g\/#breadcrumb","itemListElement":[{"@type":"ListItem","position":1,"name":"Home","item":"https:\/\/pablogarrigos.com\/en\/"},{"@type":"ListItem","position":2,"name":"Tienda","item":"https:\/\/pablogarrigos.com\/en\/tienda\/"},{"@type":"ListItem","position":3,"name":"Mazapanes con Chocolate Premium 200g"}]},{"@type":"WebSite","@id":"https:\/\/pablogarrigos.com\/#website","url":"https:\/\/pablogarrigos.com\/","name":"Pablo Garrig\u00f3s Iba\u00f1ez","description":"Le sens du go\u00fbt","publisher":{"@id":"https:\/\/pablogarrigos.com\/#organization"},"potentialAction":[{"@type":"SearchAction","target":{"@type":"EntryPoint","urlTemplate":"https:\/\/pablogarrigos.com\/?s={search_term_string}"},"query-input":{"@type":"PropertyValueSpecification","valueRequired":true,"valueName":"search_term_string"}}],"inLanguage":"fr-FR"},{"@type":"Organization","@id":"https:\/\/pablogarrigos.com\/#organization","name":"Pablo Garrig\u00f3s Iba\u00f1ez","url":"https:\/\/pablogarrigos.com\/","logo":{"@type":"ImageObject","inLanguage":"fr-FR","@id":"https:\/\/pablogarrigos.com\/#\/schema\/logo\/image\/","url":"https:\/\/pablogarrigos.com\/wp-content\/uploads\/2024\/02\/logo-pablogarrigos.png","contentUrl":"https:\/\/pablogarrigos.com\/wp-content\/uploads\/2024\/02\/logo-pablogarrigos.png","width":1247,"height":480,"caption":"Pablo Garrig\u00f3s Iba\u00f1ez"},"image":{"@id":"https:\/\/pablogarrigos.com\/#\/schema\/logo\/image\/"}}]}},"_links":{"self":[{"href":"https:\/\/pablogarrigos.com\/fr\/wp-json\/wp\/v2\/product\/332","targetHints":{"allow":["GET"]}}],"collection":[{"href":"https:\/\/pablogarrigos.com\/fr\/wp-json\/wp\/v2\/product"}],"about":[{"href":"https:\/\/pablogarrigos.com\/fr\/wp-json\/wp\/v2\/types\/product"}],"wp:featuredmedia":[{"embeddable":true,"href":"https:\/\/pablogarrigos.com\/fr\/wp-json\/wp\/v2\/media\/333"}],"wp:attachment":[{"href":"https:\/\/pablogarrigos.com\/fr\/wp-json\/wp\/v2\/media?parent=332"}],"wp:term":[{"taxonomy":"product_brand","embeddable":true,"href":"https:\/\/pablogarrigos.com\/fr\/wp-json\/wp\/v2\/product_brand?post=332"},{"taxonomy":"product_cat","embeddable":true,"href":"https:\/\/pablogarrigos.com\/fr\/wp-json\/wp\/v2\/product_cat?post=332"},{"taxonomy":"product_tag","embeddable":true,"href":"https:\/\/pablogarrigos.com\/fr\/wp-json\/wp\/v2\/product_tag?post=332"}],"curies":[{"name":"wp","href":"https:\/\/api.w.org\/{rel}","templated":true}]}}