{"id":329,"date":"2024-02-20T14:03:23","date_gmt":"2024-02-20T13:03:23","guid":{"rendered":"https:\/\/pablogarrigos.com\/index.php\/product\/torta-de-chocolate-fondant-con-almendras-premium-200-g\/"},"modified":"2025-11-13T11:39:59","modified_gmt":"2025-11-13T10:39:59","slug":"torta-de-chocolate-fondant-con-almendras-premium-200-g","status":"publish","type":"product","link":"https:\/\/pablogarrigos.com\/fr\/chocolates-y-fruites\/torta-de-chocolate-fondant-con-almendras-premium-200-g\/","title":{"rendered":"G\u00e2teau fondant au chocolat avec amandes Premium 200g"},"content":{"rendered":"<p>P\u00e2te de cacao, <strong>Amandes<\/strong> Marcona torr\u00e9fi\u00e9 s\u00e9lectionn\u00e9 (Origine : Espagne) 30 %, Sucre, Beurre de cacao, \u00c9mulsifiant (l\u00e9cithine de cacao, beurre de cacao), Beurre de cacao, \u00c9mulsifiant (beurre de cacao) <strong>soja<\/strong>), Ar\u00f4me naturel de vanille Cacao Min. 52 %. <strong>Peut contenir des traces de lait et d'autres fruits \u00e0 coque.<\/p>\n<p>Conservar en un lugar fresco y seco. 18\u00ba-22\u00baC.<br \/>\n<\/strong><\/p>","protected":false},"excerpt":{"rendered":"<p>G\u00e2teau fondant au chocolat avec amandes Premium 200 g.<\/p>","protected":false},"featured_media":330,"template":"","meta":{"_acf_changed":false,"inline_featured_image":false},"product_brand":[],"product_cat":[20,19,18],"product_tag":[],"class_list":{"0":"post-329","1":"product","2":"type-product","3":"status-publish","4":"has-post-thumbnail","6":"product_cat-chocolates-y-fruites","7":"product_cat-premium","8":"product_cat-turrones","10":"first","11":"instock","12":"taxable","13":"shipping-taxable","14":"purchasable","15":"product-type-simple"},"acf":[],"yoast_head":"<!-- This site is optimized with the Yoast SEO plugin v26.5 - https:\/\/yoast.com\/wordpress\/plugins\/seo\/ -->\n<title>Torta de Chocolate Fondant con Almendras Premium | Pablo Garrig\u00f3s Ib\u00e1\u00f1ez<\/title>\n<meta name=\"description\" content=\"Descubre la Torta de Chocolate Fondant con Almendras Premium de Pablo Garrig\u00f3s Ib\u00e1\u00f1ez, elaborada con almendras Marcona de Espa\u00f1a y un m\u00ednimo de 52% de cacao para una experiencia verdaderamente lujosa.\" \/>\n<meta name=\"robots\" content=\"index, follow, max-snippet:-1, max-image-preview:large, max-video-preview:-1\" \/>\n<link rel=\"canonical\" href=\"https:\/\/pablogarrigos.com\/fr\/chocolates-y-fruites\/torta-de-chocolate-fondant-con-almendras-premium-200-g\/\" \/>\n<meta property=\"og:locale\" content=\"fr_FR\" \/>\n<meta property=\"og:type\" content=\"article\" \/>\n<meta property=\"og:title\" content=\"Torta de Chocolate Fondant con Almendras Premium | Pablo Garrig\u00f3s Ib\u00e1\u00f1ez\" \/>\n<meta property=\"og:description\" content=\"Descubre la Torta de Chocolate Fondant con Almendras Premium de Pablo Garrig\u00f3s Ib\u00e1\u00f1ez, elaborada con almendras Marcona de Espa\u00f1a y un m\u00ednimo de 52% de cacao para una experiencia verdaderamente lujosa.\" \/>\n<meta property=\"og:url\" content=\"https:\/\/pablogarrigos.com\/fr\/chocolates-y-fruites\/torta-de-chocolate-fondant-con-almendras-premium-200-g\/\" \/>\n<meta property=\"og:site_name\" content=\"Pablo Garrig\u00f3s Iba\u00f1ez\" \/>\n<meta property=\"article:modified_time\" content=\"2025-11-13T10:39:59+00:00\" \/>\n<meta property=\"og:image\" content=\"https:\/\/pablogarrigos.com\/wp-content\/uploads\/2024\/02\/torta-turron-de-chocolate-premium-200g.jpg\" \/>\n\t<meta property=\"og:image:width\" content=\"600\" \/>\n\t<meta property=\"og:image:height\" content=\"600\" \/>\n\t<meta property=\"og:image:type\" content=\"image\/jpeg\" \/>\n<meta name=\"twitter:card\" content=\"summary_large_image\" \/>\n<meta name=\"twitter:label1\" content=\"Dur\u00e9e de lecture estim\u00e9e\" \/>\n\t<meta name=\"twitter:data1\" content=\"1 minute\" \/>\n<script type=\"application\/ld+json\" class=\"yoast-schema-graph\">{\"@context\":\"https:\/\/schema.org\",\"@graph\":[{\"@type\":\"WebPage\",\"@id\":\"https:\/\/pablogarrigos.com\/chocolates-y-fruites\/torta-de-chocolate-fondant-con-almendras-premium-200-g\/\",\"url\":\"https:\/\/pablogarrigos.com\/chocolates-y-fruites\/torta-de-chocolate-fondant-con-almendras-premium-200-g\/\",\"name\":\"Torta de Chocolate Fondant con Almendras Premium | Pablo Garrig\u00f3s Ib\u00e1\u00f1ez\",\"isPartOf\":{\"@id\":\"https:\/\/pablogarrigos.com\/#website\"},\"primaryImageOfPage\":{\"@id\":\"https:\/\/pablogarrigos.com\/chocolates-y-fruites\/torta-de-chocolate-fondant-con-almendras-premium-200-g\/#primaryimage\"},\"image\":{\"@id\":\"https:\/\/pablogarrigos.com\/chocolates-y-fruites\/torta-de-chocolate-fondant-con-almendras-premium-200-g\/#primaryimage\"},\"thumbnailUrl\":\"https:\/\/pablogarrigos.com\/wp-content\/uploads\/2024\/02\/torta-turron-de-chocolate-premium-200g.jpg\",\"datePublished\":\"2024-02-20T13:03:23+00:00\",\"dateModified\":\"2025-11-13T10:39:59+00:00\",\"description\":\"Descubre la Torta de Chocolate Fondant con Almendras Premium de Pablo Garrig\u00f3s Ib\u00e1\u00f1ez, elaborada con almendras Marcona de Espa\u00f1a y un m\u00ednimo de 52% de cacao para una experiencia verdaderamente lujosa.\",\"breadcrumb\":{\"@id\":\"https:\/\/pablogarrigos.com\/chocolates-y-fruites\/torta-de-chocolate-fondant-con-almendras-premium-200-g\/#breadcrumb\"},\"inLanguage\":\"fr-FR\",\"potentialAction\":[{\"@type\":\"ReadAction\",\"target\":[\"https:\/\/pablogarrigos.com\/chocolates-y-fruites\/torta-de-chocolate-fondant-con-almendras-premium-200-g\/\"]}]},{\"@type\":\"ImageObject\",\"inLanguage\":\"fr-FR\",\"@id\":\"https:\/\/pablogarrigos.com\/chocolates-y-fruites\/torta-de-chocolate-fondant-con-almendras-premium-200-g\/#primaryimage\",\"url\":\"https:\/\/pablogarrigos.com\/wp-content\/uploads\/2024\/02\/torta-turron-de-chocolate-premium-200g.jpg\",\"contentUrl\":\"https:\/\/pablogarrigos.com\/wp-content\/uploads\/2024\/02\/torta-turron-de-chocolate-premium-200g.jpg\",\"width\":600,\"height\":600},{\"@type\":\"BreadcrumbList\",\"@id\":\"https:\/\/pablogarrigos.com\/chocolates-y-fruites\/torta-de-chocolate-fondant-con-almendras-premium-200-g\/#breadcrumb\",\"itemListElement\":[{\"@type\":\"ListItem\",\"position\":1,\"name\":\"Home\",\"item\":\"https:\/\/pablogarrigos.com\/en\/\"},{\"@type\":\"ListItem\",\"position\":2,\"name\":\"Tienda\",\"item\":\"https:\/\/pablogarrigos.com\/en\/tienda\/\"},{\"@type\":\"ListItem\",\"position\":3,\"name\":\"Torta de Chocolate Fondant con Almendras Premium 200g\"}]},{\"@type\":\"WebSite\",\"@id\":\"https:\/\/pablogarrigos.com\/#website\",\"url\":\"https:\/\/pablogarrigos.com\/\",\"name\":\"Pablo Garrig\u00f3s Iba\u00f1ez\",\"description\":\"El Sentido del Gusto\",\"publisher\":{\"@id\":\"https:\/\/pablogarrigos.com\/#organization\"},\"potentialAction\":[{\"@type\":\"SearchAction\",\"target\":{\"@type\":\"EntryPoint\",\"urlTemplate\":\"https:\/\/pablogarrigos.com\/?s={search_term_string}\"},\"query-input\":{\"@type\":\"PropertyValueSpecification\",\"valueRequired\":true,\"valueName\":\"search_term_string\"}}],\"inLanguage\":\"fr-FR\"},{\"@type\":\"Organization\",\"@id\":\"https:\/\/pablogarrigos.com\/#organization\",\"name\":\"Pablo Garrig\u00f3s Iba\u00f1ez\",\"url\":\"https:\/\/pablogarrigos.com\/\",\"logo\":{\"@type\":\"ImageObject\",\"inLanguage\":\"fr-FR\",\"@id\":\"https:\/\/pablogarrigos.com\/#\/schema\/logo\/image\/\",\"url\":\"https:\/\/pablogarrigos.com\/wp-content\/uploads\/2024\/02\/logo-pablogarrigos.png\",\"contentUrl\":\"https:\/\/pablogarrigos.com\/wp-content\/uploads\/2024\/02\/logo-pablogarrigos.png\",\"width\":1247,\"height\":480,\"caption\":\"Pablo Garrig\u00f3s Iba\u00f1ez\"},\"image\":{\"@id\":\"https:\/\/pablogarrigos.com\/#\/schema\/logo\/image\/\"}}]}<\/script>\n<!-- \/ Yoast SEO plugin. -->","yoast_head_json":{"title":"G\u00e2teau fondant au chocolat avec des amandes de premi\u00e8re qualit\u00e9 | Pablo Garrig\u00f3s Ib\u00e1\u00f1ez","description":"D\u00e9couvrez le g\u00e2teau fondant au chocolat haut de gamme aux amandes de Pablo Garrig\u00f3s Ib\u00e1\u00f1ez, compos\u00e9 d'amandes Marcona d'Espagne et d'un minimum de 52% de cacao pour une exp\u00e9rience vraiment luxueuse.","robots":{"index":"index","follow":"follow","max-snippet":"max-snippet:-1","max-image-preview":"max-image-preview:large","max-video-preview":"max-video-preview:-1"},"canonical":"https:\/\/pablogarrigos.com\/fr\/chocolates-y-fruites\/torta-de-chocolate-fondant-con-almendras-premium-200-g\/","og_locale":"fr_FR","og_type":"article","og_title":"Torta de Chocolate Fondant con Almendras Premium | Pablo Garrig\u00f3s Ib\u00e1\u00f1ez","og_description":"Descubre la Torta de Chocolate Fondant con Almendras Premium de Pablo Garrig\u00f3s Ib\u00e1\u00f1ez, elaborada con almendras Marcona de Espa\u00f1a y un m\u00ednimo de 52% de cacao para una experiencia verdaderamente lujosa.","og_url":"https:\/\/pablogarrigos.com\/fr\/chocolates-y-fruites\/torta-de-chocolate-fondant-con-almendras-premium-200-g\/","og_site_name":"Pablo Garrig\u00f3s Iba\u00f1ez","article_modified_time":"2025-11-13T10:39:59+00:00","og_image":[{"width":600,"height":600,"url":"https:\/\/pablogarrigos.com\/wp-content\/uploads\/2024\/02\/torta-turron-de-chocolate-premium-200g.jpg","type":"image\/jpeg"}],"twitter_card":"summary_large_image","twitter_misc":{"Dur\u00e9e de lecture estim\u00e9e":"1 minute"},"schema":{"@context":"https:\/\/schema.org","@graph":[{"@type":"WebPage","@id":"https:\/\/pablogarrigos.com\/chocolates-y-fruites\/torta-de-chocolate-fondant-con-almendras-premium-200-g\/","url":"https:\/\/pablogarrigos.com\/chocolates-y-fruites\/torta-de-chocolate-fondant-con-almendras-premium-200-g\/","name":"G\u00e2teau fondant au chocolat avec des amandes de premi\u00e8re qualit\u00e9 | Pablo Garrig\u00f3s Ib\u00e1\u00f1ez","isPartOf":{"@id":"https:\/\/pablogarrigos.com\/#website"},"primaryImageOfPage":{"@id":"https:\/\/pablogarrigos.com\/chocolates-y-fruites\/torta-de-chocolate-fondant-con-almendras-premium-200-g\/#primaryimage"},"image":{"@id":"https:\/\/pablogarrigos.com\/chocolates-y-fruites\/torta-de-chocolate-fondant-con-almendras-premium-200-g\/#primaryimage"},"thumbnailUrl":"https:\/\/pablogarrigos.com\/wp-content\/uploads\/2024\/02\/torta-turron-de-chocolate-premium-200g.jpg","datePublished":"2024-02-20T13:03:23+00:00","dateModified":"2025-11-13T10:39:59+00:00","description":"D\u00e9couvrez le g\u00e2teau fondant au chocolat haut de gamme aux amandes de Pablo Garrig\u00f3s Ib\u00e1\u00f1ez, compos\u00e9 d'amandes Marcona d'Espagne et d'un minimum de 52% de cacao pour une exp\u00e9rience vraiment luxueuse.","breadcrumb":{"@id":"https:\/\/pablogarrigos.com\/chocolates-y-fruites\/torta-de-chocolate-fondant-con-almendras-premium-200-g\/#breadcrumb"},"inLanguage":"fr-FR","potentialAction":[{"@type":"ReadAction","target":["https:\/\/pablogarrigos.com\/chocolates-y-fruites\/torta-de-chocolate-fondant-con-almendras-premium-200-g\/"]}]},{"@type":"ImageObject","inLanguage":"fr-FR","@id":"https:\/\/pablogarrigos.com\/chocolates-y-fruites\/torta-de-chocolate-fondant-con-almendras-premium-200-g\/#primaryimage","url":"https:\/\/pablogarrigos.com\/wp-content\/uploads\/2024\/02\/torta-turron-de-chocolate-premium-200g.jpg","contentUrl":"https:\/\/pablogarrigos.com\/wp-content\/uploads\/2024\/02\/torta-turron-de-chocolate-premium-200g.jpg","width":600,"height":600},{"@type":"BreadcrumbList","@id":"https:\/\/pablogarrigos.com\/chocolates-y-fruites\/torta-de-chocolate-fondant-con-almendras-premium-200-g\/#breadcrumb","itemListElement":[{"@type":"ListItem","position":1,"name":"Home","item":"https:\/\/pablogarrigos.com\/en\/"},{"@type":"ListItem","position":2,"name":"Tienda","item":"https:\/\/pablogarrigos.com\/en\/tienda\/"},{"@type":"ListItem","position":3,"name":"Torta de Chocolate Fondant con Almendras Premium 200g"}]},{"@type":"WebSite","@id":"https:\/\/pablogarrigos.com\/#website","url":"https:\/\/pablogarrigos.com\/","name":"Pablo Garrig\u00f3s Iba\u00f1ez","description":"Le sens du go\u00fbt","publisher":{"@id":"https:\/\/pablogarrigos.com\/#organization"},"potentialAction":[{"@type":"SearchAction","target":{"@type":"EntryPoint","urlTemplate":"https:\/\/pablogarrigos.com\/?s={search_term_string}"},"query-input":{"@type":"PropertyValueSpecification","valueRequired":true,"valueName":"search_term_string"}}],"inLanguage":"fr-FR"},{"@type":"Organization","@id":"https:\/\/pablogarrigos.com\/#organization","name":"Pablo Garrig\u00f3s Iba\u00f1ez","url":"https:\/\/pablogarrigos.com\/","logo":{"@type":"ImageObject","inLanguage":"fr-FR","@id":"https:\/\/pablogarrigos.com\/#\/schema\/logo\/image\/","url":"https:\/\/pablogarrigos.com\/wp-content\/uploads\/2024\/02\/logo-pablogarrigos.png","contentUrl":"https:\/\/pablogarrigos.com\/wp-content\/uploads\/2024\/02\/logo-pablogarrigos.png","width":1247,"height":480,"caption":"Pablo Garrig\u00f3s Iba\u00f1ez"},"image":{"@id":"https:\/\/pablogarrigos.com\/#\/schema\/logo\/image\/"}}]}},"_links":{"self":[{"href":"https:\/\/pablogarrigos.com\/fr\/wp-json\/wp\/v2\/product\/329","targetHints":{"allow":["GET"]}}],"collection":[{"href":"https:\/\/pablogarrigos.com\/fr\/wp-json\/wp\/v2\/product"}],"about":[{"href":"https:\/\/pablogarrigos.com\/fr\/wp-json\/wp\/v2\/types\/product"}],"wp:featuredmedia":[{"embeddable":true,"href":"https:\/\/pablogarrigos.com\/fr\/wp-json\/wp\/v2\/media\/330"}],"wp:attachment":[{"href":"https:\/\/pablogarrigos.com\/fr\/wp-json\/wp\/v2\/media?parent=329"}],"wp:term":[{"taxonomy":"product_brand","embeddable":true,"href":"https:\/\/pablogarrigos.com\/fr\/wp-json\/wp\/v2\/product_brand?post=329"},{"taxonomy":"product_cat","embeddable":true,"href":"https:\/\/pablogarrigos.com\/fr\/wp-json\/wp\/v2\/product_cat?post=329"},{"taxonomy":"product_tag","embeddable":true,"href":"https:\/\/pablogarrigos.com\/fr\/wp-json\/wp\/v2\/product_tag?post=329"}],"curies":[{"name":"wp","href":"https:\/\/api.w.org\/{rel}","templated":true}]}}