{"id":327,"date":"2024-02-20T14:04:23","date_gmt":"2024-02-20T13:04:23","guid":{"rendered":"https:\/\/pablogarrigos.com\/index.php\/product\/tortas-de-turron-3-variedades-premium-3x200-g\/"},"modified":"2025-11-13T11:39:29","modified_gmt":"2025-11-13T10:39:29","slug":"tortas-de-turron-3-variedades-premium-3x200-g","status":"publish","type":"product","link":"https:\/\/pablogarrigos.com\/fr\/chocolates-y-fruites\/tortas-de-turron-3-variedades-premium-3x200-g\/","title":{"rendered":"G\u00e2teaux de nougat 3 vari\u00e9t\u00e9s Premium 3x200g"},"content":{"rendered":"<p>G\u00e2teau au nougat d'Alicante : <strong>Amande<\/strong> 68%, miel de romarin 16%, sucre, sirop de glucose, surface de gaufre (amidon de pomme de terre et huile de tournesol) et blanc d'\u0153uf. <strong>\u0153uf<\/strong>. <strong>Peut contenir des traces de s\u00e9same et de noisette.<\/strong><\/p>\n<p>G\u00e2teau nougat fondant au chocolat avec amandes : p\u00e2te de cacao, <strong>amande<\/strong> 30%, sucre, beurre de cacao, \u00e9mulsifiant (l\u00e9cithine de cacao, beurre de cacao, beurre de cacao, beurre de cacao), sucre, beurre de cacao, beurre de cacao, beurre de cacao, beurre de cacao, beurre de cacao. <strong>soja<\/strong>) et ar\u00f4me naturel de vanille. Cacao min 37%. <strong>Peut contenir des traces de lait et d'autres fruits \u00e0 coque.<\/strong><\/p>\n<p>G\u00e2teau de nougat aux graines de s\u00e9same : <strong>Amande<\/strong> Marcona avec peau grill\u00e9e s\u00e9lectionn\u00e9e 64%, miel de romarin 15%, sucre, sirop de glucose, <strong>s\u00e9same<\/strong> et la gaufre de surface (amidon de pomme de terre et huile de tournesol). <strong>Peut contenir des traces de blanc d'\u0153uf et de noisette.<\/p>\n<p>Conservar en un lugar fresco y seco. 18\u00ba-22\u00baC.<br \/>\n<\/strong><\/p>","protected":false},"excerpt":{"rendered":"<p>G\u00e2teaux de nougat 3 vari\u00e9t\u00e9s Premium 3\u00d7200 g.<\/p>","protected":false},"featured_media":328,"template":"","meta":{"_acf_changed":false,"inline_featured_image":false},"product_brand":[],"product_cat":[20,19,18],"product_tag":[],"class_list":{"0":"post-327","1":"product","2":"type-product","3":"status-publish","4":"has-post-thumbnail","6":"product_cat-chocolates-y-fruites","7":"product_cat-premium","8":"product_cat-turrones","10":"first","11":"instock","12":"taxable","13":"shipping-taxable","14":"purchasable","15":"product-type-simple"},"acf":[],"yoast_head":"<!-- This site is optimized with the Yoast SEO plugin v26.5 - https:\/\/yoast.com\/wordpress\/plugins\/seo\/ -->\n<title>Tortas de Turr\u00f3n 3 Variedades Premium | Pablo Garrig\u00f3s Ib\u00e1\u00f1ez<\/title>\n<meta name=\"description\" content=\"Explora el estuche de Tortas de Turr\u00f3n 3 Variedades Premium de Pablo Garrig\u00f3s Ib\u00e1\u00f1ez: Alicante, Chocolate Fondant y Guirlache con Ajonjol\u00ed. Una selecci\u00f3n exquisita para degustar la aut\u00e9ntica tradici\u00f3n.\" \/>\n<meta name=\"robots\" content=\"index, follow, max-snippet:-1, max-image-preview:large, max-video-preview:-1\" \/>\n<link rel=\"canonical\" href=\"https:\/\/pablogarrigos.com\/fr\/chocolates-y-fruites\/tortas-de-turron-3-variedades-premium-3x200-g\/\" \/>\n<meta property=\"og:locale\" content=\"fr_FR\" \/>\n<meta property=\"og:type\" content=\"article\" \/>\n<meta property=\"og:title\" content=\"Tortas de Turr\u00f3n 3 Variedades Premium | Pablo Garrig\u00f3s Ib\u00e1\u00f1ez\" \/>\n<meta property=\"og:description\" content=\"Explora el estuche de Tortas de Turr\u00f3n 3 Variedades Premium de Pablo Garrig\u00f3s Ib\u00e1\u00f1ez: Alicante, Chocolate Fondant y Guirlache con Ajonjol\u00ed. Una selecci\u00f3n exquisita para degustar la aut\u00e9ntica tradici\u00f3n.\" \/>\n<meta property=\"og:url\" content=\"https:\/\/pablogarrigos.com\/fr\/chocolates-y-fruites\/tortas-de-turron-3-variedades-premium-3x200-g\/\" \/>\n<meta property=\"og:site_name\" content=\"Pablo Garrig\u00f3s Iba\u00f1ez\" \/>\n<meta property=\"article:modified_time\" content=\"2025-11-13T10:39:29+00:00\" \/>\n<meta property=\"og:image\" content=\"https:\/\/pablogarrigos.com\/wp-content\/uploads\/2024\/02\/torta-turron-3-variedades-premium-3x200g.jpg\" \/>\n\t<meta property=\"og:image:width\" content=\"600\" \/>\n\t<meta property=\"og:image:height\" content=\"600\" \/>\n\t<meta property=\"og:image:type\" content=\"image\/jpeg\" \/>\n<meta name=\"twitter:card\" content=\"summary_large_image\" \/>\n<meta name=\"twitter:label1\" content=\"Dur\u00e9e de lecture estim\u00e9e\" \/>\n\t<meta name=\"twitter:data1\" content=\"1 minute\" \/>\n<script type=\"application\/ld+json\" class=\"yoast-schema-graph\">{\"@context\":\"https:\/\/schema.org\",\"@graph\":[{\"@type\":\"WebPage\",\"@id\":\"https:\/\/pablogarrigos.com\/chocolates-y-fruites\/tortas-de-turron-3-variedades-premium-3x200-g\/\",\"url\":\"https:\/\/pablogarrigos.com\/chocolates-y-fruites\/tortas-de-turron-3-variedades-premium-3x200-g\/\",\"name\":\"Tortas de Turr\u00f3n 3 Variedades Premium | Pablo Garrig\u00f3s Ib\u00e1\u00f1ez\",\"isPartOf\":{\"@id\":\"https:\/\/pablogarrigos.com\/#website\"},\"primaryImageOfPage\":{\"@id\":\"https:\/\/pablogarrigos.com\/chocolates-y-fruites\/tortas-de-turron-3-variedades-premium-3x200-g\/#primaryimage\"},\"image\":{\"@id\":\"https:\/\/pablogarrigos.com\/chocolates-y-fruites\/tortas-de-turron-3-variedades-premium-3x200-g\/#primaryimage\"},\"thumbnailUrl\":\"https:\/\/pablogarrigos.com\/wp-content\/uploads\/2024\/02\/torta-turron-3-variedades-premium-3x200g.jpg\",\"datePublished\":\"2024-02-20T13:04:23+00:00\",\"dateModified\":\"2025-11-13T10:39:29+00:00\",\"description\":\"Explora el estuche de Tortas de Turr\u00f3n 3 Variedades Premium de Pablo Garrig\u00f3s Ib\u00e1\u00f1ez: Alicante, Chocolate Fondant y Guirlache con Ajonjol\u00ed. Una selecci\u00f3n exquisita para degustar la aut\u00e9ntica tradici\u00f3n.\",\"breadcrumb\":{\"@id\":\"https:\/\/pablogarrigos.com\/chocolates-y-fruites\/tortas-de-turron-3-variedades-premium-3x200-g\/#breadcrumb\"},\"inLanguage\":\"fr-FR\",\"potentialAction\":[{\"@type\":\"ReadAction\",\"target\":[\"https:\/\/pablogarrigos.com\/chocolates-y-fruites\/tortas-de-turron-3-variedades-premium-3x200-g\/\"]}]},{\"@type\":\"ImageObject\",\"inLanguage\":\"fr-FR\",\"@id\":\"https:\/\/pablogarrigos.com\/chocolates-y-fruites\/tortas-de-turron-3-variedades-premium-3x200-g\/#primaryimage\",\"url\":\"https:\/\/pablogarrigos.com\/wp-content\/uploads\/2024\/02\/torta-turron-3-variedades-premium-3x200g.jpg\",\"contentUrl\":\"https:\/\/pablogarrigos.com\/wp-content\/uploads\/2024\/02\/torta-turron-3-variedades-premium-3x200g.jpg\",\"width\":600,\"height\":600},{\"@type\":\"BreadcrumbList\",\"@id\":\"https:\/\/pablogarrigos.com\/chocolates-y-fruites\/tortas-de-turron-3-variedades-premium-3x200-g\/#breadcrumb\",\"itemListElement\":[{\"@type\":\"ListItem\",\"position\":1,\"name\":\"Home\",\"item\":\"https:\/\/pablogarrigos.com\/en\/\"},{\"@type\":\"ListItem\",\"position\":2,\"name\":\"Tienda\",\"item\":\"https:\/\/pablogarrigos.com\/en\/tienda\/\"},{\"@type\":\"ListItem\",\"position\":3,\"name\":\"Tortas de Turr\u00f3n 3 variedades Premium 3x200g\"}]},{\"@type\":\"WebSite\",\"@id\":\"https:\/\/pablogarrigos.com\/#website\",\"url\":\"https:\/\/pablogarrigos.com\/\",\"name\":\"Pablo Garrig\u00f3s Iba\u00f1ez\",\"description\":\"El Sentido del Gusto\",\"publisher\":{\"@id\":\"https:\/\/pablogarrigos.com\/#organization\"},\"potentialAction\":[{\"@type\":\"SearchAction\",\"target\":{\"@type\":\"EntryPoint\",\"urlTemplate\":\"https:\/\/pablogarrigos.com\/?s={search_term_string}\"},\"query-input\":{\"@type\":\"PropertyValueSpecification\",\"valueRequired\":true,\"valueName\":\"search_term_string\"}}],\"inLanguage\":\"fr-FR\"},{\"@type\":\"Organization\",\"@id\":\"https:\/\/pablogarrigos.com\/#organization\",\"name\":\"Pablo Garrig\u00f3s Iba\u00f1ez\",\"url\":\"https:\/\/pablogarrigos.com\/\",\"logo\":{\"@type\":\"ImageObject\",\"inLanguage\":\"fr-FR\",\"@id\":\"https:\/\/pablogarrigos.com\/#\/schema\/logo\/image\/\",\"url\":\"https:\/\/pablogarrigos.com\/wp-content\/uploads\/2024\/02\/logo-pablogarrigos.png\",\"contentUrl\":\"https:\/\/pablogarrigos.com\/wp-content\/uploads\/2024\/02\/logo-pablogarrigos.png\",\"width\":1247,\"height\":480,\"caption\":\"Pablo Garrig\u00f3s Iba\u00f1ez\"},\"image\":{\"@id\":\"https:\/\/pablogarrigos.com\/#\/schema\/logo\/image\/\"}}]}<\/script>\n<!-- \/ Yoast SEO plugin. -->","yoast_head_json":{"title":"Premium 3 Variety Nougat Cakes | Pablo Garrig\u00f3s Ib\u00e1\u00f1ez","description":"D\u00e9couvrez la bo\u00eete de nougat de qualit\u00e9 sup\u00e9rieure Pablo Garrig\u00f3s Ib\u00e1\u00f1ez en 3 vari\u00e9t\u00e9s : Alicante, Fondant au chocolat et Guirlache au s\u00e9same. Une s\u00e9lection exquise pour go\u00fbter \u00e0 la tradition authentique.","robots":{"index":"index","follow":"follow","max-snippet":"max-snippet:-1","max-image-preview":"max-image-preview:large","max-video-preview":"max-video-preview:-1"},"canonical":"https:\/\/pablogarrigos.com\/fr\/chocolates-y-fruites\/tortas-de-turron-3-variedades-premium-3x200-g\/","og_locale":"fr_FR","og_type":"article","og_title":"Tortas de Turr\u00f3n 3 Variedades Premium | Pablo Garrig\u00f3s Ib\u00e1\u00f1ez","og_description":"Explora el estuche de Tortas de Turr\u00f3n 3 Variedades Premium de Pablo Garrig\u00f3s Ib\u00e1\u00f1ez: Alicante, Chocolate Fondant y Guirlache con Ajonjol\u00ed. Una selecci\u00f3n exquisita para degustar la aut\u00e9ntica tradici\u00f3n.","og_url":"https:\/\/pablogarrigos.com\/fr\/chocolates-y-fruites\/tortas-de-turron-3-variedades-premium-3x200-g\/","og_site_name":"Pablo Garrig\u00f3s Iba\u00f1ez","article_modified_time":"2025-11-13T10:39:29+00:00","og_image":[{"width":600,"height":600,"url":"https:\/\/pablogarrigos.com\/wp-content\/uploads\/2024\/02\/torta-turron-3-variedades-premium-3x200g.jpg","type":"image\/jpeg"}],"twitter_card":"summary_large_image","twitter_misc":{"Dur\u00e9e de lecture estim\u00e9e":"1 minute"},"schema":{"@context":"https:\/\/schema.org","@graph":[{"@type":"WebPage","@id":"https:\/\/pablogarrigos.com\/chocolates-y-fruites\/tortas-de-turron-3-variedades-premium-3x200-g\/","url":"https:\/\/pablogarrigos.com\/chocolates-y-fruites\/tortas-de-turron-3-variedades-premium-3x200-g\/","name":"Premium 3 Variety Nougat Cakes | Pablo Garrig\u00f3s Ib\u00e1\u00f1ez","isPartOf":{"@id":"https:\/\/pablogarrigos.com\/#website"},"primaryImageOfPage":{"@id":"https:\/\/pablogarrigos.com\/chocolates-y-fruites\/tortas-de-turron-3-variedades-premium-3x200-g\/#primaryimage"},"image":{"@id":"https:\/\/pablogarrigos.com\/chocolates-y-fruites\/tortas-de-turron-3-variedades-premium-3x200-g\/#primaryimage"},"thumbnailUrl":"https:\/\/pablogarrigos.com\/wp-content\/uploads\/2024\/02\/torta-turron-3-variedades-premium-3x200g.jpg","datePublished":"2024-02-20T13:04:23+00:00","dateModified":"2025-11-13T10:39:29+00:00","description":"D\u00e9couvrez la bo\u00eete de nougat de qualit\u00e9 sup\u00e9rieure Pablo Garrig\u00f3s Ib\u00e1\u00f1ez en 3 vari\u00e9t\u00e9s : Alicante, Fondant au chocolat et Guirlache au s\u00e9same. Une s\u00e9lection exquise pour go\u00fbter \u00e0 la tradition authentique.","breadcrumb":{"@id":"https:\/\/pablogarrigos.com\/chocolates-y-fruites\/tortas-de-turron-3-variedades-premium-3x200-g\/#breadcrumb"},"inLanguage":"fr-FR","potentialAction":[{"@type":"ReadAction","target":["https:\/\/pablogarrigos.com\/chocolates-y-fruites\/tortas-de-turron-3-variedades-premium-3x200-g\/"]}]},{"@type":"ImageObject","inLanguage":"fr-FR","@id":"https:\/\/pablogarrigos.com\/chocolates-y-fruites\/tortas-de-turron-3-variedades-premium-3x200-g\/#primaryimage","url":"https:\/\/pablogarrigos.com\/wp-content\/uploads\/2024\/02\/torta-turron-3-variedades-premium-3x200g.jpg","contentUrl":"https:\/\/pablogarrigos.com\/wp-content\/uploads\/2024\/02\/torta-turron-3-variedades-premium-3x200g.jpg","width":600,"height":600},{"@type":"BreadcrumbList","@id":"https:\/\/pablogarrigos.com\/chocolates-y-fruites\/tortas-de-turron-3-variedades-premium-3x200-g\/#breadcrumb","itemListElement":[{"@type":"ListItem","position":1,"name":"Home","item":"https:\/\/pablogarrigos.com\/en\/"},{"@type":"ListItem","position":2,"name":"Tienda","item":"https:\/\/pablogarrigos.com\/en\/tienda\/"},{"@type":"ListItem","position":3,"name":"Tortas de Turr\u00f3n 3 variedades Premium 3x200g"}]},{"@type":"WebSite","@id":"https:\/\/pablogarrigos.com\/#website","url":"https:\/\/pablogarrigos.com\/","name":"Pablo Garrig\u00f3s Iba\u00f1ez","description":"Le sens du go\u00fbt","publisher":{"@id":"https:\/\/pablogarrigos.com\/#organization"},"potentialAction":[{"@type":"SearchAction","target":{"@type":"EntryPoint","urlTemplate":"https:\/\/pablogarrigos.com\/?s={search_term_string}"},"query-input":{"@type":"PropertyValueSpecification","valueRequired":true,"valueName":"search_term_string"}}],"inLanguage":"fr-FR"},{"@type":"Organization","@id":"https:\/\/pablogarrigos.com\/#organization","name":"Pablo Garrig\u00f3s Iba\u00f1ez","url":"https:\/\/pablogarrigos.com\/","logo":{"@type":"ImageObject","inLanguage":"fr-FR","@id":"https:\/\/pablogarrigos.com\/#\/schema\/logo\/image\/","url":"https:\/\/pablogarrigos.com\/wp-content\/uploads\/2024\/02\/logo-pablogarrigos.png","contentUrl":"https:\/\/pablogarrigos.com\/wp-content\/uploads\/2024\/02\/logo-pablogarrigos.png","width":1247,"height":480,"caption":"Pablo Garrig\u00f3s Iba\u00f1ez"},"image":{"@id":"https:\/\/pablogarrigos.com\/#\/schema\/logo\/image\/"}}]}},"_links":{"self":[{"href":"https:\/\/pablogarrigos.com\/fr\/wp-json\/wp\/v2\/product\/327","targetHints":{"allow":["GET"]}}],"collection":[{"href":"https:\/\/pablogarrigos.com\/fr\/wp-json\/wp\/v2\/product"}],"about":[{"href":"https:\/\/pablogarrigos.com\/fr\/wp-json\/wp\/v2\/types\/product"}],"wp:featuredmedia":[{"embeddable":true,"href":"https:\/\/pablogarrigos.com\/fr\/wp-json\/wp\/v2\/media\/328"}],"wp:attachment":[{"href":"https:\/\/pablogarrigos.com\/fr\/wp-json\/wp\/v2\/media?parent=327"}],"wp:term":[{"taxonomy":"product_brand","embeddable":true,"href":"https:\/\/pablogarrigos.com\/fr\/wp-json\/wp\/v2\/product_brand?post=327"},{"taxonomy":"product_cat","embeddable":true,"href":"https:\/\/pablogarrigos.com\/fr\/wp-json\/wp\/v2\/product_cat?post=327"},{"taxonomy":"product_tag","embeddable":true,"href":"https:\/\/pablogarrigos.com\/fr\/wp-json\/wp\/v2\/product_tag?post=327"}],"curies":[{"name":"wp","href":"https:\/\/api.w.org\/{rel}","templated":true}]}}