{"id":1974,"date":"2024-03-15T11:02:23","date_gmt":"2024-03-15T10:02:23","guid":{"rendered":"https:\/\/pablogarrigos.com\/?post_type=product&#038;p=1974"},"modified":"2025-12-05T14:30:04","modified_gmt":"2025-12-05T13:30:04","slug":"turron-de-chocolate-con-almendras-70-fondant-300g","status":"publish","type":"product","link":"https:\/\/pablogarrigos.com\/fr\/turrones\/turron-de-chocolate-con-almendras-70-fondant-300g\/","title":{"rendered":"Chocolat Nougat Fondant 70 % Cacao aux Amandes Delicatessen Rilsan 300g"},"content":{"rendered":"<p><strong>Amande<\/strong> Marcona 40% torr\u00e9fi\u00e9 s\u00e9lectionn\u00e9, p\u00e2te de cacao, sucre, beurre de cacao, \u00e9mulsifiant (l\u00e9cithine de cacao), p\u00e2te de cacao, beurre de cacao, p\u00e2te de cacao, beurre de cacao, \u00e9mulsifiant (l\u00e9cithine de cacao), beurre de cacao. <strong>soja<\/strong>) et ar\u00f4me naturel de vanille. Cacao min 52%.\u00a0<strong>Peut contenir des traces de lait et d'autres fruits \u00e0 coque.<\/strong><\/p>\n<p><strong>Conservar en un lugar fresco y seco. 18\u00ba-22\u00baC.<\/strong><\/p>","protected":false},"excerpt":{"rendered":"<p>D\u00e9licieuse barre de nougat au chocolat gourmet \u00e0 base de chocolat fondant 70% et d'amandes marcona.<\/p>","protected":false},"featured_media":4781,"template":"","meta":{"_acf_changed":false,"inline_featured_image":false},"product_brand":[],"product_cat":[21,18],"product_tag":[],"class_list":{"0":"post-1974","1":"product","2":"type-product","3":"status-publish","4":"has-post-thumbnail","6":"product_cat-delicatessen","7":"product_cat-turrones","9":"first","10":"outofstock","11":"taxable","12":"shipping-taxable","13":"purchasable","14":"product-type-simple"},"acf":[],"yoast_head":"<!-- This site is optimized with the Yoast SEO plugin v26.5 - https:\/\/yoast.com\/wordpress\/plugins\/seo\/ -->\n<title>Turr\u00f3n Chocolate Fondant 70% Almendras Delicatessen Rilsan | Pablo Garrig\u00f3s Ib\u00e1\u00f1ez<\/title>\n<meta name=\"description\" content=\"Saborea la intensidad del chocolate fondant 70% con crujientes almendras marconas en nuestro Turr\u00f3n Delicatessen Rilsan. Un placer para los paladares m\u00e1s exigentes.\" \/>\n<meta name=\"robots\" content=\"index, follow, max-snippet:-1, max-image-preview:large, max-video-preview:-1\" \/>\n<link rel=\"canonical\" href=\"https:\/\/pablogarrigos.com\/fr\/turrones\/turron-de-chocolate-con-almendras-70-fondant-300g\/\" \/>\n<meta property=\"og:locale\" content=\"fr_FR\" \/>\n<meta property=\"og:type\" content=\"article\" \/>\n<meta property=\"og:title\" content=\"Turr\u00f3n Chocolate Fondant 70% Almendras Delicatessen Rilsan | Pablo Garrig\u00f3s Ib\u00e1\u00f1ez\" \/>\n<meta property=\"og:description\" content=\"Saborea la intensidad del chocolate fondant 70% con crujientes almendras marconas en nuestro Turr\u00f3n Delicatessen Rilsan. Un placer para los paladares m\u00e1s exigentes.\" \/>\n<meta property=\"og:url\" content=\"https:\/\/pablogarrigos.com\/fr\/turrones\/turron-de-chocolate-con-almendras-70-fondant-300g\/\" \/>\n<meta property=\"og:site_name\" content=\"Pablo Garrig\u00f3s Iba\u00f1ez\" \/>\n<meta property=\"article:modified_time\" content=\"2025-12-05T13:30:04+00:00\" \/>\n<meta property=\"og:image\" content=\"https:\/\/pablogarrigos.com\/wp-content\/uploads\/2024\/03\/El-Abuelo-3.jpg\" \/>\n\t<meta property=\"og:image:width\" content=\"1080\" \/>\n\t<meta property=\"og:image:height\" content=\"1080\" \/>\n\t<meta property=\"og:image:type\" content=\"image\/jpeg\" \/>\n<meta name=\"twitter:card\" content=\"summary_large_image\" \/>\n<meta name=\"twitter:label1\" content=\"Dur\u00e9e de lecture estim\u00e9e\" \/>\n\t<meta name=\"twitter:data1\" content=\"1 minute\" \/>\n<script type=\"application\/ld+json\" class=\"yoast-schema-graph\">{\"@context\":\"https:\/\/schema.org\",\"@graph\":[{\"@type\":\"WebPage\",\"@id\":\"https:\/\/pablogarrigos.com\/turrones\/turron-de-chocolate-con-almendras-70-fondant-300g\/\",\"url\":\"https:\/\/pablogarrigos.com\/turrones\/turron-de-chocolate-con-almendras-70-fondant-300g\/\",\"name\":\"Turr\u00f3n Chocolate Fondant 70% Almendras Delicatessen Rilsan | Pablo Garrig\u00f3s Ib\u00e1\u00f1ez\",\"isPartOf\":{\"@id\":\"https:\/\/pablogarrigos.com\/#website\"},\"primaryImageOfPage\":{\"@id\":\"https:\/\/pablogarrigos.com\/turrones\/turron-de-chocolate-con-almendras-70-fondant-300g\/#primaryimage\"},\"image\":{\"@id\":\"https:\/\/pablogarrigos.com\/turrones\/turron-de-chocolate-con-almendras-70-fondant-300g\/#primaryimage\"},\"thumbnailUrl\":\"https:\/\/pablogarrigos.com\/wp-content\/uploads\/2024\/03\/El-Abuelo-3.jpg\",\"datePublished\":\"2024-03-15T10:02:23+00:00\",\"dateModified\":\"2025-12-05T13:30:04+00:00\",\"description\":\"Saborea la intensidad del chocolate fondant 70% con crujientes almendras marconas en nuestro Turr\u00f3n Delicatessen Rilsan. Un placer para los paladares m\u00e1s exigentes.\",\"breadcrumb\":{\"@id\":\"https:\/\/pablogarrigos.com\/turrones\/turron-de-chocolate-con-almendras-70-fondant-300g\/#breadcrumb\"},\"inLanguage\":\"fr-FR\",\"potentialAction\":[{\"@type\":\"ReadAction\",\"target\":[\"https:\/\/pablogarrigos.com\/turrones\/turron-de-chocolate-con-almendras-70-fondant-300g\/\"]}]},{\"@type\":\"ImageObject\",\"inLanguage\":\"fr-FR\",\"@id\":\"https:\/\/pablogarrigos.com\/turrones\/turron-de-chocolate-con-almendras-70-fondant-300g\/#primaryimage\",\"url\":\"https:\/\/pablogarrigos.com\/wp-content\/uploads\/2024\/03\/El-Abuelo-3.jpg\",\"contentUrl\":\"https:\/\/pablogarrigos.com\/wp-content\/uploads\/2024\/03\/El-Abuelo-3.jpg\",\"width\":1080,\"height\":1080},{\"@type\":\"BreadcrumbList\",\"@id\":\"https:\/\/pablogarrigos.com\/turrones\/turron-de-chocolate-con-almendras-70-fondant-300g\/#breadcrumb\",\"itemListElement\":[{\"@type\":\"ListItem\",\"position\":1,\"name\":\"Home\",\"item\":\"https:\/\/pablogarrigos.com\/en\/\"},{\"@type\":\"ListItem\",\"position\":2,\"name\":\"Tienda\",\"item\":\"https:\/\/pablogarrigos.com\/en\/tienda\/\"},{\"@type\":\"ListItem\",\"position\":3,\"name\":\"Turr\u00f3n de Chocolate Fondant 70 % cacao con Almendras Delicatessen Rilsan 300g\"}]},{\"@type\":\"WebSite\",\"@id\":\"https:\/\/pablogarrigos.com\/#website\",\"url\":\"https:\/\/pablogarrigos.com\/\",\"name\":\"Pablo Garrig\u00f3s Iba\u00f1ez\",\"description\":\"El Sentido del Gusto\",\"publisher\":{\"@id\":\"https:\/\/pablogarrigos.com\/#organization\"},\"potentialAction\":[{\"@type\":\"SearchAction\",\"target\":{\"@type\":\"EntryPoint\",\"urlTemplate\":\"https:\/\/pablogarrigos.com\/?s={search_term_string}\"},\"query-input\":{\"@type\":\"PropertyValueSpecification\",\"valueRequired\":true,\"valueName\":\"search_term_string\"}}],\"inLanguage\":\"fr-FR\"},{\"@type\":\"Organization\",\"@id\":\"https:\/\/pablogarrigos.com\/#organization\",\"name\":\"Pablo Garrig\u00f3s Iba\u00f1ez\",\"url\":\"https:\/\/pablogarrigos.com\/\",\"logo\":{\"@type\":\"ImageObject\",\"inLanguage\":\"fr-FR\",\"@id\":\"https:\/\/pablogarrigos.com\/#\/schema\/logo\/image\/\",\"url\":\"https:\/\/pablogarrigos.com\/wp-content\/uploads\/2024\/02\/logo-pablogarrigos.png\",\"contentUrl\":\"https:\/\/pablogarrigos.com\/wp-content\/uploads\/2024\/02\/logo-pablogarrigos.png\",\"width\":1247,\"height\":480,\"caption\":\"Pablo Garrig\u00f3s Iba\u00f1ez\"},\"image\":{\"@id\":\"https:\/\/pablogarrigos.com\/#\/schema\/logo\/image\/\"}}]}<\/script>\n<!-- \/ Yoast SEO plugin. -->","yoast_head_json":{"title":"Chocolat Fondant Nougat 70% Amandes Delicatessen Rilsan | Pablo Garrig\u00f3s Ib\u00e1\u00f1ez","description":"Go\u00fbtez l'intensit\u00e9 du chocolat fondant 70% avec des amandes marcona croquantes dans notre nougat Rilsan Delicatessen. Un plaisir pour les palais les plus exigeants.","robots":{"index":"index","follow":"follow","max-snippet":"max-snippet:-1","max-image-preview":"max-image-preview:large","max-video-preview":"max-video-preview:-1"},"canonical":"https:\/\/pablogarrigos.com\/fr\/turrones\/turron-de-chocolate-con-almendras-70-fondant-300g\/","og_locale":"fr_FR","og_type":"article","og_title":"Turr\u00f3n Chocolate Fondant 70% Almendras Delicatessen Rilsan | Pablo Garrig\u00f3s Ib\u00e1\u00f1ez","og_description":"Saborea la intensidad del chocolate fondant 70% con crujientes almendras marconas en nuestro Turr\u00f3n Delicatessen Rilsan. Un placer para los paladares m\u00e1s exigentes.","og_url":"https:\/\/pablogarrigos.com\/fr\/turrones\/turron-de-chocolate-con-almendras-70-fondant-300g\/","og_site_name":"Pablo Garrig\u00f3s Iba\u00f1ez","article_modified_time":"2025-12-05T13:30:04+00:00","og_image":[{"width":1080,"height":1080,"url":"https:\/\/pablogarrigos.com\/wp-content\/uploads\/2024\/03\/El-Abuelo-3.jpg","type":"image\/jpeg"}],"twitter_card":"summary_large_image","twitter_misc":{"Dur\u00e9e de lecture estim\u00e9e":"1 minute"},"schema":{"@context":"https:\/\/schema.org","@graph":[{"@type":"WebPage","@id":"https:\/\/pablogarrigos.com\/turrones\/turron-de-chocolate-con-almendras-70-fondant-300g\/","url":"https:\/\/pablogarrigos.com\/turrones\/turron-de-chocolate-con-almendras-70-fondant-300g\/","name":"Chocolat Fondant Nougat 70% Amandes Delicatessen Rilsan | Pablo Garrig\u00f3s Ib\u00e1\u00f1ez","isPartOf":{"@id":"https:\/\/pablogarrigos.com\/#website"},"primaryImageOfPage":{"@id":"https:\/\/pablogarrigos.com\/turrones\/turron-de-chocolate-con-almendras-70-fondant-300g\/#primaryimage"},"image":{"@id":"https:\/\/pablogarrigos.com\/turrones\/turron-de-chocolate-con-almendras-70-fondant-300g\/#primaryimage"},"thumbnailUrl":"https:\/\/pablogarrigos.com\/wp-content\/uploads\/2024\/03\/El-Abuelo-3.jpg","datePublished":"2024-03-15T10:02:23+00:00","dateModified":"2025-12-05T13:30:04+00:00","description":"Go\u00fbtez l'intensit\u00e9 du chocolat fondant 70% avec des amandes marcona croquantes dans notre nougat Rilsan Delicatessen. Un plaisir pour les palais les plus exigeants.","breadcrumb":{"@id":"https:\/\/pablogarrigos.com\/turrones\/turron-de-chocolate-con-almendras-70-fondant-300g\/#breadcrumb"},"inLanguage":"fr-FR","potentialAction":[{"@type":"ReadAction","target":["https:\/\/pablogarrigos.com\/turrones\/turron-de-chocolate-con-almendras-70-fondant-300g\/"]}]},{"@type":"ImageObject","inLanguage":"fr-FR","@id":"https:\/\/pablogarrigos.com\/turrones\/turron-de-chocolate-con-almendras-70-fondant-300g\/#primaryimage","url":"https:\/\/pablogarrigos.com\/wp-content\/uploads\/2024\/03\/El-Abuelo-3.jpg","contentUrl":"https:\/\/pablogarrigos.com\/wp-content\/uploads\/2024\/03\/El-Abuelo-3.jpg","width":1080,"height":1080},{"@type":"BreadcrumbList","@id":"https:\/\/pablogarrigos.com\/turrones\/turron-de-chocolate-con-almendras-70-fondant-300g\/#breadcrumb","itemListElement":[{"@type":"ListItem","position":1,"name":"Home","item":"https:\/\/pablogarrigos.com\/en\/"},{"@type":"ListItem","position":2,"name":"Tienda","item":"https:\/\/pablogarrigos.com\/en\/tienda\/"},{"@type":"ListItem","position":3,"name":"Turr\u00f3n de Chocolate Fondant 70 % cacao con Almendras Delicatessen Rilsan 300g"}]},{"@type":"WebSite","@id":"https:\/\/pablogarrigos.com\/#website","url":"https:\/\/pablogarrigos.com\/","name":"Pablo Garrig\u00f3s Iba\u00f1ez","description":"Le sens du go\u00fbt","publisher":{"@id":"https:\/\/pablogarrigos.com\/#organization"},"potentialAction":[{"@type":"SearchAction","target":{"@type":"EntryPoint","urlTemplate":"https:\/\/pablogarrigos.com\/?s={search_term_string}"},"query-input":{"@type":"PropertyValueSpecification","valueRequired":true,"valueName":"search_term_string"}}],"inLanguage":"fr-FR"},{"@type":"Organization","@id":"https:\/\/pablogarrigos.com\/#organization","name":"Pablo Garrig\u00f3s Iba\u00f1ez","url":"https:\/\/pablogarrigos.com\/","logo":{"@type":"ImageObject","inLanguage":"fr-FR","@id":"https:\/\/pablogarrigos.com\/#\/schema\/logo\/image\/","url":"https:\/\/pablogarrigos.com\/wp-content\/uploads\/2024\/02\/logo-pablogarrigos.png","contentUrl":"https:\/\/pablogarrigos.com\/wp-content\/uploads\/2024\/02\/logo-pablogarrigos.png","width":1247,"height":480,"caption":"Pablo Garrig\u00f3s Iba\u00f1ez"},"image":{"@id":"https:\/\/pablogarrigos.com\/#\/schema\/logo\/image\/"}}]}},"_links":{"self":[{"href":"https:\/\/pablogarrigos.com\/fr\/wp-json\/wp\/v2\/product\/1974","targetHints":{"allow":["GET"]}}],"collection":[{"href":"https:\/\/pablogarrigos.com\/fr\/wp-json\/wp\/v2\/product"}],"about":[{"href":"https:\/\/pablogarrigos.com\/fr\/wp-json\/wp\/v2\/types\/product"}],"wp:featuredmedia":[{"embeddable":true,"href":"https:\/\/pablogarrigos.com\/fr\/wp-json\/wp\/v2\/media\/4781"}],"wp:attachment":[{"href":"https:\/\/pablogarrigos.com\/fr\/wp-json\/wp\/v2\/media?parent=1974"}],"wp:term":[{"taxonomy":"product_brand","embeddable":true,"href":"https:\/\/pablogarrigos.com\/fr\/wp-json\/wp\/v2\/product_brand?post=1974"},{"taxonomy":"product_cat","embeddable":true,"href":"https:\/\/pablogarrigos.com\/fr\/wp-json\/wp\/v2\/product_cat?post=1974"},{"taxonomy":"product_tag","embeddable":true,"href":"https:\/\/pablogarrigos.com\/fr\/wp-json\/wp\/v2\/product_tag?post=1974"}],"curies":[{"name":"wp","href":"https:\/\/api.w.org\/{rel}","templated":true}]}}